{"id":814,"date":"2018-09-20T17:56:44","date_gmt":"2018-09-20T15:56:44","guid":{"rendered":"https:\/\/www.veltec.eu\/?page_id=814"},"modified":"2025-07-17T14:29:46","modified_gmt":"2025-07-17T12:29:46","slug":"kirby-service","status":"publish","type":"page","link":"https:\/\/www.veltec.eu\/nl\/kirby-service\/","title":{"rendered":"Kirby Service"},"content":{"rendered":"\n<style type=\"text\/css\" data-created_by=\"avia_inline_auto\" id=\"style-css-av-12pdi-5c4e1b6ab989746ad6feacd9ef0a045f\">\n.flex_column.av-12pdi-5c4e1b6ab989746ad6feacd9ef0a045f{\nborder-radius:0px 0px 0px 0px;\npadding:0px 0px 0px 0px;\n}\n<\/style>\n<div  class='flex_column av-12pdi-5c4e1b6ab989746ad6feacd9ef0a045f av_one_full  avia-builder-el-0  el_before_av_four_fifth  avia-builder-el-first  first flex_column_div av-zero-column-padding  '     ><section  class='av_textblock_section av-jmasav0f-159ac2c092e752f4b4764442b54796be '   itemscope=\"itemscope\" itemtype=\"https:\/\/schema.org\/CreativeWork\" ><div class='avia_textblock'  itemprop=\"text\" ><h1>Kirby Service aan huis<\/h1>\n<\/div><\/section><\/div><div  class='flex_column av-6tqb2-26bc1371b17d9346ace329bce151858a av_four_fifth  avia-builder-el-2  el_after_av_one_full  el_before_av_one_fifth  first flex_column_div  column-top-margin'     ><section  class='av_textblock_section av-jmaqn51r-b4cfcbc8818bf38f6408438476eb08e1 '   itemscope=\"itemscope\" itemtype=\"https:\/\/schema.org\/CreativeWork\" ><div class='avia_textblock'  itemprop=\"text\" ><h3>Het service team van veltec<\/h3>\n<p>Ons Kirby gespecialiseerd serviceteam bestaat uit jonge, gemotiveerde vakspecialisten met een hoog kennisniveau en jaren ervaring. Door ons enthousiasme en vakkundigheid zijn wij gegroeid tot de grootste Kirby service aanbieder van Nederland en Belgi\u00eb. Daarom is Veltec de partij die u zoekt wanneer het aankomt op o.a. preventief onderhoud en het reinigen van Kirby stofzuigers. Onze filosofie luidt dan ook: een langdurige relatie met de opdrachtgever op basis van wederzijds vertrouwen.<\/p>\n<h3>Algemene informatie<\/h3>\n<p>Een Kirby stofzuiger heeft net zoals andere apparaten onderhoud en service nodig. Onderhoud en service zijn essentieel voor de veiligheid, het goed functioneren en het verlengen van de levensduur. Daarnaast heeft een slecht of niet onderhouden Kirby stofzuiger de kans om kapot te gaan.<\/p>\n<h3>Onderhoud advies<\/h3>\n<p>Wij adviseren om uw Kirby stofzuiger bij normaal huishoudelijk gebruik eens in de twee \u00e0 drie jaar een onderhoudsbeurt te geven. Bij een bedrijfsmatig gebruik adviseren wij om dit \u00e9\u00e9n keer per jaar te doen. Echter bij beide gevallen is het afhankelijk van de intensiteit van het gebruik.<\/p>\n<h3>Periodieke onderhoudsbeurt<\/h3>\n<p>Wij verzorgen reparaties en periodieke onderhoudsbeurten aan Kirby stofzuigers. Een onderhoudsbeurt kost \u20ac 75,-, dit is inclusief btw, voorrijkosten, arbeidsloon en klein materiaal. Reparaties en onderhoudsbeurten worden op afspraak bij u thuis gerealiseerd. Bovendien hebben de monteurs een mobiel pinautomaat bij zich dus u hoeft geen contant geld in huis te hebben. Bij reparaties en onderhoudsbeurten gebruiken wij uitsluitend originele Kirby producten. Daarnaast worden de reparaties uitgevoerd door professionele Kirby servicemonteurs. Voor het maken van een afspraak kunt u contact opnemen door het Kirby service aanvraagformulier in te vullen of direct telefonisch een afspraak te maken. Tel. +31 (0)36- 5402040<\/p>\n<p><!-- TrustBox widget - Mini --><\/p>\n<p><!-- End TrustBox widget --><\/p>\n<\/div><\/section><\/div><\/p>\n<div  class='flex_column av-1o2ny-ccc40f961f92222ba8e9095411616907 av_one_fifth  avia-builder-el-4  el_after_av_four_fifth  el_before_av_one_half  flex_column_div  column-top-margin'     ><p>\n<style type=\"text\/css\" data-created_by=\"avia_inline_auto\" id=\"style-css-av-lycppqin-b998b37502ae6d49bcdc63950af1a6cd\">\n#top .hr.hr-invisible.av-lycppqin-b998b37502ae6d49bcdc63950af1a6cd{\nheight:35px;\n}\n<\/style>\n<div  class='hr av-lycppqin-b998b37502ae6d49bcdc63950af1a6cd hr-invisible  avia-builder-el-5  el_before_av_textblock  avia-builder-el-first '><span class='hr-inner '><span class=\"hr-inner-style\"><\/span><\/span><\/div><br \/>\n<section  class='av_textblock_section av-lycpew9o-d0e804521c8d7df106628d7b7a94c2f5 '   itemscope=\"itemscope\" itemtype=\"https:\/\/schema.org\/CreativeWork\" ><div class='avia_textblock'  itemprop=\"text\" ><div data-src=\"https:\/\/cdn.trustindex.io\/loader.js?efe9f7332120015553764d17de8\"><\/div>\n<\/div><\/section><br \/>\n\n<style type=\"text\/css\" data-created_by=\"avia_inline_auto\" id=\"style-css-av-lycpoqmv-93e829f49dce9ec028284240945f0630\">\n#top .hr.hr-invisible.av-lycpoqmv-93e829f49dce9ec028284240945f0630{\nheight:30px;\n}\n<\/style>\n<div  class='hr av-lycpoqmv-93e829f49dce9ec028284240945f0630 hr-invisible  avia-builder-el-7  el_after_av_textblock  el_before_av_textblock '><span class='hr-inner '><span class=\"hr-inner-style\"><\/span><\/span><\/div><br \/>\n<section  class='av_textblock_section av-kks6g4rd-a294c588d5c9a062c7b7d94672dba45b '   itemscope=\"itemscope\" itemtype=\"https:\/\/schema.org\/CreativeWork\" ><div class='avia_textblock'  itemprop=\"text\" ><div data-src=\"https:\/\/cdn.trustindex.io\/loader.js?53dd1be316f047447c06044c738\"><\/div>\n<\/div><\/section><\/p><\/div>\n\n<style type=\"text\/css\" data-created_by=\"avia_inline_auto\" id=\"style-css-av-aqwva-213a6a14be0e89003470b6d486fa7bfc\">\n.flex_column.av-aqwva-213a6a14be0e89003470b6d486fa7bfc{\nborder-radius:0px 0px 0px 0px;\npadding:0px 0px 0px 0px;\n}\n<\/style>\n<div  class='flex_column av-aqwva-213a6a14be0e89003470b6d486fa7bfc av_one_half  avia-builder-el-9  el_after_av_one_fifth  el_before_av_one_half  first flex_column_div av-zero-column-padding  column-top-margin'     ><style type=\"text\/css\" data-created_by=\"avia_inline_auto\" id=\"style-css-av-jmerq8vk-da18d5d92952fd1b9c1a0606a85ddf20\">\n.avia-image-container.av-jmerq8vk-da18d5d92952fd1b9c1a0606a85ddf20 img.avia_image{\nbox-shadow:none;\n}\n.avia-image-container.av-jmerq8vk-da18d5d92952fd1b9c1a0606a85ddf20 .av-image-caption-overlay-center{\ncolor:#ffffff;\n}\n<\/style>\n<div  class='avia-image-container av-jmerq8vk-da18d5d92952fd1b9c1a0606a85ddf20 av-styling- avia-align-left  avia-builder-el-10  avia-builder-el-no-sibling '   itemprop=\"image\" itemscope=\"itemscope\" itemtype=\"https:\/\/schema.org\/ImageObject\" ><div class=\"avia-image-container-inner\"><div class=\"avia-image-overlay-wrap\"><img decoding=\"async\" fetchpriority=\"high\" class='wp-image-77466 avia-img-lazy-loading-not-77466 avia_image ' src=\"https:\/\/www.veltec.eu\/wp-content\/uploads\/2025\/03\/Veltec-kirby-monteur-1.1.jpg\" alt='' title='Veltec-kirby-monteur-1.1'  height=\"700\" width=\"481\"  itemprop=\"thumbnailUrl\" srcset=\"https:\/\/www.veltec.eu\/wp-content\/uploads\/2025\/03\/Veltec-kirby-monteur-1.1.jpg 481w, https:\/\/www.veltec.eu\/wp-content\/uploads\/2025\/03\/Veltec-kirby-monteur-1.1-206x300.jpg 206w, https:\/\/www.veltec.eu\/wp-content\/uploads\/2025\/03\/Veltec-kirby-monteur-1.1-450x655.jpg 450w, https:\/\/www.veltec.eu\/wp-content\/uploads\/2025\/03\/Veltec-kirby-monteur-1.1-41x60.jpg 41w, https:\/\/www.veltec.eu\/wp-content\/uploads\/2025\/03\/Veltec-kirby-monteur-1.1-62x90.jpg 62w\" sizes=\"(max-width: 481px) 100vw, 481px\" \/><\/div><\/div><\/div><\/div>\n\n<style type=\"text\/css\" data-created_by=\"avia_inline_auto\" id=\"style-css-av-19k0r2-3e2230011a2e6e878a452eebd01f0cb9\">\n.flex_column.av-19k0r2-3e2230011a2e6e878a452eebd01f0cb9{\nborder-radius:0px 0px 0px 0px;\npadding:20px 20px 5px 20px;\n}\n<\/style>\n<div  class='flex_column av-19k0r2-3e2230011a2e6e878a452eebd01f0cb9 av_one_half  avia-builder-el-11  el_after_av_one_half  el_before_av_one_full  flex_column_div  column-top-margin'     ><form action=\"https:\/\/www.veltec.eu\/nl\/kirby-service\/\" method=\"post\" data-fields-with-error=\"Fouten gevonden in de volgende velden:\" class=\"avia_ajax_form av-form-labels-visible   avia-builder-el-12  avia-builder-el-no-sibling   \" data-avia-form-id=\"1\" data-avia-redirect='https:\/\/www.veltec.eu\/nl\/afrekenen\/' ><h3 class=''>Ik wil graag een monteur aan huis<\/h3><fieldset><p class='  first_form  form_element form_fullwidth' id='element_avia_1_1'><label for=\"avia_1_1\">Naam <abbr class=\"required\" title=\"vereist\">*<\/abbr><\/label> <input name=\"avia_1_1\" class=\"text_input is_empty\" type=\"text\" id=\"avia_1_1\" value=\"\" \/><\/p><p class='  first_form  form_element form_element_half' id='element_avia_2_1'><label for=\"avia_2_1\">Telefoonnumer <abbr class=\"required\" title=\"vereist\">*<\/abbr><\/label> <input name=\"avia_2_1\" class=\"text_input is_empty\" type=\"text\" id=\"avia_2_1\" value=\"\" \/><\/p><p class='  form_element form_element_half' id='element_avia_3_1'><label for=\"avia_3_1\">E-Mail <abbr class=\"required\" title=\"vereist\">*<\/abbr><\/label> <input name=\"avia_3_1\" class=\"text_input is_email\" type=\"text\" id=\"avia_3_1\" value=\"\" \/><\/p><p class='  first_form  form_element form_element_half' id='element_avia_4_1'><label for=\"avia_4_1\">Straat en huisnummer <abbr class=\"required\" title=\"vereist\">*<\/abbr><\/label> <input name=\"avia_4_1\" class=\"text_input is_empty\" type=\"text\" id=\"avia_4_1\" value=\"\" \/><\/p><p class='  form_element form_element_half' id='element_avia_5_1'><label for=\"avia_5_1\">Woonplaats <abbr class=\"required\" title=\"vereist\">*<\/abbr><\/label> <input name=\"avia_5_1\" class=\"text_input is_empty\" type=\"text\" id=\"avia_5_1\" value=\"\" \/><\/p><p class='  first_form  form_element form_element_half' id='element_avia_6_1'><label for=\"avia_6_1\">Kirby Type<\/label><select  name=\"avia_6_1\" class=\"select \" id=\"avia_6_1\"><option   value='Kirby G3'>Kirby G3<\/option><option   value='Kirby G4'>Kirby G4<\/option><option   value='Kirby G5'>Kirby G5<\/option><option   value='Kirby G6'>Kirby G6<\/option><option   value='Kirby Ultimate'>Kirby Ultimate<\/option><option   value='Kirby Ultimate Diamond'>Kirby Ultimate Diamond<\/option><option   value='Kirby Sentria I'>Kirby Sentria I<\/option><option   value='Kirby Sentria II'>Kirby Sentria II<\/option><option   value='Kirby Avalir I'>Kirby Avalir I<\/option><option   value='Kirby Avalir II'>Kirby Avalir II<\/option><\/select><\/p><p class='  form_element form_element_half' id='element_avia_7_1'><label for=\"avia_7_1\">Land<\/label><select  name=\"avia_7_1\" class=\"select \" id=\"avia_7_1\"><option   value='Nederland'>Nederland<\/option><option   value='Belgi\u00eb'>Belgi\u00eb<\/option><\/select><\/p><p class='  first_form  form_element form_element_half' id='element_avia_8_1'><label for=\"avia_8_1\">Reden van aanvraag<\/label><select  name=\"avia_8_1\" class=\"select \" id=\"avia_8_1\"><option   value='Kirby doet niets meer'>Kirby doet niets meer<\/option><option   value='Verzoek voor periodiek onderhoud'>Verzoek voor periodiek onderhoud<\/option><option   value='Kirby zuigt slecht'>Kirby zuigt slecht<\/option><option   value='Kirby maakt veel lawaai'>Kirby maakt veel lawaai<\/option><option   value='Kirby ruikt naar brandlucht'>Kirby ruikt naar brandlucht<\/option><option   value='Kirby valt af en toe uit.'>Kirby valt af en toe uit.<\/option><\/select><\/p><p class='  first_form  form_element form_fullwidth' id='element_avia_9_1'><label for=\"avia_9_1\" class=\"textare_label hidden textare_label_avia_9_1\">Bericht<\/label><textarea  name=\"avia_9_1\" class=\"text_area \" cols=\"40\" rows=\"7\" id=\"avia_9_1\" ><\/textarea><\/p><p class=\"hidden\"><input type=\"text\" name=\"avia_10_1\" class=\"hidden \" id=\"avia_10_1\" value=\"\" \/><\/p><div id='avia_11_1' class='av-recaptcha-area  first_form  form_element form_fullwidth '  data-container_class=\"\" data-custom_class=\"\" data-context=\"av_contact_form\" data-token_input=\"av_recaptcha_token\" data-version=\"avia_recaptcha_v3\" data-theme=\"light\" data-size=\"normal\" data-score=\"0.5\" data-text_to_preview=\"\" data-value=\"\"><div class=\"av-google-badge-message hidden\">Deze site wordt beschermd door reCAPTCHA en het Google <a href=\"https:\/\/policies.google.com\/privacy\" target=\"_blank\" rel=\"noopener noreferrer\">Privacybeleid<\/a> en <a href=\"https:\/\/policies.google.com\/terms\" target=\"_blank\" rel=\"noopener noreferrer\">Servicevoorwaarden<\/a> zijn van toepassing.<\/div><\/div><p class=\"form_element \"><input type=\"hidden\" value=\"1\" name=\"avia_generated_form1\" \/><input type=\"submit\" value=\"Verzenden\" class=\"button\"  data-sending-label=\"Verzenden\"\/><\/p><\/fieldset><div class=\"avia-disabled-form\">Dit contactformulier is gedeactiveerd omdat u weigerde de Google reCAPTCHA-service te accepteren die nodig is om alle berichten die door het formulier worden verzonden, te valideren.<\/div><\/form><div id=\"ajaxresponse_1\" class=\"ajaxresponse ajaxresponse_1 hidden\"><\/div><\/div>\n\n<style type=\"text\/css\" data-created_by=\"avia_inline_auto\" id=\"style-css-av-1kup6m-bcc8b0eb78309ca205b8d76a8b44bba8\">\n.flex_column.av-1kup6m-bcc8b0eb78309ca205b8d76a8b44bba8{\nborder-radius:0px 0px 0px 0px;\npadding:0px 0px 0px 0px;\n}\n<\/style>\n<div  class='flex_column av-1kup6m-bcc8b0eb78309ca205b8d76a8b44bba8 av_one_full  avia-builder-el-13  el_after_av_one_half  avia-builder-el-last  first flex_column_div av-zero-column-padding  column-top-margin'     ><section  class='av_textblock_section av-jmaqpm2z-c0ac2e3615b322594e30ce1cd1e5eb8c '   itemscope=\"itemscope\" itemtype=\"https:\/\/schema.org\/CreativeWork\" ><div class='avia_textblock'  itemprop=\"text\" ><h2>Kirby service abonnement<\/h2>\n<p>Met voorsprong het meest gekozen, en de aller-voordeligste in Nederland . Alles gedekt onder \u00e9\u00e9n jaarlijks te betalen vast bedrag. Conform de service interval die is voorgeschreven door de fabrikant van uw Kirby stofzuiger verzorgen wij alle benodigde onderhoudsbeurten. U betaalt 1 x per jaar een vast bedrag. Er zijn verder g\u00e9\u00e9n verborgen of bijkomende kosten.* Voorrijden, het uurloon van de monteurs, en zelfs alle nieuwe Kirby motoronderdelen &#8211; het is allemaal inbegrepen in een laag jaarbedrag.<\/p>\n<p>Lees hier meer over:\u00a0<a href=\"https:\/\/www.veltec.eu\/nl\/kirby-service-abonnement\/\">Kirby Service Abonnement<\/a><\/p>\n<p>Hier kunt u lezen: <a href=\"https:\/\/www.kirby-stofzuiger-service.nl\/kirby-service-abonnement\/\">Alles over het Kirby Service Abonnement \u2013 bespaar kosten, voorkom storingen<\/a><\/p>\n<\/div><\/section><\/div>\n","protected":false},"excerpt":{"rendered":"","protected":false},"author":1,"featured_media":0,"parent":0,"menu_order":0,"comment_status":"closed","ping_status":"closed","template":"","meta":{"_acf_changed":false,"footnotes":""},"class_list":["post-814","page","type-page","status-publish","hentry"],"acf":[],"yoast_head":"<!-- This site is optimized with the Yoast SEO Premium plugin v27.1 (Yoast SEO v27.4) - https:\/\/yoast.com\/product\/yoast-seo-premium-wordpress\/ -->\n<title>Kirby service van Veltec de Kirby specialist van Nederland<\/title>\n<meta name=\"description\" content=\"Het goed onderhouden van uw Kirby stofzuiger is cruciaal. Dankzij het Kirby service abonnement van Veltec wordt dit mogelijk gemaakt.\" \/>\n<meta name=\"robots\" content=\"index, follow, max-snippet:-1, max-image-preview:large, max-video-preview:-1\" \/>\n<link rel=\"canonical\" href=\"https:\/\/www.veltec.eu\/nl\/kirby-service\/\" \/>\n<meta property=\"og:locale\" content=\"nl_NL\" \/>\n<meta property=\"og:type\" content=\"article\" \/>\n<meta property=\"og:title\" content=\"Kirby Service\" \/>\n<meta property=\"og:url\" content=\"https:\/\/www.veltec.eu\/nl\/kirby-service\/\" \/>\n<meta property=\"og:site_name\" content=\"Veltec Kirby specialist\" \/>\n<meta property=\"article:publisher\" content=\"https:\/\/www.facebook.com\/Veltec-Kirby-Specialist-236746293374877\/\" \/>\n<meta property=\"article:modified_time\" content=\"2025-07-17T12:29:46+00:00\" \/>\n<meta name=\"twitter:card\" content=\"summary_large_image\" \/>\n<meta name=\"twitter:label1\" content=\"Geschatte leestijd\" \/>\n\t<meta name=\"twitter:data1\" content=\"3 minuten\" \/>\n<script type=\"application\/ld+json\" class=\"yoast-schema-graph\">{\"@context\":\"https:\\\/\\\/schema.org\",\"@graph\":[{\"@type\":\"WebPage\",\"@id\":\"https:\\\/\\\/www.veltec.eu\\\/nl\\\/kirby-service\\\/\",\"url\":\"https:\\\/\\\/www.veltec.eu\\\/nl\\\/kirby-service\\\/\",\"name\":\"Kirby service van Veltec de Kirby specialist van Nederland\",\"isPartOf\":{\"@id\":\"https:\\\/\\\/www.veltec.eu\\\/en\\\/#website\"},\"datePublished\":\"2018-09-20T15:56:44+00:00\",\"dateModified\":\"2025-07-17T12:29:46+00:00\",\"description\":\"Het goed onderhouden van uw Kirby stofzuiger is cruciaal. Dankzij het Kirby service abonnement van Veltec wordt dit mogelijk gemaakt.\",\"breadcrumb\":{\"@id\":\"https:\\\/\\\/www.veltec.eu\\\/nl\\\/kirby-service\\\/#breadcrumb\"},\"inLanguage\":\"nl-NL\",\"potentialAction\":[{\"@type\":\"ReadAction\",\"target\":[\"https:\\\/\\\/www.veltec.eu\\\/nl\\\/kirby-service\\\/\"]}]},{\"@type\":\"BreadcrumbList\",\"@id\":\"https:\\\/\\\/www.veltec.eu\\\/nl\\\/kirby-service\\\/#breadcrumb\",\"itemListElement\":[{\"@type\":\"ListItem\",\"position\":1,\"name\":\"Home\",\"item\":\"https:\\\/\\\/www.veltec.eu\\\/nl\\\/home\\\/\"},{\"@type\":\"ListItem\",\"position\":2,\"name\":\"Kirby Service\"}]},{\"@type\":\"WebSite\",\"@id\":\"https:\\\/\\\/www.veltec.eu\\\/en\\\/#website\",\"url\":\"https:\\\/\\\/www.veltec.eu\\\/en\\\/\",\"name\":\"Veltec Kirby specialist\",\"description\":\"Kirby stofzuiger producten\",\"publisher\":{\"@id\":\"https:\\\/\\\/www.veltec.eu\\\/en\\\/#organization\"},\"potentialAction\":[{\"@type\":\"SearchAction\",\"target\":{\"@type\":\"EntryPoint\",\"urlTemplate\":\"https:\\\/\\\/www.veltec.eu\\\/en\\\/?s={search_term_string}\"},\"query-input\":{\"@type\":\"PropertyValueSpecification\",\"valueRequired\":true,\"valueName\":\"search_term_string\"}}],\"inLanguage\":\"nl-NL\"},{\"@type\":\"Organization\",\"@id\":\"https:\\\/\\\/www.veltec.eu\\\/en\\\/#organization\",\"name\":\"Veltec Kirby Specialist\",\"url\":\"https:\\\/\\\/www.veltec.eu\\\/en\\\/\",\"logo\":{\"@type\":\"ImageObject\",\"inLanguage\":\"nl-NL\",\"@id\":\"https:\\\/\\\/www.veltec.eu\\\/en\\\/#\\\/schema\\\/logo\\\/image\\\/\",\"url\":\"https:\\\/\\\/www.veltec.eu\\\/wp-content\\\/uploads\\\/2021\\\/12\\\/Veltec-log-groot-e1537260889125.png\",\"contentUrl\":\"https:\\\/\\\/www.veltec.eu\\\/wp-content\\\/uploads\\\/2021\\\/12\\\/Veltec-log-groot-e1537260889125.png\",\"width\":200,\"height\":60,\"caption\":\"Veltec Kirby Specialist\"},\"image\":{\"@id\":\"https:\\\/\\\/www.veltec.eu\\\/en\\\/#\\\/schema\\\/logo\\\/image\\\/\"},\"sameAs\":[\"https:\\\/\\\/www.facebook.com\\\/Veltec-Kirby-Specialist-236746293374877\\\/\",\"https:\\\/\\\/www.youtube.com\\\/user\\\/VeltecService\"]}]}<\/script>\n<!-- \/ Yoast SEO Premium plugin. -->","yoast_head_json":{"title":"Kirby service van Veltec de Kirby specialist van Nederland","description":"Het goed onderhouden van uw Kirby stofzuiger is cruciaal. Dankzij het Kirby service abonnement van Veltec wordt dit mogelijk gemaakt.","robots":{"index":"index","follow":"follow","max-snippet":"max-snippet:-1","max-image-preview":"max-image-preview:large","max-video-preview":"max-video-preview:-1"},"canonical":"https:\/\/www.veltec.eu\/nl\/kirby-service\/","og_locale":"nl_NL","og_type":"article","og_title":"Kirby Service","og_url":"https:\/\/www.veltec.eu\/nl\/kirby-service\/","og_site_name":"Veltec Kirby specialist","article_publisher":"https:\/\/www.facebook.com\/Veltec-Kirby-Specialist-236746293374877\/","article_modified_time":"2025-07-17T12:29:46+00:00","twitter_card":"summary_large_image","twitter_misc":{"Geschatte leestijd":"3 minuten"},"schema":{"@context":"https:\/\/schema.org","@graph":[{"@type":"WebPage","@id":"https:\/\/www.veltec.eu\/nl\/kirby-service\/","url":"https:\/\/www.veltec.eu\/nl\/kirby-service\/","name":"Kirby service van Veltec de Kirby specialist van Nederland","isPartOf":{"@id":"https:\/\/www.veltec.eu\/en\/#website"},"datePublished":"2018-09-20T15:56:44+00:00","dateModified":"2025-07-17T12:29:46+00:00","description":"Het goed onderhouden van uw Kirby stofzuiger is cruciaal. Dankzij het Kirby service abonnement van Veltec wordt dit mogelijk gemaakt.","breadcrumb":{"@id":"https:\/\/www.veltec.eu\/nl\/kirby-service\/#breadcrumb"},"inLanguage":"nl-NL","potentialAction":[{"@type":"ReadAction","target":["https:\/\/www.veltec.eu\/nl\/kirby-service\/"]}]},{"@type":"BreadcrumbList","@id":"https:\/\/www.veltec.eu\/nl\/kirby-service\/#breadcrumb","itemListElement":[{"@type":"ListItem","position":1,"name":"Home","item":"https:\/\/www.veltec.eu\/nl\/home\/"},{"@type":"ListItem","position":2,"name":"Kirby Service"}]},{"@type":"WebSite","@id":"https:\/\/www.veltec.eu\/en\/#website","url":"https:\/\/www.veltec.eu\/en\/","name":"Veltec Kirby specialist","description":"Kirby stofzuiger producten","publisher":{"@id":"https:\/\/www.veltec.eu\/en\/#organization"},"potentialAction":[{"@type":"SearchAction","target":{"@type":"EntryPoint","urlTemplate":"https:\/\/www.veltec.eu\/en\/?s={search_term_string}"},"query-input":{"@type":"PropertyValueSpecification","valueRequired":true,"valueName":"search_term_string"}}],"inLanguage":"nl-NL"},{"@type":"Organization","@id":"https:\/\/www.veltec.eu\/en\/#organization","name":"Veltec Kirby Specialist","url":"https:\/\/www.veltec.eu\/en\/","logo":{"@type":"ImageObject","inLanguage":"nl-NL","@id":"https:\/\/www.veltec.eu\/en\/#\/schema\/logo\/image\/","url":"https:\/\/www.veltec.eu\/wp-content\/uploads\/2021\/12\/Veltec-log-groot-e1537260889125.png","contentUrl":"https:\/\/www.veltec.eu\/wp-content\/uploads\/2021\/12\/Veltec-log-groot-e1537260889125.png","width":200,"height":60,"caption":"Veltec Kirby Specialist"},"image":{"@id":"https:\/\/www.veltec.eu\/en\/#\/schema\/logo\/image\/"},"sameAs":["https:\/\/www.facebook.com\/Veltec-Kirby-Specialist-236746293374877\/","https:\/\/www.youtube.com\/user\/VeltecService"]}]}},"_links":{"self":[{"href":"https:\/\/www.veltec.eu\/nl\/wp-json\/wp\/v2\/pages\/814","targetHints":{"allow":["GET"]}}],"collection":[{"href":"https:\/\/www.veltec.eu\/nl\/wp-json\/wp\/v2\/pages"}],"about":[{"href":"https:\/\/www.veltec.eu\/nl\/wp-json\/wp\/v2\/types\/page"}],"author":[{"embeddable":true,"href":"https:\/\/www.veltec.eu\/nl\/wp-json\/wp\/v2\/users\/1"}],"replies":[{"embeddable":true,"href":"https:\/\/www.veltec.eu\/nl\/wp-json\/wp\/v2\/comments?post=814"}],"version-history":[{"count":3,"href":"https:\/\/www.veltec.eu\/nl\/wp-json\/wp\/v2\/pages\/814\/revisions"}],"predecessor-version":[{"id":89602,"href":"https:\/\/www.veltec.eu\/nl\/wp-json\/wp\/v2\/pages\/814\/revisions\/89602"}],"wp:attachment":[{"href":"https:\/\/www.veltec.eu\/nl\/wp-json\/wp\/v2\/media?parent=814"}],"curies":[{"name":"wp","href":"https:\/\/api.w.org\/{rel}","templated":true}]}}