{"id":74240,"date":"2025-02-12T17:46:29","date_gmt":"2025-02-12T15:46:29","guid":{"rendered":"https:\/\/www.veltec.eu\/?page_id=74240"},"modified":"2025-03-27T17:06:56","modified_gmt":"2025-03-27T15:06:56","slug":"thuisservice-aanvraagformulier","status":"publish","type":"page","link":"https:\/\/www.veltec.eu\/nl\/thuisservice-aanvraagformulier\/","title":{"rendered":"Thuisservice aanvraagformulier"},"content":{"rendered":"<div  class='flex_column av-71be0w-8aadd981354f8bd704103fb75e5abdc9 av_one_full  avia-builder-el-0  el_before_av_two_fifth  avia-builder-el-first  first flex_column_div  '     ><section  class='av_textblock_section av-m722gxtg-6e7c3f71e7c25e41c911b4566c41ea3f '   itemscope=\"itemscope\" itemtype=\"https:\/\/schema.org\/CreativeWork\" ><div class='avia_textblock'  itemprop=\"text\" ><h1>Kirby abonnement Thuisservice<\/h1>\n<\/div><\/section><\/div>\n<div  class='flex_column av-1kzpbwg-6accbc58179e9a2c45c3a44249bc527e av_two_fifth  avia-builder-el-2  el_after_av_one_full  el_before_av_three_fifth  first flex_column_div  column-top-margin'     ><style type=\"text\/css\" data-created_by=\"avia_inline_auto\" id=\"style-css-av-m722y0ko-c21e61a2320f7aa0dbe5e9e48b267a9f\">\n.avia-image-container.av-m722y0ko-c21e61a2320f7aa0dbe5e9e48b267a9f img.avia_image{\nbox-shadow:none;\n}\n.avia-image-container.av-m722y0ko-c21e61a2320f7aa0dbe5e9e48b267a9f .av-image-caption-overlay-center{\ncolor:#ffffff;\n}\n<\/style>\n<div  class='avia-image-container av-m722y0ko-c21e61a2320f7aa0dbe5e9e48b267a9f av-styling- avia-align-left  avia-builder-el-3  avia-builder-el-no-sibling '   itemprop=\"image\" itemscope=\"itemscope\" itemtype=\"https:\/\/schema.org\/ImageObject\" ><div class=\"avia-image-container-inner\"><div class=\"avia-image-overlay-wrap\"><img decoding=\"async\" fetchpriority=\"high\" class='wp-image-77498 avia-img-lazy-loading-not-77498 avia_image ' src=\"https:\/\/www.veltec.eu\/wp-content\/uploads\/2025\/03\/Thuisservice.png\" alt='' title='Thuisservice aanvraagformulier'  height=\"746\" width=\"600\"  itemprop=\"thumbnailUrl\" srcset=\"https:\/\/www.veltec.eu\/wp-content\/uploads\/2025\/03\/Thuisservice.png 600w, https:\/\/www.veltec.eu\/wp-content\/uploads\/2025\/03\/Thuisservice-241x300.png 241w, https:\/\/www.veltec.eu\/wp-content\/uploads\/2025\/03\/Thuisservice-567x705.png 567w, https:\/\/www.veltec.eu\/wp-content\/uploads\/2025\/03\/Thuisservice-450x560.png 450w, https:\/\/www.veltec.eu\/wp-content\/uploads\/2025\/03\/Thuisservice-48x60.png 48w, https:\/\/www.veltec.eu\/wp-content\/uploads\/2025\/03\/Thuisservice-72x90.png 72w\" sizes=\"(max-width: 600px) 100vw, 600px\" \/><\/div><\/div><\/div><\/div>\n<div  class='flex_column av-1a0yxts-cca4b459a204d510d13b7f5b4ffd4f41 av_three_fifth  avia-builder-el-4  el_after_av_two_fifth  el_before_av_one_full  flex_column_div  column-top-margin'     ><p><form action=\"https:\/\/www.veltec.eu\/nl\/thuisservice-aanvraagformulier\/\" method=\"post\" data-fields-with-error=\"Fouten gevonden in de volgende velden:\" class=\"avia_ajax_form av-form-labels-visible   avia-builder-el-5  el_before_av_image  avia-builder-el-first   \" data-avia-form-id=\"1\" data-avia-redirect=''  aria-label='Contactformulier' ><h3 class=''>Ik wil graag het Kirby abonnement Thuisservice afsluiten <\/h3><fieldset><p class='  first_form  form_element form_element_two_third' id='element_avia_1_1'><label for=\"avia_1_1\">Ik wens het abonnement voor; <abbr class=\"required\" title=\"vereist\">*<\/abbr><\/label><select  name=\"avia_1_1\" class=\"select is_empty\" id=\"avia_1_1\"><option   value='1x Kirby stofzuiger'>1x Kirby stofzuiger<\/option><option   value='2x Kirby stofzuigers'>2x Kirby stofzuigers<\/option><option   value='3x Kirby stofzuigers'>3x Kirby stofzuigers<\/option><option   value='4x Kirby stofzuigers'>4x Kirby stofzuigers<\/option><\/select><\/p><p class='  first_form  form_element form_element_half' id='element_avia_2_1'><label for=\"avia_2_1\">Voornaam <abbr class=\"required\" title=\"vereist\">*<\/abbr><\/label> <input name=\"avia_2_1\" class=\"text_input is_empty\" type=\"text\" id=\"avia_2_1\" value=\"\" \/><\/p><p class='  form_element form_element_half' id='element_avia_3_1'><label for=\"avia_3_1\">Achternaam <abbr class=\"required\" title=\"vereist\">*<\/abbr><\/label> <input name=\"avia_3_1\" class=\"text_input is_empty\" type=\"text\" id=\"avia_3_1\" value=\"\" \/><\/p><p class='  first_form  form_element form_element_three_fourth' id='element_avia_4_1'><label for=\"avia_4_1\">Straat en huisnummer <abbr class=\"required\" title=\"vereist\">*<\/abbr><\/label> <input name=\"avia_4_1\" class=\"text_input is_empty\" type=\"text\" id=\"avia_4_1\" value=\"\" \/><\/p><p class='  first_form  form_element form_element_third' id='element_avia_5_1'><label for=\"avia_5_1\">Postcode  <abbr class=\"required\" title=\"vereist\">*<\/abbr><\/label> <input name=\"avia_5_1\" class=\"text_input is_empty\" type=\"text\" id=\"avia_5_1\" value=\"\" \/><\/p><p class='  form_element form_element_two_third' id='element_avia_6_1'><label for=\"avia_6_1\">Woonplaats <abbr class=\"required\" title=\"vereist\">*<\/abbr><\/label> <input name=\"avia_6_1\" class=\"text_input is_empty\" type=\"text\" id=\"avia_6_1\" value=\"\" \/><\/p><p class='  first_form  form_element form_element_half' id='element_avia_7_1'><label for=\"avia_7_1\">E-mail <abbr class=\"required\" title=\"vereist\">*<\/abbr><\/label> <input name=\"avia_7_1\" class=\"text_input is_empty\" type=\"text\" id=\"avia_7_1\" value=\"\" \/><\/p><p class='  form_element form_element_half' id='element_avia_8_1'><label for=\"avia_8_1\">Telefoonnummer <abbr class=\"required\" title=\"vereist\">*<\/abbr><\/label> <input name=\"avia_8_1\" class=\"text_input is_empty\" type=\"text\" id=\"avia_8_1\" value=\"\" \/><\/p><p class='  first_form  form_element form_element_half' id='element_avia_9_1'><input checked=\"checked\" name=\"avia_9_1\" class=\"input_checkbox \" type=\"checkbox\" id=\"avia_9_1\" value=\"true\"\/><label class=\"input_checkbox_label\" for=\"avia_9_1\">Ik geef toestemming om de kosten van het abonnement jaarlijks van mijn rekening te incasseren <\/label><\/p><p class='  form_element form_element_half' id='element_avia_10_1'><label for=\"avia_10_1\">iBAN (bankrekening) <abbr class=\"required\" title=\"vereist\">*<\/abbr><\/label> <input name=\"avia_10_1\" class=\"text_input is_empty\" type=\"text\" id=\"avia_10_1\" value=\"\" \/><\/p><p class='  first_form  form_element form_element_half av-last-visible-form-element' id='element_avia_11_1'><input checked=\"checked\" name=\"avia_11_1\" class=\"input_checkbox \" type=\"checkbox\" id=\"avia_11_1\" value=\"true\"\/><label class=\"input_checkbox_label\" for=\"avia_11_1\">Ik ben bekend met de hieronder vermelde voorwaarden van het Verzendpakket <\/label><\/p><p class=\"hidden\"><input type=\"text\" name=\"avia_12_1\" class=\"hidden \" id=\"avia_12_1\" value=\"\" \/><\/p><p class=\"form_element form_element_half modified_width\"><input type=\"hidden\" value=\"1\" name=\"avia_generated_form1\" \/><input type=\"submit\" value=\"Verzenden\" class=\"button\"  data-sending-label=\"Verzenden\"\/><\/p><\/fieldset><\/form><div id=\"ajaxresponse_1\" class=\"ajaxresponse ajaxresponse_1 hidden\"><\/div><br \/>\n\n<style type=\"text\/css\" data-created_by=\"avia_inline_auto\" id=\"style-css-av-m7nclum3-4d3431283632bbe0c54d03bdc2955f1f\">\n.avia-image-container.av-m7nclum3-4d3431283632bbe0c54d03bdc2955f1f img.avia_image{\nbox-shadow:none;\n}\n.avia-image-container.av-m7nclum3-4d3431283632bbe0c54d03bdc2955f1f .av-image-caption-overlay-center{\ncolor:#ffffff;\n}\n<\/style>\n<div  class='avia-image-container av-m7nclum3-4d3431283632bbe0c54d03bdc2955f1f av-styling- avia-align-center  avia-builder-el-6  el_after_av_contact  avia-builder-el-last '   itemprop=\"image\" itemscope=\"itemscope\" itemtype=\"https:\/\/schema.org\/ImageObject\" ><div class=\"avia-image-container-inner\"><div class=\"avia-image-overlay-wrap\"><img decoding=\"async\" fetchpriority=\"high\" class='wp-image-75468 avia-img-lazy-loading-not-75468 avia_image ' src=\"https:\/\/www.veltec.eu\/wp-content\/uploads\/2025\/02\/images.png\" alt='' title='images'  height=\"111\" width=\"453\"  itemprop=\"thumbnailUrl\" srcset=\"https:\/\/www.veltec.eu\/wp-content\/uploads\/2025\/02\/images.png 453w, https:\/\/www.veltec.eu\/wp-content\/uploads\/2025\/02\/images-300x74.png 300w, https:\/\/www.veltec.eu\/wp-content\/uploads\/2025\/02\/images-450x110.png 450w, https:\/\/www.veltec.eu\/wp-content\/uploads\/2025\/02\/images-190x47.png 190w, https:\/\/www.veltec.eu\/wp-content\/uploads\/2025\/02\/images-367x90.png 367w\" sizes=\"(max-width: 453px) 100vw, 453px\" \/><\/div><\/div><\/div><\/p><\/div>\n<div  class='flex_column av-748ew0-250f8eaa4115c0453ac4e1653d03a1cf av_one_full  avia-builder-el-7  el_after_av_three_fifth  el_before_av_two_fifth  first flex_column_div  '     ><p><div  class='hr av-m7ncp3kv-062426ea5da2f9efcddf314304a6ef9e hr-full  avia-builder-el-8  el_before_av_hr  avia-builder-el-first  hr-no-shadow'><span class='hr-inner '><span class=\"hr-inner-style\"><\/span><\/span><\/div><br \/>\n\n<style type=\"text\/css\" data-created_by=\"avia_inline_auto\" id=\"style-css-av-m7nd9jvs-569ccdd65a377b0650f2c004789b5138\">\n#top .hr.hr-invisible.av-m7nd9jvs-569ccdd65a377b0650f2c004789b5138{\nheight:30px;\n}\n<\/style>\n<div  class='hr av-m7nd9jvs-569ccdd65a377b0650f2c004789b5138 hr-invisible  avia-builder-el-9  el_after_av_hr  el_before_av_textblock '><span class='hr-inner '><span class=\"hr-inner-style\"><\/span><\/span><\/div><br \/>\n<section  class='av_textblock_section av-m7ahuyoo-b6fa5339450708d1295b74d4c2db8ec6 '   itemscope=\"itemscope\" itemtype=\"https:\/\/schema.org\/CreativeWork\" ><div class='avia_textblock'  itemprop=\"text\" ><h2 style=\"text-align: center;\">Thuisservice abonnement voorwaarden<\/h2>\n<\/div><\/section><\/p><\/div>\n<div  class='flex_column av-1oljyxs-a716c43ccdab22e80a28f4849e5b8e1b av_two_fifth  avia-builder-el-11  el_after_av_one_full  el_before_av_three_fifth  first flex_column_div  column-top-margin'     ><section  class='av_textblock_section av-3z6740-361824b9c5b86e9de82f99d76aedc234 '   itemscope=\"itemscope\" itemtype=\"https:\/\/schema.org\/CreativeWork\" ><div class='avia_textblock'  itemprop=\"text\" ><h3>Inhoud Thuisservice<\/h3>\n<ul>\n<li>Gratis 1x per 24 maanden onderhoud aan huis<\/li>\n<li>Gratis reparatie bij storingen aan huis<\/li>\n<li>Nooit voorrijkosten of arbeidsloon<\/li>\n<li>Gratis motoronderdelen<\/li>\n<li>Gratis telefonische hulp tijdens kantooruren<\/li>\n<li>Gratis Whatsapp hulp buiten kantooruren<\/li>\n<\/ul>\n<h3>Tijdelijke actie<\/h3>\n<p>Gratis eerste onderhoud\/inspectiebeurt t.w.v. \u20ac75,00<\/p>\n<\/div><\/section><\/div>\n<div  class='flex_column av-kav6cg-7438dc23daf92fbd21aae0caf619770d av_three_fifth  avia-builder-el-13  el_after_av_two_fifth  avia-builder-el-last  flex_column_div  column-top-margin'     ><section  class='av_textblock_section av-m722zsye-946d169cda2ea3d2a05b7ca97f150cc4 '   itemscope=\"itemscope\" itemtype=\"https:\/\/schema.org\/CreativeWork\" ><div class='avia_textblock'  itemprop=\"text\" ><h3>Betalingsvoorwaarden<\/h3>\n<p>Vooruitbetaling 1x per jaar \u20ac60,00 via automatische incasso<\/p>\n<h3 class=\"p1\">Ingangsdatum<\/h3>\n<p class=\"p1\">Deze gaat in op de datum van aanvraag en wordt stilzwijgend verlengd voor onbepaalde tijd.<\/p>\n<h3>Kan ik het thuisservice abonnement gemakkelijk opzeggen?<\/h3>\n<p>U kunt het service abonnement te allen tijde be\u00ebindigen, het jaarlijkse bedrag wordt in de periode van de maand van afsluiting verwerkt. Wilt u dat uw service abonnement niet wordt verlengd, dan moet u \u00e9\u00e9n maand voor het verlopen van het lopende abonnementsjaar de be\u00ebindiging hebben verstuurd. De automatische incasso stopt automatisch bij het opzeggen van het service abonnement.<\/p>\n<\/div><\/section><\/div>\n","protected":false},"excerpt":{"rendered":"","protected":false},"author":1,"featured_media":0,"parent":0,"menu_order":0,"comment_status":"closed","ping_status":"closed","template":"","meta":{"_acf_changed":false,"footnotes":""},"class_list":["post-74240","page","type-page","status-publish","hentry"],"acf":[],"yoast_head":"<!-- This site is optimized with the Yoast SEO Premium plugin v27.1 (Yoast SEO v27.4) - https:\/\/yoast.com\/product\/yoast-seo-premium-wordpress\/ -->\n<title>Thuisservice aanvraagformulier - Veltec Kirby specialist<\/title>\n<meta name=\"description\" content=\"Thuisservice aanvraagformulier - aanvraagformulier voor het Veltec service abonnement - Thuisservice - Specialist in service en onderhoud.\" \/>\n<meta name=\"robots\" content=\"index, follow, max-snippet:-1, max-image-preview:large, max-video-preview:-1\" \/>\n<link rel=\"canonical\" href=\"https:\/\/www.veltec.eu\/nl\/thuisservice-aanvraagformulier\/\" \/>\n<meta property=\"og:locale\" content=\"nl_NL\" \/>\n<meta property=\"og:type\" content=\"article\" \/>\n<meta property=\"og:title\" content=\"Thuisservice aanvraagformulier\" \/>\n<meta property=\"og:url\" content=\"https:\/\/www.veltec.eu\/nl\/thuisservice-aanvraagformulier\/\" \/>\n<meta property=\"og:site_name\" content=\"Veltec Kirby specialist\" \/>\n<meta property=\"article:publisher\" content=\"https:\/\/www.facebook.com\/Veltec-Kirby-Specialist-236746293374877\/\" \/>\n<meta property=\"article:modified_time\" content=\"2025-03-27T15:06:56+00:00\" \/>\n<meta name=\"twitter:card\" content=\"summary_large_image\" \/>\n<meta name=\"twitter:label1\" content=\"Geschatte leestijd\" \/>\n\t<meta name=\"twitter:data1\" content=\"2 minuten\" \/>\n<script type=\"application\/ld+json\" class=\"yoast-schema-graph\">{\"@context\":\"https:\\\/\\\/schema.org\",\"@graph\":[{\"@type\":\"WebPage\",\"@id\":\"https:\\\/\\\/www.veltec.eu\\\/nl\\\/thuisservice-aanvraagformulier\\\/\",\"url\":\"https:\\\/\\\/www.veltec.eu\\\/nl\\\/thuisservice-aanvraagformulier\\\/\",\"name\":\"Thuisservice aanvraagformulier - Veltec Kirby specialist\",\"isPartOf\":{\"@id\":\"https:\\\/\\\/www.veltec.eu\\\/en\\\/#website\"},\"datePublished\":\"2025-02-12T15:46:29+00:00\",\"dateModified\":\"2025-03-27T15:06:56+00:00\",\"description\":\"Thuisservice aanvraagformulier - aanvraagformulier voor het Veltec service abonnement - Thuisservice - Specialist in service en onderhoud.\",\"breadcrumb\":{\"@id\":\"https:\\\/\\\/www.veltec.eu\\\/nl\\\/thuisservice-aanvraagformulier\\\/#breadcrumb\"},\"inLanguage\":\"nl-NL\",\"potentialAction\":[{\"@type\":\"ReadAction\",\"target\":[\"https:\\\/\\\/www.veltec.eu\\\/nl\\\/thuisservice-aanvraagformulier\\\/\"]}]},{\"@type\":\"BreadcrumbList\",\"@id\":\"https:\\\/\\\/www.veltec.eu\\\/nl\\\/thuisservice-aanvraagformulier\\\/#breadcrumb\",\"itemListElement\":[{\"@type\":\"ListItem\",\"position\":1,\"name\":\"Home\",\"item\":\"https:\\\/\\\/www.veltec.eu\\\/nl\\\/home\\\/\"},{\"@type\":\"ListItem\",\"position\":2,\"name\":\"Thuisservice aanvraagformulier\"}]},{\"@type\":\"WebSite\",\"@id\":\"https:\\\/\\\/www.veltec.eu\\\/en\\\/#website\",\"url\":\"https:\\\/\\\/www.veltec.eu\\\/en\\\/\",\"name\":\"Veltec Kirby specialist\",\"description\":\"Kirby stofzuiger producten\",\"publisher\":{\"@id\":\"https:\\\/\\\/www.veltec.eu\\\/en\\\/#organization\"},\"potentialAction\":[{\"@type\":\"SearchAction\",\"target\":{\"@type\":\"EntryPoint\",\"urlTemplate\":\"https:\\\/\\\/www.veltec.eu\\\/en\\\/?s={search_term_string}\"},\"query-input\":{\"@type\":\"PropertyValueSpecification\",\"valueRequired\":true,\"valueName\":\"search_term_string\"}}],\"inLanguage\":\"nl-NL\"},{\"@type\":\"Organization\",\"@id\":\"https:\\\/\\\/www.veltec.eu\\\/en\\\/#organization\",\"name\":\"Veltec Kirby Specialist\",\"url\":\"https:\\\/\\\/www.veltec.eu\\\/en\\\/\",\"logo\":{\"@type\":\"ImageObject\",\"inLanguage\":\"nl-NL\",\"@id\":\"https:\\\/\\\/www.veltec.eu\\\/en\\\/#\\\/schema\\\/logo\\\/image\\\/\",\"url\":\"https:\\\/\\\/www.veltec.eu\\\/wp-content\\\/uploads\\\/2021\\\/12\\\/Veltec-log-groot-e1537260889125.png\",\"contentUrl\":\"https:\\\/\\\/www.veltec.eu\\\/wp-content\\\/uploads\\\/2021\\\/12\\\/Veltec-log-groot-e1537260889125.png\",\"width\":200,\"height\":60,\"caption\":\"Veltec Kirby Specialist\"},\"image\":{\"@id\":\"https:\\\/\\\/www.veltec.eu\\\/en\\\/#\\\/schema\\\/logo\\\/image\\\/\"},\"sameAs\":[\"https:\\\/\\\/www.facebook.com\\\/Veltec-Kirby-Specialist-236746293374877\\\/\",\"https:\\\/\\\/www.youtube.com\\\/user\\\/VeltecService\"]}]}<\/script>\n<!-- \/ Yoast SEO Premium plugin. -->","yoast_head_json":{"title":"Thuisservice aanvraagformulier - Veltec Kirby specialist","description":"Thuisservice aanvraagformulier - aanvraagformulier voor het Veltec service abonnement - Thuisservice - Specialist in service en onderhoud.","robots":{"index":"index","follow":"follow","max-snippet":"max-snippet:-1","max-image-preview":"max-image-preview:large","max-video-preview":"max-video-preview:-1"},"canonical":"https:\/\/www.veltec.eu\/nl\/thuisservice-aanvraagformulier\/","og_locale":"nl_NL","og_type":"article","og_title":"Thuisservice aanvraagformulier","og_url":"https:\/\/www.veltec.eu\/nl\/thuisservice-aanvraagformulier\/","og_site_name":"Veltec Kirby specialist","article_publisher":"https:\/\/www.facebook.com\/Veltec-Kirby-Specialist-236746293374877\/","article_modified_time":"2025-03-27T15:06:56+00:00","twitter_card":"summary_large_image","twitter_misc":{"Geschatte leestijd":"2 minuten"},"schema":{"@context":"https:\/\/schema.org","@graph":[{"@type":"WebPage","@id":"https:\/\/www.veltec.eu\/nl\/thuisservice-aanvraagformulier\/","url":"https:\/\/www.veltec.eu\/nl\/thuisservice-aanvraagformulier\/","name":"Thuisservice aanvraagformulier - Veltec Kirby specialist","isPartOf":{"@id":"https:\/\/www.veltec.eu\/en\/#website"},"datePublished":"2025-02-12T15:46:29+00:00","dateModified":"2025-03-27T15:06:56+00:00","description":"Thuisservice aanvraagformulier - aanvraagformulier voor het Veltec service abonnement - Thuisservice - Specialist in service en onderhoud.","breadcrumb":{"@id":"https:\/\/www.veltec.eu\/nl\/thuisservice-aanvraagformulier\/#breadcrumb"},"inLanguage":"nl-NL","potentialAction":[{"@type":"ReadAction","target":["https:\/\/www.veltec.eu\/nl\/thuisservice-aanvraagformulier\/"]}]},{"@type":"BreadcrumbList","@id":"https:\/\/www.veltec.eu\/nl\/thuisservice-aanvraagformulier\/#breadcrumb","itemListElement":[{"@type":"ListItem","position":1,"name":"Home","item":"https:\/\/www.veltec.eu\/nl\/home\/"},{"@type":"ListItem","position":2,"name":"Thuisservice aanvraagformulier"}]},{"@type":"WebSite","@id":"https:\/\/www.veltec.eu\/en\/#website","url":"https:\/\/www.veltec.eu\/en\/","name":"Veltec Kirby specialist","description":"Kirby stofzuiger producten","publisher":{"@id":"https:\/\/www.veltec.eu\/en\/#organization"},"potentialAction":[{"@type":"SearchAction","target":{"@type":"EntryPoint","urlTemplate":"https:\/\/www.veltec.eu\/en\/?s={search_term_string}"},"query-input":{"@type":"PropertyValueSpecification","valueRequired":true,"valueName":"search_term_string"}}],"inLanguage":"nl-NL"},{"@type":"Organization","@id":"https:\/\/www.veltec.eu\/en\/#organization","name":"Veltec Kirby Specialist","url":"https:\/\/www.veltec.eu\/en\/","logo":{"@type":"ImageObject","inLanguage":"nl-NL","@id":"https:\/\/www.veltec.eu\/en\/#\/schema\/logo\/image\/","url":"https:\/\/www.veltec.eu\/wp-content\/uploads\/2021\/12\/Veltec-log-groot-e1537260889125.png","contentUrl":"https:\/\/www.veltec.eu\/wp-content\/uploads\/2021\/12\/Veltec-log-groot-e1537260889125.png","width":200,"height":60,"caption":"Veltec Kirby Specialist"},"image":{"@id":"https:\/\/www.veltec.eu\/en\/#\/schema\/logo\/image\/"},"sameAs":["https:\/\/www.facebook.com\/Veltec-Kirby-Specialist-236746293374877\/","https:\/\/www.youtube.com\/user\/VeltecService"]}]}},"_links":{"self":[{"href":"https:\/\/www.veltec.eu\/nl\/wp-json\/wp\/v2\/pages\/74240","targetHints":{"allow":["GET"]}}],"collection":[{"href":"https:\/\/www.veltec.eu\/nl\/wp-json\/wp\/v2\/pages"}],"about":[{"href":"https:\/\/www.veltec.eu\/nl\/wp-json\/wp\/v2\/types\/page"}],"author":[{"embeddable":true,"href":"https:\/\/www.veltec.eu\/nl\/wp-json\/wp\/v2\/users\/1"}],"replies":[{"embeddable":true,"href":"https:\/\/www.veltec.eu\/nl\/wp-json\/wp\/v2\/comments?post=74240"}],"version-history":[{"count":11,"href":"https:\/\/www.veltec.eu\/nl\/wp-json\/wp\/v2\/pages\/74240\/revisions"}],"predecessor-version":[{"id":78059,"href":"https:\/\/www.veltec.eu\/nl\/wp-json\/wp\/v2\/pages\/74240\/revisions\/78059"}],"wp:attachment":[{"href":"https:\/\/www.veltec.eu\/nl\/wp-json\/wp\/v2\/media?parent=74240"}],"curies":[{"name":"wp","href":"https:\/\/api.w.org\/{rel}","templated":true}]}}