{"id":74217,"date":"2025-02-12T16:20:50","date_gmt":"2025-02-12T14:20:50","guid":{"rendered":"https:\/\/www.veltec.eu\/?page_id=74217"},"modified":"2026-03-04T15:26:57","modified_gmt":"2026-03-04T13:26:57","slug":"verzendservice-aanvraagformulier","status":"publish","type":"page","link":"https:\/\/www.veltec.eu\/nl\/verzendservice-aanvraagformulier\/","title":{"rendered":"Verzendservice aanvraagformulier"},"content":{"rendered":"<div  class='flex_column av-1l31cvd-20331bf92124319191f7a35241c6e440 av_one_full  avia-builder-el-0  el_before_av_two_fifth  avia-builder-el-first  first flex_column_div  '     ><section  class='av_textblock_section av-m720i0q3-0cffe50238e06c0fe251646231d13c84 '   itemscope=\"itemscope\" itemtype=\"https:\/\/schema.org\/CreativeWork\" ><div class='avia_textblock'  itemprop=\"text\" ><h1>Kirby abonnement Verzendservice<\/h1>\n<\/div><\/section><\/div>\n<div  class='flex_column av-15z80x5-64241f12e56659af962868494e711293 av_two_fifth  avia-builder-el-2  el_after_av_one_full  el_before_av_three_fifth  first flex_column_div  column-top-margin'     ><style type=\"text\/css\" data-created_by=\"avia_inline_auto\" id=\"style-css-av-m720ojrf-3e695cd00c53b5675d30ceb7b953dfce\">\n.avia-image-container.av-m720ojrf-3e695cd00c53b5675d30ceb7b953dfce img.avia_image{\nbox-shadow:none;\n}\n.avia-image-container.av-m720ojrf-3e695cd00c53b5675d30ceb7b953dfce .av-image-caption-overlay-center{\ncolor:#ffffff;\n}\n<\/style>\n<div  class='avia-image-container av-m720ojrf-3e695cd00c53b5675d30ceb7b953dfce av-styling- avia-align-left  avia-builder-el-3  avia-builder-el-no-sibling '   itemprop=\"image\" itemscope=\"itemscope\" itemtype=\"https:\/\/schema.org\/ImageObject\" ><div class=\"avia-image-container-inner\"><div class=\"avia-image-overlay-wrap\"><img decoding=\"async\" fetchpriority=\"high\" class='wp-image-77490 avia-img-lazy-loading-not-77490 avia_image ' src=\"https:\/\/www.veltec.eu\/wp-content\/uploads\/2025\/03\/Verzendservice.png\" alt='' title='Kirby abonnement Verzendservice'  height=\"746\" width=\"600\"  itemprop=\"thumbnailUrl\" srcset=\"https:\/\/www.veltec.eu\/wp-content\/uploads\/2025\/03\/Verzendservice.png 600w, https:\/\/www.veltec.eu\/wp-content\/uploads\/2025\/03\/Verzendservice-241x300.png 241w, https:\/\/www.veltec.eu\/wp-content\/uploads\/2025\/03\/Verzendservice-567x705.png 567w, https:\/\/www.veltec.eu\/wp-content\/uploads\/2025\/03\/Verzendservice-450x560.png 450w, https:\/\/www.veltec.eu\/wp-content\/uploads\/2025\/03\/Verzendservice-48x60.png 48w, https:\/\/www.veltec.eu\/wp-content\/uploads\/2025\/03\/Verzendservice-72x90.png 72w\" sizes=\"(max-width: 600px) 100vw, 600px\" \/><\/div><\/div><\/div><\/div>\n<div  class='flex_column av-679aq4p-60a9ceee9914cffb1b9c830bab54bf19 av_three_fifth  avia-builder-el-4  el_after_av_two_fifth  el_before_av_one_full  flex_column_div  column-top-margin'     ><p><form action=\"https:\/\/www.veltec.eu\/nl\/verzendservice-aanvraagformulier\/\" method=\"post\" data-fields-with-error=\"Fouten gevonden in de volgende velden:\" class=\"avia_ajax_form av-form-labels-visible   avia-builder-el-5  el_before_av_image  avia-builder-el-first  av-show-form-errors   \" data-avia-form-id=\"1\" data-avia-redirect=''  aria-label='Contactformulier' ><h3 class=''>Ik wil graag het Kirby abonnement Verzendservice afsluiten <\/h3><fieldset><p class='  first_form  form_element form_element_two_third' id='element_avia_1_1'><label for=\"avia_1_1\">Ik wens het abonnement voor;<\/label><select  name=\"avia_1_1\" class=\"select \" id=\"avia_1_1\"><option   value='1x Kirby stofzuiger'>1x Kirby stofzuiger<\/option><option   value='2x Kirby stofzuigers'>2x Kirby stofzuigers<\/option><option   value='3x Kirby stofzuigers'>3x Kirby stofzuigers<\/option><option   value='4x Kirby stofzuigers'>4x Kirby stofzuigers<\/option><\/select><\/p><p class='  first_form  form_element form_element_half' id='element_avia_2_1'><input  name=\"avia_2_1\" class=\"input_checkbox \" type=\"checkbox\" id=\"avia_2_1\" value=\"true\"\/><label class=\"input_checkbox_label\" for=\"avia_2_1\">Huidige abonnement vervangen<\/label><\/p><p class='  form_element form_element_half' id='element_avia_3_1'><input  name=\"avia_3_1\" class=\"input_checkbox \" type=\"checkbox\" id=\"avia_3_1\" value=\"true\"\/><label class=\"input_checkbox_label\" for=\"avia_3_1\">Nieuw abonnement afsluiten<\/label><\/p><p class='  first_form  form_element form_element_half' id='element_avia_4_1'><label for=\"avia_4_1\">Voornaam <abbr class=\"required\" title=\"vereist\">*<\/abbr><\/label> <input name=\"avia_4_1\" class=\"text_input is_empty\" type=\"text\" id=\"avia_4_1\" value=\"\" \/><\/p><p class='  form_element form_element_half' id='element_avia_5_1'><label for=\"avia_5_1\">Achternaam <abbr class=\"required\" title=\"vereist\">*<\/abbr><\/label> <input name=\"avia_5_1\" class=\"text_input is_empty\" type=\"text\" id=\"avia_5_1\" value=\"\" \/><\/p><p class='  first_form  form_element form_element_three_fourth' id='element_avia_6_1'><label for=\"avia_6_1\">Straat en huisnummer <abbr class=\"required\" title=\"vereist\">*<\/abbr><\/label> <input name=\"avia_6_1\" class=\"text_input is_empty\" type=\"text\" id=\"avia_6_1\" value=\"\" \/><\/p><p class='  first_form  form_element form_element_third' id='element_avia_7_1'><label for=\"avia_7_1\">Postcode  <abbr class=\"required\" title=\"vereist\">*<\/abbr><\/label> <input name=\"avia_7_1\" class=\"text_input is_empty\" type=\"text\" id=\"avia_7_1\" value=\"\" \/><\/p><p class='  form_element form_element_two_third' id='element_avia_8_1'><label for=\"avia_8_1\">Woonplaats <abbr class=\"required\" title=\"vereist\">*<\/abbr><\/label> <input name=\"avia_8_1\" class=\"text_input is_empty\" type=\"text\" id=\"avia_8_1\" value=\"\" \/><\/p><p class='  first_form  form_element form_element_half' id='element_avia_9_1'><label for=\"avia_9_1\">E-mail <abbr class=\"required\" title=\"vereist\">*<\/abbr><\/label> <input name=\"avia_9_1\" class=\"text_input is_email\" type=\"text\" id=\"avia_9_1\" value=\"\" \/><\/p><p class='  form_element form_element_half' id='element_avia_10_1'><label for=\"avia_10_1\">Telefoonnummer <abbr class=\"required\" title=\"vereist\">*<\/abbr><\/label> <input name=\"avia_10_1\" class=\"text_input is_empty\" type=\"text\" id=\"avia_10_1\" value=\"\" \/><\/p><p class='  first_form  form_element form_element_half' id='element_avia_11_1'><input checked=\"checked\" name=\"avia_11_1\" class=\"input_checkbox \" type=\"checkbox\" id=\"avia_11_1\" value=\"true\"\/><label class=\"input_checkbox_label\" for=\"avia_11_1\">Ik geef toestemming om de kosten van het abonnement jaarlijks van mijn rekening te incasseren <\/label><\/p><p class='  form_element form_element_half' id='element_avia_12_1'><label for=\"avia_12_1\">iBAN (bankrekening) <abbr class=\"required\" title=\"vereist\">*<\/abbr><\/label> <input name=\"avia_12_1\" class=\"text_input is_empty\" type=\"text\" id=\"avia_12_1\" value=\"\" \/><\/p><p class='  first_form  form_element form_element_half av-last-visible-form-element' id='element_avia_13_1'><input checked=\"checked\" name=\"avia_13_1\" class=\"input_checkbox \" type=\"checkbox\" id=\"avia_13_1\" value=\"true\"\/><label class=\"input_checkbox_label\" for=\"avia_13_1\">Ik ben bekend met de hieronder vermelde voorwaarden van het Verzendpakket <\/label><\/p><p class=\"hidden\"><input type=\"text\" name=\"avia_14_1\" class=\"hidden \" id=\"avia_14_1\" value=\"\" \/><\/p><p class=\"form_element form_element_half modified_width\"><input type=\"hidden\" value=\"1\" name=\"avia_generated_form1\" \/><input type=\"submit\" value=\"Verzenden\" class=\"button\"  data-sending-label=\"Verzenden\"\/><\/p><\/fieldset><\/form><div id=\"ajaxresponse_1\" class=\"ajaxresponse ajaxresponse_1 hidden\"><\/div><br \/>\n\n<style type=\"text\/css\" data-created_by=\"avia_inline_auto\" id=\"style-css-av-m7nd1e49-a32fcc08ef427493a4ea0c8f9acad124\">\n.avia-image-container.av-m7nd1e49-a32fcc08ef427493a4ea0c8f9acad124 img.avia_image{\nbox-shadow:none;\n}\n.avia-image-container.av-m7nd1e49-a32fcc08ef427493a4ea0c8f9acad124 .av-image-caption-overlay-center{\ncolor:#ffffff;\n}\n<\/style>\n<div  class='avia-image-container av-m7nd1e49-a32fcc08ef427493a4ea0c8f9acad124 av-styling- avia-align-center  avia-builder-el-6  el_after_av_contact  avia-builder-el-last '   itemprop=\"image\" itemscope=\"itemscope\" itemtype=\"https:\/\/schema.org\/ImageObject\" ><div class=\"avia-image-container-inner\"><div class=\"avia-image-overlay-wrap\"><img decoding=\"async\" fetchpriority=\"high\" class='wp-image-75468 avia-img-lazy-loading-not-75468 avia_image ' src=\"https:\/\/www.veltec.eu\/wp-content\/uploads\/2025\/02\/images.png\" alt='' title='images'  height=\"111\" width=\"453\"  itemprop=\"thumbnailUrl\" srcset=\"https:\/\/www.veltec.eu\/wp-content\/uploads\/2025\/02\/images.png 453w, https:\/\/www.veltec.eu\/wp-content\/uploads\/2025\/02\/images-300x74.png 300w, https:\/\/www.veltec.eu\/wp-content\/uploads\/2025\/02\/images-450x110.png 450w, https:\/\/www.veltec.eu\/wp-content\/uploads\/2025\/02\/images-190x47.png 190w, https:\/\/www.veltec.eu\/wp-content\/uploads\/2025\/02\/images-367x90.png 367w\" sizes=\"(max-width: 453px) 100vw, 453px\" \/><\/div><\/div><\/div><\/p><\/div><div  class='flex_column av-lec7qh-91363b150dfcdd80d4fb2410745b556a av_one_full  avia-builder-el-7  el_after_av_three_fifth  el_before_av_two_fifth  first flex_column_div  '     ><p><div  class='hr av-m7ah8do3-6885a979f5b3f050ecce2de75ee114b6 hr-full  avia-builder-el-8  el_before_av_hr  avia-builder-el-first  hr-no-shadow'><span class='hr-inner '><span class=\"hr-inner-style\"><\/span><\/span><\/div><br \/>\n\n<style type=\"text\/css\" data-created_by=\"avia_inline_auto\" id=\"style-css-av-m7nd48c6-e9cb09b111803c4da33ec9fb86190796\">\n#top .hr.hr-invisible.av-m7nd48c6-e9cb09b111803c4da33ec9fb86190796{\nheight:30px;\n}\n<\/style>\n<div  class='hr av-m7nd48c6-e9cb09b111803c4da33ec9fb86190796 hr-invisible  avia-builder-el-9  el_after_av_hr  el_before_av_textblock '><span class='hr-inner '><span class=\"hr-inner-style\"><\/span><\/span><\/div><br \/>\n<section  class='av_textblock_section av-m7ahd9pb-fac47f3bd7a4c6e69235264960b40bef '   itemscope=\"itemscope\" itemtype=\"https:\/\/schema.org\/CreativeWork\" ><div class='avia_textblock'  itemprop=\"text\" ><h1 style=\"text-align: center;\">Verzendservice abonnement voorwaarden<\/h1>\n<\/div><\/section><\/p><\/div><\/p>\n<div  class='flex_column av-1pusww9-f200d9274c2240cfd23cc4df96813857 av_two_fifth  avia-builder-el-11  el_after_av_one_full  el_before_av_three_fifth  first flex_column_div  column-top-margin'     ><section  class='av_textblock_section av-nut889-8ce8ce5f867e201c79385dbce08b1a91 '   itemscope=\"itemscope\" itemtype=\"https:\/\/schema.org\/CreativeWork\" ><div class='avia_textblock'  itemprop=\"text\" ><h3>Inhoud verzendservice<\/h3>\n<ul>\n<li>Gratis 1x per 24 maanden onderhoud<\/li>\n<li>Gratis verzenddoos en kosteloos verzenden bij onderhoud<\/li>\n<li>Gratis reparatie bij storingen<\/li>\n<li>Gratis verzenddoos en kosteloos verzenden bij storingen<\/li>\n<li>Inclusief arbeidsloon, exclusief motoronderdelen<\/li>\n<li>Gratis telefonische hulp tijdens kantooruren<\/li>\n<li>Gratis Whatsapp hulp buiten kantooruren<\/li>\n<\/ul>\n<\/div><\/section><\/div>\n<div  class='flex_column av-1a02seh-9602c67b0e92e1a31a1d6afa91ee1407 av_three_fifth  avia-builder-el-13  el_after_av_two_fifth  avia-builder-el-last  flex_column_div  column-top-margin'     ><section  class='av_textblock_section av-m7ahb7f2-fa23ef8eaa077e15ac1753b03f1dd459 '   itemscope=\"itemscope\" itemtype=\"https:\/\/schema.org\/CreativeWork\" ><div class='avia_textblock'  itemprop=\"text\" ><h3>Betalingsvoorwaarden<\/h3>\n<p>Vooruitbetaling 1x per jaar \u20ac30,00 via automatische incasso<\/p>\n<h3 class=\"p1\">Ingangsdatum<\/h3>\n<p class=\"p1\">Deze gaat in op de datum van aanvraag en wordt stilzwijgend verlengd voor onbepaalde tijd.<\/p>\n<h3>Kan ik het verzendservice abonnement gemakkelijk opzeggen?<\/h3>\n<p>U kunt het service abonnement te allen tijde be\u00ebindigen, het jaarlijkse bedrag wordt in de periode van de maand van afsluiting verwerkt. Wilt u dat uw service abonnement niet wordt verlengd, dan moet u \u00e9\u00e9n maand voor het verlopen van het lopende abonnementsjaar de be\u00ebindiging hebben verstuurd. De automatische incasso stopt automatisch bij het opzeggen van het service abonnement.<\/p>\n<\/div><\/section><\/div>\n","protected":false},"excerpt":{"rendered":"","protected":false},"author":1,"featured_media":0,"parent":0,"menu_order":0,"comment_status":"closed","ping_status":"closed","template":"","meta":{"_acf_changed":false,"footnotes":""},"class_list":["post-74217","page","type-page","status-publish","hentry"],"acf":[],"yoast_head":"<!-- This site is optimized with the Yoast SEO Premium plugin v27.1 (Yoast SEO v27.5) - https:\/\/yoast.com\/product\/yoast-seo-premium-wordpress\/ -->\n<title>Verzendservice aanvraagformulier - Veltec Kirby specialist<\/title>\n<meta name=\"description\" content=\"Verzendservice aanvraagformulier - Het Verzendservice Kirby abonnement voor slechts \u20ac2,50 per maand. Vraag hier aan! Veltec Kirby Specialist.\" \/>\n<meta name=\"robots\" content=\"index, follow, max-snippet:-1, max-image-preview:large, max-video-preview:-1\" \/>\n<link rel=\"canonical\" href=\"https:\/\/www.veltec.eu\/nl\/verzendservice-aanvraagformulier\/\" \/>\n<meta property=\"og:locale\" content=\"nl_NL\" \/>\n<meta property=\"og:type\" content=\"article\" \/>\n<meta property=\"og:title\" content=\"Verzendservice aanvraagformulier\" \/>\n<meta property=\"og:url\" content=\"https:\/\/www.veltec.eu\/nl\/verzendservice-aanvraagformulier\/\" \/>\n<meta property=\"og:site_name\" content=\"Veltec Kirby specialist\" \/>\n<meta property=\"article:publisher\" content=\"https:\/\/www.facebook.com\/Veltec-Kirby-Specialist-236746293374877\/\" \/>\n<meta property=\"article:modified_time\" content=\"2026-03-04T13:26:57+00:00\" \/>\n<meta name=\"twitter:card\" content=\"summary_large_image\" \/>\n<meta name=\"twitter:label1\" content=\"Geschatte leestijd\" \/>\n\t<meta name=\"twitter:data1\" content=\"2 minuten\" \/>\n<script type=\"application\/ld+json\" class=\"yoast-schema-graph\">{\"@context\":\"https:\\\/\\\/schema.org\",\"@graph\":[{\"@type\":\"WebPage\",\"@id\":\"https:\\\/\\\/www.veltec.eu\\\/nl\\\/verzendservice-aanvraagformulier\\\/\",\"url\":\"https:\\\/\\\/www.veltec.eu\\\/nl\\\/verzendservice-aanvraagformulier\\\/\",\"name\":\"Verzendservice aanvraagformulier - Veltec Kirby specialist\",\"isPartOf\":{\"@id\":\"https:\\\/\\\/www.veltec.eu\\\/en\\\/#website\"},\"datePublished\":\"2025-02-12T14:20:50+00:00\",\"dateModified\":\"2026-03-04T13:26:57+00:00\",\"description\":\"Verzendservice aanvraagformulier - Het Verzendservice Kirby abonnement voor slechts \u20ac2,50 per maand. Vraag hier aan! Veltec Kirby Specialist.\",\"breadcrumb\":{\"@id\":\"https:\\\/\\\/www.veltec.eu\\\/nl\\\/verzendservice-aanvraagformulier\\\/#breadcrumb\"},\"inLanguage\":\"nl-NL\",\"potentialAction\":[{\"@type\":\"ReadAction\",\"target\":[\"https:\\\/\\\/www.veltec.eu\\\/nl\\\/verzendservice-aanvraagformulier\\\/\"]}]},{\"@type\":\"BreadcrumbList\",\"@id\":\"https:\\\/\\\/www.veltec.eu\\\/nl\\\/verzendservice-aanvraagformulier\\\/#breadcrumb\",\"itemListElement\":[{\"@type\":\"ListItem\",\"position\":1,\"name\":\"Home\",\"item\":\"https:\\\/\\\/www.veltec.eu\\\/nl\\\/home\\\/\"},{\"@type\":\"ListItem\",\"position\":2,\"name\":\"Verzendservice aanvraagformulier\"}]},{\"@type\":\"WebSite\",\"@id\":\"https:\\\/\\\/www.veltec.eu\\\/en\\\/#website\",\"url\":\"https:\\\/\\\/www.veltec.eu\\\/en\\\/\",\"name\":\"Veltec Kirby specialist\",\"description\":\"Kirby stofzuiger producten\",\"publisher\":{\"@id\":\"https:\\\/\\\/www.veltec.eu\\\/en\\\/#organization\"},\"potentialAction\":[{\"@type\":\"SearchAction\",\"target\":{\"@type\":\"EntryPoint\",\"urlTemplate\":\"https:\\\/\\\/www.veltec.eu\\\/en\\\/?s={search_term_string}\"},\"query-input\":{\"@type\":\"PropertyValueSpecification\",\"valueRequired\":true,\"valueName\":\"search_term_string\"}}],\"inLanguage\":\"nl-NL\"},{\"@type\":\"Organization\",\"@id\":\"https:\\\/\\\/www.veltec.eu\\\/en\\\/#organization\",\"name\":\"Veltec Kirby Specialist\",\"url\":\"https:\\\/\\\/www.veltec.eu\\\/en\\\/\",\"logo\":{\"@type\":\"ImageObject\",\"inLanguage\":\"nl-NL\",\"@id\":\"https:\\\/\\\/www.veltec.eu\\\/en\\\/#\\\/schema\\\/logo\\\/image\\\/\",\"url\":\"https:\\\/\\\/www.veltec.eu\\\/wp-content\\\/uploads\\\/2021\\\/12\\\/Veltec-log-groot-e1537260889125.png\",\"contentUrl\":\"https:\\\/\\\/www.veltec.eu\\\/wp-content\\\/uploads\\\/2021\\\/12\\\/Veltec-log-groot-e1537260889125.png\",\"width\":200,\"height\":60,\"caption\":\"Veltec Kirby Specialist\"},\"image\":{\"@id\":\"https:\\\/\\\/www.veltec.eu\\\/en\\\/#\\\/schema\\\/logo\\\/image\\\/\"},\"sameAs\":[\"https:\\\/\\\/www.facebook.com\\\/Veltec-Kirby-Specialist-236746293374877\\\/\",\"https:\\\/\\\/www.youtube.com\\\/user\\\/VeltecService\"]}]}<\/script>\n<!-- \/ Yoast SEO Premium plugin. -->","yoast_head_json":{"title":"Verzendservice aanvraagformulier - Veltec Kirby specialist","description":"Verzendservice aanvraagformulier - Het Verzendservice Kirby abonnement voor slechts \u20ac2,50 per maand. Vraag hier aan! Veltec Kirby Specialist.","robots":{"index":"index","follow":"follow","max-snippet":"max-snippet:-1","max-image-preview":"max-image-preview:large","max-video-preview":"max-video-preview:-1"},"canonical":"https:\/\/www.veltec.eu\/nl\/verzendservice-aanvraagformulier\/","og_locale":"nl_NL","og_type":"article","og_title":"Verzendservice aanvraagformulier","og_url":"https:\/\/www.veltec.eu\/nl\/verzendservice-aanvraagformulier\/","og_site_name":"Veltec Kirby specialist","article_publisher":"https:\/\/www.facebook.com\/Veltec-Kirby-Specialist-236746293374877\/","article_modified_time":"2026-03-04T13:26:57+00:00","twitter_card":"summary_large_image","twitter_misc":{"Geschatte leestijd":"2 minuten"},"schema":{"@context":"https:\/\/schema.org","@graph":[{"@type":"WebPage","@id":"https:\/\/www.veltec.eu\/nl\/verzendservice-aanvraagformulier\/","url":"https:\/\/www.veltec.eu\/nl\/verzendservice-aanvraagformulier\/","name":"Verzendservice aanvraagformulier - Veltec Kirby specialist","isPartOf":{"@id":"https:\/\/www.veltec.eu\/en\/#website"},"datePublished":"2025-02-12T14:20:50+00:00","dateModified":"2026-03-04T13:26:57+00:00","description":"Verzendservice aanvraagformulier - Het Verzendservice Kirby abonnement voor slechts \u20ac2,50 per maand. Vraag hier aan! Veltec Kirby Specialist.","breadcrumb":{"@id":"https:\/\/www.veltec.eu\/nl\/verzendservice-aanvraagformulier\/#breadcrumb"},"inLanguage":"nl-NL","potentialAction":[{"@type":"ReadAction","target":["https:\/\/www.veltec.eu\/nl\/verzendservice-aanvraagformulier\/"]}]},{"@type":"BreadcrumbList","@id":"https:\/\/www.veltec.eu\/nl\/verzendservice-aanvraagformulier\/#breadcrumb","itemListElement":[{"@type":"ListItem","position":1,"name":"Home","item":"https:\/\/www.veltec.eu\/nl\/home\/"},{"@type":"ListItem","position":2,"name":"Verzendservice aanvraagformulier"}]},{"@type":"WebSite","@id":"https:\/\/www.veltec.eu\/en\/#website","url":"https:\/\/www.veltec.eu\/en\/","name":"Veltec Kirby specialist","description":"Kirby stofzuiger producten","publisher":{"@id":"https:\/\/www.veltec.eu\/en\/#organization"},"potentialAction":[{"@type":"SearchAction","target":{"@type":"EntryPoint","urlTemplate":"https:\/\/www.veltec.eu\/en\/?s={search_term_string}"},"query-input":{"@type":"PropertyValueSpecification","valueRequired":true,"valueName":"search_term_string"}}],"inLanguage":"nl-NL"},{"@type":"Organization","@id":"https:\/\/www.veltec.eu\/en\/#organization","name":"Veltec Kirby Specialist","url":"https:\/\/www.veltec.eu\/en\/","logo":{"@type":"ImageObject","inLanguage":"nl-NL","@id":"https:\/\/www.veltec.eu\/en\/#\/schema\/logo\/image\/","url":"https:\/\/www.veltec.eu\/wp-content\/uploads\/2021\/12\/Veltec-log-groot-e1537260889125.png","contentUrl":"https:\/\/www.veltec.eu\/wp-content\/uploads\/2021\/12\/Veltec-log-groot-e1537260889125.png","width":200,"height":60,"caption":"Veltec Kirby Specialist"},"image":{"@id":"https:\/\/www.veltec.eu\/en\/#\/schema\/logo\/image\/"},"sameAs":["https:\/\/www.facebook.com\/Veltec-Kirby-Specialist-236746293374877\/","https:\/\/www.youtube.com\/user\/VeltecService"]}]}},"_links":{"self":[{"href":"https:\/\/www.veltec.eu\/nl\/wp-json\/wp\/v2\/pages\/74217","targetHints":{"allow":["GET"]}}],"collection":[{"href":"https:\/\/www.veltec.eu\/nl\/wp-json\/wp\/v2\/pages"}],"about":[{"href":"https:\/\/www.veltec.eu\/nl\/wp-json\/wp\/v2\/types\/page"}],"author":[{"embeddable":true,"href":"https:\/\/www.veltec.eu\/nl\/wp-json\/wp\/v2\/users\/1"}],"replies":[{"embeddable":true,"href":"https:\/\/www.veltec.eu\/nl\/wp-json\/wp\/v2\/comments?post=74217"}],"version-history":[{"count":6,"href":"https:\/\/www.veltec.eu\/nl\/wp-json\/wp\/v2\/pages\/74217\/revisions"}],"predecessor-version":[{"id":89134,"href":"https:\/\/www.veltec.eu\/nl\/wp-json\/wp\/v2\/pages\/74217\/revisions\/89134"}],"wp:attachment":[{"href":"https:\/\/www.veltec.eu\/nl\/wp-json\/wp\/v2\/media?parent=74217"}],"curies":[{"name":"wp","href":"https:\/\/api.w.org\/{rel}","templated":true}]}}