{"id":91546,"date":"2026-04-28T10:33:40","date_gmt":"2026-04-28T08:33:40","guid":{"rendered":"https:\/\/www.veltec.eu\/product\/sistema-di-pulizia-kirby-a-rullo-spazzola\/"},"modified":"2026-04-28T11:56:57","modified_gmt":"2026-04-28T09:56:57","slug":"sistema-di-pulizia-kirby-a-rullo-spazzola","status":"publish","type":"product","link":"https:\/\/www.veltec.eu\/it\/product\/sistema-di-pulizia-kirby-a-rullo-spazzola\/","title":{"rendered":"Sistema di pulizia Kirby a rullo spazzola"},"content":{"rendered":"<h1>Sistema di pulizia Kirby a rullo spazzola<\/h1>\n<p>Il <strong>sistema di pulizia Kirby a rullo spazzola<\/strong> \u00e8 un rullo spazzola shampoo originale progettato appositamente per la pulizia intensiva di pavimenti e tappeti in combinazione con il sistema Kirby Multi Floor Cleaning System. Pertanto, si ottiene una pulizia potente e uniforme, mentre inoltre il rivestimento del pavimento viene curato in modo ottimale.<\/p>\n<h2>Rullo spazzola Kirby originale<\/h2>\n<p>Questo <strong>rullo spazzola<\/strong> \u00e8 conosciuto anche come Kirby Rug Renovator e rullo spazzola per sistema shampoo tappeti Kirby. Inoltre, \u00e8 importante utilizzare esclusivamente un prodotto originale, poich\u00e9 ci\u00f2 garantisce le prestazioni e la durata della macchina. Inoltre, la struttura assicura un\u2019efficace assorbimento e distribuzione dello shampoo durante la pulizia.<\/p>\n<p><a href=\"https:\/\/www.veltec.eu\/nl\/kirby-borstels-en-toebehoren\/\">Trova qui tutte le spazzole Kirby originali<\/a><\/p>\n<h3>Compatibilit\u00e0 del sistema di pulizia a rullo spazzola<\/h3>\n<p>Il <strong>rullo spazzola<\/strong> \u00e8 compatibile esclusivamente con i sistemi Kirby Multi Floor Cleaning. Tuttavia, questo rullo non \u00e8 adatto ai sistemi shampoo pi\u00f9 vecchi, poich\u00e9 i terminali sono di forma rotonda. Di conseguenza, si ottiene un perfetto adattamento ai modelli compatibili, mentre viene esclusa l\u2019incompatibilit\u00e0 con i sistemi pi\u00f9 datati. Compatibile con, tra gli altri: Avalir Platinum, Avalir 2, Avalir 1, Sentria 2 (G10D), Sentria 1 (G10), Ultimate G Diamond Edition (G7D o DE), Ultimate G (G7 o UG), Generation 6 (G6), Generation 5 (G5), Generation 4 (G4) e Generation 3 (G3).<\/p>\n<h2><img decoding=\"async\" class=\"alignnone wp-image-91473 size-full\" src=\"https:\/\/www.veltec.eu\/wp-content\/uploads\/2026\/04\/Kirby-borstelrolgoed-1-1.jpg\" alt=\"Sistema di pulizia Kirby a rullo spazzola\" width=\"748\" height=\"228\" srcset=\"https:\/\/www.veltec.eu\/wp-content\/uploads\/2026\/04\/Kirby-borstelrolgoed-1-1.jpg 748w, https:\/\/www.veltec.eu\/wp-content\/uploads\/2026\/04\/Kirby-borstelrolgoed-1-1-300x91.jpg 300w, https:\/\/www.veltec.eu\/wp-content\/uploads\/2026\/04\/Kirby-borstelrolgoed-1-1-705x215.jpg 705w, https:\/\/www.veltec.eu\/wp-content\/uploads\/2026\/04\/Kirby-borstelrolgoed-1-1-450x137.jpg 450w, https:\/\/www.veltec.eu\/wp-content\/uploads\/2026\/04\/Kirby-borstelrolgoed-1-1-600x183.jpg 600w\" sizes=\"(max-width: 748px) 100vw, 748px\" \/><br \/>\nApplicazione e manutenzione del sistema di pulizia Kirby a rullo spazzola<\/h2>\n<p>Durante l\u2019utilizzo, il <strong>rullo spazzola<\/strong> offre un effetto di pulizia profonda, che consente di rimuovere efficacemente sporco e residui dalle fibre dei tappeti. Inoltre, \u00e8 fondamentale effettuare una corretta manutenzione per prolungarne la durata e mantenere le prestazioni.<\/p>\n<h3>Consigli di manutenzione per il rullo spazzola Kirby<\/h3>\n<p>Dopo il lavaggio del rullo spazzola, \u00e8 necessario rimontarlo correttamente. Successivamente, lasciare funzionare il Kirby per circa 10\u201330 secondi con il vassoio sollevato, in modo che la spazzola si asciughi correttamente e, inoltre, si riduca la corrosione dei cuscinetti. Tuttavia, non lasciare mai il rullo spazzola in ammollo nell\u2019acqua, poich\u00e9 ci\u00f2 potrebbe causare danni e comprometterne il funzionamento.<\/p>\n","protected":false},"excerpt":{"rendered":"<p>Sistema di pulizia Kirby a rullo spazzola \u2013 Rullo spazzola shampoo originale per il sistema di pulizia multi superfici Kirby<\/p>\n","protected":false},"featured_media":91462,"comment_status":"open","ping_status":"closed","template":"","meta":[],"product_brand":[],"product_cat":[314,340],"product_tag":[],"class_list":{"0":"post-91546","1":"product","2":"type-product","3":"status-publish","4":"has-post-thumbnail","6":"product_cat-kirby-sistema-shampoo","7":"product_cat-kirby-spazzole-accessori","9":"first","10":"instock","11":"taxable","12":"shipping-taxable","13":"purchasable","14":"product-type-simple"},"yoast_head":"<!-- This site is optimized with the Yoast SEO Premium plugin v27.1 (Yoast SEO v27.4) - https:\/\/yoast.com\/product\/yoast-seo-premium-wordpress\/ -->\n<title>Sistema di pulizia Kirby a rullo spazzola - Veltec Kirby specialist<\/title>\n<meta name=\"description\" content=\"Sistema di pulizia Kirby a rullo spazzola \u2013 Rullo spazzola shampoo originale per il sistema di pulizia multi superfici Kirby. Veltec specialista Kirby\" \/>\n<meta name=\"robots\" content=\"index, follow, max-snippet:-1, max-image-preview:large, max-video-preview:-1\" \/>\n<link rel=\"canonical\" href=\"https:\/\/www.veltec.eu\/nl\/product\/kirby-borstelrol-vloerreinigingssysteem\/\" \/>\n<meta property=\"og:locale\" content=\"it_IT\" \/>\n<meta property=\"og:type\" content=\"article\" \/>\n<meta property=\"og:title\" content=\"Sistema di pulizia Kirby a rullo spazzola\" \/>\n<meta property=\"og:description\" content=\"Sistema di pulizia Kirby a rullo spazzola \u2013 Rullo spazzola shampoo originale per il sistema di pulizia multi superfici Kirby\" \/>\n<meta property=\"og:url\" content=\"https:\/\/www.veltec.eu\/nl\/product\/kirby-borstelrol-vloerreinigingssysteem\/\" \/>\n<meta property=\"og:site_name\" content=\"Veltec Kirby specialist\" \/>\n<meta property=\"article:publisher\" content=\"https:\/\/www.facebook.com\/Veltec-Kirby-Specialist-236746293374877\/\" \/>\n<meta property=\"article:modified_time\" content=\"2026-04-28T09:56:57+00:00\" \/>\n<meta property=\"og:image\" content=\"https:\/\/www.veltec.eu\/wp-content\/uploads\/2026\/04\/Kirby-shampoo-borstel.Avalir.jpg\" \/>\n\t<meta property=\"og:image:width\" content=\"600\" \/>\n\t<meta property=\"og:image:height\" content=\"600\" \/>\n\t<meta property=\"og:image:type\" content=\"image\/jpeg\" \/>\n<meta name=\"twitter:card\" content=\"summary_large_image\" \/>\n<meta name=\"twitter:label1\" content=\"Tempo di lettura stimato\" \/>\n\t<meta name=\"twitter:data1\" content=\"2 minuti\" \/>\n<script type=\"application\/ld+json\" class=\"yoast-schema-graph\">{\"@context\":\"https:\\\/\\\/schema.org\",\"@graph\":[{\"@type\":\"WebPage\",\"@id\":\"https:\\\/\\\/www.veltec.eu\\\/nl\\\/product\\\/kirby-borstelrol-vloerreinigingssysteem\\\/\",\"url\":\"https:\\\/\\\/www.veltec.eu\\\/nl\\\/product\\\/kirby-borstelrol-vloerreinigingssysteem\\\/\",\"name\":\"Sistema di pulizia Kirby a rullo spazzola - Veltec Kirby specialist\",\"isPartOf\":{\"@id\":\"https:\\\/\\\/www.veltec.eu\\\/en\\\/#website\"},\"primaryImageOfPage\":{\"@id\":\"https:\\\/\\\/www.veltec.eu\\\/nl\\\/product\\\/kirby-borstelrol-vloerreinigingssysteem\\\/#primaryimage\"},\"image\":{\"@id\":\"https:\\\/\\\/www.veltec.eu\\\/nl\\\/product\\\/kirby-borstelrol-vloerreinigingssysteem\\\/#primaryimage\"},\"thumbnailUrl\":\"https:\\\/\\\/www.veltec.eu\\\/wp-content\\\/uploads\\\/2026\\\/04\\\/Kirby-shampoo-borstel.Avalir.jpg\",\"datePublished\":\"2026-04-28T08:33:40+00:00\",\"dateModified\":\"2026-04-28T09:56:57+00:00\",\"description\":\"Sistema di pulizia Kirby a rullo spazzola \u2013 Rullo spazzola shampoo originale per il sistema di pulizia multi superfici Kirby. Veltec specialista Kirby\",\"breadcrumb\":{\"@id\":\"https:\\\/\\\/www.veltec.eu\\\/nl\\\/product\\\/kirby-borstelrol-vloerreinigingssysteem\\\/#breadcrumb\"},\"inLanguage\":\"it-IT\",\"potentialAction\":[{\"@type\":\"ReadAction\",\"target\":[\"https:\\\/\\\/www.veltec.eu\\\/nl\\\/product\\\/kirby-borstelrol-vloerreinigingssysteem\\\/\"]}]},{\"@type\":\"ImageObject\",\"inLanguage\":\"it-IT\",\"@id\":\"https:\\\/\\\/www.veltec.eu\\\/nl\\\/product\\\/kirby-borstelrol-vloerreinigingssysteem\\\/#primaryimage\",\"url\":\"https:\\\/\\\/www.veltec.eu\\\/wp-content\\\/uploads\\\/2026\\\/04\\\/Kirby-shampoo-borstel.Avalir.jpg\",\"contentUrl\":\"https:\\\/\\\/www.veltec.eu\\\/wp-content\\\/uploads\\\/2026\\\/04\\\/Kirby-shampoo-borstel.Avalir.jpg\",\"width\":600,\"height\":600},{\"@type\":\"BreadcrumbList\",\"@id\":\"https:\\\/\\\/www.veltec.eu\\\/nl\\\/product\\\/kirby-borstelrol-vloerreinigingssysteem\\\/#breadcrumb\",\"itemListElement\":[{\"@type\":\"ListItem\",\"position\":1,\"name\":\"Home\",\"item\":\"https:\\\/\\\/www.veltec.eu\\\/it\\\/\"},{\"@type\":\"ListItem\",\"position\":2,\"name\":\"Produits\",\"item\":\"https:\\\/\\\/www.veltec.eu\\\/fr\\\/shop\\\/\"},{\"@type\":\"ListItem\",\"position\":3,\"name\":\"Sistema di pulizia Kirby a rullo spazzola\"}]},{\"@type\":\"WebSite\",\"@id\":\"https:\\\/\\\/www.veltec.eu\\\/en\\\/#website\",\"url\":\"https:\\\/\\\/www.veltec.eu\\\/en\\\/\",\"name\":\"Veltec Kirby specialist\",\"description\":\"Kirby stofzuiger producten\",\"publisher\":{\"@id\":\"https:\\\/\\\/www.veltec.eu\\\/en\\\/#organization\"},\"potentialAction\":[{\"@type\":\"SearchAction\",\"target\":{\"@type\":\"EntryPoint\",\"urlTemplate\":\"https:\\\/\\\/www.veltec.eu\\\/en\\\/?s={search_term_string}\"},\"query-input\":{\"@type\":\"PropertyValueSpecification\",\"valueRequired\":true,\"valueName\":\"search_term_string\"}}],\"inLanguage\":\"it-IT\"},{\"@type\":\"Organization\",\"@id\":\"https:\\\/\\\/www.veltec.eu\\\/en\\\/#organization\",\"name\":\"Veltec Kirby Specialist\",\"url\":\"https:\\\/\\\/www.veltec.eu\\\/en\\\/\",\"logo\":{\"@type\":\"ImageObject\",\"inLanguage\":\"it-IT\",\"@id\":\"https:\\\/\\\/www.veltec.eu\\\/en\\\/#\\\/schema\\\/logo\\\/image\\\/\",\"url\":\"https:\\\/\\\/www.veltec.eu\\\/wp-content\\\/uploads\\\/2021\\\/12\\\/Veltec-log-groot-e1537260889125.png\",\"contentUrl\":\"https:\\\/\\\/www.veltec.eu\\\/wp-content\\\/uploads\\\/2021\\\/12\\\/Veltec-log-groot-e1537260889125.png\",\"width\":200,\"height\":60,\"caption\":\"Veltec Kirby Specialist\"},\"image\":{\"@id\":\"https:\\\/\\\/www.veltec.eu\\\/en\\\/#\\\/schema\\\/logo\\\/image\\\/\"},\"sameAs\":[\"https:\\\/\\\/www.facebook.com\\\/Veltec-Kirby-Specialist-236746293374877\\\/\",\"https:\\\/\\\/www.youtube.com\\\/user\\\/VeltecService\"]}]}<\/script>\n<!-- \/ Yoast SEO Premium plugin. -->","yoast_head_json":{"title":"Sistema di pulizia Kirby a rullo spazzola - Veltec Kirby specialist","description":"Sistema di pulizia Kirby a rullo spazzola \u2013 Rullo spazzola shampoo originale per il sistema di pulizia multi superfici Kirby. Veltec specialista Kirby","robots":{"index":"index","follow":"follow","max-snippet":"max-snippet:-1","max-image-preview":"max-image-preview:large","max-video-preview":"max-video-preview:-1"},"canonical":"https:\/\/www.veltec.eu\/nl\/product\/kirby-borstelrol-vloerreinigingssysteem\/","og_locale":"it_IT","og_type":"article","og_title":"Sistema di pulizia Kirby a rullo spazzola","og_description":"Sistema di pulizia Kirby a rullo spazzola \u2013 Rullo spazzola shampoo originale per il sistema di pulizia multi superfici Kirby","og_url":"https:\/\/www.veltec.eu\/nl\/product\/kirby-borstelrol-vloerreinigingssysteem\/","og_site_name":"Veltec Kirby specialist","article_publisher":"https:\/\/www.facebook.com\/Veltec-Kirby-Specialist-236746293374877\/","article_modified_time":"2026-04-28T09:56:57+00:00","og_image":[{"width":600,"height":600,"url":"https:\/\/www.veltec.eu\/wp-content\/uploads\/2026\/04\/Kirby-shampoo-borstel.Avalir.jpg","type":"image\/jpeg"}],"twitter_card":"summary_large_image","twitter_misc":{"Tempo di lettura stimato":"2 minuti"},"schema":{"@context":"https:\/\/schema.org","@graph":[{"@type":"WebPage","@id":"https:\/\/www.veltec.eu\/nl\/product\/kirby-borstelrol-vloerreinigingssysteem\/","url":"https:\/\/www.veltec.eu\/nl\/product\/kirby-borstelrol-vloerreinigingssysteem\/","name":"Sistema di pulizia Kirby a rullo spazzola - Veltec Kirby specialist","isPartOf":{"@id":"https:\/\/www.veltec.eu\/en\/#website"},"primaryImageOfPage":{"@id":"https:\/\/www.veltec.eu\/nl\/product\/kirby-borstelrol-vloerreinigingssysteem\/#primaryimage"},"image":{"@id":"https:\/\/www.veltec.eu\/nl\/product\/kirby-borstelrol-vloerreinigingssysteem\/#primaryimage"},"thumbnailUrl":"https:\/\/www.veltec.eu\/wp-content\/uploads\/2026\/04\/Kirby-shampoo-borstel.Avalir.jpg","datePublished":"2026-04-28T08:33:40+00:00","dateModified":"2026-04-28T09:56:57+00:00","description":"Sistema di pulizia Kirby a rullo spazzola \u2013 Rullo spazzola shampoo originale per il sistema di pulizia multi superfici Kirby. Veltec specialista Kirby","breadcrumb":{"@id":"https:\/\/www.veltec.eu\/nl\/product\/kirby-borstelrol-vloerreinigingssysteem\/#breadcrumb"},"inLanguage":"it-IT","potentialAction":[{"@type":"ReadAction","target":["https:\/\/www.veltec.eu\/nl\/product\/kirby-borstelrol-vloerreinigingssysteem\/"]}]},{"@type":"ImageObject","inLanguage":"it-IT","@id":"https:\/\/www.veltec.eu\/nl\/product\/kirby-borstelrol-vloerreinigingssysteem\/#primaryimage","url":"https:\/\/www.veltec.eu\/wp-content\/uploads\/2026\/04\/Kirby-shampoo-borstel.Avalir.jpg","contentUrl":"https:\/\/www.veltec.eu\/wp-content\/uploads\/2026\/04\/Kirby-shampoo-borstel.Avalir.jpg","width":600,"height":600},{"@type":"BreadcrumbList","@id":"https:\/\/www.veltec.eu\/nl\/product\/kirby-borstelrol-vloerreinigingssysteem\/#breadcrumb","itemListElement":[{"@type":"ListItem","position":1,"name":"Home","item":"https:\/\/www.veltec.eu\/it\/"},{"@type":"ListItem","position":2,"name":"Produits","item":"https:\/\/www.veltec.eu\/fr\/shop\/"},{"@type":"ListItem","position":3,"name":"Sistema di pulizia Kirby a rullo spazzola"}]},{"@type":"WebSite","@id":"https:\/\/www.veltec.eu\/en\/#website","url":"https:\/\/www.veltec.eu\/en\/","name":"Veltec Kirby specialist","description":"Kirby stofzuiger producten","publisher":{"@id":"https:\/\/www.veltec.eu\/en\/#organization"},"potentialAction":[{"@type":"SearchAction","target":{"@type":"EntryPoint","urlTemplate":"https:\/\/www.veltec.eu\/en\/?s={search_term_string}"},"query-input":{"@type":"PropertyValueSpecification","valueRequired":true,"valueName":"search_term_string"}}],"inLanguage":"it-IT"},{"@type":"Organization","@id":"https:\/\/www.veltec.eu\/en\/#organization","name":"Veltec Kirby Specialist","url":"https:\/\/www.veltec.eu\/en\/","logo":{"@type":"ImageObject","inLanguage":"it-IT","@id":"https:\/\/www.veltec.eu\/en\/#\/schema\/logo\/image\/","url":"https:\/\/www.veltec.eu\/wp-content\/uploads\/2021\/12\/Veltec-log-groot-e1537260889125.png","contentUrl":"https:\/\/www.veltec.eu\/wp-content\/uploads\/2021\/12\/Veltec-log-groot-e1537260889125.png","width":200,"height":60,"caption":"Veltec Kirby Specialist"},"image":{"@id":"https:\/\/www.veltec.eu\/en\/#\/schema\/logo\/image\/"},"sameAs":["https:\/\/www.facebook.com\/Veltec-Kirby-Specialist-236746293374877\/","https:\/\/www.youtube.com\/user\/VeltecService"]}]}},"_links":{"self":[{"href":"https:\/\/www.veltec.eu\/it\/wp-json\/wp\/v2\/product\/91546","targetHints":{"allow":["GET"]}}],"collection":[{"href":"https:\/\/www.veltec.eu\/it\/wp-json\/wp\/v2\/product"}],"about":[{"href":"https:\/\/www.veltec.eu\/it\/wp-json\/wp\/v2\/types\/product"}],"replies":[{"embeddable":true,"href":"https:\/\/www.veltec.eu\/it\/wp-json\/wp\/v2\/comments?post=91546"}],"wp:featuredmedia":[{"embeddable":true,"href":"https:\/\/www.veltec.eu\/it\/wp-json\/wp\/v2\/media\/91462"}],"wp:attachment":[{"href":"https:\/\/www.veltec.eu\/it\/wp-json\/wp\/v2\/media?parent=91546"}],"wp:term":[{"taxonomy":"product_brand","embeddable":true,"href":"https:\/\/www.veltec.eu\/it\/wp-json\/wp\/v2\/product_brand?post=91546"},{"taxonomy":"product_cat","embeddable":true,"href":"https:\/\/www.veltec.eu\/it\/wp-json\/wp\/v2\/product_cat?post=91546"},{"taxonomy":"product_tag","embeddable":true,"href":"https:\/\/www.veltec.eu\/it\/wp-json\/wp\/v2\/product_tag?post=91546"}],"curies":[{"name":"wp","href":"https:\/\/api.w.org\/{rel}","templated":true}]}}