{"id":79562,"date":"2025-05-26T15:52:42","date_gmt":"2025-05-26T13:52:42","guid":{"rendered":"https:\/\/www.veltec.eu\/product\/1250-filtri-dimostrativi-kirby\/"},"modified":"2025-05-27T10:25:33","modified_gmt":"2025-05-27T08:25:33","slug":"1250-filtri-dimostrativi-kirby","status":"publish","type":"product","link":"https:\/\/www.veltec.eu\/it\/product\/1250-filtri-dimostrativi-kirby\/","title":{"rendered":"1250 Filtri dimostrativi Kirby"},"content":{"rendered":"<h1>1250 Filtri dimostrativi Kirby &#8211; Per le dimostrazioni Kirby<\/h1>\n<p>Fate regolarmente dimostrazioni Kirby o eseguite la pulizia professionale dei materassi? Allora sapete quanto sia importante che lo sporco sia ben visibile. Con i nostri <strong>1250 Filtri dimostrativi Kirby<\/strong> avete un&#8217;ampia scorta di filtri originali con i quali potete fare dimostrazioni professionali per molto tempo, senza compromettere la qualit\u00e0 o il flusso d&#8217;aria.<\/p>\n<p>Questi filtri sono stati progettati appositamente per essere utilizzati in combinazione con la spia dimostrativa Kirby e forniscono una chiara visualizzazione di ci\u00f2 che il vostro aspirapolvere Kirby estrae da materassi, pavimenti o tappezzeria. Che siate venditori o professionisti della pulizia, con questi filtri convincerete ogni cliente della potenza di Kirby.<\/p>\n<hr data-start=\"1058\" data-end=\"1061\" \/>\n<h2>Cosa sono i 1250 Filtri dimostrativi Kirby?<\/h2>\n<h3>Filtri originali per presentazioni convincenti<\/h3>\n<p>I filtri dimostrativi 1250 Kirby sono filtri di raccolta rotondi, di colore nero, che vengono utilizzati in combinazione con la spia dimostrativa Kirby. Questi filtri sono forniti esclusivamente da noi e hanno lo scopo di rendere immediatamente visibile lo sporco aspirato, come polvere, peli e forfora.<\/p>\n<p>Grazie alla loro struttura unica: i filtri rimangono traspiranti, non si intasano durante il normale utilizzo e mantengono la potenza di aspirazione del vostro aspirapolvere Kirby.<\/p>\n<p>Questi filtri sono essenziali per le dimostrazioni in cui si vuole mostrare cosa si nasconde realmente nei materassi e nei tappeti. Il risultato \u00e8 una prova visiva che ispira immediata fiducia a clienti e utenti.<\/p>\n<p>Nota: utilizzare solo i filtri originali. Alternative come salviette di carta o prodotti di imitazione disturbano il flusso d&#8217;aria e impediscono il funzionamento del Kirby.<\/p>\n<hr data-start=\"2018\" data-end=\"2021\" \/>\n<h2>Perch\u00e9 scegliere un rotolo di 1250 Filtri dimostrativi Kirby?<\/h2>\n<h3>Preparati professionalmente, sempre sufficienti in magazzino<\/h3>\n<p>Quando si utilizza regolarmente la spia dimostrativa Kirby, ad esempio per la pulizia commerciale o durante le dimostrazioni, \u00e8 indispensabile una grande scorta di filtri. Per questo motivo offriamo la possibilit\u00e0 di acquistare un rotolo economico di 1250 filtri dimostrativi Kirby.<\/p>\n<p>I vantaggi di questa grande confezione sono:<\/p>\n<ul>\n<li>Sempre abbastanza filtri in magazzino per l&#8217;uso quotidiano<\/li>\n<li>Risparmio di costi rispetto alle confezioni pi\u00f9 piccole<\/li>\n<li>Comoda confezione in rotolo per un uso efficiente<\/li>\n<li>Adatto per un uso professionale intensivo<\/li>\n<\/ul>\n<p>Inoltre, questi filtri sono ordinatamente arrotolati, il che rende il loro cambio durante le dimostrazioni o le sessioni di pulizia rapido e igienico.<\/p>\n<hr data-start=\"2842\" data-end=\"2845\" \/>\n<h2>Uso e installazione dei filtri dimostrativi<\/h2>\n<h3>Sostituzione rapida, dimostrazione facile<\/h3>\n<p>L&#8217;uso dei filtri dimostrativi Kirby 1250 \u00e8 molto semplice:<\/p>\n<ol>\n<li>Rimuovere il sacchetto standard dell&#8217;aspirapolvere Kirby.<\/li>\n<li>Aprire il vetro spia dimostrativo.<\/li>\n<li>Inserire un nuovo filtro nero nel vetro di visualizzazione.<\/li>\n<li>Collegare il vetro dimostrativo al Kirby.<\/li>\n<li>Iniziare ad aspirare e vedere lo sporco accumularsi nel filtro.<\/li>\n<\/ol>\n<p>Grazie all&#8217;involucro trasparente del vetro spia Kirby, \u00e8 possibile vedere esattamente come si accumula lo sporco. Questo rende immediatamente visibile l&#8217;effetto del Kirby: uno strumento di vendita o di controllo particolarmente potente.<\/p>\n<p>Successivamente, si rimuove il filtro usato e lo si sostituisce con uno nuovo. I vecchi filtri sono facili da buttare. Quindi si pu\u00f2 ricominciare con un filtro pulito.<\/p>\n<hr data-start=\"3640\" data-end=\"3643\" \/>\n<h2>Importanza dei filtri originali Kirby<\/h2>\n<h3>Scegliere qualit\u00e0 e prestazioni affidabili<\/h3>\n<p>I filtri dimostrativi originali Kirby sono progettati appositamente per garantire prestazioni ottimali. Garantiscono:<\/p>\n<ul>\n<li>Un flusso d&#8217;aria costante e potente<\/li>\n<li>Buona visibilit\u00e0 dello sporco<\/li>\n<li>Prevenzione di intasamenti o contraccolpi<\/li>\n<li>Maggiore durata del vostro aspirapolvere Kirby<\/li>\n<\/ul>\n<p>L&#8217;utilizzo di filtri originali evita di danneggiare il vostro aspirapolvere e garantisce una presentazione ottimale. Filtri alternativi o fatti in casa, come quelli di carta, possono causare intasamenti e ridurre la potenza di aspirazione. Di conseguenza, si perde la convinzione della dimostrazione e si rischia di danneggiare il motore.<\/p>\n<p>Investite quindi in qualit\u00e0 e sicurezza con i nostri filtri originali.<\/p>\n<hr data-start=\"4432\" data-end=\"4435\" \/>\n<h2>Quanto costa un rotolo di 1250 Filtri dimostrativi Kirby?<\/h2>\n<h3>Confezione grande per uso professionale<\/h3>\n<p>Il prezzo per un rotolo completo di 1250 filtri dimostrativi Kirby \u00e8 di 120,00 euro. Si tratta di un prezzo competitivo per una grande quantit\u00e0 di filtri originali di alta qualit\u00e0. In questo modo avrete a disposizione materiale dimostrativo professionale per un periodo di tempo pi\u00f9 lungo.<\/p>\n<p>Nota: a causa delle dimensioni e dell&#8217;esclusivit\u00e0 di questi filtri, i tempi di consegna potrebbero essere leggermente pi\u00f9 lunghi del solito. Pertanto, ordinate per tempo, soprattutto se utilizzate spesso i filtri nelle vostre attivit\u00e0.<\/p>\n<hr data-start=\"5010\" data-end=\"5013\" \/>\n<h2>Ordina subito i tuoi 1250 Filtri dimostrativi Kirby<\/h2>\n<h3>La scelta intelligente per professionisti e dimostratori<\/h3>\n<p>Non volete pi\u00f9 perdere una dimostrazione o una pulizia? Allora scegliete questa confezione di 1250 filtri dimostrativi Kirby. Grazie alla qualit\u00e0 originale, alla facilit\u00e0 di applicazione e al prezzo interessante, avrete sempre la certezza di una presentazione convincente e di risultati eccellenti con il vostro aspirapolvere Kirby.<\/p>\n<p>Effettuate il vostro ordine oggi stesso e scoprite la convenienza di lavorare con una grande scorta di filtri originali. I vostri clienti vedranno la differenza &#8211; e anche voi.<\/p>\n","protected":false},"excerpt":{"rendered":"<p>&nbsp;<\/p>\n[trustindex data-widget-id=de4365f24f22281a6b165ed75b0]\n<h3><span style=\"color: #008000;\"><br \/>\nIn magazzino<\/span><\/h3>\n[av_font_icon icon='ue812' font='entypo-fontello' style='' caption='' size='25px' position='left' color='#43ad66' link='' linktarget='' title_attr='' sonar_effect_effect='' sonar_effect_color='' sonar_effect_duration='1' sonar_effect_scale='' sonar_effect_opac='0.5' animation='' id='' custom_class='' template_class='' av_uid='' sc_version='1.0' admin_preview_bg=''][\/av_font_icon]\n<p><span style=\"color: #008000;\">I tempi di consegna sono compresi tra 5 e 10 giorni lavorativi.<\/span><\/p>\n<p>&nbsp;<\/p>\n","protected":false},"featured_media":79665,"comment_status":"open","ping_status":"closed","template":"","meta":[],"product_brand":[],"product_cat":[1409],"product_tag":[],"class_list":{"0":"post-79562","1":"product","2":"type-product","3":"status-publish","4":"has-post-thumbnail","6":"product_cat-pulitore-per-materassi-kirby","8":"first","9":"instock","10":"sale","11":"taxable","12":"shipping-taxable","13":"purchasable","14":"product-type-simple"},"yoast_head":"<!-- This site is optimized with the Yoast SEO Premium plugin v27.1 (Yoast SEO v27.4) - https:\/\/yoast.com\/product\/yoast-seo-premium-wordpress\/ -->\n<title>1250 Filtri dimostrativi Kirby - Veltec Kirby specialist<\/title>\n<meta name=\"description\" content=\"1250 Filtri dimostrativi Kirby - Veltec \u00e8 fornitore di aspirapolvere Kirby da oltre 25 anni. Ed \u00e8 il vostro specialista Kirby di fiducia.\" \/>\n<meta name=\"robots\" content=\"index, follow, max-snippet:-1, max-image-preview:large, max-video-preview:-1\" \/>\n<link rel=\"canonical\" href=\"https:\/\/www.veltec.eu\/nl\/product\/1250-kirby-demonstratie-filters\/\" \/>\n<meta property=\"og:locale\" content=\"it_IT\" \/>\n<meta property=\"og:type\" content=\"article\" \/>\n<meta property=\"og:title\" content=\"1250 Filtri dimostrativi Kirby\" \/>\n<meta property=\"og:description\" content=\"&nbsp;    In magazzino   I tempi di consegna sono compresi tra 5 e 10 giorni lavorativi.  &nbsp;\" \/>\n<meta property=\"og:url\" content=\"https:\/\/www.veltec.eu\/nl\/product\/1250-kirby-demonstratie-filters\/\" \/>\n<meta property=\"og:site_name\" content=\"Veltec Kirby specialist\" \/>\n<meta property=\"article:publisher\" content=\"https:\/\/www.facebook.com\/Veltec-Kirby-Specialist-236746293374877\/\" \/>\n<meta property=\"article:modified_time\" content=\"2025-05-27T08:25:33+00:00\" \/>\n<meta property=\"og:image\" content=\"https:\/\/www.veltec.eu\/wp-content\/uploads\/2025\/05\/demonstratiefiltersKirby.jpg\" \/>\n\t<meta property=\"og:image:width\" content=\"600\" \/>\n\t<meta property=\"og:image:height\" content=\"600\" \/>\n\t<meta property=\"og:image:type\" content=\"image\/jpeg\" \/>\n<meta name=\"twitter:card\" content=\"summary_large_image\" \/>\n<meta name=\"twitter:label1\" content=\"Tempo di lettura stimato\" \/>\n\t<meta name=\"twitter:data1\" content=\"4 minuti\" \/>\n<script type=\"application\/ld+json\" class=\"yoast-schema-graph\">{\"@context\":\"https:\\\/\\\/schema.org\",\"@graph\":[{\"@type\":\"WebPage\",\"@id\":\"https:\\\/\\\/www.veltec.eu\\\/nl\\\/product\\\/1250-kirby-demonstratie-filters\\\/\",\"url\":\"https:\\\/\\\/www.veltec.eu\\\/nl\\\/product\\\/1250-kirby-demonstratie-filters\\\/\",\"name\":\"1250 Filtri dimostrativi Kirby - Veltec Kirby specialist\",\"isPartOf\":{\"@id\":\"https:\\\/\\\/www.veltec.eu\\\/en\\\/#website\"},\"primaryImageOfPage\":{\"@id\":\"https:\\\/\\\/www.veltec.eu\\\/nl\\\/product\\\/1250-kirby-demonstratie-filters\\\/#primaryimage\"},\"image\":{\"@id\":\"https:\\\/\\\/www.veltec.eu\\\/nl\\\/product\\\/1250-kirby-demonstratie-filters\\\/#primaryimage\"},\"thumbnailUrl\":\"https:\\\/\\\/www.veltec.eu\\\/wp-content\\\/uploads\\\/2025\\\/05\\\/demonstratiefiltersKirby.jpg\",\"datePublished\":\"2025-05-26T13:52:42+00:00\",\"dateModified\":\"2025-05-27T08:25:33+00:00\",\"description\":\"1250 Filtri dimostrativi Kirby - Veltec \u00e8 fornitore di aspirapolvere Kirby da oltre 25 anni. Ed \u00e8 il vostro specialista Kirby di fiducia.\",\"breadcrumb\":{\"@id\":\"https:\\\/\\\/www.veltec.eu\\\/nl\\\/product\\\/1250-kirby-demonstratie-filters\\\/#breadcrumb\"},\"inLanguage\":\"it-IT\",\"potentialAction\":[{\"@type\":\"ReadAction\",\"target\":[\"https:\\\/\\\/www.veltec.eu\\\/nl\\\/product\\\/1250-kirby-demonstratie-filters\\\/\"]}]},{\"@type\":\"ImageObject\",\"inLanguage\":\"it-IT\",\"@id\":\"https:\\\/\\\/www.veltec.eu\\\/nl\\\/product\\\/1250-kirby-demonstratie-filters\\\/#primaryimage\",\"url\":\"https:\\\/\\\/www.veltec.eu\\\/wp-content\\\/uploads\\\/2025\\\/05\\\/demonstratiefiltersKirby.jpg\",\"contentUrl\":\"https:\\\/\\\/www.veltec.eu\\\/wp-content\\\/uploads\\\/2025\\\/05\\\/demonstratiefiltersKirby.jpg\",\"width\":600,\"height\":600},{\"@type\":\"BreadcrumbList\",\"@id\":\"https:\\\/\\\/www.veltec.eu\\\/nl\\\/product\\\/1250-kirby-demonstratie-filters\\\/#breadcrumb\",\"itemListElement\":[{\"@type\":\"ListItem\",\"position\":1,\"name\":\"Home\",\"item\":\"https:\\\/\\\/www.veltec.eu\\\/it\\\/\"},{\"@type\":\"ListItem\",\"position\":2,\"name\":\"Produits\",\"item\":\"https:\\\/\\\/www.veltec.eu\\\/fr\\\/shop\\\/\"},{\"@type\":\"ListItem\",\"position\":3,\"name\":\"1250 Filtri dimostrativi Kirby\"}]},{\"@type\":\"WebSite\",\"@id\":\"https:\\\/\\\/www.veltec.eu\\\/en\\\/#website\",\"url\":\"https:\\\/\\\/www.veltec.eu\\\/en\\\/\",\"name\":\"Veltec Kirby specialist\",\"description\":\"Kirby stofzuiger producten\",\"publisher\":{\"@id\":\"https:\\\/\\\/www.veltec.eu\\\/en\\\/#organization\"},\"potentialAction\":[{\"@type\":\"SearchAction\",\"target\":{\"@type\":\"EntryPoint\",\"urlTemplate\":\"https:\\\/\\\/www.veltec.eu\\\/en\\\/?s={search_term_string}\"},\"query-input\":{\"@type\":\"PropertyValueSpecification\",\"valueRequired\":true,\"valueName\":\"search_term_string\"}}],\"inLanguage\":\"it-IT\"},{\"@type\":\"Organization\",\"@id\":\"https:\\\/\\\/www.veltec.eu\\\/en\\\/#organization\",\"name\":\"Veltec Kirby Specialist\",\"url\":\"https:\\\/\\\/www.veltec.eu\\\/en\\\/\",\"logo\":{\"@type\":\"ImageObject\",\"inLanguage\":\"it-IT\",\"@id\":\"https:\\\/\\\/www.veltec.eu\\\/en\\\/#\\\/schema\\\/logo\\\/image\\\/\",\"url\":\"https:\\\/\\\/www.veltec.eu\\\/wp-content\\\/uploads\\\/2021\\\/12\\\/Veltec-log-groot-e1537260889125.png\",\"contentUrl\":\"https:\\\/\\\/www.veltec.eu\\\/wp-content\\\/uploads\\\/2021\\\/12\\\/Veltec-log-groot-e1537260889125.png\",\"width\":200,\"height\":60,\"caption\":\"Veltec Kirby Specialist\"},\"image\":{\"@id\":\"https:\\\/\\\/www.veltec.eu\\\/en\\\/#\\\/schema\\\/logo\\\/image\\\/\"},\"sameAs\":[\"https:\\\/\\\/www.facebook.com\\\/Veltec-Kirby-Specialist-236746293374877\\\/\",\"https:\\\/\\\/www.youtube.com\\\/user\\\/VeltecService\"]}]}<\/script>\n<!-- \/ Yoast SEO Premium plugin. -->","yoast_head_json":{"title":"1250 Filtri dimostrativi Kirby - Veltec Kirby specialist","description":"1250 Filtri dimostrativi Kirby - Veltec \u00e8 fornitore di aspirapolvere Kirby da oltre 25 anni. Ed \u00e8 il vostro specialista Kirby di fiducia.","robots":{"index":"index","follow":"follow","max-snippet":"max-snippet:-1","max-image-preview":"max-image-preview:large","max-video-preview":"max-video-preview:-1"},"canonical":"https:\/\/www.veltec.eu\/nl\/product\/1250-kirby-demonstratie-filters\/","og_locale":"it_IT","og_type":"article","og_title":"1250 Filtri dimostrativi Kirby","og_description":"&nbsp;    In magazzino   I tempi di consegna sono compresi tra 5 e 10 giorni lavorativi.  &nbsp;","og_url":"https:\/\/www.veltec.eu\/nl\/product\/1250-kirby-demonstratie-filters\/","og_site_name":"Veltec Kirby specialist","article_publisher":"https:\/\/www.facebook.com\/Veltec-Kirby-Specialist-236746293374877\/","article_modified_time":"2025-05-27T08:25:33+00:00","og_image":[{"width":600,"height":600,"url":"https:\/\/www.veltec.eu\/wp-content\/uploads\/2025\/05\/demonstratiefiltersKirby.jpg","type":"image\/jpeg"}],"twitter_card":"summary_large_image","twitter_misc":{"Tempo di lettura stimato":"4 minuti"},"schema":{"@context":"https:\/\/schema.org","@graph":[{"@type":"WebPage","@id":"https:\/\/www.veltec.eu\/nl\/product\/1250-kirby-demonstratie-filters\/","url":"https:\/\/www.veltec.eu\/nl\/product\/1250-kirby-demonstratie-filters\/","name":"1250 Filtri dimostrativi Kirby - Veltec Kirby specialist","isPartOf":{"@id":"https:\/\/www.veltec.eu\/en\/#website"},"primaryImageOfPage":{"@id":"https:\/\/www.veltec.eu\/nl\/product\/1250-kirby-demonstratie-filters\/#primaryimage"},"image":{"@id":"https:\/\/www.veltec.eu\/nl\/product\/1250-kirby-demonstratie-filters\/#primaryimage"},"thumbnailUrl":"https:\/\/www.veltec.eu\/wp-content\/uploads\/2025\/05\/demonstratiefiltersKirby.jpg","datePublished":"2025-05-26T13:52:42+00:00","dateModified":"2025-05-27T08:25:33+00:00","description":"1250 Filtri dimostrativi Kirby - Veltec \u00e8 fornitore di aspirapolvere Kirby da oltre 25 anni. Ed \u00e8 il vostro specialista Kirby di fiducia.","breadcrumb":{"@id":"https:\/\/www.veltec.eu\/nl\/product\/1250-kirby-demonstratie-filters\/#breadcrumb"},"inLanguage":"it-IT","potentialAction":[{"@type":"ReadAction","target":["https:\/\/www.veltec.eu\/nl\/product\/1250-kirby-demonstratie-filters\/"]}]},{"@type":"ImageObject","inLanguage":"it-IT","@id":"https:\/\/www.veltec.eu\/nl\/product\/1250-kirby-demonstratie-filters\/#primaryimage","url":"https:\/\/www.veltec.eu\/wp-content\/uploads\/2025\/05\/demonstratiefiltersKirby.jpg","contentUrl":"https:\/\/www.veltec.eu\/wp-content\/uploads\/2025\/05\/demonstratiefiltersKirby.jpg","width":600,"height":600},{"@type":"BreadcrumbList","@id":"https:\/\/www.veltec.eu\/nl\/product\/1250-kirby-demonstratie-filters\/#breadcrumb","itemListElement":[{"@type":"ListItem","position":1,"name":"Home","item":"https:\/\/www.veltec.eu\/it\/"},{"@type":"ListItem","position":2,"name":"Produits","item":"https:\/\/www.veltec.eu\/fr\/shop\/"},{"@type":"ListItem","position":3,"name":"1250 Filtri dimostrativi Kirby"}]},{"@type":"WebSite","@id":"https:\/\/www.veltec.eu\/en\/#website","url":"https:\/\/www.veltec.eu\/en\/","name":"Veltec Kirby specialist","description":"Kirby stofzuiger producten","publisher":{"@id":"https:\/\/www.veltec.eu\/en\/#organization"},"potentialAction":[{"@type":"SearchAction","target":{"@type":"EntryPoint","urlTemplate":"https:\/\/www.veltec.eu\/en\/?s={search_term_string}"},"query-input":{"@type":"PropertyValueSpecification","valueRequired":true,"valueName":"search_term_string"}}],"inLanguage":"it-IT"},{"@type":"Organization","@id":"https:\/\/www.veltec.eu\/en\/#organization","name":"Veltec Kirby Specialist","url":"https:\/\/www.veltec.eu\/en\/","logo":{"@type":"ImageObject","inLanguage":"it-IT","@id":"https:\/\/www.veltec.eu\/en\/#\/schema\/logo\/image\/","url":"https:\/\/www.veltec.eu\/wp-content\/uploads\/2021\/12\/Veltec-log-groot-e1537260889125.png","contentUrl":"https:\/\/www.veltec.eu\/wp-content\/uploads\/2021\/12\/Veltec-log-groot-e1537260889125.png","width":200,"height":60,"caption":"Veltec Kirby Specialist"},"image":{"@id":"https:\/\/www.veltec.eu\/en\/#\/schema\/logo\/image\/"},"sameAs":["https:\/\/www.facebook.com\/Veltec-Kirby-Specialist-236746293374877\/","https:\/\/www.youtube.com\/user\/VeltecService"]}]}},"_links":{"self":[{"href":"https:\/\/www.veltec.eu\/it\/wp-json\/wp\/v2\/product\/79562","targetHints":{"allow":["GET"]}}],"collection":[{"href":"https:\/\/www.veltec.eu\/it\/wp-json\/wp\/v2\/product"}],"about":[{"href":"https:\/\/www.veltec.eu\/it\/wp-json\/wp\/v2\/types\/product"}],"replies":[{"embeddable":true,"href":"https:\/\/www.veltec.eu\/it\/wp-json\/wp\/v2\/comments?post=79562"}],"wp:featuredmedia":[{"embeddable":true,"href":"https:\/\/www.veltec.eu\/it\/wp-json\/wp\/v2\/media\/79665"}],"wp:attachment":[{"href":"https:\/\/www.veltec.eu\/it\/wp-json\/wp\/v2\/media?parent=79562"}],"wp:term":[{"taxonomy":"product_brand","embeddable":true,"href":"https:\/\/www.veltec.eu\/it\/wp-json\/wp\/v2\/product_brand?post=79562"},{"taxonomy":"product_cat","embeddable":true,"href":"https:\/\/www.veltec.eu\/it\/wp-json\/wp\/v2\/product_cat?post=79562"},{"taxonomy":"product_tag","embeddable":true,"href":"https:\/\/www.veltec.eu\/it\/wp-json\/wp\/v2\/product_tag?post=79562"}],"curies":[{"name":"wp","href":"https:\/\/api.w.org\/{rel}","templated":true}]}}