{"id":79544,"date":"2025-05-26T14:31:57","date_gmt":"2025-05-26T12:31:57","guid":{"rendered":"https:\/\/www.veltec.eu\/product\/kirby-dimostrativa-del-vetro-spia\/"},"modified":"2025-11-08T17:11:23","modified_gmt":"2025-11-08T15:11:23","slug":"kirby-dimostrativa-del-vetro-spia","status":"publish","type":"product","link":"https:\/\/www.veltec.eu\/it\/product\/kirby-dimostrativa-del-vetro-spia\/","title":{"rendered":"Kirby dimostrativa del vetro spia"},"content":{"rendered":"<h1>Kirby dimostrativa del vetro spia: mostra cosa esce davvero dal tuo materasso<\/h1>\n<p>Volete dimostrare quanto \u00e8 potente l&#8217;aspirapolvere Kirby? Con <strong>Kirby dimostrativa del vetro spia<\/strong> rendete visibile ci\u00f2 che normalmente rimane nascosto. Questo strumento innovativo \u00e8 stato progettato per dare a voi, o ai vostri clienti, una prova visiva immediata della pulizia profonda che il Kirby esegue.<\/p>\n<p>Se pulite materassi a livello professionale, date dimostrazioni Kirby o semplicemente volete vedere voi stessi cosa viene aspirato dal vostro tappeto o materasso: questo vetro di visualizzazione fa la differenza. Vedere per credere.<\/p>\n<hr data-start=\"759\" data-end=\"762\" \/>\n<h2>Che cos&#8217;\u00e8 la Kirby dimostrativa del vetro spia?<\/h2>\n<h3>Uno strumento trasparente per la massima convinzione<\/h3>\n<p>Il vetro di dimostrazione \u00e8 un accessorio speciale che sostituisce temporaneamente il sacco esterno standard del vostro aspirapolvere Kirby. \u00c8 dotato di un alloggiamento in plastica trasparente in cui lo sporco aspirato \u00e8 immediatamente visibile. \u00c8 sufficiente inserire un filtro di raccolta nero rotondo nel vetro di osservazione, quindi montarlo sull&#8217;aspirapolvere.<\/p>\n<p>Non appena si inizia a pulire, lo sporco del materasso, del pavimento o della tappezzeria viene aspirato attraverso il vetro di osservazione. Vedrete letteralmente passare polvere, capelli, forfora e altro sporco. Questo non solo crea un effetto impressionante, ma conferma anche che il Kirby pulisce a fondo e in profondit\u00e0, come promesso.<\/p>\n<p>Questo rende il vetro dimostrativo Kirby uno strumento indispensabile per:<\/p>\n<ul>\n<li>Pulizia professionale dei materassi<\/li>\n<li>Dimostrazioni Kirby e visite di vendita<\/li>\n<li>Uso personale, per verificare i risultati della pulizia<\/li>\n<\/ul>\n<hr data-start=\"1759\" data-end=\"1762\" \/>\n<h2>Come utilizzare la Kirby dimostrativa del vetro spia.<\/h2>\n<h3>Installazione rapida e risultati immediati<\/h3>\n<p>L&#8217;installazione della spia dimostrativa \u00e8 facile. Basta seguire pochi passi:<\/p>\n<ol>\n<li style=\"text-align: left;\">Rimuovere il sacchetto esterno originale Kirby.<\/li>\n<li style=\"text-align: left;\">Inserire un filtro di raccolta nero nella spia dimostrativa.<\/li>\n<li style=\"text-align: left;\">Fissare la spia al posto del sacchetto.<\/li>\n<li style=\"text-align: left;\">Accendere l&#8217;aspirapolvere Kirby e iniziare a pulire.<\/li>\n<\/ol>\n<p>Durante l&#8217;aspirapolvere, lo sporco passa attraverso la finestrella, dove si accumula nel filtro. Grazie alla finestra trasparente, \u00e8 possibile vedere immediatamente ci\u00f2 che il Kirby aspira dal tessuto, dalla tappezzeria o dal materasso. Questo lo rende ideale per dimostrazioni e ispezioni. Dopo l&#8217;uso, sostituire il vetro di visualizzazione con il sacchetto esterno originale per continuare ad aspirare normalmente.<\/p>\n<p>Nota bene: il visore dimostrativo \u00e8 inteso come ausilio visivo. Pertanto, non utilizzarla per l&#8217;aspirazione quotidiana.<\/p>\n<hr data-start=\"2686\" data-end=\"2689\" \/>\n<h2>Utilizzare solo filtri di raccolta originali Kirby<\/h2>\n<h3>Le prestazioni affidabili iniziano con il filtro giusto<\/h3>\n<p>Affinch\u00e9 la spia dimostrativa Kirby funzioni in modo ottimale, \u00e8 importante utilizzare i filtri di raccolta originali neri. Questi filtri rotondi sono stati appositamente progettati per:<\/p>\n<ul>\n<li>rendere lo sporco chiaramente visibile,<\/li>\n<li>non intasarsi durante l&#8217;uso,<\/li>\n<li>mantenere intatto il flusso d&#8217;aria del Kirby.<\/li>\n<\/ul>\n<p>L&#8217;uso di panni di carta o di filtri alternativi \u00e8 fortemente sconsigliato. Questi possono intasarsi rapidamente, facendo perdere al Kirby la sua potenza di aspirazione e l&#8217;effetto dimostrativo. Solo con i filtri originali si ha la certezza di una presentazione convincente e di un funzionamento ottimale.<\/p>\n<p>Acquistando la spia dimostrativa Kirby riceverete 200 filtri di raccolta neri come standard. Avete bisogno di una scorta maggiore? Allora potete ordinare un rotolo di 1250 filtri per soli 120,00 \u20ac. I tempi di consegna sono leggermente pi\u00f9 lunghi.<\/p>\n<hr data-start=\"3688\" data-end=\"3691\" \/>\n<h2>Perch\u00e9 scegliere il Kirby dimostrativa del vetro spia?<\/h2>\n<h3>Prova visibile del potere pulente<\/h3>\n<p>L&#8217;indicatore dimostrativo Kirby offre diversi vantaggi in uno:<\/p>\n<ol>\n<li>Prova visiva immediata della potenza di pulizia<\/li>\n<li>Elevata persuasivit\u00e0 con i clienti e gli utenti<\/li>\n<li>Aspetto professionale durante le dimostrazioni<\/li>\n<li>Facile da usare e veloce da installare<\/li>\n<li>Funzionamento sicuro con i filtri originali.<\/li>\n<\/ol>\n<p>Questo accessorio trasforma ogni dimostrazione in un momento impressionante e convincente. Per i pulitori di materassi, \u00e8 una manna dal cielo per mostrare ai clienti i risultati del loro lavoro. Per i venditori Kirby, \u00e8 l&#8217;ultimo punto di vendita. E per voi stessi, \u00e8 il modo ideale per verificare se i vostri materassi e tappeti sono davvero puliti.<\/p>\n<hr data-start=\"4456\" data-end=\"4459\" \/>\n<h2>Contenuto e opzioni di ordinazione<\/h2>\n<h3>Cosa \u00e8 incluso nella confezione?<\/h3>\n<p>Acquistando l&#8217;indicatore dimostrativo, riceverete:<\/p>\n<ul>\n<li>1 spia dimostrativa Kirby trasparente<\/li>\n<li>200 filtri di raccolta neri.<\/li>\n<\/ul>\n<p>I filtri di raccolta aggiuntivi possono essere ordinati separatamente o per rotolo da 1250. Il rotolo costa 120,00 \u20ac ed \u00e8 utile per chi utilizza regolarmente la spia per le dimostrazioni o per la pulizia professionale. Siate puntuali, perch\u00e9 i tempi di consegna di questi filtri potrebbero essere leggermente pi\u00f9 lunghi.<\/p>\n<hr data-start=\"4933\" data-end=\"4936\" \/>\n<h2>Ordinate oggi stesso il Kirby dimostrativa del vetro spia<\/h2>\n<h3>Mostrate ci\u00f2 che gli altri promettono soltanto<\/h3>\n<p>Volete dimostrare la potenza del vostro aspirapolvere Kirby? O dimostrare professionalmente quanto \u00e8 sporco un materasso o un pavimento? Allora scegliete l&#8217;obl\u00f2 dimostrativo Kirby. Con questo strumento unico convincerete i clienti, verificherete i risultati e sfrutterete appieno le capacit\u00e0 del vostro Kirby.<\/p>\n<p>Ordinate ora e sperimentate voi stessi il potere della prova visiva. Perch\u00e9 con il vetro dimostrativo Kirby: la pulizia \u00e8 davvero convincente solo quando si pu\u00f2 vedere.<\/p>\n","protected":false},"excerpt":{"rendered":"<p>&nbsp;<\/p>\n[trustindex data-widget-id=de4365f24f22281a6b165ed75b0]\n<h3><span style=\"color: #008000;\"><br \/>\nIn magazzino<\/span><\/h3>\n[av_font_icon icon='ue812' font='entypo-fontello' style='' caption='' size='25px' position='left' color='#43ad66' link='' linktarget='' title_attr='' sonar_effect_effect='' sonar_effect_color='' sonar_effect_duration='1' sonar_effect_scale='' sonar_effect_opac='0.5' animation='' id='' custom_class='' template_class='' av_uid='' sc_version='1.0' admin_preview_bg=''][\/av_font_icon]\n<p><span style=\"color: #008000;\">I tempi di consegna sono compresi tra 5 e 10 giorni lavorativi.<\/span><\/p>\n<p>&nbsp;<\/p>\n","protected":false},"featured_media":79524,"comment_status":"open","ping_status":"closed","template":"","meta":[],"product_brand":[],"product_cat":[1409],"product_tag":[],"class_list":{"0":"post-79544","1":"product","2":"type-product","3":"status-publish","4":"has-post-thumbnail","6":"product_cat-pulitore-per-materassi-kirby","8":"first","9":"instock","10":"taxable","11":"shipping-taxable","12":"purchasable","13":"product-type-simple"},"yoast_head":"<!-- This site is optimized with the Yoast SEO Premium plugin v27.1 (Yoast SEO v27.4) - https:\/\/yoast.com\/product\/yoast-seo-premium-wordpress\/ -->\n<title>Kirby dimostrativa del vetro spia - Veltec Kirby specialist<\/title>\n<meta name=\"description\" content=\"Kirby dimostrativa del vetro spia - Veltec \u00e8 fornitore di aspirapolvere Kirby da oltre 25 anni. Il vostro specialista Kirby affidabile.\" \/>\n<meta name=\"robots\" content=\"index, follow, max-snippet:-1, max-image-preview:large, max-video-preview:-1\" \/>\n<link rel=\"canonical\" href=\"https:\/\/www.veltec.eu\/nl\/product\/kirby-demonstratie-kijkglas\/\" \/>\n<meta property=\"og:locale\" content=\"it_IT\" \/>\n<meta property=\"og:type\" content=\"article\" \/>\n<meta property=\"og:title\" content=\"Kirby dimostrativa del vetro spia\" \/>\n<meta property=\"og:description\" content=\"&nbsp;    In magazzino   I tempi di consegna sono compresi tra 5 e 10 giorni lavorativi.  &nbsp;\" \/>\n<meta property=\"og:url\" content=\"https:\/\/www.veltec.eu\/nl\/product\/kirby-demonstratie-kijkglas\/\" \/>\n<meta property=\"og:site_name\" content=\"Veltec Kirby specialist\" \/>\n<meta property=\"article:publisher\" content=\"https:\/\/www.facebook.com\/Veltec-Kirby-Specialist-236746293374877\/\" \/>\n<meta property=\"article:modified_time\" content=\"2025-11-08T15:11:23+00:00\" \/>\n<meta property=\"og:image\" content=\"https:\/\/www.veltec.eu\/wp-content\/uploads\/2025\/05\/Kirbyservicetool-kopie-1.jpg\" \/>\n\t<meta property=\"og:image:width\" content=\"600\" \/>\n\t<meta property=\"og:image:height\" content=\"600\" \/>\n\t<meta property=\"og:image:type\" content=\"image\/jpeg\" \/>\n<meta name=\"twitter:card\" content=\"summary_large_image\" \/>\n<meta name=\"twitter:label1\" content=\"Tempo di lettura stimato\" \/>\n\t<meta name=\"twitter:data1\" content=\"4 minuti\" \/>\n<script type=\"application\/ld+json\" class=\"yoast-schema-graph\">{\"@context\":\"https:\\\/\\\/schema.org\",\"@graph\":[{\"@type\":\"WebPage\",\"@id\":\"https:\\\/\\\/www.veltec.eu\\\/nl\\\/product\\\/kirby-demonstratie-kijkglas\\\/\",\"url\":\"https:\\\/\\\/www.veltec.eu\\\/nl\\\/product\\\/kirby-demonstratie-kijkglas\\\/\",\"name\":\"Kirby dimostrativa del vetro spia - Veltec Kirby specialist\",\"isPartOf\":{\"@id\":\"https:\\\/\\\/www.veltec.eu\\\/en\\\/#website\"},\"primaryImageOfPage\":{\"@id\":\"https:\\\/\\\/www.veltec.eu\\\/nl\\\/product\\\/kirby-demonstratie-kijkglas\\\/#primaryimage\"},\"image\":{\"@id\":\"https:\\\/\\\/www.veltec.eu\\\/nl\\\/product\\\/kirby-demonstratie-kijkglas\\\/#primaryimage\"},\"thumbnailUrl\":\"https:\\\/\\\/www.veltec.eu\\\/wp-content\\\/uploads\\\/2025\\\/05\\\/Kirbyservicetool-kopie-1.jpg\",\"datePublished\":\"2025-05-26T12:31:57+00:00\",\"dateModified\":\"2025-11-08T15:11:23+00:00\",\"description\":\"Kirby dimostrativa del vetro spia - Veltec \u00e8 fornitore di aspirapolvere Kirby da oltre 25 anni. Il vostro specialista Kirby affidabile.\",\"breadcrumb\":{\"@id\":\"https:\\\/\\\/www.veltec.eu\\\/nl\\\/product\\\/kirby-demonstratie-kijkglas\\\/#breadcrumb\"},\"inLanguage\":\"it-IT\",\"potentialAction\":[{\"@type\":\"ReadAction\",\"target\":[\"https:\\\/\\\/www.veltec.eu\\\/nl\\\/product\\\/kirby-demonstratie-kijkglas\\\/\"]}]},{\"@type\":\"ImageObject\",\"inLanguage\":\"it-IT\",\"@id\":\"https:\\\/\\\/www.veltec.eu\\\/nl\\\/product\\\/kirby-demonstratie-kijkglas\\\/#primaryimage\",\"url\":\"https:\\\/\\\/www.veltec.eu\\\/wp-content\\\/uploads\\\/2025\\\/05\\\/Kirbyservicetool-kopie-1.jpg\",\"contentUrl\":\"https:\\\/\\\/www.veltec.eu\\\/wp-content\\\/uploads\\\/2025\\\/05\\\/Kirbyservicetool-kopie-1.jpg\",\"width\":600,\"height\":600},{\"@type\":\"BreadcrumbList\",\"@id\":\"https:\\\/\\\/www.veltec.eu\\\/nl\\\/product\\\/kirby-demonstratie-kijkglas\\\/#breadcrumb\",\"itemListElement\":[{\"@type\":\"ListItem\",\"position\":1,\"name\":\"Home\",\"item\":\"https:\\\/\\\/www.veltec.eu\\\/it\\\/\"},{\"@type\":\"ListItem\",\"position\":2,\"name\":\"Produits\",\"item\":\"https:\\\/\\\/www.veltec.eu\\\/fr\\\/shop\\\/\"},{\"@type\":\"ListItem\",\"position\":3,\"name\":\"Kirby dimostrativa del vetro spia\"}]},{\"@type\":\"WebSite\",\"@id\":\"https:\\\/\\\/www.veltec.eu\\\/en\\\/#website\",\"url\":\"https:\\\/\\\/www.veltec.eu\\\/en\\\/\",\"name\":\"Veltec Kirby specialist\",\"description\":\"Kirby stofzuiger producten\",\"publisher\":{\"@id\":\"https:\\\/\\\/www.veltec.eu\\\/en\\\/#organization\"},\"potentialAction\":[{\"@type\":\"SearchAction\",\"target\":{\"@type\":\"EntryPoint\",\"urlTemplate\":\"https:\\\/\\\/www.veltec.eu\\\/en\\\/?s={search_term_string}\"},\"query-input\":{\"@type\":\"PropertyValueSpecification\",\"valueRequired\":true,\"valueName\":\"search_term_string\"}}],\"inLanguage\":\"it-IT\"},{\"@type\":\"Organization\",\"@id\":\"https:\\\/\\\/www.veltec.eu\\\/en\\\/#organization\",\"name\":\"Veltec Kirby Specialist\",\"url\":\"https:\\\/\\\/www.veltec.eu\\\/en\\\/\",\"logo\":{\"@type\":\"ImageObject\",\"inLanguage\":\"it-IT\",\"@id\":\"https:\\\/\\\/www.veltec.eu\\\/en\\\/#\\\/schema\\\/logo\\\/image\\\/\",\"url\":\"https:\\\/\\\/www.veltec.eu\\\/wp-content\\\/uploads\\\/2021\\\/12\\\/Veltec-log-groot-e1537260889125.png\",\"contentUrl\":\"https:\\\/\\\/www.veltec.eu\\\/wp-content\\\/uploads\\\/2021\\\/12\\\/Veltec-log-groot-e1537260889125.png\",\"width\":200,\"height\":60,\"caption\":\"Veltec Kirby Specialist\"},\"image\":{\"@id\":\"https:\\\/\\\/www.veltec.eu\\\/en\\\/#\\\/schema\\\/logo\\\/image\\\/\"},\"sameAs\":[\"https:\\\/\\\/www.facebook.com\\\/Veltec-Kirby-Specialist-236746293374877\\\/\",\"https:\\\/\\\/www.youtube.com\\\/user\\\/VeltecService\"]}]}<\/script>\n<!-- \/ Yoast SEO Premium plugin. -->","yoast_head_json":{"title":"Kirby dimostrativa del vetro spia - Veltec Kirby specialist","description":"Kirby dimostrativa del vetro spia - Veltec \u00e8 fornitore di aspirapolvere Kirby da oltre 25 anni. Il vostro specialista Kirby affidabile.","robots":{"index":"index","follow":"follow","max-snippet":"max-snippet:-1","max-image-preview":"max-image-preview:large","max-video-preview":"max-video-preview:-1"},"canonical":"https:\/\/www.veltec.eu\/nl\/product\/kirby-demonstratie-kijkglas\/","og_locale":"it_IT","og_type":"article","og_title":"Kirby dimostrativa del vetro spia","og_description":"&nbsp;    In magazzino   I tempi di consegna sono compresi tra 5 e 10 giorni lavorativi.  &nbsp;","og_url":"https:\/\/www.veltec.eu\/nl\/product\/kirby-demonstratie-kijkglas\/","og_site_name":"Veltec Kirby specialist","article_publisher":"https:\/\/www.facebook.com\/Veltec-Kirby-Specialist-236746293374877\/","article_modified_time":"2025-11-08T15:11:23+00:00","og_image":[{"width":600,"height":600,"url":"https:\/\/www.veltec.eu\/wp-content\/uploads\/2025\/05\/Kirbyservicetool-kopie-1.jpg","type":"image\/jpeg"}],"twitter_card":"summary_large_image","twitter_misc":{"Tempo di lettura stimato":"4 minuti"},"schema":{"@context":"https:\/\/schema.org","@graph":[{"@type":"WebPage","@id":"https:\/\/www.veltec.eu\/nl\/product\/kirby-demonstratie-kijkglas\/","url":"https:\/\/www.veltec.eu\/nl\/product\/kirby-demonstratie-kijkglas\/","name":"Kirby dimostrativa del vetro spia - Veltec Kirby specialist","isPartOf":{"@id":"https:\/\/www.veltec.eu\/en\/#website"},"primaryImageOfPage":{"@id":"https:\/\/www.veltec.eu\/nl\/product\/kirby-demonstratie-kijkglas\/#primaryimage"},"image":{"@id":"https:\/\/www.veltec.eu\/nl\/product\/kirby-demonstratie-kijkglas\/#primaryimage"},"thumbnailUrl":"https:\/\/www.veltec.eu\/wp-content\/uploads\/2025\/05\/Kirbyservicetool-kopie-1.jpg","datePublished":"2025-05-26T12:31:57+00:00","dateModified":"2025-11-08T15:11:23+00:00","description":"Kirby dimostrativa del vetro spia - Veltec \u00e8 fornitore di aspirapolvere Kirby da oltre 25 anni. Il vostro specialista Kirby affidabile.","breadcrumb":{"@id":"https:\/\/www.veltec.eu\/nl\/product\/kirby-demonstratie-kijkglas\/#breadcrumb"},"inLanguage":"it-IT","potentialAction":[{"@type":"ReadAction","target":["https:\/\/www.veltec.eu\/nl\/product\/kirby-demonstratie-kijkglas\/"]}]},{"@type":"ImageObject","inLanguage":"it-IT","@id":"https:\/\/www.veltec.eu\/nl\/product\/kirby-demonstratie-kijkglas\/#primaryimage","url":"https:\/\/www.veltec.eu\/wp-content\/uploads\/2025\/05\/Kirbyservicetool-kopie-1.jpg","contentUrl":"https:\/\/www.veltec.eu\/wp-content\/uploads\/2025\/05\/Kirbyservicetool-kopie-1.jpg","width":600,"height":600},{"@type":"BreadcrumbList","@id":"https:\/\/www.veltec.eu\/nl\/product\/kirby-demonstratie-kijkglas\/#breadcrumb","itemListElement":[{"@type":"ListItem","position":1,"name":"Home","item":"https:\/\/www.veltec.eu\/it\/"},{"@type":"ListItem","position":2,"name":"Produits","item":"https:\/\/www.veltec.eu\/fr\/shop\/"},{"@type":"ListItem","position":3,"name":"Kirby dimostrativa del vetro spia"}]},{"@type":"WebSite","@id":"https:\/\/www.veltec.eu\/en\/#website","url":"https:\/\/www.veltec.eu\/en\/","name":"Veltec Kirby specialist","description":"Kirby stofzuiger producten","publisher":{"@id":"https:\/\/www.veltec.eu\/en\/#organization"},"potentialAction":[{"@type":"SearchAction","target":{"@type":"EntryPoint","urlTemplate":"https:\/\/www.veltec.eu\/en\/?s={search_term_string}"},"query-input":{"@type":"PropertyValueSpecification","valueRequired":true,"valueName":"search_term_string"}}],"inLanguage":"it-IT"},{"@type":"Organization","@id":"https:\/\/www.veltec.eu\/en\/#organization","name":"Veltec Kirby Specialist","url":"https:\/\/www.veltec.eu\/en\/","logo":{"@type":"ImageObject","inLanguage":"it-IT","@id":"https:\/\/www.veltec.eu\/en\/#\/schema\/logo\/image\/","url":"https:\/\/www.veltec.eu\/wp-content\/uploads\/2021\/12\/Veltec-log-groot-e1537260889125.png","contentUrl":"https:\/\/www.veltec.eu\/wp-content\/uploads\/2021\/12\/Veltec-log-groot-e1537260889125.png","width":200,"height":60,"caption":"Veltec Kirby Specialist"},"image":{"@id":"https:\/\/www.veltec.eu\/en\/#\/schema\/logo\/image\/"},"sameAs":["https:\/\/www.facebook.com\/Veltec-Kirby-Specialist-236746293374877\/","https:\/\/www.youtube.com\/user\/VeltecService"]}]}},"_links":{"self":[{"href":"https:\/\/www.veltec.eu\/it\/wp-json\/wp\/v2\/product\/79544","targetHints":{"allow":["GET"]}}],"collection":[{"href":"https:\/\/www.veltec.eu\/it\/wp-json\/wp\/v2\/product"}],"about":[{"href":"https:\/\/www.veltec.eu\/it\/wp-json\/wp\/v2\/types\/product"}],"replies":[{"embeddable":true,"href":"https:\/\/www.veltec.eu\/it\/wp-json\/wp\/v2\/comments?post=79544"}],"wp:featuredmedia":[{"embeddable":true,"href":"https:\/\/www.veltec.eu\/it\/wp-json\/wp\/v2\/media\/79524"}],"wp:attachment":[{"href":"https:\/\/www.veltec.eu\/it\/wp-json\/wp\/v2\/media?parent=79544"}],"wp:term":[{"taxonomy":"product_brand","embeddable":true,"href":"https:\/\/www.veltec.eu\/it\/wp-json\/wp\/v2\/product_brand?post=79544"},{"taxonomy":"product_cat","embeddable":true,"href":"https:\/\/www.veltec.eu\/it\/wp-json\/wp\/v2\/product_cat?post=79544"},{"taxonomy":"product_tag","embeddable":true,"href":"https:\/\/www.veltec.eu\/it\/wp-json\/wp\/v2\/product_tag?post=79544"}],"curies":[{"name":"wp","href":"https:\/\/api.w.org\/{rel}","templated":true}]}}