{"id":79404,"date":"2025-05-23T12:37:34","date_gmt":"2025-05-23T10:37:34","guid":{"rendered":"https:\/\/www.veltec.eu\/product\/detergente-per-materassi-kirby-compreso-il-vetro-dimostrativo\/"},"modified":"2025-11-20T11:45:16","modified_gmt":"2025-11-20T09:45:16","slug":"kirby-pulitore-per-materassi-avalir","status":"publish","type":"product","link":"https:\/\/www.veltec.eu\/it\/product\/kirby-pulitore-per-materassi-avalir\/","title":{"rendered":"Kirby pulitore per materassi Avalir"},"content":{"rendered":"<h1>Scoprite la potenza del Kirby pulitore per materassi Avalir, compreso il vetro dimostrativo<\/h1>\n<h3>Volete utilizzare l&#8217;aspirapolvere Kirby per scopi professionali come la pulizia di materassi?<\/h3>\n<p>Allora il Kirby \u00e8 la scelta perfetta! Grazie alla sua potente potenza di aspirazione e agli accessori professionali, come il vetro dimostrativo, potrete mostrare in modo convincente quanto sporco esce dai materassi. Ideale per i pulitori di materassi, i servizi di pulizia o i venditori Kirby che vogliono mostrare ai clienti cosa significa una vera pulizia. Scegliete un impatto professionale e risultati visibili con Kirby. Oppure volete provare di persona quanto sporco esce effettivamente dal vostro materasso? Allora il <strong>Kirby pulitore per materassi Avalir, compreso il vetro dimostrativo<\/strong>, \u00e8 proprio quello che fa per voi.<\/p>\n<p>Questo innovativo set \u00e8 composto da un potente aspirapolvere Kirby, dotato di un&#8217;ampia bocchetta e di una comoda impugnatura. Ci\u00f2 che rende unico questo set \u00e8 la lente dimostrativa Kirby inclusa, appositamente sviluppata per rendere visibile ci\u00f2 che normalmente non si vede: lo sporco nascosto in profondit\u00e0 nel materasso.<\/p>\n<hr data-start=\"778\" data-end=\"781\" \/>\n<h2>Attenzione: questo \u00e8 un aspirapolvere Kirby ricondizionato<\/h2>\n<p><strong><img decoding=\"async\" class=\"wp-image-85975 size-square alignright\" src=\"https:\/\/www.veltec.eu\/wp-content\/uploads\/2018\/09\/Kirby-refurbished-1-180x180.png\" alt=\"\" width=\"180\" height=\"180\" srcset=\"https:\/\/www.veltec.eu\/wp-content\/uploads\/2018\/09\/Kirby-refurbished-1-180x180.png 180w, https:\/\/www.veltec.eu\/wp-content\/uploads\/2018\/09\/Kirby-refurbished-1-300x300.png 300w, https:\/\/www.veltec.eu\/wp-content\/uploads\/2018\/09\/Kirby-refurbished-1-80x80.png 80w, https:\/\/www.veltec.eu\/wp-content\/uploads\/2018\/09\/Kirby-refurbished-1-36x36.png 36w, https:\/\/www.veltec.eu\/wp-content\/uploads\/2018\/09\/Kirby-refurbished-1-120x120.png 120w, https:\/\/www.veltec.eu\/wp-content\/uploads\/2018\/09\/Kirby-refurbished-1-450x450.png 450w, https:\/\/www.veltec.eu\/wp-content\/uploads\/2018\/09\/Kirby-refurbished-1-600x600.png 600w, https:\/\/www.veltec.eu\/wp-content\/uploads\/2018\/09\/Kirby-refurbished-1-100x100.png 100w, https:\/\/www.veltec.eu\/wp-content\/uploads\/2018\/09\/Kirby-refurbished-1.png 626w\" sizes=\"(max-width: 180px) 100vw, 180px\" \/><\/strong>Questo aspirapolvere Kirby non \u00e8 nuovo, ma completamente ricondizionato. Ci\u00f2 significa che l&#8217;apparecchio \u00e8 stato controllato a fondo dai nostri specialisti, pulito professionalmente e, se necessario, dotato di nuove parti. Si pensi a nuove parti del motore e a una regolazione tecnicamente perfetta. Il Kirby viene anche lucidato nella sua interezza. Il risultato? Un aspirapolvere Kirby in ottime condizioni e dalle prestazioni ottimali &#8211; con l&#8217;affidabilit\u00e0 di Kirby, ma a un prezzo inferiore rispetto a un apparecchio nuovo.<\/p>\n<p><a href=\"https:\/\/www.veltec.eu\/it\/comprare-kirby-avalir\/\">Kirby Avalir Kopen &#8211; Specialista Veltec Kirby<\/a><\/p>\n<hr data-start=\"778\" data-end=\"781\" \/>\n<h2>Che cos&#8217;\u00e8 l&#8217;indicatore dimostrativo di Kirby?<\/h2>\n<p><img decoding=\"async\" class=\"alignright wp-image-79822 size-medium\" src=\"https:\/\/www.veltec.eu\/wp-content\/uploads\/2025\/06\/Kirbyservicetool-300x234.png\" alt=\"Kirby pulitore per materassi Avalir\" width=\"300\" height=\"234\" srcset=\"https:\/\/www.veltec.eu\/wp-content\/uploads\/2025\/06\/Kirbyservicetool-300x234.png 300w, https:\/\/www.veltec.eu\/wp-content\/uploads\/2025\/06\/Kirbyservicetool-1030x804.png 1030w, https:\/\/www.veltec.eu\/wp-content\/uploads\/2025\/06\/Kirbyservicetool-768x600.png 768w, https:\/\/www.veltec.eu\/wp-content\/uploads\/2025\/06\/Kirbyservicetool-1536x1199.png 1536w, https:\/\/www.veltec.eu\/wp-content\/uploads\/2025\/06\/Kirbyservicetool-1500x1171.png 1500w, https:\/\/www.veltec.eu\/wp-content\/uploads\/2025\/06\/Kirbyservicetool-705x550.png 705w, https:\/\/www.veltec.eu\/wp-content\/uploads\/2025\/06\/Kirbyservicetool-450x351.png 450w, https:\/\/www.veltec.eu\/wp-content\/uploads\/2025\/06\/Kirbyservicetool-600x468.png 600w, https:\/\/www.veltec.eu\/wp-content\/uploads\/2025\/06\/Kirbyservicetool-77x60.png 77w, https:\/\/www.veltec.eu\/wp-content\/uploads\/2025\/06\/Kirbyservicetool-115x90.png 115w, https:\/\/www.veltec.eu\/wp-content\/uploads\/2025\/06\/Kirbyservicetool.png 1600w\" sizes=\"(max-width: 300px) 100vw, 300px\" \/><\/p>\n<h3>Uno strumento unico per la prova visiva<\/h3>\n<p>Il vetro dimostrativo Kirby \u00e8 uno strumento indispensabile sia per i venditori professionali Kirby che per i pulitori di materassi. Grazie a questo dispositivo, \u00e8 possibile vedere con i propri occhi cosa viene aspirato dal materasso o dal tappeto. La spia sostituisce temporaneamente il sacco esterno Kirby e utilizza speciali filtri di raccolta neri e rotondi. Questi filtri sono disponibili esclusivamente da noi e sono progettati per rendere chiaramente visibile lo sporco aspirato.<\/p>\n<p>Il vetro trasparente consente di vedere esattamente la quantit\u00e0 di polvere, capelli, forfora e altro sporco contenuta nel materasso. Questo non \u00e8 solo impressionante da vedere, ma anche estremamente convincente come dimostrazione ai clienti o a voi stessi. Di conseguenza, si pu\u00f2 essere certi che il Kirby faccia davvero ci\u00f2 che promette: pulire a fondo.<\/p>\n<hr data-start=\"1640\" data-end=\"1643\" \/>\n<h2>Come funziona il Kirby pulitore per materassi Avalir, compreso il vetro dimostrativo?<\/h2>\n<h3>Installazione semplice e risultati immediati<\/h3>\n<p>L&#8217;utilizzo di questo set Kirby \u00e8 semplice. Si rimuove il sacchetto esterno standard dell&#8217;aspirapolvere Kirby e si colloca al suo posto l&#8217;indicatore dimostrativo con un filtro di raccolta nero. Quindi si accende il Kirby e si inizia a pulire il materasso o il pavimento. Mentre si aspira, lo sporco viene aspirato attraverso il vetro di osservazione e raccolto nel filtro nero. Si pu\u00f2 letteralmente vedere lo sporco che scorre e si accumula.<\/p>\n<p>Si prega di notare che questo strumento \u00e8 solo a scopo dimostrativo. Per l&#8217;aspirapolvere regolare, sostituire nuovamente il vetro spia con il sacchetto esterno originale Kirby.<\/p>\n<hr data-start=\"2382\" data-end=\"2385\" \/>\n<h2>Utilizzare sempre i filtri di raccolta originali Kirby<\/h2>\n<h3>Evitare l&#8217;intasamento e mantenere un flusso d&#8217;aria ottimale.<\/h3>\n<p>\u00c8 importante utilizzare i filtri di raccolta originali Kirby. Altre alternative, come i tovaglioli di carta o i filtri economici, possono intasarsi. Questo limiter\u00e0 il flusso d&#8217;aria del Kirby, peggiorando le prestazioni dell&#8217;aspirapolvere. Solo l&#8217;utilizzo dei nostri filtri originali garantisce un&#8217;aspirazione potente e una dimostrazione affidabile.<\/p>\n<p>Acquistando la spia dimostrativa Kirby, riceverete di serie un set di 200 filtri di raccolta neri. Ne avete bisogno di pi\u00f9? Allora potete facilmente riordinare un rotolo di 1250 filtri al prezzo di 120,00 \u20ac. Si prega di notare che i tempi di consegna di questi rotoli potrebbero essere leggermente pi\u00f9 lunghi.<\/p>\n<hr data-start=\"3173\" data-end=\"3176\" \/>\n<h2>Cosa rende indispensabile questo set di Kirby?<\/h2>\n<p><img decoding=\"async\" class=\"wp-image-79968 size-medium alignright\" src=\"https:\/\/www.veltec.eu\/wp-content\/uploads\/2025\/06\/Kirby-matrasreiging-300x300.jpg\" alt=\"Kirby pulitore per materassi Avalir\" width=\"300\" height=\"300\" srcset=\"https:\/\/www.veltec.eu\/wp-content\/uploads\/2025\/06\/Kirby-matrasreiging-300x300.jpg 300w, https:\/\/www.veltec.eu\/wp-content\/uploads\/2025\/06\/Kirby-matrasreiging-80x80.jpg 80w, https:\/\/www.veltec.eu\/wp-content\/uploads\/2025\/06\/Kirby-matrasreiging-768x768.jpg 768w, https:\/\/www.veltec.eu\/wp-content\/uploads\/2025\/06\/Kirby-matrasreiging-36x36.jpg 36w, https:\/\/www.veltec.eu\/wp-content\/uploads\/2025\/06\/Kirby-matrasreiging-180x180.jpg 180w, https:\/\/www.veltec.eu\/wp-content\/uploads\/2025\/06\/Kirby-matrasreiging-705x705.jpg 705w, https:\/\/www.veltec.eu\/wp-content\/uploads\/2025\/06\/Kirby-matrasreiging-120x120.jpg 120w, https:\/\/www.veltec.eu\/wp-content\/uploads\/2025\/06\/Kirby-matrasreiging-450x450.jpg 450w, https:\/\/www.veltec.eu\/wp-content\/uploads\/2025\/06\/Kirby-matrasreiging-600x600.jpg 600w, https:\/\/www.veltec.eu\/wp-content\/uploads\/2025\/06\/Kirby-matrasreiging-100x100.jpg 100w, https:\/\/www.veltec.eu\/wp-content\/uploads\/2025\/06\/Kirby-matrasreiging-60x60.jpg 60w, https:\/\/www.veltec.eu\/wp-content\/uploads\/2025\/06\/Kirby-matrasreiging-90x90.jpg 90w, https:\/\/www.veltec.eu\/wp-content\/uploads\/2025\/06\/Kirby-matrasreiging.jpg 1024w\" sizes=\"(max-width: 300px) 100vw, 300px\" \/><\/p>\n<h3>Dimostrare ci\u00f2 che gli altri promettono soltanto<\/h3>\n<p>Con il Kirby pulitore per materassi Avalir, comprensivo di vetro dimostrativo, avrete la prova visiva e funzionale del potere pulente di Kirby. Si vede immediatamente:<\/p>\n<ul>\n<li>Quanto sporco c&#8217;\u00e8 realmente nel materasso.<\/li>\n<li>Cosa rimane nascosto nel tappeto.<\/li>\n<li>Quanto efficacemente funziona l&#8217;aspirapolvere Kirby.<\/li>\n<\/ul>\n<p>Potete anche usare questo set per convincere i clienti della qualit\u00e0 del vostro servizio di pulizia. L&#8217;impatto dello sporco visibile nel vetro di ispezione \u00e8 spesso sufficiente per indurli ad acquistare o utilizzare immediatamente il prodotto.<\/p>\n<hr data-start=\"3764\" data-end=\"3767\" \/>\n<h2>Controllare se i materassi sono davvero puliti<\/h2>\n<h3>Pratico e affidabile<\/h3>\n<p>Vi siete mai chiesti se il vostro materasso \u00e8 davvero pulito dopo aver passato l&#8217;aspirapolvere? Grazie a questo sistema, potrete esserne certi. Il vetro di visualizzazione consente di verificare immediatamente il risultato della pulizia. Questo lo rende un&#8217;aggiunta preziosa alla vostra routine di pulizia.<\/p>\n<p>Sia per l&#8217;uso domestico che per le dimostrazioni professionali, questo sistema \u00e8 la scelta perfetta. Rende visibile ci\u00f2 che normalmente rimane nascosto e vi d\u00e0 il pieno controllo dell&#8217;igiene.<\/p>\n<hr data-start=\"4342\" data-end=\"4345\" \/>\n<h2>Cosa \u00e8 incluso nella confezione?<\/h2>\n<p>Acquistando l&#8217;aspirapolvere Kirby Avalir comprensivo di vetro dimostrativo, si ricever\u00e0 quanto segue:<\/p>\n<ul>\n<li>1 aspirapolvere Kirby Avalir 1 (ricondizionato)<\/li>\n<li>1 manico Kirby Avalir 1<\/li>\n<li>1 bocchetta Kirby Wide beater Avalir 1<\/li>\n<li>1 sacchetto esterno Kirby Avalir 1<\/li>\n<li>1 vetro spia dimostrativo Kirby<\/li>\n<li>200 filtri di raccolta neri<\/li>\n<\/ul>\n<p>I filtri extra sono disponibili per rotoli da 1250 al prezzo di 120,00 \u20ac. Questi filtri sono stati appositamente progettati per garantire risultati ottimali e affidabilit\u00e0.<\/p>\n<hr data-start=\"4744\" data-end=\"4747\" \/>\n<h2>Ordinate oggi stesso il Kirby pulitore per materassi Avalir, compreso il vetro dimostrativo<\/h2>\n<h3>Certezza, pulizia e convinzione in un unico prodotto.<\/h3>\n<p>Volete provare l&#8217;esperienza di pulizia definitiva e dimostrare quanto sia potente il vostro Kirby? Allora ordinate subito il Kirby pulitore per materassi Avalir, comprensivo di vetro dimostrativo. Che siate professionisti o privati, questo set vi offre la garanzia di un risultato visibilmente pulito.<\/p>\n<p>Fate la scelta giusta e provate voi stessi cosa pu\u00f2 fare il Kirby per voi e la vostra casa. Ordinate facilmente online e scoprite la potenza ineguagliabile di questo set dimostrativo.<\/p>\n<p>Leggete qui come convertire il Kirby in un aspirapolvere per materassi:<a href=\"https:\/\/www.servizio-aspirapolvere-kirby.it\/ricostruzione-dellaspirapolvere-kirby-parte-1\/\">\u00a0 Ricostruzione dell\u2019aspirapolvere Kirby Parte 1<\/a><\/p>\n","protected":false},"excerpt":{"rendered":"<p>&nbsp;<\/p>\n[trustindex data-widget-id=de4365f24f22281a6b165ed75b0]\n<h3><span style=\"color: #008000;\"><br \/>\nIn magazzino<\/span><\/h3>\n[av_font_icon icon='ue812' font='entypo-fontello' style='' caption='' size='25px' position='left' color='#43ad66' link='' linktarget='' title_attr='' sonar_effect_effect='' sonar_effect_color='' sonar_effect_duration='1' sonar_effect_scale='' sonar_effect_opac='0.5' animation='' id='' custom_class='' template_class='' av_uid='' sc_version='1.0' admin_preview_bg=''][\/av_font_icon]\n<p><span style=\"color: #008000;\">I tempi di consegna sono compresi tra 5 e 10 giorni lavorativi.<\/span><\/p>\n<p>&nbsp;<\/p>\n","protected":false},"featured_media":79369,"comment_status":"open","ping_status":"closed","template":"","meta":[],"product_brand":[],"product_cat":[1409],"product_tag":[],"class_list":{"0":"post-79404","1":"product","2":"type-product","3":"status-publish","4":"has-post-thumbnail","6":"product_cat-pulitore-per-materassi-kirby","8":"first","9":"instock","10":"sale","11":"taxable","12":"shipping-taxable","13":"purchasable","14":"product-type-simple"},"yoast_head":"<!-- This site is optimized with the Yoast SEO Premium plugin v27.1 (Yoast SEO v27.4) - https:\/\/yoast.com\/product\/yoast-seo-premium-wordpress\/ -->\n<title>Kirby pulitore per materassi Avalir - Veltec Kirby specialist<\/title>\n<meta name=\"description\" content=\"Kirby pulitore per materassi Avalir - Volete utilizzare l&#039;aspirapolvere Kirby per scopi professionali. Comprensivo di vetro dimostrativo.\" \/>\n<meta name=\"robots\" content=\"index, follow, max-snippet:-1, max-image-preview:large, max-video-preview:-1\" \/>\n<link rel=\"canonical\" href=\"https:\/\/www.veltec.eu\/nl\/product\/kirby-matrasreiniger-avalir\/\" \/>\n<meta property=\"og:locale\" content=\"it_IT\" \/>\n<meta property=\"og:type\" content=\"article\" \/>\n<meta property=\"og:title\" content=\"Kirby pulitore per materassi Avalir\" \/>\n<meta property=\"og:description\" content=\"&nbsp;    In magazzino   I tempi di consegna sono compresi tra 5 e 10 giorni lavorativi.  &nbsp;\" \/>\n<meta property=\"og:url\" content=\"https:\/\/www.veltec.eu\/nl\/product\/kirby-matrasreiniger-avalir\/\" \/>\n<meta property=\"og:site_name\" content=\"Veltec Kirby specialist\" \/>\n<meta property=\"article:publisher\" content=\"https:\/\/www.facebook.com\/Veltec-Kirby-Specialist-236746293374877\/\" \/>\n<meta property=\"article:modified_time\" content=\"2025-11-20T09:45:16+00:00\" \/>\n<meta property=\"og:image\" content=\"https:\/\/www.veltec.eu\/wp-content\/uploads\/2025\/05\/Kirby-HandstofzuigerAvalir1oke-scaled.png\" \/>\n\t<meta property=\"og:image:width\" content=\"1920\" \/>\n\t<meta property=\"og:image:height\" content=\"1920\" \/>\n\t<meta property=\"og:image:type\" content=\"image\/png\" \/>\n<meta name=\"twitter:card\" content=\"summary_large_image\" \/>\n<meta name=\"twitter:label1\" content=\"Tempo di lettura stimato\" \/>\n\t<meta name=\"twitter:data1\" content=\"6 minuti\" \/>\n<script type=\"application\/ld+json\" class=\"yoast-schema-graph\">{\"@context\":\"https:\\\/\\\/schema.org\",\"@graph\":[{\"@type\":\"WebPage\",\"@id\":\"https:\\\/\\\/www.veltec.eu\\\/nl\\\/product\\\/kirby-matrasreiniger-avalir\\\/\",\"url\":\"https:\\\/\\\/www.veltec.eu\\\/nl\\\/product\\\/kirby-matrasreiniger-avalir\\\/\",\"name\":\"Kirby pulitore per materassi Avalir - Veltec Kirby specialist\",\"isPartOf\":{\"@id\":\"https:\\\/\\\/www.veltec.eu\\\/en\\\/#website\"},\"primaryImageOfPage\":{\"@id\":\"https:\\\/\\\/www.veltec.eu\\\/nl\\\/product\\\/kirby-matrasreiniger-avalir\\\/#primaryimage\"},\"image\":{\"@id\":\"https:\\\/\\\/www.veltec.eu\\\/nl\\\/product\\\/kirby-matrasreiniger-avalir\\\/#primaryimage\"},\"thumbnailUrl\":\"https:\\\/\\\/www.veltec.eu\\\/wp-content\\\/uploads\\\/2025\\\/05\\\/Kirby-HandstofzuigerAvalir1oke-scaled.png\",\"datePublished\":\"2025-05-23T10:37:34+00:00\",\"dateModified\":\"2025-11-20T09:45:16+00:00\",\"description\":\"Kirby pulitore per materassi Avalir - Volete utilizzare l'aspirapolvere Kirby per scopi professionali. Comprensivo di vetro dimostrativo.\",\"breadcrumb\":{\"@id\":\"https:\\\/\\\/www.veltec.eu\\\/nl\\\/product\\\/kirby-matrasreiniger-avalir\\\/#breadcrumb\"},\"inLanguage\":\"it-IT\",\"potentialAction\":[{\"@type\":\"ReadAction\",\"target\":[\"https:\\\/\\\/www.veltec.eu\\\/nl\\\/product\\\/kirby-matrasreiniger-avalir\\\/\"]}]},{\"@type\":\"ImageObject\",\"inLanguage\":\"it-IT\",\"@id\":\"https:\\\/\\\/www.veltec.eu\\\/nl\\\/product\\\/kirby-matrasreiniger-avalir\\\/#primaryimage\",\"url\":\"https:\\\/\\\/www.veltec.eu\\\/wp-content\\\/uploads\\\/2025\\\/05\\\/Kirby-HandstofzuigerAvalir1oke-scaled.png\",\"contentUrl\":\"https:\\\/\\\/www.veltec.eu\\\/wp-content\\\/uploads\\\/2025\\\/05\\\/Kirby-HandstofzuigerAvalir1oke-scaled.png\",\"width\":1920,\"height\":1920},{\"@type\":\"BreadcrumbList\",\"@id\":\"https:\\\/\\\/www.veltec.eu\\\/nl\\\/product\\\/kirby-matrasreiniger-avalir\\\/#breadcrumb\",\"itemListElement\":[{\"@type\":\"ListItem\",\"position\":1,\"name\":\"Home\",\"item\":\"https:\\\/\\\/www.veltec.eu\\\/it\\\/\"},{\"@type\":\"ListItem\",\"position\":2,\"name\":\"Produits\",\"item\":\"https:\\\/\\\/www.veltec.eu\\\/fr\\\/shop\\\/\"},{\"@type\":\"ListItem\",\"position\":3,\"name\":\"Kirby pulitore per materassi Avalir\"}]},{\"@type\":\"WebSite\",\"@id\":\"https:\\\/\\\/www.veltec.eu\\\/en\\\/#website\",\"url\":\"https:\\\/\\\/www.veltec.eu\\\/en\\\/\",\"name\":\"Veltec Kirby specialist\",\"description\":\"Kirby stofzuiger producten\",\"publisher\":{\"@id\":\"https:\\\/\\\/www.veltec.eu\\\/en\\\/#organization\"},\"potentialAction\":[{\"@type\":\"SearchAction\",\"target\":{\"@type\":\"EntryPoint\",\"urlTemplate\":\"https:\\\/\\\/www.veltec.eu\\\/en\\\/?s={search_term_string}\"},\"query-input\":{\"@type\":\"PropertyValueSpecification\",\"valueRequired\":true,\"valueName\":\"search_term_string\"}}],\"inLanguage\":\"it-IT\"},{\"@type\":\"Organization\",\"@id\":\"https:\\\/\\\/www.veltec.eu\\\/en\\\/#organization\",\"name\":\"Veltec Kirby Specialist\",\"url\":\"https:\\\/\\\/www.veltec.eu\\\/en\\\/\",\"logo\":{\"@type\":\"ImageObject\",\"inLanguage\":\"it-IT\",\"@id\":\"https:\\\/\\\/www.veltec.eu\\\/en\\\/#\\\/schema\\\/logo\\\/image\\\/\",\"url\":\"https:\\\/\\\/www.veltec.eu\\\/wp-content\\\/uploads\\\/2021\\\/12\\\/Veltec-log-groot-e1537260889125.png\",\"contentUrl\":\"https:\\\/\\\/www.veltec.eu\\\/wp-content\\\/uploads\\\/2021\\\/12\\\/Veltec-log-groot-e1537260889125.png\",\"width\":200,\"height\":60,\"caption\":\"Veltec Kirby Specialist\"},\"image\":{\"@id\":\"https:\\\/\\\/www.veltec.eu\\\/en\\\/#\\\/schema\\\/logo\\\/image\\\/\"},\"sameAs\":[\"https:\\\/\\\/www.facebook.com\\\/Veltec-Kirby-Specialist-236746293374877\\\/\",\"https:\\\/\\\/www.youtube.com\\\/user\\\/VeltecService\"]}]}<\/script>\n<!-- \/ Yoast SEO Premium plugin. -->","yoast_head_json":{"title":"Kirby pulitore per materassi Avalir - Veltec Kirby specialist","description":"Kirby pulitore per materassi Avalir - Volete utilizzare l'aspirapolvere Kirby per scopi professionali. Comprensivo di vetro dimostrativo.","robots":{"index":"index","follow":"follow","max-snippet":"max-snippet:-1","max-image-preview":"max-image-preview:large","max-video-preview":"max-video-preview:-1"},"canonical":"https:\/\/www.veltec.eu\/nl\/product\/kirby-matrasreiniger-avalir\/","og_locale":"it_IT","og_type":"article","og_title":"Kirby pulitore per materassi Avalir","og_description":"&nbsp;    In magazzino   I tempi di consegna sono compresi tra 5 e 10 giorni lavorativi.  &nbsp;","og_url":"https:\/\/www.veltec.eu\/nl\/product\/kirby-matrasreiniger-avalir\/","og_site_name":"Veltec Kirby specialist","article_publisher":"https:\/\/www.facebook.com\/Veltec-Kirby-Specialist-236746293374877\/","article_modified_time":"2025-11-20T09:45:16+00:00","og_image":[{"width":1920,"height":1920,"url":"https:\/\/www.veltec.eu\/wp-content\/uploads\/2025\/05\/Kirby-HandstofzuigerAvalir1oke-scaled.png","type":"image\/png"}],"twitter_card":"summary_large_image","twitter_misc":{"Tempo di lettura stimato":"6 minuti"},"schema":{"@context":"https:\/\/schema.org","@graph":[{"@type":"WebPage","@id":"https:\/\/www.veltec.eu\/nl\/product\/kirby-matrasreiniger-avalir\/","url":"https:\/\/www.veltec.eu\/nl\/product\/kirby-matrasreiniger-avalir\/","name":"Kirby pulitore per materassi Avalir - Veltec Kirby specialist","isPartOf":{"@id":"https:\/\/www.veltec.eu\/en\/#website"},"primaryImageOfPage":{"@id":"https:\/\/www.veltec.eu\/nl\/product\/kirby-matrasreiniger-avalir\/#primaryimage"},"image":{"@id":"https:\/\/www.veltec.eu\/nl\/product\/kirby-matrasreiniger-avalir\/#primaryimage"},"thumbnailUrl":"https:\/\/www.veltec.eu\/wp-content\/uploads\/2025\/05\/Kirby-HandstofzuigerAvalir1oke-scaled.png","datePublished":"2025-05-23T10:37:34+00:00","dateModified":"2025-11-20T09:45:16+00:00","description":"Kirby pulitore per materassi Avalir - Volete utilizzare l'aspirapolvere Kirby per scopi professionali. Comprensivo di vetro dimostrativo.","breadcrumb":{"@id":"https:\/\/www.veltec.eu\/nl\/product\/kirby-matrasreiniger-avalir\/#breadcrumb"},"inLanguage":"it-IT","potentialAction":[{"@type":"ReadAction","target":["https:\/\/www.veltec.eu\/nl\/product\/kirby-matrasreiniger-avalir\/"]}]},{"@type":"ImageObject","inLanguage":"it-IT","@id":"https:\/\/www.veltec.eu\/nl\/product\/kirby-matrasreiniger-avalir\/#primaryimage","url":"https:\/\/www.veltec.eu\/wp-content\/uploads\/2025\/05\/Kirby-HandstofzuigerAvalir1oke-scaled.png","contentUrl":"https:\/\/www.veltec.eu\/wp-content\/uploads\/2025\/05\/Kirby-HandstofzuigerAvalir1oke-scaled.png","width":1920,"height":1920},{"@type":"BreadcrumbList","@id":"https:\/\/www.veltec.eu\/nl\/product\/kirby-matrasreiniger-avalir\/#breadcrumb","itemListElement":[{"@type":"ListItem","position":1,"name":"Home","item":"https:\/\/www.veltec.eu\/it\/"},{"@type":"ListItem","position":2,"name":"Produits","item":"https:\/\/www.veltec.eu\/fr\/shop\/"},{"@type":"ListItem","position":3,"name":"Kirby pulitore per materassi Avalir"}]},{"@type":"WebSite","@id":"https:\/\/www.veltec.eu\/en\/#website","url":"https:\/\/www.veltec.eu\/en\/","name":"Veltec Kirby specialist","description":"Kirby stofzuiger producten","publisher":{"@id":"https:\/\/www.veltec.eu\/en\/#organization"},"potentialAction":[{"@type":"SearchAction","target":{"@type":"EntryPoint","urlTemplate":"https:\/\/www.veltec.eu\/en\/?s={search_term_string}"},"query-input":{"@type":"PropertyValueSpecification","valueRequired":true,"valueName":"search_term_string"}}],"inLanguage":"it-IT"},{"@type":"Organization","@id":"https:\/\/www.veltec.eu\/en\/#organization","name":"Veltec Kirby Specialist","url":"https:\/\/www.veltec.eu\/en\/","logo":{"@type":"ImageObject","inLanguage":"it-IT","@id":"https:\/\/www.veltec.eu\/en\/#\/schema\/logo\/image\/","url":"https:\/\/www.veltec.eu\/wp-content\/uploads\/2021\/12\/Veltec-log-groot-e1537260889125.png","contentUrl":"https:\/\/www.veltec.eu\/wp-content\/uploads\/2021\/12\/Veltec-log-groot-e1537260889125.png","width":200,"height":60,"caption":"Veltec Kirby Specialist"},"image":{"@id":"https:\/\/www.veltec.eu\/en\/#\/schema\/logo\/image\/"},"sameAs":["https:\/\/www.facebook.com\/Veltec-Kirby-Specialist-236746293374877\/","https:\/\/www.youtube.com\/user\/VeltecService"]}]}},"_links":{"self":[{"href":"https:\/\/www.veltec.eu\/it\/wp-json\/wp\/v2\/product\/79404","targetHints":{"allow":["GET"]}}],"collection":[{"href":"https:\/\/www.veltec.eu\/it\/wp-json\/wp\/v2\/product"}],"about":[{"href":"https:\/\/www.veltec.eu\/it\/wp-json\/wp\/v2\/types\/product"}],"replies":[{"embeddable":true,"href":"https:\/\/www.veltec.eu\/it\/wp-json\/wp\/v2\/comments?post=79404"}],"wp:featuredmedia":[{"embeddable":true,"href":"https:\/\/www.veltec.eu\/it\/wp-json\/wp\/v2\/media\/79369"}],"wp:attachment":[{"href":"https:\/\/www.veltec.eu\/it\/wp-json\/wp\/v2\/media?parent=79404"}],"wp:term":[{"taxonomy":"product_brand","embeddable":true,"href":"https:\/\/www.veltec.eu\/it\/wp-json\/wp\/v2\/product_brand?post=79404"},{"taxonomy":"product_cat","embeddable":true,"href":"https:\/\/www.veltec.eu\/it\/wp-json\/wp\/v2\/product_cat?post=79404"},{"taxonomy":"product_tag","embeddable":true,"href":"https:\/\/www.veltec.eu\/it\/wp-json\/wp\/v2\/product_tag?post=79404"}],"curies":[{"name":"wp","href":"https:\/\/api.w.org\/{rel}","templated":true}]}}