{"id":76094,"date":"2025-03-04T16:06:40","date_gmt":"2025-03-04T14:06:40","guid":{"rendered":"https:\/\/www.veltec.eu\/product\/kirby-avalir-2-sistema-di-pulizia-multipavimento\/"},"modified":"2026-04-25T09:50:28","modified_gmt":"2026-04-25T07:50:28","slug":"kirby-avalir-2-sistema-di-pulizia-multipavimento","status":"publish","type":"product","link":"https:\/\/www.veltec.eu\/it\/product\/kirby-avalir-2-sistema-di-pulizia-multipavimento\/","title":{"rendered":"Kirby Avalir 2 + sistema di pulizia multipavimento"},"content":{"rendered":"<h1 data-start=\"338\" data-end=\"643\">Kirby Avalir 2 + sistema di pulizia multipavimento Revisionato in officina<\/h1>\n<p data-start=\"338\" data-end=\"643\">Possiamo offrire questo Kirby Avalir 2 + sistema di pulizia multipavimento fino al 60% in meno rispetto al prezzo originale. Il nuovo prezzo di questo Kirby \u00e8 di \u20ac 3.000,00.<br data-start=\"592\" data-end=\"595\" \/>Kirby Avalir 2 anno di costruzione 2018 ad oggi.<\/p>\n<p data-start=\"645\" data-end=\"744\">Consegniamo questo Kirby Avalir 2 revisionato in officina con 24 mesi di garanzia completa.<\/p>\n<p data-start=\"746\" data-end=\"947\">La revisione viene eseguita interamente nella nostra officina specializzata Veltec Kirby, dove ogni macchina viene controllata, pulita, rigenerata e testata per garantire prestazioni pari al nuovo.<\/p>\n<h4>Questo Kirby Avalir 2 viene fornito con:<\/h4>\n<ul>\n<li>Tubo flessibile (2 mtr.)<\/li>\n<li>2 tubi di prolunga<\/li>\n<li>Bocchetta battente con spazzola battente<\/li>\n<li>Borsa esterna brevettata Kirby con manico lungo<\/li>\n<li>Borsa per riporre i pezzi di ricambio<\/li>\n<li>Pistola per shampoo<\/li>\n<li>Tappo per schiuma di shampoo<\/li>\n<li>Tazza per massaggio<\/li>\n<li>Spazzola per la polvere<\/li>\n<li>Aspiratore per battiscopa<\/li>\n<li>Regolatore d&#8217;aria<\/li>\n<li>Protezione dell&#8217;ingresso<\/li>\n<li>Maniglia di sollevamento<\/li>\n<li>2 sacchi per aspirapolvere Kirby Micron Magic Plus<\/li>\n<\/ul>\n<h3>Aggiuntivo<\/h3>\n<ul>\n<li>Sistema di pulizia multipavimento<\/li>\n<\/ul>\n<div id=\"attachment_75915\" style=\"width: 310px\" class=\"wp-caption alignnone\"><img decoding=\"async\" aria-describedby=\"caption-attachment-75915\" class=\"wp-image-75915 size-medium\" src=\"https:\/\/www.veltec.eu\/wp-content\/uploads\/2025\/03\/Kirby-caddy-300x300.jpg\" alt=\"Kirby Avalir 2 + sistema di pulizia multipavimento\" width=\"300\" height=\"300\" srcset=\"https:\/\/www.veltec.eu\/wp-content\/uploads\/2025\/03\/Kirby-caddy-300x300.jpg 300w, https:\/\/www.veltec.eu\/wp-content\/uploads\/2025\/03\/Kirby-caddy-80x80.jpg 80w, https:\/\/www.veltec.eu\/wp-content\/uploads\/2025\/03\/Kirby-caddy-36x36.jpg 36w, https:\/\/www.veltec.eu\/wp-content\/uploads\/2025\/03\/Kirby-caddy-180x180.jpg 180w, https:\/\/www.veltec.eu\/wp-content\/uploads\/2025\/03\/Kirby-caddy-120x120.jpg 120w, https:\/\/www.veltec.eu\/wp-content\/uploads\/2025\/03\/Kirby-caddy-450x450.jpg 450w, https:\/\/www.veltec.eu\/wp-content\/uploads\/2025\/03\/Kirby-caddy-100x100.jpg 100w, https:\/\/www.veltec.eu\/wp-content\/uploads\/2025\/03\/Kirby-caddy-60x60.jpg 60w, https:\/\/www.veltec.eu\/wp-content\/uploads\/2025\/03\/Kirby-caddy-90x90.jpg 90w, https:\/\/www.veltec.eu\/wp-content\/uploads\/2025\/03\/Kirby-caddy.jpg 500w\" sizes=\"(max-width: 300px) 100vw, 300px\" \/><p id=\"caption-attachment-75915\" class=\"wp-caption-text\">Kirby Avalir 2 + sistema di pulizia multipavimento<\/p><\/div>\n<p><img decoding=\"async\" class=\"alignnone wp-image-76074 size-medium\" src=\"https:\/\/www.veltec.eu\/wp-content\/uploads\/2025\/03\/GRE-image-0_9c90e9f0-7cdb-427c-8895-013ded6e3a30-1-300x173.jpeg\" alt=\"Kirby Avalir 2 + sistema di pulizia multipavimento\" width=\"300\" height=\"173\" srcset=\"https:\/\/www.veltec.eu\/wp-content\/uploads\/2025\/03\/GRE-image-0_9c90e9f0-7cdb-427c-8895-013ded6e3a30-1-300x173.jpeg 300w, https:\/\/www.veltec.eu\/wp-content\/uploads\/2025\/03\/GRE-image-0_9c90e9f0-7cdb-427c-8895-013ded6e3a30-1-450x259.jpeg 450w, https:\/\/www.veltec.eu\/wp-content\/uploads\/2025\/03\/GRE-image-0_9c90e9f0-7cdb-427c-8895-013ded6e3a30-1-600x345.jpeg 600w, https:\/\/www.veltec.eu\/wp-content\/uploads\/2025\/03\/GRE-image-0_9c90e9f0-7cdb-427c-8895-013ded6e3a30-1-104x60.jpeg 104w, https:\/\/www.veltec.eu\/wp-content\/uploads\/2025\/03\/GRE-image-0_9c90e9f0-7cdb-427c-8895-013ded6e3a30-1-157x90.jpeg 157w, https:\/\/www.veltec.eu\/wp-content\/uploads\/2025\/03\/GRE-image-0_9c90e9f0-7cdb-427c-8895-013ded6e3a30-1.jpeg 640w\" sizes=\"(max-width: 300px) 100vw, 300px\" \/><\/p>\n<p data-start=\"1733\" data-end=\"2009\">\u00c8 possibile potenziare ulteriormente il Kirby con opzioni aggiuntive come il <a href=\"https:\/\/www.veltec.eu\/it\/product\/kirby-sistema-di-lucidatura-nl3155\/\" target=\"_blank\" rel=\"noopener\">sistema di lucidatura Kirby<\/a>, il <a href=\"https:\/\/www.veltec.eu\/it\/product\/kirby-tubo-aspirapolvere-4mt-nl3168\/\" target=\"_blank\" rel=\"noopener\">tubo di aspirazione Kirby (4 metri)<\/a> o il <a href=\"https:\/\/www.veltec.eu\/it\/product\/kirby-accessori-sistema-turbo-nl3126\/\" target=\"_blank\" rel=\"noopener\">sistema di accessori Kirby Turbo<\/a>.<br data-start=\"1916\" data-end=\"1919\" \/>Gli apparecchi Kirby vengono consegnati a casa vostra con una garanzia completa di 2 anni.<\/p>\n<p data-start=\"2011\" data-end=\"2096\"><a href=\"\/?page_id=15278\" target=\"_blank\" rel=\"noopener\">Qui potete trovare tutti gli aspirapolvere Kirby nuovi e revisionati in officina.<\/a><\/p>\n<p data-start=\"2098\" data-end=\"2155\"><strong>Questo aspirapolvere Kirby \u00e8 revisionato in officina.<\/strong><\/p>\n<p data-start=\"2098\" data-end=\"2155\"><img decoding=\"async\" class=\"alignright wp-image-85975 size-medium\" src=\"https:\/\/www.veltec.eu\/wp-content\/uploads\/2018\/09\/Kirby-refurbished-1-300x300.png\" alt=\"Kirby Avalir 2 + sistema di pulizia multipavimento Revisionato in officina\" width=\"300\" height=\"300\" srcset=\"https:\/\/www.veltec.eu\/wp-content\/uploads\/2018\/09\/Kirby-refurbished-1-300x300.png 300w, https:\/\/www.veltec.eu\/wp-content\/uploads\/2018\/09\/Kirby-refurbished-1-80x80.png 80w, https:\/\/www.veltec.eu\/wp-content\/uploads\/2018\/09\/Kirby-refurbished-1-36x36.png 36w, https:\/\/www.veltec.eu\/wp-content\/uploads\/2018\/09\/Kirby-refurbished-1-180x180.png 180w, https:\/\/www.veltec.eu\/wp-content\/uploads\/2018\/09\/Kirby-refurbished-1-120x120.png 120w, https:\/\/www.veltec.eu\/wp-content\/uploads\/2018\/09\/Kirby-refurbished-1-450x450.png 450w, https:\/\/www.veltec.eu\/wp-content\/uploads\/2018\/09\/Kirby-refurbished-1-600x600.png 600w, https:\/\/www.veltec.eu\/wp-content\/uploads\/2018\/09\/Kirby-refurbished-1-100x100.png 100w, https:\/\/www.veltec.eu\/wp-content\/uploads\/2018\/09\/Kirby-refurbished-1.png 626w\" sizes=\"(max-width: 300px) 100vw, 300px\" \/><\/p>\n<h2 data-start=\"2162\" data-end=\"2210\">Che cosa significa \u201cRevisionato in officina\u201d?<\/h2>\n<p data-start=\"2212\" data-end=\"2429\">Un aspirapolvere Kirby revisionato in officina \u00e8 un dispositivo usato che viene completamente ricondizionato nella nostra officina specializzata Veltec Kirby, dove viene riportato alle sue condizioni ottimali.<\/p>\n<p data-start=\"2431\" data-end=\"2455\">Il processo comprende:<\/p>\n<ul data-start=\"2456\" data-end=\"2655\">\n<li data-start=\"2456\" data-end=\"2494\">Pulizia e lucidatura professionale<\/li>\n<li data-start=\"2495\" data-end=\"2526\">Assistenza tecnica completa<\/li>\n<li data-start=\"2527\" data-end=\"2569\">Sostituzione di tutte le parti usurate<\/li>\n<li data-start=\"2570\" data-end=\"2655\">Test rigorosi per garantire il rispetto degli standard di qualit\u00e0 originali Kirby<\/li>\n<\/ul>\n<h4 data-start=\"2657\" data-end=\"2873\">Il vostro vantaggio?<\/h4>\n<p data-start=\"2657\" data-end=\"2873\">Con un modello revisionato in officina da Veltec ricevete due anni di garanzia completa, assicurandovi affidabilit\u00e0, prestazioni ottimali e un aspirapolvere che sembra nuovamente nuovo.<\/p>\n<h2>Scoprite la potenza del Kirby Avalir 2 + sistema di pulizia multipavimento<\/h2>\n<p>L\u2019Avalir 2 non \u00e8 solo un aspirapolvere, ma un vero sistema di pulizia completo che lascia la casa splendente. Grazie alla sua tecnologia avanzata e alla sua grande versatilit\u00e0, il Kirby Avalir 2 \u00e8 la soluzione ideale per qualsiasi esigenza di pulizia.<\/p>\n<h3>Perch\u00e9 scegliere il Kirby Avalir 2 + sistema di pulizia multipavimento?<\/h3>\n<p>L\u2019Avalir 2 \u00e8 progettato per garantire durata, potenza e performance. Combina la forza di un aspirapolvere tradizionale con la profondit\u00e0 di pulizia di un battitappeto professionale, offrendo un\u2019esperienza di pulizia superiore. La struttura robusta e i materiali di alta qualit\u00e0 assicurano anni di utilizzo affidabile.<\/p>\n<p>Qui potete trovare <a href=\"https:\/\/www.servizio-aspirapolvere-kirby.it\/il-kirby-avalir\/\" target=\"_blank\" rel=\"noopener\">Tutto quello che c\u2019\u00e8 da sapere sul Kirby Avalir<\/a><\/p>\n<h3>Potente aspirazione ed efficienza<\/h3>\n<p>L\u2019Avalir 2 \u00e8 dotato di un motore ad alta potenza che permette una pulizia profonda di tappeti e pavimenti. La tecnologia di filtraggio avanzata cattura anche le particelle pi\u00f9 piccole, garantendo un ambiente pi\u00f9 sano. La potenza di aspirazione regolabile permette inoltre di passare facilmente da tende delicate a pavimenti duri.<\/p>\n<h3>Sistema di pulizia Kirby Multi Floor<\/h3>\n<p>Con il Multi Floor Cleaning System, avrete a disposizione un battitappeto professionale e una lucidatrice per trattare ogni tipo di pavimento.<\/p>\n<h3>Versatilit\u00e0 di pulizia<\/h3>\n<p data-start=\"4208\" data-end=\"4318\">Ci\u00f2 che distingue davvero l\u2019Avalir 2 \u00e8 la sua versatilit\u00e0. La macchina pu\u00f2 essere trasformata facilmente in:<\/p>\n<ul data-start=\"4319\" data-end=\"4397\">\n<li data-start=\"4319\" data-end=\"4334\">lucidatrice<\/li>\n<li data-start=\"4335\" data-end=\"4374\">pulitore professionale di materassi<\/li>\n<li data-start=\"4375\" data-end=\"4397\">compressore d\u2019aria<\/li>\n<\/ul>\n<p data-start=\"4399\" data-end=\"4542\">In questo modo \u00e8 possibile eseguire diverse attivit\u00e0 di pulizia con un unico dispositivo, risparmiando spazio e ottimizzando la vostra routine.<\/p>\n<h3>Accessori e accessori<\/h3>\n<p>Avalir 2 viene fornito con un\u2019ampia gamma di accessori progettati per affrontare diversi compiti di pulizia. Dalle spazzole per i peli degli animali domestici a quelle per le zone difficili da raggiungere, troverete tutto ci\u00f2 che serve per pulire ogni superficie della casa in modo efficace.<\/p>\n","protected":false},"excerpt":{"rendered":"<p>Noi possiamo offrire questa Kirby Avalir 2 Base per un` importo fino al 60% inferiore del prezzo richiesto.<br \/>\nIl prezzo richiesto di questo Kirby e` ora di circa \u20ac 3.000,00.<\/p>\n[trustindex data-widget-id=de4365f24f22281a6b165ed75b0]\n<h3><span style=\"color: #008000;\"><br \/>\nIn magazzino<\/span><\/h3>\n[av_font_icon icon='ue812' font='entypo-fontello' style='' caption='' size='25px' position='left' color='#43ad66' link='' linktarget='' title_attr='' sonar_effect_effect='' sonar_effect_color='' sonar_effect_duration='1' sonar_effect_scale='' sonar_effect_opac='0.5' animation='' id='' custom_class='' template_class='' av_uid='' sc_version='1.0' admin_preview_bg=''][\/av_font_icon]\n<p><span style=\"color: #008000;\">I tempi di consegna sono compresi tra 5 e 10 giorni lavorativi<\/span><\/p>\n<p>&nbsp;<\/p>\n","protected":false},"featured_media":86070,"comment_status":"open","ping_status":"closed","template":"","meta":{"_acf_changed":false},"product_brand":[],"product_cat":[415,411,315],"product_tag":[],"class_list":{"0":"post-76094","1":"product","2":"type-product","3":"status-publish","4":"has-post-thumbnail","6":"product_cat-kirby-aspirapolveri-nuove","7":"product_cat-kirby-revisionato-in-officina","8":"product_cat-offerte","10":"first","11":"instock","12":"sale","13":"taxable","14":"shipping-taxable","15":"purchasable","16":"product-type-simple"},"acf":[],"yoast_head":"<!-- This site is optimized with the Yoast SEO Premium plugin v27.1 (Yoast SEO v27.4) - https:\/\/yoast.com\/product\/yoast-seo-premium-wordpress\/ -->\n<title>Kirby Avalir 2 + sistema di pulizia multipavimento - Veltec Kirby specialist<\/title>\n<meta name=\"description\" content=\"Kirby Avalir 2 + sistema di pulizia multipavimento - Veltec \u00e8 fornitore di aspirapolvere Kirby da oltre 25 anni. Specialista Kirby.\" \/>\n<meta name=\"robots\" content=\"index, follow, max-snippet:-1, max-image-preview:large, max-video-preview:-1\" \/>\n<link rel=\"canonical\" href=\"https:\/\/www.veltec.eu\/it\/product\/kirby-avalir-2-sistema-di-pulizia-multipavimento\/\" \/>\n<meta property=\"og:locale\" content=\"it_IT\" \/>\n<meta property=\"og:type\" content=\"article\" \/>\n<meta property=\"og:title\" content=\"Kirby Avalir 2 + sistema di pulizia multipavimento\" \/>\n<meta property=\"og:description\" content=\"Noi possiamo offrire questa Kirby Avalir 2 Base per un` importo fino al 60% inferiore del prezzo richiesto. Il prezzo richiesto di questo Kirby e` ora di circa \u20ac 3.000,00.    In magazzino   I tempi di consegna sono compresi tra 5 e 10 giorni lavorativi  &nbsp;\" \/>\n<meta property=\"og:url\" content=\"https:\/\/www.veltec.eu\/it\/product\/kirby-avalir-2-sistema-di-pulizia-multipavimento\/\" \/>\n<meta property=\"og:site_name\" content=\"Veltec Kirby specialist\" \/>\n<meta property=\"article:publisher\" content=\"https:\/\/www.facebook.com\/Veltec-Kirby-Specialist-236746293374877\/\" \/>\n<meta property=\"article:modified_time\" content=\"2026-04-25T07:50:28+00:00\" \/>\n<meta property=\"og:image\" content=\"https:\/\/www.veltec.eu\/wp-content\/uploads\/2025\/03\/Avalir21shampoo.png\" \/>\n\t<meta property=\"og:image:width\" content=\"620\" \/>\n\t<meta property=\"og:image:height\" content=\"620\" \/>\n\t<meta property=\"og:image:type\" content=\"image\/png\" \/>\n<meta name=\"twitter:card\" content=\"summary_large_image\" \/>\n<meta name=\"twitter:label1\" content=\"Tempo di lettura stimato\" \/>\n\t<meta name=\"twitter:data1\" content=\"4 minuti\" \/>\n<script type=\"application\/ld+json\" class=\"yoast-schema-graph\">{\"@context\":\"https:\\\/\\\/schema.org\",\"@graph\":[{\"@type\":\"WebPage\",\"@id\":\"https:\\\/\\\/www.veltec.eu\\\/it\\\/product\\\/kirby-avalir-2-sistema-di-pulizia-multipavimento\\\/\",\"url\":\"https:\\\/\\\/www.veltec.eu\\\/it\\\/product\\\/kirby-avalir-2-sistema-di-pulizia-multipavimento\\\/\",\"name\":\"Kirby Avalir 2 + sistema di pulizia multipavimento - Veltec Kirby specialist\",\"isPartOf\":{\"@id\":\"https:\\\/\\\/www.veltec.eu\\\/en\\\/#website\"},\"primaryImageOfPage\":{\"@id\":\"https:\\\/\\\/www.veltec.eu\\\/it\\\/product\\\/kirby-avalir-2-sistema-di-pulizia-multipavimento\\\/#primaryimage\"},\"image\":{\"@id\":\"https:\\\/\\\/www.veltec.eu\\\/it\\\/product\\\/kirby-avalir-2-sistema-di-pulizia-multipavimento\\\/#primaryimage\"},\"thumbnailUrl\":\"https:\\\/\\\/www.veltec.eu\\\/wp-content\\\/uploads\\\/2025\\\/03\\\/Avalir21shampoo.png\",\"datePublished\":\"2025-03-04T14:06:40+00:00\",\"dateModified\":\"2026-04-25T07:50:28+00:00\",\"description\":\"Kirby Avalir 2 + sistema di pulizia multipavimento - Veltec \u00e8 fornitore di aspirapolvere Kirby da oltre 25 anni. Specialista Kirby.\",\"breadcrumb\":{\"@id\":\"https:\\\/\\\/www.veltec.eu\\\/it\\\/product\\\/kirby-avalir-2-sistema-di-pulizia-multipavimento\\\/#breadcrumb\"},\"inLanguage\":\"it-IT\",\"potentialAction\":[{\"@type\":\"ReadAction\",\"target\":[\"https:\\\/\\\/www.veltec.eu\\\/it\\\/product\\\/kirby-avalir-2-sistema-di-pulizia-multipavimento\\\/\"]}]},{\"@type\":\"ImageObject\",\"inLanguage\":\"it-IT\",\"@id\":\"https:\\\/\\\/www.veltec.eu\\\/it\\\/product\\\/kirby-avalir-2-sistema-di-pulizia-multipavimento\\\/#primaryimage\",\"url\":\"https:\\\/\\\/www.veltec.eu\\\/wp-content\\\/uploads\\\/2025\\\/03\\\/Avalir21shampoo.png\",\"contentUrl\":\"https:\\\/\\\/www.veltec.eu\\\/wp-content\\\/uploads\\\/2025\\\/03\\\/Avalir21shampoo.png\",\"width\":620,\"height\":620},{\"@type\":\"BreadcrumbList\",\"@id\":\"https:\\\/\\\/www.veltec.eu\\\/it\\\/product\\\/kirby-avalir-2-sistema-di-pulizia-multipavimento\\\/#breadcrumb\",\"itemListElement\":[{\"@type\":\"ListItem\",\"position\":1,\"name\":\"Home\",\"item\":\"https:\\\/\\\/www.veltec.eu\\\/it\\\/\"},{\"@type\":\"ListItem\",\"position\":2,\"name\":\"Negozio Kirby\",\"item\":\"https:\\\/\\\/www.veltec.eu\\\/it\\\/negozio-kirby\\\/\"},{\"@type\":\"ListItem\",\"position\":3,\"name\":\"Kirby Avalir 2 + sistema di pulizia multipavimento\"}]},{\"@type\":\"WebSite\",\"@id\":\"https:\\\/\\\/www.veltec.eu\\\/en\\\/#website\",\"url\":\"https:\\\/\\\/www.veltec.eu\\\/en\\\/\",\"name\":\"Veltec Kirby specialist\",\"description\":\"Kirby stofzuiger producten\",\"publisher\":{\"@id\":\"https:\\\/\\\/www.veltec.eu\\\/en\\\/#organization\"},\"potentialAction\":[{\"@type\":\"SearchAction\",\"target\":{\"@type\":\"EntryPoint\",\"urlTemplate\":\"https:\\\/\\\/www.veltec.eu\\\/en\\\/?s={search_term_string}\"},\"query-input\":{\"@type\":\"PropertyValueSpecification\",\"valueRequired\":true,\"valueName\":\"search_term_string\"}}],\"inLanguage\":\"it-IT\"},{\"@type\":\"Organization\",\"@id\":\"https:\\\/\\\/www.veltec.eu\\\/en\\\/#organization\",\"name\":\"Veltec Kirby Specialist\",\"url\":\"https:\\\/\\\/www.veltec.eu\\\/en\\\/\",\"logo\":{\"@type\":\"ImageObject\",\"inLanguage\":\"it-IT\",\"@id\":\"https:\\\/\\\/www.veltec.eu\\\/en\\\/#\\\/schema\\\/logo\\\/image\\\/\",\"url\":\"https:\\\/\\\/www.veltec.eu\\\/wp-content\\\/uploads\\\/2021\\\/12\\\/Veltec-log-groot-e1537260889125.png\",\"contentUrl\":\"https:\\\/\\\/www.veltec.eu\\\/wp-content\\\/uploads\\\/2021\\\/12\\\/Veltec-log-groot-e1537260889125.png\",\"width\":200,\"height\":60,\"caption\":\"Veltec Kirby Specialist\"},\"image\":{\"@id\":\"https:\\\/\\\/www.veltec.eu\\\/en\\\/#\\\/schema\\\/logo\\\/image\\\/\"},\"sameAs\":[\"https:\\\/\\\/www.facebook.com\\\/Veltec-Kirby-Specialist-236746293374877\\\/\",\"https:\\\/\\\/www.youtube.com\\\/user\\\/VeltecService\"]}]}<\/script>\n<!-- \/ Yoast SEO Premium plugin. -->","yoast_head_json":{"title":"Kirby Avalir 2 + sistema di pulizia multipavimento - Veltec Kirby specialist","description":"Kirby Avalir 2 + sistema di pulizia multipavimento - Veltec \u00e8 fornitore di aspirapolvere Kirby da oltre 25 anni. Specialista Kirby.","robots":{"index":"index","follow":"follow","max-snippet":"max-snippet:-1","max-image-preview":"max-image-preview:large","max-video-preview":"max-video-preview:-1"},"canonical":"https:\/\/www.veltec.eu\/it\/product\/kirby-avalir-2-sistema-di-pulizia-multipavimento\/","og_locale":"it_IT","og_type":"article","og_title":"Kirby Avalir 2 + sistema di pulizia multipavimento","og_description":"Noi possiamo offrire questa Kirby Avalir 2 Base per un` importo fino al 60% inferiore del prezzo richiesto. Il prezzo richiesto di questo Kirby e` ora di circa \u20ac 3.000,00.    In magazzino   I tempi di consegna sono compresi tra 5 e 10 giorni lavorativi  &nbsp;","og_url":"https:\/\/www.veltec.eu\/it\/product\/kirby-avalir-2-sistema-di-pulizia-multipavimento\/","og_site_name":"Veltec Kirby specialist","article_publisher":"https:\/\/www.facebook.com\/Veltec-Kirby-Specialist-236746293374877\/","article_modified_time":"2026-04-25T07:50:28+00:00","og_image":[{"width":620,"height":620,"url":"https:\/\/www.veltec.eu\/wp-content\/uploads\/2025\/03\/Avalir21shampoo.png","type":"image\/png"}],"twitter_card":"summary_large_image","twitter_misc":{"Tempo di lettura stimato":"4 minuti"},"schema":{"@context":"https:\/\/schema.org","@graph":[{"@type":"WebPage","@id":"https:\/\/www.veltec.eu\/it\/product\/kirby-avalir-2-sistema-di-pulizia-multipavimento\/","url":"https:\/\/www.veltec.eu\/it\/product\/kirby-avalir-2-sistema-di-pulizia-multipavimento\/","name":"Kirby Avalir 2 + sistema di pulizia multipavimento - Veltec Kirby specialist","isPartOf":{"@id":"https:\/\/www.veltec.eu\/en\/#website"},"primaryImageOfPage":{"@id":"https:\/\/www.veltec.eu\/it\/product\/kirby-avalir-2-sistema-di-pulizia-multipavimento\/#primaryimage"},"image":{"@id":"https:\/\/www.veltec.eu\/it\/product\/kirby-avalir-2-sistema-di-pulizia-multipavimento\/#primaryimage"},"thumbnailUrl":"https:\/\/www.veltec.eu\/wp-content\/uploads\/2025\/03\/Avalir21shampoo.png","datePublished":"2025-03-04T14:06:40+00:00","dateModified":"2026-04-25T07:50:28+00:00","description":"Kirby Avalir 2 + sistema di pulizia multipavimento - Veltec \u00e8 fornitore di aspirapolvere Kirby da oltre 25 anni. Specialista Kirby.","breadcrumb":{"@id":"https:\/\/www.veltec.eu\/it\/product\/kirby-avalir-2-sistema-di-pulizia-multipavimento\/#breadcrumb"},"inLanguage":"it-IT","potentialAction":[{"@type":"ReadAction","target":["https:\/\/www.veltec.eu\/it\/product\/kirby-avalir-2-sistema-di-pulizia-multipavimento\/"]}]},{"@type":"ImageObject","inLanguage":"it-IT","@id":"https:\/\/www.veltec.eu\/it\/product\/kirby-avalir-2-sistema-di-pulizia-multipavimento\/#primaryimage","url":"https:\/\/www.veltec.eu\/wp-content\/uploads\/2025\/03\/Avalir21shampoo.png","contentUrl":"https:\/\/www.veltec.eu\/wp-content\/uploads\/2025\/03\/Avalir21shampoo.png","width":620,"height":620},{"@type":"BreadcrumbList","@id":"https:\/\/www.veltec.eu\/it\/product\/kirby-avalir-2-sistema-di-pulizia-multipavimento\/#breadcrumb","itemListElement":[{"@type":"ListItem","position":1,"name":"Home","item":"https:\/\/www.veltec.eu\/it\/"},{"@type":"ListItem","position":2,"name":"Negozio Kirby","item":"https:\/\/www.veltec.eu\/it\/negozio-kirby\/"},{"@type":"ListItem","position":3,"name":"Kirby Avalir 2 + sistema di pulizia multipavimento"}]},{"@type":"WebSite","@id":"https:\/\/www.veltec.eu\/en\/#website","url":"https:\/\/www.veltec.eu\/en\/","name":"Veltec Kirby specialist","description":"Kirby stofzuiger producten","publisher":{"@id":"https:\/\/www.veltec.eu\/en\/#organization"},"potentialAction":[{"@type":"SearchAction","target":{"@type":"EntryPoint","urlTemplate":"https:\/\/www.veltec.eu\/en\/?s={search_term_string}"},"query-input":{"@type":"PropertyValueSpecification","valueRequired":true,"valueName":"search_term_string"}}],"inLanguage":"it-IT"},{"@type":"Organization","@id":"https:\/\/www.veltec.eu\/en\/#organization","name":"Veltec Kirby Specialist","url":"https:\/\/www.veltec.eu\/en\/","logo":{"@type":"ImageObject","inLanguage":"it-IT","@id":"https:\/\/www.veltec.eu\/en\/#\/schema\/logo\/image\/","url":"https:\/\/www.veltec.eu\/wp-content\/uploads\/2021\/12\/Veltec-log-groot-e1537260889125.png","contentUrl":"https:\/\/www.veltec.eu\/wp-content\/uploads\/2021\/12\/Veltec-log-groot-e1537260889125.png","width":200,"height":60,"caption":"Veltec Kirby Specialist"},"image":{"@id":"https:\/\/www.veltec.eu\/en\/#\/schema\/logo\/image\/"},"sameAs":["https:\/\/www.facebook.com\/Veltec-Kirby-Specialist-236746293374877\/","https:\/\/www.youtube.com\/user\/VeltecService"]}]}},"_links":{"self":[{"href":"https:\/\/www.veltec.eu\/it\/wp-json\/wp\/v2\/product\/76094","targetHints":{"allow":["GET"]}}],"collection":[{"href":"https:\/\/www.veltec.eu\/it\/wp-json\/wp\/v2\/product"}],"about":[{"href":"https:\/\/www.veltec.eu\/it\/wp-json\/wp\/v2\/types\/product"}],"replies":[{"embeddable":true,"href":"https:\/\/www.veltec.eu\/it\/wp-json\/wp\/v2\/comments?post=76094"}],"wp:featuredmedia":[{"embeddable":true,"href":"https:\/\/www.veltec.eu\/it\/wp-json\/wp\/v2\/media\/86070"}],"wp:attachment":[{"href":"https:\/\/www.veltec.eu\/it\/wp-json\/wp\/v2\/media?parent=76094"}],"wp:term":[{"taxonomy":"product_brand","embeddable":true,"href":"https:\/\/www.veltec.eu\/it\/wp-json\/wp\/v2\/product_brand?post=76094"},{"taxonomy":"product_cat","embeddable":true,"href":"https:\/\/www.veltec.eu\/it\/wp-json\/wp\/v2\/product_cat?post=76094"},{"taxonomy":"product_tag","embeddable":true,"href":"https:\/\/www.veltec.eu\/it\/wp-json\/wp\/v2\/product_tag?post=76094"}],"curies":[{"name":"wp","href":"https:\/\/api.w.org\/{rel}","templated":true}]}}