{"id":76058,"date":"2025-03-04T14:07:29","date_gmt":"2025-03-04T12:07:29","guid":{"rendered":"https:\/\/www.veltec.eu\/product\/kirby-avalir-2-spazzola-turbo\/"},"modified":"2026-04-30T11:45:16","modified_gmt":"2026-04-30T09:45:16","slug":"kirby-avalir-2-spazzola-turbo","status":"publish","type":"product","link":"https:\/\/www.veltec.eu\/it\/product\/kirby-avalir-2-spazzola-turbo\/","title":{"rendered":"Kirby Avalir 2 + Spazzola Turbo"},"content":{"rendered":"<h1 data-pm-slice=\"1 1 []\">Kirby Avalir 2 + Spazzola Turbo Revisionato in officina<\/h1>\n<p data-pm-slice=\"1 1 []\">Offriamo il Kirby Avalir 2 + Spazzola Turbo a un prezzo inferiore fino al 60% rispetto al prezzo di vendita originale. Il prezzo di vendita consigliato per un Kirby nuovo \u00e8 di 3.000,00 euro.<\/p>\n<p>Kirby Avalir 2 &#8211; Prodotto dal 2018 a oggi<\/p>\n<p>l nostro Kirby Avalir 2 revisionato in officina viene fornito con una garanzia completa di 24 mesi.<\/p>\n<p>Tutti i modelli vengono accuratamente revisionati nella nostra officina specializzata Veltec, dove tecnici certificati Kirby effettuano una rigenerazione professionale seguendo gli standard originali del produttore.<\/p>\n<h3>Questo Kirby Avalir 2 \u00e8 dotato di serie di:<\/h3>\n<ul>\n<li>Tubo flessibile Hoover (2 metri)<\/li>\n<li>Due tubi di prolunga<\/li>\n<li>Bocchetta per frullare con spazzola<\/li>\n<li>Sacchetto esterno brevettato Kirby con manico lungo<\/li>\n<li>Sacchetto per riporre gli accessori<\/li>\n<li>Pistola per shampoo<\/li>\n<li>Tappo per schiuma di shampoo<\/li>\n<li>Tazza per massaggio<\/li>\n<li>Spolverino<\/li>\n<li>Aspirapolvere a battiscopa<\/li>\n<li>Regolatore d&#8217;aria<\/li>\n<li>Protezione d&#8217;ingresso<\/li>\n<li>Maniglia di sollevamento<\/li>\n<li>Due sacchetti per l&#8217;aspirazione Kirby (Micron Magic Plus)<\/li>\n<\/ul>\n<h3>Extra inclusi:<\/h3>\n<ul>\n<li>Spazzola Kirby Turbo<\/li>\n<\/ul>\n<div id=\"attachment_82973\" style=\"width: 310px\" class=\"wp-caption alignnone\"><img decoding=\"async\" aria-describedby=\"caption-attachment-82973\" class=\"wp-image-82973 size-medium\" src=\"https:\/\/www.veltec.eu\/wp-content\/uploads\/2020\/07\/Kirby-caddy-300x300.webp\" alt=\"Kirby Avalir 2 + Spazzola Turbo\" width=\"300\" height=\"300\" srcset=\"https:\/\/www.veltec.eu\/wp-content\/uploads\/2020\/07\/Kirby-caddy-300x300.webp 300w, https:\/\/www.veltec.eu\/wp-content\/uploads\/2020\/07\/Kirby-caddy-80x80.webp 80w, https:\/\/www.veltec.eu\/wp-content\/uploads\/2020\/07\/Kirby-caddy-36x36.webp 36w, https:\/\/www.veltec.eu\/wp-content\/uploads\/2020\/07\/Kirby-caddy-180x180.webp 180w, https:\/\/www.veltec.eu\/wp-content\/uploads\/2020\/07\/Kirby-caddy-120x120.webp 120w, https:\/\/www.veltec.eu\/wp-content\/uploads\/2020\/07\/Kirby-caddy-450x450.webp 450w, https:\/\/www.veltec.eu\/wp-content\/uploads\/2020\/07\/Kirby-caddy-100x100.webp 100w, https:\/\/www.veltec.eu\/wp-content\/uploads\/2020\/07\/Kirby-caddy.webp 500w\" sizes=\"(max-width: 300px) 100vw, 300px\" \/><p id=\"caption-attachment-82973\" class=\"wp-caption-text\">Kirby Avalir 2 + Spazzola Turbo<\/p><\/div>\n<div id=\"attachment_83199\" style=\"width: 310px\" class=\"wp-caption alignnone\"><img decoding=\"async\" aria-describedby=\"caption-attachment-83199\" class=\"wp-image-83199 size-medium\" src=\"https:\/\/www.veltec.eu\/wp-content\/uploads\/2025\/03\/Kirby-Zipp-brush-300x300.jpeg\" alt=\"Kirby Avalir 2 + Spazzola Turbo\" width=\"300\" height=\"300\" srcset=\"https:\/\/www.veltec.eu\/wp-content\/uploads\/2025\/03\/Kirby-Zipp-brush-300x300.jpeg 300w, https:\/\/www.veltec.eu\/wp-content\/uploads\/2025\/03\/Kirby-Zipp-brush-80x80.jpeg 80w, https:\/\/www.veltec.eu\/wp-content\/uploads\/2025\/03\/Kirby-Zipp-brush-36x36.jpeg 36w, https:\/\/www.veltec.eu\/wp-content\/uploads\/2025\/03\/Kirby-Zipp-brush-180x180.jpeg 180w, https:\/\/www.veltec.eu\/wp-content\/uploads\/2025\/03\/Kirby-Zipp-brush-120x120.jpeg 120w, https:\/\/www.veltec.eu\/wp-content\/uploads\/2025\/03\/Kirby-Zipp-brush-450x450.jpeg 450w, https:\/\/www.veltec.eu\/wp-content\/uploads\/2025\/03\/Kirby-Zipp-brush-100x100.jpeg 100w, https:\/\/www.veltec.eu\/wp-content\/uploads\/2025\/03\/Kirby-Zipp-brush-60x60.jpeg 60w, https:\/\/www.veltec.eu\/wp-content\/uploads\/2025\/03\/Kirby-Zipp-brush-90x90.jpeg 90w, https:\/\/www.veltec.eu\/wp-content\/uploads\/2025\/03\/Kirby-Zipp-brush.jpeg 600w\" sizes=\"(max-width: 300px) 100vw, 300px\" \/><p id=\"caption-attachment-83199\" class=\"wp-caption-text\">Kirby Avalir 2 + Spazzola Turbo<\/p><\/div>\n<h3>Estensioni opzionali:<\/h3>\n<p>Vuoi rendere il tuo Kirby ancora pi\u00f9 versatile? Ampliate il vostro sistema con accessori aggiuntivi, come il <a href=\"https:\/\/www.veltec.eu\/it\/product\/kirby-sistema-di-lucidatura-nl3155\/\" target=\"_blank\" rel=\"noopener\">sistema di lucidatura Kirby<\/a>, il <a href=\"https:\/\/www.veltec.eu\/it\/product\/sistema-di-pulizia-multi-superficie-kirby\/\" target=\"_blank\" rel=\"noopener\">sistema di pulizia multipavimento Kirby<\/a>, un <a href=\"https:\/\/www.veltec.eu\/it\/product\/kirby-tubo-aspirapolvere-4mt-nl3168\/\" target=\"_blank\" rel=\"noopener\">tubo di aspirazione pi\u00f9 lungo (4 metri)<\/a> o il <a href=\"https:\/\/www.veltec.eu\/it\/product\/kirby-accessori-sistema-turbo-nl3126\/\" target=\"_blank\" rel=\"noopener\">sistema di accessori Kirby Turbo.<\/a><\/p>\n<p data-start=\"2101\" data-end=\"2203\">Le nostre macchine Kirby vengono consegnate a casa vostra e includono due anni di garanzia Veltec.<\/p>\n<p data-start=\"2205\" data-end=\"2283\"><a href=\"https:\/\/www.veltec.eu\/it\/?page_id=15278\" target=\"_blank\" rel=\"noopener\">Qui troverete tutti gli aspirapolvere Kirby nuovi e revisionati in officina.<\/a><\/p>\n<p data-start=\"2205\" data-end=\"2283\"><img decoding=\"async\" class=\"alignright wp-image-85975 size-medium\" src=\"https:\/\/www.veltec.eu\/wp-content\/uploads\/2018\/09\/Kirby-refurbished-1-300x300.png\" alt=\"Kirby Avalir 2 + Spazzola Turbo Revisionato in officina\" width=\"300\" height=\"300\" srcset=\"https:\/\/www.veltec.eu\/wp-content\/uploads\/2018\/09\/Kirby-refurbished-1-300x300.png 300w, https:\/\/www.veltec.eu\/wp-content\/uploads\/2018\/09\/Kirby-refurbished-1-80x80.png 80w, https:\/\/www.veltec.eu\/wp-content\/uploads\/2018\/09\/Kirby-refurbished-1-36x36.png 36w, https:\/\/www.veltec.eu\/wp-content\/uploads\/2018\/09\/Kirby-refurbished-1-180x180.png 180w, https:\/\/www.veltec.eu\/wp-content\/uploads\/2018\/09\/Kirby-refurbished-1-120x120.png 120w, https:\/\/www.veltec.eu\/wp-content\/uploads\/2018\/09\/Kirby-refurbished-1-450x450.png 450w, https:\/\/www.veltec.eu\/wp-content\/uploads\/2018\/09\/Kirby-refurbished-1-600x600.png 600w, https:\/\/www.veltec.eu\/wp-content\/uploads\/2018\/09\/Kirby-refurbished-1-100x100.png 100w, https:\/\/www.veltec.eu\/wp-content\/uploads\/2018\/09\/Kirby-refurbished-1.png 626w\" sizes=\"(max-width: 300px) 100vw, 300px\" \/><\/p>\n<h2 data-start=\"2290\" data-end=\"2333\">Cosa significa \u201crevisionato in officina\u201d?<\/h2>\n<p data-start=\"2335\" data-end=\"2571\">Un aspirapolvere Kirby revisionato in officina \u00e8 una macchina usata che \u00e8 stata completamente controllata, pulita e rimessa a nuovo nella nostra officina specializzata Veltec, non in fabbrica.<br data-start=\"2535\" data-end=\"2538\" \/>Durante il processo di revisione:<\/p>\n<ul data-start=\"2573\" data-end=\"2876\">\n<li data-start=\"2573\" data-end=\"2639\">l\u2019aspirapolvere viene smontato e sottoposto a pulizia profonda<\/li>\n<li data-start=\"2640\" data-end=\"2679\">le parti usurate vengono sostituite<\/li>\n<li data-start=\"2680\" data-end=\"2734\">il corpo macchina viene lucidato professionalmente<\/li>\n<li data-start=\"2735\" data-end=\"2787\">il motore e i componenti tecnici vengono testati<\/li>\n<li data-start=\"2788\" data-end=\"2876\">ogni funzione viene verificata per garantire gli standard di qualit\u00e0 originali Kirby<\/li>\n<\/ul>\n<h3>Il vostro vantaggio?<\/h3>\n<p data-start=\"2912\" data-end=\"3019\">Riceverete una garanzia completa di due anni su un Kirby revisionato in officina, il che significa avere:<\/p>\n<ul data-start=\"3021\" data-end=\"3167\">\n<li data-start=\"3021\" data-end=\"3045\">massima affidabilit\u00e0<\/li>\n<li data-start=\"3046\" data-end=\"3069\">prestazioni potenti<\/li>\n<li data-start=\"3070\" data-end=\"3114\">un aspirapolvere che funziona come nuovo<\/li>\n<li data-start=\"3115\" data-end=\"3167\">un enorme risparmio rispetto al prezzo del nuovo<\/li>\n<\/ul>\n<h2>La potenza del Kirby Avalir 2 + Spazzola Turbo<\/h2>\n<p>L\u2019Avalir 2 \u00e8 pi\u00f9 di un semplice aspirapolvere: \u00e8 un sistema di pulizia versatile che pulisce senza fatica ogni superficie della casa. Grazie alle tecnologie avanzate e a un\u2019ampia gamma di funzioni, il Kirby Avalir 2 offre un\u2019esperienza di pulizia di livello superiore.<\/p>\n<h2>Perch\u00e9 scegliere il Kirby Avalir 2 + Spazzola Turbo?<\/h2>\n<p data-start=\"3557\" data-end=\"3600\">Questa macchina \u00e8 progettata per garantire:<\/p>\n<ul data-start=\"3601\" data-end=\"3748\">\n<li data-start=\"3601\" data-end=\"3617\">lunga durata<\/li>\n<li data-start=\"3618\" data-end=\"3641\">massime prestazioni<\/li>\n<li data-start=\"3642\" data-end=\"3704\">potenza di aspirazione paragonabile a un apparecchio nuovo<\/li>\n<li data-start=\"3705\" data-end=\"3748\">pulizia profonda di pavimenti e tappeti<\/li>\n<\/ul>\n<p data-start=\"3750\" data-end=\"3890\">La costruzione robusta e i materiali di alta qualit\u00e0 assicurano un utilizzo che dura anni, offrendo un eccellente ritorno sull\u2019investimento.<\/p>\n<p>Qui potete trovare\u00a0<a href=\"https:\/\/www.servizio-aspirapolvere-kirby.it\/il-kirby-avalir\/\" target=\"_blank\" rel=\"noopener\">Tutto quello che c\u2019\u00e8 da sapere sul Kirby Avalir<\/a><\/p>\n<h2>Aspirazione potente ed efficienza<\/h2>\n<p data-start=\"3934\" data-end=\"3992\">Grazie al motore ad alte prestazioni, l\u2019Avalir 2 assicura:<\/p>\n<ul data-start=\"3993\" data-end=\"4245\">\n<li data-start=\"3993\" data-end=\"4024\">pulizia profonda di tappeti<\/li>\n<li data-start=\"4025\" data-end=\"4078\">rimozione efficace dello sporco su pavimenti duri<\/li>\n<li data-start=\"4079\" data-end=\"4146\">filtrazione avanzata per catturare anche le particelle pi\u00f9 fini<\/li>\n<li data-start=\"4147\" data-end=\"4178\">ambiente domestico pi\u00f9 sano<\/li>\n<li data-start=\"4179\" data-end=\"4245\">potenza regolabile per superfici delicate come tende e parquet<\/li>\n<\/ul>\n<h2>La spazzola Kirby Turbo: un&#8217;aggiunta preziosa<\/h2>\n<p data-start=\"4301\" data-end=\"4318\">La testa rotante:<\/p>\n<ul data-start=\"4319\" data-end=\"4450\">\n<li data-start=\"4319\" data-end=\"4366\">facilita la pulizia di mobili e tappezzerie<\/li>\n<li data-start=\"4367\" data-end=\"4414\">rimuove senza fatica sporco, polvere e peli<\/li>\n<li data-start=\"4415\" data-end=\"4450\">\u00e8 ideale anche per interni auto<\/li>\n<\/ul>\n<h2>Versatilit\u00e0 nella pulizia<\/h2>\n<p data-start=\"4486\" data-end=\"4607\">Una delle caratteristiche che rendono Avalir 2 unico \u00e8 la sua capacit\u00e0 multifunzione.<\/p>\n<p data-start=\"4486\" data-end=\"4607\">Con pochi passaggi pu\u00f2 diventare:<\/p>\n<ul data-start=\"4608\" data-end=\"4682\">\n<li data-start=\"4608\" data-end=\"4627\">una lucidatrice<\/li>\n<li data-start=\"4628\" data-end=\"4656\">un pulitore di materassi<\/li>\n<li data-start=\"4657\" data-end=\"4682\">un compressore d\u2019aria<\/li>\n<\/ul>\n<p data-start=\"4684\" data-end=\"4752\">Un solo dispositivo per molte esigenze: risparmio di tempo e spazio.<\/p>\n<h2>Set di accessori completo<\/h2>\n<p>Avalir 2 viene fornito con accessori progettati per rendere ogni operazione di pulizia pi\u00f9 efficiente. Dalle spazzole per peli di animali agli strumenti per gli angoli pi\u00f9 difficili da raggiungere, questo sistema offre tutto il necessario per una pulizia completa della casa.<\/p>\n","protected":false},"excerpt":{"rendered":"<p>Noi possiamo offrire questa Kirby Avalir 2 per un` importo fino al 60% inferiore del prezzo richiesto.<br \/>\nIl prezzo richiesto di questo Kirby e` ora di circa \u20ac 3.000,00.<\/p>\n[trustindex data-widget-id=de4365f24f22281a6b165ed75b0]\n<h3><span style=\"color: #008000;\"><br \/>\nIn magazzino<\/span><\/h3>\n[av_font_icon icon='ue812' font='entypo-fontello' style='' caption='' size='25px' position='left' color='#43ad66' link='' linktarget='' title_attr='' sonar_effect_effect='' sonar_effect_color='' sonar_effect_duration='1' sonar_effect_scale='' sonar_effect_opac='0.5' animation='' id='' custom_class='' template_class='' av_uid='' sc_version='1.0' admin_preview_bg=''][\/av_font_icon]\n<p><span style=\"color: #008000;\">I tempi di consegna sono compresi tra 5 e 10 giorni lavorativi<\/span><\/p>\n<p>&nbsp;<\/p>\n","protected":false},"featured_media":86058,"comment_status":"open","ping_status":"closed","template":"","meta":{"_acf_changed":false},"product_brand":[],"product_cat":[415,411,315],"product_tag":[],"class_list":{"0":"post-76058","1":"product","2":"type-product","3":"status-publish","4":"has-post-thumbnail","6":"product_cat-kirby-aspirapolveri-nuove","7":"product_cat-kirby-revisionato","8":"product_cat-offerte","10":"first","11":"instock","12":"sale","13":"taxable","14":"shipping-taxable","15":"purchasable","16":"product-type-simple"},"acf":[],"yoast_head":"<!-- This site is optimized with the Yoast SEO Premium plugin v27.1 (Yoast SEO v27.4) - https:\/\/yoast.com\/product\/yoast-seo-premium-wordpress\/ -->\n<title>Kirby Avalir 2 + Spazzola Turbo - Veltec Kirby specialist<\/title>\n<meta name=\"description\" content=\"Kirby Avalir 2 + Spazzola Turbo - Veltec \u00e8 fornitore di aspirapolvere Kirby da oltre 25 anni. Ed \u00e8 il vostro specialista Kirby.\" \/>\n<meta name=\"robots\" content=\"index, follow, max-snippet:-1, max-image-preview:large, max-video-preview:-1\" \/>\n<link rel=\"canonical\" href=\"https:\/\/www.veltec.eu\/it\/product\/kirby-avalir-2-spazzola-turbo\/\" \/>\n<meta property=\"og:locale\" content=\"it_IT\" \/>\n<meta property=\"og:type\" content=\"article\" \/>\n<meta property=\"og:title\" content=\"Kirby Avalir 2 + Spazzola Turbo\" \/>\n<meta property=\"og:description\" content=\"Noi possiamo offrire questa Kirby Avalir 2 per un` importo fino al 60% inferiore del prezzo richiesto. Il prezzo richiesto di questo Kirby e` ora di circa \u20ac 3.000,00.    In magazzino   I tempi di consegna sono compresi tra 5 e 10 giorni lavorativi  &nbsp;\" \/>\n<meta property=\"og:url\" content=\"https:\/\/www.veltec.eu\/it\/product\/kirby-avalir-2-spazzola-turbo\/\" \/>\n<meta property=\"og:site_name\" content=\"Veltec Kirby specialist\" \/>\n<meta property=\"article:publisher\" content=\"https:\/\/www.facebook.com\/Veltec-Kirby-Specialist-236746293374877\/\" \/>\n<meta property=\"article:modified_time\" content=\"2026-04-30T09:45:16+00:00\" \/>\n<meta property=\"og:image\" content=\"https:\/\/www.veltec.eu\/wp-content\/uploads\/2025\/03\/Avalir2Turbo-1.png\" \/>\n\t<meta property=\"og:image:width\" content=\"620\" \/>\n\t<meta property=\"og:image:height\" content=\"620\" \/>\n\t<meta property=\"og:image:type\" content=\"image\/png\" \/>\n<meta name=\"twitter:card\" content=\"summary_large_image\" \/>\n<meta name=\"twitter:label1\" content=\"Tempo di lettura stimato\" \/>\n\t<meta name=\"twitter:data1\" content=\"4 minuti\" \/>\n<script type=\"application\/ld+json\" class=\"yoast-schema-graph\">{\"@context\":\"https:\\\/\\\/schema.org\",\"@graph\":[{\"@type\":\"WebPage\",\"@id\":\"https:\\\/\\\/www.veltec.eu\\\/it\\\/product\\\/kirby-avalir-2-spazzola-turbo\\\/\",\"url\":\"https:\\\/\\\/www.veltec.eu\\\/it\\\/product\\\/kirby-avalir-2-spazzola-turbo\\\/\",\"name\":\"Kirby Avalir 2 + Spazzola Turbo - Veltec Kirby specialist\",\"isPartOf\":{\"@id\":\"https:\\\/\\\/www.veltec.eu\\\/en\\\/#website\"},\"primaryImageOfPage\":{\"@id\":\"https:\\\/\\\/www.veltec.eu\\\/it\\\/product\\\/kirby-avalir-2-spazzola-turbo\\\/#primaryimage\"},\"image\":{\"@id\":\"https:\\\/\\\/www.veltec.eu\\\/it\\\/product\\\/kirby-avalir-2-spazzola-turbo\\\/#primaryimage\"},\"thumbnailUrl\":\"https:\\\/\\\/www.veltec.eu\\\/wp-content\\\/uploads\\\/2025\\\/03\\\/Avalir2Turbo-1.png\",\"datePublished\":\"2025-03-04T12:07:29+00:00\",\"dateModified\":\"2026-04-30T09:45:16+00:00\",\"description\":\"Kirby Avalir 2 + Spazzola Turbo - Veltec \u00e8 fornitore di aspirapolvere Kirby da oltre 25 anni. Ed \u00e8 il vostro specialista Kirby.\",\"breadcrumb\":{\"@id\":\"https:\\\/\\\/www.veltec.eu\\\/it\\\/product\\\/kirby-avalir-2-spazzola-turbo\\\/#breadcrumb\"},\"inLanguage\":\"it-IT\",\"potentialAction\":[{\"@type\":\"ReadAction\",\"target\":[\"https:\\\/\\\/www.veltec.eu\\\/it\\\/product\\\/kirby-avalir-2-spazzola-turbo\\\/\"]}]},{\"@type\":\"ImageObject\",\"inLanguage\":\"it-IT\",\"@id\":\"https:\\\/\\\/www.veltec.eu\\\/it\\\/product\\\/kirby-avalir-2-spazzola-turbo\\\/#primaryimage\",\"url\":\"https:\\\/\\\/www.veltec.eu\\\/wp-content\\\/uploads\\\/2025\\\/03\\\/Avalir2Turbo-1.png\",\"contentUrl\":\"https:\\\/\\\/www.veltec.eu\\\/wp-content\\\/uploads\\\/2025\\\/03\\\/Avalir2Turbo-1.png\",\"width\":620,\"height\":620},{\"@type\":\"BreadcrumbList\",\"@id\":\"https:\\\/\\\/www.veltec.eu\\\/it\\\/product\\\/kirby-avalir-2-spazzola-turbo\\\/#breadcrumb\",\"itemListElement\":[{\"@type\":\"ListItem\",\"position\":1,\"name\":\"Home\",\"item\":\"https:\\\/\\\/www.veltec.eu\\\/it\\\/\"},{\"@type\":\"ListItem\",\"position\":2,\"name\":\"Kirby Shop\",\"item\":\"https:\\\/\\\/www.veltec.eu\\\/nl\\\/shop-page\\\/\"},{\"@type\":\"ListItem\",\"position\":3,\"name\":\"Kirby Avalir 2 + Spazzola Turbo\"}]},{\"@type\":\"WebSite\",\"@id\":\"https:\\\/\\\/www.veltec.eu\\\/en\\\/#website\",\"url\":\"https:\\\/\\\/www.veltec.eu\\\/en\\\/\",\"name\":\"Veltec Kirby specialist\",\"description\":\"Kirby stofzuiger producten\",\"publisher\":{\"@id\":\"https:\\\/\\\/www.veltec.eu\\\/en\\\/#organization\"},\"potentialAction\":[{\"@type\":\"SearchAction\",\"target\":{\"@type\":\"EntryPoint\",\"urlTemplate\":\"https:\\\/\\\/www.veltec.eu\\\/en\\\/?s={search_term_string}\"},\"query-input\":{\"@type\":\"PropertyValueSpecification\",\"valueRequired\":true,\"valueName\":\"search_term_string\"}}],\"inLanguage\":\"it-IT\"},{\"@type\":\"Organization\",\"@id\":\"https:\\\/\\\/www.veltec.eu\\\/en\\\/#organization\",\"name\":\"Veltec Kirby Specialist\",\"url\":\"https:\\\/\\\/www.veltec.eu\\\/en\\\/\",\"logo\":{\"@type\":\"ImageObject\",\"inLanguage\":\"it-IT\",\"@id\":\"https:\\\/\\\/www.veltec.eu\\\/en\\\/#\\\/schema\\\/logo\\\/image\\\/\",\"url\":\"https:\\\/\\\/www.veltec.eu\\\/wp-content\\\/uploads\\\/2021\\\/12\\\/Veltec-log-groot-e1537260889125.png\",\"contentUrl\":\"https:\\\/\\\/www.veltec.eu\\\/wp-content\\\/uploads\\\/2021\\\/12\\\/Veltec-log-groot-e1537260889125.png\",\"width\":200,\"height\":60,\"caption\":\"Veltec Kirby Specialist\"},\"image\":{\"@id\":\"https:\\\/\\\/www.veltec.eu\\\/en\\\/#\\\/schema\\\/logo\\\/image\\\/\"},\"sameAs\":[\"https:\\\/\\\/www.facebook.com\\\/Veltec-Kirby-Specialist-236746293374877\\\/\",\"https:\\\/\\\/www.youtube.com\\\/user\\\/VeltecService\"]}]}<\/script>\n<!-- \/ Yoast SEO Premium plugin. -->","yoast_head_json":{"title":"Kirby Avalir 2 + Spazzola Turbo - Veltec Kirby specialist","description":"Kirby Avalir 2 + Spazzola Turbo - Veltec \u00e8 fornitore di aspirapolvere Kirby da oltre 25 anni. Ed \u00e8 il vostro specialista Kirby.","robots":{"index":"index","follow":"follow","max-snippet":"max-snippet:-1","max-image-preview":"max-image-preview:large","max-video-preview":"max-video-preview:-1"},"canonical":"https:\/\/www.veltec.eu\/it\/product\/kirby-avalir-2-spazzola-turbo\/","og_locale":"it_IT","og_type":"article","og_title":"Kirby Avalir 2 + Spazzola Turbo","og_description":"Noi possiamo offrire questa Kirby Avalir 2 per un` importo fino al 60% inferiore del prezzo richiesto. Il prezzo richiesto di questo Kirby e` ora di circa \u20ac 3.000,00.    In magazzino   I tempi di consegna sono compresi tra 5 e 10 giorni lavorativi  &nbsp;","og_url":"https:\/\/www.veltec.eu\/it\/product\/kirby-avalir-2-spazzola-turbo\/","og_site_name":"Veltec Kirby specialist","article_publisher":"https:\/\/www.facebook.com\/Veltec-Kirby-Specialist-236746293374877\/","article_modified_time":"2026-04-30T09:45:16+00:00","og_image":[{"width":620,"height":620,"url":"https:\/\/www.veltec.eu\/wp-content\/uploads\/2025\/03\/Avalir2Turbo-1.png","type":"image\/png"}],"twitter_card":"summary_large_image","twitter_misc":{"Tempo di lettura stimato":"4 minuti"},"schema":{"@context":"https:\/\/schema.org","@graph":[{"@type":"WebPage","@id":"https:\/\/www.veltec.eu\/it\/product\/kirby-avalir-2-spazzola-turbo\/","url":"https:\/\/www.veltec.eu\/it\/product\/kirby-avalir-2-spazzola-turbo\/","name":"Kirby Avalir 2 + Spazzola Turbo - Veltec Kirby specialist","isPartOf":{"@id":"https:\/\/www.veltec.eu\/en\/#website"},"primaryImageOfPage":{"@id":"https:\/\/www.veltec.eu\/it\/product\/kirby-avalir-2-spazzola-turbo\/#primaryimage"},"image":{"@id":"https:\/\/www.veltec.eu\/it\/product\/kirby-avalir-2-spazzola-turbo\/#primaryimage"},"thumbnailUrl":"https:\/\/www.veltec.eu\/wp-content\/uploads\/2025\/03\/Avalir2Turbo-1.png","datePublished":"2025-03-04T12:07:29+00:00","dateModified":"2026-04-30T09:45:16+00:00","description":"Kirby Avalir 2 + Spazzola Turbo - Veltec \u00e8 fornitore di aspirapolvere Kirby da oltre 25 anni. Ed \u00e8 il vostro specialista Kirby.","breadcrumb":{"@id":"https:\/\/www.veltec.eu\/it\/product\/kirby-avalir-2-spazzola-turbo\/#breadcrumb"},"inLanguage":"it-IT","potentialAction":[{"@type":"ReadAction","target":["https:\/\/www.veltec.eu\/it\/product\/kirby-avalir-2-spazzola-turbo\/"]}]},{"@type":"ImageObject","inLanguage":"it-IT","@id":"https:\/\/www.veltec.eu\/it\/product\/kirby-avalir-2-spazzola-turbo\/#primaryimage","url":"https:\/\/www.veltec.eu\/wp-content\/uploads\/2025\/03\/Avalir2Turbo-1.png","contentUrl":"https:\/\/www.veltec.eu\/wp-content\/uploads\/2025\/03\/Avalir2Turbo-1.png","width":620,"height":620},{"@type":"BreadcrumbList","@id":"https:\/\/www.veltec.eu\/it\/product\/kirby-avalir-2-spazzola-turbo\/#breadcrumb","itemListElement":[{"@type":"ListItem","position":1,"name":"Home","item":"https:\/\/www.veltec.eu\/it\/"},{"@type":"ListItem","position":2,"name":"Kirby Shop","item":"https:\/\/www.veltec.eu\/nl\/shop-page\/"},{"@type":"ListItem","position":3,"name":"Kirby Avalir 2 + Spazzola Turbo"}]},{"@type":"WebSite","@id":"https:\/\/www.veltec.eu\/en\/#website","url":"https:\/\/www.veltec.eu\/en\/","name":"Veltec Kirby specialist","description":"Kirby stofzuiger producten","publisher":{"@id":"https:\/\/www.veltec.eu\/en\/#organization"},"potentialAction":[{"@type":"SearchAction","target":{"@type":"EntryPoint","urlTemplate":"https:\/\/www.veltec.eu\/en\/?s={search_term_string}"},"query-input":{"@type":"PropertyValueSpecification","valueRequired":true,"valueName":"search_term_string"}}],"inLanguage":"it-IT"},{"@type":"Organization","@id":"https:\/\/www.veltec.eu\/en\/#organization","name":"Veltec Kirby Specialist","url":"https:\/\/www.veltec.eu\/en\/","logo":{"@type":"ImageObject","inLanguage":"it-IT","@id":"https:\/\/www.veltec.eu\/en\/#\/schema\/logo\/image\/","url":"https:\/\/www.veltec.eu\/wp-content\/uploads\/2021\/12\/Veltec-log-groot-e1537260889125.png","contentUrl":"https:\/\/www.veltec.eu\/wp-content\/uploads\/2021\/12\/Veltec-log-groot-e1537260889125.png","width":200,"height":60,"caption":"Veltec Kirby Specialist"},"image":{"@id":"https:\/\/www.veltec.eu\/en\/#\/schema\/logo\/image\/"},"sameAs":["https:\/\/www.facebook.com\/Veltec-Kirby-Specialist-236746293374877\/","https:\/\/www.youtube.com\/user\/VeltecService"]}]}},"_links":{"self":[{"href":"https:\/\/www.veltec.eu\/it\/wp-json\/wp\/v2\/product\/76058","targetHints":{"allow":["GET"]}}],"collection":[{"href":"https:\/\/www.veltec.eu\/it\/wp-json\/wp\/v2\/product"}],"about":[{"href":"https:\/\/www.veltec.eu\/it\/wp-json\/wp\/v2\/types\/product"}],"replies":[{"embeddable":true,"href":"https:\/\/www.veltec.eu\/it\/wp-json\/wp\/v2\/comments?post=76058"}],"wp:featuredmedia":[{"embeddable":true,"href":"https:\/\/www.veltec.eu\/it\/wp-json\/wp\/v2\/media\/86058"}],"wp:attachment":[{"href":"https:\/\/www.veltec.eu\/it\/wp-json\/wp\/v2\/media?parent=76058"}],"wp:term":[{"taxonomy":"product_brand","embeddable":true,"href":"https:\/\/www.veltec.eu\/it\/wp-json\/wp\/v2\/product_brand?post=76058"},{"taxonomy":"product_cat","embeddable":true,"href":"https:\/\/www.veltec.eu\/it\/wp-json\/wp\/v2\/product_cat?post=76058"},{"taxonomy":"product_tag","embeddable":true,"href":"https:\/\/www.veltec.eu\/it\/wp-json\/wp\/v2\/product_tag?post=76058"}],"curies":[{"name":"wp","href":"https:\/\/api.w.org\/{rel}","templated":true}]}}