{"id":73077,"date":"2025-01-10T11:19:26","date_gmt":"2025-01-10T09:19:26","guid":{"rendered":"https:\/\/www.veltec.eu\/product\/conga-999-map-genesis\/"},"modified":"2025-03-10T16:26:29","modified_gmt":"2025-03-10T14:26:29","slug":"aspiratori-robotici-999-card","status":"publish","type":"product","link":"https:\/\/www.veltec.eu\/it\/product\/aspiratori-robotici-999-card\/","title":{"rendered":"Aspiratori Robotici 999 Card"},"content":{"rendered":"<h1>Aspiratori Robotici 999 Card<\/h1>\n<p>Aspiratori Robotici 999 Card &#8211; Robot aspirapolvere con navigazione giroscopica per la pulizia totale della casa. Motore di aspirazione da 2000 Pa. Autonomia di 120 minuti. Controllo con CECOTEC APP e telecomando. Connettivit\u00e0 WiFi 2,4 GhZ e Bluetooth.<\/p>\n<p><a href=\"\/nl?product_cat=aspiratori-robotici\">Trova tutti gli aspirapolvere robot qui<\/a><\/p>\n<h2>Aspiratori Robotici 999 Card &#8211; La soluzione di pulizia definitiva<\/h2>\n<p>Siete alla ricerca di un aspirapolvere robot potente e intelligente che mantenga pulita la vostra casa senza sforzo? Aspiratori Robot 999 Card \u00e8 la soluzione per avere una casa immacolata senza alcuno sforzo. Grazie all&#8217;avanzata tecnologia iTech SmartGyro 4.0, questo robot garantisce una pulizia efficiente e organizzata.<\/p>\n<h3>Navigazione avanzata per una pulizia ottimale<\/h3>\n<p>L&#8217;aspirapolvere robot 999 Card utilizza la navigazione giroscopica, il che significa che il dispositivo non si limita a girare a caso, ma pulisce l&#8217;intera casa in modo strutturato. La tecnologia iTech SmartGyro 4.0 ottimizza il percorso e impedisce al robot di saltare dei punti. Questo garantisce una pulizia rapida, accurata ed efficiente dal punto di vista energetico.<\/p>\n<h3>Impressionante potenza di aspirazione fino a 2000 Pa<\/h3>\n<p>Con un potente motore di aspirazione da 2000 Pa, questo robot aspirapolvere rimuove senza fatica polvere, capelli e altro sporco dal pavimento. Grazie all&#8217;ampia bocchetta, si evitano i grovigli nella spazzola, ideale per le famiglie con animali domestici. Cos\u00ec la vostra casa sar\u00e0 sempre pulita e fresca senza che dobbiate fare nulla di persona.<\/p>\n<h3>Aspiratori Robotici 999 Card con sistema di pulizia 5 in 1<\/h3>\n<p>Perch\u00e9 scegliere un normale aspirapolvere quando si pu\u00f2 avere una soluzione all-in-one? Il Robot Aspiratori 999 Card non \u00e8 un semplice aspirapolvere robot: aspira, pulisce, spazza, strofina e asciuga. In questo modo la vostra casa non sar\u00e0 solo libera dalla polvere, ma anche pulita a fondo. Che si tratti di briciole, capelli o sporco ostinato, questo robot \u00e8 in grado di gestire tutto.<\/p>\n<h3>Controllo intelligente con APP e telecomando<\/h3>\n<p>Volete il controllo completo della vostra routine di pulizia? \u00c8 possibile grazie all&#8217;APP CECOTEC, che consente di controllare facilmente il robot tramite lo smartphone. Inoltre, \u00e8 possibile utilizzare il telecomando per regolare manualmente le impostazioni. Grazie alla connettivit\u00e0 WiFi 2,4 GHz e Bluetooth, \u00e8 possibile controllare il programma di pulizia in qualsiasi momento e ovunque.<\/p>\n<h3>Fino a 120 minuti di autonomia: voi riposate, il robot lavora<\/h3>\n<p>Con un&#8217;autonomia di 120 minuti grazie alla tecnologia Total Surface, questo robot pulisce tutta la casa senza interruzioni. Quando la batteria si esaurisce, l&#8217;aspirapolvere torna automaticamente alla stazione di ricarica. Cos\u00ec non dovrete preoccuparvi della ricarica e potrete rilassarvi mentre l&#8217;aspirapolvere robot fa il lavoro per voi.<\/p>\n<h3>Pulizia personalizzabile con 6 diversi supporti<\/h3>\n<p>Ogni casa \u00e8 diversa e richiede un approccio di pulizia specifico. Ecco perch\u00e9 il Robot Aspirapolvere 999 Card offre 6 diverse modalit\u00e0 di pulizia. Che vogliate una pulizia rapida o profonda, questo robot si adatta allo sporco della vostra casa e garantisce risultati perfetti.<\/p>\n<h3>Ampio raggio d&#8217;azione e pulizia intelligente<\/h3>\n<p>Grazie alle due spazzole laterali, questo robot aspirapolvere aumenta il suo raggio d&#8217;azione, in modo da non lasciare nessuna zona del pavimento. Inoltre, \u00e8 dotato della tecnologia iWater, che consente di scegliere tra tre livelli di acqua per un lavaggio ottimale. In questo modo sarete voi a decidere se volete una leggera rinfrescata o una pulizia profonda.<\/p>\n<h3>Perch\u00e9 scegliere Aspiratori Robotici 999 Card?<\/h3>\n<ul>\n<li>Navigazione intelligente con iTech SmartGyro 4.0 per una pulizia efficiente<\/li>\n<li>La potente aspirazione da 2000 Pa rimuove polvere e sporco senza fatica<\/li>\n<li>Pulizia 5 in 1: aspira, passa lo straccio, pulisce, strofina e asciuga<\/li>\n<li>Fino a 120 minuti di lavoro senza interruzioni<\/li>\n<li>Controllo tramite CECOTEC APP e telecomando<\/li>\n<li>6 modalit\u00e0 di pulizia per un&#8217;esperienza di pulizia personalizzata<\/li>\n<li>Tecnologia iWater per un lavaggio intelligente a 3 livelli<\/li>\n<\/ul>\n<p>Semplificate la vostra vita e godetevi una casa pulita senza alcuno sforzo con la Robot Aspirapolvere 999 Card! Ordinate oggi stesso e provate i vantaggi della tecnologia di pulizia intelligente.<\/p>\n<h4>Composizione<\/h4>\n<ul>\n<li>2 spazzole laterali<\/li>\n<li>Spazzola autopulente<\/li>\n<li>Serbatoio misto<\/li>\n<li>Filtro ad alta efficienza<\/li>\n<li>Telecomando<\/li>\n<li>Manuale d&#8217;uso<\/li>\n<li>Mocio lavasciuga<\/li>\n<li>Robot aspirapolvere<\/li>\n<\/ul>\n","protected":false},"excerpt":{"rendered":"<p style=\"text-align: left;\">Aspiratore robotico con navigazione giroscopica per la pulizia totale della casa. Motore di aspirazione da 2000 Pa. 2 spazzole laterali. Mop lavante. Autonomia di 120 minuti. Controllo con CECOTEC APP e telecomando. Connettivit\u00e0 WiFi e Bluetooth a 2,4 GhZ.<\/p>\n<h3><span style=\"color: #008000;\">In magazzino<\/span><\/h3>\n[av_font_icon icon='ue812' font='entypo-fontello' style='' caption='' size='25px' position='left' color='#43ad66' link='' linktarget='' title_attr='' sonar_effect_effect='' sonar_effect_color='' sonar_effect_duration='1' sonar_effect_scale='' sonar_effect_opac='0.5' animation='' id='' custom_class='' template_class='' av_uid='' sc_version='1.0' admin_preview_bg=''][\/av_font_icon]\n<p><span style=\"color: #008000;\">I tempi di consegna sono compresi tra 5 e 10 giorni lavorativi<\/span><\/p>\n[av_font_icon icon='ue812' font='entypo-fontello' style='' caption='' size='25px' position='left' color='#43ad66' link='' linktarget='' title_attr='' sonar_effect_effect='' sonar_effect_color='' sonar_effect_duration='1' sonar_effect_scale='' sonar_effect_opac='0.5' animation='' id='' custom_class='' template_class='' av_uid='' sc_version='1.0' admin_preview_bg=''][\/av_font_icon]\n<p><span style=\"color: #008000;\">2 anni di garanzia<\/span><\/p>\n<p>&nbsp;<\/p>\n","protected":false},"featured_media":73005,"comment_status":"open","ping_status":"closed","template":"","meta":[],"product_brand":[],"product_cat":[445],"product_tag":[],"class_list":{"0":"post-73077","1":"product","2":"type-product","3":"status-publish","4":"has-post-thumbnail","6":"product_cat-geen-categorie","8":"first","9":"outofstock","10":"taxable","11":"shipping-taxable","12":"purchasable","13":"product-type-simple"},"yoast_head":"<!-- This site is optimized with the Yoast SEO Premium plugin v27.1 (Yoast SEO v27.3) - https:\/\/yoast.com\/product\/yoast-seo-premium-wordpress\/ -->\n<title>Aspiratori Robotici 999 Card - Veltec Kirby specialist<\/title>\n<meta name=\"description\" content=\"Aspiratori Robotici 999 Card - Veltec \u00e8 fornitore di aspirapolvere Kirby da oltre 25 anni. Ed \u00e8 il vostro specialista di fiducia per l&#039;assistenza Kirby.\" \/>\n<meta name=\"robots\" content=\"index, follow, max-snippet:-1, max-image-preview:large, max-video-preview:-1\" \/>\n<link rel=\"canonical\" href=\"https:\/\/www.veltec.eu\/it\/product\/aspiratori-robotici-999-card\/\" \/>\n<meta property=\"og:locale\" content=\"it_IT\" \/>\n<meta property=\"og:type\" content=\"article\" \/>\n<meta property=\"og:title\" content=\"Aspiratori Robotici 999 Card\" \/>\n<meta property=\"og:description\" content=\"Aspiratore robotico con navigazione giroscopica per la pulizia totale della casa. Motore di aspirazione da 2000 Pa. 2 spazzole laterali. Mop lavante. Autonomia di 120 minuti. Controllo con CECOTEC APP e telecomando. Connettivit\u00e0 WiFi e Bluetooth a 2,4 GhZ.  In magazzino   I tempi di consegna sono compresi tra 5 e 10 giorni lavorativi    2 anni di garanzia  &nbsp;\" \/>\n<meta property=\"og:url\" content=\"https:\/\/www.veltec.eu\/it\/product\/aspiratori-robotici-999-card\/\" \/>\n<meta property=\"og:site_name\" content=\"Veltec Kirby specialist\" \/>\n<meta property=\"article:publisher\" content=\"https:\/\/www.facebook.com\/Veltec-Kirby-Specialist-236746293374877\/\" \/>\n<meta property=\"article:modified_time\" content=\"2025-03-10T14:26:29+00:00\" \/>\n<meta property=\"og:image\" content=\"https:\/\/www.veltec.eu\/wp-content\/uploads\/2025\/01\/conga-999-map-genesis_gjrvx1_1.png\" \/>\n\t<meta property=\"og:image:width\" content=\"640\" \/>\n\t<meta property=\"og:image:height\" content=\"640\" \/>\n\t<meta property=\"og:image:type\" content=\"image\/png\" \/>\n<meta name=\"twitter:card\" content=\"summary_large_image\" \/>\n<meta name=\"twitter:label1\" content=\"Tempo di lettura stimato\" \/>\n\t<meta name=\"twitter:data1\" content=\"4 minuti\" \/>\n<script type=\"application\/ld+json\" class=\"yoast-schema-graph\">{\"@context\":\"https:\\\/\\\/schema.org\",\"@graph\":[{\"@type\":\"WebPage\",\"@id\":\"https:\\\/\\\/www.veltec.eu\\\/it\\\/product\\\/aspiratori-robotici-999-card\\\/\",\"url\":\"https:\\\/\\\/www.veltec.eu\\\/it\\\/product\\\/aspiratori-robotici-999-card\\\/\",\"name\":\"Aspiratori Robotici 999 Card - Veltec Kirby specialist\",\"isPartOf\":{\"@id\":\"https:\\\/\\\/www.veltec.eu\\\/en\\\/#website\"},\"primaryImageOfPage\":{\"@id\":\"https:\\\/\\\/www.veltec.eu\\\/it\\\/product\\\/aspiratori-robotici-999-card\\\/#primaryimage\"},\"image\":{\"@id\":\"https:\\\/\\\/www.veltec.eu\\\/it\\\/product\\\/aspiratori-robotici-999-card\\\/#primaryimage\"},\"thumbnailUrl\":\"https:\\\/\\\/www.veltec.eu\\\/wp-content\\\/uploads\\\/2025\\\/01\\\/conga-999-map-genesis_gjrvx1_1.png\",\"datePublished\":\"2025-01-10T09:19:26+00:00\",\"dateModified\":\"2025-03-10T14:26:29+00:00\",\"description\":\"Aspiratori Robotici 999 Card - Veltec \u00e8 fornitore di aspirapolvere Kirby da oltre 25 anni. Ed \u00e8 il vostro specialista di fiducia per l'assistenza Kirby.\",\"breadcrumb\":{\"@id\":\"https:\\\/\\\/www.veltec.eu\\\/it\\\/product\\\/aspiratori-robotici-999-card\\\/#breadcrumb\"},\"inLanguage\":\"it-IT\",\"potentialAction\":[{\"@type\":\"ReadAction\",\"target\":[\"https:\\\/\\\/www.veltec.eu\\\/it\\\/product\\\/aspiratori-robotici-999-card\\\/\"]}]},{\"@type\":\"ImageObject\",\"inLanguage\":\"it-IT\",\"@id\":\"https:\\\/\\\/www.veltec.eu\\\/it\\\/product\\\/aspiratori-robotici-999-card\\\/#primaryimage\",\"url\":\"https:\\\/\\\/www.veltec.eu\\\/wp-content\\\/uploads\\\/2025\\\/01\\\/conga-999-map-genesis_gjrvx1_1.png\",\"contentUrl\":\"https:\\\/\\\/www.veltec.eu\\\/wp-content\\\/uploads\\\/2025\\\/01\\\/conga-999-map-genesis_gjrvx1_1.png\",\"width\":640,\"height\":640},{\"@type\":\"BreadcrumbList\",\"@id\":\"https:\\\/\\\/www.veltec.eu\\\/it\\\/product\\\/aspiratori-robotici-999-card\\\/#breadcrumb\",\"itemListElement\":[{\"@type\":\"ListItem\",\"position\":1,\"name\":\"Home\",\"item\":\"https:\\\/\\\/www.veltec.eu\\\/it\\\/\"},{\"@type\":\"ListItem\",\"position\":2,\"name\":\"Produits\",\"item\":\"https:\\\/\\\/www.veltec.eu\\\/fr\\\/shop\\\/\"},{\"@type\":\"ListItem\",\"position\":3,\"name\":\"Aspiratori Robotici 999 Card\"}]},{\"@type\":\"WebSite\",\"@id\":\"https:\\\/\\\/www.veltec.eu\\\/en\\\/#website\",\"url\":\"https:\\\/\\\/www.veltec.eu\\\/en\\\/\",\"name\":\"Veltec Kirby specialist\",\"description\":\"Kirby stofzuiger producten\",\"publisher\":{\"@id\":\"https:\\\/\\\/www.veltec.eu\\\/en\\\/#organization\"},\"potentialAction\":[{\"@type\":\"SearchAction\",\"target\":{\"@type\":\"EntryPoint\",\"urlTemplate\":\"https:\\\/\\\/www.veltec.eu\\\/en\\\/?s={search_term_string}\"},\"query-input\":{\"@type\":\"PropertyValueSpecification\",\"valueRequired\":true,\"valueName\":\"search_term_string\"}}],\"inLanguage\":\"it-IT\"},{\"@type\":\"Organization\",\"@id\":\"https:\\\/\\\/www.veltec.eu\\\/en\\\/#organization\",\"name\":\"Veltec Kirby Specialist\",\"url\":\"https:\\\/\\\/www.veltec.eu\\\/en\\\/\",\"logo\":{\"@type\":\"ImageObject\",\"inLanguage\":\"it-IT\",\"@id\":\"https:\\\/\\\/www.veltec.eu\\\/en\\\/#\\\/schema\\\/logo\\\/image\\\/\",\"url\":\"https:\\\/\\\/www.veltec.eu\\\/wp-content\\\/uploads\\\/2021\\\/12\\\/Veltec-log-groot-e1537260889125.png\",\"contentUrl\":\"https:\\\/\\\/www.veltec.eu\\\/wp-content\\\/uploads\\\/2021\\\/12\\\/Veltec-log-groot-e1537260889125.png\",\"width\":200,\"height\":60,\"caption\":\"Veltec Kirby Specialist\"},\"image\":{\"@id\":\"https:\\\/\\\/www.veltec.eu\\\/en\\\/#\\\/schema\\\/logo\\\/image\\\/\"},\"sameAs\":[\"https:\\\/\\\/www.facebook.com\\\/Veltec-Kirby-Specialist-236746293374877\\\/\",\"https:\\\/\\\/www.youtube.com\\\/user\\\/VeltecService\"]}]}<\/script>\n<!-- \/ Yoast SEO Premium plugin. -->","yoast_head_json":{"title":"Aspiratori Robotici 999 Card - Veltec Kirby specialist","description":"Aspiratori Robotici 999 Card - Veltec \u00e8 fornitore di aspirapolvere Kirby da oltre 25 anni. Ed \u00e8 il vostro specialista di fiducia per l'assistenza Kirby.","robots":{"index":"index","follow":"follow","max-snippet":"max-snippet:-1","max-image-preview":"max-image-preview:large","max-video-preview":"max-video-preview:-1"},"canonical":"https:\/\/www.veltec.eu\/it\/product\/aspiratori-robotici-999-card\/","og_locale":"it_IT","og_type":"article","og_title":"Aspiratori Robotici 999 Card","og_description":"Aspiratore robotico con navigazione giroscopica per la pulizia totale della casa. Motore di aspirazione da 2000 Pa. 2 spazzole laterali. Mop lavante. Autonomia di 120 minuti. Controllo con CECOTEC APP e telecomando. Connettivit\u00e0 WiFi e Bluetooth a 2,4 GhZ.  In magazzino   I tempi di consegna sono compresi tra 5 e 10 giorni lavorativi    2 anni di garanzia  &nbsp;","og_url":"https:\/\/www.veltec.eu\/it\/product\/aspiratori-robotici-999-card\/","og_site_name":"Veltec Kirby specialist","article_publisher":"https:\/\/www.facebook.com\/Veltec-Kirby-Specialist-236746293374877\/","article_modified_time":"2025-03-10T14:26:29+00:00","og_image":[{"width":640,"height":640,"url":"https:\/\/www.veltec.eu\/wp-content\/uploads\/2025\/01\/conga-999-map-genesis_gjrvx1_1.png","type":"image\/png"}],"twitter_card":"summary_large_image","twitter_misc":{"Tempo di lettura stimato":"4 minuti"},"schema":{"@context":"https:\/\/schema.org","@graph":[{"@type":"WebPage","@id":"https:\/\/www.veltec.eu\/it\/product\/aspiratori-robotici-999-card\/","url":"https:\/\/www.veltec.eu\/it\/product\/aspiratori-robotici-999-card\/","name":"Aspiratori Robotici 999 Card - Veltec Kirby specialist","isPartOf":{"@id":"https:\/\/www.veltec.eu\/en\/#website"},"primaryImageOfPage":{"@id":"https:\/\/www.veltec.eu\/it\/product\/aspiratori-robotici-999-card\/#primaryimage"},"image":{"@id":"https:\/\/www.veltec.eu\/it\/product\/aspiratori-robotici-999-card\/#primaryimage"},"thumbnailUrl":"https:\/\/www.veltec.eu\/wp-content\/uploads\/2025\/01\/conga-999-map-genesis_gjrvx1_1.png","datePublished":"2025-01-10T09:19:26+00:00","dateModified":"2025-03-10T14:26:29+00:00","description":"Aspiratori Robotici 999 Card - Veltec \u00e8 fornitore di aspirapolvere Kirby da oltre 25 anni. Ed \u00e8 il vostro specialista di fiducia per l'assistenza Kirby.","breadcrumb":{"@id":"https:\/\/www.veltec.eu\/it\/product\/aspiratori-robotici-999-card\/#breadcrumb"},"inLanguage":"it-IT","potentialAction":[{"@type":"ReadAction","target":["https:\/\/www.veltec.eu\/it\/product\/aspiratori-robotici-999-card\/"]}]},{"@type":"ImageObject","inLanguage":"it-IT","@id":"https:\/\/www.veltec.eu\/it\/product\/aspiratori-robotici-999-card\/#primaryimage","url":"https:\/\/www.veltec.eu\/wp-content\/uploads\/2025\/01\/conga-999-map-genesis_gjrvx1_1.png","contentUrl":"https:\/\/www.veltec.eu\/wp-content\/uploads\/2025\/01\/conga-999-map-genesis_gjrvx1_1.png","width":640,"height":640},{"@type":"BreadcrumbList","@id":"https:\/\/www.veltec.eu\/it\/product\/aspiratori-robotici-999-card\/#breadcrumb","itemListElement":[{"@type":"ListItem","position":1,"name":"Home","item":"https:\/\/www.veltec.eu\/it\/"},{"@type":"ListItem","position":2,"name":"Produits","item":"https:\/\/www.veltec.eu\/fr\/shop\/"},{"@type":"ListItem","position":3,"name":"Aspiratori Robotici 999 Card"}]},{"@type":"WebSite","@id":"https:\/\/www.veltec.eu\/en\/#website","url":"https:\/\/www.veltec.eu\/en\/","name":"Veltec Kirby specialist","description":"Kirby stofzuiger producten","publisher":{"@id":"https:\/\/www.veltec.eu\/en\/#organization"},"potentialAction":[{"@type":"SearchAction","target":{"@type":"EntryPoint","urlTemplate":"https:\/\/www.veltec.eu\/en\/?s={search_term_string}"},"query-input":{"@type":"PropertyValueSpecification","valueRequired":true,"valueName":"search_term_string"}}],"inLanguage":"it-IT"},{"@type":"Organization","@id":"https:\/\/www.veltec.eu\/en\/#organization","name":"Veltec Kirby Specialist","url":"https:\/\/www.veltec.eu\/en\/","logo":{"@type":"ImageObject","inLanguage":"it-IT","@id":"https:\/\/www.veltec.eu\/en\/#\/schema\/logo\/image\/","url":"https:\/\/www.veltec.eu\/wp-content\/uploads\/2021\/12\/Veltec-log-groot-e1537260889125.png","contentUrl":"https:\/\/www.veltec.eu\/wp-content\/uploads\/2021\/12\/Veltec-log-groot-e1537260889125.png","width":200,"height":60,"caption":"Veltec Kirby Specialist"},"image":{"@id":"https:\/\/www.veltec.eu\/en\/#\/schema\/logo\/image\/"},"sameAs":["https:\/\/www.facebook.com\/Veltec-Kirby-Specialist-236746293374877\/","https:\/\/www.youtube.com\/user\/VeltecService"]}]}},"_links":{"self":[{"href":"https:\/\/www.veltec.eu\/it\/wp-json\/wp\/v2\/product\/73077","targetHints":{"allow":["GET"]}}],"collection":[{"href":"https:\/\/www.veltec.eu\/it\/wp-json\/wp\/v2\/product"}],"about":[{"href":"https:\/\/www.veltec.eu\/it\/wp-json\/wp\/v2\/types\/product"}],"replies":[{"embeddable":true,"href":"https:\/\/www.veltec.eu\/it\/wp-json\/wp\/v2\/comments?post=73077"}],"wp:featuredmedia":[{"embeddable":true,"href":"https:\/\/www.veltec.eu\/it\/wp-json\/wp\/v2\/media\/73005"}],"wp:attachment":[{"href":"https:\/\/www.veltec.eu\/it\/wp-json\/wp\/v2\/media?parent=73077"}],"wp:term":[{"taxonomy":"product_brand","embeddable":true,"href":"https:\/\/www.veltec.eu\/it\/wp-json\/wp\/v2\/product_brand?post=73077"},{"taxonomy":"product_cat","embeddable":true,"href":"https:\/\/www.veltec.eu\/it\/wp-json\/wp\/v2\/product_cat?post=73077"},{"taxonomy":"product_tag","embeddable":true,"href":"https:\/\/www.veltec.eu\/it\/wp-json\/wp\/v2\/product_tag?post=73077"}],"curies":[{"name":"wp","href":"https:\/\/api.w.org\/{rel}","templated":true}]}}