{"id":71980,"date":"2024-12-19T10:37:45","date_gmt":"2024-12-19T08:37:45","guid":{"rendered":"https:\/\/www.veltec.eu\/product\/conga-10090-ai-spin-revolution-lifestyle\/"},"modified":"2025-06-11T14:27:23","modified_gmt":"2025-06-11T12:27:23","slug":"aspirapolvere-robot-10090-ai-spin","status":"publish","type":"product","link":"https:\/\/www.veltec.eu\/it\/product\/aspirapolvere-robot-10090-ai-spin\/","title":{"rendered":"Aspirapolvere Robot 10090 AI Spin"},"content":{"rendered":"<h1>Aspirapolvere Robot 10090 AI Spin<\/h1>\n<p>Aspirapolvere Robot 10090 AI Spin con intelligenza artificiale, navigazione laser e base autodrenante per la polvere.<\/p>\n<p><a href=\"\/nl?product_cat=aspiratori-robotici\">Trova tutti gli aspirapolvere robot qui<\/a><\/p>\n<h2>Aspirapolvere Robot 10090 AI Spin: la soluzione di pulizia pi\u00f9 intelligente e potente<\/h2>\n<p>Siete alla ricerca della soluzione di pulizia definitiva che vi far\u00e0 passare settimane di lavoro? Il Aspirapolvere Robot 10090 AI Spin offre un&#8217;avanzata combinazione di intelligenza artificiale, navigazione laser e una base per la polvere autodrenante. Con questo robot, potrete godere di un&#8217;esperienza di pulizia efficiente, accurata e senza sforzo nella vostra casa.<\/p>\n<h3>Settimane di polvere dimenticate<\/h3>\n<p>Grazie alla base per la polvere autodrenante con un sacchetto igienico da 3 litri, non dovrete preoccuparvi di svuotare il contenitore della polvere per settimane. Il robot scarica automaticamente la polvere, il che significa che dovrete fare molta meno manutenzione. Questo rende il Aspirapolvere Robot 10090 AI Spin ideale per le famiglie pi\u00f9 impegnate che desiderano un ambiente pulito senza interventi quotidiani.<\/p>\n<h3>Intelligenza artificiale per una pulizia intelligente<\/h3>\n<p>Il chip AI di questo robot aspirapolvere gli consente di rilevare con precisione ed evitare gli oggetti, grandi e piccoli. Di conseguenza, pulisce con la massima precisione, anche in ambienti ingombrati. Grazie a questa tecnologia innovativa, le collisioni e gli inceppamenti sono ridotti al minimo.<\/p>\n<h3>Funzione di pulizia professionale con mop rotanti<\/h3>\n<p>Per una pulizia profonda e accurata, il Aspirapolvere Robot 10090 AI Spin \u00e8 dotato di spazzole rotanti che esercitano una pressione sul pavimento. Questo lo rende ideale per rimuovere lo sporco pi\u00f9 ostinato. Per ottenere risultati ottimali, si consiglia di bagnare preventivamente i mop.<\/p>\n<h3>10.000 Pa: potenza di aspirazione estrema<\/h3>\n<p>Con un potente motore che eroga 10.000 Pa di aspirazione, questo robot aspirapolvere \u00e8 in grado di raccogliere senza fatica polvere, capelli e altri detriti. Sia che abbiate pavimenti duri o tappeti alti, questo aspirapolvere garantisce una pulizia profonda su qualsiasi superficie.<\/p>\n<h3>Ampio raggio d&#8217;azione: fino a 240 m2 senza fermarsi<\/h3>\n<p>Grazie alla batteria da 5200 mAh, il robot aspirapolvere pu\u00f2 aspirare per 240 minuti e pulire per 200 minuti, il che lo rende perfetto per le case di grandi dimensioni. Pulisce senza interruzioni, assicurando uno spazio abitativo completamente pulito.<\/p>\n<h3>Aspirapolvere Robot 10090 AI Spin con navigazione laser per una pulizia precisa<\/h3>\n<p>Il robot utilizza una tecnologia laser avanzata per creare una mappa dettagliata della casa. Di conseguenza, naviga con estrema precisione e non perde nemmeno un angolo. Questo sistema funziona anche al buio, per cui le pulizie proseguono sempre.<\/p>\n<h3>Controllo completo con l&#8217;App 3.0<\/h3>\n<p>Con l&#8217;App 3.0, potete facilmente:<\/p>\n<ul>\n<li>Impostare programmi di pulizia<\/li>\n<li>Selezionare aree specifiche<\/li>\n<li>Impostare l&#8217;evitamento di alcune zone<\/li>\n<li>Impostare la modalit\u00e0 di pulizia per ogni stanza<\/li>\n<\/ul>\n<p>Ovunque vi troviate, avrete sempre il pieno controllo della pulizia della vostra casa.<\/p>\n<h3>Rilevamento ultrasonico dei tappeti per una pulizia ottimizzata<\/h3>\n<p>Il Aspirapolvere Robot 10090 AI Spin riconosce automaticamente i tappeti. In modalit\u00e0 di aspirazione, aumenta immediatamente la potenza di aspirazione per una pulizia profonda. In modalit\u00e0 lavaggio, evita i tappeti per evitare che si bagnino. Questo lo rende particolarmente intelligente ed efficace.<\/p>\n<h3>Spazzola centrale in silicone: ideale per gli animali domestici<\/h3>\n<p>Grazie al design in silicone, la spazzola centrale evita che i peli si aggroviglino. Questo la rende perfetta per le famiglie con animali domestici. Le lame flessibili aiutano a sciogliere e raccogliere lo sporco su tutti i tipi di pavimento.<\/p>\n<h3>Pulizia multifunzionale: aspirare, pulire e spazzare<\/h3>\n<p>Questo robot aspirapolvere combina quattro funzioni in un unico dispositivo:<\/p>\n<ul>\n<li>Aspirare<\/li>\n<li>Pulizia<\/li>\n<li>Strofinare<\/li>\n<li>Spazzare<\/li>\n<\/ul>\n<p>Pu\u00f2 svolgere queste funzioni separatamente o simultaneamente, assicurando una pulizia efficiente e senza sprechi di tempo.<\/p>\n<h3>Total Surface 3.0: sempre una pulizia completa<\/h3>\n<p>Con la tecnologia Total Surface 3.0, il Aspirapolvere Robot 10090 AI Spin garantisce una pulizia completa. Quando la batteria \u00e8 scarica, torna automaticamente alla base, si ricarica e riprende a pulire esattamente da dove aveva lasciato. Cos\u00ec la vostra casa rimarr\u00e0 sempre perfettamente pulita.<\/p>\n<h3>Perch\u00e9 scegliere il Aspirapolvere Robot 10090 AI Spin?<\/h3>\n<ul>\n<li>Base autodrenante: non richiede manutenzione per settimane.<\/li>\n<li>Navigazione controllata dall&#8217;intelligenza artificiale: intelligente ed efficiente<\/li>\n<li>Spazzole rotanti per un lavaggio professionale<\/li>\n<li>Aspirazione estremamente potente di 10.000 Pa<\/li>\n<li>Lunga durata della batteria per case di grandi dimensioni<\/li>\n<li>Navigazione laser precisa, anche al buio<\/li>\n<li>Controllo tramite app per una pulizia personalizzata<\/li>\n<li>Adatto agli animali domestici grazie alla spazzola in silicone<\/li>\n<li>Rileva ed evita i tappeti durante il lavaggio<\/li>\n<li>Pulizia sempre completa con Total Surface 3.0<\/li>\n<\/ul>\n<p>Con il Aspirapolvere Robot 10090 AI Spin, avrete un partner intelligente, potente e a bassa manutenzione per la pulizia della vostra casa. Godetevi una casa pi\u00f9 pulita e sana senza alcuno sforzo!<\/p>\n<h4>Composizione<\/h4>\n<ul>\n<li>Robot aspirapolvere<\/li>\n<li>Base autosvuotante<\/li>\n<li>3 sacchetti igienici per la polvere<\/li>\n<li>1 spazzola laterale<\/li>\n<li>Spazzola autopulente<\/li>\n<li>Spazzola in silicone<\/li>\n<li>Contenitore misto<\/li>\n<li>Filtro ad alta efficienza<\/li>\n<li>Manuale d&#8217;uso<\/li>\n<li>2 confezioni di spazzole rotanti<\/li>\n<\/ul>\n<p>&nbsp;<\/p>\n","protected":false},"excerpt":{"rendered":"<p>Robot aspirapolvere 10090 AI Spin con intelligenza artificiale, navigazione laser e base autodrenante. Intelligenza artificiale, evita gli oggetti. 4 in 1: lava, aspira, pulisce e spazza. Potenza di aspirazione di 10.000 Pa. Fino a 240 minuti di autonomia. Lavaggio professionale con spazzole rotanti. Spazzola in silicone, ideale per i peli degli animali. 1 spazzola laterale. 4 livelli di potenza di aspirazione e di lavaggio. Controllo Cecotec APP e assistenti virtuali.<\/p>\n<h3><span style=\"color: #008000;\">In magazzino<\/span><\/h3>\n[av_font_icon icon='ue812' font='entypo-fontello' style='' caption='' size='25px' position='left' color='#43ad66' link='' linktarget='' title_attr='' sonar_effect_effect='' sonar_effect_color='' sonar_effect_duration='1' sonar_effect_scale='' sonar_effect_opac='0.5' animation='' id='' custom_class='' template_class='' av_uid='' sc_version='1.0' admin_preview_bg=''][\/av_font_icon]\n<p><span style=\"color: #008000;\">I tempi di consegna sono compresi tra 5 e 10 giorni lavorativi<\/span><\/p>\n[av_font_icon icon='ue812' font='entypo-fontello' style='' caption='' size='25px' position='left' color='#43ad66' link='' linktarget='' title_attr='' sonar_effect_effect='' sonar_effect_color='' sonar_effect_duration='1' sonar_effect_scale='' sonar_effect_opac='0.5' animation='' id='' custom_class='' template_class='' av_uid='' sc_version='1.0' admin_preview_bg=''][\/av_font_icon]\n<p><span style=\"color: #008000;\">2 anni di garanzia<\/span><\/p>\n<p>&nbsp;<\/p>\n","protected":false},"featured_media":71904,"comment_status":"open","ping_status":"closed","template":"","meta":{"_acf_changed":false},"product_brand":[],"product_cat":[26],"product_tag":[],"class_list":{"0":"post-71980","1":"product","2":"type-product","3":"status-publish","4":"has-post-thumbnail","6":"product_cat-overige-producten","8":"first","9":"instock","10":"sale","11":"taxable","12":"shipping-taxable","13":"purchasable","14":"product-type-simple"},"acf":[],"yoast_head":"<!-- This site is optimized with the Yoast SEO Premium plugin v27.1 (Yoast SEO v27.4) - https:\/\/yoast.com\/product\/yoast-seo-premium-wordpress\/ -->\n<title>Aspirapolvere Robot 10090 AI Spin - Veltec Kirby specialist<\/title>\n<meta name=\"description\" content=\"Aspirapolvere Robot 10090 AI Spin - Veltec \u00e8 fornitore di aspirapolvere Kirby da oltre 25 anni. Ed \u00e8 il tuo fidato specialista per l&#039;assistenza Kirby.\" \/>\n<meta name=\"robots\" content=\"index, follow, max-snippet:-1, max-image-preview:large, max-video-preview:-1\" \/>\n<link rel=\"canonical\" href=\"https:\/\/www.veltec.eu\/it\/product\/aspirapolvere-robot-10090-ai-spin\/\" \/>\n<meta property=\"og:locale\" content=\"it_IT\" \/>\n<meta property=\"og:type\" content=\"article\" \/>\n<meta property=\"og:title\" content=\"Aspirapolvere Robot 10090 AI Spin\" \/>\n<meta property=\"og:description\" content=\"Robot aspirapolvere 10090 AI Spin con intelligenza artificiale, navigazione laser e base autodrenante. Intelligenza artificiale, evita gli oggetti. 4 in 1: lava, aspira, pulisce e spazza. Potenza di aspirazione di 10.000 Pa. Fino a 240 minuti di autonomia. Lavaggio professionale con spazzole rotanti. Spazzola in silicone, ideale per i peli degli animali. 1 spazzola laterale. 4 livelli di potenza di aspirazione e di lavaggio. Controllo Cecotec APP e assistenti virtuali. In magazzino   I tempi di consegna sono compresi tra 5 e 10 giorni lavorativi    2 anni di garanzia  &nbsp;\" \/>\n<meta property=\"og:url\" content=\"https:\/\/www.veltec.eu\/it\/product\/aspirapolvere-robot-10090-ai-spin\/\" \/>\n<meta property=\"og:site_name\" content=\"Veltec Kirby specialist\" \/>\n<meta property=\"article:publisher\" content=\"https:\/\/www.facebook.com\/Veltec-Kirby-Specialist-236746293374877\/\" \/>\n<meta property=\"article:modified_time\" content=\"2025-06-11T12:27:23+00:00\" \/>\n<meta property=\"og:image\" content=\"https:\/\/www.veltec.eu\/wp-content\/uploads\/2024\/12\/conga-10090-ai-spin-revolution-ultra-power-home-lifestyle_lt9632_1.png\" \/>\n\t<meta property=\"og:image:width\" content=\"640\" \/>\n\t<meta property=\"og:image:height\" content=\"640\" \/>\n\t<meta property=\"og:image:type\" content=\"image\/png\" \/>\n<meta name=\"twitter:card\" content=\"summary_large_image\" \/>\n<meta name=\"twitter:label1\" content=\"Tempo di lettura stimato\" \/>\n\t<meta name=\"twitter:data1\" content=\"4 minuti\" \/>\n<script type=\"application\/ld+json\" class=\"yoast-schema-graph\">{\"@context\":\"https:\\\/\\\/schema.org\",\"@graph\":[{\"@type\":\"WebPage\",\"@id\":\"https:\\\/\\\/www.veltec.eu\\\/it\\\/product\\\/aspirapolvere-robot-10090-ai-spin\\\/\",\"url\":\"https:\\\/\\\/www.veltec.eu\\\/it\\\/product\\\/aspirapolvere-robot-10090-ai-spin\\\/\",\"name\":\"Aspirapolvere Robot 10090 AI Spin - Veltec Kirby specialist\",\"isPartOf\":{\"@id\":\"https:\\\/\\\/www.veltec.eu\\\/en\\\/#website\"},\"primaryImageOfPage\":{\"@id\":\"https:\\\/\\\/www.veltec.eu\\\/it\\\/product\\\/aspirapolvere-robot-10090-ai-spin\\\/#primaryimage\"},\"image\":{\"@id\":\"https:\\\/\\\/www.veltec.eu\\\/it\\\/product\\\/aspirapolvere-robot-10090-ai-spin\\\/#primaryimage\"},\"thumbnailUrl\":\"https:\\\/\\\/www.veltec.eu\\\/wp-content\\\/uploads\\\/2024\\\/12\\\/conga-10090-ai-spin-revolution-ultra-power-home-lifestyle_lt9632_1.png\",\"datePublished\":\"2024-12-19T08:37:45+00:00\",\"dateModified\":\"2025-06-11T12:27:23+00:00\",\"description\":\"Aspirapolvere Robot 10090 AI Spin - Veltec \u00e8 fornitore di aspirapolvere Kirby da oltre 25 anni. Ed \u00e8 il tuo fidato specialista per l'assistenza Kirby.\",\"breadcrumb\":{\"@id\":\"https:\\\/\\\/www.veltec.eu\\\/it\\\/product\\\/aspirapolvere-robot-10090-ai-spin\\\/#breadcrumb\"},\"inLanguage\":\"it-IT\",\"potentialAction\":[{\"@type\":\"ReadAction\",\"target\":[\"https:\\\/\\\/www.veltec.eu\\\/it\\\/product\\\/aspirapolvere-robot-10090-ai-spin\\\/\"]}]},{\"@type\":\"ImageObject\",\"inLanguage\":\"it-IT\",\"@id\":\"https:\\\/\\\/www.veltec.eu\\\/it\\\/product\\\/aspirapolvere-robot-10090-ai-spin\\\/#primaryimage\",\"url\":\"https:\\\/\\\/www.veltec.eu\\\/wp-content\\\/uploads\\\/2024\\\/12\\\/conga-10090-ai-spin-revolution-ultra-power-home-lifestyle_lt9632_1.png\",\"contentUrl\":\"https:\\\/\\\/www.veltec.eu\\\/wp-content\\\/uploads\\\/2024\\\/12\\\/conga-10090-ai-spin-revolution-ultra-power-home-lifestyle_lt9632_1.png\",\"width\":640,\"height\":640},{\"@type\":\"BreadcrumbList\",\"@id\":\"https:\\\/\\\/www.veltec.eu\\\/it\\\/product\\\/aspirapolvere-robot-10090-ai-spin\\\/#breadcrumb\",\"itemListElement\":[{\"@type\":\"ListItem\",\"position\":1,\"name\":\"Home\",\"item\":\"https:\\\/\\\/www.veltec.eu\\\/it\\\/\"},{\"@type\":\"ListItem\",\"position\":2,\"name\":\"Negozio Kirby\",\"item\":\"https:\\\/\\\/www.veltec.eu\\\/it\\\/negozio-kirby\\\/\"},{\"@type\":\"ListItem\",\"position\":3,\"name\":\"Aspirapolvere Robot 10090 AI Spin\"}]},{\"@type\":\"WebSite\",\"@id\":\"https:\\\/\\\/www.veltec.eu\\\/en\\\/#website\",\"url\":\"https:\\\/\\\/www.veltec.eu\\\/en\\\/\",\"name\":\"Veltec Kirby specialist\",\"description\":\"Kirby stofzuiger producten\",\"publisher\":{\"@id\":\"https:\\\/\\\/www.veltec.eu\\\/en\\\/#organization\"},\"potentialAction\":[{\"@type\":\"SearchAction\",\"target\":{\"@type\":\"EntryPoint\",\"urlTemplate\":\"https:\\\/\\\/www.veltec.eu\\\/en\\\/?s={search_term_string}\"},\"query-input\":{\"@type\":\"PropertyValueSpecification\",\"valueRequired\":true,\"valueName\":\"search_term_string\"}}],\"inLanguage\":\"it-IT\"},{\"@type\":\"Organization\",\"@id\":\"https:\\\/\\\/www.veltec.eu\\\/en\\\/#organization\",\"name\":\"Veltec Kirby Specialist\",\"url\":\"https:\\\/\\\/www.veltec.eu\\\/en\\\/\",\"logo\":{\"@type\":\"ImageObject\",\"inLanguage\":\"it-IT\",\"@id\":\"https:\\\/\\\/www.veltec.eu\\\/en\\\/#\\\/schema\\\/logo\\\/image\\\/\",\"url\":\"https:\\\/\\\/www.veltec.eu\\\/wp-content\\\/uploads\\\/2021\\\/12\\\/Veltec-log-groot-e1537260889125.png\",\"contentUrl\":\"https:\\\/\\\/www.veltec.eu\\\/wp-content\\\/uploads\\\/2021\\\/12\\\/Veltec-log-groot-e1537260889125.png\",\"width\":200,\"height\":60,\"caption\":\"Veltec Kirby Specialist\"},\"image\":{\"@id\":\"https:\\\/\\\/www.veltec.eu\\\/en\\\/#\\\/schema\\\/logo\\\/image\\\/\"},\"sameAs\":[\"https:\\\/\\\/www.facebook.com\\\/Veltec-Kirby-Specialist-236746293374877\\\/\",\"https:\\\/\\\/www.youtube.com\\\/user\\\/VeltecService\"]}]}<\/script>\n<!-- \/ Yoast SEO Premium plugin. -->","yoast_head_json":{"title":"Aspirapolvere Robot 10090 AI Spin - Veltec Kirby specialist","description":"Aspirapolvere Robot 10090 AI Spin - Veltec \u00e8 fornitore di aspirapolvere Kirby da oltre 25 anni. Ed \u00e8 il tuo fidato specialista per l'assistenza Kirby.","robots":{"index":"index","follow":"follow","max-snippet":"max-snippet:-1","max-image-preview":"max-image-preview:large","max-video-preview":"max-video-preview:-1"},"canonical":"https:\/\/www.veltec.eu\/it\/product\/aspirapolvere-robot-10090-ai-spin\/","og_locale":"it_IT","og_type":"article","og_title":"Aspirapolvere Robot 10090 AI Spin","og_description":"Robot aspirapolvere 10090 AI Spin con intelligenza artificiale, navigazione laser e base autodrenante. Intelligenza artificiale, evita gli oggetti. 4 in 1: lava, aspira, pulisce e spazza. Potenza di aspirazione di 10.000 Pa. Fino a 240 minuti di autonomia. Lavaggio professionale con spazzole rotanti. Spazzola in silicone, ideale per i peli degli animali. 1 spazzola laterale. 4 livelli di potenza di aspirazione e di lavaggio. Controllo Cecotec APP e assistenti virtuali. In magazzino   I tempi di consegna sono compresi tra 5 e 10 giorni lavorativi    2 anni di garanzia  &nbsp;","og_url":"https:\/\/www.veltec.eu\/it\/product\/aspirapolvere-robot-10090-ai-spin\/","og_site_name":"Veltec Kirby specialist","article_publisher":"https:\/\/www.facebook.com\/Veltec-Kirby-Specialist-236746293374877\/","article_modified_time":"2025-06-11T12:27:23+00:00","og_image":[{"width":640,"height":640,"url":"https:\/\/www.veltec.eu\/wp-content\/uploads\/2024\/12\/conga-10090-ai-spin-revolution-ultra-power-home-lifestyle_lt9632_1.png","type":"image\/png"}],"twitter_card":"summary_large_image","twitter_misc":{"Tempo di lettura stimato":"4 minuti"},"schema":{"@context":"https:\/\/schema.org","@graph":[{"@type":"WebPage","@id":"https:\/\/www.veltec.eu\/it\/product\/aspirapolvere-robot-10090-ai-spin\/","url":"https:\/\/www.veltec.eu\/it\/product\/aspirapolvere-robot-10090-ai-spin\/","name":"Aspirapolvere Robot 10090 AI Spin - Veltec Kirby specialist","isPartOf":{"@id":"https:\/\/www.veltec.eu\/en\/#website"},"primaryImageOfPage":{"@id":"https:\/\/www.veltec.eu\/it\/product\/aspirapolvere-robot-10090-ai-spin\/#primaryimage"},"image":{"@id":"https:\/\/www.veltec.eu\/it\/product\/aspirapolvere-robot-10090-ai-spin\/#primaryimage"},"thumbnailUrl":"https:\/\/www.veltec.eu\/wp-content\/uploads\/2024\/12\/conga-10090-ai-spin-revolution-ultra-power-home-lifestyle_lt9632_1.png","datePublished":"2024-12-19T08:37:45+00:00","dateModified":"2025-06-11T12:27:23+00:00","description":"Aspirapolvere Robot 10090 AI Spin - Veltec \u00e8 fornitore di aspirapolvere Kirby da oltre 25 anni. Ed \u00e8 il tuo fidato specialista per l'assistenza Kirby.","breadcrumb":{"@id":"https:\/\/www.veltec.eu\/it\/product\/aspirapolvere-robot-10090-ai-spin\/#breadcrumb"},"inLanguage":"it-IT","potentialAction":[{"@type":"ReadAction","target":["https:\/\/www.veltec.eu\/it\/product\/aspirapolvere-robot-10090-ai-spin\/"]}]},{"@type":"ImageObject","inLanguage":"it-IT","@id":"https:\/\/www.veltec.eu\/it\/product\/aspirapolvere-robot-10090-ai-spin\/#primaryimage","url":"https:\/\/www.veltec.eu\/wp-content\/uploads\/2024\/12\/conga-10090-ai-spin-revolution-ultra-power-home-lifestyle_lt9632_1.png","contentUrl":"https:\/\/www.veltec.eu\/wp-content\/uploads\/2024\/12\/conga-10090-ai-spin-revolution-ultra-power-home-lifestyle_lt9632_1.png","width":640,"height":640},{"@type":"BreadcrumbList","@id":"https:\/\/www.veltec.eu\/it\/product\/aspirapolvere-robot-10090-ai-spin\/#breadcrumb","itemListElement":[{"@type":"ListItem","position":1,"name":"Home","item":"https:\/\/www.veltec.eu\/it\/"},{"@type":"ListItem","position":2,"name":"Negozio Kirby","item":"https:\/\/www.veltec.eu\/it\/negozio-kirby\/"},{"@type":"ListItem","position":3,"name":"Aspirapolvere Robot 10090 AI Spin"}]},{"@type":"WebSite","@id":"https:\/\/www.veltec.eu\/en\/#website","url":"https:\/\/www.veltec.eu\/en\/","name":"Veltec Kirby specialist","description":"Kirby stofzuiger producten","publisher":{"@id":"https:\/\/www.veltec.eu\/en\/#organization"},"potentialAction":[{"@type":"SearchAction","target":{"@type":"EntryPoint","urlTemplate":"https:\/\/www.veltec.eu\/en\/?s={search_term_string}"},"query-input":{"@type":"PropertyValueSpecification","valueRequired":true,"valueName":"search_term_string"}}],"inLanguage":"it-IT"},{"@type":"Organization","@id":"https:\/\/www.veltec.eu\/en\/#organization","name":"Veltec Kirby Specialist","url":"https:\/\/www.veltec.eu\/en\/","logo":{"@type":"ImageObject","inLanguage":"it-IT","@id":"https:\/\/www.veltec.eu\/en\/#\/schema\/logo\/image\/","url":"https:\/\/www.veltec.eu\/wp-content\/uploads\/2021\/12\/Veltec-log-groot-e1537260889125.png","contentUrl":"https:\/\/www.veltec.eu\/wp-content\/uploads\/2021\/12\/Veltec-log-groot-e1537260889125.png","width":200,"height":60,"caption":"Veltec Kirby Specialist"},"image":{"@id":"https:\/\/www.veltec.eu\/en\/#\/schema\/logo\/image\/"},"sameAs":["https:\/\/www.facebook.com\/Veltec-Kirby-Specialist-236746293374877\/","https:\/\/www.youtube.com\/user\/VeltecService"]}]}},"_links":{"self":[{"href":"https:\/\/www.veltec.eu\/it\/wp-json\/wp\/v2\/product\/71980","targetHints":{"allow":["GET"]}}],"collection":[{"href":"https:\/\/www.veltec.eu\/it\/wp-json\/wp\/v2\/product"}],"about":[{"href":"https:\/\/www.veltec.eu\/it\/wp-json\/wp\/v2\/types\/product"}],"replies":[{"embeddable":true,"href":"https:\/\/www.veltec.eu\/it\/wp-json\/wp\/v2\/comments?post=71980"}],"wp:featuredmedia":[{"embeddable":true,"href":"https:\/\/www.veltec.eu\/it\/wp-json\/wp\/v2\/media\/71904"}],"wp:attachment":[{"href":"https:\/\/www.veltec.eu\/it\/wp-json\/wp\/v2\/media?parent=71980"}],"wp:term":[{"taxonomy":"product_brand","embeddable":true,"href":"https:\/\/www.veltec.eu\/it\/wp-json\/wp\/v2\/product_brand?post=71980"},{"taxonomy":"product_cat","embeddable":true,"href":"https:\/\/www.veltec.eu\/it\/wp-json\/wp\/v2\/product_cat?post=71980"},{"taxonomy":"product_tag","embeddable":true,"href":"https:\/\/www.veltec.eu\/it\/wp-json\/wp\/v2\/product_tag?post=71980"}],"curies":[{"name":"wp","href":"https:\/\/api.w.org\/{rel}","templated":true}]}}