{"id":70653,"date":"2024-11-26T15:13:06","date_gmt":"2024-11-26T13:13:06","guid":{"rendered":"https:\/\/www.veltec.eu\/product\/conga-4000-matras\/"},"modified":"2025-03-03T17:48:31","modified_gmt":"2025-03-03T15:48:31","slug":"pulizia-dei-materassi-4000","status":"publish","type":"product","link":"https:\/\/www.veltec.eu\/it\/product\/pulizia-dei-materassi-4000\/","title":{"rendered":"Pulizia dei materassi 4000"},"content":{"rendered":"<h1>Pulizia dei materassi 4000<\/h1>\n<p>Pulizia dei materassi 4000 &#8211; Detergente per materassi e tappezzeria.<\/p>\n<p><a href=\"\/nl?product_cat=detergente-per-materassi-it\">Trova tutti i detergenti per materassi qui<\/a><\/p>\n<h2>Pulizia dei materassi 4000 &#8211; La soluzione definitiva per un materasso igienicamente pulito<\/h2>\n<p>Un materasso pulito \u00e8 essenziale per un sonno sano. Con Pulizia dei materassi 4000 \u00e8 possibile pulire in modo semplice ed efficace materassi e tappezzeria, per godere di un ambiente di riposo fresco e igienico senza preoccupazioni. Grazie alle sue tecnologie avanzate e alle potenti prestazioni, questo pulitore per materassi rimuove senza fatica batteri, acari della polvere e allergeni.<\/p>\n<h3>Pulizia potente con tecnologia ForceSonic<\/h3>\n<p>Pulizia dei materassi 4000 \u00e8 dotato dell&#8217;innovativa tecnologia ForceSonic, che eroga una potenza massima di 400 W. Questo garantisce un&#8217;aspirazione potente che rimuove efficacemente tutto lo sporco e la polvere. Con un&#8217;impressionante potenza di aspirazione di 13 kPa, il pulitore per materassi assorbe senza sforzo acari, polvere e altro sporco, mantenendo il materasso pulito e fresco.<\/p>\n<h3>Rimuove il 99,9% dei batteri con la tecnologia a luce ultravioletta V-C<\/h3>\n<p>Uno dei maggiori vantaggi di Pulizia dei materassi 4000 \u00e8 la sua tecnologia a luce ultravioletta V-C. Questa speciale luce UV uccide fino al 99,9% di tutti i batteri, pulendo a fondo materassi e tappezzeria. Questa caratteristica \u00e8 ideale per chi soffre di allergie o ha la pelle sensibile, in quanto aiuta a rimuovere germi e allergeni invisibili.<\/p>\n<div id=\"technical-details\" class=\"css-0 egxb0x40\">\n<div class=\"css-1vrowg6\">\n<h3>Disinfezione profonda grazie alla tecnologia ad aria calda Heat Tech<\/h3>\n<p>Oltre alla luce UV, pulizia dei materassi offre anche la tecnologia ad aria calda Heat Tech. Questa tecnologia garantisce che l&#8217;aria calda rimuova efficacemente i batteri e gli acari della polvere e disinfetti la superficie. In questo modo i materassi e la tappezzeria non solo rimangono puliti, ma anche completamente igienici.<\/p>\n<h3>Rimozione degli allergeni con la spazzola Power Brush<\/h3>\n<p>Grazie alla Power Brush motorizzata con spazzole in alluminio e silicone, \u00e8 possibile rimuovere senza fatica ogni tipo di allergene. Questa spazzola \u00e8 stata appositamente progettata per sciogliere e raccogliere lo sporco in un unico movimento, rendendo la pulizia pi\u00f9 rapida ed efficace. Questo rende pulizia dei materassi la scelta perfetta per chi soffre di allergie o problemi respiratori.<\/p>\n<h3>Lunga portata e facilit\u00e0 d&#8217;uso<\/h3>\n<p>Il cavo XXL da 5 metri offre un ampio raggio d&#8217;azione, consentendo di pulire materassi e tappezzerie con facilit\u00e0 e senza limitazioni. Grazie al suo design leggero ed ergonomico, il pulitore per materassi sta comodamente in mano ed \u00e8 facile da manovrare. In questo modo \u00e8 possibile raggiungere senza fatica anche i punti pi\u00f9 difficili.<\/p>\n<h3>Doppio serbatoio da 0,5 litri per una raccolta efficiente<\/h3>\n<p>Pulizia dei materassi 4000 \u00e8 dotato di un doppio serbatoio da 0,5 litri che raccoglie separatamente lo sporco e la polvere. In questo modo si evitano intasamenti e il sistema di filtraggio funziona in modo ottimale. In questo modo il vostro pulitore per materassi rimane in ottime condizioni pi\u00f9 a lungo e potrete godere di una pulizia costante.<\/p>\n<h3>Pulizia dei materassi 4000 con tecnologia Cyclonic System prolunga la durata di vita dell&#8217;apparecchio<\/h3>\n<p>Grazie alla tecnologia Cyclonic System, il pulitore per materassi funziona senza sacchetto per la polvere, il che non solo \u00e8 pi\u00f9 efficiente, ma prolunga anche la durata dell&#8217;apparecchio. Questo sistema avanzato assicura una potenza di aspirazione potente e duratura, consentendo di godere di anni di pulizia approfondita senza perdere prestazioni.<\/p>\n<h3>Godetevi una fresca fragranza durante la pulizia<\/h3>\n<p>Per rendere la pulizia ancora pi\u00f9 piacevole, pulizia dei materassi \u00e8 dotato di una pastiglia deodorante. In questo modo si pu\u00f2 godere di un piacevole profumo fresco durante ogni sessione di pulizia e disinfezione. In questo modo non solo si pulisce il materasso, ma si dona anche una piacevole fragranza alla camera da letto.<\/p>\n<h3>Perch\u00e9 scegliere Pulizia dei materassi 4000?<\/h3>\n<ul>\n<li>Potente tecnologia ForceSonic con 400 W di potenza per una pulizia profonda<\/li>\n<li>La tecnologia a luce UV-C rimuove fino al 99,9% di tutti i batteri<\/li>\n<li>Tecnologia Heat Tech ad aria calda per una disinfezione completa<\/li>\n<li>La spazzola motorizzata Power Brush rimuove senza fatica gli allergeni<\/li>\n<li>Elevata potenza di aspirazione di 13 kPa per la massima raccolta dello sporco<\/li>\n<li>Cavo XXL di 5 metri per una libert\u00e0 di movimento ottimale<\/li>\n<li>Doppio serbatoio da 0,5 litri per un efficiente stoccaggio dello sporco<\/li>\n<li>Tecnologia del sistema ciclonico per una maggiore durata<\/li>\n<li>Pastiglia deodorante per una piacevole fragranza durante la pulizia<\/li>\n<\/ul>\n<p>Con Pulizia dei materassi 4000, scegliete un materasso igienicamente pulito, privo di batteri, allergeni e acari della polvere. Create un ambiente di riposo pi\u00f9 sano e godetevi un letto fresco e pulito ogni notte!<span style=\"font-size: 18px; font-weight: 600;\">\u00a0<\/span><\/p>\n<\/div>\n<\/div>\n","protected":false},"excerpt":{"rendered":"<p>Pulizia dei materassi 4000 &#8211; Aspiratore per materassi e tappezzeria con potenza di 400 W e aspirazione di 13 kPa. Include una luce ultravioletta UV-C che uccide fino al 99,9% degli allergeni. La tecnologia a spazzole motorizzate aiuta a rimuovere gli acari della polvere dai materassi e la tecnologia ad aria calda disinfetta. Doppio serbatoio.<\/p>\n<p>&nbsp;<\/p>\n<h3><span style=\"color: #008000;\">In magazzino<\/span><\/h3>\n[av_font_icon icon='ue812' font='entypo-fontello' style='' caption='' size='25px' position='left' color='#43ad66' link='' linktarget='' title_attr='' sonar_effect_effect='' sonar_effect_color='' sonar_effect_duration='1' sonar_effect_scale='' sonar_effect_opac='0.5' animation='' id='' custom_class='' template_class='' av_uid='' sc_version='1.0' admin_preview_bg=''][\/av_font_icon]\n<p><span style=\"color: #008000;\">I tempi di consegna sono compresi tra 5 e 10 giorni lavorativi<\/span><\/p>\n[av_font_icon icon='ue812' font='entypo-fontello' style='' caption='' size='25px' position='left' color='#43ad66' link='' linktarget='' title_attr='' sonar_effect_effect='' sonar_effect_color='' sonar_effect_duration='1' sonar_effect_scale='' sonar_effect_opac='0.5' animation='' id='' custom_class='' template_class='' av_uid='' sc_version='1.0' admin_preview_bg=''][\/av_font_icon]\n<p><span style=\"color: #008000;\">2 anni di garanzia<\/span><\/p>\n<p>&nbsp;<\/p>\n","protected":false},"featured_media":75840,"comment_status":"open","ping_status":"closed","template":"","meta":{"_acf_changed":false},"product_brand":[],"product_cat":[26],"product_tag":[],"class_list":{"0":"post-70653","1":"product","2":"type-product","3":"status-publish","4":"has-post-thumbnail","6":"product_cat-overige-producten","8":"first","9":"instock","10":"sale","11":"taxable","12":"shipping-taxable","13":"purchasable","14":"product-type-simple"},"acf":[],"yoast_head":"<!-- This site is optimized with the Yoast SEO Premium plugin v27.1 (Yoast SEO v27.4) - https:\/\/yoast.com\/product\/yoast-seo-premium-wordpress\/ -->\n<title>Pulizia dei materassi 4000 - Veltec Kirby specialist<\/title>\n<meta name=\"description\" content=\"Pulizia dei materassi 4000- Veltec \u00e8 fornitore di aspirapolvere Kirby da oltre 25 anni. Ed \u00e8 il vostro specialista di fiducia per l&#039;assistenza Kirby.\" \/>\n<meta name=\"robots\" content=\"index, follow, max-snippet:-1, max-image-preview:large, max-video-preview:-1\" \/>\n<link rel=\"canonical\" href=\"https:\/\/www.veltec.eu\/it\/product\/pulizia-dei-materassi-4000\/\" \/>\n<meta property=\"og:locale\" content=\"it_IT\" \/>\n<meta property=\"og:type\" content=\"article\" \/>\n<meta property=\"og:title\" content=\"Pulizia dei materassi 4000\" \/>\n<meta property=\"og:description\" content=\"Pulizia dei materassi 4000 - Aspiratore per materassi e tappezzeria con potenza di 400 W e aspirazione di 13 kPa. Include una luce ultravioletta UV-C che uccide fino al 99,9% degli allergeni. La tecnologia a spazzole motorizzate aiuta a rimuovere gli acari della polvere dai materassi e la tecnologia ad aria calda disinfetta. Doppio serbatoio.  &nbsp; In magazzino   I tempi di consegna sono compresi tra 5 e 10 giorni lavorativi    2 anni di garanzia  &nbsp;\" \/>\n<meta property=\"og:url\" content=\"https:\/\/www.veltec.eu\/it\/product\/pulizia-dei-materassi-4000\/\" \/>\n<meta property=\"og:site_name\" content=\"Veltec Kirby specialist\" \/>\n<meta property=\"article:publisher\" content=\"https:\/\/www.facebook.com\/Veltec-Kirby-Specialist-236746293374877\/\" \/>\n<meta property=\"article:modified_time\" content=\"2025-03-03T15:48:31+00:00\" \/>\n<meta property=\"og:image\" content=\"https:\/\/www.veltec.eu\/wp-content\/uploads\/2024\/11\/conga-rockstar-4000-mattress_84pjd6_1-1.png\" \/>\n\t<meta property=\"og:image:width\" content=\"640\" \/>\n\t<meta property=\"og:image:height\" content=\"640\" \/>\n\t<meta property=\"og:image:type\" content=\"image\/png\" \/>\n<meta name=\"twitter:card\" content=\"summary_large_image\" \/>\n<meta name=\"twitter:label1\" content=\"Tempo di lettura stimato\" \/>\n\t<meta name=\"twitter:data1\" content=\"4 minuti\" \/>\n<script type=\"application\/ld+json\" class=\"yoast-schema-graph\">{\"@context\":\"https:\\\/\\\/schema.org\",\"@graph\":[{\"@type\":\"WebPage\",\"@id\":\"https:\\\/\\\/www.veltec.eu\\\/it\\\/product\\\/pulizia-dei-materassi-4000\\\/\",\"url\":\"https:\\\/\\\/www.veltec.eu\\\/it\\\/product\\\/pulizia-dei-materassi-4000\\\/\",\"name\":\"Pulizia dei materassi 4000 - Veltec Kirby specialist\",\"isPartOf\":{\"@id\":\"https:\\\/\\\/www.veltec.eu\\\/en\\\/#website\"},\"primaryImageOfPage\":{\"@id\":\"https:\\\/\\\/www.veltec.eu\\\/it\\\/product\\\/pulizia-dei-materassi-4000\\\/#primaryimage\"},\"image\":{\"@id\":\"https:\\\/\\\/www.veltec.eu\\\/it\\\/product\\\/pulizia-dei-materassi-4000\\\/#primaryimage\"},\"thumbnailUrl\":\"https:\\\/\\\/www.veltec.eu\\\/wp-content\\\/uploads\\\/2024\\\/11\\\/conga-rockstar-4000-mattress_84pjd6_1-1.png\",\"datePublished\":\"2024-11-26T13:13:06+00:00\",\"dateModified\":\"2025-03-03T15:48:31+00:00\",\"description\":\"Pulizia dei materassi 4000- Veltec \u00e8 fornitore di aspirapolvere Kirby da oltre 25 anni. Ed \u00e8 il vostro specialista di fiducia per l'assistenza Kirby.\",\"breadcrumb\":{\"@id\":\"https:\\\/\\\/www.veltec.eu\\\/it\\\/product\\\/pulizia-dei-materassi-4000\\\/#breadcrumb\"},\"inLanguage\":\"it-IT\",\"potentialAction\":[{\"@type\":\"ReadAction\",\"target\":[\"https:\\\/\\\/www.veltec.eu\\\/it\\\/product\\\/pulizia-dei-materassi-4000\\\/\"]}]},{\"@type\":\"ImageObject\",\"inLanguage\":\"it-IT\",\"@id\":\"https:\\\/\\\/www.veltec.eu\\\/it\\\/product\\\/pulizia-dei-materassi-4000\\\/#primaryimage\",\"url\":\"https:\\\/\\\/www.veltec.eu\\\/wp-content\\\/uploads\\\/2024\\\/11\\\/conga-rockstar-4000-mattress_84pjd6_1-1.png\",\"contentUrl\":\"https:\\\/\\\/www.veltec.eu\\\/wp-content\\\/uploads\\\/2024\\\/11\\\/conga-rockstar-4000-mattress_84pjd6_1-1.png\",\"width\":640,\"height\":640},{\"@type\":\"BreadcrumbList\",\"@id\":\"https:\\\/\\\/www.veltec.eu\\\/it\\\/product\\\/pulizia-dei-materassi-4000\\\/#breadcrumb\",\"itemListElement\":[{\"@type\":\"ListItem\",\"position\":1,\"name\":\"Home\",\"item\":\"https:\\\/\\\/www.veltec.eu\\\/it\\\/\"},{\"@type\":\"ListItem\",\"position\":2,\"name\":\"Negozio Kirby\",\"item\":\"https:\\\/\\\/www.veltec.eu\\\/it\\\/negozio-kirby\\\/\"},{\"@type\":\"ListItem\",\"position\":3,\"name\":\"Pulizia dei materassi 4000\"}]},{\"@type\":\"WebSite\",\"@id\":\"https:\\\/\\\/www.veltec.eu\\\/en\\\/#website\",\"url\":\"https:\\\/\\\/www.veltec.eu\\\/en\\\/\",\"name\":\"Veltec Kirby specialist\",\"description\":\"Kirby stofzuiger producten\",\"publisher\":{\"@id\":\"https:\\\/\\\/www.veltec.eu\\\/en\\\/#organization\"},\"potentialAction\":[{\"@type\":\"SearchAction\",\"target\":{\"@type\":\"EntryPoint\",\"urlTemplate\":\"https:\\\/\\\/www.veltec.eu\\\/en\\\/?s={search_term_string}\"},\"query-input\":{\"@type\":\"PropertyValueSpecification\",\"valueRequired\":true,\"valueName\":\"search_term_string\"}}],\"inLanguage\":\"it-IT\"},{\"@type\":\"Organization\",\"@id\":\"https:\\\/\\\/www.veltec.eu\\\/en\\\/#organization\",\"name\":\"Veltec Kirby Specialist\",\"url\":\"https:\\\/\\\/www.veltec.eu\\\/en\\\/\",\"logo\":{\"@type\":\"ImageObject\",\"inLanguage\":\"it-IT\",\"@id\":\"https:\\\/\\\/www.veltec.eu\\\/en\\\/#\\\/schema\\\/logo\\\/image\\\/\",\"url\":\"https:\\\/\\\/www.veltec.eu\\\/wp-content\\\/uploads\\\/2021\\\/12\\\/Veltec-log-groot-e1537260889125.png\",\"contentUrl\":\"https:\\\/\\\/www.veltec.eu\\\/wp-content\\\/uploads\\\/2021\\\/12\\\/Veltec-log-groot-e1537260889125.png\",\"width\":200,\"height\":60,\"caption\":\"Veltec Kirby Specialist\"},\"image\":{\"@id\":\"https:\\\/\\\/www.veltec.eu\\\/en\\\/#\\\/schema\\\/logo\\\/image\\\/\"},\"sameAs\":[\"https:\\\/\\\/www.facebook.com\\\/Veltec-Kirby-Specialist-236746293374877\\\/\",\"https:\\\/\\\/www.youtube.com\\\/user\\\/VeltecService\"]}]}<\/script>\n<!-- \/ Yoast SEO Premium plugin. -->","yoast_head_json":{"title":"Pulizia dei materassi 4000 - Veltec Kirby specialist","description":"Pulizia dei materassi 4000- Veltec \u00e8 fornitore di aspirapolvere Kirby da oltre 25 anni. Ed \u00e8 il vostro specialista di fiducia per l'assistenza Kirby.","robots":{"index":"index","follow":"follow","max-snippet":"max-snippet:-1","max-image-preview":"max-image-preview:large","max-video-preview":"max-video-preview:-1"},"canonical":"https:\/\/www.veltec.eu\/it\/product\/pulizia-dei-materassi-4000\/","og_locale":"it_IT","og_type":"article","og_title":"Pulizia dei materassi 4000","og_description":"Pulizia dei materassi 4000 - Aspiratore per materassi e tappezzeria con potenza di 400 W e aspirazione di 13 kPa. Include una luce ultravioletta UV-C che uccide fino al 99,9% degli allergeni. La tecnologia a spazzole motorizzate aiuta a rimuovere gli acari della polvere dai materassi e la tecnologia ad aria calda disinfetta. Doppio serbatoio.  &nbsp; In magazzino   I tempi di consegna sono compresi tra 5 e 10 giorni lavorativi    2 anni di garanzia  &nbsp;","og_url":"https:\/\/www.veltec.eu\/it\/product\/pulizia-dei-materassi-4000\/","og_site_name":"Veltec Kirby specialist","article_publisher":"https:\/\/www.facebook.com\/Veltec-Kirby-Specialist-236746293374877\/","article_modified_time":"2025-03-03T15:48:31+00:00","og_image":[{"width":640,"height":640,"url":"https:\/\/www.veltec.eu\/wp-content\/uploads\/2024\/11\/conga-rockstar-4000-mattress_84pjd6_1-1.png","type":"image\/png"}],"twitter_card":"summary_large_image","twitter_misc":{"Tempo di lettura stimato":"4 minuti"},"schema":{"@context":"https:\/\/schema.org","@graph":[{"@type":"WebPage","@id":"https:\/\/www.veltec.eu\/it\/product\/pulizia-dei-materassi-4000\/","url":"https:\/\/www.veltec.eu\/it\/product\/pulizia-dei-materassi-4000\/","name":"Pulizia dei materassi 4000 - Veltec Kirby specialist","isPartOf":{"@id":"https:\/\/www.veltec.eu\/en\/#website"},"primaryImageOfPage":{"@id":"https:\/\/www.veltec.eu\/it\/product\/pulizia-dei-materassi-4000\/#primaryimage"},"image":{"@id":"https:\/\/www.veltec.eu\/it\/product\/pulizia-dei-materassi-4000\/#primaryimage"},"thumbnailUrl":"https:\/\/www.veltec.eu\/wp-content\/uploads\/2024\/11\/conga-rockstar-4000-mattress_84pjd6_1-1.png","datePublished":"2024-11-26T13:13:06+00:00","dateModified":"2025-03-03T15:48:31+00:00","description":"Pulizia dei materassi 4000- Veltec \u00e8 fornitore di aspirapolvere Kirby da oltre 25 anni. Ed \u00e8 il vostro specialista di fiducia per l'assistenza Kirby.","breadcrumb":{"@id":"https:\/\/www.veltec.eu\/it\/product\/pulizia-dei-materassi-4000\/#breadcrumb"},"inLanguage":"it-IT","potentialAction":[{"@type":"ReadAction","target":["https:\/\/www.veltec.eu\/it\/product\/pulizia-dei-materassi-4000\/"]}]},{"@type":"ImageObject","inLanguage":"it-IT","@id":"https:\/\/www.veltec.eu\/it\/product\/pulizia-dei-materassi-4000\/#primaryimage","url":"https:\/\/www.veltec.eu\/wp-content\/uploads\/2024\/11\/conga-rockstar-4000-mattress_84pjd6_1-1.png","contentUrl":"https:\/\/www.veltec.eu\/wp-content\/uploads\/2024\/11\/conga-rockstar-4000-mattress_84pjd6_1-1.png","width":640,"height":640},{"@type":"BreadcrumbList","@id":"https:\/\/www.veltec.eu\/it\/product\/pulizia-dei-materassi-4000\/#breadcrumb","itemListElement":[{"@type":"ListItem","position":1,"name":"Home","item":"https:\/\/www.veltec.eu\/it\/"},{"@type":"ListItem","position":2,"name":"Negozio Kirby","item":"https:\/\/www.veltec.eu\/it\/negozio-kirby\/"},{"@type":"ListItem","position":3,"name":"Pulizia dei materassi 4000"}]},{"@type":"WebSite","@id":"https:\/\/www.veltec.eu\/en\/#website","url":"https:\/\/www.veltec.eu\/en\/","name":"Veltec Kirby specialist","description":"Kirby stofzuiger producten","publisher":{"@id":"https:\/\/www.veltec.eu\/en\/#organization"},"potentialAction":[{"@type":"SearchAction","target":{"@type":"EntryPoint","urlTemplate":"https:\/\/www.veltec.eu\/en\/?s={search_term_string}"},"query-input":{"@type":"PropertyValueSpecification","valueRequired":true,"valueName":"search_term_string"}}],"inLanguage":"it-IT"},{"@type":"Organization","@id":"https:\/\/www.veltec.eu\/en\/#organization","name":"Veltec Kirby Specialist","url":"https:\/\/www.veltec.eu\/en\/","logo":{"@type":"ImageObject","inLanguage":"it-IT","@id":"https:\/\/www.veltec.eu\/en\/#\/schema\/logo\/image\/","url":"https:\/\/www.veltec.eu\/wp-content\/uploads\/2021\/12\/Veltec-log-groot-e1537260889125.png","contentUrl":"https:\/\/www.veltec.eu\/wp-content\/uploads\/2021\/12\/Veltec-log-groot-e1537260889125.png","width":200,"height":60,"caption":"Veltec Kirby Specialist"},"image":{"@id":"https:\/\/www.veltec.eu\/en\/#\/schema\/logo\/image\/"},"sameAs":["https:\/\/www.facebook.com\/Veltec-Kirby-Specialist-236746293374877\/","https:\/\/www.youtube.com\/user\/VeltecService"]}]}},"_links":{"self":[{"href":"https:\/\/www.veltec.eu\/it\/wp-json\/wp\/v2\/product\/70653","targetHints":{"allow":["GET"]}}],"collection":[{"href":"https:\/\/www.veltec.eu\/it\/wp-json\/wp\/v2\/product"}],"about":[{"href":"https:\/\/www.veltec.eu\/it\/wp-json\/wp\/v2\/types\/product"}],"replies":[{"embeddable":true,"href":"https:\/\/www.veltec.eu\/it\/wp-json\/wp\/v2\/comments?post=70653"}],"wp:featuredmedia":[{"embeddable":true,"href":"https:\/\/www.veltec.eu\/it\/wp-json\/wp\/v2\/media\/75840"}],"wp:attachment":[{"href":"https:\/\/www.veltec.eu\/it\/wp-json\/wp\/v2\/media?parent=70653"}],"wp:term":[{"taxonomy":"product_brand","embeddable":true,"href":"https:\/\/www.veltec.eu\/it\/wp-json\/wp\/v2\/product_brand?post=70653"},{"taxonomy":"product_cat","embeddable":true,"href":"https:\/\/www.veltec.eu\/it\/wp-json\/wp\/v2\/product_cat?post=70653"},{"taxonomy":"product_tag","embeddable":true,"href":"https:\/\/www.veltec.eu\/it\/wp-json\/wp\/v2\/product_tag?post=70653"}],"curies":[{"name":"wp","href":"https:\/\/api.w.org\/{rel}","templated":true}]}}