{"id":66957,"date":"2024-09-16T09:12:49","date_gmt":"2024-09-16T07:12:49","guid":{"rendered":"https:\/\/www.veltec.eu\/product\/kirby-rullo-battitappeto-kirby-g3-e-kirby-g4-revisionato\/"},"modified":"2024-12-06T14:30:29","modified_gmt":"2024-12-06T12:30:29","slug":"kirby-rullo-battitappeto-kirby-g3-e-kirby-g4-revisionato","status":"publish","type":"product","link":"https:\/\/www.veltec.eu\/it\/product\/kirby-rullo-battitappeto-kirby-g3-e-kirby-g4-revisionato\/","title":{"rendered":"Kirby Rullo battitappeto Kirby G3 e Kirby G4 Revisionato"},"content":{"rendered":"<h1>Kirby Rullo battitappeto Kirby G3 e Kirby G4 Revisionato<\/h1>\n<p>Kirby Rullo battitappeto Kirby G3 e Kirby G4 Revisionato per <a href=\"https:\/\/www.veltec.eu\/it\/spazzole-e-bocchette\/kirby-ampio-battitappeto\/\">Kirby Ampio Battitappeto<\/a><\/p>\n<p><strong>Deze Klopborstel is uitsluitend geschikt voor onderstaande Kirby stofzuigers;<\/strong><\/p>\n<ul>\n<li>Generation 4 (G4)<\/li>\n<li>Generation 3 (G3)<\/li>\n<\/ul>\n<h2>Spazzola Kirby per Kirby G3 e Kirby G4 (Ricondizionata)<\/h2>\n<p>Siete alla ricerca di un rullo spazzola affidabile e di alta qualit\u00e0 per il vostro aspirapolvere Kirby? La spazzola Kirby per i modelli Kirby G3 e Kirby G4 offre la soluzione perfetta! Questo prodotto ricondizionato \u00e8 stato progettato specificamente per l&#8217;ugello a testa larga del vostro Kirby, in modo che possiate godere di nuovo di un&#8217;esperienza di pulizia potente.<\/p>\n<p>Trova tutte le <a href=\"https:\/\/www.veltec.eu\/it\/?page_id=59118\">spazzole e gli accessori Kirby<\/a> qui<\/p>\n<h3>Cosa significa ricondizionato?<\/h3>\n<p>L&#8217;aspetto ricondizionato di questa spazzola Kirby significa che non si tratta di un prodotto nuovo di zecca, ma di un rullo di spazzole che \u00e8 stato controllato, testato e completamente ricondizionato. Di conseguenza, funziona bene come una spazzola nuova, ma a un prezzo pi\u00f9 interessante. In questo modo si ottengono l&#8217;affidabilit\u00e0 e le prestazioni di una spazzola originale Kirby, senza dover pagare il prezzo pi\u00f9 alto. Inoltre, il rullo di spazzole \u00e8 completamente integro e pronto all&#8217;uso.<\/p>\n<h3>Alta qualit\u00e0 per prestazioni ottimali<\/h3>\n<p>Questa spazzola Kirby \u00e8 dotata di setole di alta qualit\u00e0. Ci\u00f2 garantisce che la spazzola rimuova efficacemente sporco, polvere e capelli da tappeti e pavimenti. Sia che si tratti di peli di animali domestici, di polvere fine o di sporcizia calciata in profondit\u00e0, la spazzola battente offre la forza e l&#8217;efficienza che ci si aspetta da Kirby. Le setole robuste e durevoli garantiscono una pulizia completa dei pavimenti e una lunga durata. Ci\u00f2 significa che potrete godere di un ambiente pulito e fresco pi\u00f9 a lungo.<\/p>\n<h3>Perfettamente adattabile al vostro Kirby G3 o G4<\/h3>\n<p>La spazzola Kirby \u00e8 progettata per l&#8217;uso con i modelli Kirby G3 e G4 e si adatta perfettamente all&#8217;ugello a testa larga. Di conseguenza, non dovrete preoccuparvi della compatibilit\u00e0 o delle scarse prestazioni. Sia che stiate pulendo a casa, in ufficio o in qualsiasi altro ambiente, questo rullo di spazzole garantir\u00e0 che il vostro aspirapolvere Kirby funzioni di nuovo in modo ottimale. Grazie alle dimensioni e al design specifici, il rullo spazzola si adatta perfettamente al vostro aspirapolvere Kirby, consentendovi di iniziare subito a pulire.<\/p>\n<h3>Sostenibile e attento all&#8217;ambiente<\/h3>\n<p>Scegliere una spazzola Kirby ricondizionata non \u00e8 solo una scelta economica intelligente, ma anche ecologica. Dopo tutto, i prodotti ricondizionati aiutano a ridurre i rifiuti e contribuiscono a un uso pi\u00f9 sostenibile delle materie prime. Cos\u00ec non solo potrete godere di una casa pulita, ma contribuirete anche a un pianeta pi\u00f9 pulito.<\/p>\n<h3>Sintesi<\/h3>\n<p>Con la spazzola Kirby ricondizionata per i modelli Kirby G3 e G4, avrete a casa vostra un rullo spazzola affidabile e performante. Le setole di alta qualit\u00e0 garantiscono una pulizia accurata dei pavimenti, mentre l&#8217;aspetto ricondizionato offre un prezzo interessante senza compromettere la qualit\u00e0. Grazie al perfetto adattamento all&#8217;ugello a testa larga del vostro aspirapolvere Kirby e alle caratteristiche di durata della spazzola, questa \u00e8 una scelta eccellente per chi vuole che il proprio aspirapolvere Kirby funzioni in modo ottimale.<\/p>\n","protected":false},"excerpt":{"rendered":"<p>Kirby Rullo battitappeto Kirby G3 e Kirby G4 Revisionato per Kirby Ampio Battitappeto.<\/p>\n[trustindex data-widget-id=de4365f24f22281a6b165ed75b0]\n<h3><span style=\"color: #008000;\"><br \/>\nIn magazzino<\/span><\/h3>\n[av_font_icon icon='ue812' font='entypo-fontello' style='' caption='' size='25px' position='left' color='#43ad66' link='' linktarget='' title_attr='' sonar_effect_effect='' sonar_effect_color='' sonar_effect_duration='1' sonar_effect_scale='' sonar_effect_opac='0.5' animation='' id='' custom_class='' template_class='' av_uid='' sc_version='1.0' admin_preview_bg=''][\/av_font_icon]\n<p><span style=\"color: #008000;\">Ordinato prima della 23:59, spedito domani<\/span><\/p>\n<p>&nbsp;<\/p>\n","protected":false},"featured_media":66951,"comment_status":"open","ping_status":"closed","template":"","meta":{"_acf_changed":false},"product_brand":[],"product_cat":[346,340],"product_tag":[],"class_list":{"0":"post-66957","1":"product","2":"type-product","3":"status-publish","4":"has-post-thumbnail","6":"product_cat-kirby-ampio-battitappeto","7":"product_cat-kirby-spazzole-e-accessori","9":"first","10":"outofstock","11":"sale","12":"taxable","13":"shipping-taxable","14":"purchasable","15":"product-type-simple"},"acf":[],"yoast_head":"<!-- This site is optimized with the Yoast SEO Premium plugin v27.1 (Yoast SEO v27.4) - https:\/\/yoast.com\/product\/yoast-seo-premium-wordpress\/ -->\n<title>Kirby Rullo battitappeto Kirby G3 e Kirby G4 Revisionato - Veltec Kirby specialist<\/title>\n<meta name=\"description\" content=\"Kirby Rullo battitappeto Kirby G3 e Kirby G4 Revisionato - Veltec \u00e8 fornitore di aspirapolvere Kirby da oltre 25 anni. Il vostro specialista Kirby.\" \/>\n<meta name=\"robots\" content=\"index, follow, max-snippet:-1, max-image-preview:large, max-video-preview:-1\" \/>\n<link rel=\"canonical\" href=\"https:\/\/www.veltec.eu\/it\/product\/kirby-rullo-battitappeto-kirby-g3-e-kirby-g4-revisionato\/\" \/>\n<meta property=\"og:locale\" content=\"it_IT\" \/>\n<meta property=\"og:type\" content=\"article\" \/>\n<meta property=\"og:title\" content=\"Kirby Rullo battitappeto Kirby G3 e Kirby G4 Revisionato\" \/>\n<meta property=\"og:description\" content=\"Kirby Rullo battitappeto Kirby G3 e Kirby G4 Revisionato per Kirby Ampio Battitappeto.    In magazzino   Ordinato prima della 23:59, spedito domani  &nbsp;\" \/>\n<meta property=\"og:url\" content=\"https:\/\/www.veltec.eu\/it\/product\/kirby-rullo-battitappeto-kirby-g3-e-kirby-g4-revisionato\/\" \/>\n<meta property=\"og:site_name\" content=\"Veltec Kirby specialist\" \/>\n<meta property=\"article:publisher\" content=\"https:\/\/www.facebook.com\/Veltec-Kirby-Specialist-236746293374877\/\" \/>\n<meta property=\"article:modified_time\" content=\"2024-12-06T12:30:29+00:00\" \/>\n<meta property=\"og:image\" content=\"https:\/\/www.veltec.eu\/wp-content\/uploads\/2024\/09\/Borstel-Gerc.jpg\" \/>\n\t<meta property=\"og:image:width\" content=\"500\" \/>\n\t<meta property=\"og:image:height\" content=\"500\" \/>\n\t<meta property=\"og:image:type\" content=\"image\/jpeg\" \/>\n<meta name=\"twitter:card\" content=\"summary_large_image\" \/>\n<meta name=\"twitter:label1\" content=\"Tempo di lettura stimato\" \/>\n\t<meta name=\"twitter:data1\" content=\"3 minuti\" \/>\n<script type=\"application\/ld+json\" class=\"yoast-schema-graph\">{\"@context\":\"https:\\\/\\\/schema.org\",\"@graph\":[{\"@type\":\"WebPage\",\"@id\":\"https:\\\/\\\/www.veltec.eu\\\/it\\\/product\\\/kirby-rullo-battitappeto-kirby-g3-e-kirby-g4-revisionato\\\/\",\"url\":\"https:\\\/\\\/www.veltec.eu\\\/it\\\/product\\\/kirby-rullo-battitappeto-kirby-g3-e-kirby-g4-revisionato\\\/\",\"name\":\"Kirby Rullo battitappeto Kirby G3 e Kirby G4 Revisionato - Veltec Kirby specialist\",\"isPartOf\":{\"@id\":\"https:\\\/\\\/www.veltec.eu\\\/en\\\/#website\"},\"primaryImageOfPage\":{\"@id\":\"https:\\\/\\\/www.veltec.eu\\\/it\\\/product\\\/kirby-rullo-battitappeto-kirby-g3-e-kirby-g4-revisionato\\\/#primaryimage\"},\"image\":{\"@id\":\"https:\\\/\\\/www.veltec.eu\\\/it\\\/product\\\/kirby-rullo-battitappeto-kirby-g3-e-kirby-g4-revisionato\\\/#primaryimage\"},\"thumbnailUrl\":\"https:\\\/\\\/www.veltec.eu\\\/wp-content\\\/uploads\\\/2024\\\/09\\\/Borstel-Gerc.jpg\",\"datePublished\":\"2024-09-16T07:12:49+00:00\",\"dateModified\":\"2024-12-06T12:30:29+00:00\",\"description\":\"Kirby Rullo battitappeto Kirby G3 e Kirby G4 Revisionato - Veltec \u00e8 fornitore di aspirapolvere Kirby da oltre 25 anni. Il vostro specialista Kirby.\",\"breadcrumb\":{\"@id\":\"https:\\\/\\\/www.veltec.eu\\\/it\\\/product\\\/kirby-rullo-battitappeto-kirby-g3-e-kirby-g4-revisionato\\\/#breadcrumb\"},\"inLanguage\":\"it-IT\",\"potentialAction\":[{\"@type\":\"ReadAction\",\"target\":[\"https:\\\/\\\/www.veltec.eu\\\/it\\\/product\\\/kirby-rullo-battitappeto-kirby-g3-e-kirby-g4-revisionato\\\/\"]}]},{\"@type\":\"ImageObject\",\"inLanguage\":\"it-IT\",\"@id\":\"https:\\\/\\\/www.veltec.eu\\\/it\\\/product\\\/kirby-rullo-battitappeto-kirby-g3-e-kirby-g4-revisionato\\\/#primaryimage\",\"url\":\"https:\\\/\\\/www.veltec.eu\\\/wp-content\\\/uploads\\\/2024\\\/09\\\/Borstel-Gerc.jpg\",\"contentUrl\":\"https:\\\/\\\/www.veltec.eu\\\/wp-content\\\/uploads\\\/2024\\\/09\\\/Borstel-Gerc.jpg\",\"width\":500,\"height\":500},{\"@type\":\"BreadcrumbList\",\"@id\":\"https:\\\/\\\/www.veltec.eu\\\/it\\\/product\\\/kirby-rullo-battitappeto-kirby-g3-e-kirby-g4-revisionato\\\/#breadcrumb\",\"itemListElement\":[{\"@type\":\"ListItem\",\"position\":1,\"name\":\"Home\",\"item\":\"https:\\\/\\\/www.veltec.eu\\\/it\\\/la-homepage\\\/\"},{\"@type\":\"ListItem\",\"position\":2,\"name\":\"Negozio Kirby\",\"item\":\"https:\\\/\\\/www.veltec.eu\\\/it\\\/negozio-kirby\\\/\"},{\"@type\":\"ListItem\",\"position\":3,\"name\":\"Kirby Rullo battitappeto Kirby G3 e Kirby G4 Revisionato\"}]},{\"@type\":\"WebSite\",\"@id\":\"https:\\\/\\\/www.veltec.eu\\\/en\\\/#website\",\"url\":\"https:\\\/\\\/www.veltec.eu\\\/en\\\/\",\"name\":\"Veltec Kirby specialist\",\"description\":\"Kirby stofzuiger producten\",\"publisher\":{\"@id\":\"https:\\\/\\\/www.veltec.eu\\\/en\\\/#organization\"},\"potentialAction\":[{\"@type\":\"SearchAction\",\"target\":{\"@type\":\"EntryPoint\",\"urlTemplate\":\"https:\\\/\\\/www.veltec.eu\\\/en\\\/?s={search_term_string}\"},\"query-input\":{\"@type\":\"PropertyValueSpecification\",\"valueRequired\":true,\"valueName\":\"search_term_string\"}}],\"inLanguage\":\"it-IT\"},{\"@type\":\"Organization\",\"@id\":\"https:\\\/\\\/www.veltec.eu\\\/en\\\/#organization\",\"name\":\"Veltec Kirby Specialist\",\"url\":\"https:\\\/\\\/www.veltec.eu\\\/en\\\/\",\"logo\":{\"@type\":\"ImageObject\",\"inLanguage\":\"it-IT\",\"@id\":\"https:\\\/\\\/www.veltec.eu\\\/en\\\/#\\\/schema\\\/logo\\\/image\\\/\",\"url\":\"https:\\\/\\\/www.veltec.eu\\\/wp-content\\\/uploads\\\/2021\\\/12\\\/Veltec-log-groot-e1537260889125.png\",\"contentUrl\":\"https:\\\/\\\/www.veltec.eu\\\/wp-content\\\/uploads\\\/2021\\\/12\\\/Veltec-log-groot-e1537260889125.png\",\"width\":200,\"height\":60,\"caption\":\"Veltec Kirby Specialist\"},\"image\":{\"@id\":\"https:\\\/\\\/www.veltec.eu\\\/en\\\/#\\\/schema\\\/logo\\\/image\\\/\"},\"sameAs\":[\"https:\\\/\\\/www.facebook.com\\\/Veltec-Kirby-Specialist-236746293374877\\\/\",\"https:\\\/\\\/www.youtube.com\\\/user\\\/VeltecService\"]}]}<\/script>\n<!-- \/ Yoast SEO Premium plugin. -->","yoast_head_json":{"title":"Kirby Rullo battitappeto Kirby G3 e Kirby G4 Revisionato - Veltec Kirby specialist","description":"Kirby Rullo battitappeto Kirby G3 e Kirby G4 Revisionato - Veltec \u00e8 fornitore di aspirapolvere Kirby da oltre 25 anni. Il vostro specialista Kirby.","robots":{"index":"index","follow":"follow","max-snippet":"max-snippet:-1","max-image-preview":"max-image-preview:large","max-video-preview":"max-video-preview:-1"},"canonical":"https:\/\/www.veltec.eu\/it\/product\/kirby-rullo-battitappeto-kirby-g3-e-kirby-g4-revisionato\/","og_locale":"it_IT","og_type":"article","og_title":"Kirby Rullo battitappeto Kirby G3 e Kirby G4 Revisionato","og_description":"Kirby Rullo battitappeto Kirby G3 e Kirby G4 Revisionato per Kirby Ampio Battitappeto.    In magazzino   Ordinato prima della 23:59, spedito domani  &nbsp;","og_url":"https:\/\/www.veltec.eu\/it\/product\/kirby-rullo-battitappeto-kirby-g3-e-kirby-g4-revisionato\/","og_site_name":"Veltec Kirby specialist","article_publisher":"https:\/\/www.facebook.com\/Veltec-Kirby-Specialist-236746293374877\/","article_modified_time":"2024-12-06T12:30:29+00:00","og_image":[{"width":500,"height":500,"url":"https:\/\/www.veltec.eu\/wp-content\/uploads\/2024\/09\/Borstel-Gerc.jpg","type":"image\/jpeg"}],"twitter_card":"summary_large_image","twitter_misc":{"Tempo di lettura stimato":"3 minuti"},"schema":{"@context":"https:\/\/schema.org","@graph":[{"@type":"WebPage","@id":"https:\/\/www.veltec.eu\/it\/product\/kirby-rullo-battitappeto-kirby-g3-e-kirby-g4-revisionato\/","url":"https:\/\/www.veltec.eu\/it\/product\/kirby-rullo-battitappeto-kirby-g3-e-kirby-g4-revisionato\/","name":"Kirby Rullo battitappeto Kirby G3 e Kirby G4 Revisionato - Veltec Kirby specialist","isPartOf":{"@id":"https:\/\/www.veltec.eu\/en\/#website"},"primaryImageOfPage":{"@id":"https:\/\/www.veltec.eu\/it\/product\/kirby-rullo-battitappeto-kirby-g3-e-kirby-g4-revisionato\/#primaryimage"},"image":{"@id":"https:\/\/www.veltec.eu\/it\/product\/kirby-rullo-battitappeto-kirby-g3-e-kirby-g4-revisionato\/#primaryimage"},"thumbnailUrl":"https:\/\/www.veltec.eu\/wp-content\/uploads\/2024\/09\/Borstel-Gerc.jpg","datePublished":"2024-09-16T07:12:49+00:00","dateModified":"2024-12-06T12:30:29+00:00","description":"Kirby Rullo battitappeto Kirby G3 e Kirby G4 Revisionato - Veltec \u00e8 fornitore di aspirapolvere Kirby da oltre 25 anni. Il vostro specialista Kirby.","breadcrumb":{"@id":"https:\/\/www.veltec.eu\/it\/product\/kirby-rullo-battitappeto-kirby-g3-e-kirby-g4-revisionato\/#breadcrumb"},"inLanguage":"it-IT","potentialAction":[{"@type":"ReadAction","target":["https:\/\/www.veltec.eu\/it\/product\/kirby-rullo-battitappeto-kirby-g3-e-kirby-g4-revisionato\/"]}]},{"@type":"ImageObject","inLanguage":"it-IT","@id":"https:\/\/www.veltec.eu\/it\/product\/kirby-rullo-battitappeto-kirby-g3-e-kirby-g4-revisionato\/#primaryimage","url":"https:\/\/www.veltec.eu\/wp-content\/uploads\/2024\/09\/Borstel-Gerc.jpg","contentUrl":"https:\/\/www.veltec.eu\/wp-content\/uploads\/2024\/09\/Borstel-Gerc.jpg","width":500,"height":500},{"@type":"BreadcrumbList","@id":"https:\/\/www.veltec.eu\/it\/product\/kirby-rullo-battitappeto-kirby-g3-e-kirby-g4-revisionato\/#breadcrumb","itemListElement":[{"@type":"ListItem","position":1,"name":"Home","item":"https:\/\/www.veltec.eu\/it\/la-homepage\/"},{"@type":"ListItem","position":2,"name":"Negozio Kirby","item":"https:\/\/www.veltec.eu\/it\/negozio-kirby\/"},{"@type":"ListItem","position":3,"name":"Kirby Rullo battitappeto Kirby G3 e Kirby G4 Revisionato"}]},{"@type":"WebSite","@id":"https:\/\/www.veltec.eu\/en\/#website","url":"https:\/\/www.veltec.eu\/en\/","name":"Veltec Kirby specialist","description":"Kirby stofzuiger producten","publisher":{"@id":"https:\/\/www.veltec.eu\/en\/#organization"},"potentialAction":[{"@type":"SearchAction","target":{"@type":"EntryPoint","urlTemplate":"https:\/\/www.veltec.eu\/en\/?s={search_term_string}"},"query-input":{"@type":"PropertyValueSpecification","valueRequired":true,"valueName":"search_term_string"}}],"inLanguage":"it-IT"},{"@type":"Organization","@id":"https:\/\/www.veltec.eu\/en\/#organization","name":"Veltec Kirby Specialist","url":"https:\/\/www.veltec.eu\/en\/","logo":{"@type":"ImageObject","inLanguage":"it-IT","@id":"https:\/\/www.veltec.eu\/en\/#\/schema\/logo\/image\/","url":"https:\/\/www.veltec.eu\/wp-content\/uploads\/2021\/12\/Veltec-log-groot-e1537260889125.png","contentUrl":"https:\/\/www.veltec.eu\/wp-content\/uploads\/2021\/12\/Veltec-log-groot-e1537260889125.png","width":200,"height":60,"caption":"Veltec Kirby Specialist"},"image":{"@id":"https:\/\/www.veltec.eu\/en\/#\/schema\/logo\/image\/"},"sameAs":["https:\/\/www.facebook.com\/Veltec-Kirby-Specialist-236746293374877\/","https:\/\/www.youtube.com\/user\/VeltecService"]}]}},"_links":{"self":[{"href":"https:\/\/www.veltec.eu\/it\/wp-json\/wp\/v2\/product\/66957","targetHints":{"allow":["GET"]}}],"collection":[{"href":"https:\/\/www.veltec.eu\/it\/wp-json\/wp\/v2\/product"}],"about":[{"href":"https:\/\/www.veltec.eu\/it\/wp-json\/wp\/v2\/types\/product"}],"replies":[{"embeddable":true,"href":"https:\/\/www.veltec.eu\/it\/wp-json\/wp\/v2\/comments?post=66957"}],"wp:featuredmedia":[{"embeddable":true,"href":"https:\/\/www.veltec.eu\/it\/wp-json\/wp\/v2\/media\/66951"}],"wp:attachment":[{"href":"https:\/\/www.veltec.eu\/it\/wp-json\/wp\/v2\/media?parent=66957"}],"wp:term":[{"taxonomy":"product_brand","embeddable":true,"href":"https:\/\/www.veltec.eu\/it\/wp-json\/wp\/v2\/product_brand?post=66957"},{"taxonomy":"product_cat","embeddable":true,"href":"https:\/\/www.veltec.eu\/it\/wp-json\/wp\/v2\/product_cat?post=66957"},{"taxonomy":"product_tag","embeddable":true,"href":"https:\/\/www.veltec.eu\/it\/wp-json\/wp\/v2\/product_tag?post=66957"}],"curies":[{"name":"wp","href":"https:\/\/api.w.org\/{rel}","templated":true}]}}