{"id":62301,"date":"2024-07-23T14:36:56","date_gmt":"2024-07-23T12:36:56","guid":{"rendered":"https:\/\/www.veltec.eu\/product\/rockstar-2000\/"},"modified":"2025-06-12T11:44:40","modified_gmt":"2025-06-12T09:44:40","slug":"asciutto-umido-2000","status":"publish","type":"product","link":"https:\/\/www.veltec.eu\/it\/product\/asciutto-umido-2000\/","title":{"rendered":"Asciutto &#038; Umido 2000"},"content":{"rendered":"<div id=\"technical-details\" class=\"css-0 egxb0x40\">\n<div class=\"css-1vrowg6\">\n<div id=\"description\" class=\"e1pizqy33 css-1gvl2s3\">\n<div class=\"css-k1moeq e1pizqy32\">\n<h1>Asciutto &amp; Umido 2000<\/h1>\n<p>Asciutto &amp; Umido 2000, aspirapolvere di solidi e liquidi a batteria con motore digitale senza spazzole Digital Brushless, potenza massima da 200 W e grande potere di aspirazione fino a 18 kPa. Serbatoio fino a 20 l di capacit\u00e0. Grande autonomia fino a 45 minuti.<\/p>\n<div id=\"technical-details\" class=\"css-0 egxb0x40\">\n<div class=\"css-1vrowg6\">\n<div id=\"description\" class=\"e1pizqy33 css-1gvl2s3\">\n<div class=\"css-k1moeq e1pizqy32\">\n<ul>\n<li>Aspirapolvere di solidi e liquidi a batteria con motore digitale senza spazzole Digital Brushless, potenza massima da 200 W e grande potere di aspirazione fino a 18 kPa. Serbatoio fino a 20 l di capacit\u00e0. Grande autonomia fino a 45 minuti.<\/li>\n<li>Tecnologia DigitalBrushless con un motore digitale di ultima generazione senza spazzole, per fornire una maggiore velocit\u00e0, con meno rumore e allungare la vita utile dell\u2019aspirapolvere.\u00a0 Garantisce la massima efficienza con il sistema MultiphasicSystem.<\/li>\n<li>Tecnologia ForceSonic 200 W per una pulizia estrema. Aspira ogni tipo di sporco e mantiene la tua casa sempre pulita massimizzando i suoi 18 kPa di potere di aspirazione.<\/li>\n<li>Sistema Battery con una batteria estraibile agli ioni di litio da 4000 mAh e 18 V che raggiunge un\u2019autonomia che arriva a 45 minuti.<\/li>\n<li>Include funzione soffiatore Blowing System utile per soffiare foglie dal giardino o asciugare zone dove si \u00e8 aspirato un liquido per un risultato perfetto di pulizia.<\/li>\n<li>Include un serbatoio di grande capacit\u00e0 fino a 20 l e tecnologia senza sacchetto per una pulizia perfetta e una manutenzione facile.<\/li>\n<li>Due modalit\u00e0 di funzionamento: Eco e Turbo, per adattare l\u2019uso a ogni circostanza. La modalit\u00e0 Eco allunga la batteria al massimo con risultati impeccabili e la modalit\u00e0 Turbo elimina lo sporco pi\u00f9 difficile.<\/li>\n<li>Dotato di una grande variet\u00e0 di accessori che consentono una pulizia perfetta su qualsiasi superficie. Include accessorio per angoli, accessorio per mobili, accessorio per tessuti, testina da pavimento per liquidi e testina da pavimento.<\/li>\n<li>Filtro ad alta efficienza che elimina un\u2019alta percentuale di polvere e allergeni per una pulizia pi\u00f9 efficace.<\/li>\n<li>In condizioni d\u2019uso ottimali.<\/li>\n<\/ul>\n<p><a href=\"\/nl?product_cat=aspiratori-solidi-liquidi\">Ecco dove troverai tutti gli aspirapolvere a secco e umido.<\/a><\/p>\n<\/div>\n<\/div>\n<\/div>\n<div class=\"css-1vrowg6\">\n<div id=\"composition\" class=\"e1hv9n5v2 css-ldw7pi\">\n<p><strong><span class=\"e1hv9n5v0 css-hga4sk\">Composizione<\/span><\/strong><\/p>\n<div class=\"css-1azcdyx e1hv9n5v1\">\n<ul>\n<li>Aspirapolvere di solidi e liquidi<\/li>\n<li>Tubo telescopico<\/li>\n<li>Accessorio per angoli<\/li>\n<li>Accessorio mobili<\/li>\n<li>Accessorio per tappezzeria<\/li>\n<li>Testina da pavimenti per liquidi<\/li>\n<li>Testina da pavimento<\/li>\n<li>Manuale di istruzioni<\/li>\n<\/ul>\n<p>&nbsp;<\/p>\n<\/div>\n<\/div>\n<\/div>\n<\/div>\n<div class=\"css-1azakc er71tre1\">\n<hr class=\"css-hquz75 er71tre0\" \/>\n<div class=\"css-tsheg5 e1yoizh71\"><\/div>\n<\/div>\n<\/div>\n<\/div>\n<\/div>\n<\/div>\n","protected":false},"excerpt":{"rendered":"<p>Asciutto &amp; Umido 2000 &#8211; Aspirapolvere di solidi e liquidi a batteria con motore digitale senza spazzole Digital Brushless, potenza massima da 200 W e grande potere di aspirazione fino a 18 kPa. Serbatoio fino a 20 l di capacit\u00e0. Grande autonomia fino a 45 minuti.<\/p>\n<h3 class=\"western\"><span style=\"color: #008000;\"><span style=\"font-family: Microsoft Sans Serif, sans-serif;\"><span style=\"font-size: large;\">In magazzino<\/span><\/span><\/span><\/h3>\n<p align=\"left\"><span style=\"color: #000000;\"><span style=\"font-family: Liberation Serif, serif;\"><span style=\"font-size: medium;\">[av_font_icon icon='ue812' font='entypo-fontello' style='' caption='' size='25px' position='left' color='#43ad66' link='' linktarget='' title_attr='' sonar_effect_effect='' sonar_effect_color='' sonar_effect_duration='1' sonar_effect_scale='' sonar_effect_opac='0.5' animation='' id='' custom_class='' template_class='' av_uid='' sc_version='1.0' admin_preview_bg=''][\/av_font_icon]<\/span><\/span><\/span><\/p>\n<p><span style=\"color: #008000;\">I tempi di consegna sono compresi tra 5 e 10 giorni lavorativi<\/span><\/p>\n<p align=\"left\"><span style=\"color: #000000;\"><span style=\"font-family: Liberation Serif, serif;\"><span style=\"font-size: medium;\">[av_font_icon icon='ue812' font='entypo-fontello' style='' caption='' size='25px' position='left' color='#43ad66' link='' linktarget='' title_attr='' sonar_effect_effect='' sonar_effect_color='' sonar_effect_duration='1' sonar_effect_scale='' sonar_effect_opac='0.5' animation='' id='' custom_class='' template_class='' av_uid='' sc_version='1.0' admin_preview_bg=''][\/av_font_icon]<\/span><\/span><\/span><\/p>\n<p><span style=\"color: #008000;\">2 anni di garanzia<\/span><\/p>\n<p>&nbsp;<\/p>\n","protected":false},"featured_media":62226,"comment_status":"open","ping_status":"closed","template":"","meta":{"_acf_changed":false},"product_brand":[],"product_cat":[26],"product_tag":[],"class_list":{"0":"post-62301","1":"product","2":"type-product","3":"status-publish","4":"has-post-thumbnail","6":"product_cat-overige-producten","8":"first","9":"instock","10":"sale","11":"taxable","12":"shipping-taxable","13":"purchasable","14":"product-type-simple"},"acf":[],"yoast_head":"<!-- This site is optimized with the Yoast SEO Premium plugin v27.1 (Yoast SEO v27.4) - https:\/\/yoast.com\/product\/yoast-seo-premium-wordpress\/ -->\n<title>Asciutto &amp; Umido 2000 - Veltec Kirby specialist<\/title>\n<meta name=\"description\" content=\"Asciutto &amp; Umido 2000 - Veltec \u00e8 fornitore di aspirapolvere Kirby da oltre 25 anni. Ed \u00e8 il vostro specialista di fiducia per l&#039;assistenza Kirby.\" \/>\n<meta name=\"robots\" content=\"index, follow, max-snippet:-1, max-image-preview:large, max-video-preview:-1\" \/>\n<link rel=\"canonical\" href=\"https:\/\/www.veltec.eu\/it\/product\/asciutto-umido-2000\/\" \/>\n<meta property=\"og:locale\" content=\"it_IT\" \/>\n<meta property=\"og:type\" content=\"article\" \/>\n<meta property=\"og:title\" content=\"Asciutto &amp; Umido 2000\" \/>\n<meta property=\"og:description\" content=\"Asciutto &amp; Umido 2000 - Aspirapolvere di solidi e liquidi a batteria con motore digitale senza spazzole Digital Brushless, potenza massima da 200 W e grande potere di aspirazione fino a 18 kPa. Serbatoio fino a 20 l di capacit\u00e0. Grande autonomia fino a 45 minuti. In magazzino  I tempi di consegna sono compresi tra 5 e 10 giorni lavorativi  2 anni di garanzia  &nbsp;\" \/>\n<meta property=\"og:url\" content=\"https:\/\/www.veltec.eu\/it\/product\/asciutto-umido-2000\/\" \/>\n<meta property=\"og:site_name\" content=\"Veltec Kirby specialist\" \/>\n<meta property=\"article:publisher\" content=\"https:\/\/www.facebook.com\/Veltec-Kirby-Specialist-236746293374877\/\" \/>\n<meta property=\"article:modified_time\" content=\"2025-06-12T09:44:40+00:00\" \/>\n<meta property=\"og:image\" content=\"https:\/\/www.veltec.eu\/wp-content\/uploads\/2024\/07\/conga-rockstar-2000-wetdry-liberty_1.png\" \/>\n\t<meta property=\"og:image:width\" content=\"640\" \/>\n\t<meta property=\"og:image:height\" content=\"640\" \/>\n\t<meta property=\"og:image:type\" content=\"image\/png\" \/>\n<meta name=\"twitter:card\" content=\"summary_large_image\" \/>\n<meta name=\"twitter:label1\" content=\"Tempo di lettura stimato\" \/>\n\t<meta name=\"twitter:data1\" content=\"2 minuti\" \/>\n<script type=\"application\/ld+json\" class=\"yoast-schema-graph\">{\"@context\":\"https:\\\/\\\/schema.org\",\"@graph\":[{\"@type\":\"WebPage\",\"@id\":\"https:\\\/\\\/www.veltec.eu\\\/it\\\/product\\\/asciutto-umido-2000\\\/\",\"url\":\"https:\\\/\\\/www.veltec.eu\\\/it\\\/product\\\/asciutto-umido-2000\\\/\",\"name\":\"Asciutto & Umido 2000 - Veltec Kirby specialist\",\"isPartOf\":{\"@id\":\"https:\\\/\\\/www.veltec.eu\\\/en\\\/#website\"},\"primaryImageOfPage\":{\"@id\":\"https:\\\/\\\/www.veltec.eu\\\/it\\\/product\\\/asciutto-umido-2000\\\/#primaryimage\"},\"image\":{\"@id\":\"https:\\\/\\\/www.veltec.eu\\\/it\\\/product\\\/asciutto-umido-2000\\\/#primaryimage\"},\"thumbnailUrl\":\"https:\\\/\\\/www.veltec.eu\\\/wp-content\\\/uploads\\\/2024\\\/07\\\/conga-rockstar-2000-wetdry-liberty_1.png\",\"datePublished\":\"2024-07-23T12:36:56+00:00\",\"dateModified\":\"2025-06-12T09:44:40+00:00\",\"description\":\"Asciutto & Umido 2000 - Veltec \u00e8 fornitore di aspirapolvere Kirby da oltre 25 anni. Ed \u00e8 il vostro specialista di fiducia per l'assistenza Kirby.\",\"breadcrumb\":{\"@id\":\"https:\\\/\\\/www.veltec.eu\\\/it\\\/product\\\/asciutto-umido-2000\\\/#breadcrumb\"},\"inLanguage\":\"it-IT\",\"potentialAction\":[{\"@type\":\"ReadAction\",\"target\":[\"https:\\\/\\\/www.veltec.eu\\\/it\\\/product\\\/asciutto-umido-2000\\\/\"]}]},{\"@type\":\"ImageObject\",\"inLanguage\":\"it-IT\",\"@id\":\"https:\\\/\\\/www.veltec.eu\\\/it\\\/product\\\/asciutto-umido-2000\\\/#primaryimage\",\"url\":\"https:\\\/\\\/www.veltec.eu\\\/wp-content\\\/uploads\\\/2024\\\/07\\\/conga-rockstar-2000-wetdry-liberty_1.png\",\"contentUrl\":\"https:\\\/\\\/www.veltec.eu\\\/wp-content\\\/uploads\\\/2024\\\/07\\\/conga-rockstar-2000-wetdry-liberty_1.png\",\"width\":640,\"height\":640},{\"@type\":\"BreadcrumbList\",\"@id\":\"https:\\\/\\\/www.veltec.eu\\\/it\\\/product\\\/asciutto-umido-2000\\\/#breadcrumb\",\"itemListElement\":[{\"@type\":\"ListItem\",\"position\":1,\"name\":\"Home\",\"item\":\"https:\\\/\\\/www.veltec.eu\\\/it\\\/la-homepage\\\/\"},{\"@type\":\"ListItem\",\"position\":2,\"name\":\"Negozio Kirby\",\"item\":\"https:\\\/\\\/www.veltec.eu\\\/it\\\/negozio-kirby\\\/\"},{\"@type\":\"ListItem\",\"position\":3,\"name\":\"Asciutto &#038; Umido 2000\"}]},{\"@type\":\"WebSite\",\"@id\":\"https:\\\/\\\/www.veltec.eu\\\/en\\\/#website\",\"url\":\"https:\\\/\\\/www.veltec.eu\\\/en\\\/\",\"name\":\"Veltec Kirby specialist\",\"description\":\"Kirby stofzuiger producten\",\"publisher\":{\"@id\":\"https:\\\/\\\/www.veltec.eu\\\/en\\\/#organization\"},\"potentialAction\":[{\"@type\":\"SearchAction\",\"target\":{\"@type\":\"EntryPoint\",\"urlTemplate\":\"https:\\\/\\\/www.veltec.eu\\\/en\\\/?s={search_term_string}\"},\"query-input\":{\"@type\":\"PropertyValueSpecification\",\"valueRequired\":true,\"valueName\":\"search_term_string\"}}],\"inLanguage\":\"it-IT\"},{\"@type\":\"Organization\",\"@id\":\"https:\\\/\\\/www.veltec.eu\\\/en\\\/#organization\",\"name\":\"Veltec Kirby Specialist\",\"url\":\"https:\\\/\\\/www.veltec.eu\\\/en\\\/\",\"logo\":{\"@type\":\"ImageObject\",\"inLanguage\":\"it-IT\",\"@id\":\"https:\\\/\\\/www.veltec.eu\\\/en\\\/#\\\/schema\\\/logo\\\/image\\\/\",\"url\":\"https:\\\/\\\/www.veltec.eu\\\/wp-content\\\/uploads\\\/2021\\\/12\\\/Veltec-log-groot-e1537260889125.png\",\"contentUrl\":\"https:\\\/\\\/www.veltec.eu\\\/wp-content\\\/uploads\\\/2021\\\/12\\\/Veltec-log-groot-e1537260889125.png\",\"width\":200,\"height\":60,\"caption\":\"Veltec Kirby Specialist\"},\"image\":{\"@id\":\"https:\\\/\\\/www.veltec.eu\\\/en\\\/#\\\/schema\\\/logo\\\/image\\\/\"},\"sameAs\":[\"https:\\\/\\\/www.facebook.com\\\/Veltec-Kirby-Specialist-236746293374877\\\/\",\"https:\\\/\\\/www.youtube.com\\\/user\\\/VeltecService\"]}]}<\/script>\n<!-- \/ Yoast SEO Premium plugin. -->","yoast_head_json":{"title":"Asciutto & Umido 2000 - Veltec Kirby specialist","description":"Asciutto & Umido 2000 - Veltec \u00e8 fornitore di aspirapolvere Kirby da oltre 25 anni. Ed \u00e8 il vostro specialista di fiducia per l'assistenza Kirby.","robots":{"index":"index","follow":"follow","max-snippet":"max-snippet:-1","max-image-preview":"max-image-preview:large","max-video-preview":"max-video-preview:-1"},"canonical":"https:\/\/www.veltec.eu\/it\/product\/asciutto-umido-2000\/","og_locale":"it_IT","og_type":"article","og_title":"Asciutto & Umido 2000","og_description":"Asciutto &amp; Umido 2000 - Aspirapolvere di solidi e liquidi a batteria con motore digitale senza spazzole Digital Brushless, potenza massima da 200 W e grande potere di aspirazione fino a 18 kPa. Serbatoio fino a 20 l di capacit\u00e0. Grande autonomia fino a 45 minuti. In magazzino  I tempi di consegna sono compresi tra 5 e 10 giorni lavorativi  2 anni di garanzia  &nbsp;","og_url":"https:\/\/www.veltec.eu\/it\/product\/asciutto-umido-2000\/","og_site_name":"Veltec Kirby specialist","article_publisher":"https:\/\/www.facebook.com\/Veltec-Kirby-Specialist-236746293374877\/","article_modified_time":"2025-06-12T09:44:40+00:00","og_image":[{"width":640,"height":640,"url":"https:\/\/www.veltec.eu\/wp-content\/uploads\/2024\/07\/conga-rockstar-2000-wetdry-liberty_1.png","type":"image\/png"}],"twitter_card":"summary_large_image","twitter_misc":{"Tempo di lettura stimato":"2 minuti"},"schema":{"@context":"https:\/\/schema.org","@graph":[{"@type":"WebPage","@id":"https:\/\/www.veltec.eu\/it\/product\/asciutto-umido-2000\/","url":"https:\/\/www.veltec.eu\/it\/product\/asciutto-umido-2000\/","name":"Asciutto & Umido 2000 - Veltec Kirby specialist","isPartOf":{"@id":"https:\/\/www.veltec.eu\/en\/#website"},"primaryImageOfPage":{"@id":"https:\/\/www.veltec.eu\/it\/product\/asciutto-umido-2000\/#primaryimage"},"image":{"@id":"https:\/\/www.veltec.eu\/it\/product\/asciutto-umido-2000\/#primaryimage"},"thumbnailUrl":"https:\/\/www.veltec.eu\/wp-content\/uploads\/2024\/07\/conga-rockstar-2000-wetdry-liberty_1.png","datePublished":"2024-07-23T12:36:56+00:00","dateModified":"2025-06-12T09:44:40+00:00","description":"Asciutto & Umido 2000 - Veltec \u00e8 fornitore di aspirapolvere Kirby da oltre 25 anni. Ed \u00e8 il vostro specialista di fiducia per l'assistenza Kirby.","breadcrumb":{"@id":"https:\/\/www.veltec.eu\/it\/product\/asciutto-umido-2000\/#breadcrumb"},"inLanguage":"it-IT","potentialAction":[{"@type":"ReadAction","target":["https:\/\/www.veltec.eu\/it\/product\/asciutto-umido-2000\/"]}]},{"@type":"ImageObject","inLanguage":"it-IT","@id":"https:\/\/www.veltec.eu\/it\/product\/asciutto-umido-2000\/#primaryimage","url":"https:\/\/www.veltec.eu\/wp-content\/uploads\/2024\/07\/conga-rockstar-2000-wetdry-liberty_1.png","contentUrl":"https:\/\/www.veltec.eu\/wp-content\/uploads\/2024\/07\/conga-rockstar-2000-wetdry-liberty_1.png","width":640,"height":640},{"@type":"BreadcrumbList","@id":"https:\/\/www.veltec.eu\/it\/product\/asciutto-umido-2000\/#breadcrumb","itemListElement":[{"@type":"ListItem","position":1,"name":"Home","item":"https:\/\/www.veltec.eu\/it\/la-homepage\/"},{"@type":"ListItem","position":2,"name":"Negozio Kirby","item":"https:\/\/www.veltec.eu\/it\/negozio-kirby\/"},{"@type":"ListItem","position":3,"name":"Asciutto &#038; Umido 2000"}]},{"@type":"WebSite","@id":"https:\/\/www.veltec.eu\/en\/#website","url":"https:\/\/www.veltec.eu\/en\/","name":"Veltec Kirby specialist","description":"Kirby stofzuiger producten","publisher":{"@id":"https:\/\/www.veltec.eu\/en\/#organization"},"potentialAction":[{"@type":"SearchAction","target":{"@type":"EntryPoint","urlTemplate":"https:\/\/www.veltec.eu\/en\/?s={search_term_string}"},"query-input":{"@type":"PropertyValueSpecification","valueRequired":true,"valueName":"search_term_string"}}],"inLanguage":"it-IT"},{"@type":"Organization","@id":"https:\/\/www.veltec.eu\/en\/#organization","name":"Veltec Kirby Specialist","url":"https:\/\/www.veltec.eu\/en\/","logo":{"@type":"ImageObject","inLanguage":"it-IT","@id":"https:\/\/www.veltec.eu\/en\/#\/schema\/logo\/image\/","url":"https:\/\/www.veltec.eu\/wp-content\/uploads\/2021\/12\/Veltec-log-groot-e1537260889125.png","contentUrl":"https:\/\/www.veltec.eu\/wp-content\/uploads\/2021\/12\/Veltec-log-groot-e1537260889125.png","width":200,"height":60,"caption":"Veltec Kirby Specialist"},"image":{"@id":"https:\/\/www.veltec.eu\/en\/#\/schema\/logo\/image\/"},"sameAs":["https:\/\/www.facebook.com\/Veltec-Kirby-Specialist-236746293374877\/","https:\/\/www.youtube.com\/user\/VeltecService"]}]}},"_links":{"self":[{"href":"https:\/\/www.veltec.eu\/it\/wp-json\/wp\/v2\/product\/62301","targetHints":{"allow":["GET"]}}],"collection":[{"href":"https:\/\/www.veltec.eu\/it\/wp-json\/wp\/v2\/product"}],"about":[{"href":"https:\/\/www.veltec.eu\/it\/wp-json\/wp\/v2\/types\/product"}],"replies":[{"embeddable":true,"href":"https:\/\/www.veltec.eu\/it\/wp-json\/wp\/v2\/comments?post=62301"}],"wp:featuredmedia":[{"embeddable":true,"href":"https:\/\/www.veltec.eu\/it\/wp-json\/wp\/v2\/media\/62226"}],"wp:attachment":[{"href":"https:\/\/www.veltec.eu\/it\/wp-json\/wp\/v2\/media?parent=62301"}],"wp:term":[{"taxonomy":"product_brand","embeddable":true,"href":"https:\/\/www.veltec.eu\/it\/wp-json\/wp\/v2\/product_brand?post=62301"},{"taxonomy":"product_cat","embeddable":true,"href":"https:\/\/www.veltec.eu\/it\/wp-json\/wp\/v2\/product_cat?post=62301"},{"taxonomy":"product_tag","embeddable":true,"href":"https:\/\/www.veltec.eu\/it\/wp-json\/wp\/v2\/product_tag?post=62301"}],"curies":[{"name":"wp","href":"https:\/\/api.w.org\/{rel}","templated":true}]}}