{"id":61962,"date":"2024-07-17T13:18:23","date_gmt":"2024-07-17T11:18:23","guid":{"rendered":"https:\/\/www.veltec.eu\/product\/conga-2499-advanced\/"},"modified":"2025-03-10T17:42:43","modified_gmt":"2025-03-10T15:42:43","slug":"aspirapolvere-robot-2499-avanzato","status":"publish","type":"product","link":"https:\/\/www.veltec.eu\/it\/product\/aspirapolvere-robot-2499-avanzato\/","title":{"rendered":"Aspirapolvere Robot 2499 Avanzato"},"content":{"rendered":"<div class=\"css-1vrowg6\">\n<div id=\"description\" class=\"e1pizqy33 css-1gvl2s3\">\n<h1>Aspirapolvere Robot 2499 Avanzato &#8211; Pulizia innovativa per una casa senza macchia<\/h1>\n<p>Aspirapolvere Robot 2499 Avanzato \u00e8 la scelta intelligente per una pulizia senza fatica. Questo innovativo robot aspirapolvere con base autodrenante offre un&#8217;efficiente pulizia 4 in 1: spazza, aspira, passa lo straccio e strofina allo stesso tempo. Grazie alla tecnologia iTech SmartGyro, pulisce in modo metodico ed efficace qualsiasi superficie. Con una potente potenza di aspirazione di 2100 Pa, un lungo tempo di lavoro di 160 minuti e un comodo controllo vocale e tramite app, questo aspirapolvere assicura una casa perfettamente pulita senza problemi.<\/p>\n<p><a href=\"\/nl?product_cat=aspiratori-robotici\">Trova tutti gli aspirapolvere Robot qui<\/a><\/p>\n<h2>Aspirapolvere Robot 2499 Avanzato &#8211; Tecnologia intelligente per una pulizia efficiente<\/h2>\n<h3>Navigazione giroscopica avanzata<\/h3>\n<p>La tecnologia iTech SmartGyro assicura che l&#8217;aspirapolvere robot navighi in modo efficiente e non salti i luoghi. Pianifica il percorso ottimale e pulisce a fondo ogni stanza senza girare a caso. In questo modo, nessun angolo o spigolo viene tralasciato.<\/p>\n<h3>Base autodrenante automatica<\/h3>\n<p>Il sistema Smart Clean controlla automaticamente lo svuotamento del contenitore della polvere. Il sacchetto della polvere da 3 litri cattura tutto lo sporco ed evita il contatto diretto con la polvere e gli allergeni. Grazie alla funzione BagDetect, l&#8217;aspirapolvere sa esattamente se il sacchetto \u00e8 stato posizionato correttamente e avvisa in caso contrario.<\/p>\n<hr \/>\n<h2>Pulizia potente e accurata<\/h2>\n<h3>Aspirazione a 2100 Pa per una pulizia profonda<\/h3>\n<p>Con una potenza di aspirazione di 2100 Pa, questo aspirapolvere robot rimuove senza fatica polvere, capelli e altro sporco, anche dai tappeti. La funzione Turbo Clean Carpet passa automaticamente alla modalit\u00e0 turbo per una pulizia pi\u00f9 profonda dei tappeti.<\/p>\n<h3>Sistema di pulizia multifunzione 4 in 1<\/h3>\n<p>Grazie alla spazzola multifunzione con una combinazione di setole e gomma siliconica, tutto lo sporco viene rimosso efficacemente. Due spazzole laterali ampliano il raggio d&#8217;azione dell&#8217;aspirapolvere, mentre la spazzola pulisce i pavimenti duri senza fatica.<\/p>\n<h2>Aspirapolvere robot 2499 Advanced con controllo intelligente e connettivit\u00e0<\/h2>\n<h3>Controllo tramite app e assistenti vocali<\/h3>\n<p>Il robot aspirapolvere \u00e8 facile da controllare tramite un&#8217;app mobile o comandi vocali con assistenti virtuali come Google Assistant e Alexa. Avvia o programma le pulizie, regola le impostazioni e monitora lo stato di pulizia.<\/p>\n<h3>Connettivit\u00e0 WiFi e Bluetooth per il robot aspirapolvere 2499 Advanced<\/h3>\n<p>Grazie al WiFi a 2,4 GHz e al Bluetooth, questo robot aspirapolvere offre una connessione stabile per un facile utilizzo, anche da remoto. Tramite l&#8217;app, \u00e8 possibile selezionare facilmente una delle sei modalit\u00e0 di pulizia: automatica, casuale, a spazzola, a spirale, ai bordi e manuale.<\/p>\n<h2>Funzionamento a lunga durata e funzione di ricarica automatica<\/h2>\n<h3>Fino a 160 minuti di pulizia con il robot aspirapolvere 2499 Advanced<\/h3>\n<p>Il robot aspirapolvere funziona fino a 160 minuti con la batteria piena. Quando la batteria \u00e8 scarica, torna automaticamente alla stazione di ricarica. Una volta caricato, riprende a pulire da dove aveva lasciato.<\/p>\n<h3>Tecnologia Smart Surface<\/h3>\n<p>La Surface Technology fa s\u00ec che l&#8217;aspirapolvere torni senza sforzo alla stazione di ricarica senza bloccarsi. Questo garantisce la continuit\u00e0 della pulizia e una casa sempre pulita.<\/p>\n<h2>Conclusione: la scelta migliore per una casa pulita e intelligente<\/h2>\n<p>Il robot aspirapolvere 2499 Advanced combina prestazioni potenti e tecnologia intelligente per una pulizia efficiente e accurata. Grazie alla base autodrenante, alla navigazione giroscopica e alla connettivit\u00e0 intelligente, risparmierete tempo e godrete di una casa priva di polvere senza alcuno sforzo. Rendete la vostra vita pi\u00f9 semplice e ordinate oggi stesso questo innovativo robot aspirapolvere!<\/p>\n<h4>Composizione<\/h4>\n<ul>\n<li>2 spazzole laterali<\/li>\n<li>Base autodrenante<\/li>\n<li>Sacchetto igienico da 3 L<\/li>\n<li>Spazzola autopulente<\/li>\n<li>Serbatoio misto<\/li>\n<li>Filtro ad alta efficienza<\/li>\n<li>Manuale d&#8217;uso<\/li>\n<li>Mocio<\/li>\n<li>Robot aspirapolvere<\/li>\n<\/ul>\n<\/div>\n<\/div>\n","protected":false},"excerpt":{"rendered":"<p>Aspiratore robotico avanzato con base autodrenante. Dotato di tecnologia giroscopica, pulisce ordinatamente l&#8217;intera superficie. Pulisce, aspira e spazza allo stesso tempo. Potenza di aspirazione di 2100 Pa. APP. Spazzola multifunzione. 2 spazzole laterali. Mop lavante. Rilevamento automatico del sacco. Capacit\u00e0 3 litri. 6 modalit\u00e0 di pulizia. Connettivit\u00e0 WiFi, 2,4 GhZ e Bluetooth. Compatibile con gli assistenti virtuali.<\/p>\n<h3 class=\"western\"><span style=\"color: #008000;\"><span style=\"font-family: Microsoft Sans Serif, sans-serif;\"><span style=\"font-size: large;\">In magazzino<\/span><\/span><\/span><\/h3>\n<p align=\"left\"><span style=\"color: #000000;\"><span style=\"font-family: Liberation Serif, serif;\"><span style=\"font-size: medium;\">[av_font_icon icon='ue812' font='entypo-fontello' style='' caption='' size='25px' position='left' color='#43ad66' link='' linktarget='' title_attr='' sonar_effect_effect='' sonar_effect_color='' sonar_effect_duration='1' sonar_effect_scale='' sonar_effect_opac='0.5' animation='' id='' custom_class='' template_class='' av_uid='' sc_version='1.0' admin_preview_bg=''][\/av_font_icon]<\/span><\/span><\/span><\/p>\n<p><span style=\"color: #008000;\">I tempi di consegna sono compresi tra 5 e 10 giorni lavorativi<\/span><\/p>\n<p align=\"left\"><span style=\"color: #000000;\"><span style=\"font-family: Liberation Serif, serif;\"><span style=\"font-size: medium;\">[av_font_icon icon='ue812' font='entypo-fontello' style='' caption='' size='25px' position='left' color='#43ad66' link='' linktarget='' title_attr='' sonar_effect_effect='' sonar_effect_color='' sonar_effect_duration='1' sonar_effect_scale='' sonar_effect_opac='0.5' animation='' id='' custom_class='' template_class='' av_uid='' sc_version='1.0' admin_preview_bg=''][\/av_font_icon]<\/span><\/span><\/span><\/p>\n<p><span style=\"color: #008000;\">2 anni di garanzia<\/span><\/p>\n<p>&nbsp;<\/p>\n","protected":false},"featured_media":61911,"comment_status":"open","ping_status":"closed","template":"","meta":{"_acf_changed":false},"product_brand":[],"product_cat":[26],"product_tag":[],"class_list":{"0":"post-61962","1":"product","2":"type-product","3":"status-publish","4":"has-post-thumbnail","6":"product_cat-overige-producten","8":"first","9":"outofstock","10":"taxable","11":"shipping-taxable","12":"purchasable","13":"product-type-simple"},"acf":[],"yoast_head":"<!-- This site is optimized with the Yoast SEO Premium plugin v27.1 (Yoast SEO v27.4) - https:\/\/yoast.com\/product\/yoast-seo-premium-wordpress\/ -->\n<title>Aspirapolvere Robot 2499 Avanzato - Veltec Kirby specialist<\/title>\n<meta name=\"description\" content=\"Aspirapolvere Robot 2499 Avanzato - Veltec \u00e8 fornitore di aspirapolvere Kirby da oltre 25 anni. Ed \u00e8 il tuo fidato specialista per l&#039;assistenza Kirby.\" \/>\n<meta name=\"robots\" content=\"index, follow, max-snippet:-1, max-image-preview:large, max-video-preview:-1\" \/>\n<link rel=\"canonical\" href=\"https:\/\/www.veltec.eu\/it\/product\/aspirapolvere-robot-2499-avanzato\/\" \/>\n<meta property=\"og:locale\" content=\"it_IT\" \/>\n<meta property=\"og:type\" content=\"article\" \/>\n<meta property=\"og:title\" content=\"Aspirapolvere Robot 2499 Avanzato\" \/>\n<meta property=\"og:description\" content=\"Aspiratore robotico avanzato con base autodrenante. Dotato di tecnologia giroscopica, pulisce ordinatamente l&#039;intera superficie. Pulisce, aspira e spazza allo stesso tempo. Potenza di aspirazione di 2100 Pa. APP. Spazzola multifunzione. 2 spazzole laterali. Mop lavante. Rilevamento automatico del sacco. Capacit\u00e0 3 litri. 6 modalit\u00e0 di pulizia. Connettivit\u00e0 WiFi, 2,4 GhZ e Bluetooth. Compatibile con gli assistenti virtuali. In magazzino  I tempi di consegna sono compresi tra 5 e 10 giorni lavorativi  2 anni di garanzia  &nbsp;\" \/>\n<meta property=\"og:url\" content=\"https:\/\/www.veltec.eu\/it\/product\/aspirapolvere-robot-2499-avanzato\/\" \/>\n<meta property=\"og:site_name\" content=\"Veltec Kirby specialist\" \/>\n<meta property=\"article:publisher\" content=\"https:\/\/www.facebook.com\/Veltec-Kirby-Specialist-236746293374877\/\" \/>\n<meta property=\"article:modified_time\" content=\"2025-03-10T15:42:43+00:00\" \/>\n<meta property=\"og:image\" content=\"https:\/\/www.veltec.eu\/wp-content\/uploads\/2024\/07\/conga-2499-ultra-home-advanced_e6ymo9_1.png\" \/>\n\t<meta property=\"og:image:width\" content=\"640\" \/>\n\t<meta property=\"og:image:height\" content=\"640\" \/>\n\t<meta property=\"og:image:type\" content=\"image\/png\" \/>\n<meta name=\"twitter:card\" content=\"summary_large_image\" \/>\n<meta name=\"twitter:label1\" content=\"Tempo di lettura stimato\" \/>\n\t<meta name=\"twitter:data1\" content=\"3 minuti\" \/>\n<script type=\"application\/ld+json\" class=\"yoast-schema-graph\">{\"@context\":\"https:\\\/\\\/schema.org\",\"@graph\":[{\"@type\":\"WebPage\",\"@id\":\"https:\\\/\\\/www.veltec.eu\\\/it\\\/product\\\/aspirapolvere-robot-2499-avanzato\\\/\",\"url\":\"https:\\\/\\\/www.veltec.eu\\\/it\\\/product\\\/aspirapolvere-robot-2499-avanzato\\\/\",\"name\":\"Aspirapolvere Robot 2499 Avanzato - Veltec Kirby specialist\",\"isPartOf\":{\"@id\":\"https:\\\/\\\/www.veltec.eu\\\/en\\\/#website\"},\"primaryImageOfPage\":{\"@id\":\"https:\\\/\\\/www.veltec.eu\\\/it\\\/product\\\/aspirapolvere-robot-2499-avanzato\\\/#primaryimage\"},\"image\":{\"@id\":\"https:\\\/\\\/www.veltec.eu\\\/it\\\/product\\\/aspirapolvere-robot-2499-avanzato\\\/#primaryimage\"},\"thumbnailUrl\":\"https:\\\/\\\/www.veltec.eu\\\/wp-content\\\/uploads\\\/2024\\\/07\\\/conga-2499-ultra-home-advanced_e6ymo9_1.png\",\"datePublished\":\"2024-07-17T11:18:23+00:00\",\"dateModified\":\"2025-03-10T15:42:43+00:00\",\"description\":\"Aspirapolvere Robot 2499 Avanzato - Veltec \u00e8 fornitore di aspirapolvere Kirby da oltre 25 anni. Ed \u00e8 il tuo fidato specialista per l'assistenza Kirby.\",\"breadcrumb\":{\"@id\":\"https:\\\/\\\/www.veltec.eu\\\/it\\\/product\\\/aspirapolvere-robot-2499-avanzato\\\/#breadcrumb\"},\"inLanguage\":\"it-IT\",\"potentialAction\":[{\"@type\":\"ReadAction\",\"target\":[\"https:\\\/\\\/www.veltec.eu\\\/it\\\/product\\\/aspirapolvere-robot-2499-avanzato\\\/\"]}]},{\"@type\":\"ImageObject\",\"inLanguage\":\"it-IT\",\"@id\":\"https:\\\/\\\/www.veltec.eu\\\/it\\\/product\\\/aspirapolvere-robot-2499-avanzato\\\/#primaryimage\",\"url\":\"https:\\\/\\\/www.veltec.eu\\\/wp-content\\\/uploads\\\/2024\\\/07\\\/conga-2499-ultra-home-advanced_e6ymo9_1.png\",\"contentUrl\":\"https:\\\/\\\/www.veltec.eu\\\/wp-content\\\/uploads\\\/2024\\\/07\\\/conga-2499-ultra-home-advanced_e6ymo9_1.png\",\"width\":640,\"height\":640},{\"@type\":\"BreadcrumbList\",\"@id\":\"https:\\\/\\\/www.veltec.eu\\\/it\\\/product\\\/aspirapolvere-robot-2499-avanzato\\\/#breadcrumb\",\"itemListElement\":[{\"@type\":\"ListItem\",\"position\":1,\"name\":\"Home\",\"item\":\"https:\\\/\\\/www.veltec.eu\\\/it\\\/la-homepage\\\/\"},{\"@type\":\"ListItem\",\"position\":2,\"name\":\"Negozio Kirby\",\"item\":\"https:\\\/\\\/www.veltec.eu\\\/it\\\/negozio-kirby\\\/\"},{\"@type\":\"ListItem\",\"position\":3,\"name\":\"Aspirapolvere Robot 2499 Avanzato\"}]},{\"@type\":\"WebSite\",\"@id\":\"https:\\\/\\\/www.veltec.eu\\\/en\\\/#website\",\"url\":\"https:\\\/\\\/www.veltec.eu\\\/en\\\/\",\"name\":\"Veltec Kirby specialist\",\"description\":\"Kirby stofzuiger producten\",\"publisher\":{\"@id\":\"https:\\\/\\\/www.veltec.eu\\\/en\\\/#organization\"},\"potentialAction\":[{\"@type\":\"SearchAction\",\"target\":{\"@type\":\"EntryPoint\",\"urlTemplate\":\"https:\\\/\\\/www.veltec.eu\\\/en\\\/?s={search_term_string}\"},\"query-input\":{\"@type\":\"PropertyValueSpecification\",\"valueRequired\":true,\"valueName\":\"search_term_string\"}}],\"inLanguage\":\"it-IT\"},{\"@type\":\"Organization\",\"@id\":\"https:\\\/\\\/www.veltec.eu\\\/en\\\/#organization\",\"name\":\"Veltec Kirby Specialist\",\"url\":\"https:\\\/\\\/www.veltec.eu\\\/en\\\/\",\"logo\":{\"@type\":\"ImageObject\",\"inLanguage\":\"it-IT\",\"@id\":\"https:\\\/\\\/www.veltec.eu\\\/en\\\/#\\\/schema\\\/logo\\\/image\\\/\",\"url\":\"https:\\\/\\\/www.veltec.eu\\\/wp-content\\\/uploads\\\/2021\\\/12\\\/Veltec-log-groot-e1537260889125.png\",\"contentUrl\":\"https:\\\/\\\/www.veltec.eu\\\/wp-content\\\/uploads\\\/2021\\\/12\\\/Veltec-log-groot-e1537260889125.png\",\"width\":200,\"height\":60,\"caption\":\"Veltec Kirby Specialist\"},\"image\":{\"@id\":\"https:\\\/\\\/www.veltec.eu\\\/en\\\/#\\\/schema\\\/logo\\\/image\\\/\"},\"sameAs\":[\"https:\\\/\\\/www.facebook.com\\\/Veltec-Kirby-Specialist-236746293374877\\\/\",\"https:\\\/\\\/www.youtube.com\\\/user\\\/VeltecService\"]}]}<\/script>\n<!-- \/ Yoast SEO Premium plugin. -->","yoast_head_json":{"title":"Aspirapolvere Robot 2499 Avanzato - Veltec Kirby specialist","description":"Aspirapolvere Robot 2499 Avanzato - Veltec \u00e8 fornitore di aspirapolvere Kirby da oltre 25 anni. Ed \u00e8 il tuo fidato specialista per l'assistenza Kirby.","robots":{"index":"index","follow":"follow","max-snippet":"max-snippet:-1","max-image-preview":"max-image-preview:large","max-video-preview":"max-video-preview:-1"},"canonical":"https:\/\/www.veltec.eu\/it\/product\/aspirapolvere-robot-2499-avanzato\/","og_locale":"it_IT","og_type":"article","og_title":"Aspirapolvere Robot 2499 Avanzato","og_description":"Aspiratore robotico avanzato con base autodrenante. Dotato di tecnologia giroscopica, pulisce ordinatamente l'intera superficie. Pulisce, aspira e spazza allo stesso tempo. Potenza di aspirazione di 2100 Pa. APP. Spazzola multifunzione. 2 spazzole laterali. Mop lavante. Rilevamento automatico del sacco. Capacit\u00e0 3 litri. 6 modalit\u00e0 di pulizia. Connettivit\u00e0 WiFi, 2,4 GhZ e Bluetooth. Compatibile con gli assistenti virtuali. In magazzino  I tempi di consegna sono compresi tra 5 e 10 giorni lavorativi  2 anni di garanzia  &nbsp;","og_url":"https:\/\/www.veltec.eu\/it\/product\/aspirapolvere-robot-2499-avanzato\/","og_site_name":"Veltec Kirby specialist","article_publisher":"https:\/\/www.facebook.com\/Veltec-Kirby-Specialist-236746293374877\/","article_modified_time":"2025-03-10T15:42:43+00:00","og_image":[{"width":640,"height":640,"url":"https:\/\/www.veltec.eu\/wp-content\/uploads\/2024\/07\/conga-2499-ultra-home-advanced_e6ymo9_1.png","type":"image\/png"}],"twitter_card":"summary_large_image","twitter_misc":{"Tempo di lettura stimato":"3 minuti"},"schema":{"@context":"https:\/\/schema.org","@graph":[{"@type":"WebPage","@id":"https:\/\/www.veltec.eu\/it\/product\/aspirapolvere-robot-2499-avanzato\/","url":"https:\/\/www.veltec.eu\/it\/product\/aspirapolvere-robot-2499-avanzato\/","name":"Aspirapolvere Robot 2499 Avanzato - Veltec Kirby specialist","isPartOf":{"@id":"https:\/\/www.veltec.eu\/en\/#website"},"primaryImageOfPage":{"@id":"https:\/\/www.veltec.eu\/it\/product\/aspirapolvere-robot-2499-avanzato\/#primaryimage"},"image":{"@id":"https:\/\/www.veltec.eu\/it\/product\/aspirapolvere-robot-2499-avanzato\/#primaryimage"},"thumbnailUrl":"https:\/\/www.veltec.eu\/wp-content\/uploads\/2024\/07\/conga-2499-ultra-home-advanced_e6ymo9_1.png","datePublished":"2024-07-17T11:18:23+00:00","dateModified":"2025-03-10T15:42:43+00:00","description":"Aspirapolvere Robot 2499 Avanzato - Veltec \u00e8 fornitore di aspirapolvere Kirby da oltre 25 anni. Ed \u00e8 il tuo fidato specialista per l'assistenza Kirby.","breadcrumb":{"@id":"https:\/\/www.veltec.eu\/it\/product\/aspirapolvere-robot-2499-avanzato\/#breadcrumb"},"inLanguage":"it-IT","potentialAction":[{"@type":"ReadAction","target":["https:\/\/www.veltec.eu\/it\/product\/aspirapolvere-robot-2499-avanzato\/"]}]},{"@type":"ImageObject","inLanguage":"it-IT","@id":"https:\/\/www.veltec.eu\/it\/product\/aspirapolvere-robot-2499-avanzato\/#primaryimage","url":"https:\/\/www.veltec.eu\/wp-content\/uploads\/2024\/07\/conga-2499-ultra-home-advanced_e6ymo9_1.png","contentUrl":"https:\/\/www.veltec.eu\/wp-content\/uploads\/2024\/07\/conga-2499-ultra-home-advanced_e6ymo9_1.png","width":640,"height":640},{"@type":"BreadcrumbList","@id":"https:\/\/www.veltec.eu\/it\/product\/aspirapolvere-robot-2499-avanzato\/#breadcrumb","itemListElement":[{"@type":"ListItem","position":1,"name":"Home","item":"https:\/\/www.veltec.eu\/it\/la-homepage\/"},{"@type":"ListItem","position":2,"name":"Negozio Kirby","item":"https:\/\/www.veltec.eu\/it\/negozio-kirby\/"},{"@type":"ListItem","position":3,"name":"Aspirapolvere Robot 2499 Avanzato"}]},{"@type":"WebSite","@id":"https:\/\/www.veltec.eu\/en\/#website","url":"https:\/\/www.veltec.eu\/en\/","name":"Veltec Kirby specialist","description":"Kirby stofzuiger producten","publisher":{"@id":"https:\/\/www.veltec.eu\/en\/#organization"},"potentialAction":[{"@type":"SearchAction","target":{"@type":"EntryPoint","urlTemplate":"https:\/\/www.veltec.eu\/en\/?s={search_term_string}"},"query-input":{"@type":"PropertyValueSpecification","valueRequired":true,"valueName":"search_term_string"}}],"inLanguage":"it-IT"},{"@type":"Organization","@id":"https:\/\/www.veltec.eu\/en\/#organization","name":"Veltec Kirby Specialist","url":"https:\/\/www.veltec.eu\/en\/","logo":{"@type":"ImageObject","inLanguage":"it-IT","@id":"https:\/\/www.veltec.eu\/en\/#\/schema\/logo\/image\/","url":"https:\/\/www.veltec.eu\/wp-content\/uploads\/2021\/12\/Veltec-log-groot-e1537260889125.png","contentUrl":"https:\/\/www.veltec.eu\/wp-content\/uploads\/2021\/12\/Veltec-log-groot-e1537260889125.png","width":200,"height":60,"caption":"Veltec Kirby Specialist"},"image":{"@id":"https:\/\/www.veltec.eu\/en\/#\/schema\/logo\/image\/"},"sameAs":["https:\/\/www.facebook.com\/Veltec-Kirby-Specialist-236746293374877\/","https:\/\/www.youtube.com\/user\/VeltecService"]}]}},"_links":{"self":[{"href":"https:\/\/www.veltec.eu\/it\/wp-json\/wp\/v2\/product\/61962","targetHints":{"allow":["GET"]}}],"collection":[{"href":"https:\/\/www.veltec.eu\/it\/wp-json\/wp\/v2\/product"}],"about":[{"href":"https:\/\/www.veltec.eu\/it\/wp-json\/wp\/v2\/types\/product"}],"replies":[{"embeddable":true,"href":"https:\/\/www.veltec.eu\/it\/wp-json\/wp\/v2\/comments?post=61962"}],"wp:featuredmedia":[{"embeddable":true,"href":"https:\/\/www.veltec.eu\/it\/wp-json\/wp\/v2\/media\/61911"}],"wp:attachment":[{"href":"https:\/\/www.veltec.eu\/it\/wp-json\/wp\/v2\/media?parent=61962"}],"wp:term":[{"taxonomy":"product_brand","embeddable":true,"href":"https:\/\/www.veltec.eu\/it\/wp-json\/wp\/v2\/product_brand?post=61962"},{"taxonomy":"product_cat","embeddable":true,"href":"https:\/\/www.veltec.eu\/it\/wp-json\/wp\/v2\/product_cat?post=61962"},{"taxonomy":"product_tag","embeddable":true,"href":"https:\/\/www.veltec.eu\/it\/wp-json\/wp\/v2\/product_tag?post=61962"}],"curies":[{"name":"wp","href":"https:\/\/api.w.org\/{rel}","templated":true}]}}