{"id":61799,"date":"2024-07-17T10:02:32","date_gmt":"2024-07-17T08:02:32","guid":{"rendered":"https:\/\/www.veltec.eu\/product\/conga-8290-x-treme\/"},"modified":"2025-01-23T17:13:44","modified_gmt":"2025-01-23T15:13:44","slug":"conga-8290-x-treme","status":"publish","type":"product","link":"https:\/\/www.veltec.eu\/it\/product\/conga-8290-x-treme\/","title":{"rendered":"Conga 8290  X-Treme"},"content":{"rendered":"<div id=\"technical-details\" class=\"css-0 egxb0x40\">\n<div class=\"css-1vrowg6\">\n<div id=\"description\" class=\"e1pizqy33 css-1gvl2s3\"><\/div>\n<\/div>\n<\/div>\n<div id=\"technical-details\" class=\"css-0 egxb0x40\">\n<div class=\"css-1vrowg6\">\n<div id=\"composition\" class=\"e1hv9n5v2 css-ldw7pi\">\n<div class=\"css-1azcdyx e1hv9n5v1\">\n<div class=\"css-1vrowg6\">\n<div id=\"description\" class=\"e1pizqy33 css-1gvl2s3\">\n<p><strong><span class=\"e1pizqy31 css-hga4sk\">Descrizione del prodotto<\/span><\/strong><\/p>\n<div class=\"css-k1moeq e1pizqy32\">\n<ul>\n<li>Navigazione laser: mappa la casa per una pulizia accurata di tutte le stanze desiderate in un tempo minimo.<\/li>\n<li>Autonomia: il robot \u00e8 dotato di una batteria da 5200 mAh che offre oltre 280 minuti di autonomia per coprire pi\u00f9 di 280 m2.<\/li>\n<li>10 modalit\u00e0: scegliete quella pi\u00f9 adatta a ogni momento e godetevi la pulizia personalizzata nel modo pi\u00f9 confortevole.<\/li>\n<li>Movimento di lavaggio avanti e indietro: il robot pulisce intensamente con un controllo elettronico del dosaggio dell&#8217;acqua per evitare che il pavimento brilli.<\/li>\n<li>Sacchetto da 3 litri: sostituisce il sacchetto solo 4 volte l&#8217;anno e si gode di una casa pulita ogni giorno. Inoltre, \u00e8 dotato di un sistema di rilevamento di sicurezza del sacco che impedisce lo svuotamento se la base non \u00e8 dotata di sacco.<\/li>\n<li>Controllo tramite app: consente di controllare la pulizia da qualsiasi luogo, anche con assistenti vocali virtuali.<\/li>\n<li>Area totale: se la batteria del robot si esaurisce, torna automaticamente alla stazione di ricarica e riprende a pulire per completare la pulizia programmata.<\/li>\n<li>Aree riservate: nell&#8217;app, selezionate le parti della casa che non volete che il robot pulisca e dimenticate le vostre preoccupazioni.<\/li>\n<li>Piano delle stanze: consente di definire, pianificare e programmare la pulizia dell&#8217;intera casa o di stanze specifiche grazie alla mappa generata.<\/li>\n<li>Motore di aspirazione: 7000 Pa, per cui il robot non lascia nulla da aspirare.<\/li>\n<\/ul>\n<\/div>\n<\/div>\n<\/div>\n<div class=\"css-1vrowg6\">\n<div><\/div>\n<div id=\"composition\" class=\"e1hv9n5v2 css-ldw7pi\">\n<p>&nbsp;<\/p>\n<div id=\"technical-details\" class=\"css-0 egxb0x40\">\n<div class=\"css-1vrowg6\">\n<div id=\"composition\" class=\"e1hv9n5v2 css-ldw7pi\">\n<p><strong><span class=\"e1hv9n5v0 css-hga4sk\">Composizione<\/span><\/strong><\/p>\n<div class=\"css-1azcdyx e1hv9n5v1\">\n<ul>\n<li>1 spazzola laterale<\/li>\n<li>Base autopulente<\/li>\n<li>Sacchetto igienico da 3 litri<\/li>\n<li>Spazzola autopulente<\/li>\n<li>Spazzola multiuso<\/li>\n<li>Deposito misto<\/li>\n<li>Filtro ad alta efficienza<\/li>\n<li>Manuale<\/li>\n<li>Lavasciuga pavimenti<\/li>\n<li>Robot Hoover<\/li>\n<li>Conga 8290 X-Treme<\/li>\n<\/ul>\n<\/div>\n<\/div>\n<\/div>\n<\/div>\n<\/div>\n<\/div>\n<p>&nbsp;<\/p>\n<\/div>\n<\/div>\n<\/div>\n<\/div>\n","protected":false},"excerpt":{"rendered":"<p>Robot aspirapolvere con navigazione laser e base autosvuotante. Sacco da 3 litri. 4 in 1: spazza, aspira, strofina e lava. 7000 Pa. 280 minuti di autonomia. 2 spazzole abrasive. 1 spazzola laterale 3 livelli di aspirazione e potenza di lavaggio. APP CECOTEC e assistenti virtuali.<\/p>\n<h3 class=\"western\"><span style=\"color: #008000;\"><span style=\"font-family: Microsoft Sans Serif, sans-serif;\"><span style=\"font-size: large;\">In magazzino<\/span><\/span><\/span><\/h3>\n<p align=\"left\"><span style=\"color: #000000;\"><span style=\"font-family: Liberation Serif, serif;\"><span style=\"font-size: medium;\">[av_font_icon icon='ue812' font='entypo-fontello' style='' caption='' size='25px' position='left' color='#43ad66' link='' linktarget='' title_attr='' sonar_effect_effect='' sonar_effect_color='' sonar_effect_duration='1' sonar_effect_scale='' sonar_effect_opac='0.5' animation='' id='' custom_class='' template_class='' av_uid='' sc_version='1.0' admin_preview_bg=''][\/av_font_icon]<\/span><\/span><\/span><\/p>\n<p><span style=\"color: #008000;\">I tempi di consegna sono compresi tra 5 e 10 giorni lavorativi<\/span><\/p>\n<p align=\"left\"><span style=\"color: #000000;\"><span style=\"font-family: Liberation Serif, serif;\"><span style=\"font-size: medium;\">[av_font_icon icon='ue812' font='entypo-fontello' style='' caption='' size='25px' position='left' color='#43ad66' link='' linktarget='' title_attr='' sonar_effect_effect='' sonar_effect_color='' sonar_effect_duration='1' sonar_effect_scale='' sonar_effect_opac='0.5' animation='' id='' custom_class='' template_class='' av_uid='' sc_version='1.0' admin_preview_bg=''][\/av_font_icon]<\/span><\/span><\/span><\/p>\n<p><span style=\"color: #008000;\">2 anni di garanzia<\/span><\/p>\n<p>&nbsp;<\/p>\n","protected":false},"featured_media":61778,"comment_status":"open","ping_status":"closed","template":"","meta":{"_acf_changed":false},"product_brand":[],"product_cat":[26],"product_tag":[],"class_list":{"0":"post-61799","1":"product","2":"type-product","3":"status-publish","4":"has-post-thumbnail","6":"product_cat-overige-producten","8":"first","9":"outofstock","10":"taxable","11":"shipping-taxable","12":"purchasable","13":"product-type-simple"},"acf":[],"yoast_head":"<!-- This site is optimized with the Yoast SEO Premium plugin v27.1 (Yoast SEO v27.4) - https:\/\/yoast.com\/product\/yoast-seo-premium-wordpress\/ -->\n<title>Conga 8290 X-Treme - Veltec Kirby specialist<\/title>\n<meta name=\"description\" content=\"Conga 8290 X-Treme - Robot aspirapolvere laser con fondo autosvuotante e pulizia del pavimento. Veltec \u00e8 lo specialista dei robot aspirapolvere.\" \/>\n<meta name=\"robots\" content=\"index, follow, max-snippet:-1, max-image-preview:large, max-video-preview:-1\" \/>\n<link rel=\"canonical\" href=\"https:\/\/www.veltec.eu\/it\/product\/conga-8290-x-treme\/\" \/>\n<meta property=\"og:locale\" content=\"it_IT\" \/>\n<meta property=\"og:type\" content=\"article\" \/>\n<meta property=\"og:title\" content=\"Conga 8290 X-Treme\" \/>\n<meta property=\"og:description\" content=\"Robot aspirapolvere con navigazione laser e base autosvuotante. Sacco da 3 litri. 4 in 1: spazza, aspira, strofina e lava. 7000 Pa. 280 minuti di autonomia. 2 spazzole abrasive. 1 spazzola laterale 3 livelli di aspirazione e potenza di lavaggio. APP CECOTEC e assistenti virtuali. In magazzino  I tempi di consegna sono compresi tra 5 e 10 giorni lavorativi  2 anni di garanzia  &nbsp;\" \/>\n<meta property=\"og:url\" content=\"https:\/\/www.veltec.eu\/it\/product\/conga-8290-x-treme\/\" \/>\n<meta property=\"og:site_name\" content=\"Veltec Kirby specialist\" \/>\n<meta property=\"article:publisher\" content=\"https:\/\/www.facebook.com\/Veltec-Kirby-Specialist-236746293374877\/\" \/>\n<meta property=\"article:modified_time\" content=\"2025-01-23T15:13:44+00:00\" \/>\n<meta property=\"og:image\" content=\"https:\/\/www.veltec.eu\/wp-content\/uploads\/2024\/07\/conga-8290-immortal-ultra-power-home-x-treme_rc3m5j_1.png\" \/>\n\t<meta property=\"og:image:width\" content=\"640\" \/>\n\t<meta property=\"og:image:height\" content=\"640\" \/>\n\t<meta property=\"og:image:type\" content=\"image\/png\" \/>\n<meta name=\"twitter:card\" content=\"summary_large_image\" \/>\n<meta name=\"twitter:label1\" content=\"Tempo di lettura stimato\" \/>\n\t<meta name=\"twitter:data1\" content=\"2 minuti\" \/>\n<script type=\"application\/ld+json\" class=\"yoast-schema-graph\">{\"@context\":\"https:\\\/\\\/schema.org\",\"@graph\":[{\"@type\":\"WebPage\",\"@id\":\"https:\\\/\\\/www.veltec.eu\\\/it\\\/product\\\/conga-8290-x-treme\\\/\",\"url\":\"https:\\\/\\\/www.veltec.eu\\\/it\\\/product\\\/conga-8290-x-treme\\\/\",\"name\":\"Conga 8290 X-Treme - Veltec Kirby specialist\",\"isPartOf\":{\"@id\":\"https:\\\/\\\/www.veltec.eu\\\/en\\\/#website\"},\"primaryImageOfPage\":{\"@id\":\"https:\\\/\\\/www.veltec.eu\\\/it\\\/product\\\/conga-8290-x-treme\\\/#primaryimage\"},\"image\":{\"@id\":\"https:\\\/\\\/www.veltec.eu\\\/it\\\/product\\\/conga-8290-x-treme\\\/#primaryimage\"},\"thumbnailUrl\":\"https:\\\/\\\/www.veltec.eu\\\/wp-content\\\/uploads\\\/2024\\\/07\\\/conga-8290-immortal-ultra-power-home-x-treme_rc3m5j_1.png\",\"datePublished\":\"2024-07-17T08:02:32+00:00\",\"dateModified\":\"2025-01-23T15:13:44+00:00\",\"description\":\"Conga 8290 X-Treme - Robot aspirapolvere laser con fondo autosvuotante e pulizia del pavimento. Veltec \u00e8 lo specialista dei robot aspirapolvere.\",\"breadcrumb\":{\"@id\":\"https:\\\/\\\/www.veltec.eu\\\/it\\\/product\\\/conga-8290-x-treme\\\/#breadcrumb\"},\"inLanguage\":\"it-IT\",\"potentialAction\":[{\"@type\":\"ReadAction\",\"target\":[\"https:\\\/\\\/www.veltec.eu\\\/it\\\/product\\\/conga-8290-x-treme\\\/\"]}]},{\"@type\":\"ImageObject\",\"inLanguage\":\"it-IT\",\"@id\":\"https:\\\/\\\/www.veltec.eu\\\/it\\\/product\\\/conga-8290-x-treme\\\/#primaryimage\",\"url\":\"https:\\\/\\\/www.veltec.eu\\\/wp-content\\\/uploads\\\/2024\\\/07\\\/conga-8290-immortal-ultra-power-home-x-treme_rc3m5j_1.png\",\"contentUrl\":\"https:\\\/\\\/www.veltec.eu\\\/wp-content\\\/uploads\\\/2024\\\/07\\\/conga-8290-immortal-ultra-power-home-x-treme_rc3m5j_1.png\",\"width\":640,\"height\":640},{\"@type\":\"BreadcrumbList\",\"@id\":\"https:\\\/\\\/www.veltec.eu\\\/it\\\/product\\\/conga-8290-x-treme\\\/#breadcrumb\",\"itemListElement\":[{\"@type\":\"ListItem\",\"position\":1,\"name\":\"Home\",\"item\":\"https:\\\/\\\/www.veltec.eu\\\/it\\\/la-homepage\\\/\"},{\"@type\":\"ListItem\",\"position\":2,\"name\":\"Negozio Kirby\",\"item\":\"https:\\\/\\\/www.veltec.eu\\\/it\\\/negozio-kirby\\\/\"},{\"@type\":\"ListItem\",\"position\":3,\"name\":\"Conga 8290 X-Treme\"}]},{\"@type\":\"WebSite\",\"@id\":\"https:\\\/\\\/www.veltec.eu\\\/en\\\/#website\",\"url\":\"https:\\\/\\\/www.veltec.eu\\\/en\\\/\",\"name\":\"Veltec Kirby specialist\",\"description\":\"Kirby stofzuiger producten\",\"publisher\":{\"@id\":\"https:\\\/\\\/www.veltec.eu\\\/en\\\/#organization\"},\"potentialAction\":[{\"@type\":\"SearchAction\",\"target\":{\"@type\":\"EntryPoint\",\"urlTemplate\":\"https:\\\/\\\/www.veltec.eu\\\/en\\\/?s={search_term_string}\"},\"query-input\":{\"@type\":\"PropertyValueSpecification\",\"valueRequired\":true,\"valueName\":\"search_term_string\"}}],\"inLanguage\":\"it-IT\"},{\"@type\":\"Organization\",\"@id\":\"https:\\\/\\\/www.veltec.eu\\\/en\\\/#organization\",\"name\":\"Veltec Kirby Specialist\",\"url\":\"https:\\\/\\\/www.veltec.eu\\\/en\\\/\",\"logo\":{\"@type\":\"ImageObject\",\"inLanguage\":\"it-IT\",\"@id\":\"https:\\\/\\\/www.veltec.eu\\\/en\\\/#\\\/schema\\\/logo\\\/image\\\/\",\"url\":\"https:\\\/\\\/www.veltec.eu\\\/wp-content\\\/uploads\\\/2021\\\/12\\\/Veltec-log-groot-e1537260889125.png\",\"contentUrl\":\"https:\\\/\\\/www.veltec.eu\\\/wp-content\\\/uploads\\\/2021\\\/12\\\/Veltec-log-groot-e1537260889125.png\",\"width\":200,\"height\":60,\"caption\":\"Veltec Kirby Specialist\"},\"image\":{\"@id\":\"https:\\\/\\\/www.veltec.eu\\\/en\\\/#\\\/schema\\\/logo\\\/image\\\/\"},\"sameAs\":[\"https:\\\/\\\/www.facebook.com\\\/Veltec-Kirby-Specialist-236746293374877\\\/\",\"https:\\\/\\\/www.youtube.com\\\/user\\\/VeltecService\"]}]}<\/script>\n<!-- \/ Yoast SEO Premium plugin. -->","yoast_head_json":{"title":"Conga 8290 X-Treme - Veltec Kirby specialist","description":"Conga 8290 X-Treme - Robot aspirapolvere laser con fondo autosvuotante e pulizia del pavimento. Veltec \u00e8 lo specialista dei robot aspirapolvere.","robots":{"index":"index","follow":"follow","max-snippet":"max-snippet:-1","max-image-preview":"max-image-preview:large","max-video-preview":"max-video-preview:-1"},"canonical":"https:\/\/www.veltec.eu\/it\/product\/conga-8290-x-treme\/","og_locale":"it_IT","og_type":"article","og_title":"Conga 8290 X-Treme","og_description":"Robot aspirapolvere con navigazione laser e base autosvuotante. Sacco da 3 litri. 4 in 1: spazza, aspira, strofina e lava. 7000 Pa. 280 minuti di autonomia. 2 spazzole abrasive. 1 spazzola laterale 3 livelli di aspirazione e potenza di lavaggio. APP CECOTEC e assistenti virtuali. In magazzino  I tempi di consegna sono compresi tra 5 e 10 giorni lavorativi  2 anni di garanzia  &nbsp;","og_url":"https:\/\/www.veltec.eu\/it\/product\/conga-8290-x-treme\/","og_site_name":"Veltec Kirby specialist","article_publisher":"https:\/\/www.facebook.com\/Veltec-Kirby-Specialist-236746293374877\/","article_modified_time":"2025-01-23T15:13:44+00:00","og_image":[{"width":640,"height":640,"url":"https:\/\/www.veltec.eu\/wp-content\/uploads\/2024\/07\/conga-8290-immortal-ultra-power-home-x-treme_rc3m5j_1.png","type":"image\/png"}],"twitter_card":"summary_large_image","twitter_misc":{"Tempo di lettura stimato":"2 minuti"},"schema":{"@context":"https:\/\/schema.org","@graph":[{"@type":"WebPage","@id":"https:\/\/www.veltec.eu\/it\/product\/conga-8290-x-treme\/","url":"https:\/\/www.veltec.eu\/it\/product\/conga-8290-x-treme\/","name":"Conga 8290 X-Treme - Veltec Kirby specialist","isPartOf":{"@id":"https:\/\/www.veltec.eu\/en\/#website"},"primaryImageOfPage":{"@id":"https:\/\/www.veltec.eu\/it\/product\/conga-8290-x-treme\/#primaryimage"},"image":{"@id":"https:\/\/www.veltec.eu\/it\/product\/conga-8290-x-treme\/#primaryimage"},"thumbnailUrl":"https:\/\/www.veltec.eu\/wp-content\/uploads\/2024\/07\/conga-8290-immortal-ultra-power-home-x-treme_rc3m5j_1.png","datePublished":"2024-07-17T08:02:32+00:00","dateModified":"2025-01-23T15:13:44+00:00","description":"Conga 8290 X-Treme - Robot aspirapolvere laser con fondo autosvuotante e pulizia del pavimento. Veltec \u00e8 lo specialista dei robot aspirapolvere.","breadcrumb":{"@id":"https:\/\/www.veltec.eu\/it\/product\/conga-8290-x-treme\/#breadcrumb"},"inLanguage":"it-IT","potentialAction":[{"@type":"ReadAction","target":["https:\/\/www.veltec.eu\/it\/product\/conga-8290-x-treme\/"]}]},{"@type":"ImageObject","inLanguage":"it-IT","@id":"https:\/\/www.veltec.eu\/it\/product\/conga-8290-x-treme\/#primaryimage","url":"https:\/\/www.veltec.eu\/wp-content\/uploads\/2024\/07\/conga-8290-immortal-ultra-power-home-x-treme_rc3m5j_1.png","contentUrl":"https:\/\/www.veltec.eu\/wp-content\/uploads\/2024\/07\/conga-8290-immortal-ultra-power-home-x-treme_rc3m5j_1.png","width":640,"height":640},{"@type":"BreadcrumbList","@id":"https:\/\/www.veltec.eu\/it\/product\/conga-8290-x-treme\/#breadcrumb","itemListElement":[{"@type":"ListItem","position":1,"name":"Home","item":"https:\/\/www.veltec.eu\/it\/la-homepage\/"},{"@type":"ListItem","position":2,"name":"Negozio Kirby","item":"https:\/\/www.veltec.eu\/it\/negozio-kirby\/"},{"@type":"ListItem","position":3,"name":"Conga 8290 X-Treme"}]},{"@type":"WebSite","@id":"https:\/\/www.veltec.eu\/en\/#website","url":"https:\/\/www.veltec.eu\/en\/","name":"Veltec Kirby specialist","description":"Kirby stofzuiger producten","publisher":{"@id":"https:\/\/www.veltec.eu\/en\/#organization"},"potentialAction":[{"@type":"SearchAction","target":{"@type":"EntryPoint","urlTemplate":"https:\/\/www.veltec.eu\/en\/?s={search_term_string}"},"query-input":{"@type":"PropertyValueSpecification","valueRequired":true,"valueName":"search_term_string"}}],"inLanguage":"it-IT"},{"@type":"Organization","@id":"https:\/\/www.veltec.eu\/en\/#organization","name":"Veltec Kirby Specialist","url":"https:\/\/www.veltec.eu\/en\/","logo":{"@type":"ImageObject","inLanguage":"it-IT","@id":"https:\/\/www.veltec.eu\/en\/#\/schema\/logo\/image\/","url":"https:\/\/www.veltec.eu\/wp-content\/uploads\/2021\/12\/Veltec-log-groot-e1537260889125.png","contentUrl":"https:\/\/www.veltec.eu\/wp-content\/uploads\/2021\/12\/Veltec-log-groot-e1537260889125.png","width":200,"height":60,"caption":"Veltec Kirby Specialist"},"image":{"@id":"https:\/\/www.veltec.eu\/en\/#\/schema\/logo\/image\/"},"sameAs":["https:\/\/www.facebook.com\/Veltec-Kirby-Specialist-236746293374877\/","https:\/\/www.youtube.com\/user\/VeltecService"]}]}},"_links":{"self":[{"href":"https:\/\/www.veltec.eu\/it\/wp-json\/wp\/v2\/product\/61799","targetHints":{"allow":["GET"]}}],"collection":[{"href":"https:\/\/www.veltec.eu\/it\/wp-json\/wp\/v2\/product"}],"about":[{"href":"https:\/\/www.veltec.eu\/it\/wp-json\/wp\/v2\/types\/product"}],"replies":[{"embeddable":true,"href":"https:\/\/www.veltec.eu\/it\/wp-json\/wp\/v2\/comments?post=61799"}],"wp:featuredmedia":[{"embeddable":true,"href":"https:\/\/www.veltec.eu\/it\/wp-json\/wp\/v2\/media\/61778"}],"wp:attachment":[{"href":"https:\/\/www.veltec.eu\/it\/wp-json\/wp\/v2\/media?parent=61799"}],"wp:term":[{"taxonomy":"product_brand","embeddable":true,"href":"https:\/\/www.veltec.eu\/it\/wp-json\/wp\/v2\/product_brand?post=61799"},{"taxonomy":"product_cat","embeddable":true,"href":"https:\/\/www.veltec.eu\/it\/wp-json\/wp\/v2\/product_cat?post=61799"},{"taxonomy":"product_tag","embeddable":true,"href":"https:\/\/www.veltec.eu\/it\/wp-json\/wp\/v2\/product_tag?post=61799"}],"curies":[{"name":"wp","href":"https:\/\/api.w.org\/{rel}","templated":true}]}}