{"id":31417,"date":"2020-03-27T17:20:43","date_gmt":"2020-03-27T15:20:43","guid":{"rendered":"https:\/\/www.veltec.eu\/product\/kirby-cavo-elettrico-15-m-g3-g4-g5-g6-g7-g7d-nl30501\/"},"modified":"2024-12-06T16:10:13","modified_gmt":"2024-12-06T14:10:13","slug":"cavo-elettrico-kirby-15m-generazione","status":"publish","type":"product","link":"https:\/\/www.veltec.eu\/it\/product\/cavo-elettrico-kirby-15m-generazione\/","title":{"rendered":"Cavo elettrico Kirby 15m Generazione"},"content":{"rendered":"<h1><b>Cavo elettrico Kirby 15m Generazione adatta per G3 a Diamond<\/b><\/h1>\n<p>Cavo elettrico Kirby 15m Generazione Extra lungo Cavo elettrico per aspirapolvere Kirby. Lunghezza 15 metri cavo di gomma. 1x retta antitorsione cavo elettrico, 1x\u00a0 attacco pipetta angolare tipo femmina per cavo elettrico, 1x\u00a0 serracavo.<\/p>\n<p><strong>Questo prodotto \u00e8 adatto per i tipi:<\/strong><\/p>\n<ul>\n<li>Ultimate G Diamond Ed.(G7D or DE)<\/li>\n<li>Ultimate G (G7 or UG)<\/li>\n<li>Generation 6 (G6)<\/li>\n<li>Generation 5 (G5)<\/li>\n<li>Generation 4 (G4)<\/li>\n<li>Generation 3 (G3)<\/li>\n<\/ul>\n<p>ATTENZIONE !!!!<\/p>\n<p>Per Kirby Sentria e Kirby Avalir \u00e8 necessario un altro cavo.<br \/>\n<a href=\"https:\/\/www.veltec.eu\/it\/product\/cavo-elettrico-kirby-15m-sentria-e-avalir\/\">Clicca qui se hai un Kirby Sentra o Kirby Avalir.<\/a><\/p>\n<h2>Cavo elettrico Kirby 15m Generation- Adatto per G3 a Diamond<\/h2>\n<p>Sta cercando un cavo elettrico Kirby extra lungo di 15 metri? Questo cavo di alta qualit\u00e0 offre la soluzione perfetta per un raggio d&#8217;azione maggiore durante l&#8217;aspirapolvere. Appositamente progettato per i Kirby G3, G4, G5, G6, Ultimate e Diamond, questo cavo garantisce la massima compatibilit\u00e0 e affidabilit\u00e0. Sia che abbiate una casa grande o che facciate pulizie professionali, questo cavo vi aiuter\u00e0 a lavorare in modo pi\u00f9 efficiente e senza limitazioni.<\/p>\n<p>Qui troverete tutti i cavi e le parti di ricambio per il <a href=\"https:\/\/www.veltec.eu\/it\/kirby-cavo-elettrico\/\">cavo elettrico Kirby<\/a>.<\/p>\n<h3>Perch\u00e9 scegliere il cavo elettrico Kirby 15 m Generation?<\/h3>\n<p>Con una lunghezza di 15 metri, questo cavo elettrico Kirby offre una portata notevolmente maggiore rispetto ai cavi standard. Ci\u00f2 significa che dovrete cambiare le prese meno spesso, risparmiando tempo e fatica. Grazie al design robusto, si pu\u00f2 contare su una lunga durata, anche in caso di uso intensivo.<\/p>\n<p>Inoltre, il cavo \u00e8 stato progettato pensando alla sicurezza. Il materiale di alta qualit\u00e0 previene i danni e riduce al minimo i rischi di rottura del cavo. Ci\u00f2 lo rende una scelta non solo comoda, ma anche sicura per l&#8217;uso quotidiano.<\/p>\n<h3>Compatibilit\u00e0 e facilit\u00e0 di installazione<\/h3>\n<p>Il cavo elettrico Kirby da 15 m si adatta perfettamente ai seguenti modelli Kirby:<\/p>\n<ul>\n<li><strong>Kirby G3<\/strong><\/li>\n<li><strong>Kirby G4<\/strong><\/li>\n<li><strong>Kirby G5<\/strong><\/li>\n<li><strong>Kirby G6<\/strong><\/li>\n<li><strong>Kirby Ultimate<\/strong><\/li>\n<li><strong>Kirby Diamond<\/strong><\/li>\n<\/ul>\n<p>L&#8217;installazione \u00e8 facile anche se non si hanno conoscenze tecniche. In pochi minuti \u00e8 possibile dotare il vostro aspirapolvere Kirby di questo cavo pi\u00f9 lungo, in modo da beneficiare immediatamente di una portata maggiore.<\/p>\n<h3>Pulire senza limiti<\/h3>\n<p>Questo cavo di 15 metri rende l&#8217;aspirapolvere non solo pi\u00f9 facile, ma anche pi\u00f9 efficiente. \u00c8 possibile raggiungere un&#8217;area pi\u00f9 ampia con un solo collegamento del cavo, il che \u00e8 particolarmente ideale per le case grandi o le stanze con poche prese di corrente.<\/p>\n<p>In breve, questo cavo elettrico Kirby 15m &#8211; Generation \u00e8 la scelta ideale per tutti coloro che apprezzano la convenienza, la qualit\u00e0 e la durata. Ordinate oggi stesso e provate la differenza!<\/p>\n","protected":false},"excerpt":{"rendered":"<p>Extra lungo Cavo elettrico per aspirapolvere Kirby.<\/p>\n[trustindex data-widget-id=de4365f24f22281a6b165ed75b0]\n<h3><span style=\"color: #008000;\"><br \/>\nIn magazzino<\/span><\/h3>\n[av_font_icon icon='ue812' font='entypo-fontello' style='' caption='' size='25px' position='left' color='#43ad66' link='' linktarget='' title_attr='' sonar_effect_effect='' sonar_effect_color='' sonar_effect_duration='1' sonar_effect_scale='' sonar_effect_opac='0.5' animation='' id='' custom_class='' template_class='' av_uid='' sc_version='1.0' admin_preview_bg=''][\/av_font_icon]\n<p><span style=\"color: #008000;\">Ordinato prima della 23:59, spedito domani<\/span><\/p>\n<p>&nbsp;<\/p>\n","protected":false},"featured_media":31406,"comment_status":"open","ping_status":"closed","template":"","meta":{"_acf_changed":false},"product_brand":[],"product_cat":[389],"product_tag":[],"class_list":{"0":"post-31417","1":"product","2":"type-product","3":"status-publish","4":"has-post-thumbnail","6":"product_cat-kirby-cavo-elettrico","8":"first","9":"outofstock","10":"sale","11":"taxable","12":"shipping-taxable","13":"purchasable","14":"product-type-simple"},"acf":[],"yoast_head":"<!-- This site is optimized with the Yoast SEO Premium plugin v27.1 (Yoast SEO v27.4) - https:\/\/yoast.com\/product\/yoast-seo-premium-wordpress\/ -->\n<title>Cavo elettrico Kirby 15m Generazione - Veltec Kirby specialist<\/title>\n<meta name=\"description\" content=\"Cavo elettrico Kirby 15m Generazione - Veltec e` il fornitore di aspirapolveri Kirby da oltre 20 anni. Ed \u00e8 il tuo fidato specialista\" \/>\n<meta name=\"robots\" content=\"index, follow, max-snippet:-1, max-image-preview:large, max-video-preview:-1\" \/>\n<link rel=\"canonical\" href=\"https:\/\/www.veltec.eu\/it\/product\/cavo-elettrico-kirby-15m-generazione\/\" \/>\n<meta property=\"og:locale\" content=\"it_IT\" \/>\n<meta property=\"og:type\" content=\"article\" \/>\n<meta property=\"og:title\" content=\"Cavo elettrico Kirby 15m Generazione\" \/>\n<meta property=\"og:description\" content=\"Extra lungo Cavo elettrico per aspirapolvere Kirby.    In magazzino   Ordinato prima della 23:59, spedito domani  &nbsp;\" \/>\n<meta property=\"og:url\" content=\"https:\/\/www.veltec.eu\/it\/product\/cavo-elettrico-kirby-15m-generazione\/\" \/>\n<meta property=\"og:site_name\" content=\"Veltec Kirby specialist\" \/>\n<meta property=\"article:publisher\" content=\"https:\/\/www.facebook.com\/Veltec-Kirby-Specialist-236746293374877\/\" \/>\n<meta property=\"article:modified_time\" content=\"2024-12-06T14:10:13+00:00\" \/>\n<meta property=\"og:image\" content=\"https:\/\/www.veltec.eu\/wp-content\/uploads\/2020\/03\/81UYAkXJwIL._SL1500_.jpg\" \/>\n\t<meta property=\"og:image:width\" content=\"453\" \/>\n\t<meta property=\"og:image:height\" content=\"453\" \/>\n\t<meta property=\"og:image:type\" content=\"image\/jpeg\" \/>\n<meta name=\"twitter:card\" content=\"summary_large_image\" \/>\n<meta name=\"twitter:label1\" content=\"Tempo di lettura stimato\" \/>\n\t<meta name=\"twitter:data1\" content=\"3 minuti\" \/>\n<script type=\"application\/ld+json\" class=\"yoast-schema-graph\">{\"@context\":\"https:\\\/\\\/schema.org\",\"@graph\":[{\"@type\":\"WebPage\",\"@id\":\"https:\\\/\\\/www.veltec.eu\\\/it\\\/product\\\/cavo-elettrico-kirby-15m-generazione\\\/\",\"url\":\"https:\\\/\\\/www.veltec.eu\\\/it\\\/product\\\/cavo-elettrico-kirby-15m-generazione\\\/\",\"name\":\"Cavo elettrico Kirby 15m Generazione - Veltec Kirby specialist\",\"isPartOf\":{\"@id\":\"https:\\\/\\\/www.veltec.eu\\\/en\\\/#website\"},\"primaryImageOfPage\":{\"@id\":\"https:\\\/\\\/www.veltec.eu\\\/it\\\/product\\\/cavo-elettrico-kirby-15m-generazione\\\/#primaryimage\"},\"image\":{\"@id\":\"https:\\\/\\\/www.veltec.eu\\\/it\\\/product\\\/cavo-elettrico-kirby-15m-generazione\\\/#primaryimage\"},\"thumbnailUrl\":\"https:\\\/\\\/www.veltec.eu\\\/wp-content\\\/uploads\\\/2020\\\/03\\\/81UYAkXJwIL._SL1500_.jpg\",\"datePublished\":\"2020-03-27T15:20:43+00:00\",\"dateModified\":\"2024-12-06T14:10:13+00:00\",\"description\":\"Cavo elettrico Kirby 15m Generazione - Veltec e` il fornitore di aspirapolveri Kirby da oltre 20 anni. Ed \u00e8 il tuo fidato specialista\",\"breadcrumb\":{\"@id\":\"https:\\\/\\\/www.veltec.eu\\\/it\\\/product\\\/cavo-elettrico-kirby-15m-generazione\\\/#breadcrumb\"},\"inLanguage\":\"it-IT\",\"potentialAction\":[{\"@type\":\"ReadAction\",\"target\":[\"https:\\\/\\\/www.veltec.eu\\\/it\\\/product\\\/cavo-elettrico-kirby-15m-generazione\\\/\"]}]},{\"@type\":\"ImageObject\",\"inLanguage\":\"it-IT\",\"@id\":\"https:\\\/\\\/www.veltec.eu\\\/it\\\/product\\\/cavo-elettrico-kirby-15m-generazione\\\/#primaryimage\",\"url\":\"https:\\\/\\\/www.veltec.eu\\\/wp-content\\\/uploads\\\/2020\\\/03\\\/81UYAkXJwIL._SL1500_.jpg\",\"contentUrl\":\"https:\\\/\\\/www.veltec.eu\\\/wp-content\\\/uploads\\\/2020\\\/03\\\/81UYAkXJwIL._SL1500_.jpg\",\"width\":453,\"height\":453},{\"@type\":\"BreadcrumbList\",\"@id\":\"https:\\\/\\\/www.veltec.eu\\\/it\\\/product\\\/cavo-elettrico-kirby-15m-generazione\\\/#breadcrumb\",\"itemListElement\":[{\"@type\":\"ListItem\",\"position\":1,\"name\":\"Home\",\"item\":\"https:\\\/\\\/www.veltec.eu\\\/it\\\/\"},{\"@type\":\"ListItem\",\"position\":2,\"name\":\"Kirby Shop\",\"item\":\"https:\\\/\\\/www.veltec.eu\\\/nl\\\/shop-page\\\/\"},{\"@type\":\"ListItem\",\"position\":3,\"name\":\"Cavo elettrico Kirby 15m Generazione\"}]},{\"@type\":\"WebSite\",\"@id\":\"https:\\\/\\\/www.veltec.eu\\\/en\\\/#website\",\"url\":\"https:\\\/\\\/www.veltec.eu\\\/en\\\/\",\"name\":\"Veltec Kirby specialist\",\"description\":\"Kirby stofzuiger producten\",\"publisher\":{\"@id\":\"https:\\\/\\\/www.veltec.eu\\\/en\\\/#organization\"},\"potentialAction\":[{\"@type\":\"SearchAction\",\"target\":{\"@type\":\"EntryPoint\",\"urlTemplate\":\"https:\\\/\\\/www.veltec.eu\\\/en\\\/?s={search_term_string}\"},\"query-input\":{\"@type\":\"PropertyValueSpecification\",\"valueRequired\":true,\"valueName\":\"search_term_string\"}}],\"inLanguage\":\"it-IT\"},{\"@type\":\"Organization\",\"@id\":\"https:\\\/\\\/www.veltec.eu\\\/en\\\/#organization\",\"name\":\"Veltec Kirby Specialist\",\"url\":\"https:\\\/\\\/www.veltec.eu\\\/en\\\/\",\"logo\":{\"@type\":\"ImageObject\",\"inLanguage\":\"it-IT\",\"@id\":\"https:\\\/\\\/www.veltec.eu\\\/en\\\/#\\\/schema\\\/logo\\\/image\\\/\",\"url\":\"https:\\\/\\\/www.veltec.eu\\\/wp-content\\\/uploads\\\/2021\\\/12\\\/Veltec-log-groot-e1537260889125.png\",\"contentUrl\":\"https:\\\/\\\/www.veltec.eu\\\/wp-content\\\/uploads\\\/2021\\\/12\\\/Veltec-log-groot-e1537260889125.png\",\"width\":200,\"height\":60,\"caption\":\"Veltec Kirby Specialist\"},\"image\":{\"@id\":\"https:\\\/\\\/www.veltec.eu\\\/en\\\/#\\\/schema\\\/logo\\\/image\\\/\"},\"sameAs\":[\"https:\\\/\\\/www.facebook.com\\\/Veltec-Kirby-Specialist-236746293374877\\\/\",\"https:\\\/\\\/www.youtube.com\\\/user\\\/VeltecService\"]}]}<\/script>\n<!-- \/ Yoast SEO Premium plugin. -->","yoast_head_json":{"title":"Cavo elettrico Kirby 15m Generazione - Veltec Kirby specialist","description":"Cavo elettrico Kirby 15m Generazione - Veltec e` il fornitore di aspirapolveri Kirby da oltre 20 anni. Ed \u00e8 il tuo fidato specialista","robots":{"index":"index","follow":"follow","max-snippet":"max-snippet:-1","max-image-preview":"max-image-preview:large","max-video-preview":"max-video-preview:-1"},"canonical":"https:\/\/www.veltec.eu\/it\/product\/cavo-elettrico-kirby-15m-generazione\/","og_locale":"it_IT","og_type":"article","og_title":"Cavo elettrico Kirby 15m Generazione","og_description":"Extra lungo Cavo elettrico per aspirapolvere Kirby.    In magazzino   Ordinato prima della 23:59, spedito domani  &nbsp;","og_url":"https:\/\/www.veltec.eu\/it\/product\/cavo-elettrico-kirby-15m-generazione\/","og_site_name":"Veltec Kirby specialist","article_publisher":"https:\/\/www.facebook.com\/Veltec-Kirby-Specialist-236746293374877\/","article_modified_time":"2024-12-06T14:10:13+00:00","og_image":[{"width":453,"height":453,"url":"https:\/\/www.veltec.eu\/wp-content\/uploads\/2020\/03\/81UYAkXJwIL._SL1500_.jpg","type":"image\/jpeg"}],"twitter_card":"summary_large_image","twitter_misc":{"Tempo di lettura stimato":"3 minuti"},"schema":{"@context":"https:\/\/schema.org","@graph":[{"@type":"WebPage","@id":"https:\/\/www.veltec.eu\/it\/product\/cavo-elettrico-kirby-15m-generazione\/","url":"https:\/\/www.veltec.eu\/it\/product\/cavo-elettrico-kirby-15m-generazione\/","name":"Cavo elettrico Kirby 15m Generazione - Veltec Kirby specialist","isPartOf":{"@id":"https:\/\/www.veltec.eu\/en\/#website"},"primaryImageOfPage":{"@id":"https:\/\/www.veltec.eu\/it\/product\/cavo-elettrico-kirby-15m-generazione\/#primaryimage"},"image":{"@id":"https:\/\/www.veltec.eu\/it\/product\/cavo-elettrico-kirby-15m-generazione\/#primaryimage"},"thumbnailUrl":"https:\/\/www.veltec.eu\/wp-content\/uploads\/2020\/03\/81UYAkXJwIL._SL1500_.jpg","datePublished":"2020-03-27T15:20:43+00:00","dateModified":"2024-12-06T14:10:13+00:00","description":"Cavo elettrico Kirby 15m Generazione - Veltec e` il fornitore di aspirapolveri Kirby da oltre 20 anni. Ed \u00e8 il tuo fidato specialista","breadcrumb":{"@id":"https:\/\/www.veltec.eu\/it\/product\/cavo-elettrico-kirby-15m-generazione\/#breadcrumb"},"inLanguage":"it-IT","potentialAction":[{"@type":"ReadAction","target":["https:\/\/www.veltec.eu\/it\/product\/cavo-elettrico-kirby-15m-generazione\/"]}]},{"@type":"ImageObject","inLanguage":"it-IT","@id":"https:\/\/www.veltec.eu\/it\/product\/cavo-elettrico-kirby-15m-generazione\/#primaryimage","url":"https:\/\/www.veltec.eu\/wp-content\/uploads\/2020\/03\/81UYAkXJwIL._SL1500_.jpg","contentUrl":"https:\/\/www.veltec.eu\/wp-content\/uploads\/2020\/03\/81UYAkXJwIL._SL1500_.jpg","width":453,"height":453},{"@type":"BreadcrumbList","@id":"https:\/\/www.veltec.eu\/it\/product\/cavo-elettrico-kirby-15m-generazione\/#breadcrumb","itemListElement":[{"@type":"ListItem","position":1,"name":"Home","item":"https:\/\/www.veltec.eu\/it\/"},{"@type":"ListItem","position":2,"name":"Kirby Shop","item":"https:\/\/www.veltec.eu\/nl\/shop-page\/"},{"@type":"ListItem","position":3,"name":"Cavo elettrico Kirby 15m Generazione"}]},{"@type":"WebSite","@id":"https:\/\/www.veltec.eu\/en\/#website","url":"https:\/\/www.veltec.eu\/en\/","name":"Veltec Kirby specialist","description":"Kirby stofzuiger producten","publisher":{"@id":"https:\/\/www.veltec.eu\/en\/#organization"},"potentialAction":[{"@type":"SearchAction","target":{"@type":"EntryPoint","urlTemplate":"https:\/\/www.veltec.eu\/en\/?s={search_term_string}"},"query-input":{"@type":"PropertyValueSpecification","valueRequired":true,"valueName":"search_term_string"}}],"inLanguage":"it-IT"},{"@type":"Organization","@id":"https:\/\/www.veltec.eu\/en\/#organization","name":"Veltec Kirby Specialist","url":"https:\/\/www.veltec.eu\/en\/","logo":{"@type":"ImageObject","inLanguage":"it-IT","@id":"https:\/\/www.veltec.eu\/en\/#\/schema\/logo\/image\/","url":"https:\/\/www.veltec.eu\/wp-content\/uploads\/2021\/12\/Veltec-log-groot-e1537260889125.png","contentUrl":"https:\/\/www.veltec.eu\/wp-content\/uploads\/2021\/12\/Veltec-log-groot-e1537260889125.png","width":200,"height":60,"caption":"Veltec Kirby Specialist"},"image":{"@id":"https:\/\/www.veltec.eu\/en\/#\/schema\/logo\/image\/"},"sameAs":["https:\/\/www.facebook.com\/Veltec-Kirby-Specialist-236746293374877\/","https:\/\/www.youtube.com\/user\/VeltecService"]}]}},"_links":{"self":[{"href":"https:\/\/www.veltec.eu\/it\/wp-json\/wp\/v2\/product\/31417","targetHints":{"allow":["GET"]}}],"collection":[{"href":"https:\/\/www.veltec.eu\/it\/wp-json\/wp\/v2\/product"}],"about":[{"href":"https:\/\/www.veltec.eu\/it\/wp-json\/wp\/v2\/types\/product"}],"replies":[{"embeddable":true,"href":"https:\/\/www.veltec.eu\/it\/wp-json\/wp\/v2\/comments?post=31417"}],"wp:featuredmedia":[{"embeddable":true,"href":"https:\/\/www.veltec.eu\/it\/wp-json\/wp\/v2\/media\/31406"}],"wp:attachment":[{"href":"https:\/\/www.veltec.eu\/it\/wp-json\/wp\/v2\/media?parent=31417"}],"wp:term":[{"taxonomy":"product_brand","embeddable":true,"href":"https:\/\/www.veltec.eu\/it\/wp-json\/wp\/v2\/product_brand?post=31417"},{"taxonomy":"product_cat","embeddable":true,"href":"https:\/\/www.veltec.eu\/it\/wp-json\/wp\/v2\/product_cat?post=31417"},{"taxonomy":"product_tag","embeddable":true,"href":"https:\/\/www.veltec.eu\/it\/wp-json\/wp\/v2\/product_tag?post=31417"}],"curies":[{"name":"wp","href":"https:\/\/api.w.org\/{rel}","templated":true}]}}