{"id":31319,"date":"2020-03-27T14:52:42","date_gmt":"2020-03-27T12:52:42","guid":{"rendered":"https:\/\/www.veltec.eu\/product\/kirby-cavo-elettrico-serntria-avalir-nl30502\/"},"modified":"2026-03-09T12:37:23","modified_gmt":"2026-03-09T10:37:23","slug":"kirby-cavo-elettrico-10m-sentria-avalir-nl30502","status":"publish","type":"product","link":"https:\/\/www.veltec.eu\/it\/product\/kirby-cavo-elettrico-10m-sentria-avalir-nl30502\/","title":{"rendered":"Cavo elettrico Kirby 10m Sentria e Avalir"},"content":{"rendered":"<h1>Cavo elettrico Kirby 10m Sentria e Avalir<\/h1>\n<p data-start=\"924\" data-end=\"1268\">Il cavo elettrico Kirby da 10m Sentria e Avalir \u00e8 il cavo di ricambio ideale quando il cavo di alimentazione del vostro aspirapolvere Kirby \u00e8 usurato, danneggiato o non pi\u00f9 sicuro. Con una lunghezza di 10 metri e un cavo in gomma resistente e durevole, questo cavo di alimentazione Kirby non solo offre un collegamento sicuro, ma anche una maggiore libert\u00e0 di movimento. In questo modo potrete aspirare senza fatica stanze di grandi dimensioni senza dover cambiare continuamente presa. Questo cavo di alimentazione Kirby \u00e8 stato progettato appositamente per i modelli Kirby Sentria e Kirby Avalir e garantisce un adattamento perfetto e un&#8217;alimentazione affidabile.<\/p>\n<h2 data-start=\"689\" data-end=\"736\">Caratteristiche del cavo elettrico Kirby<\/h2>\n<ul data-start=\"738\" data-end=\"885\">\n<li data-section-id=\"1rfcnop\" data-start=\"949\" data-end=\"969\">Lunghezza: 10 metri<\/li>\n<li data-section-id=\"1rfcnop\" data-start=\"949\" data-end=\"969\">1x connettore di contorno diritto stampato<\/li>\n<li data-section-id=\"1rfcnop\" data-start=\"949\" data-end=\"969\">1x connettore femmina ad angolo per dispositivi<\/li>\n<li data-section-id=\"1rfcnop\" data-start=\"949\" data-end=\"969\">1x scarico della trazione stampato<\/li>\n<\/ul>\n<p data-start=\"887\" data-end=\"1063\">La spina dell&#8217;apparecchio si trova sotto il cappuccio protettivo sul lato destro del Kirby. Questo cappuccio pu\u00f2 essere facilmente rimosso con un cacciavite Torx, consentendo di sostituire il cavo di alimentazione in pochi minuti. Ci\u00f2 rende il cavo di alimentazione di ricambio Kirby da 10 metri facile e accessibile anche per gli utenti senza esperienza tecnica.<\/p>\n<p>Vuoi saperne di pi\u00f9 sul funzionamento di un cavo di alimentazione o di un cavo elettrico Kirby e su come sostituirlo? Leggi il nostro articolo completo sul blog: <a href=\"https:\/\/www.servizio-aspirapolvere-kirby.it\/cavo-elettrico-kirby\/\" target=\"_blank\" rel=\"noopener\">Tutto sul cavo elettrico Kirby.<\/a><\/p>\n<h3 data-section-id=\"byzm8r\" data-start=\"1625\" data-end=\"1663\">Compatibilit\u00e0 con i modelli Kirby<\/h3>\n<p data-start=\"1664\" data-end=\"1734\">Questo cavo di alimentazione Kirby da 10 m \u00e8 adatto ai seguenti modelli:<\/p>\n<ul data-start=\"1735\" data-end=\"1792\">\n<li data-section-id=\"19fijd2\" data-start=\"1735\" data-end=\"1756\">Avalir I &amp; II<\/li>\n<li data-section-id=\"fkyhqt\" data-start=\"1757\" data-end=\"1792\">Sentria I (G10) &amp; II (G10D)<\/li>\n<\/ul>\n<p>ATTENZIONE: questo cavo di alimentazione \u00e8 adatto esclusivamente ai modelli Sentria e Avalir. Per altri aspirapolvere Kirby \u00e8 necessario un cavo di ricambio diverso. Clicca qui per trovare il <a href=\"https:\/\/www.veltec.eu\/it\/product\/cavo-elettrico-kirby-10m-generazione\/\" target=\"_blank\" rel=\"noopener\">cavo di alimentazione Kirby adatto agli altri modelli.<\/a><\/p>\n<h2>Perch\u00e9 scegliere questo cavo di alimentazione Kirby da 10 m per Sentria e Avalir?<\/h2>\n<ul>\n<li data-start=\"2071\" data-end=\"2153\">Materiale resistente: il cavo in gomma di alta qualit\u00e0 ne prolunga la durata.<\/li>\n<li data-start=\"2071\" data-end=\"2153\">Perfetta compatibilit\u00e0: progettato appositamente per i modelli Sentria e Avalir.<\/li>\n<li data-start=\"2071\" data-end=\"2153\">Facile da installare: sostituibile in pochi minuti.<\/li>\n<li data-start=\"2071\" data-end=\"2153\">Sicuro e affidabile: conforme ai rigorosi standard di sicurezza per l&#8217;uso domestico.<\/li>\n<\/ul>\n<p data-start=\"2406\" data-end=\"2765\">Con il cavo elettrico Kirby da 10 m Sentria e Avalir avrete a disposizione una soluzione pratica e affidabile. Grazie alla sua lunghezza e al materiale resistente, potrete utilizzare al meglio il vostro aspirapolvere Kirby e pulire diventer\u00e0 molto pi\u00f9 facile e comodo. Ordinatelo oggi stesso e godetevi tutte le funzionalit\u00e0 del vostro aspirapolvere Kirby.<\/p>\n","protected":false},"excerpt":{"rendered":"<p>Il cavo elettrico Kirby da 10 m Sentria e Avalir \u00e8 un cavo di ricambio resistente che garantisce prestazioni ottimali e maggiore libert\u00e0 di movimento durante l&#8217;aspirazione. Perfetto per i modelli Sentria e Avalir.<\/p>\n[trustindex data-widget-id=de4365f24f22281a6b165ed75b0]\n<h3><span style=\"color: #008000;\"><br \/>\nIn magazzino<\/span><\/h3>\n[av_font_icon icon='ue812' font='entypo-fontello' style='' caption='' size='25px' position='left' color='#43ad66' link='' linktarget='' title_attr='' sonar_effect_effect='' sonar_effect_color='' sonar_effect_duration='1' sonar_effect_scale='' sonar_effect_opac='0.5' animation='' id='' custom_class='' template_class='' av_uid='' sc_version='1.0' admin_preview_bg=''][\/av_font_icon]\n<p><span style=\"color: #008000;\">Ordinato prima della 23:59, spedito domani<\/span><\/p>\n<p>&nbsp;<\/p>\n","protected":false},"featured_media":88312,"comment_status":"open","ping_status":"closed","template":"","meta":[],"product_brand":[],"product_cat":[389],"product_tag":[],"class_list":{"0":"post-31319","1":"product","2":"type-product","3":"status-publish","4":"has-post-thumbnail","6":"product_cat-kirby-cavo-elettrico","8":"first","9":"instock","10":"sale","11":"taxable","12":"shipping-taxable","13":"purchasable","14":"product-type-simple"},"yoast_head":"<!-- This site is optimized with the Yoast SEO Premium plugin v27.1 (Yoast SEO v27.4) - https:\/\/yoast.com\/product\/yoast-seo-premium-wordpress\/ -->\n<title>Cavo elettrico Kirby 10m Sentria e Avalir \u2013 Cavo di ricambio<\/title>\n<meta name=\"description\" content=\"Sostituisci il tuo vecchio cavo elettrico Kirby da 10m Sentria e Avalir. Gomma resistente, connessione sicura e maggiore libert\u00e0 di movimento.\" \/>\n<meta name=\"robots\" content=\"index, follow, max-snippet:-1, max-image-preview:large, max-video-preview:-1\" \/>\n<link rel=\"canonical\" href=\"https:\/\/www.veltec.eu\/nl\/product\/kirby-elektrasnoer-10m-sentria-en-avalir\/\" \/>\n<meta property=\"og:locale\" content=\"it_IT\" \/>\n<meta property=\"og:type\" content=\"article\" \/>\n<meta property=\"og:title\" content=\"Cavo elettrico Kirby 10m Sentria e Avalir\" \/>\n<meta property=\"og:description\" content=\"Il cavo elettrico Kirby da 10 m Sentria e Avalir \u00e8 un cavo di ricambio resistente che garantisce prestazioni ottimali e maggiore libert\u00e0 di movimento durante l&#039;aspirazione. Perfetto per i modelli Sentria e Avalir.    In magazzino   Ordinato prima della 23:59, spedito domani  &nbsp;\" \/>\n<meta property=\"og:url\" content=\"https:\/\/www.veltec.eu\/nl\/product\/kirby-elektrasnoer-10m-sentria-en-avalir\/\" \/>\n<meta property=\"og:site_name\" content=\"Veltec Kirby specialist\" \/>\n<meta property=\"article:publisher\" content=\"https:\/\/www.facebook.com\/Veltec-Kirby-Specialist-236746293374877\/\" \/>\n<meta property=\"article:modified_time\" content=\"2026-03-09T10:37:23+00:00\" \/>\n<meta property=\"og:image\" content=\"https:\/\/www.veltec.eu\/wp-content\/uploads\/2020\/03\/Kirby-power-cable.jpg\" \/>\n\t<meta property=\"og:image:width\" content=\"600\" \/>\n\t<meta property=\"og:image:height\" content=\"600\" \/>\n\t<meta property=\"og:image:type\" content=\"image\/jpeg\" \/>\n<meta name=\"twitter:card\" content=\"summary_large_image\" \/>\n<meta name=\"twitter:label1\" content=\"Tempo di lettura stimato\" \/>\n\t<meta name=\"twitter:data1\" content=\"2 minuti\" \/>\n<script type=\"application\/ld+json\" class=\"yoast-schema-graph\">{\"@context\":\"https:\\\/\\\/schema.org\",\"@graph\":[{\"@type\":\"WebPage\",\"@id\":\"https:\\\/\\\/www.veltec.eu\\\/nl\\\/product\\\/kirby-elektrasnoer-10m-sentria-en-avalir\\\/\",\"url\":\"https:\\\/\\\/www.veltec.eu\\\/nl\\\/product\\\/kirby-elektrasnoer-10m-sentria-en-avalir\\\/\",\"name\":\"Cavo elettrico Kirby 10m Sentria e Avalir \u2013 Cavo di ricambio\",\"isPartOf\":{\"@id\":\"https:\\\/\\\/www.veltec.eu\\\/en\\\/#website\"},\"primaryImageOfPage\":{\"@id\":\"https:\\\/\\\/www.veltec.eu\\\/nl\\\/product\\\/kirby-elektrasnoer-10m-sentria-en-avalir\\\/#primaryimage\"},\"image\":{\"@id\":\"https:\\\/\\\/www.veltec.eu\\\/nl\\\/product\\\/kirby-elektrasnoer-10m-sentria-en-avalir\\\/#primaryimage\"},\"thumbnailUrl\":\"https:\\\/\\\/www.veltec.eu\\\/wp-content\\\/uploads\\\/2020\\\/03\\\/Kirby-power-cable.jpg\",\"datePublished\":\"2020-03-27T12:52:42+00:00\",\"dateModified\":\"2026-03-09T10:37:23+00:00\",\"description\":\"Sostituisci il tuo vecchio cavo elettrico Kirby da 10m Sentria e Avalir. Gomma resistente, connessione sicura e maggiore libert\u00e0 di movimento.\",\"breadcrumb\":{\"@id\":\"https:\\\/\\\/www.veltec.eu\\\/nl\\\/product\\\/kirby-elektrasnoer-10m-sentria-en-avalir\\\/#breadcrumb\"},\"inLanguage\":\"it-IT\",\"potentialAction\":[{\"@type\":\"ReadAction\",\"target\":[\"https:\\\/\\\/www.veltec.eu\\\/nl\\\/product\\\/kirby-elektrasnoer-10m-sentria-en-avalir\\\/\"]}]},{\"@type\":\"ImageObject\",\"inLanguage\":\"it-IT\",\"@id\":\"https:\\\/\\\/www.veltec.eu\\\/nl\\\/product\\\/kirby-elektrasnoer-10m-sentria-en-avalir\\\/#primaryimage\",\"url\":\"https:\\\/\\\/www.veltec.eu\\\/wp-content\\\/uploads\\\/2020\\\/03\\\/Kirby-power-cable.jpg\",\"contentUrl\":\"https:\\\/\\\/www.veltec.eu\\\/wp-content\\\/uploads\\\/2020\\\/03\\\/Kirby-power-cable.jpg\",\"width\":600,\"height\":600},{\"@type\":\"BreadcrumbList\",\"@id\":\"https:\\\/\\\/www.veltec.eu\\\/nl\\\/product\\\/kirby-elektrasnoer-10m-sentria-en-avalir\\\/#breadcrumb\",\"itemListElement\":[{\"@type\":\"ListItem\",\"position\":1,\"name\":\"Home\",\"item\":\"https:\\\/\\\/www.veltec.eu\\\/it\\\/\"},{\"@type\":\"ListItem\",\"position\":2,\"name\":\"Produits\",\"item\":\"https:\\\/\\\/www.veltec.eu\\\/fr\\\/shop\\\/\"},{\"@type\":\"ListItem\",\"position\":3,\"name\":\"Cavo elettrico Kirby 10m Sentria e Avalir\"}]},{\"@type\":\"WebSite\",\"@id\":\"https:\\\/\\\/www.veltec.eu\\\/en\\\/#website\",\"url\":\"https:\\\/\\\/www.veltec.eu\\\/en\\\/\",\"name\":\"Veltec Kirby specialist\",\"description\":\"Kirby stofzuiger producten\",\"publisher\":{\"@id\":\"https:\\\/\\\/www.veltec.eu\\\/en\\\/#organization\"},\"potentialAction\":[{\"@type\":\"SearchAction\",\"target\":{\"@type\":\"EntryPoint\",\"urlTemplate\":\"https:\\\/\\\/www.veltec.eu\\\/en\\\/?s={search_term_string}\"},\"query-input\":{\"@type\":\"PropertyValueSpecification\",\"valueRequired\":true,\"valueName\":\"search_term_string\"}}],\"inLanguage\":\"it-IT\"},{\"@type\":\"Organization\",\"@id\":\"https:\\\/\\\/www.veltec.eu\\\/en\\\/#organization\",\"name\":\"Veltec Kirby Specialist\",\"url\":\"https:\\\/\\\/www.veltec.eu\\\/en\\\/\",\"logo\":{\"@type\":\"ImageObject\",\"inLanguage\":\"it-IT\",\"@id\":\"https:\\\/\\\/www.veltec.eu\\\/en\\\/#\\\/schema\\\/logo\\\/image\\\/\",\"url\":\"https:\\\/\\\/www.veltec.eu\\\/wp-content\\\/uploads\\\/2021\\\/12\\\/Veltec-log-groot-e1537260889125.png\",\"contentUrl\":\"https:\\\/\\\/www.veltec.eu\\\/wp-content\\\/uploads\\\/2021\\\/12\\\/Veltec-log-groot-e1537260889125.png\",\"width\":200,\"height\":60,\"caption\":\"Veltec Kirby Specialist\"},\"image\":{\"@id\":\"https:\\\/\\\/www.veltec.eu\\\/en\\\/#\\\/schema\\\/logo\\\/image\\\/\"},\"sameAs\":[\"https:\\\/\\\/www.facebook.com\\\/Veltec-Kirby-Specialist-236746293374877\\\/\",\"https:\\\/\\\/www.youtube.com\\\/user\\\/VeltecService\"]}]}<\/script>\n<!-- \/ Yoast SEO Premium plugin. -->","yoast_head_json":{"title":"Cavo elettrico Kirby 10m Sentria e Avalir \u2013 Cavo di ricambio","description":"Sostituisci il tuo vecchio cavo elettrico Kirby da 10m Sentria e Avalir. Gomma resistente, connessione sicura e maggiore libert\u00e0 di movimento.","robots":{"index":"index","follow":"follow","max-snippet":"max-snippet:-1","max-image-preview":"max-image-preview:large","max-video-preview":"max-video-preview:-1"},"canonical":"https:\/\/www.veltec.eu\/nl\/product\/kirby-elektrasnoer-10m-sentria-en-avalir\/","og_locale":"it_IT","og_type":"article","og_title":"Cavo elettrico Kirby 10m Sentria e Avalir","og_description":"Il cavo elettrico Kirby da 10 m Sentria e Avalir \u00e8 un cavo di ricambio resistente che garantisce prestazioni ottimali e maggiore libert\u00e0 di movimento durante l'aspirazione. Perfetto per i modelli Sentria e Avalir.    In magazzino   Ordinato prima della 23:59, spedito domani  &nbsp;","og_url":"https:\/\/www.veltec.eu\/nl\/product\/kirby-elektrasnoer-10m-sentria-en-avalir\/","og_site_name":"Veltec Kirby specialist","article_publisher":"https:\/\/www.facebook.com\/Veltec-Kirby-Specialist-236746293374877\/","article_modified_time":"2026-03-09T10:37:23+00:00","og_image":[{"width":600,"height":600,"url":"https:\/\/www.veltec.eu\/wp-content\/uploads\/2020\/03\/Kirby-power-cable.jpg","type":"image\/jpeg"}],"twitter_card":"summary_large_image","twitter_misc":{"Tempo di lettura stimato":"2 minuti"},"schema":{"@context":"https:\/\/schema.org","@graph":[{"@type":"WebPage","@id":"https:\/\/www.veltec.eu\/nl\/product\/kirby-elektrasnoer-10m-sentria-en-avalir\/","url":"https:\/\/www.veltec.eu\/nl\/product\/kirby-elektrasnoer-10m-sentria-en-avalir\/","name":"Cavo elettrico Kirby 10m Sentria e Avalir \u2013 Cavo di ricambio","isPartOf":{"@id":"https:\/\/www.veltec.eu\/en\/#website"},"primaryImageOfPage":{"@id":"https:\/\/www.veltec.eu\/nl\/product\/kirby-elektrasnoer-10m-sentria-en-avalir\/#primaryimage"},"image":{"@id":"https:\/\/www.veltec.eu\/nl\/product\/kirby-elektrasnoer-10m-sentria-en-avalir\/#primaryimage"},"thumbnailUrl":"https:\/\/www.veltec.eu\/wp-content\/uploads\/2020\/03\/Kirby-power-cable.jpg","datePublished":"2020-03-27T12:52:42+00:00","dateModified":"2026-03-09T10:37:23+00:00","description":"Sostituisci il tuo vecchio cavo elettrico Kirby da 10m Sentria e Avalir. Gomma resistente, connessione sicura e maggiore libert\u00e0 di movimento.","breadcrumb":{"@id":"https:\/\/www.veltec.eu\/nl\/product\/kirby-elektrasnoer-10m-sentria-en-avalir\/#breadcrumb"},"inLanguage":"it-IT","potentialAction":[{"@type":"ReadAction","target":["https:\/\/www.veltec.eu\/nl\/product\/kirby-elektrasnoer-10m-sentria-en-avalir\/"]}]},{"@type":"ImageObject","inLanguage":"it-IT","@id":"https:\/\/www.veltec.eu\/nl\/product\/kirby-elektrasnoer-10m-sentria-en-avalir\/#primaryimage","url":"https:\/\/www.veltec.eu\/wp-content\/uploads\/2020\/03\/Kirby-power-cable.jpg","contentUrl":"https:\/\/www.veltec.eu\/wp-content\/uploads\/2020\/03\/Kirby-power-cable.jpg","width":600,"height":600},{"@type":"BreadcrumbList","@id":"https:\/\/www.veltec.eu\/nl\/product\/kirby-elektrasnoer-10m-sentria-en-avalir\/#breadcrumb","itemListElement":[{"@type":"ListItem","position":1,"name":"Home","item":"https:\/\/www.veltec.eu\/it\/"},{"@type":"ListItem","position":2,"name":"Produits","item":"https:\/\/www.veltec.eu\/fr\/shop\/"},{"@type":"ListItem","position":3,"name":"Cavo elettrico Kirby 10m Sentria e Avalir"}]},{"@type":"WebSite","@id":"https:\/\/www.veltec.eu\/en\/#website","url":"https:\/\/www.veltec.eu\/en\/","name":"Veltec Kirby specialist","description":"Kirby stofzuiger producten","publisher":{"@id":"https:\/\/www.veltec.eu\/en\/#organization"},"potentialAction":[{"@type":"SearchAction","target":{"@type":"EntryPoint","urlTemplate":"https:\/\/www.veltec.eu\/en\/?s={search_term_string}"},"query-input":{"@type":"PropertyValueSpecification","valueRequired":true,"valueName":"search_term_string"}}],"inLanguage":"it-IT"},{"@type":"Organization","@id":"https:\/\/www.veltec.eu\/en\/#organization","name":"Veltec Kirby Specialist","url":"https:\/\/www.veltec.eu\/en\/","logo":{"@type":"ImageObject","inLanguage":"it-IT","@id":"https:\/\/www.veltec.eu\/en\/#\/schema\/logo\/image\/","url":"https:\/\/www.veltec.eu\/wp-content\/uploads\/2021\/12\/Veltec-log-groot-e1537260889125.png","contentUrl":"https:\/\/www.veltec.eu\/wp-content\/uploads\/2021\/12\/Veltec-log-groot-e1537260889125.png","width":200,"height":60,"caption":"Veltec Kirby Specialist"},"image":{"@id":"https:\/\/www.veltec.eu\/en\/#\/schema\/logo\/image\/"},"sameAs":["https:\/\/www.facebook.com\/Veltec-Kirby-Specialist-236746293374877\/","https:\/\/www.youtube.com\/user\/VeltecService"]}]}},"_links":{"self":[{"href":"https:\/\/www.veltec.eu\/it\/wp-json\/wp\/v2\/product\/31319","targetHints":{"allow":["GET"]}}],"collection":[{"href":"https:\/\/www.veltec.eu\/it\/wp-json\/wp\/v2\/product"}],"about":[{"href":"https:\/\/www.veltec.eu\/it\/wp-json\/wp\/v2\/types\/product"}],"replies":[{"embeddable":true,"href":"https:\/\/www.veltec.eu\/it\/wp-json\/wp\/v2\/comments?post=31319"}],"wp:featuredmedia":[{"embeddable":true,"href":"https:\/\/www.veltec.eu\/it\/wp-json\/wp\/v2\/media\/88312"}],"wp:attachment":[{"href":"https:\/\/www.veltec.eu\/it\/wp-json\/wp\/v2\/media?parent=31319"}],"wp:term":[{"taxonomy":"product_brand","embeddable":true,"href":"https:\/\/www.veltec.eu\/it\/wp-json\/wp\/v2\/product_brand?post=31319"},{"taxonomy":"product_cat","embeddable":true,"href":"https:\/\/www.veltec.eu\/it\/wp-json\/wp\/v2\/product_cat?post=31319"},{"taxonomy":"product_tag","embeddable":true,"href":"https:\/\/www.veltec.eu\/it\/wp-json\/wp\/v2\/product_tag?post=31319"}],"curies":[{"name":"wp","href":"https:\/\/api.w.org\/{rel}","templated":true}]}}