{"id":28257,"date":"2019-10-11T10:02:19","date_gmt":"2019-10-11T08:02:19","guid":{"rendered":"https:\/\/www.veltec.eu\/product\/kirby-tubo-aspirapolvere-3mt-veltec-proprio-marchio-nl9901\/"},"modified":"2026-03-05T10:18:02","modified_gmt":"2026-03-05T08:18:02","slug":"kirby-tubo-aspirapolvere-3mt-veltec-proprio-marchio-nl9901","status":"publish","type":"product","link":"https:\/\/www.veltec.eu\/it\/product\/kirby-tubo-aspirapolvere-3mt-veltec-proprio-marchio-nl9901\/","title":{"rendered":"Kirby Tubo aspirapolvere 3mt Veltec proprio marchio"},"content":{"rendered":"<div class=\"flex flex-col text-sm pb-25\">\n<article class=\"text-token-text-primary w-full focus:outline-none [--shadow-height:45px] has-data-writing-block:pointer-events-none has-data-writing-block:-mt-(--shadow-height) has-data-writing-block:pt-(--shadow-height) [&amp;:has([data-writing-block])&gt;*]:pointer-events-auto scroll-mt-[calc(var(--header-height)+min(200px,max(70px,20svh)))]\" dir=\"auto\" tabindex=\"-1\" data-turn-id=\"request-WEB:67e6f81e-555c-4332-892b-6d6767d177c3-4\" data-testid=\"conversation-turn-2\" data-scroll-anchor=\"true\" data-turn=\"assistant\">\n<div class=\"text-base my-auto mx-auto pb-10 [--thread-content-margin:--spacing(4)] @w-sm\/main:[--thread-content-margin:--spacing(6)] @w-lg\/main:[--thread-content-margin:--spacing(16)] px-(--thread-content-margin)\">\n<div class=\"[--thread-content-max-width:40rem] @w-lg\/main:[--thread-content-max-width:48rem] mx-auto max-w-(--thread-content-max-width) flex-1 group\/turn-messages focus-visible:outline-hidden relative flex w-full min-w-0 flex-col agent-turn\" tabindex=\"-1\">\n<div class=\"flex max-w-full flex-col grow\">\n<div class=\"min-h-8 text-message relative flex w-full flex-col items-end gap-2 text-start break-words whitespace-normal [.text-message+&amp;]:mt-1\" dir=\"auto\" data-message-author-role=\"assistant\" data-message-id=\"778f8478-6d69-4201-bb5e-07d021f0085f\" data-message-model-slug=\"gpt-5-2\">\n<div class=\"flex w-full flex-col gap-1 empty:hidden first:pt-[1px]\">\n<div class=\"markdown prose dark:prose-invert w-full wrap-break-word light markdown-new-styling\">\n<h1 data-start=\"0\" data-end=\"49\">Kirby Tubo aspirapolvere 3mt Veltec proprio marchio<\/h1>\n<p data-start=\"51\" data-end=\"327\">Il Kirby Tubo aspirapolvere 3mt Veltec proprio marchio \u00e8 un ricambio universale completo con fissaggio anteriore e posteriore. Grazie alla lunghezza extra e alla finitura di alta qualit\u00e0, questo tubo offre una libert\u00e0 di movimento ottimale e la massima potenza di aspirazione per ogni aspirapolvere Kirby.<\/p>\n<h2 data-start=\"334\" data-end=\"417\">Tubo per aspirapolvere 3 m Veltec marchio proprio \u2013 Set completo con fissaggi<\/h2>\n<p data-start=\"419\" data-end=\"785\">Il tubo flessibile per aspirapolvere da 3 metri a marchio Veltec viene fornito con raccordi anteriori e posteriori, garantendo cos\u00ec un perfetto adattamento. Inoltre, questa versione completa assicura un montaggio semplice senza bisogno di parti aggiuntive. Il tubo si adatta perfettamente al vostro sistema Kirby, mantenendo inalterata la potenza di aspirazione.<\/p>\n<p data-start=\"787\" data-end=\"1012\">Inoltre, questo tubo di ricambio \u00e8 realizzato con materiali resistenti all&#8217;usura e flessibili, in modo da garantire un utilizzo intensivo e prolungato senza problemi. Ci\u00f2 consente al tubo di mantenere la sua forma e affidabilit\u00e0, anche in caso di utilizzo quotidiano.<\/p>\n<h2 data-start=\"1019\" data-end=\"1103\">Compatibilit\u00e0 universale del tubo flessibile per aspirapolvere da 3 m<\/h2>\n<p data-start=\"1105\" data-end=\"1271\">Il tubo flessibile per aspirapolvere da 3 metri a marchio Veltec \u00e8 universale e adatto a tutti i modelli Kirby. In questo modo non dovrete preoccuparvi di trovare il raccordo giusto.<\/p>\n<p data-start=\"1273\" data-end=\"1317\">Questo tubo per aspirapolvere \u00e8 compatibile con:<\/p>\n<ul data-start=\"1319\" data-end=\"1562\">\n<li data-start=\"1319\" data-end=\"1338\">Avalir Platinum<\/li>\n<li data-start=\"1339\" data-end=\"1351\">Avalir 2<\/li>\n<li data-start=\"1352\" data-end=\"1364\">Avalir 1<\/li>\n<li data-start=\"1365\" data-end=\"1385\">Sentria 2 (G10D)<\/li>\n<li data-start=\"1386\" data-end=\"1405\">Sentria 1 (G10)<\/li>\n<li data-start=\"1406\" data-end=\"1448\">Ultimate G Diamond Edition (G7D of DE)<\/li>\n<li data-start=\"1449\" data-end=\"1474\">Ultimate G (G7 of UG)<\/li>\n<li data-start=\"1475\" data-end=\"1496\">Generation 6 (G6)<\/li>\n<li data-start=\"1497\" data-end=\"1518\">Generation 5 (G5)<\/li>\n<li data-start=\"1519\" data-end=\"1540\">Generation 4 (G4)<\/li>\n<li data-start=\"1541\" data-end=\"1562\">Generation 3 (G3)<\/li>\n<\/ul>\n<p data-start=\"1564\" data-end=\"1667\">Questo rende il tubo da 3 metri una soluzione versatile sia per i modelli pi\u00f9 vecchi che per quelli pi\u00f9 recenti.<\/p>\n<p data-start=\"1669\" data-end=\"1781\">Dai un&#8217;occhiata anche al nostro <a href=\"https:\/\/www.veltec.eu\/it\/kirby-tubo-accessori\/\" target=\"_blank\" rel=\"noopener\">tubo flessibile Kirby e agli accessori<\/a> per ulteriori complementi.<\/p>\n<h2 data-start=\"1788\" data-end=\"1866\">Portata extra grazie al tubo flessibile per aspirapolvere da 3 m<\/h2>\n<p data-start=\"1868\" data-end=\"2106\">Con una lunghezza di tre metri, il tubo flessibile per aspirapolvere da 3 metri a marchio Veltec offre una libert\u00e0 di movimento notevolmente maggiore durante la pulizia. In questo modo \u00e8 possibile raggiungere senza fatica scale, soffitti, mobili e angoli difficili da raggiungere.<\/p>\n<p data-start=\"2108\" data-end=\"2298\">Inoltre, la lunghezza extra riduce la necessit\u00e0 di cambiare presa, il che non solo fa risparmiare tempo, ma rende anche il lavoro pi\u00f9 efficiente. Ci\u00f2 rende la pulizia approfondita pi\u00f9 facile e comoda.<\/p>\n<p data-start=\"2300\" data-end=\"2450\">Per ulteriori informazioni tecniche, consultate la nostra pagina blog: <a href=\"https:\/\/www.servizio-aspirapolvere-kirby.it\/tubo-flessibile-per-aspirapolvere-kirby\/\" target=\"_blank\" rel=\"noopener\">Tutto sui tubi flessibili per aspirapolvere Kirby.<\/a><\/p>\n<h2 data-start=\"2457\" data-end=\"2537\">Eenvoudige installatie van de Stofzuigerslang 3mtr<\/h2>\n<p data-start=\"2539\" data-end=\"2731\">Dankzij het doordachte kliksysteem is de stofzuigerslang 3mtr Veltec eigen merk snel te monteren. Hierdoor vervangt u uw oude slang zonder gereedschap en zonder technische kennis.<\/p>\n<p data-start=\"2733\" data-end=\"2942\">Daarnaast zorgt de stevige aansluiting ervoor dat luchtverlies wordt voorkomen, zodat uw Kirby stofzuiger optimale prestaties blijft leveren. Daardoor blijft de zuigkracht constant en krachtig bij elk gebruik.<\/p>\n<h2 data-start=\"2949\" data-end=\"3024\">Kirby Tubo flessibile per aspirapolvere 3 m Veltec marchio proprio come investimento sostenibile<\/h2>\n<p data-start=\"3026\" data-end=\"3264\">Scegliendo il tubo flessibile per aspirapolvere da 3 metri a marchio Veltec, investi in qualit\u00e0 e durata. Da un lato prolunghi la durata del tuo aspirapolvere Kirby, dall&#8217;altro eviti un&#8217;usura inutile dell&#8217;apparecchio stesso.<\/p>\n<p data-start=\"3266\" data-end=\"3583\" data-is-last-node=\"\" data-is-only-node=\"\">Inoltre, il marchio Veltec \u00e8 noto per l&#8217;eccellente rapporto qualit\u00e0-prezzo, che consente di beneficiare di prestazioni affidabili a un prezzo interessante. In breve, questo tubo di ricambio Kirby di alta qualit\u00e0 offre una combinazione ideale di flessibilit\u00e0, ampia compatibilit\u00e0 e durata, rappresentando cos\u00ec una soluzione completa e pratica per il vostro aspirapolvere Kirby.<\/p>\n<\/div>\n<\/div>\n<\/div>\n<\/div>\n<\/div>\n<\/div>\n<\/article>\n<\/div>\n","protected":false},"excerpt":{"rendered":"<p>Il tubo flessibile per aspirapolvere Kirby da 3 metri Veltec offre una lunghezza extra per la massima portata e una facile installazione. Adatto a tutti i modelli Kirby, inclusi Avalir, Sentria e Ultimate.<\/p>\n[trustindex data-widget-id=de4365f24f22281a6b165ed75b0]\n<h3><span style=\"color: #008000;\"><br \/>\nIn magazzino<\/span><\/h3>\n[av_font_icon icon='ue812' font='entypo-fontello' style='' caption='' size='25px' position='left' color='#43ad66' link='' linktarget='' title_attr='' sonar_effect_effect='' sonar_effect_color='' sonar_effect_duration='1' sonar_effect_scale='' sonar_effect_opac='0.5' animation='' id='' custom_class='' template_class='' av_uid='' sc_version='1.0' admin_preview_bg=''][\/av_font_icon]\n<p><span style=\"color: #008000;\">Ordinato prima della 23:59, spedito domani<\/span><\/p>\n<p>&nbsp;<\/p>\n","protected":false},"featured_media":28202,"comment_status":"open","ping_status":"closed","template":"","meta":[],"product_brand":[],"product_cat":[321],"product_tag":[],"class_list":{"0":"post-28257","1":"product","2":"type-product","3":"status-publish","4":"has-post-thumbnail","6":"product_cat-kirby-tubo-accessori","7":"product_shipping_class-klein-it","9":"first","10":"instock","11":"sale","12":"taxable","13":"shipping-taxable","14":"purchasable","15":"product-type-simple"},"yoast_head":"<!-- This site is optimized with the Yoast SEO Premium plugin v27.1 (Yoast SEO v27.4) - https:\/\/yoast.com\/product\/yoast-seo-premium-wordpress\/ -->\n<title>Kirby Tubo aspirapolvere 3mt Veltec proprio marchio - Veltec Kirby specialist<\/title>\n<meta name=\"description\" content=\"Kirby Tubo aspirapolvere 3mt Veltec proprio marchio - \u00e8 il fornitore delle aspirapolveri Kirby da oltre 25 anni. Veltec Kirby Specialist.\" \/>\n<meta name=\"robots\" content=\"index, follow, max-snippet:-1, max-image-preview:large, max-video-preview:-1\" \/>\n<link rel=\"canonical\" href=\"https:\/\/www.veltec.eu\/it\/product\/kirby-tubo-aspirapolvere-3mt-veltec-proprio-marchio-nl9901\/\" \/>\n<meta property=\"og:locale\" content=\"it_IT\" \/>\n<meta property=\"og:type\" content=\"article\" \/>\n<meta property=\"og:title\" content=\"Kirby Tubo aspirapolvere 3mt Veltec proprio marchio\" \/>\n<meta property=\"og:description\" content=\"Il tubo flessibile per aspirapolvere Kirby da 3 metri Veltec offre una lunghezza extra per la massima portata e una facile installazione. Adatto a tutti i modelli Kirby, inclusi Avalir, Sentria e Ultimate.    In magazzino   Ordinato prima della 23:59, spedito domani  &nbsp;\" \/>\n<meta property=\"og:url\" content=\"https:\/\/www.veltec.eu\/it\/product\/kirby-tubo-aspirapolvere-3mt-veltec-proprio-marchio-nl9901\/\" \/>\n<meta property=\"og:site_name\" content=\"Veltec Kirby specialist\" \/>\n<meta property=\"article:publisher\" content=\"https:\/\/www.facebook.com\/Veltec-Kirby-Specialist-236746293374877\/\" \/>\n<meta property=\"article:modified_time\" content=\"2026-03-05T08:18:02+00:00\" \/>\n<meta property=\"og:image\" content=\"https:\/\/www.veltec.eu\/wp-content\/uploads\/2019\/10\/hose-kirby.jpg\" \/>\n\t<meta property=\"og:image:width\" content=\"500\" \/>\n\t<meta property=\"og:image:height\" content=\"500\" \/>\n\t<meta property=\"og:image:type\" content=\"image\/jpeg\" \/>\n<meta name=\"twitter:card\" content=\"summary_large_image\" \/>\n<meta name=\"twitter:label1\" content=\"Tempo di lettura stimato\" \/>\n\t<meta name=\"twitter:data1\" content=\"3 minuti\" \/>\n<script type=\"application\/ld+json\" class=\"yoast-schema-graph\">{\"@context\":\"https:\\\/\\\/schema.org\",\"@graph\":[{\"@type\":\"WebPage\",\"@id\":\"https:\\\/\\\/www.veltec.eu\\\/it\\\/product\\\/kirby-tubo-aspirapolvere-3mt-veltec-proprio-marchio-nl9901\\\/\",\"url\":\"https:\\\/\\\/www.veltec.eu\\\/it\\\/product\\\/kirby-tubo-aspirapolvere-3mt-veltec-proprio-marchio-nl9901\\\/\",\"name\":\"Kirby Tubo aspirapolvere 3mt Veltec proprio marchio - Veltec Kirby specialist\",\"isPartOf\":{\"@id\":\"https:\\\/\\\/www.veltec.eu\\\/en\\\/#website\"},\"primaryImageOfPage\":{\"@id\":\"https:\\\/\\\/www.veltec.eu\\\/it\\\/product\\\/kirby-tubo-aspirapolvere-3mt-veltec-proprio-marchio-nl9901\\\/#primaryimage\"},\"image\":{\"@id\":\"https:\\\/\\\/www.veltec.eu\\\/it\\\/product\\\/kirby-tubo-aspirapolvere-3mt-veltec-proprio-marchio-nl9901\\\/#primaryimage\"},\"thumbnailUrl\":\"https:\\\/\\\/www.veltec.eu\\\/wp-content\\\/uploads\\\/2019\\\/10\\\/hose-kirby.jpg\",\"datePublished\":\"2019-10-11T08:02:19+00:00\",\"dateModified\":\"2026-03-05T08:18:02+00:00\",\"description\":\"Kirby Tubo aspirapolvere 3mt Veltec proprio marchio - \u00e8 il fornitore delle aspirapolveri Kirby da oltre 25 anni. Veltec Kirby Specialist.\",\"breadcrumb\":{\"@id\":\"https:\\\/\\\/www.veltec.eu\\\/it\\\/product\\\/kirby-tubo-aspirapolvere-3mt-veltec-proprio-marchio-nl9901\\\/#breadcrumb\"},\"inLanguage\":\"it-IT\",\"potentialAction\":[{\"@type\":\"ReadAction\",\"target\":[\"https:\\\/\\\/www.veltec.eu\\\/it\\\/product\\\/kirby-tubo-aspirapolvere-3mt-veltec-proprio-marchio-nl9901\\\/\"]}]},{\"@type\":\"ImageObject\",\"inLanguage\":\"it-IT\",\"@id\":\"https:\\\/\\\/www.veltec.eu\\\/it\\\/product\\\/kirby-tubo-aspirapolvere-3mt-veltec-proprio-marchio-nl9901\\\/#primaryimage\",\"url\":\"https:\\\/\\\/www.veltec.eu\\\/wp-content\\\/uploads\\\/2019\\\/10\\\/hose-kirby.jpg\",\"contentUrl\":\"https:\\\/\\\/www.veltec.eu\\\/wp-content\\\/uploads\\\/2019\\\/10\\\/hose-kirby.jpg\",\"width\":500,\"height\":500},{\"@type\":\"BreadcrumbList\",\"@id\":\"https:\\\/\\\/www.veltec.eu\\\/it\\\/product\\\/kirby-tubo-aspirapolvere-3mt-veltec-proprio-marchio-nl9901\\\/#breadcrumb\",\"itemListElement\":[{\"@type\":\"ListItem\",\"position\":1,\"name\":\"Home\",\"item\":\"https:\\\/\\\/www.veltec.eu\\\/it\\\/\"},{\"@type\":\"ListItem\",\"position\":2,\"name\":\"Produits\",\"item\":\"https:\\\/\\\/www.veltec.eu\\\/fr\\\/shop\\\/\"},{\"@type\":\"ListItem\",\"position\":3,\"name\":\"Kirby Tubo aspirapolvere 3mt Veltec proprio marchio\"}]},{\"@type\":\"WebSite\",\"@id\":\"https:\\\/\\\/www.veltec.eu\\\/en\\\/#website\",\"url\":\"https:\\\/\\\/www.veltec.eu\\\/en\\\/\",\"name\":\"Veltec Kirby specialist\",\"description\":\"Kirby stofzuiger producten\",\"publisher\":{\"@id\":\"https:\\\/\\\/www.veltec.eu\\\/en\\\/#organization\"},\"potentialAction\":[{\"@type\":\"SearchAction\",\"target\":{\"@type\":\"EntryPoint\",\"urlTemplate\":\"https:\\\/\\\/www.veltec.eu\\\/en\\\/?s={search_term_string}\"},\"query-input\":{\"@type\":\"PropertyValueSpecification\",\"valueRequired\":true,\"valueName\":\"search_term_string\"}}],\"inLanguage\":\"it-IT\"},{\"@type\":\"Organization\",\"@id\":\"https:\\\/\\\/www.veltec.eu\\\/en\\\/#organization\",\"name\":\"Veltec Kirby Specialist\",\"url\":\"https:\\\/\\\/www.veltec.eu\\\/en\\\/\",\"logo\":{\"@type\":\"ImageObject\",\"inLanguage\":\"it-IT\",\"@id\":\"https:\\\/\\\/www.veltec.eu\\\/en\\\/#\\\/schema\\\/logo\\\/image\\\/\",\"url\":\"https:\\\/\\\/www.veltec.eu\\\/wp-content\\\/uploads\\\/2021\\\/12\\\/Veltec-log-groot-e1537260889125.png\",\"contentUrl\":\"https:\\\/\\\/www.veltec.eu\\\/wp-content\\\/uploads\\\/2021\\\/12\\\/Veltec-log-groot-e1537260889125.png\",\"width\":200,\"height\":60,\"caption\":\"Veltec Kirby Specialist\"},\"image\":{\"@id\":\"https:\\\/\\\/www.veltec.eu\\\/en\\\/#\\\/schema\\\/logo\\\/image\\\/\"},\"sameAs\":[\"https:\\\/\\\/www.facebook.com\\\/Veltec-Kirby-Specialist-236746293374877\\\/\",\"https:\\\/\\\/www.youtube.com\\\/user\\\/VeltecService\"]}]}<\/script>\n<!-- \/ Yoast SEO Premium plugin. -->","yoast_head_json":{"title":"Kirby Tubo aspirapolvere 3mt Veltec proprio marchio - Veltec Kirby specialist","description":"Kirby Tubo aspirapolvere 3mt Veltec proprio marchio - \u00e8 il fornitore delle aspirapolveri Kirby da oltre 25 anni. Veltec Kirby Specialist.","robots":{"index":"index","follow":"follow","max-snippet":"max-snippet:-1","max-image-preview":"max-image-preview:large","max-video-preview":"max-video-preview:-1"},"canonical":"https:\/\/www.veltec.eu\/it\/product\/kirby-tubo-aspirapolvere-3mt-veltec-proprio-marchio-nl9901\/","og_locale":"it_IT","og_type":"article","og_title":"Kirby Tubo aspirapolvere 3mt Veltec proprio marchio","og_description":"Il tubo flessibile per aspirapolvere Kirby da 3 metri Veltec offre una lunghezza extra per la massima portata e una facile installazione. Adatto a tutti i modelli Kirby, inclusi Avalir, Sentria e Ultimate.    In magazzino   Ordinato prima della 23:59, spedito domani  &nbsp;","og_url":"https:\/\/www.veltec.eu\/it\/product\/kirby-tubo-aspirapolvere-3mt-veltec-proprio-marchio-nl9901\/","og_site_name":"Veltec Kirby specialist","article_publisher":"https:\/\/www.facebook.com\/Veltec-Kirby-Specialist-236746293374877\/","article_modified_time":"2026-03-05T08:18:02+00:00","og_image":[{"width":500,"height":500,"url":"https:\/\/www.veltec.eu\/wp-content\/uploads\/2019\/10\/hose-kirby.jpg","type":"image\/jpeg"}],"twitter_card":"summary_large_image","twitter_misc":{"Tempo di lettura stimato":"3 minuti"},"schema":{"@context":"https:\/\/schema.org","@graph":[{"@type":"WebPage","@id":"https:\/\/www.veltec.eu\/it\/product\/kirby-tubo-aspirapolvere-3mt-veltec-proprio-marchio-nl9901\/","url":"https:\/\/www.veltec.eu\/it\/product\/kirby-tubo-aspirapolvere-3mt-veltec-proprio-marchio-nl9901\/","name":"Kirby Tubo aspirapolvere 3mt Veltec proprio marchio - Veltec Kirby specialist","isPartOf":{"@id":"https:\/\/www.veltec.eu\/en\/#website"},"primaryImageOfPage":{"@id":"https:\/\/www.veltec.eu\/it\/product\/kirby-tubo-aspirapolvere-3mt-veltec-proprio-marchio-nl9901\/#primaryimage"},"image":{"@id":"https:\/\/www.veltec.eu\/it\/product\/kirby-tubo-aspirapolvere-3mt-veltec-proprio-marchio-nl9901\/#primaryimage"},"thumbnailUrl":"https:\/\/www.veltec.eu\/wp-content\/uploads\/2019\/10\/hose-kirby.jpg","datePublished":"2019-10-11T08:02:19+00:00","dateModified":"2026-03-05T08:18:02+00:00","description":"Kirby Tubo aspirapolvere 3mt Veltec proprio marchio - \u00e8 il fornitore delle aspirapolveri Kirby da oltre 25 anni. Veltec Kirby Specialist.","breadcrumb":{"@id":"https:\/\/www.veltec.eu\/it\/product\/kirby-tubo-aspirapolvere-3mt-veltec-proprio-marchio-nl9901\/#breadcrumb"},"inLanguage":"it-IT","potentialAction":[{"@type":"ReadAction","target":["https:\/\/www.veltec.eu\/it\/product\/kirby-tubo-aspirapolvere-3mt-veltec-proprio-marchio-nl9901\/"]}]},{"@type":"ImageObject","inLanguage":"it-IT","@id":"https:\/\/www.veltec.eu\/it\/product\/kirby-tubo-aspirapolvere-3mt-veltec-proprio-marchio-nl9901\/#primaryimage","url":"https:\/\/www.veltec.eu\/wp-content\/uploads\/2019\/10\/hose-kirby.jpg","contentUrl":"https:\/\/www.veltec.eu\/wp-content\/uploads\/2019\/10\/hose-kirby.jpg","width":500,"height":500},{"@type":"BreadcrumbList","@id":"https:\/\/www.veltec.eu\/it\/product\/kirby-tubo-aspirapolvere-3mt-veltec-proprio-marchio-nl9901\/#breadcrumb","itemListElement":[{"@type":"ListItem","position":1,"name":"Home","item":"https:\/\/www.veltec.eu\/it\/"},{"@type":"ListItem","position":2,"name":"Produits","item":"https:\/\/www.veltec.eu\/fr\/shop\/"},{"@type":"ListItem","position":3,"name":"Kirby Tubo aspirapolvere 3mt Veltec proprio marchio"}]},{"@type":"WebSite","@id":"https:\/\/www.veltec.eu\/en\/#website","url":"https:\/\/www.veltec.eu\/en\/","name":"Veltec Kirby specialist","description":"Kirby stofzuiger producten","publisher":{"@id":"https:\/\/www.veltec.eu\/en\/#organization"},"potentialAction":[{"@type":"SearchAction","target":{"@type":"EntryPoint","urlTemplate":"https:\/\/www.veltec.eu\/en\/?s={search_term_string}"},"query-input":{"@type":"PropertyValueSpecification","valueRequired":true,"valueName":"search_term_string"}}],"inLanguage":"it-IT"},{"@type":"Organization","@id":"https:\/\/www.veltec.eu\/en\/#organization","name":"Veltec Kirby Specialist","url":"https:\/\/www.veltec.eu\/en\/","logo":{"@type":"ImageObject","inLanguage":"it-IT","@id":"https:\/\/www.veltec.eu\/en\/#\/schema\/logo\/image\/","url":"https:\/\/www.veltec.eu\/wp-content\/uploads\/2021\/12\/Veltec-log-groot-e1537260889125.png","contentUrl":"https:\/\/www.veltec.eu\/wp-content\/uploads\/2021\/12\/Veltec-log-groot-e1537260889125.png","width":200,"height":60,"caption":"Veltec Kirby Specialist"},"image":{"@id":"https:\/\/www.veltec.eu\/en\/#\/schema\/logo\/image\/"},"sameAs":["https:\/\/www.facebook.com\/Veltec-Kirby-Specialist-236746293374877\/","https:\/\/www.youtube.com\/user\/VeltecService"]}]}},"_links":{"self":[{"href":"https:\/\/www.veltec.eu\/it\/wp-json\/wp\/v2\/product\/28257","targetHints":{"allow":["GET"]}}],"collection":[{"href":"https:\/\/www.veltec.eu\/it\/wp-json\/wp\/v2\/product"}],"about":[{"href":"https:\/\/www.veltec.eu\/it\/wp-json\/wp\/v2\/types\/product"}],"replies":[{"embeddable":true,"href":"https:\/\/www.veltec.eu\/it\/wp-json\/wp\/v2\/comments?post=28257"}],"wp:featuredmedia":[{"embeddable":true,"href":"https:\/\/www.veltec.eu\/it\/wp-json\/wp\/v2\/media\/28202"}],"wp:attachment":[{"href":"https:\/\/www.veltec.eu\/it\/wp-json\/wp\/v2\/media?parent=28257"}],"wp:term":[{"taxonomy":"product_brand","embeddable":true,"href":"https:\/\/www.veltec.eu\/it\/wp-json\/wp\/v2\/product_brand?post=28257"},{"taxonomy":"product_cat","embeddable":true,"href":"https:\/\/www.veltec.eu\/it\/wp-json\/wp\/v2\/product_cat?post=28257"},{"taxonomy":"product_tag","embeddable":true,"href":"https:\/\/www.veltec.eu\/it\/wp-json\/wp\/v2\/product_tag?post=28257"}],"curies":[{"name":"wp","href":"https:\/\/api.w.org\/{rel}","templated":true}]}}