{"id":18740,"date":"2019-03-18T11:42:55","date_gmt":"2019-03-18T09:42:55","guid":{"rendered":"https:\/\/www.veltec.eu\/product\/kirby-cinghia-trasmissione-1x\/"},"modified":"2026-03-05T11:09:18","modified_gmt":"2026-03-05T09:09:18","slug":"kirby-cinghia-trasmissione-1x-nl33579","status":"publish","type":"product","link":"https:\/\/www.veltec.eu\/it\/product\/kirby-cinghia-trasmissione-1x-nl33579\/","title":{"rendered":"Kirby Cinghia trasmissione 1x"},"content":{"rendered":"<h1 data-start=\"139\" data-end=\"232\">Kirby Cinghia trasmissione 1x \u2013 Duradera y Universal para Todos los Aspiradores Kirby<\/h1>\n<h2 data-start=\"234\" data-end=\"297\">Por qu\u00e9 la Kirby Cinghia trasmissione 1x es imprescindible<\/h2>\n<p data-start=\"298\" data-end=\"611\">\u00bfBusca una correa de transmisi\u00f3n Kirby de alta calidad para su aspirador? La Kirby Cinghia trasmissione 1x garantiza que el rodillo del cepillo gire sin problemas y que su aspirador funcione al m\u00e1ximo rendimiento. Este componente esencial mejora la eficiencia de su Kirby y asegura un hogar limpio y fresco.<\/p>\n<p data-start=\"613\" data-end=\"954\">La correa es universal y compatible con casi todos los modelos Kirby, incluyendo: Avalir Platinum, Avalir 2, Avalir 1, Sentria 2 (G10D), Sentria 1 (G10), Ultimate G Diamond Ed. (G7D o DE), Ultimate G (G7 o UG) y Generations 3\u20136. \u00bfQuiere saber qu\u00e9 correa se adapta perfectamente a su modelo? Consulte nuestra gu\u00eda completa de <a href=\"https:\/\/www.veltec.eu\/it\/modello-kirby\/\">modelos Kirby.<\/a><\/p>\n<h2 data-start=\"961\" data-end=\"996\">Calidad Superior y Durabilidad<\/h2>\n<p data-start=\"997\" data-end=\"1253\">\u00bfQu\u00e9 hace que la Kirby Cinghia trasmissione 1x sea tan confiable? Est\u00e1 fabricada con materiales de alta calidad resistentes al uso intensivo. Gracias a su construcci\u00f3n robusta, la correa se desgasta muy poco, prolongando la vida \u00fatil de su aspirador.<\/p>\n<p data-start=\"1255\" data-end=\"1558\">Usar un repuesto original Kirby, como esta correa de transmisi\u00f3n, evita problemas de compatibilidad y mantenimiento. \u00bfDesea aprender m\u00e1s sobre el cuidado de su aspirador Kirby? Lea nuestro art\u00edculo sobre el mantenimiento de piezas Kirby y descubra c\u00f3mo maximizar la vida \u00fatil de su correa del cepillo.<\/p>\n<div  class='avia-button-wrap avia-button-center  avia-builder-el-0  el_before_av_hr  avia-builder-el-first '>\n<style type=\"text\/css\" data-created_by=\"avia_inline_auto\" id=\"style-css-av-wvoa70-d2caa0eeb56870624b623047283a3e05\">\n#top #wrap_all .avia-button.av-wvoa70-d2caa0eeb56870624b623047283a3e05{\nbackground-color:#2d5c88;\nborder-color:#2d5c88;\nborder-radius:10px 10px 10px 10px;\ntransition:all 0.4s ease-in-out;\nfont-size:15px;\n}\n#top #wrap_all .avia-button.av-wvoa70-d2caa0eeb56870624b623047283a3e05:hover{\ncolor:white;\ntransition:all 0.4s ease-in-out;\n}\n#top #wrap_all .avia-button.av-wvoa70-d2caa0eeb56870624b623047283a3e05:hover .avia_button_background{\nborder-radius:10px 10px 10px 10px;\n}\n#top #wrap_all .avia-button.av-wvoa70-d2caa0eeb56870624b623047283a3e05:hover .avia-svg-icon svg:first-child{\nfill:white;\nstroke:white;\n}\n<\/style>\n<a href='https:\/\/www.servizio-aspirapolvere-kirby.it\/cinghia-di-trasmissione-kirby\/' class='avia-font-color-theme-color avia-button avia-button-fullwidth av-wvoa70-d2caa0eeb56870624b623047283a3e05 avia-icon_select-yes-left-icon avia-color-custom'   aria-label=\"Guarda qui! Tutto quello che c \u00e8 da sapere sulla cinghia di trasmissione Kirby\"><span class='avia_button_icon avia_button_icon_left avia-svg-icon avia-font-svg_entypo-fontello' data-av_svg_icon='info-circled' data-av_iconset='svg_entypo-fontello'><svg version=\"1.1\" xmlns=\"http:\/\/www.w3.org\/2000\/svg\" width=\"29\" height=\"32\" viewBox=\"0 0 29 32\" preserveAspectRatio=\"xMidYMid meet\" aria-labelledby='av-svg-title-1' aria-describedby='av-svg-desc-1' role=\"graphics-symbol\">\n<title id='av-svg-title-1'>Info-circled<\/title>\n<desc id='av-svg-desc-1'>Info-circled<\/desc>\n<path d=\"M14.528 1.28q6.080-0.064 10.432 4.16t4.48 10.304q0.064 6.080-4.192 10.464t-10.336 4.512q-6.080 0.064-10.464-4.192t-4.448-10.336q-0.128-6.080 4.16-10.464t10.368-4.448zM16.192 6.144q-1.344 0-2.080 0.768t-0.736 1.6q-0.064 0.896 0.48 1.408t1.568 0.512q1.216 0 1.952-0.704t0.736-1.728q0-1.856-1.92-1.856zM12.352 25.152q0.96 0 2.688-0.832t3.392-2.496l-0.576-0.768q-1.536 1.152-2.304 1.152-0.448 0-0.128-1.216l1.344-5.12q0.832-3.072-0.704-3.072-0.96 0-2.848 0.928t-3.68 2.4l0.512 0.832q1.664-1.088 2.368-1.088 0.384 0 0 1.088l-1.152 4.864q-0.832 3.328 1.088 3.328z\"><\/path>\n<\/svg><\/span><span class='avia_iconbox_title' >Guarda qui! Tutto quello che c \u00e8 da sapere sulla cinghia di trasmissione Kirby<\/span><span class='avia_button_background avia-button avia-button-fullwidth avia-color-theme-color-highlight'><\/span><\/a><\/div>\n<div  class='hr av-98mc4-d3957137329ea140a97da2cac6896644 hr-short  avia-builder-el-1  el_after_av_button_big  el_before_av_video  avia-builder-el-first  hr-center'><span class='hr-inner '><span class=\"hr-inner-style\"><\/span><\/span><\/div>\n<h2 data-start=\"1565\" data-end=\"1605\">Instalaci\u00f3n F\u00e1cil y Ajuste Perfecto<\/h2>\n<p data-start=\"1606\" data-end=\"1885\">Reemplazar su Kirby Cinghia trasmissione 1x es sencillo y no requiere herramientas profesionales. Gracias a sus medidas precisas, la correa se adapta perfectamente a diferentes modelos Kirby. Esto permite una instalaci\u00f3n r\u00e1pida y mejora inmediata de la potencia de succi\u00f3n.<\/p>\n<p data-start=\"1887\" data-end=\"2226\">Un rodillo de cepillo que funciona correctamente gira suavemente y elimina polvo, suciedad y al\u00e9rgenos de manera eficiente. \u00bfHa notado que su Kirby pierde potencia de succi\u00f3n? Esto suele ser se\u00f1al de que la correa necesita ser reemplazada. Vea nuestro video paso a paso para devolver su aspirador Kirby a condiciones \u00f3ptimas r\u00e1pidamente.<\/p>\n<p data-start=\"1887\" data-end=\"2226\"><div  id=\"video-kirby-26A0nOVNrUw\"  class='avia-video av-26A0nOVNrUw-53a22742e55e6158396599ff3a2d5d1c avia-video-16-9 kirby-video-embed av-no-preview-image avia-video-load-always av-lazyload-immediate av-lazyload-video-embed'  itemprop=\"video\" itemtype=\"https:\/\/schema.org\/VideoObject\"  data-original_url='https:\/\/youtu.be\/26A0nOVNrUw?list=UULF-xfmletLNRpv4lLhuytt3A'><script type='text\/html' class='av-video-tmpl'><div class='avia-iframe-wrap'><iframe loading=\"lazy\" title=\"Veltec Kirby - Sostituire un rullo battitappeto Kirby\" width=\"1500\" height=\"844\" src=\"https:\/\/www.youtube.com\/embed\/26A0nOVNrUw?list=UULF-xfmletLNRpv4lLhuytt3A&autoplay=0&loop=0&controls=1&mute=0\" frameborder=\"0\" allow=\"accelerometer; autoplay; clipboard-write; encrypted-media; gyroscope; picture-in-picture; web-share\" referrerpolicy=\"strict-origin-when-cross-origin\" allowfullscreen><\/iframe><\/div><\/script><div class='av-click-to-play-overlay'><div class=\"avia_playpause_icon\"><\/div><\/div><\/div><\/p>\n<h2 data-start=\"2233\" data-end=\"2271\">Mayor Potencia de Succi\u00f3n y Salud<\/h2>\n<p data-start=\"2272\" data-end=\"2549\">Una Kirby Cinghia trasmissione 1x en buen estado es clave para el rendimiento del aspirador. Cuando el rodillo del cepillo gira sin esfuerzo, el polvo y la suciedad se eliminan m\u00e1s r\u00e1pido, lo que es especialmente importante para hogares con mascotas o personas al\u00e9rgicas.<\/p>\n<p data-start=\"2551\" data-end=\"2805\">Reemplazar regularmente la correa de transmisi\u00f3n aumenta la potencia de succi\u00f3n, mejora la eficiencia y contribuye a un entorno m\u00e1s saludable. Descubra m\u00e1s consejos en nuestro art\u00edculo sobre c\u00f3mo <a href=\"https:\/\/www.servizio-aspirapolvere-kirby.it\/il-mio-kirby-non-aspira-piu\/\">mejorar la potencia de succi\u00f3n de los aspiradores Kirby.<\/a><\/p>\n<h2 data-start=\"2812\" data-end=\"2867\">Piezas Originales Kirby \u2013 Una Elecci\u00f3n Inteligente<\/h2>\n<p data-start=\"2868\" data-end=\"3083\">\u00bfPor qu\u00e9 elegir repuestos originales? La Kirby Cinghia trasmissione 1x garantiza un rendimiento \u00f3ptimo y total fiabilidad. Con una correa original, evita el desgaste prematuro y ahorra en costes de reparaci\u00f3n.<\/p>\n<p data-start=\"3085\" data-end=\"3327\">\u00bfDesea tener siempre un repuesto a mano? Tambi\u00e9n puede aprovechar nuestros paquetes: <a href=\"https:\/\/www.veltec.eu\/it\/product\/kirby-cinghia-trasmissione-2x-nl300612\/\">Kirby Cinghia trasmissione 2x<\/a> o la oferta de <a href=\"https:\/\/www.veltec.eu\/it\/product\/kirby-cinghia-trasmissione-3x-nl3006\/\">3x Kirby Cinghia trasmissione<\/a>. As\u00ed, siempre tendr\u00e1 un repuesto y su Kirby seguir\u00e1 funcionando a la perfecci\u00f3n.<\/p>\n<h2 data-start=\"3334\" data-end=\"3388\">Conclusi\u00f3n: Invierta en Rendimiento y Durabilidad<\/h2>\n<p data-start=\"3389\" data-end=\"3606\">La Kirby Cinghia trasmissione 1x es esencial para un aspirador que funcione correctamente. Gracias a sus materiales duraderos, ajuste perfecto e instalaci\u00f3n sencilla, su Kirby permanecer\u00e1 en condiciones \u00f3ptimas.<\/p>\n<p data-start=\"3608\" data-end=\"3867\">\u00a1Ordene hoy su Kirby Cinghia trasmissione 1x y experimente de inmediato la diferencia en potencia de succi\u00f3n y eficiencia! Comb\u00ednela con otras <a href=\"https:\/\/www.veltec.eu\/it\/negozio-kirby\/\">piezas originales Kirby<\/a> para una soluci\u00f3n de limpieza completa y mantenga su hogar siempre limpio y saludable.<\/p>\n","protected":false},"excerpt":{"rendered":"<p>La Kirby Cinghia trasmissione 1x asegura una rotaci\u00f3n suave del rodillo del cepillo y mantiene la potencia de succi\u00f3n \u00f3ptima. Compatible con casi todos los modelos Kirby. Per l` ampio battitappeto, Kirby Sistema Shampoo, Kirby Rullo Iucidatrice.<\/p>\n[trustindex data-widget-id=de4365f24f22281a6b165ed75b0]\n<h3><span style=\"color: #008000;\"><br \/>\nIn magazzino<\/span><\/h3>\n[av_font_icon icon='ue812' font='entypo-fontello' style='' caption='' size='25px' position='left' color='#43ad66' link='' linktarget='' title_attr='' sonar_effect_effect='' sonar_effect_color='' sonar_effect_duration='1' sonar_effect_scale='' sonar_effect_opac='0.5' animation='' id='' custom_class='' template_class='' av_uid='' sc_version='1.0' admin_preview_bg=''][\/av_font_icon]\n<p><span style=\"color: #008000;\">Ordinato prima della 23:59, spedito domani<\/span><\/p>\n<p>&nbsp;<\/p>\n","protected":false},"featured_media":18697,"comment_status":"open","ping_status":"closed","template":"","meta":[],"product_brand":[],"product_cat":[340],"product_tag":[],"class_list":{"0":"post-18740","1":"product","2":"type-product","3":"status-publish","4":"has-post-thumbnail","6":"product_cat-kirby-spazzole-accessori","7":"product_shipping_class-klein-it","9":"first","10":"instock","11":"taxable","12":"shipping-taxable","13":"purchasable","14":"product-type-simple"},"yoast_head":"<!-- This site is optimized with the Yoast SEO Premium plugin v27.1 (Yoast SEO v27.4) - https:\/\/yoast.com\/product\/yoast-seo-premium-wordpress\/ -->\n<title>Kirby Cinghia trasmissione 1x \u2013 Original, duradera y universal<\/title>\n<meta name=\"description\" content=\"Mejore el rendimiento de su aspirador con la Kirby Cinghia trasmissione 1x. Instalaci\u00f3n f\u00e1cil, ajuste perfecto y larga duraci\u00f3n garantizada.\" \/>\n<meta name=\"robots\" content=\"index, follow, max-snippet:-1, max-image-preview:large, max-video-preview:-1\" \/>\n<link rel=\"canonical\" href=\"https:\/\/www.veltec.eu\/it\/product\/kirby-cinghia-trasmissione-1x-nl33579\/\" \/>\n<meta property=\"og:locale\" content=\"it_IT\" \/>\n<meta property=\"og:type\" content=\"article\" \/>\n<meta property=\"og:title\" content=\"Kirby Cinghia trasmissione 1x\" \/>\n<meta property=\"og:description\" content=\"La Kirby Cinghia trasmissione 1x asegura una rotaci\u00f3n suave del rodillo del cepillo y mantiene la potencia de succi\u00f3n \u00f3ptima. Compatible con casi todos los modelos Kirby. Per l` ampio battitappeto, Kirby Sistema Shampoo, Kirby Rullo Iucidatrice.    In magazzino   Ordinato prima della 23:59, spedito domani  &nbsp;\" \/>\n<meta property=\"og:url\" content=\"https:\/\/www.veltec.eu\/it\/product\/kirby-cinghia-trasmissione-1x-nl33579\/\" \/>\n<meta property=\"og:site_name\" content=\"Veltec Kirby specialist\" \/>\n<meta property=\"article:publisher\" content=\"https:\/\/www.facebook.com\/Veltec-Kirby-Specialist-236746293374877\/\" \/>\n<meta property=\"article:modified_time\" content=\"2026-03-05T09:09:18+00:00\" \/>\n<meta property=\"og:image\" content=\"https:\/\/www.veltec.eu\/wp-content\/uploads\/2019\/03\/Belt-Kirby-1-1.jpg\" \/>\n\t<meta property=\"og:image:width\" content=\"500\" \/>\n\t<meta property=\"og:image:height\" content=\"500\" \/>\n\t<meta property=\"og:image:type\" content=\"image\/jpeg\" \/>\n<meta name=\"twitter:card\" content=\"summary_large_image\" \/>\n<meta name=\"twitter:label1\" content=\"Tempo di lettura stimato\" \/>\n\t<meta name=\"twitter:data1\" content=\"3 minuti\" \/>\n<script type=\"application\/ld+json\" class=\"yoast-schema-graph\">{\"@context\":\"https:\\\/\\\/schema.org\",\"@graph\":[{\"@type\":\"WebPage\",\"@id\":\"https:\\\/\\\/www.veltec.eu\\\/it\\\/product\\\/kirby-cinghia-trasmissione-1x-nl33579\\\/\",\"url\":\"https:\\\/\\\/www.veltec.eu\\\/it\\\/product\\\/kirby-cinghia-trasmissione-1x-nl33579\\\/\",\"name\":\"Kirby Cinghia trasmissione 1x \u2013 Original, duradera y universal\",\"isPartOf\":{\"@id\":\"https:\\\/\\\/www.veltec.eu\\\/en\\\/#website\"},\"primaryImageOfPage\":{\"@id\":\"https:\\\/\\\/www.veltec.eu\\\/it\\\/product\\\/kirby-cinghia-trasmissione-1x-nl33579\\\/#primaryimage\"},\"image\":{\"@id\":\"https:\\\/\\\/www.veltec.eu\\\/it\\\/product\\\/kirby-cinghia-trasmissione-1x-nl33579\\\/#primaryimage\"},\"thumbnailUrl\":\"https:\\\/\\\/www.veltec.eu\\\/wp-content\\\/uploads\\\/2019\\\/03\\\/Belt-Kirby-1-1.jpg\",\"datePublished\":\"2019-03-18T09:42:55+00:00\",\"dateModified\":\"2026-03-05T09:09:18+00:00\",\"description\":\"Mejore el rendimiento de su aspirador con la Kirby Cinghia trasmissione 1x. Instalaci\u00f3n f\u00e1cil, ajuste perfecto y larga duraci\u00f3n garantizada.\",\"breadcrumb\":{\"@id\":\"https:\\\/\\\/www.veltec.eu\\\/it\\\/product\\\/kirby-cinghia-trasmissione-1x-nl33579\\\/#breadcrumb\"},\"inLanguage\":\"it-IT\",\"potentialAction\":[{\"@type\":\"ReadAction\",\"target\":[\"https:\\\/\\\/www.veltec.eu\\\/it\\\/product\\\/kirby-cinghia-trasmissione-1x-nl33579\\\/\"]}]},{\"@type\":\"ImageObject\",\"inLanguage\":\"it-IT\",\"@id\":\"https:\\\/\\\/www.veltec.eu\\\/it\\\/product\\\/kirby-cinghia-trasmissione-1x-nl33579\\\/#primaryimage\",\"url\":\"https:\\\/\\\/www.veltec.eu\\\/wp-content\\\/uploads\\\/2019\\\/03\\\/Belt-Kirby-1-1.jpg\",\"contentUrl\":\"https:\\\/\\\/www.veltec.eu\\\/wp-content\\\/uploads\\\/2019\\\/03\\\/Belt-Kirby-1-1.jpg\",\"width\":500,\"height\":500},{\"@type\":\"BreadcrumbList\",\"@id\":\"https:\\\/\\\/www.veltec.eu\\\/it\\\/product\\\/kirby-cinghia-trasmissione-1x-nl33579\\\/#breadcrumb\",\"itemListElement\":[{\"@type\":\"ListItem\",\"position\":1,\"name\":\"Home\",\"item\":\"https:\\\/\\\/www.veltec.eu\\\/it\\\/\"},{\"@type\":\"ListItem\",\"position\":2,\"name\":\"Produits\",\"item\":\"https:\\\/\\\/www.veltec.eu\\\/fr\\\/shop\\\/\"},{\"@type\":\"ListItem\",\"position\":3,\"name\":\"Kirby Cinghia trasmissione 1x\"}]},{\"@type\":\"WebSite\",\"@id\":\"https:\\\/\\\/www.veltec.eu\\\/en\\\/#website\",\"url\":\"https:\\\/\\\/www.veltec.eu\\\/en\\\/\",\"name\":\"Veltec Kirby specialist\",\"description\":\"Kirby stofzuiger producten\",\"publisher\":{\"@id\":\"https:\\\/\\\/www.veltec.eu\\\/en\\\/#organization\"},\"potentialAction\":[{\"@type\":\"SearchAction\",\"target\":{\"@type\":\"EntryPoint\",\"urlTemplate\":\"https:\\\/\\\/www.veltec.eu\\\/en\\\/?s={search_term_string}\"},\"query-input\":{\"@type\":\"PropertyValueSpecification\",\"valueRequired\":true,\"valueName\":\"search_term_string\"}}],\"inLanguage\":\"it-IT\"},{\"@type\":\"Organization\",\"@id\":\"https:\\\/\\\/www.veltec.eu\\\/en\\\/#organization\",\"name\":\"Veltec Kirby Specialist\",\"url\":\"https:\\\/\\\/www.veltec.eu\\\/en\\\/\",\"logo\":{\"@type\":\"ImageObject\",\"inLanguage\":\"it-IT\",\"@id\":\"https:\\\/\\\/www.veltec.eu\\\/en\\\/#\\\/schema\\\/logo\\\/image\\\/\",\"url\":\"https:\\\/\\\/www.veltec.eu\\\/wp-content\\\/uploads\\\/2021\\\/12\\\/Veltec-log-groot-e1537260889125.png\",\"contentUrl\":\"https:\\\/\\\/www.veltec.eu\\\/wp-content\\\/uploads\\\/2021\\\/12\\\/Veltec-log-groot-e1537260889125.png\",\"width\":200,\"height\":60,\"caption\":\"Veltec Kirby Specialist\"},\"image\":{\"@id\":\"https:\\\/\\\/www.veltec.eu\\\/en\\\/#\\\/schema\\\/logo\\\/image\\\/\"},\"sameAs\":[\"https:\\\/\\\/www.facebook.com\\\/Veltec-Kirby-Specialist-236746293374877\\\/\",\"https:\\\/\\\/www.youtube.com\\\/user\\\/VeltecService\"]}]}<\/script>\n<!-- \/ Yoast SEO Premium plugin. -->","yoast_head_json":{"title":"Kirby Cinghia trasmissione 1x \u2013 Original, duradera y universal","description":"Mejore el rendimiento de su aspirador con la Kirby Cinghia trasmissione 1x. Instalaci\u00f3n f\u00e1cil, ajuste perfecto y larga duraci\u00f3n garantizada.","robots":{"index":"index","follow":"follow","max-snippet":"max-snippet:-1","max-image-preview":"max-image-preview:large","max-video-preview":"max-video-preview:-1"},"canonical":"https:\/\/www.veltec.eu\/it\/product\/kirby-cinghia-trasmissione-1x-nl33579\/","og_locale":"it_IT","og_type":"article","og_title":"Kirby Cinghia trasmissione 1x","og_description":"La Kirby Cinghia trasmissione 1x asegura una rotaci\u00f3n suave del rodillo del cepillo y mantiene la potencia de succi\u00f3n \u00f3ptima. Compatible con casi todos los modelos Kirby. Per l` ampio battitappeto, Kirby Sistema Shampoo, Kirby Rullo Iucidatrice.    In magazzino   Ordinato prima della 23:59, spedito domani  &nbsp;","og_url":"https:\/\/www.veltec.eu\/it\/product\/kirby-cinghia-trasmissione-1x-nl33579\/","og_site_name":"Veltec Kirby specialist","article_publisher":"https:\/\/www.facebook.com\/Veltec-Kirby-Specialist-236746293374877\/","article_modified_time":"2026-03-05T09:09:18+00:00","og_image":[{"width":500,"height":500,"url":"https:\/\/www.veltec.eu\/wp-content\/uploads\/2019\/03\/Belt-Kirby-1-1.jpg","type":"image\/jpeg"}],"twitter_card":"summary_large_image","twitter_misc":{"Tempo di lettura stimato":"3 minuti"},"schema":{"@context":"https:\/\/schema.org","@graph":[{"@type":"WebPage","@id":"https:\/\/www.veltec.eu\/it\/product\/kirby-cinghia-trasmissione-1x-nl33579\/","url":"https:\/\/www.veltec.eu\/it\/product\/kirby-cinghia-trasmissione-1x-nl33579\/","name":"Kirby Cinghia trasmissione 1x \u2013 Original, duradera y universal","isPartOf":{"@id":"https:\/\/www.veltec.eu\/en\/#website"},"primaryImageOfPage":{"@id":"https:\/\/www.veltec.eu\/it\/product\/kirby-cinghia-trasmissione-1x-nl33579\/#primaryimage"},"image":{"@id":"https:\/\/www.veltec.eu\/it\/product\/kirby-cinghia-trasmissione-1x-nl33579\/#primaryimage"},"thumbnailUrl":"https:\/\/www.veltec.eu\/wp-content\/uploads\/2019\/03\/Belt-Kirby-1-1.jpg","datePublished":"2019-03-18T09:42:55+00:00","dateModified":"2026-03-05T09:09:18+00:00","description":"Mejore el rendimiento de su aspirador con la Kirby Cinghia trasmissione 1x. Instalaci\u00f3n f\u00e1cil, ajuste perfecto y larga duraci\u00f3n garantizada.","breadcrumb":{"@id":"https:\/\/www.veltec.eu\/it\/product\/kirby-cinghia-trasmissione-1x-nl33579\/#breadcrumb"},"inLanguage":"it-IT","potentialAction":[{"@type":"ReadAction","target":["https:\/\/www.veltec.eu\/it\/product\/kirby-cinghia-trasmissione-1x-nl33579\/"]}]},{"@type":"ImageObject","inLanguage":"it-IT","@id":"https:\/\/www.veltec.eu\/it\/product\/kirby-cinghia-trasmissione-1x-nl33579\/#primaryimage","url":"https:\/\/www.veltec.eu\/wp-content\/uploads\/2019\/03\/Belt-Kirby-1-1.jpg","contentUrl":"https:\/\/www.veltec.eu\/wp-content\/uploads\/2019\/03\/Belt-Kirby-1-1.jpg","width":500,"height":500},{"@type":"BreadcrumbList","@id":"https:\/\/www.veltec.eu\/it\/product\/kirby-cinghia-trasmissione-1x-nl33579\/#breadcrumb","itemListElement":[{"@type":"ListItem","position":1,"name":"Home","item":"https:\/\/www.veltec.eu\/it\/"},{"@type":"ListItem","position":2,"name":"Produits","item":"https:\/\/www.veltec.eu\/fr\/shop\/"},{"@type":"ListItem","position":3,"name":"Kirby Cinghia trasmissione 1x"}]},{"@type":"WebSite","@id":"https:\/\/www.veltec.eu\/en\/#website","url":"https:\/\/www.veltec.eu\/en\/","name":"Veltec Kirby specialist","description":"Kirby stofzuiger producten","publisher":{"@id":"https:\/\/www.veltec.eu\/en\/#organization"},"potentialAction":[{"@type":"SearchAction","target":{"@type":"EntryPoint","urlTemplate":"https:\/\/www.veltec.eu\/en\/?s={search_term_string}"},"query-input":{"@type":"PropertyValueSpecification","valueRequired":true,"valueName":"search_term_string"}}],"inLanguage":"it-IT"},{"@type":"Organization","@id":"https:\/\/www.veltec.eu\/en\/#organization","name":"Veltec Kirby Specialist","url":"https:\/\/www.veltec.eu\/en\/","logo":{"@type":"ImageObject","inLanguage":"it-IT","@id":"https:\/\/www.veltec.eu\/en\/#\/schema\/logo\/image\/","url":"https:\/\/www.veltec.eu\/wp-content\/uploads\/2021\/12\/Veltec-log-groot-e1537260889125.png","contentUrl":"https:\/\/www.veltec.eu\/wp-content\/uploads\/2021\/12\/Veltec-log-groot-e1537260889125.png","width":200,"height":60,"caption":"Veltec Kirby Specialist"},"image":{"@id":"https:\/\/www.veltec.eu\/en\/#\/schema\/logo\/image\/"},"sameAs":["https:\/\/www.facebook.com\/Veltec-Kirby-Specialist-236746293374877\/","https:\/\/www.youtube.com\/user\/VeltecService"]}]}},"_links":{"self":[{"href":"https:\/\/www.veltec.eu\/it\/wp-json\/wp\/v2\/product\/18740","targetHints":{"allow":["GET"]}}],"collection":[{"href":"https:\/\/www.veltec.eu\/it\/wp-json\/wp\/v2\/product"}],"about":[{"href":"https:\/\/www.veltec.eu\/it\/wp-json\/wp\/v2\/types\/product"}],"replies":[{"embeddable":true,"href":"https:\/\/www.veltec.eu\/it\/wp-json\/wp\/v2\/comments?post=18740"}],"wp:featuredmedia":[{"embeddable":true,"href":"https:\/\/www.veltec.eu\/it\/wp-json\/wp\/v2\/media\/18697"}],"wp:attachment":[{"href":"https:\/\/www.veltec.eu\/it\/wp-json\/wp\/v2\/media?parent=18740"}],"wp:term":[{"taxonomy":"product_brand","embeddable":true,"href":"https:\/\/www.veltec.eu\/it\/wp-json\/wp\/v2\/product_brand?post=18740"},{"taxonomy":"product_cat","embeddable":true,"href":"https:\/\/www.veltec.eu\/it\/wp-json\/wp\/v2\/product_cat?post=18740"},{"taxonomy":"product_tag","embeddable":true,"href":"https:\/\/www.veltec.eu\/it\/wp-json\/wp\/v2\/product_tag?post=18740"}],"curies":[{"name":"wp","href":"https:\/\/api.w.org\/{rel}","templated":true}]}}