{"id":14056,"date":"2018-11-22T12:53:34","date_gmt":"2018-11-22T10:53:34","guid":{"rendered":"https:\/\/www.veltec.eu\/product\/kirby-sentria-ii\/"},"modified":"2026-05-06T10:59:36","modified_gmt":"2026-05-06T08:59:36","slug":"kirby-sentria-2-base-nl3965","status":"publish","type":"product","link":"https:\/\/www.veltec.eu\/it\/product\/kirby-sentria-2-base-nl3965\/","title":{"rendered":"Kirby Sentria 2 Base"},"content":{"rendered":"<h1 data-start=\"389\" data-end=\"476\">Kirby Sentria 2 Base Revisionato in officina<\/h1>\n<p data-start=\"478\" data-end=\"1026\">Cerchi di acquistare una Kirby Sentria 2 Base senza dover pagare il prezzo pieno di un nuovo apparecchio? Allora la nostra Kirby Sentria 2 Revisionato in officina \u00e8 la scelta ideale. Nel nostro laboratorio specializzato Veltec Kirby, ogni aspirapolvere Kirby Sentria 2 Base viene revisionato con competenza, garantendo prestazioni elevate, motore potente e componenti durevoli \u2013 con un risparmio fino all\u201980% rispetto al nuovo. Grazie a questa conveniente offerta Kirby Sentria 2, potrai scegliere qualit\u00e0 top e lunga durata.<\/p>\n<h2 data-start=\"1033\" data-end=\"1094\">Perch\u00e9 la Kirby Sentria 2 \u00e8 una scelta intelligente<\/h2>\n<p data-start=\"1095\" data-end=\"1582\">La Kirby Sentria 2 \u00e8 nota per la sua struttura metallica resistente, il motore potente e le versatili opzioni di pulizia. Questo aspirapolvere Kirby Sentria 2 Base non solo pulisce pavimenti, ma tratta anche materassi, mobili, tappeti e tende a livello professionale. Inoltre, il sistema HEPA filtra anche le particelle pi\u00f9 piccole e gli allergeni, rendendo questo modello Kirby Sentria 2 ideale per famiglie con bambini, animali domestici o persone con allergie.<\/p>\n<p><span style=\"font-size: 16px;\">Con il Kirby Sentria 2 non acquisterete semplicemente un aspirapolvere, ma una soluzione di pulizia completa e versatile per tutta la vostra casa.<\/span><\/p>\n<p><a href=\"https:\/\/www.veltec.eu\/it\/aspirapolvere-e-sacchetti\/kirby-revisionato-in-officina\/\" target=\"_blank\" rel=\"noopener\">Qui troverete informazioni su tutti gli aspirapolvere Kirby revisionato in officina<\/a><\/p>\n<p><img decoding=\"async\" class=\"alignright wp-image-85975 size-medium\" src=\"https:\/\/www.veltec.eu\/wp-content\/uploads\/2018\/09\/Kirby-refurbished-1-300x300.png\" alt=\"Kirby Sentria 2 Base Revisionato in officina\" width=\"300\" height=\"300\" srcset=\"https:\/\/www.veltec.eu\/wp-content\/uploads\/2018\/09\/Kirby-refurbished-1-300x300.png 300w, https:\/\/www.veltec.eu\/wp-content\/uploads\/2018\/09\/Kirby-refurbished-1-80x80.png 80w, https:\/\/www.veltec.eu\/wp-content\/uploads\/2018\/09\/Kirby-refurbished-1-36x36.png 36w, https:\/\/www.veltec.eu\/wp-content\/uploads\/2018\/09\/Kirby-refurbished-1-180x180.png 180w, https:\/\/www.veltec.eu\/wp-content\/uploads\/2018\/09\/Kirby-refurbished-1-120x120.png 120w, https:\/\/www.veltec.eu\/wp-content\/uploads\/2018\/09\/Kirby-refurbished-1-450x450.png 450w, https:\/\/www.veltec.eu\/wp-content\/uploads\/2018\/09\/Kirby-refurbished-1-600x600.png 600w, https:\/\/www.veltec.eu\/wp-content\/uploads\/2018\/09\/Kirby-refurbished-1-100x100.png 100w, https:\/\/www.veltec.eu\/wp-content\/uploads\/2018\/09\/Kirby-refurbished-1.png 626w\" sizes=\"(max-width: 300px) 100vw, 300px\" \/><\/p>\n<h2 data-start=\"1684\" data-end=\"1749\">Revisionato in officina da Veltec Kirby \u2013 Qualit\u00e0 affidabile<\/h2>\n<p data-start=\"1750\" data-end=\"2099\">I nostri modelli Kirby Sentria 2 Revisionato in officina vengono acquistati selettivamente da distributori autorizzati. Molti di questi apparecchi sono stati utilizzati solo come modelli dimostrativi, quindi sono in ottime condizioni tecniche. Nel nostro laboratorio Veltec Kirby, ogni Kirby Sentria 2 Base viene completamente revisionata:<\/p>\n<ul data-start=\"2101\" data-end=\"2228\">\n<li>Il motore riceve una manutenzione completa.<\/li>\n<li>Tutte le parti usurate del motore vengono sostituite con nuovi componenti originali del motore.<\/li>\n<li>Il corpo macchina viene lucidato professionalmente.<\/li>\n<\/ul>\n<p data-start=\"2230\" data-end=\"2387\">Il risultato \u00e8 un aspirapolvere Kirby Sentria 2 Revisionato in officina che funziona e appare come nuovo, ma a una frazione del prezzo di listino.<\/p>\n<h2 data-start=\"2394\" data-end=\"2459\">Vantaggi di una Kirby Sentria 2 Revisionato in officina<\/h2>\n<p data-start=\"2460\" data-end=\"2715\">Scegliendo una Kirby Sentria 2 Revisionato in officina, opti per sostenibilit\u00e0, qualit\u00e0 e un prezzo conveniente. Il riutilizzo di componenti di alta qualit\u00e0 riduce gli sprechi e permette di ottenere le stesse prestazioni potenti di un modello nuovo.<\/p>\n<p>Qui trovate maggiori informazioni su <a href=\"https:\/\/www.servizio-aspirapolvere-kirby.it\/aspirapolvere-kirby\/\" target=\"_blank\" rel=\"noopener\">Tutto quello che c&#8217;\u00e8 da sapere sulla potenza e la durata dell&#8217;aspirapolvere Kirby<\/a><\/p>\n<h2 data-start=\"2831\" data-end=\"2884\">Cosa ricevi acquistando una Kirby Sentria 2<\/h2>\n<p data-start=\"2831\" data-end=\"2884\">Quando acquisti una Kirby Sentria 2, riceverai:<\/p>\n<ul data-start=\"2945\" data-end=\"3212\">\n<li>Un apparecchio Kirby Sentria 2 Revisionato in officina completo con nuove parti dove necessario.<\/li>\n<li>Un set completo di 16 accessori per pavimenti, mobili, materassi, tappeti e altro ancora.<\/li>\n<li>Una macchina lucidata che sembra come nuova.<\/li>\n<li>Riceverete inoltre 12 mesi di garanzia.<\/li>\n<\/ul>\n<p data-start=\"3214\" data-end=\"3286\">La Kirby Sentria 2 Base viene consegnata come mostrato nelle foto.<\/p>\n<div id=\"attachment_5503\" style=\"width: 582px\" class=\"wp-caption alignnone\"><img decoding=\"async\" aria-describedby=\"caption-attachment-5503\" class=\"wp-image-5503 size-full\" src=\"https:\/\/www.veltec.eu\/wp-content\/uploads\/2018\/10\/kit_2.jpg\" alt=\"Kirby Sentria 2\" width=\"572\" height=\"406\" srcset=\"https:\/\/www.veltec.eu\/wp-content\/uploads\/2018\/10\/kit_2.jpg 572w, https:\/\/www.veltec.eu\/wp-content\/uploads\/2018\/10\/kit_2-300x213.jpg 300w, https:\/\/www.veltec.eu\/wp-content\/uploads\/2018\/10\/kit_2-260x185.jpg 260w\" sizes=\"(max-width: 572px) 100vw, 572px\" \/><p id=\"caption-attachment-5503\" class=\"wp-caption-text\">Kirby Sentria 2 Base<\/p><\/div>\n<h2 data-start=\"3293\" data-end=\"3360\">Kirby Sentria 2 Base \u2013 Affidabilit\u00e0 e prestazioni oggi stesso<\/h2>\n<p data-start=\"3361\" data-end=\"3611\">Con la Kirby Sentria 2 Revisionato in officina, porterai a casa affidabilit\u00e0, prestazioni e durata. Grazie alla revisione professionale di Veltec Kirby, il tuo apparecchio durer\u00e0 anni e ti garantir\u00e0 pulizia profonda e igienica ogni giorno.<\/p>\n<p data-start=\"3613\" data-end=\"3687\">Gli aspirapolvere Kirby vengono consegnati entro 5\u201310 giorni lavorativi.<\/p>\n<p><a href=\"https:\/\/www.veltec.eu\/it\/acquista-kirby-sentria\/\" target=\"_blank\" rel=\"noopener\">Maggiori informazioni sull&#8217;acquisto del Kirby Sentria sono disponibili qui.<\/a><\/p>\n","protected":false},"excerpt":{"rendered":"<p>La Kirby Sentria 2 Base revisionata in officina offre prestazioni professionali, componenti rigenerati e una macchina che sembra nuova. Una soluzione potente, durevole e conveniente per una pulizia profonda quotidiana.<\/p>\n[trustindex data-widget-id=de4365f24f22281a6b165ed75b0]\n<h3><span style=\"color: #008000;\"><br \/>\nIn magazzino<\/span><\/h3>\n[av_font_icon icon='ue812' font='entypo-fontello' style='' caption='' size='25px' position='left' color='#43ad66' link='' linktarget='' title_attr='' sonar_effect_effect='' sonar_effect_color='' sonar_effect_duration='1' sonar_effect_scale='' sonar_effect_opac='0.5' animation='' id='' custom_class='' template_class='' av_uid='' sc_version='1.0' admin_preview_bg=''][\/av_font_icon]\n<p><span style=\"color: #008000;\">I tempi di consegna sono compresi tra 5 e 10 giorni lavorativi<\/span><\/p>\n<p>&nbsp;<\/p>\n","protected":false},"featured_media":86031,"comment_status":"open","ping_status":"closed","template":"","meta":{"_acf_changed":false},"product_brand":[],"product_cat":[411],"product_tag":[],"class_list":{"0":"post-14056","1":"product","2":"type-product","3":"status-publish","4":"has-post-thumbnail","6":"product_cat-kirby-revisionato-in-officina","7":"product_shipping_class-groot-it","9":"first","10":"instock","11":"sale","12":"taxable","13":"shipping-taxable","14":"purchasable","15":"product-type-simple"},"acf":[],"yoast_head":"<!-- This site is optimized with the Yoast SEO Premium plugin v27.1 (Yoast SEO v27.5) - https:\/\/yoast.com\/product\/yoast-seo-premium-wordpress\/ -->\n<title>Kirby Sentria 2 Base Revisionato in Officina | Qualit\u00e0 Top<\/title>\n<meta name=\"description\" content=\"Kirby Sentria 2 Base revisionato in officina: potente, affidabile, completo di accessori e fino all\u201980% pi\u00f9 conveniente rispetto al nuovo.\" \/>\n<meta name=\"robots\" content=\"index, follow, max-snippet:-1, max-image-preview:large, max-video-preview:-1\" \/>\n<link rel=\"canonical\" href=\"https:\/\/www.veltec.eu\/it\/product\/kirby-sentria-2-base-nl3965\/\" \/>\n<meta property=\"og:locale\" content=\"it_IT\" \/>\n<meta property=\"og:type\" content=\"article\" \/>\n<meta property=\"og:title\" content=\"Kirby Sentria 2 Base\" \/>\n<meta property=\"og:description\" content=\"La Kirby Sentria 2 Base revisionata in officina offre prestazioni professionali, componenti rigenerati e una macchina che sembra nuova. Una soluzione potente, durevole e conveniente per una pulizia profonda quotidiana.    In magazzino   I tempi di consegna sono compresi tra 5 e 10 giorni lavorativi  &nbsp;\" \/>\n<meta property=\"og:url\" content=\"https:\/\/www.veltec.eu\/it\/product\/kirby-sentria-2-base-nl3965\/\" \/>\n<meta property=\"og:site_name\" content=\"Veltec Kirby specialist\" \/>\n<meta property=\"article:publisher\" content=\"https:\/\/www.facebook.com\/Veltec-Kirby-Specialist-236746293374877\/\" \/>\n<meta property=\"article:modified_time\" content=\"2026-05-06T08:59:36+00:00\" \/>\n<meta property=\"og:image\" content=\"https:\/\/www.veltec.eu\/wp-content\/uploads\/2018\/11\/Kirby-Sentra-2.png\" \/>\n\t<meta property=\"og:image:width\" content=\"600\" \/>\n\t<meta property=\"og:image:height\" content=\"600\" \/>\n\t<meta property=\"og:image:type\" content=\"image\/png\" \/>\n<meta name=\"twitter:card\" content=\"summary_large_image\" \/>\n<meta name=\"twitter:label1\" content=\"Tempo di lettura stimato\" \/>\n\t<meta name=\"twitter:data1\" content=\"3 minuti\" \/>\n<script type=\"application\/ld+json\" class=\"yoast-schema-graph\">{\"@context\":\"https:\\\/\\\/schema.org\",\"@graph\":[{\"@type\":\"WebPage\",\"@id\":\"https:\\\/\\\/www.veltec.eu\\\/it\\\/product\\\/kirby-sentria-2-base-nl3965\\\/\",\"url\":\"https:\\\/\\\/www.veltec.eu\\\/it\\\/product\\\/kirby-sentria-2-base-nl3965\\\/\",\"name\":\"Kirby Sentria 2 Base Revisionato in Officina | Qualit\u00e0 Top\",\"isPartOf\":{\"@id\":\"https:\\\/\\\/www.veltec.eu\\\/en\\\/#website\"},\"primaryImageOfPage\":{\"@id\":\"https:\\\/\\\/www.veltec.eu\\\/it\\\/product\\\/kirby-sentria-2-base-nl3965\\\/#primaryimage\"},\"image\":{\"@id\":\"https:\\\/\\\/www.veltec.eu\\\/it\\\/product\\\/kirby-sentria-2-base-nl3965\\\/#primaryimage\"},\"thumbnailUrl\":\"https:\\\/\\\/www.veltec.eu\\\/wp-content\\\/uploads\\\/2018\\\/11\\\/Kirby-Sentra-2.png\",\"datePublished\":\"2018-11-22T10:53:34+00:00\",\"dateModified\":\"2026-05-06T08:59:36+00:00\",\"description\":\"Kirby Sentria 2 Base revisionato in officina: potente, affidabile, completo di accessori e fino all\u201980% pi\u00f9 conveniente rispetto al nuovo.\",\"breadcrumb\":{\"@id\":\"https:\\\/\\\/www.veltec.eu\\\/it\\\/product\\\/kirby-sentria-2-base-nl3965\\\/#breadcrumb\"},\"inLanguage\":\"it-IT\",\"potentialAction\":[{\"@type\":\"ReadAction\",\"target\":[\"https:\\\/\\\/www.veltec.eu\\\/it\\\/product\\\/kirby-sentria-2-base-nl3965\\\/\"]}]},{\"@type\":\"ImageObject\",\"inLanguage\":\"it-IT\",\"@id\":\"https:\\\/\\\/www.veltec.eu\\\/it\\\/product\\\/kirby-sentria-2-base-nl3965\\\/#primaryimage\",\"url\":\"https:\\\/\\\/www.veltec.eu\\\/wp-content\\\/uploads\\\/2018\\\/11\\\/Kirby-Sentra-2.png\",\"contentUrl\":\"https:\\\/\\\/www.veltec.eu\\\/wp-content\\\/uploads\\\/2018\\\/11\\\/Kirby-Sentra-2.png\",\"width\":600,\"height\":600},{\"@type\":\"BreadcrumbList\",\"@id\":\"https:\\\/\\\/www.veltec.eu\\\/it\\\/product\\\/kirby-sentria-2-base-nl3965\\\/#breadcrumb\",\"itemListElement\":[{\"@type\":\"ListItem\",\"position\":1,\"name\":\"Home\",\"item\":\"https:\\\/\\\/www.veltec.eu\\\/it\\\/la-homepage\\\/\"},{\"@type\":\"ListItem\",\"position\":2,\"name\":\"Negozio Kirby\",\"item\":\"https:\\\/\\\/www.veltec.eu\\\/it\\\/negozio-kirby\\\/\"},{\"@type\":\"ListItem\",\"position\":3,\"name\":\"Kirby Sentria 2 Base\"}]},{\"@type\":\"WebSite\",\"@id\":\"https:\\\/\\\/www.veltec.eu\\\/en\\\/#website\",\"url\":\"https:\\\/\\\/www.veltec.eu\\\/en\\\/\",\"name\":\"Veltec Kirby specialist\",\"description\":\"Kirby stofzuiger producten\",\"publisher\":{\"@id\":\"https:\\\/\\\/www.veltec.eu\\\/en\\\/#organization\"},\"potentialAction\":[{\"@type\":\"SearchAction\",\"target\":{\"@type\":\"EntryPoint\",\"urlTemplate\":\"https:\\\/\\\/www.veltec.eu\\\/en\\\/?s={search_term_string}\"},\"query-input\":{\"@type\":\"PropertyValueSpecification\",\"valueRequired\":true,\"valueName\":\"search_term_string\"}}],\"inLanguage\":\"it-IT\"},{\"@type\":\"Organization\",\"@id\":\"https:\\\/\\\/www.veltec.eu\\\/en\\\/#organization\",\"name\":\"Veltec Kirby Specialist\",\"url\":\"https:\\\/\\\/www.veltec.eu\\\/en\\\/\",\"logo\":{\"@type\":\"ImageObject\",\"inLanguage\":\"it-IT\",\"@id\":\"https:\\\/\\\/www.veltec.eu\\\/en\\\/#\\\/schema\\\/logo\\\/image\\\/\",\"url\":\"https:\\\/\\\/www.veltec.eu\\\/wp-content\\\/uploads\\\/2021\\\/12\\\/Veltec-log-groot-e1537260889125.png\",\"contentUrl\":\"https:\\\/\\\/www.veltec.eu\\\/wp-content\\\/uploads\\\/2021\\\/12\\\/Veltec-log-groot-e1537260889125.png\",\"width\":200,\"height\":60,\"caption\":\"Veltec Kirby Specialist\"},\"image\":{\"@id\":\"https:\\\/\\\/www.veltec.eu\\\/en\\\/#\\\/schema\\\/logo\\\/image\\\/\"},\"sameAs\":[\"https:\\\/\\\/www.facebook.com\\\/Veltec-Kirby-Specialist-236746293374877\\\/\",\"https:\\\/\\\/www.youtube.com\\\/user\\\/VeltecService\"]}]}<\/script>\n<!-- \/ Yoast SEO Premium plugin. -->","yoast_head_json":{"title":"Kirby Sentria 2 Base Revisionato in Officina | Qualit\u00e0 Top","description":"Kirby Sentria 2 Base revisionato in officina: potente, affidabile, completo di accessori e fino all\u201980% pi\u00f9 conveniente rispetto al nuovo.","robots":{"index":"index","follow":"follow","max-snippet":"max-snippet:-1","max-image-preview":"max-image-preview:large","max-video-preview":"max-video-preview:-1"},"canonical":"https:\/\/www.veltec.eu\/it\/product\/kirby-sentria-2-base-nl3965\/","og_locale":"it_IT","og_type":"article","og_title":"Kirby Sentria 2 Base","og_description":"La Kirby Sentria 2 Base revisionata in officina offre prestazioni professionali, componenti rigenerati e una macchina che sembra nuova. Una soluzione potente, durevole e conveniente per una pulizia profonda quotidiana.    In magazzino   I tempi di consegna sono compresi tra 5 e 10 giorni lavorativi  &nbsp;","og_url":"https:\/\/www.veltec.eu\/it\/product\/kirby-sentria-2-base-nl3965\/","og_site_name":"Veltec Kirby specialist","article_publisher":"https:\/\/www.facebook.com\/Veltec-Kirby-Specialist-236746293374877\/","article_modified_time":"2026-05-06T08:59:36+00:00","og_image":[{"width":600,"height":600,"url":"https:\/\/www.veltec.eu\/wp-content\/uploads\/2018\/11\/Kirby-Sentra-2.png","type":"image\/png"}],"twitter_card":"summary_large_image","twitter_misc":{"Tempo di lettura stimato":"3 minuti"},"schema":{"@context":"https:\/\/schema.org","@graph":[{"@type":"WebPage","@id":"https:\/\/www.veltec.eu\/it\/product\/kirby-sentria-2-base-nl3965\/","url":"https:\/\/www.veltec.eu\/it\/product\/kirby-sentria-2-base-nl3965\/","name":"Kirby Sentria 2 Base Revisionato in Officina | Qualit\u00e0 Top","isPartOf":{"@id":"https:\/\/www.veltec.eu\/en\/#website"},"primaryImageOfPage":{"@id":"https:\/\/www.veltec.eu\/it\/product\/kirby-sentria-2-base-nl3965\/#primaryimage"},"image":{"@id":"https:\/\/www.veltec.eu\/it\/product\/kirby-sentria-2-base-nl3965\/#primaryimage"},"thumbnailUrl":"https:\/\/www.veltec.eu\/wp-content\/uploads\/2018\/11\/Kirby-Sentra-2.png","datePublished":"2018-11-22T10:53:34+00:00","dateModified":"2026-05-06T08:59:36+00:00","description":"Kirby Sentria 2 Base revisionato in officina: potente, affidabile, completo di accessori e fino all\u201980% pi\u00f9 conveniente rispetto al nuovo.","breadcrumb":{"@id":"https:\/\/www.veltec.eu\/it\/product\/kirby-sentria-2-base-nl3965\/#breadcrumb"},"inLanguage":"it-IT","potentialAction":[{"@type":"ReadAction","target":["https:\/\/www.veltec.eu\/it\/product\/kirby-sentria-2-base-nl3965\/"]}]},{"@type":"ImageObject","inLanguage":"it-IT","@id":"https:\/\/www.veltec.eu\/it\/product\/kirby-sentria-2-base-nl3965\/#primaryimage","url":"https:\/\/www.veltec.eu\/wp-content\/uploads\/2018\/11\/Kirby-Sentra-2.png","contentUrl":"https:\/\/www.veltec.eu\/wp-content\/uploads\/2018\/11\/Kirby-Sentra-2.png","width":600,"height":600},{"@type":"BreadcrumbList","@id":"https:\/\/www.veltec.eu\/it\/product\/kirby-sentria-2-base-nl3965\/#breadcrumb","itemListElement":[{"@type":"ListItem","position":1,"name":"Home","item":"https:\/\/www.veltec.eu\/it\/la-homepage\/"},{"@type":"ListItem","position":2,"name":"Negozio Kirby","item":"https:\/\/www.veltec.eu\/it\/negozio-kirby\/"},{"@type":"ListItem","position":3,"name":"Kirby Sentria 2 Base"}]},{"@type":"WebSite","@id":"https:\/\/www.veltec.eu\/en\/#website","url":"https:\/\/www.veltec.eu\/en\/","name":"Veltec Kirby specialist","description":"Kirby stofzuiger producten","publisher":{"@id":"https:\/\/www.veltec.eu\/en\/#organization"},"potentialAction":[{"@type":"SearchAction","target":{"@type":"EntryPoint","urlTemplate":"https:\/\/www.veltec.eu\/en\/?s={search_term_string}"},"query-input":{"@type":"PropertyValueSpecification","valueRequired":true,"valueName":"search_term_string"}}],"inLanguage":"it-IT"},{"@type":"Organization","@id":"https:\/\/www.veltec.eu\/en\/#organization","name":"Veltec Kirby Specialist","url":"https:\/\/www.veltec.eu\/en\/","logo":{"@type":"ImageObject","inLanguage":"it-IT","@id":"https:\/\/www.veltec.eu\/en\/#\/schema\/logo\/image\/","url":"https:\/\/www.veltec.eu\/wp-content\/uploads\/2021\/12\/Veltec-log-groot-e1537260889125.png","contentUrl":"https:\/\/www.veltec.eu\/wp-content\/uploads\/2021\/12\/Veltec-log-groot-e1537260889125.png","width":200,"height":60,"caption":"Veltec Kirby Specialist"},"image":{"@id":"https:\/\/www.veltec.eu\/en\/#\/schema\/logo\/image\/"},"sameAs":["https:\/\/www.facebook.com\/Veltec-Kirby-Specialist-236746293374877\/","https:\/\/www.youtube.com\/user\/VeltecService"]}]}},"_links":{"self":[{"href":"https:\/\/www.veltec.eu\/it\/wp-json\/wp\/v2\/product\/14056","targetHints":{"allow":["GET"]}}],"collection":[{"href":"https:\/\/www.veltec.eu\/it\/wp-json\/wp\/v2\/product"}],"about":[{"href":"https:\/\/www.veltec.eu\/it\/wp-json\/wp\/v2\/types\/product"}],"replies":[{"embeddable":true,"href":"https:\/\/www.veltec.eu\/it\/wp-json\/wp\/v2\/comments?post=14056"}],"wp:featuredmedia":[{"embeddable":true,"href":"https:\/\/www.veltec.eu\/it\/wp-json\/wp\/v2\/media\/86031"}],"wp:attachment":[{"href":"https:\/\/www.veltec.eu\/it\/wp-json\/wp\/v2\/media?parent=14056"}],"wp:term":[{"taxonomy":"product_brand","embeddable":true,"href":"https:\/\/www.veltec.eu\/it\/wp-json\/wp\/v2\/product_brand?post=14056"},{"taxonomy":"product_cat","embeddable":true,"href":"https:\/\/www.veltec.eu\/it\/wp-json\/wp\/v2\/product_cat?post=14056"},{"taxonomy":"product_tag","embeddable":true,"href":"https:\/\/www.veltec.eu\/it\/wp-json\/wp\/v2\/product_tag?post=14056"}],"curies":[{"name":"wp","href":"https:\/\/api.w.org\/{rel}","templated":true}]}}