{"id":12195,"date":"2018-10-15T15:18:25","date_gmt":"2018-10-15T13:18:25","guid":{"rendered":"https:\/\/www.veltec.eu\/kirby-webshop\/kirby-g8-diamond-nl3150\/"},"modified":"2026-02-10T08:22:22","modified_gmt":"2026-02-10T06:22:22","slug":"kirby-diamond-g8-base-nl3150","status":"publish","type":"product","link":"https:\/\/www.veltec.eu\/it\/product\/kirby-diamond-g8-base-nl3150\/","title":{"rendered":"Kirby Diamond (G8) Base"},"content":{"rendered":"<h1>Kirby Diamond (G8) Base \u2013 Revisionato in officina<\/h1>\n<p>La Kirby Diamond (G8) Base offre una combinazione eccezionale di potenza, durata e facilit\u00e0 d\u2019uso. Poich\u00e9 questo modello \u00e8 stato prodotto tra il 2004 e il 2006, scegliete una macchina dalla qualit\u00e0 comprovata. Inoltre, grazie alla revisione completa in officina, ricevete un dispositivo che torna in condizioni tecniche ed estetiche pari al nuovo. In questo modo beneficiate dei vantaggi di un aspirapolvere premium senza sostenere il costo di un modello nuovo.<\/p>\n<h2>Perch\u00e9 la Kirby Diamond (G8) si distingue<\/h2>\n<p data-start=\"810\" data-end=\"1362\">La Kirby Diamond (G8) Base si differenzia nettamente dai modelli precedenti come G4 o G5, grazie alla presenza di un regolatore di velocit\u00e0 regolabile. Ci\u00f2 vi permette di adattare con precisione la potenza di aspirazione a tende, mobili o tappeti. Allo stesso tempo, questa funzione garantisce un funzionamento pi\u00f9 silenzioso quando necessario, particolarmente utile nelle case con bambini o animali domestici. Inoltre, la trazione Tech Drive consente all\u2019aspirapolvere di avanzare e arretrare senza sforzo, indipendentemente dal tipo di pavimento.<\/p>\n<h2 data-start=\"1364\" data-end=\"1422\">Design a basso consumo della Kirby Diamond<\/h2>\n<p data-start=\"1423\" data-end=\"1866\">Poich\u00e9 il motore consuma solo 600 Watt, potrete godere di prestazioni potenti con un consumo energetico notevolmente ridotto. In questo modo risparmiate sui costi energetici pur mantenendo una pulizia profonda. Inoltre, Kirby \u00e8 conosciuta in tutto il mondo per la sua straordinaria longevit\u00e0: con la giusta manutenzione, una Kirby pu\u00f2 durare decenni. Grazie alla nostra revisione approfondita, ricevete una macchina tecnicamente pari al nuovo.<\/p>\n<p data-start=\"1868\" data-end=\"1930\"><a href=\"https:\/\/www.veltec.eu\/it\/kirby-revisionato-in-officina\/\" target=\"_blank\" rel=\"noopener\">Qui trovate tutte le Kirby Revisionato in officina<\/a><\/p>\n<p data-start=\"1868\" data-end=\"1930\"><img decoding=\"async\" class=\"alignright wp-image-85975\" src=\"https:\/\/www.veltec.eu\/wp-content\/uploads\/2018\/09\/Kirby-refurbished-1-180x180.png\" alt=\"Kirby Diamond (G8) Base\" width=\"220\" height=\"220\" srcset=\"https:\/\/www.veltec.eu\/wp-content\/uploads\/2018\/09\/Kirby-refurbished-1-180x180.png 180w, https:\/\/www.veltec.eu\/wp-content\/uploads\/2018\/09\/Kirby-refurbished-1-300x300.png 300w, https:\/\/www.veltec.eu\/wp-content\/uploads\/2018\/09\/Kirby-refurbished-1-80x80.png 80w, https:\/\/www.veltec.eu\/wp-content\/uploads\/2018\/09\/Kirby-refurbished-1-36x36.png 36w, https:\/\/www.veltec.eu\/wp-content\/uploads\/2018\/09\/Kirby-refurbished-1-120x120.png 120w, https:\/\/www.veltec.eu\/wp-content\/uploads\/2018\/09\/Kirby-refurbished-1-450x450.png 450w, https:\/\/www.veltec.eu\/wp-content\/uploads\/2018\/09\/Kirby-refurbished-1-600x600.png 600w, https:\/\/www.veltec.eu\/wp-content\/uploads\/2018\/09\/Kirby-refurbished-1-100x100.png 100w, https:\/\/www.veltec.eu\/wp-content\/uploads\/2018\/09\/Kirby-refurbished-1.png 626w\" sizes=\"(max-width: 220px) 100vw, 220px\" \/><\/p>\n<h2 data-start=\"1932\" data-end=\"1999\">Cosa significa una Kirby Diamond (G8) Revisionato in officina<\/h2>\n<p data-start=\"2000\" data-end=\"2455\">Scegliendo una Kirby Diamond (G8) Base Revisionato in officina, optate per un dispositivo completamente ricostruito e lucidato. Durante questo processo, tutte le parti usurate del motore vengono sostituite con componenti originali nuovi, ripristinando la potenza originale del motore elettrico. Questa revisione garantisce un funzionamento affidabile per molti anni. Per questo motivo offriamo una garanzia standard di due anni sul motore revisionato.<\/p>\n<h2 data-start=\"2457\" data-end=\"2516\">Una scelta sostenibile con la Kirby Diamond<\/h2>\n<p data-start=\"2517\" data-end=\"2724\">Poich\u00e9 il processo di revisione prolunga la vita del dispositivo, contribuite direttamente alla sostenibilit\u00e0 e al riutilizzo. Questa scelta \u00e8 quindi non solo economica, ma anche ecologicamente responsabile.<\/p>\n<p>Qui trovate maggiori informazioni su<a href=\"https:\/\/www.servizio-aspirapolvere-kirby.it\/aspirapolvere-kirby\/\" target=\"_blank\" rel=\"noopener\"> Tutto quello che c&#8217;\u00e8 da sapere sulla potenza e la durata dell&#8217;aspirapolvere Kirby<\/a><\/p>\n<h2 data-start=\"2842\" data-end=\"2916\">Acquistare la Kirby Diamond: prestazioni premium con l\u201980% di sconto<\/h2>\n<p data-start=\"2917\" data-end=\"3160\">Poich\u00e9 il prezzo originale superava i \u20ac3.200, la nostra offerta di \u20ac725 rappresenta uno sconto di quasi l\u201980%. Ricevete cos\u00ec la stessa funzionalit\u00e0 e qualit\u00e0, spendendo molto meno. Inoltre, \u00e8 inclusa la dotazione completa di accessori di base:<\/p>\n<ul data-start=\"3162\" data-end=\"3449\">\n<li data-start=\"3162\" data-end=\"3228\">Bocchetta larga battitappeto per tappeti, moquette e materassi<\/li>\n<li data-start=\"3229\" data-end=\"3278\">Sacco esterno Kirby brevettato con tubo lungo<\/li>\n<li data-start=\"3279\" data-end=\"3315\">Tubo flessibile Kirby da 2 metri<\/li>\n<li data-start=\"3316\" data-end=\"3373\">Set accessori a 16 pezzi per mobili, soffitti e tende<\/li>\n<li data-start=\"3374\" data-end=\"3406\">24 mesi di garanzia completa<\/li>\n<\/ul>\n<p>La scatola portaoggetti da 16 pezzi;<\/p>\n<h2><img decoding=\"async\" class=\"wp-image-5503 size-full\" style=\"font-size: 16px;\" src=\"https:\/\/www.veltec.eu\/wp-content\/uploads\/2018\/10\/kit_2.jpg\" alt=\"Kirby Diamond (G8) Base\" width=\"572\" height=\"406\" srcset=\"https:\/\/www.veltec.eu\/wp-content\/uploads\/2018\/10\/kit_2.jpg 572w, https:\/\/www.veltec.eu\/wp-content\/uploads\/2018\/10\/kit_2-300x213.jpg 300w, https:\/\/www.veltec.eu\/wp-content\/uploads\/2018\/10\/kit_2-260x185.jpg 260w\" sizes=\"(max-width: 572px) 100vw, 572px\" \/><\/h2>\n<p>Kirby Diamond (G8) Base<\/p>\n<h2 data-start=\"3451\" data-end=\"3500\">Perch\u00e9 scegliere la Kirby Diamond<\/h2>\n<p data-start=\"3501\" data-end=\"3968\">Se desiderate fare una scelta duratura, la Kirby Diamond (G8)\u00a0\u00e8 l\u2019opzione migliore. Questo aspirapolvere offre prestazioni eccellenti per molti anni e garantisce una qualit\u00e0 di pulizia premium a un prezzo competitivo. Grazie ai materiali di alta qualit\u00e0, alla tecnologia affidabile e alle funzioni versatili, questo modello \u00e8 ideale per qualsiasi tipo di pavimento o superficie. Inoltre, la macchina viene consegnata a domicilio entro 5\u201310 giorni lavorativi.<\/p>\n<p data-start=\"3501\" data-end=\"3968\">*L&#8217;aspirapolvere Kirby viene fornito con una spina europea; per utilizzarlo nel Regno Unito \u00e8 necessario procurarsi un adattatore o una nuova spina.<\/p>\n<p data-start=\"3970\" data-end=\"4145\">Chi sceglie bene, sceglie Kirby. Scoprite oggi stesso perch\u00e9 la Kirby Diamond (G8) Base \u00e8 cos\u00ec apprezzata dalle famiglie che desiderano solo il meglio per la propria casa.<\/p>\n<p data-start=\"4147\" data-end=\"4220\"><a href=\"https:\/\/www.veltec.eu\/it\/acquista-kirby-diamond\/\" target=\"_blank\" rel=\"noopener\">Qui trovate ulteriori informazioni sull\u2019acquisto della Kirby Diamond.<\/a><\/p>\n","protected":false},"excerpt":{"rendered":"<p>La Kirby Diamond (G8) Base \u00e8 un aspirapolvere potente e revisionato in officina, con regolatore di velocit\u00e0, lunga durata e accessori completi. Perfetto per prestazioni premium a lungo termine.<\/p>\n[trustindex data-widget-id=de4365f24f22281a6b165ed75b0]\n<h3><span style=\"color: #008000;\"><br \/>\nIn magazzino<\/span><\/h3>\n[av_font_icon icon='ue812' font='entypo-fontello' style='' caption='' size='25px' position='left' color='#43ad66' link='' linktarget='' title_attr='' sonar_effect_effect='' sonar_effect_color='' sonar_effect_duration='1' sonar_effect_scale='' sonar_effect_opac='0.5' animation='' id='' custom_class='' template_class='' av_uid='' sc_version='1.0' admin_preview_bg=''][\/av_font_icon]\n<p><span style=\"color: #008000;\">I tempi di consegna sono compresi tra 5 e 10 giorni lavorativi.<\/span><\/p>\n<p>&nbsp;<\/p>\n","protected":false},"featured_media":85999,"comment_status":"open","ping_status":"closed","template":"","meta":[],"product_brand":[],"product_cat":[411],"product_tag":[453,454],"class_list":{"0":"post-12195","1":"product","2":"type-product","3":"status-publish","4":"has-post-thumbnail","6":"product_cat-kirby-revisionato","7":"product_tag-kirby-diamond-it","8":"product_tag-kirby-g8-it","9":"product_shipping_class-groot-it","11":"first","12":"instock","13":"sale","14":"taxable","15":"shipping-taxable","16":"purchasable","17":"product-type-simple"},"yoast_head":"<!-- This site is optimized with the Yoast SEO Premium plugin v27.1 (Yoast SEO v27.3) - https:\/\/yoast.com\/product\/yoast-seo-premium-wordpress\/ -->\n<title>Kirby Diamond (G8) Base \u2013 Revisionato in officina Premium<\/title>\n<meta name=\"description\" content=\"Acquista la Kirby Diamond (G8) Base revisionata in officina: potente, durevole e completa di accessori con garanzia. Consegna veloce a domicilio.\" \/>\n<meta name=\"robots\" content=\"index, follow, max-snippet:-1, max-image-preview:large, max-video-preview:-1\" \/>\n<link rel=\"canonical\" href=\"https:\/\/www.veltec.eu\/it\/product\/kirby-diamond-g8-base-nl3150\/\" \/>\n<meta property=\"og:locale\" content=\"it_IT\" \/>\n<meta property=\"og:type\" content=\"article\" \/>\n<meta property=\"og:title\" content=\"Kirby Diamond (G8) Base\" \/>\n<meta property=\"og:description\" content=\"La Kirby Diamond (G8) Base \u00e8 un aspirapolvere potente e revisionato in officina, con regolatore di velocit\u00e0, lunga durata e accessori completi. Perfetto per prestazioni premium a lungo termine.    In magazzino   I tempi di consegna sono compresi tra 5 e 10 giorni lavorativi.  &nbsp;\" \/>\n<meta property=\"og:url\" content=\"https:\/\/www.veltec.eu\/it\/product\/kirby-diamond-g8-base-nl3150\/\" \/>\n<meta property=\"og:site_name\" content=\"Veltec Kirby specialist\" \/>\n<meta property=\"article:publisher\" content=\"https:\/\/www.facebook.com\/Veltec-Kirby-Specialist-236746293374877\/\" \/>\n<meta property=\"article:modified_time\" content=\"2026-02-10T06:22:22+00:00\" \/>\n<meta property=\"og:image\" content=\"https:\/\/www.veltec.eu\/wp-content\/uploads\/2018\/10\/kirby-diamond-1-1-1.png\" \/>\n\t<meta property=\"og:image:width\" content=\"360\" \/>\n\t<meta property=\"og:image:height\" content=\"360\" \/>\n\t<meta property=\"og:image:type\" content=\"image\/png\" \/>\n<meta name=\"twitter:card\" content=\"summary_large_image\" \/>\n<meta name=\"twitter:label1\" content=\"Tempo di lettura stimato\" \/>\n\t<meta name=\"twitter:data1\" content=\"4 minuti\" \/>\n<script type=\"application\/ld+json\" class=\"yoast-schema-graph\">{\"@context\":\"https:\\\/\\\/schema.org\",\"@graph\":[{\"@type\":\"WebPage\",\"@id\":\"https:\\\/\\\/www.veltec.eu\\\/it\\\/product\\\/kirby-diamond-g8-base-nl3150\\\/\",\"url\":\"https:\\\/\\\/www.veltec.eu\\\/it\\\/product\\\/kirby-diamond-g8-base-nl3150\\\/\",\"name\":\"Kirby Diamond (G8) Base \u2013 Revisionato in officina Premium\",\"isPartOf\":{\"@id\":\"https:\\\/\\\/www.veltec.eu\\\/en\\\/#website\"},\"primaryImageOfPage\":{\"@id\":\"https:\\\/\\\/www.veltec.eu\\\/it\\\/product\\\/kirby-diamond-g8-base-nl3150\\\/#primaryimage\"},\"image\":{\"@id\":\"https:\\\/\\\/www.veltec.eu\\\/it\\\/product\\\/kirby-diamond-g8-base-nl3150\\\/#primaryimage\"},\"thumbnailUrl\":\"https:\\\/\\\/www.veltec.eu\\\/wp-content\\\/uploads\\\/2018\\\/10\\\/kirby-diamond-1-1-1.png\",\"datePublished\":\"2018-10-15T13:18:25+00:00\",\"dateModified\":\"2026-02-10T06:22:22+00:00\",\"description\":\"Acquista la Kirby Diamond (G8) Base revisionata in officina: potente, durevole e completa di accessori con garanzia. Consegna veloce a domicilio.\",\"breadcrumb\":{\"@id\":\"https:\\\/\\\/www.veltec.eu\\\/it\\\/product\\\/kirby-diamond-g8-base-nl3150\\\/#breadcrumb\"},\"inLanguage\":\"it-IT\",\"potentialAction\":[{\"@type\":\"ReadAction\",\"target\":[\"https:\\\/\\\/www.veltec.eu\\\/it\\\/product\\\/kirby-diamond-g8-base-nl3150\\\/\"]}]},{\"@type\":\"ImageObject\",\"inLanguage\":\"it-IT\",\"@id\":\"https:\\\/\\\/www.veltec.eu\\\/it\\\/product\\\/kirby-diamond-g8-base-nl3150\\\/#primaryimage\",\"url\":\"https:\\\/\\\/www.veltec.eu\\\/wp-content\\\/uploads\\\/2018\\\/10\\\/kirby-diamond-1-1-1.png\",\"contentUrl\":\"https:\\\/\\\/www.veltec.eu\\\/wp-content\\\/uploads\\\/2018\\\/10\\\/kirby-diamond-1-1-1.png\",\"width\":360,\"height\":360},{\"@type\":\"BreadcrumbList\",\"@id\":\"https:\\\/\\\/www.veltec.eu\\\/it\\\/product\\\/kirby-diamond-g8-base-nl3150\\\/#breadcrumb\",\"itemListElement\":[{\"@type\":\"ListItem\",\"position\":1,\"name\":\"Home\",\"item\":\"https:\\\/\\\/www.veltec.eu\\\/it\\\/\"},{\"@type\":\"ListItem\",\"position\":2,\"name\":\"Produits\",\"item\":\"https:\\\/\\\/www.veltec.eu\\\/fr\\\/shop\\\/\"},{\"@type\":\"ListItem\",\"position\":3,\"name\":\"Kirby Diamond (G8) Base\"}]},{\"@type\":\"WebSite\",\"@id\":\"https:\\\/\\\/www.veltec.eu\\\/en\\\/#website\",\"url\":\"https:\\\/\\\/www.veltec.eu\\\/en\\\/\",\"name\":\"Veltec Kirby specialist\",\"description\":\"Kirby stofzuiger producten\",\"publisher\":{\"@id\":\"https:\\\/\\\/www.veltec.eu\\\/en\\\/#organization\"},\"potentialAction\":[{\"@type\":\"SearchAction\",\"target\":{\"@type\":\"EntryPoint\",\"urlTemplate\":\"https:\\\/\\\/www.veltec.eu\\\/en\\\/?s={search_term_string}\"},\"query-input\":{\"@type\":\"PropertyValueSpecification\",\"valueRequired\":true,\"valueName\":\"search_term_string\"}}],\"inLanguage\":\"it-IT\"},{\"@type\":\"Organization\",\"@id\":\"https:\\\/\\\/www.veltec.eu\\\/en\\\/#organization\",\"name\":\"Veltec Kirby Specialist\",\"url\":\"https:\\\/\\\/www.veltec.eu\\\/en\\\/\",\"logo\":{\"@type\":\"ImageObject\",\"inLanguage\":\"it-IT\",\"@id\":\"https:\\\/\\\/www.veltec.eu\\\/en\\\/#\\\/schema\\\/logo\\\/image\\\/\",\"url\":\"https:\\\/\\\/www.veltec.eu\\\/wp-content\\\/uploads\\\/2021\\\/12\\\/Veltec-log-groot-e1537260889125.png\",\"contentUrl\":\"https:\\\/\\\/www.veltec.eu\\\/wp-content\\\/uploads\\\/2021\\\/12\\\/Veltec-log-groot-e1537260889125.png\",\"width\":200,\"height\":60,\"caption\":\"Veltec Kirby Specialist\"},\"image\":{\"@id\":\"https:\\\/\\\/www.veltec.eu\\\/en\\\/#\\\/schema\\\/logo\\\/image\\\/\"},\"sameAs\":[\"https:\\\/\\\/www.facebook.com\\\/Veltec-Kirby-Specialist-236746293374877\\\/\",\"https:\\\/\\\/www.youtube.com\\\/user\\\/VeltecService\"]}]}<\/script>\n<!-- \/ Yoast SEO Premium plugin. -->","yoast_head_json":{"title":"Kirby Diamond (G8) Base \u2013 Revisionato in officina Premium","description":"Acquista la Kirby Diamond (G8) Base revisionata in officina: potente, durevole e completa di accessori con garanzia. Consegna veloce a domicilio.","robots":{"index":"index","follow":"follow","max-snippet":"max-snippet:-1","max-image-preview":"max-image-preview:large","max-video-preview":"max-video-preview:-1"},"canonical":"https:\/\/www.veltec.eu\/it\/product\/kirby-diamond-g8-base-nl3150\/","og_locale":"it_IT","og_type":"article","og_title":"Kirby Diamond (G8) Base","og_description":"La Kirby Diamond (G8) Base \u00e8 un aspirapolvere potente e revisionato in officina, con regolatore di velocit\u00e0, lunga durata e accessori completi. Perfetto per prestazioni premium a lungo termine.    In magazzino   I tempi di consegna sono compresi tra 5 e 10 giorni lavorativi.  &nbsp;","og_url":"https:\/\/www.veltec.eu\/it\/product\/kirby-diamond-g8-base-nl3150\/","og_site_name":"Veltec Kirby specialist","article_publisher":"https:\/\/www.facebook.com\/Veltec-Kirby-Specialist-236746293374877\/","article_modified_time":"2026-02-10T06:22:22+00:00","og_image":[{"width":360,"height":360,"url":"https:\/\/www.veltec.eu\/wp-content\/uploads\/2018\/10\/kirby-diamond-1-1-1.png","type":"image\/png"}],"twitter_card":"summary_large_image","twitter_misc":{"Tempo di lettura stimato":"4 minuti"},"schema":{"@context":"https:\/\/schema.org","@graph":[{"@type":"WebPage","@id":"https:\/\/www.veltec.eu\/it\/product\/kirby-diamond-g8-base-nl3150\/","url":"https:\/\/www.veltec.eu\/it\/product\/kirby-diamond-g8-base-nl3150\/","name":"Kirby Diamond (G8) Base \u2013 Revisionato in officina Premium","isPartOf":{"@id":"https:\/\/www.veltec.eu\/en\/#website"},"primaryImageOfPage":{"@id":"https:\/\/www.veltec.eu\/it\/product\/kirby-diamond-g8-base-nl3150\/#primaryimage"},"image":{"@id":"https:\/\/www.veltec.eu\/it\/product\/kirby-diamond-g8-base-nl3150\/#primaryimage"},"thumbnailUrl":"https:\/\/www.veltec.eu\/wp-content\/uploads\/2018\/10\/kirby-diamond-1-1-1.png","datePublished":"2018-10-15T13:18:25+00:00","dateModified":"2026-02-10T06:22:22+00:00","description":"Acquista la Kirby Diamond (G8) Base revisionata in officina: potente, durevole e completa di accessori con garanzia. Consegna veloce a domicilio.","breadcrumb":{"@id":"https:\/\/www.veltec.eu\/it\/product\/kirby-diamond-g8-base-nl3150\/#breadcrumb"},"inLanguage":"it-IT","potentialAction":[{"@type":"ReadAction","target":["https:\/\/www.veltec.eu\/it\/product\/kirby-diamond-g8-base-nl3150\/"]}]},{"@type":"ImageObject","inLanguage":"it-IT","@id":"https:\/\/www.veltec.eu\/it\/product\/kirby-diamond-g8-base-nl3150\/#primaryimage","url":"https:\/\/www.veltec.eu\/wp-content\/uploads\/2018\/10\/kirby-diamond-1-1-1.png","contentUrl":"https:\/\/www.veltec.eu\/wp-content\/uploads\/2018\/10\/kirby-diamond-1-1-1.png","width":360,"height":360},{"@type":"BreadcrumbList","@id":"https:\/\/www.veltec.eu\/it\/product\/kirby-diamond-g8-base-nl3150\/#breadcrumb","itemListElement":[{"@type":"ListItem","position":1,"name":"Home","item":"https:\/\/www.veltec.eu\/it\/"},{"@type":"ListItem","position":2,"name":"Produits","item":"https:\/\/www.veltec.eu\/fr\/shop\/"},{"@type":"ListItem","position":3,"name":"Kirby Diamond (G8) Base"}]},{"@type":"WebSite","@id":"https:\/\/www.veltec.eu\/en\/#website","url":"https:\/\/www.veltec.eu\/en\/","name":"Veltec Kirby specialist","description":"Kirby stofzuiger producten","publisher":{"@id":"https:\/\/www.veltec.eu\/en\/#organization"},"potentialAction":[{"@type":"SearchAction","target":{"@type":"EntryPoint","urlTemplate":"https:\/\/www.veltec.eu\/en\/?s={search_term_string}"},"query-input":{"@type":"PropertyValueSpecification","valueRequired":true,"valueName":"search_term_string"}}],"inLanguage":"it-IT"},{"@type":"Organization","@id":"https:\/\/www.veltec.eu\/en\/#organization","name":"Veltec Kirby Specialist","url":"https:\/\/www.veltec.eu\/en\/","logo":{"@type":"ImageObject","inLanguage":"it-IT","@id":"https:\/\/www.veltec.eu\/en\/#\/schema\/logo\/image\/","url":"https:\/\/www.veltec.eu\/wp-content\/uploads\/2021\/12\/Veltec-log-groot-e1537260889125.png","contentUrl":"https:\/\/www.veltec.eu\/wp-content\/uploads\/2021\/12\/Veltec-log-groot-e1537260889125.png","width":200,"height":60,"caption":"Veltec Kirby Specialist"},"image":{"@id":"https:\/\/www.veltec.eu\/en\/#\/schema\/logo\/image\/"},"sameAs":["https:\/\/www.facebook.com\/Veltec-Kirby-Specialist-236746293374877\/","https:\/\/www.youtube.com\/user\/VeltecService"]}]}},"_links":{"self":[{"href":"https:\/\/www.veltec.eu\/it\/wp-json\/wp\/v2\/product\/12195","targetHints":{"allow":["GET"]}}],"collection":[{"href":"https:\/\/www.veltec.eu\/it\/wp-json\/wp\/v2\/product"}],"about":[{"href":"https:\/\/www.veltec.eu\/it\/wp-json\/wp\/v2\/types\/product"}],"replies":[{"embeddable":true,"href":"https:\/\/www.veltec.eu\/it\/wp-json\/wp\/v2\/comments?post=12195"}],"wp:featuredmedia":[{"embeddable":true,"href":"https:\/\/www.veltec.eu\/it\/wp-json\/wp\/v2\/media\/85999"}],"wp:attachment":[{"href":"https:\/\/www.veltec.eu\/it\/wp-json\/wp\/v2\/media?parent=12195"}],"wp:term":[{"taxonomy":"product_brand","embeddable":true,"href":"https:\/\/www.veltec.eu\/it\/wp-json\/wp\/v2\/product_brand?post=12195"},{"taxonomy":"product_cat","embeddable":true,"href":"https:\/\/www.veltec.eu\/it\/wp-json\/wp\/v2\/product_cat?post=12195"},{"taxonomy":"product_tag","embeddable":true,"href":"https:\/\/www.veltec.eu\/it\/wp-json\/wp\/v2\/product_tag?post=12195"}],"curies":[{"name":"wp","href":"https:\/\/api.w.org\/{rel}","templated":true}]}}