{"id":12180,"date":"2018-10-15T16:28:57","date_gmt":"2018-10-15T14:28:57","guid":{"rendered":"https:\/\/www.veltec.eu\/kirby-webshop\/kirby-g5-nl3147\/"},"modified":"2026-02-10T08:09:25","modified_gmt":"2026-02-10T06:09:25","slug":"kirby-g5-base-nl3147","status":"publish","type":"product","link":"https:\/\/www.veltec.eu\/it\/product\/kirby-g5-base-nl3147\/","title":{"rendered":"Kirby G5 Base"},"content":{"rendered":"<h1 data-start=\"220\" data-end=\"265\">Kirby G5 Base \u2013 Revisionato in officina<\/h1>\n<p data-start=\"267\" data-end=\"714\">La Kirby G5 Base offre subito una soluzione potente, durevole e conveniente per le famiglie che cercano un aspirapolvere professionale. In questo modo, potrete godere di un sistema di pulizia che appare come nuovo sia dal punto di vista tecnico che estetico, risparmiando allo stesso tempo notevolmente sul prezzo d\u2019acquisto. Inoltre, ogni Kirby G5 Base viene attentamente revisionata nella nostra officina, garantendo ulteriore sicurezza.<\/p>\n<h2 data-start=\"721\" data-end=\"762\">Cosa rende unica la Kirby G5?<\/h2>\n<p data-start=\"764\" data-end=\"1124\">Poich\u00e9 questo modello \u00e8 stato prodotto tra il 1997 e il 1999, \u00e8 ormai noto per la sua durata eccezionale. Inoltre, la robusta struttura in metallo assicura una stabilit\u00e0 rara da trovare ancora oggi. Pertanto, sceglierete consapevolmente un sistema che combina prestazioni durature con un vantaggio economico fino all\u201980% rispetto al prezzo di un nuovo modello.<\/p>\n<p data-start=\"1126\" data-end=\"1218\"><a href=\"https:\/\/www.veltec.eu\/it\/kirby-revisionato-in-officina\/\" target=\"_blank\" rel=\"noopener\">Qui sotto trovate informazioni su tutti gli aspirapolvere Kirby Revisionato in officina.<\/a><\/p>\n<h2 data-start=\"1225\" data-end=\"1271\">Vantaggi principali della Kirby G5<\/h2>\n<ul data-start=\"1273\" data-end=\"1515\">\n<li data-start=\"1273\" data-end=\"1355\">Potente aspirazione: ideale per la pulizia profonda di tappeti e moquette.<\/li>\n<li data-start=\"1356\" data-end=\"1444\">Design multifunzionale: adatto sia per pavimenti duri che per superfici morbide.<\/li>\n<li data-start=\"1445\" data-end=\"1515\">Qualit\u00e0 durevole: la Kirby G5 \u00e8 progettata per durare decenni.<\/li>\n<\/ul>\n<p data-start=\"1517\" data-end=\"1640\">Trovate ulteriori informazioni su <a href=\"https:\/\/www.servizio-aspirapolvere-kirby.it\/aspirapolvere-kirby\/\" target=\"_blank\" rel=\"noopener\">tutto ci\u00f2 che dovete sapere sulla potenza e la durata degli aspirapolvere Kirby.<\/a><\/p>\n<h2 data-start=\"1647\" data-end=\"1706\">Come viene revisionata in officina la Kirby G5 Base?\u00a0 \u00a0 <img decoding=\"async\" class=\"alignright wp-image-85975 \" src=\"https:\/\/www.veltec.eu\/wp-content\/uploads\/2018\/09\/Kirby-refurbished-1-180x180.png\" alt=\"Kirby G5 Base\" width=\"215\" height=\"215\" srcset=\"https:\/\/www.veltec.eu\/wp-content\/uploads\/2018\/09\/Kirby-refurbished-1-180x180.png 180w, https:\/\/www.veltec.eu\/wp-content\/uploads\/2018\/09\/Kirby-refurbished-1-300x300.png 300w, https:\/\/www.veltec.eu\/wp-content\/uploads\/2018\/09\/Kirby-refurbished-1-80x80.png 80w, https:\/\/www.veltec.eu\/wp-content\/uploads\/2018\/09\/Kirby-refurbished-1-36x36.png 36w, https:\/\/www.veltec.eu\/wp-content\/uploads\/2018\/09\/Kirby-refurbished-1-120x120.png 120w, https:\/\/www.veltec.eu\/wp-content\/uploads\/2018\/09\/Kirby-refurbished-1-450x450.png 450w, https:\/\/www.veltec.eu\/wp-content\/uploads\/2018\/09\/Kirby-refurbished-1-600x600.png 600w, https:\/\/www.veltec.eu\/wp-content\/uploads\/2018\/09\/Kirby-refurbished-1-100x100.png 100w, https:\/\/www.veltec.eu\/wp-content\/uploads\/2018\/09\/Kirby-refurbished-1.png 626w\" sizes=\"(max-width: 215px) 100vw, 215px\" \/><\/h2>\n<p data-start=\"1708\" data-end=\"2056\">Poich\u00e9 tutti i nostri modelli Kirby provengono dall\u2019Inghilterra da distributori ufficiali, spesso sono stati utilizzati solo a scopo dimostrativo. Successivamente, ogni Kirby G5\u00a0viene completamente smontata e controllata nella nostra officina. In questo modo garantiamo che ogni dispositivo offra le stesse prestazioni di un modello nuovo.<\/p>\n<p data-start=\"2058\" data-end=\"2100\">La nostra revisione in officina include:<\/p>\n<ul data-start=\"2102\" data-end=\"2366\">\n<li data-start=\"2102\" data-end=\"2184\">Ispezione accurata: ogni componente viene controllato per usura e difetti.<\/li>\n<li data-start=\"2185\" data-end=\"2276\">Sostituzione dei componenti usurati: vengono utilizzati solo pezzi originali Kirby.<\/li>\n<li data-start=\"2277\" data-end=\"2366\">Pulizia e lucidatura: la macchina viene completamente pulita e appare come nuova.<\/li>\n<\/ul>\n<p data-start=\"2368\" data-end=\"2521\">Grazie a questa revisione in officina, la Kirby G5 Base offre le stesse prestazioni di un modello nuovo, ma a un prezzo significativamente inferiore.<\/p>\n<h2 data-start=\"2528\" data-end=\"2572\">Cosa riceverete con la Kirby G5?<\/h2>\n<p data-start=\"2574\" data-end=\"2716\">Scegliendo la Kirby G5 Base, riceverete di serie 12 mesi di garanzia completa.<br data-start=\"2656\" data-end=\"2659\" \/>All\u2019acquisto della Kirby G5, riceverete inoltre:<\/p>\n<ul data-start=\"2718\" data-end=\"2888\">\n<li data-start=\"2718\" data-end=\"2771\">Una scatola porta-accessori completa da 16 pezzi.<\/li>\n<li data-start=\"2772\" data-end=\"2832\">Una bocchetta larga per la pulizia profonda dei tappeti.<\/li>\n<li data-start=\"2833\" data-end=\"2888\">Il sacco esterno brevettato Kirby con manico lungo.<\/li>\n<\/ul>\n<p data-start=\"2890\" data-end=\"3049\">Inoltre, il sistema pu\u00f2 essere facilmente ampliato con accessori extra, rendendo la Kirby G5 Base completamente adattabile alle esigenze della vostra casa.<\/p>\n<p>Il contenitore portaoggetti da 16 pezzi;<\/p>\n<div id=\"attachment_5503\" style=\"width: 582px\" class=\"wp-caption alignnone\"><img decoding=\"async\" aria-describedby=\"caption-attachment-5503\" class=\"wp-image-5503 size-full\" src=\"https:\/\/www.veltec.eu\/wp-content\/uploads\/2018\/10\/kit_2.jpg\" alt=\"Kirby G5\" width=\"572\" height=\"406\" srcset=\"https:\/\/www.veltec.eu\/wp-content\/uploads\/2018\/10\/kit_2.jpg 572w, https:\/\/www.veltec.eu\/wp-content\/uploads\/2018\/10\/kit_2-300x213.jpg 300w, https:\/\/www.veltec.eu\/wp-content\/uploads\/2018\/10\/kit_2-260x185.jpg 260w\" sizes=\"(max-width: 572px) 100vw, 572px\" \/><p id=\"caption-attachment-5503\" class=\"wp-caption-text\">Kirby G5 Base<\/p><\/div>\n<p data-start=\"3056\" data-end=\"3291\">Se desiderate un aspirapolvere potente, affidabile e conveniente nel lungo periodo, la Kirby G5 Base \u00e8 esattamente ci\u00f2 che fa per voi. Ordinate oggi stesso e scoprite perch\u00e9 questo modello \u00e8 da anni uno dei sistemi Kirby pi\u00f9 amati.<\/p>\n<p data-start=\"3056\" data-end=\"3291\">*L&#8217;aspirapolvere Kirby viene fornito con una spina europea; per utilizzarlo nel Regno Unito \u00e8 necessario procurarsi un adattatore o una nuova spina.<\/p>\n<p data-start=\"3293\" data-end=\"3441\">Gli aspirapolvere Kirby vengono consegnati direttamente a casa vostra. <a href=\"https:\/\/www.veltec.eu\/it\/acquista-kirby-g5\/\" target=\"_blank\" rel=\"noopener\">Cliccate qui per maggiori informazioni sull\u2019acquisto della Kirby G5.<\/a><\/p>\n","protected":false},"excerpt":{"rendered":"<p>La Kirby G5 Base \u00e8 un aspirapolvere potente e durevole, revisionato in officina, completo di accessori e garanzia, ideale per prestazioni professionali a casa.<br data-start=\"608\" data-end=\"611\" \/>Offre qualit\u00e0 come nuova a un prezzo significativamente inferiore.<\/p>\n[trustindex data-widget-id=de4365f24f22281a6b165ed75b0]\n<h3><span style=\"color: #008000;\"><br \/>\nIn magazzino<\/span><\/h3>\n[av_font_icon icon='ue812' font='entypo-fontello' style='' caption='' size='25px' position='left' color='#43ad66' link='' linktarget='' title_attr='' sonar_effect_effect='' sonar_effect_color='' sonar_effect_duration='1' sonar_effect_scale='' sonar_effect_opac='0.5' animation='' id='' custom_class='' template_class='' av_uid='' sc_version='1.0' admin_preview_bg=''][\/av_font_icon]\n<p><span style=\"color: #008000;\">I tempi di consegna sono compresi tra 5 e 10 giorni lavorativi.<\/span><\/p>\n<p>&nbsp;<\/p>\n","protected":false},"featured_media":85983,"comment_status":"open","ping_status":"closed","template":"","meta":[],"product_brand":[],"product_cat":[411],"product_tag":[],"class_list":{"0":"post-12180","1":"product","2":"type-product","3":"status-publish","4":"has-post-thumbnail","6":"product_cat-kirby-revisionato","7":"product_shipping_class-groot-it","9":"first","10":"instock","11":"sale","12":"taxable","13":"shipping-taxable","14":"purchasable","15":"product-type-simple"},"yoast_head":"<!-- This site is optimized with the Yoast SEO Premium plugin v27.1 (Yoast SEO v27.3) - https:\/\/yoast.com\/product\/yoast-seo-premium-wordpress\/ -->\n<title>Kirby G5 Base \u2013 Revisionato in officina, potente e durevole<\/title>\n<meta name=\"description\" content=\"Scopri la Kirby G5 Base: aspirapolvere potente e revisionato in officina, con accessori, garanzia e prestazioni professionali a prezzo conveniente.\" \/>\n<meta name=\"robots\" content=\"index, follow, max-snippet:-1, max-image-preview:large, max-video-preview:-1\" \/>\n<link rel=\"canonical\" href=\"https:\/\/www.veltec.eu\/it\/product\/kirby-g5-base-nl3147\/\" \/>\n<meta property=\"og:locale\" content=\"it_IT\" \/>\n<meta property=\"og:type\" content=\"article\" \/>\n<meta property=\"og:title\" content=\"Kirby G5 Base\" \/>\n<meta property=\"og:description\" content=\"La Kirby G5 Base \u00e8 un aspirapolvere potente e durevole, revisionato in officina, completo di accessori e garanzia, ideale per prestazioni professionali a casa.Offre qualit\u00e0 come nuova a un prezzo significativamente inferiore.    In magazzino   I tempi di consegna sono compresi tra 5 e 10 giorni lavorativi.  &nbsp;\" \/>\n<meta property=\"og:url\" content=\"https:\/\/www.veltec.eu\/it\/product\/kirby-g5-base-nl3147\/\" \/>\n<meta property=\"og:site_name\" content=\"Veltec Kirby specialist\" \/>\n<meta property=\"article:publisher\" content=\"https:\/\/www.facebook.com\/Veltec-Kirby-Specialist-236746293374877\/\" \/>\n<meta property=\"article:modified_time\" content=\"2026-02-10T06:09:25+00:00\" \/>\n<meta property=\"og:image\" content=\"https:\/\/www.veltec.eu\/wp-content\/uploads\/2018\/10\/kirby-g5-2-1-1-1.png\" \/>\n\t<meta property=\"og:image:width\" content=\"600\" \/>\n\t<meta property=\"og:image:height\" content=\"600\" \/>\n\t<meta property=\"og:image:type\" content=\"image\/png\" \/>\n<meta name=\"twitter:card\" content=\"summary_large_image\" \/>\n<meta name=\"twitter:label1\" content=\"Tempo di lettura stimato\" \/>\n\t<meta name=\"twitter:data1\" content=\"3 minuti\" \/>\n<script type=\"application\/ld+json\" class=\"yoast-schema-graph\">{\"@context\":\"https:\\\/\\\/schema.org\",\"@graph\":[{\"@type\":\"WebPage\",\"@id\":\"https:\\\/\\\/www.veltec.eu\\\/it\\\/product\\\/kirby-g5-base-nl3147\\\/\",\"url\":\"https:\\\/\\\/www.veltec.eu\\\/it\\\/product\\\/kirby-g5-base-nl3147\\\/\",\"name\":\"Kirby G5 Base \u2013 Revisionato in officina, potente e durevole\",\"isPartOf\":{\"@id\":\"https:\\\/\\\/www.veltec.eu\\\/en\\\/#website\"},\"primaryImageOfPage\":{\"@id\":\"https:\\\/\\\/www.veltec.eu\\\/it\\\/product\\\/kirby-g5-base-nl3147\\\/#primaryimage\"},\"image\":{\"@id\":\"https:\\\/\\\/www.veltec.eu\\\/it\\\/product\\\/kirby-g5-base-nl3147\\\/#primaryimage\"},\"thumbnailUrl\":\"https:\\\/\\\/www.veltec.eu\\\/wp-content\\\/uploads\\\/2018\\\/10\\\/kirby-g5-2-1-1-1.png\",\"datePublished\":\"2018-10-15T14:28:57+00:00\",\"dateModified\":\"2026-02-10T06:09:25+00:00\",\"description\":\"Scopri la Kirby G5 Base: aspirapolvere potente e revisionato in officina, con accessori, garanzia e prestazioni professionali a prezzo conveniente.\",\"breadcrumb\":{\"@id\":\"https:\\\/\\\/www.veltec.eu\\\/it\\\/product\\\/kirby-g5-base-nl3147\\\/#breadcrumb\"},\"inLanguage\":\"it-IT\",\"potentialAction\":[{\"@type\":\"ReadAction\",\"target\":[\"https:\\\/\\\/www.veltec.eu\\\/it\\\/product\\\/kirby-g5-base-nl3147\\\/\"]}]},{\"@type\":\"ImageObject\",\"inLanguage\":\"it-IT\",\"@id\":\"https:\\\/\\\/www.veltec.eu\\\/it\\\/product\\\/kirby-g5-base-nl3147\\\/#primaryimage\",\"url\":\"https:\\\/\\\/www.veltec.eu\\\/wp-content\\\/uploads\\\/2018\\\/10\\\/kirby-g5-2-1-1-1.png\",\"contentUrl\":\"https:\\\/\\\/www.veltec.eu\\\/wp-content\\\/uploads\\\/2018\\\/10\\\/kirby-g5-2-1-1-1.png\",\"width\":600,\"height\":600},{\"@type\":\"BreadcrumbList\",\"@id\":\"https:\\\/\\\/www.veltec.eu\\\/it\\\/product\\\/kirby-g5-base-nl3147\\\/#breadcrumb\",\"itemListElement\":[{\"@type\":\"ListItem\",\"position\":1,\"name\":\"Home\",\"item\":\"https:\\\/\\\/www.veltec.eu\\\/it\\\/\"},{\"@type\":\"ListItem\",\"position\":2,\"name\":\"Produits\",\"item\":\"https:\\\/\\\/www.veltec.eu\\\/fr\\\/shop\\\/\"},{\"@type\":\"ListItem\",\"position\":3,\"name\":\"Kirby G5 Base\"}]},{\"@type\":\"WebSite\",\"@id\":\"https:\\\/\\\/www.veltec.eu\\\/en\\\/#website\",\"url\":\"https:\\\/\\\/www.veltec.eu\\\/en\\\/\",\"name\":\"Veltec Kirby specialist\",\"description\":\"Kirby stofzuiger producten\",\"publisher\":{\"@id\":\"https:\\\/\\\/www.veltec.eu\\\/en\\\/#organization\"},\"potentialAction\":[{\"@type\":\"SearchAction\",\"target\":{\"@type\":\"EntryPoint\",\"urlTemplate\":\"https:\\\/\\\/www.veltec.eu\\\/en\\\/?s={search_term_string}\"},\"query-input\":{\"@type\":\"PropertyValueSpecification\",\"valueRequired\":true,\"valueName\":\"search_term_string\"}}],\"inLanguage\":\"it-IT\"},{\"@type\":\"Organization\",\"@id\":\"https:\\\/\\\/www.veltec.eu\\\/en\\\/#organization\",\"name\":\"Veltec Kirby Specialist\",\"url\":\"https:\\\/\\\/www.veltec.eu\\\/en\\\/\",\"logo\":{\"@type\":\"ImageObject\",\"inLanguage\":\"it-IT\",\"@id\":\"https:\\\/\\\/www.veltec.eu\\\/en\\\/#\\\/schema\\\/logo\\\/image\\\/\",\"url\":\"https:\\\/\\\/www.veltec.eu\\\/wp-content\\\/uploads\\\/2021\\\/12\\\/Veltec-log-groot-e1537260889125.png\",\"contentUrl\":\"https:\\\/\\\/www.veltec.eu\\\/wp-content\\\/uploads\\\/2021\\\/12\\\/Veltec-log-groot-e1537260889125.png\",\"width\":200,\"height\":60,\"caption\":\"Veltec Kirby Specialist\"},\"image\":{\"@id\":\"https:\\\/\\\/www.veltec.eu\\\/en\\\/#\\\/schema\\\/logo\\\/image\\\/\"},\"sameAs\":[\"https:\\\/\\\/www.facebook.com\\\/Veltec-Kirby-Specialist-236746293374877\\\/\",\"https:\\\/\\\/www.youtube.com\\\/user\\\/VeltecService\"]}]}<\/script>\n<!-- \/ Yoast SEO Premium plugin. -->","yoast_head_json":{"title":"Kirby G5 Base \u2013 Revisionato in officina, potente e durevole","description":"Scopri la Kirby G5 Base: aspirapolvere potente e revisionato in officina, con accessori, garanzia e prestazioni professionali a prezzo conveniente.","robots":{"index":"index","follow":"follow","max-snippet":"max-snippet:-1","max-image-preview":"max-image-preview:large","max-video-preview":"max-video-preview:-1"},"canonical":"https:\/\/www.veltec.eu\/it\/product\/kirby-g5-base-nl3147\/","og_locale":"it_IT","og_type":"article","og_title":"Kirby G5 Base","og_description":"La Kirby G5 Base \u00e8 un aspirapolvere potente e durevole, revisionato in officina, completo di accessori e garanzia, ideale per prestazioni professionali a casa.Offre qualit\u00e0 come nuova a un prezzo significativamente inferiore.    In magazzino   I tempi di consegna sono compresi tra 5 e 10 giorni lavorativi.  &nbsp;","og_url":"https:\/\/www.veltec.eu\/it\/product\/kirby-g5-base-nl3147\/","og_site_name":"Veltec Kirby specialist","article_publisher":"https:\/\/www.facebook.com\/Veltec-Kirby-Specialist-236746293374877\/","article_modified_time":"2026-02-10T06:09:25+00:00","og_image":[{"width":600,"height":600,"url":"https:\/\/www.veltec.eu\/wp-content\/uploads\/2018\/10\/kirby-g5-2-1-1-1.png","type":"image\/png"}],"twitter_card":"summary_large_image","twitter_misc":{"Tempo di lettura stimato":"3 minuti"},"schema":{"@context":"https:\/\/schema.org","@graph":[{"@type":"WebPage","@id":"https:\/\/www.veltec.eu\/it\/product\/kirby-g5-base-nl3147\/","url":"https:\/\/www.veltec.eu\/it\/product\/kirby-g5-base-nl3147\/","name":"Kirby G5 Base \u2013 Revisionato in officina, potente e durevole","isPartOf":{"@id":"https:\/\/www.veltec.eu\/en\/#website"},"primaryImageOfPage":{"@id":"https:\/\/www.veltec.eu\/it\/product\/kirby-g5-base-nl3147\/#primaryimage"},"image":{"@id":"https:\/\/www.veltec.eu\/it\/product\/kirby-g5-base-nl3147\/#primaryimage"},"thumbnailUrl":"https:\/\/www.veltec.eu\/wp-content\/uploads\/2018\/10\/kirby-g5-2-1-1-1.png","datePublished":"2018-10-15T14:28:57+00:00","dateModified":"2026-02-10T06:09:25+00:00","description":"Scopri la Kirby G5 Base: aspirapolvere potente e revisionato in officina, con accessori, garanzia e prestazioni professionali a prezzo conveniente.","breadcrumb":{"@id":"https:\/\/www.veltec.eu\/it\/product\/kirby-g5-base-nl3147\/#breadcrumb"},"inLanguage":"it-IT","potentialAction":[{"@type":"ReadAction","target":["https:\/\/www.veltec.eu\/it\/product\/kirby-g5-base-nl3147\/"]}]},{"@type":"ImageObject","inLanguage":"it-IT","@id":"https:\/\/www.veltec.eu\/it\/product\/kirby-g5-base-nl3147\/#primaryimage","url":"https:\/\/www.veltec.eu\/wp-content\/uploads\/2018\/10\/kirby-g5-2-1-1-1.png","contentUrl":"https:\/\/www.veltec.eu\/wp-content\/uploads\/2018\/10\/kirby-g5-2-1-1-1.png","width":600,"height":600},{"@type":"BreadcrumbList","@id":"https:\/\/www.veltec.eu\/it\/product\/kirby-g5-base-nl3147\/#breadcrumb","itemListElement":[{"@type":"ListItem","position":1,"name":"Home","item":"https:\/\/www.veltec.eu\/it\/"},{"@type":"ListItem","position":2,"name":"Produits","item":"https:\/\/www.veltec.eu\/fr\/shop\/"},{"@type":"ListItem","position":3,"name":"Kirby G5 Base"}]},{"@type":"WebSite","@id":"https:\/\/www.veltec.eu\/en\/#website","url":"https:\/\/www.veltec.eu\/en\/","name":"Veltec Kirby specialist","description":"Kirby stofzuiger producten","publisher":{"@id":"https:\/\/www.veltec.eu\/en\/#organization"},"potentialAction":[{"@type":"SearchAction","target":{"@type":"EntryPoint","urlTemplate":"https:\/\/www.veltec.eu\/en\/?s={search_term_string}"},"query-input":{"@type":"PropertyValueSpecification","valueRequired":true,"valueName":"search_term_string"}}],"inLanguage":"it-IT"},{"@type":"Organization","@id":"https:\/\/www.veltec.eu\/en\/#organization","name":"Veltec Kirby Specialist","url":"https:\/\/www.veltec.eu\/en\/","logo":{"@type":"ImageObject","inLanguage":"it-IT","@id":"https:\/\/www.veltec.eu\/en\/#\/schema\/logo\/image\/","url":"https:\/\/www.veltec.eu\/wp-content\/uploads\/2021\/12\/Veltec-log-groot-e1537260889125.png","contentUrl":"https:\/\/www.veltec.eu\/wp-content\/uploads\/2021\/12\/Veltec-log-groot-e1537260889125.png","width":200,"height":60,"caption":"Veltec Kirby Specialist"},"image":{"@id":"https:\/\/www.veltec.eu\/en\/#\/schema\/logo\/image\/"},"sameAs":["https:\/\/www.facebook.com\/Veltec-Kirby-Specialist-236746293374877\/","https:\/\/www.youtube.com\/user\/VeltecService"]}]}},"_links":{"self":[{"href":"https:\/\/www.veltec.eu\/it\/wp-json\/wp\/v2\/product\/12180","targetHints":{"allow":["GET"]}}],"collection":[{"href":"https:\/\/www.veltec.eu\/it\/wp-json\/wp\/v2\/product"}],"about":[{"href":"https:\/\/www.veltec.eu\/it\/wp-json\/wp\/v2\/types\/product"}],"replies":[{"embeddable":true,"href":"https:\/\/www.veltec.eu\/it\/wp-json\/wp\/v2\/comments?post=12180"}],"wp:featuredmedia":[{"embeddable":true,"href":"https:\/\/www.veltec.eu\/it\/wp-json\/wp\/v2\/media\/85983"}],"wp:attachment":[{"href":"https:\/\/www.veltec.eu\/it\/wp-json\/wp\/v2\/media?parent=12180"}],"wp:term":[{"taxonomy":"product_brand","embeddable":true,"href":"https:\/\/www.veltec.eu\/it\/wp-json\/wp\/v2\/product_brand?post=12180"},{"taxonomy":"product_cat","embeddable":true,"href":"https:\/\/www.veltec.eu\/it\/wp-json\/wp\/v2\/product_cat?post=12180"},{"taxonomy":"product_tag","embeddable":true,"href":"https:\/\/www.veltec.eu\/it\/wp-json\/wp\/v2\/product_tag?post=12180"}],"curies":[{"name":"wp","href":"https:\/\/api.w.org\/{rel}","templated":true}]}}