{"id":12143,"date":"2018-10-16T12:50:31","date_gmt":"2018-10-16T10:50:31","guid":{"rendered":"https:\/\/www.veltec.eu\/kirby-webshop\/kirby-attacco-tubo-flessibile-nl3007\/"},"modified":"2025-01-20T16:19:47","modified_gmt":"2025-01-20T14:19:47","slug":"kirby-attacco-tubo-flessibile-nl3007","status":"publish","type":"product","link":"https:\/\/www.veltec.eu\/it\/product\/kirby-attacco-tubo-flessibile-nl3007\/","title":{"rendered":"Kirby Attacco Tubo flessibile"},"content":{"rendered":"<h1>Kirby Attacco Tubo flessibile<\/h1>\n<p>Kirby Attacco Tubo flessibile per il sacco dell&#8217;aspirapolvere Kirby.<\/p>\n<p><strong>Questo raccordo \u00e8 adatto a tutti gli aspirapolvere Kirby;<\/strong><\/p>\n<ul>\n<li>Avalir Platinum<\/li>\n<li>Avalir 2<\/li>\n<li>Avalir 1<\/li>\n<li>Sentria 2 (G10D)<\/li>\n<li>Sentria 1 (G10)<\/li>\n<li>Ultimate G Diamond Ed.(G7D or DE)<\/li>\n<li>Ultimate G (G7 or UG)<\/li>\n<li>Generation 6 (G6)<\/li>\n<li>Generation 5 (G5)<\/li>\n<li>Generation 4 (G4)<\/li>\n<li>Generation 3 (G3)<\/li>\n<\/ul>\n<div class=\"flex max-w-full flex-col flex-grow\">\n<div class=\"min-h-8 text-message flex w-full flex-col items-end gap-2 whitespace-normal break-words text-start [.text-message+&amp;]:mt-5\" dir=\"auto\" data-message-author-role=\"assistant\" data-message-id=\"0e8de7e0-26f4-48d9-8b87-63a7b4c35d81\" data-message-model-slug=\"gpt-4o\">\n<div class=\"flex w-full flex-col gap-1 empty:hidden first:pt-[3px]\">\n<div class=\"markdown prose w-full break-words dark:prose-invert light\">\n<h2>Kirby Attacco Tubo flessibile &#8211; Adatto ai sacchetti per aspirapolvere di tipo Twist<\/h2>\n<p>Il tubo di Kirby Attacco Tubo flessibile \u00e8 un accessorio essenziale per gli utenti di aspirapolvere Kirby. Questo tubo facilita il collegamento corretto dei sacchetti per aspirapolvere, in modo da garantire sempre prestazioni ottimali. Grazie alla sua compatibilit\u00e0 con i connettori vecchi e nuovi, questo connettore \u00e8 un must per chiunque voglia aspirare in modo efficiente.<\/p>\n<p><a href=\"https:\/\/www.veltec.eu\/it\/kirby-sacco-esterno-accessori\/\">Qui troverete tutto ci\u00f2 che riguarda il sacco esterno Kirby e i suoi accessori<\/a><\/p>\n<h3>Cos&#8217;\u00e8 il tubo di Kirby Attacco Tubo flessibile?<\/h3>\n<p>Il tubo Kirby Attacco \u00e8 il connettore necessario per installare correttamente i sacchi dell&#8217;aspirapolvere Kirby. Questo nuovo modello \u00e8 stato progettato appositamente per i sacchi di tipo Twist, ma funziona senza problemi anche con i modelli precedenti. L&#8217;innovativo connettore assicura che non ci si debba preoccupare di problemi di compatibilit\u00e0.<\/p>\n<p><strong>Caratteristiche principali di questo prodotto:<\/strong><\/p>\n<ul>\n<li>Adatto a tutti i sacchetti Kirby Hoover.<\/li>\n<li>Facile installazione e utilizzo.<\/li>\n<li>Realizzato con materiali resistenti per una lunga durata.<\/li>\n<\/ul>\n<h3>Perch\u00e9 scegliere il nuovo collegamento?<\/h3>\n<p>Con l&#8217;introduzione dei sacchi di tipo Twist, Kirby ha garantito una maggiore funzionalit\u00e0 e facilit\u00e0 d&#8217;uso. Ci\u00f2 significa che la Kirby Connection si adatta perfettamente all&#8217;ultima generazione di sacchi per aspirapolvere. Tuttavia, grazie al suo design universale, la connessione funziona anche con i sacchi pi\u00f9 vecchi. Questo rende il prodotto una scelta a prova di futuro per qualsiasi utente.<\/p>\n<p><strong>Vantaggi della nuova connessione:<\/strong><\/p>\n<ul>\n<li>Compatibilit\u00e0 perfetta con i sacchetti vecchi e nuovi.<\/li>\n<li>Minore rischio di perdite o di collegamento errato.<\/li>\n<li>Adatto a tutti i modelli Kirby.<\/li>\n<li>Compatibilit\u00e0 universale<\/li>\n<\/ul>\n<p>Uno dei maggiori vantaggi di questo raccordo \u00e8 che non ha pi\u00f9 importanza il tipo di sacco utilizzato. Tutti i sacchi per aspirapolvere Kirby sono oggi progettati per funzionare sia con i vecchi che con i nuovi attacchi. Ci\u00f2 consente di risparmiare tempo e fatica nella scelta del sacco giusto.<\/p>\n<h3>Ordinate oggi stesso!<\/h3>\n<p>Con la Kirby Connection si ottiene un prodotto affidabile e facile da usare. Sia che si passi ai nuovi sacchi Twist o che si utilizzino ancora i vecchi modelli, questa connessione offre la soluzione perfetta. Non aspettate oltre e assicuratevi che il vostro aspirapolvere Kirby funzioni sempre in modo ottimale!<\/p>\n<p>Date al vostro aspirapolvere l&#8217;aggiornamento che merita e ordinate oggi stesso il tubo di Kirby Attacco Tubo flessibile. Beneficia di una connessione perfetta, di un utilizzo semplice e di una compatibilit\u00e0 universale, il tutto racchiuso in un design durevole e affidabile.<\/p>\n<\/div>\n<\/div>\n<\/div>\n<\/div>\n","protected":false},"excerpt":{"rendered":"<p>Attacco del sacco per polvere al tubo flessibile.<\/p>\n[trustindex data-widget-id=de4365f24f22281a6b165ed75b0]\n<h3><span style=\"color: #008000;\"><br \/>\nIn magazzino<\/span><\/h3>\n[av_font_icon icon='ue812' font='entypo-fontello' style='' caption='' size='25px' position='left' color='#43ad66' link='' linktarget='' title_attr='' sonar_effect_effect='' sonar_effect_color='' sonar_effect_duration='1' sonar_effect_scale='' sonar_effect_opac='0.5' animation='' id='' custom_class='' template_class='' av_uid='' sc_version='1.0' admin_preview_bg=''][\/av_font_icon]\n<p><span style=\"color: #008000;\">Ordinato prima della 23:59, spedito domani<\/span><\/p>\n<p>&nbsp;<\/p>\n","protected":false},"featured_media":5924,"comment_status":"open","ping_status":"closed","template":"","meta":[],"product_brand":[],"product_cat":[369],"product_tag":[],"class_list":{"0":"post-12143","1":"product","2":"type-product","3":"status-publish","4":"has-post-thumbnail","6":"product_cat-kirby-sacco-esterno-accessori","7":"product_shipping_class-klein-it","9":"first","10":"instock","11":"taxable","12":"shipping-taxable","13":"purchasable","14":"product-type-simple"},"yoast_head":"<!-- This site is optimized with the Yoast SEO Premium plugin v27.1 (Yoast SEO v27.4) - https:\/\/yoast.com\/product\/yoast-seo-premium-wordpress\/ -->\n<title>Kirby Attacco Tubo flessibile - Veltec Kirby specialist<\/title>\n<meta name=\"description\" content=\"Kirby Attacco Tubo flessibile - Veltec \u00e8 il fornitore delle aspirapolveri Kirby da oltre 25 anni. Ed \u00e8 il tuo fidato specialista\" \/>\n<meta name=\"robots\" content=\"index, follow, max-snippet:-1, max-image-preview:large, max-video-preview:-1\" \/>\n<link rel=\"canonical\" href=\"https:\/\/www.veltec.eu\/it\/product\/kirby-attacco-tubo-flessibile-nl3007\/\" \/>\n<meta property=\"og:locale\" content=\"it_IT\" \/>\n<meta property=\"og:type\" content=\"article\" \/>\n<meta property=\"og:title\" content=\"Kirby Attacco Tubo flessibile\" \/>\n<meta property=\"og:description\" content=\"Attacco del sacco per polvere al tubo flessibile.    In magazzino   Ordinato prima della 23:59, spedito domani  &nbsp;\" \/>\n<meta property=\"og:url\" content=\"https:\/\/www.veltec.eu\/it\/product\/kirby-attacco-tubo-flessibile-nl3007\/\" \/>\n<meta property=\"og:site_name\" content=\"Veltec Kirby specialist\" \/>\n<meta property=\"article:publisher\" content=\"https:\/\/www.facebook.com\/Veltec-Kirby-Specialist-236746293374877\/\" \/>\n<meta property=\"article:modified_time\" content=\"2025-01-20T14:19:47+00:00\" \/>\n<meta property=\"og:image\" content=\"https:\/\/www.veltec.eu\/wp-content\/uploads\/2018\/10\/kirby_aansluiting_vulslang.jpg\" \/>\n\t<meta property=\"og:image:width\" content=\"300\" \/>\n\t<meta property=\"og:image:height\" content=\"300\" \/>\n\t<meta property=\"og:image:type\" content=\"image\/jpeg\" \/>\n<meta name=\"twitter:card\" content=\"summary_large_image\" \/>\n<meta name=\"twitter:label1\" content=\"Tempo di lettura stimato\" \/>\n\t<meta name=\"twitter:data1\" content=\"3 minuti\" \/>\n<script type=\"application\/ld+json\" class=\"yoast-schema-graph\">{\"@context\":\"https:\\\/\\\/schema.org\",\"@graph\":[{\"@type\":\"WebPage\",\"@id\":\"https:\\\/\\\/www.veltec.eu\\\/it\\\/product\\\/kirby-attacco-tubo-flessibile-nl3007\\\/\",\"url\":\"https:\\\/\\\/www.veltec.eu\\\/it\\\/product\\\/kirby-attacco-tubo-flessibile-nl3007\\\/\",\"name\":\"Kirby Attacco Tubo flessibile - Veltec Kirby specialist\",\"isPartOf\":{\"@id\":\"https:\\\/\\\/www.veltec.eu\\\/en\\\/#website\"},\"primaryImageOfPage\":{\"@id\":\"https:\\\/\\\/www.veltec.eu\\\/it\\\/product\\\/kirby-attacco-tubo-flessibile-nl3007\\\/#primaryimage\"},\"image\":{\"@id\":\"https:\\\/\\\/www.veltec.eu\\\/it\\\/product\\\/kirby-attacco-tubo-flessibile-nl3007\\\/#primaryimage\"},\"thumbnailUrl\":\"https:\\\/\\\/www.veltec.eu\\\/wp-content\\\/uploads\\\/2018\\\/10\\\/kirby_aansluiting_vulslang.jpg\",\"datePublished\":\"2018-10-16T10:50:31+00:00\",\"dateModified\":\"2025-01-20T14:19:47+00:00\",\"description\":\"Kirby Attacco Tubo flessibile - Veltec \u00e8 il fornitore delle aspirapolveri Kirby da oltre 25 anni. Ed \u00e8 il tuo fidato specialista\",\"breadcrumb\":{\"@id\":\"https:\\\/\\\/www.veltec.eu\\\/it\\\/product\\\/kirby-attacco-tubo-flessibile-nl3007\\\/#breadcrumb\"},\"inLanguage\":\"it-IT\",\"potentialAction\":[{\"@type\":\"ReadAction\",\"target\":[\"https:\\\/\\\/www.veltec.eu\\\/it\\\/product\\\/kirby-attacco-tubo-flessibile-nl3007\\\/\"]}]},{\"@type\":\"ImageObject\",\"inLanguage\":\"it-IT\",\"@id\":\"https:\\\/\\\/www.veltec.eu\\\/it\\\/product\\\/kirby-attacco-tubo-flessibile-nl3007\\\/#primaryimage\",\"url\":\"https:\\\/\\\/www.veltec.eu\\\/wp-content\\\/uploads\\\/2018\\\/10\\\/kirby_aansluiting_vulslang.jpg\",\"contentUrl\":\"https:\\\/\\\/www.veltec.eu\\\/wp-content\\\/uploads\\\/2018\\\/10\\\/kirby_aansluiting_vulslang.jpg\",\"width\":300,\"height\":300,\"caption\":\"Kirby Attacco Tubo flessibile\"},{\"@type\":\"BreadcrumbList\",\"@id\":\"https:\\\/\\\/www.veltec.eu\\\/it\\\/product\\\/kirby-attacco-tubo-flessibile-nl3007\\\/#breadcrumb\",\"itemListElement\":[{\"@type\":\"ListItem\",\"position\":1,\"name\":\"Home\",\"item\":\"https:\\\/\\\/www.veltec.eu\\\/it\\\/\"},{\"@type\":\"ListItem\",\"position\":2,\"name\":\"Produits\",\"item\":\"https:\\\/\\\/www.veltec.eu\\\/fr\\\/shop\\\/\"},{\"@type\":\"ListItem\",\"position\":3,\"name\":\"Kirby Attacco Tubo flessibile\"}]},{\"@type\":\"WebSite\",\"@id\":\"https:\\\/\\\/www.veltec.eu\\\/en\\\/#website\",\"url\":\"https:\\\/\\\/www.veltec.eu\\\/en\\\/\",\"name\":\"Veltec Kirby specialist\",\"description\":\"Kirby stofzuiger producten\",\"publisher\":{\"@id\":\"https:\\\/\\\/www.veltec.eu\\\/en\\\/#organization\"},\"potentialAction\":[{\"@type\":\"SearchAction\",\"target\":{\"@type\":\"EntryPoint\",\"urlTemplate\":\"https:\\\/\\\/www.veltec.eu\\\/en\\\/?s={search_term_string}\"},\"query-input\":{\"@type\":\"PropertyValueSpecification\",\"valueRequired\":true,\"valueName\":\"search_term_string\"}}],\"inLanguage\":\"it-IT\"},{\"@type\":\"Organization\",\"@id\":\"https:\\\/\\\/www.veltec.eu\\\/en\\\/#organization\",\"name\":\"Veltec Kirby Specialist\",\"url\":\"https:\\\/\\\/www.veltec.eu\\\/en\\\/\",\"logo\":{\"@type\":\"ImageObject\",\"inLanguage\":\"it-IT\",\"@id\":\"https:\\\/\\\/www.veltec.eu\\\/en\\\/#\\\/schema\\\/logo\\\/image\\\/\",\"url\":\"https:\\\/\\\/www.veltec.eu\\\/wp-content\\\/uploads\\\/2021\\\/12\\\/Veltec-log-groot-e1537260889125.png\",\"contentUrl\":\"https:\\\/\\\/www.veltec.eu\\\/wp-content\\\/uploads\\\/2021\\\/12\\\/Veltec-log-groot-e1537260889125.png\",\"width\":200,\"height\":60,\"caption\":\"Veltec Kirby Specialist\"},\"image\":{\"@id\":\"https:\\\/\\\/www.veltec.eu\\\/en\\\/#\\\/schema\\\/logo\\\/image\\\/\"},\"sameAs\":[\"https:\\\/\\\/www.facebook.com\\\/Veltec-Kirby-Specialist-236746293374877\\\/\",\"https:\\\/\\\/www.youtube.com\\\/user\\\/VeltecService\"]}]}<\/script>\n<!-- \/ Yoast SEO Premium plugin. -->","yoast_head_json":{"title":"Kirby Attacco Tubo flessibile - Veltec Kirby specialist","description":"Kirby Attacco Tubo flessibile - Veltec \u00e8 il fornitore delle aspirapolveri Kirby da oltre 25 anni. Ed \u00e8 il tuo fidato specialista","robots":{"index":"index","follow":"follow","max-snippet":"max-snippet:-1","max-image-preview":"max-image-preview:large","max-video-preview":"max-video-preview:-1"},"canonical":"https:\/\/www.veltec.eu\/it\/product\/kirby-attacco-tubo-flessibile-nl3007\/","og_locale":"it_IT","og_type":"article","og_title":"Kirby Attacco Tubo flessibile","og_description":"Attacco del sacco per polvere al tubo flessibile.    In magazzino   Ordinato prima della 23:59, spedito domani  &nbsp;","og_url":"https:\/\/www.veltec.eu\/it\/product\/kirby-attacco-tubo-flessibile-nl3007\/","og_site_name":"Veltec Kirby specialist","article_publisher":"https:\/\/www.facebook.com\/Veltec-Kirby-Specialist-236746293374877\/","article_modified_time":"2025-01-20T14:19:47+00:00","og_image":[{"width":300,"height":300,"url":"https:\/\/www.veltec.eu\/wp-content\/uploads\/2018\/10\/kirby_aansluiting_vulslang.jpg","type":"image\/jpeg"}],"twitter_card":"summary_large_image","twitter_misc":{"Tempo di lettura stimato":"3 minuti"},"schema":{"@context":"https:\/\/schema.org","@graph":[{"@type":"WebPage","@id":"https:\/\/www.veltec.eu\/it\/product\/kirby-attacco-tubo-flessibile-nl3007\/","url":"https:\/\/www.veltec.eu\/it\/product\/kirby-attacco-tubo-flessibile-nl3007\/","name":"Kirby Attacco Tubo flessibile - Veltec Kirby specialist","isPartOf":{"@id":"https:\/\/www.veltec.eu\/en\/#website"},"primaryImageOfPage":{"@id":"https:\/\/www.veltec.eu\/it\/product\/kirby-attacco-tubo-flessibile-nl3007\/#primaryimage"},"image":{"@id":"https:\/\/www.veltec.eu\/it\/product\/kirby-attacco-tubo-flessibile-nl3007\/#primaryimage"},"thumbnailUrl":"https:\/\/www.veltec.eu\/wp-content\/uploads\/2018\/10\/kirby_aansluiting_vulslang.jpg","datePublished":"2018-10-16T10:50:31+00:00","dateModified":"2025-01-20T14:19:47+00:00","description":"Kirby Attacco Tubo flessibile - Veltec \u00e8 il fornitore delle aspirapolveri Kirby da oltre 25 anni. Ed \u00e8 il tuo fidato specialista","breadcrumb":{"@id":"https:\/\/www.veltec.eu\/it\/product\/kirby-attacco-tubo-flessibile-nl3007\/#breadcrumb"},"inLanguage":"it-IT","potentialAction":[{"@type":"ReadAction","target":["https:\/\/www.veltec.eu\/it\/product\/kirby-attacco-tubo-flessibile-nl3007\/"]}]},{"@type":"ImageObject","inLanguage":"it-IT","@id":"https:\/\/www.veltec.eu\/it\/product\/kirby-attacco-tubo-flessibile-nl3007\/#primaryimage","url":"https:\/\/www.veltec.eu\/wp-content\/uploads\/2018\/10\/kirby_aansluiting_vulslang.jpg","contentUrl":"https:\/\/www.veltec.eu\/wp-content\/uploads\/2018\/10\/kirby_aansluiting_vulslang.jpg","width":300,"height":300,"caption":"Kirby Attacco Tubo flessibile"},{"@type":"BreadcrumbList","@id":"https:\/\/www.veltec.eu\/it\/product\/kirby-attacco-tubo-flessibile-nl3007\/#breadcrumb","itemListElement":[{"@type":"ListItem","position":1,"name":"Home","item":"https:\/\/www.veltec.eu\/it\/"},{"@type":"ListItem","position":2,"name":"Produits","item":"https:\/\/www.veltec.eu\/fr\/shop\/"},{"@type":"ListItem","position":3,"name":"Kirby Attacco Tubo flessibile"}]},{"@type":"WebSite","@id":"https:\/\/www.veltec.eu\/en\/#website","url":"https:\/\/www.veltec.eu\/en\/","name":"Veltec Kirby specialist","description":"Kirby stofzuiger producten","publisher":{"@id":"https:\/\/www.veltec.eu\/en\/#organization"},"potentialAction":[{"@type":"SearchAction","target":{"@type":"EntryPoint","urlTemplate":"https:\/\/www.veltec.eu\/en\/?s={search_term_string}"},"query-input":{"@type":"PropertyValueSpecification","valueRequired":true,"valueName":"search_term_string"}}],"inLanguage":"it-IT"},{"@type":"Organization","@id":"https:\/\/www.veltec.eu\/en\/#organization","name":"Veltec Kirby Specialist","url":"https:\/\/www.veltec.eu\/en\/","logo":{"@type":"ImageObject","inLanguage":"it-IT","@id":"https:\/\/www.veltec.eu\/en\/#\/schema\/logo\/image\/","url":"https:\/\/www.veltec.eu\/wp-content\/uploads\/2021\/12\/Veltec-log-groot-e1537260889125.png","contentUrl":"https:\/\/www.veltec.eu\/wp-content\/uploads\/2021\/12\/Veltec-log-groot-e1537260889125.png","width":200,"height":60,"caption":"Veltec Kirby Specialist"},"image":{"@id":"https:\/\/www.veltec.eu\/en\/#\/schema\/logo\/image\/"},"sameAs":["https:\/\/www.facebook.com\/Veltec-Kirby-Specialist-236746293374877\/","https:\/\/www.youtube.com\/user\/VeltecService"]}]}},"_links":{"self":[{"href":"https:\/\/www.veltec.eu\/it\/wp-json\/wp\/v2\/product\/12143","targetHints":{"allow":["GET"]}}],"collection":[{"href":"https:\/\/www.veltec.eu\/it\/wp-json\/wp\/v2\/product"}],"about":[{"href":"https:\/\/www.veltec.eu\/it\/wp-json\/wp\/v2\/types\/product"}],"replies":[{"embeddable":true,"href":"https:\/\/www.veltec.eu\/it\/wp-json\/wp\/v2\/comments?post=12143"}],"wp:featuredmedia":[{"embeddable":true,"href":"https:\/\/www.veltec.eu\/it\/wp-json\/wp\/v2\/media\/5924"}],"wp:attachment":[{"href":"https:\/\/www.veltec.eu\/it\/wp-json\/wp\/v2\/media?parent=12143"}],"wp:term":[{"taxonomy":"product_brand","embeddable":true,"href":"https:\/\/www.veltec.eu\/it\/wp-json\/wp\/v2\/product_brand?post=12143"},{"taxonomy":"product_cat","embeddable":true,"href":"https:\/\/www.veltec.eu\/it\/wp-json\/wp\/v2\/product_cat?post=12143"},{"taxonomy":"product_tag","embeddable":true,"href":"https:\/\/www.veltec.eu\/it\/wp-json\/wp\/v2\/product_tag?post=12143"}],"curies":[{"name":"wp","href":"https:\/\/api.w.org\/{rel}","templated":true}]}}