{"id":12017,"date":"2018-10-16T15:07:55","date_gmt":"2018-10-16T13:07:55","guid":{"rendered":"https:\/\/www.veltec.eu\/kirby-webshop\/kirby-rullo-battitappeto-da-kirby-g5-fino-al-sentria-nl3162\/"},"modified":"2025-11-11T16:28:44","modified_gmt":"2025-11-11T14:28:44","slug":"kirby-rullo-battitappeto-da-kirby-g5-fino-al-avalir-nl3162","status":"publish","type":"product","link":"https:\/\/www.veltec.eu\/it\/product\/kirby-rullo-battitappeto-da-kirby-g5-fino-al-avalir-nl3162\/","title":{"rendered":"Kirby Rullo battitappeto da Kirby G5 fino al Avalir"},"content":{"rendered":"<h2 data-start=\"63\" data-end=\"167\">Kirby Rullo battitappeto G5 fino al Avalir \u2013 La Scelta Migliore per una Pulizia Profonda dei Tappeti<\/h2>\n<p>Siete alla ricerca di una soluzione efficace per pulire a fondo i vostri tappeti e moquette? Allora Kirby Rullo battitappeto G5 fino al Avalir \u00e8 proprio quello che fa per voi. Questa spazzola \u00e8 stata appositamente sviluppata per l&#8217;ampia bocchetta Kirby e garantisce prestazioni di pulizia eccellenti. Grazie alle setole resistenti, potrete rimuovere senza fatica anche lo sporco e la polvere pi\u00f9 ostinati.<\/p>\n<p>Scoprite anche altri <a href=\"https:\/\/www.veltec.eu\/it\/negozio-kirby\/\">ricambi Kirby nel nostro negozio online<\/a> o leggete il nostro <a href=\"https:\/\/www.servizio-aspirapolvere-kirby.it\/spazzole-kirby\/\">blog su Tutto sulle spazzole Kirby.<\/a><\/p>\n<h2 data-start=\"640\" data-end=\"702\">Per Quali Aspirapolvere Kirby \u00e8 Compatibile la Spazzola?<\/h2>\n<p data-start=\"703\" data-end=\"854\">La Kirby Spazzola Battente G5 fino ad Avalir\u00a0\u00e8 adatta a diversi modelli, cos\u00ec avrete sempre a disposizione il ricambio corretto. Compatibile con:<\/p>\n<ul>\n<li data-start=\"858\" data-end=\"872\">Kirby Avalir<\/li>\n<li data-start=\"875\" data-end=\"900\">Kirby Sentria II (G10D)<\/li>\n<li data-start=\"903\" data-end=\"924\">Kirby Sentria (G10)<\/li>\n<li data-start=\"927\" data-end=\"972\">Kirby Ultimate G Diamond Edition (G7D \/ DE)<\/li>\n<li data-start=\"975\" data-end=\"1003\">Kirby Ultimate G (G7 \/ UG)<\/li>\n<li data-start=\"1006\" data-end=\"1031\">Kirby Generation 6 (G6)<\/li>\n<li data-start=\"1034\" data-end=\"1059\">Kirby Generation 5 (G5)<\/li>\n<\/ul>\n<p data-start=\"1061\" data-end=\"1208\">\u00a0Dubbi sulla compatibilit\u00e0 con il vostro aspirapolvere? Consultate la nostra <a href=\"https:\/\/www.veltec.eu\/it\/modello-kirby\/\">guida ai modelli Kirby<\/a>\u00a0e scoprite facilmente quale possedete.<\/p>\n<h2 data-start=\"1215\" data-end=\"1283\">Perch\u00e9 Scegliere la Kirby Rullo battitappeto G5 fino al Avalir?<\/h2>\n<h3 data-start=\"1285\" data-end=\"1321\">Pulizia profonda e potente<\/h3>\n<p data-start=\"1322\" data-end=\"1571\">Le setole robuste battono letteralmente lo sporco intrappolato nelle fibre dei tappeti. Non solo eliminano lo sporco visibile, ma anche polvere e allergeni nascosti in profondit\u00e0. Il risultato? Una casa pi\u00f9 pulita e tappeti che durano pi\u00f9 a lungo.<\/p>\n<h3 data-start=\"1573\" data-end=\"1613\">\u00a0Sostituzione semplice e veloce<\/h3>\n<p>Assolutamente s\u00ec! La spazzola battitappeto Kirby \u00e8 progettata per una facile manutenzione. In pochi minuti \u00e8 possibile sostituire il vecchio rullo della spazzola con quello nuovo. Non \u00e8 richiesta alcuna conoscenza tecnica: basta cliccare, ruotare e si pu\u00f2 continuare immediatamente a passare l&#8217;aspirapolvere.<\/p>\n<p data-start=\"2245\" data-end=\"2333\"><div  id=\"video-kirby-bID8GtTq5Qs\"  class='avia-video av-bID8GtTq5Qs-507c9807c8e9dfea6acb07149e96e97b avia-video-16-9 kirby-video-embed av-no-preview-image avia-video-load-always av-lazyload-immediate av-lazyload-video-embed'  itemprop=\"video\" itemtype=\"https:\/\/schema.org\/VideoObject\"  data-original_url='https:\/\/youtu.be\/bID8GtTq5Qs?list=UULF-xfmletLNRpv4lLhuytt3A'><script type='text\/html' class='av-video-tmpl'><div class='avia-iframe-wrap'><iframe loading=\"lazy\" title=\"Veltec Kirby - Sostituire una cinghia del rullo Kirby\" width=\"1500\" height=\"844\" src=\"https:\/\/www.youtube.com\/embed\/bID8GtTq5Qs?list=UULF-xfmletLNRpv4lLhuytt3A&autoplay=0&loop=0&controls=1&mute=0\" frameborder=\"0\" allow=\"accelerometer; autoplay; clipboard-write; encrypted-media; gyroscope; picture-in-picture; web-share\" referrerpolicy=\"strict-origin-when-cross-origin\" allowfullscreen><\/iframe><\/div><\/script><div class='av-click-to-play-overlay'><div class=\"avia_playpause_icon\"><\/div><\/div><\/div><\/p>\n<p data-start=\"2245\" data-end=\"2333\"><div  id=\"video-kirby-26A0nOVNrUw\"  class='avia-video av-26A0nOVNrUw-8821c1036e1ab3fda01da2f2fa3de8f3 avia-video-16-9 kirby-video-embed av-no-preview-image avia-video-load-always av-lazyload-immediate av-lazyload-video-embed'  itemprop=\"video\" itemtype=\"https:\/\/schema.org\/VideoObject\"  data-original_url='https:\/\/youtu.be\/26A0nOVNrUw?list=UULF-xfmletLNRpv4lLhuytt3A'><script type='text\/html' class='av-video-tmpl'><div class='avia-iframe-wrap'><iframe loading=\"lazy\" title=\"Veltec Kirby - Sostituire un rullo battitappeto Kirby\" width=\"1500\" height=\"844\" src=\"https:\/\/www.youtube.com\/embed\/26A0nOVNrUw?list=UULF-xfmletLNRpv4lLhuytt3A&autoplay=0&loop=0&controls=1&mute=0\" frameborder=\"0\" allow=\"accelerometer; autoplay; clipboard-write; encrypted-media; gyroscope; picture-in-picture; web-share\" referrerpolicy=\"strict-origin-when-cross-origin\" allowfullscreen><\/iframe><\/div><\/script><div class='av-click-to-play-overlay'><div class=\"avia_playpause_icon\"><\/div><\/div><\/div><\/p>\n<h2 data-start=\"1901\" data-end=\"1956\">Vantaggi Principali della Kirby Rullo battitappeto G5 fino al Avalir<\/h2>\n<h3 data-start=\"1958\" data-end=\"2174\">Ambiente domestico pi\u00f9 sano<\/h3>\n<p data-start=\"1958\" data-end=\"2174\">Se soffrite di allergie o polvere, questa spazzola fa davvero la differenza. Rimuove acari, pollini e particelle di sporco, migliorando notevolmente la qualit\u00e0 dell\u2019aria in casa.<\/p>\n<p data-start=\"2176\" data-end=\"2275\">Leggete anche il nostro articolo: <a href=\"https:\/\/www.servizio-aspirapolvere-kirby.it\/come-un-aspirapolvere-kirby-pulisce-in-profondita\/\">Come un aspirapolvere Kirby effettua una pulizia profonda.<\/a><\/p>\n<h3 data-start=\"2277\" data-end=\"2499\">Tappeti pi\u00f9 resistenti e duraturi<\/h3>\n<p data-start=\"2277\" data-end=\"2499\">Lo sporco accumulato nelle fibre rovina i tappeti. Utilizzando regolarmente la Kirby Spazzola Battente, prevenite i danni e mantenete i vostri tappeti belli e protetti nel tempo.<\/p>\n<h3 data-start=\"2501\" data-end=\"2696\">Manutenzione semplice e lunga durata<\/h3>\n<p data-start=\"2501\" data-end=\"2696\">La spazzola \u00e8 realizzata con materiali resistenti in grado di sopportare un uso intensivo. Ci\u00f2 significa che non \u00e8 necessario sostituire spesso i componenti, con un conseguente risparmio di tempo e denaro.<\/p>\n<h2 data-start=\"3015\" data-end=\"3103\">Conclusione \u2013 Perch\u00e9 la Kirby Rullo battitappeto G5 fino al Avalir \u00e8 Indispensabile<\/h2>\n<p data-start=\"3105\" data-end=\"3354\">La Kirby Rullo battitappeto\u00a0\u00e8 l\u2019accessorio perfetto per completare il vostro aspirapolvere. Con setole robuste, installazione semplice e grande resistenza, garantisce una pulizia profonda dei tappeti e un ambiente pi\u00f9 salubre.<\/p>\n<p data-start=\"3356\" data-end=\"3482\">Volete tappeti pi\u00f9 puliti e duraturi? Scegliete la Kirby Spazzola Battente G5 fino ad Avalir\u00a0e provate la differenza.<\/p>\n","protected":false},"excerpt":{"rendered":"<p>La spazzola battente Kirby G5 fino ad Avalir garantisce una pulizia profonda di tappeti e moquette, eliminando sporco e allergeni in modo efficace.<\/p>\n[trustindex data-widget-id=de4365f24f22281a6b165ed75b0]\n<h3><span style=\"color: #008000;\"><br \/>\nIn magazzino<\/span><\/h3>\n[av_font_icon icon='ue812' font='entypo-fontello' style='' caption='' size='25px' position='left' color='#43ad66' link='' linktarget='' title_attr='' sonar_effect_effect='' sonar_effect_color='' sonar_effect_duration='1' sonar_effect_scale='' sonar_effect_opac='0.5' animation='' id='' custom_class='' template_class='' av_uid='' sc_version='1.0' admin_preview_bg=''][\/av_font_icon]\n<p><span style=\"color: #008000;\">Ordinato prima della 23:59, spedito domani<\/span><\/p>\n<p>&nbsp;<\/p>\n","protected":false},"featured_media":20610,"comment_status":"open","ping_status":"closed","template":"","meta":[],"product_brand":[],"product_cat":[346,340],"product_tag":[],"class_list":{"0":"post-12017","1":"product","2":"type-product","3":"status-publish","4":"has-post-thumbnail","6":"product_cat-kirby-ampio-battitappeto","7":"product_cat-kirby-spazzole-accessori","8":"product_shipping_class-klein-it","10":"first","11":"instock","12":"taxable","13":"shipping-taxable","14":"purchasable","15":"product-type-simple"},"yoast_head":"<!-- This site is optimized with the Yoast SEO Premium plugin v27.1 (Yoast SEO v27.4) - https:\/\/yoast.com\/product\/yoast-seo-premium-wordpress\/ -->\n<title>Kirby Rullo battitappeto G5 fino al Avalir - Pulizia Profonda<\/title>\n<meta name=\"description\" content=\"Kirby rullo battitappeto G5 fino al Avalir: rimuove sporco profondo e allergeni dai tappeti. Accessorio durevole, facile da installare.\" \/>\n<meta name=\"robots\" content=\"index, follow, max-snippet:-1, max-image-preview:large, max-video-preview:-1\" \/>\n<link rel=\"canonical\" href=\"https:\/\/www.veltec.eu\/it\/product\/kirby-rullo-battitappeto-da-kirby-g5-fino-al-avalir-nl3162\/\" \/>\n<meta property=\"og:locale\" content=\"it_IT\" \/>\n<meta property=\"og:type\" content=\"article\" \/>\n<meta property=\"og:title\" content=\"Kirby Rullo battitappeto da Kirby G5 fino al Avalir\" \/>\n<meta property=\"og:description\" content=\"La spazzola battente Kirby G5 fino ad Avalir garantisce una pulizia profonda di tappeti e moquette, eliminando sporco e allergeni in modo efficace.    In magazzino   Ordinato prima della 23:59, spedito domani  &nbsp;\" \/>\n<meta property=\"og:url\" content=\"https:\/\/www.veltec.eu\/it\/product\/kirby-rullo-battitappeto-da-kirby-g5-fino-al-avalir-nl3162\/\" \/>\n<meta property=\"og:site_name\" content=\"Veltec Kirby specialist\" \/>\n<meta property=\"article:publisher\" content=\"https:\/\/www.facebook.com\/Veltec-Kirby-Specialist-236746293374877\/\" \/>\n<meta property=\"article:modified_time\" content=\"2025-11-11T14:28:44+00:00\" \/>\n<meta property=\"og:image\" content=\"https:\/\/www.veltec.eu\/wp-content\/uploads\/2018\/10\/kirby-klopborstel-g5-tm-avalir.jpg\" \/>\n\t<meta property=\"og:image:width\" content=\"500\" \/>\n\t<meta property=\"og:image:height\" content=\"500\" \/>\n\t<meta property=\"og:image:type\" content=\"image\/jpeg\" \/>\n<meta name=\"twitter:card\" content=\"summary_large_image\" \/>\n<meta name=\"twitter:label1\" content=\"Tempo di lettura stimato\" \/>\n\t<meta name=\"twitter:data1\" content=\"3 minuti\" \/>\n<script type=\"application\/ld+json\" class=\"yoast-schema-graph\">{\"@context\":\"https:\\\/\\\/schema.org\",\"@graph\":[{\"@type\":\"WebPage\",\"@id\":\"https:\\\/\\\/www.veltec.eu\\\/it\\\/product\\\/kirby-rullo-battitappeto-da-kirby-g5-fino-al-avalir-nl3162\\\/\",\"url\":\"https:\\\/\\\/www.veltec.eu\\\/it\\\/product\\\/kirby-rullo-battitappeto-da-kirby-g5-fino-al-avalir-nl3162\\\/\",\"name\":\"Kirby Rullo battitappeto G5 fino al Avalir - Pulizia Profonda\",\"isPartOf\":{\"@id\":\"https:\\\/\\\/www.veltec.eu\\\/en\\\/#website\"},\"primaryImageOfPage\":{\"@id\":\"https:\\\/\\\/www.veltec.eu\\\/it\\\/product\\\/kirby-rullo-battitappeto-da-kirby-g5-fino-al-avalir-nl3162\\\/#primaryimage\"},\"image\":{\"@id\":\"https:\\\/\\\/www.veltec.eu\\\/it\\\/product\\\/kirby-rullo-battitappeto-da-kirby-g5-fino-al-avalir-nl3162\\\/#primaryimage\"},\"thumbnailUrl\":\"https:\\\/\\\/www.veltec.eu\\\/wp-content\\\/uploads\\\/2018\\\/10\\\/kirby-klopborstel-g5-tm-avalir.jpg\",\"datePublished\":\"2018-10-16T13:07:55+00:00\",\"dateModified\":\"2025-11-11T14:28:44+00:00\",\"description\":\"Kirby rullo battitappeto G5 fino al Avalir: rimuove sporco profondo e allergeni dai tappeti. Accessorio durevole, facile da installare.\",\"breadcrumb\":{\"@id\":\"https:\\\/\\\/www.veltec.eu\\\/it\\\/product\\\/kirby-rullo-battitappeto-da-kirby-g5-fino-al-avalir-nl3162\\\/#breadcrumb\"},\"inLanguage\":\"it-IT\",\"potentialAction\":[{\"@type\":\"ReadAction\",\"target\":[\"https:\\\/\\\/www.veltec.eu\\\/it\\\/product\\\/kirby-rullo-battitappeto-da-kirby-g5-fino-al-avalir-nl3162\\\/\"]}]},{\"@type\":\"ImageObject\",\"inLanguage\":\"it-IT\",\"@id\":\"https:\\\/\\\/www.veltec.eu\\\/it\\\/product\\\/kirby-rullo-battitappeto-da-kirby-g5-fino-al-avalir-nl3162\\\/#primaryimage\",\"url\":\"https:\\\/\\\/www.veltec.eu\\\/wp-content\\\/uploads\\\/2018\\\/10\\\/kirby-klopborstel-g5-tm-avalir.jpg\",\"contentUrl\":\"https:\\\/\\\/www.veltec.eu\\\/wp-content\\\/uploads\\\/2018\\\/10\\\/kirby-klopborstel-g5-tm-avalir.jpg\",\"width\":500,\"height\":500},{\"@type\":\"BreadcrumbList\",\"@id\":\"https:\\\/\\\/www.veltec.eu\\\/it\\\/product\\\/kirby-rullo-battitappeto-da-kirby-g5-fino-al-avalir-nl3162\\\/#breadcrumb\",\"itemListElement\":[{\"@type\":\"ListItem\",\"position\":1,\"name\":\"Home\",\"item\":\"https:\\\/\\\/www.veltec.eu\\\/it\\\/\"},{\"@type\":\"ListItem\",\"position\":2,\"name\":\"Produits\",\"item\":\"https:\\\/\\\/www.veltec.eu\\\/fr\\\/shop\\\/\"},{\"@type\":\"ListItem\",\"position\":3,\"name\":\"Kirby Rullo battitappeto da Kirby G5 fino al Avalir\"}]},{\"@type\":\"WebSite\",\"@id\":\"https:\\\/\\\/www.veltec.eu\\\/en\\\/#website\",\"url\":\"https:\\\/\\\/www.veltec.eu\\\/en\\\/\",\"name\":\"Veltec Kirby specialist\",\"description\":\"Kirby stofzuiger producten\",\"publisher\":{\"@id\":\"https:\\\/\\\/www.veltec.eu\\\/en\\\/#organization\"},\"potentialAction\":[{\"@type\":\"SearchAction\",\"target\":{\"@type\":\"EntryPoint\",\"urlTemplate\":\"https:\\\/\\\/www.veltec.eu\\\/en\\\/?s={search_term_string}\"},\"query-input\":{\"@type\":\"PropertyValueSpecification\",\"valueRequired\":true,\"valueName\":\"search_term_string\"}}],\"inLanguage\":\"it-IT\"},{\"@type\":\"Organization\",\"@id\":\"https:\\\/\\\/www.veltec.eu\\\/en\\\/#organization\",\"name\":\"Veltec Kirby Specialist\",\"url\":\"https:\\\/\\\/www.veltec.eu\\\/en\\\/\",\"logo\":{\"@type\":\"ImageObject\",\"inLanguage\":\"it-IT\",\"@id\":\"https:\\\/\\\/www.veltec.eu\\\/en\\\/#\\\/schema\\\/logo\\\/image\\\/\",\"url\":\"https:\\\/\\\/www.veltec.eu\\\/wp-content\\\/uploads\\\/2021\\\/12\\\/Veltec-log-groot-e1537260889125.png\",\"contentUrl\":\"https:\\\/\\\/www.veltec.eu\\\/wp-content\\\/uploads\\\/2021\\\/12\\\/Veltec-log-groot-e1537260889125.png\",\"width\":200,\"height\":60,\"caption\":\"Veltec Kirby Specialist\"},\"image\":{\"@id\":\"https:\\\/\\\/www.veltec.eu\\\/en\\\/#\\\/schema\\\/logo\\\/image\\\/\"},\"sameAs\":[\"https:\\\/\\\/www.facebook.com\\\/Veltec-Kirby-Specialist-236746293374877\\\/\",\"https:\\\/\\\/www.youtube.com\\\/user\\\/VeltecService\"]}]}<\/script>\n<!-- \/ Yoast SEO Premium plugin. -->","yoast_head_json":{"title":"Kirby Rullo battitappeto G5 fino al Avalir - Pulizia Profonda","description":"Kirby rullo battitappeto G5 fino al Avalir: rimuove sporco profondo e allergeni dai tappeti. Accessorio durevole, facile da installare.","robots":{"index":"index","follow":"follow","max-snippet":"max-snippet:-1","max-image-preview":"max-image-preview:large","max-video-preview":"max-video-preview:-1"},"canonical":"https:\/\/www.veltec.eu\/it\/product\/kirby-rullo-battitappeto-da-kirby-g5-fino-al-avalir-nl3162\/","og_locale":"it_IT","og_type":"article","og_title":"Kirby Rullo battitappeto da Kirby G5 fino al Avalir","og_description":"La spazzola battente Kirby G5 fino ad Avalir garantisce una pulizia profonda di tappeti e moquette, eliminando sporco e allergeni in modo efficace.    In magazzino   Ordinato prima della 23:59, spedito domani  &nbsp;","og_url":"https:\/\/www.veltec.eu\/it\/product\/kirby-rullo-battitappeto-da-kirby-g5-fino-al-avalir-nl3162\/","og_site_name":"Veltec Kirby specialist","article_publisher":"https:\/\/www.facebook.com\/Veltec-Kirby-Specialist-236746293374877\/","article_modified_time":"2025-11-11T14:28:44+00:00","og_image":[{"width":500,"height":500,"url":"https:\/\/www.veltec.eu\/wp-content\/uploads\/2018\/10\/kirby-klopborstel-g5-tm-avalir.jpg","type":"image\/jpeg"}],"twitter_card":"summary_large_image","twitter_misc":{"Tempo di lettura stimato":"3 minuti"},"schema":{"@context":"https:\/\/schema.org","@graph":[{"@type":"WebPage","@id":"https:\/\/www.veltec.eu\/it\/product\/kirby-rullo-battitappeto-da-kirby-g5-fino-al-avalir-nl3162\/","url":"https:\/\/www.veltec.eu\/it\/product\/kirby-rullo-battitappeto-da-kirby-g5-fino-al-avalir-nl3162\/","name":"Kirby Rullo battitappeto G5 fino al Avalir - Pulizia Profonda","isPartOf":{"@id":"https:\/\/www.veltec.eu\/en\/#website"},"primaryImageOfPage":{"@id":"https:\/\/www.veltec.eu\/it\/product\/kirby-rullo-battitappeto-da-kirby-g5-fino-al-avalir-nl3162\/#primaryimage"},"image":{"@id":"https:\/\/www.veltec.eu\/it\/product\/kirby-rullo-battitappeto-da-kirby-g5-fino-al-avalir-nl3162\/#primaryimage"},"thumbnailUrl":"https:\/\/www.veltec.eu\/wp-content\/uploads\/2018\/10\/kirby-klopborstel-g5-tm-avalir.jpg","datePublished":"2018-10-16T13:07:55+00:00","dateModified":"2025-11-11T14:28:44+00:00","description":"Kirby rullo battitappeto G5 fino al Avalir: rimuove sporco profondo e allergeni dai tappeti. Accessorio durevole, facile da installare.","breadcrumb":{"@id":"https:\/\/www.veltec.eu\/it\/product\/kirby-rullo-battitappeto-da-kirby-g5-fino-al-avalir-nl3162\/#breadcrumb"},"inLanguage":"it-IT","potentialAction":[{"@type":"ReadAction","target":["https:\/\/www.veltec.eu\/it\/product\/kirby-rullo-battitappeto-da-kirby-g5-fino-al-avalir-nl3162\/"]}]},{"@type":"ImageObject","inLanguage":"it-IT","@id":"https:\/\/www.veltec.eu\/it\/product\/kirby-rullo-battitappeto-da-kirby-g5-fino-al-avalir-nl3162\/#primaryimage","url":"https:\/\/www.veltec.eu\/wp-content\/uploads\/2018\/10\/kirby-klopborstel-g5-tm-avalir.jpg","contentUrl":"https:\/\/www.veltec.eu\/wp-content\/uploads\/2018\/10\/kirby-klopborstel-g5-tm-avalir.jpg","width":500,"height":500},{"@type":"BreadcrumbList","@id":"https:\/\/www.veltec.eu\/it\/product\/kirby-rullo-battitappeto-da-kirby-g5-fino-al-avalir-nl3162\/#breadcrumb","itemListElement":[{"@type":"ListItem","position":1,"name":"Home","item":"https:\/\/www.veltec.eu\/it\/"},{"@type":"ListItem","position":2,"name":"Produits","item":"https:\/\/www.veltec.eu\/fr\/shop\/"},{"@type":"ListItem","position":3,"name":"Kirby Rullo battitappeto da Kirby G5 fino al Avalir"}]},{"@type":"WebSite","@id":"https:\/\/www.veltec.eu\/en\/#website","url":"https:\/\/www.veltec.eu\/en\/","name":"Veltec Kirby specialist","description":"Kirby stofzuiger producten","publisher":{"@id":"https:\/\/www.veltec.eu\/en\/#organization"},"potentialAction":[{"@type":"SearchAction","target":{"@type":"EntryPoint","urlTemplate":"https:\/\/www.veltec.eu\/en\/?s={search_term_string}"},"query-input":{"@type":"PropertyValueSpecification","valueRequired":true,"valueName":"search_term_string"}}],"inLanguage":"it-IT"},{"@type":"Organization","@id":"https:\/\/www.veltec.eu\/en\/#organization","name":"Veltec Kirby Specialist","url":"https:\/\/www.veltec.eu\/en\/","logo":{"@type":"ImageObject","inLanguage":"it-IT","@id":"https:\/\/www.veltec.eu\/en\/#\/schema\/logo\/image\/","url":"https:\/\/www.veltec.eu\/wp-content\/uploads\/2021\/12\/Veltec-log-groot-e1537260889125.png","contentUrl":"https:\/\/www.veltec.eu\/wp-content\/uploads\/2021\/12\/Veltec-log-groot-e1537260889125.png","width":200,"height":60,"caption":"Veltec Kirby Specialist"},"image":{"@id":"https:\/\/www.veltec.eu\/en\/#\/schema\/logo\/image\/"},"sameAs":["https:\/\/www.facebook.com\/Veltec-Kirby-Specialist-236746293374877\/","https:\/\/www.youtube.com\/user\/VeltecService"]}]}},"_links":{"self":[{"href":"https:\/\/www.veltec.eu\/it\/wp-json\/wp\/v2\/product\/12017","targetHints":{"allow":["GET"]}}],"collection":[{"href":"https:\/\/www.veltec.eu\/it\/wp-json\/wp\/v2\/product"}],"about":[{"href":"https:\/\/www.veltec.eu\/it\/wp-json\/wp\/v2\/types\/product"}],"replies":[{"embeddable":true,"href":"https:\/\/www.veltec.eu\/it\/wp-json\/wp\/v2\/comments?post=12017"}],"wp:featuredmedia":[{"embeddable":true,"href":"https:\/\/www.veltec.eu\/it\/wp-json\/wp\/v2\/media\/20610"}],"wp:attachment":[{"href":"https:\/\/www.veltec.eu\/it\/wp-json\/wp\/v2\/media?parent=12017"}],"wp:term":[{"taxonomy":"product_brand","embeddable":true,"href":"https:\/\/www.veltec.eu\/it\/wp-json\/wp\/v2\/product_brand?post=12017"},{"taxonomy":"product_cat","embeddable":true,"href":"https:\/\/www.veltec.eu\/it\/wp-json\/wp\/v2\/product_cat?post=12017"},{"taxonomy":"product_tag","embeddable":true,"href":"https:\/\/www.veltec.eu\/it\/wp-json\/wp\/v2\/product_tag?post=12017"}],"curies":[{"name":"wp","href":"https:\/\/api.w.org\/{rel}","templated":true}]}}