{"id":11997,"date":"2018-10-16T15:47:47","date_gmt":"2018-10-16T13:47:47","guid":{"rendered":"https:\/\/www.veltec.eu\/kirby-webshop\/kirby-ampio-battitappeto-g-nl3158\/"},"modified":"2025-04-10T12:35:53","modified_gmt":"2025-04-10T10:35:53","slug":"kirby-ampio-battitappeto-generation-g6-g7-nl3158","status":"publish","type":"product","link":"https:\/\/www.veltec.eu\/it\/product\/kirby-ampio-battitappeto-generation-g6-g7-nl3158\/","title":{"rendered":"Kirby Ampio Battitappeto Generation G6\/G7"},"content":{"rendered":"<h2>Kirby Ampio Battitappeto Generation G6\/G7 &#8211; Pulizia potente per tappeti, moquette e materassi<\/h2>\n<p>Quando si cerca una pulizia profonda e accurata di tappeti, moquette o materassi, il Kirby Ampio Battitappeto Generation G6\/G7 \u00e8 la soluzione. Sviluppato come il brevetto pi\u00f9 potente di Kirby, questo tergipavimento largo offre risultati di pulizia profonda senza precedenti. Senza l&#8217;uso di una spazzola, questa bocchetta rimuove senza sforzo sporco, polvere e allergeni.<\/p>\n<p><strong>Questa spazzola \u00e8 adatta solo per i modelli di aspirapolvere Kirby elencati di seguito;<\/strong><\/p>\n<ul>\n<li>Ultimate G Diamond Ed.(G7D or DE)<\/li>\n<li>Ultimate G (G7 or UG)<\/li>\n<li>Generation 6 (G6)<\/li>\n<\/ul>\n<p>Puoi ordinarli qui <a href=\"https:\/\/www.veltec.eu\/it\/kirby-ampio-battitappeto\/\">Spazzola battente Kirby G5 per Avalir<\/a><\/p>\n<h3>Perch\u00e9 scegliere il Kirby Ampio Battitappeto Generation G6\/G7?<\/h3>\n<p>Il Spazzola battente Kirby Generation G6\/G7 \u00e8 stato progettato appositamente per la pulizia potente di superfici morbide come tappeti e moquette. Grazie alla tecnologia intelligente e all&#8217;ampia superficie, si risparmia tempo durante la pulizia, mentre il risultato \u00e8 pi\u00f9 accurato. Grazie al flusso d&#8217;aria perfetto e alla forte aspirazione, le particelle di sporco vengono estratte dalle fibre pi\u00f9 profonde.<\/p>\n<ul>\n<li>Efficienza d&#8217;uso: l&#8217;ampio formato consente di pulire pi\u00f9 velocemente aree pi\u00f9 ampie.<\/li>\n<li>Pulizia accurata: ideale per le famiglie con animali domestici o allergie.<\/li>\n<li>Senza spazzola battente: meno rumore, meno usura e comunque prestazioni eccellenti.<\/li>\n<\/ul>\n<h3>Pulizia profonda senza compromessi<\/h3>\n<p>Ci\u00f2 che distingue questo tergipavimento Kirby \u00e8 il fatto che non \u00e8 necessaria una spazzola per la pulizia profonda. Molti utenti pensano che una spazzola sia essenziale per sciogliere lo sporco, ma questo non \u00e8 il caso del Spazzola battente Kirby Generation G6\/G7. Grazie alla potente aspirazione, le particelle di polvere e sporco vengono letteralmente tirate fuori dal tappeto. Ci\u00f2 rende questo accessorio particolarmente adatto alle persone con allergie o problemi respiratori.<\/p>\n<h3>Perfetto per rimuovere gli acari della polvere dai materassi<\/h3>\n<p>Non solo i tappeti beneficiano di questa potente bocchetta: anche i materassi possono essere puliti efficacemente. Gli acari della polvere domestica e altri contaminanti microscopici si accumulano spesso nei materassi. Utilizzando regolarmente questa bocchetta, si riduce il rischio di reazioni allergiche e si aumenta l&#8217;igiene della casa. La bocchetta si adatta perfettamente ai modelli Kirby Generation G6 e G7 ed \u00e8 facile da collegare senza accessori aggiuntivi.<\/p>\n<h2>Riepilogo: i vantaggi in sintesi<\/h2>\n<ul>\n<li>Specifico per Kirby Generation G6 e G7<\/li>\n<li>Non \u00e8 necessaria la spazzola battente per una pulizia profonda<\/li>\n<li>Ampio tergipavimento per una pulizia efficace<\/li>\n<li>Ideale per tappeti, moquette e materassi<\/li>\n<li>Molto adatto per persone con allergie o animali domestici<\/li>\n<\/ul>\n<p>Siete pronti per una casa pi\u00f9 pulita, fresca e sana? Allora il Kirby Ampio Battitappeto Generation G6\/G7 \u00e8 la scelta ideale per voi. Ordinate oggi stesso e sperimentate voi stessi la potenza del design pi\u00f9 accurato di Kirby.<\/p>\n","protected":false},"excerpt":{"rendered":"<p>Ampio battitappeto per la profonda pulizia di rivestimenti e moquette. Adatto anche per l` eliminazione di acari della polvere dai materassi.<\/p>\n<p>Senza spazzola Kirby.<\/p>\n[trustindex data-widget-id=de4365f24f22281a6b165ed75b0]\n<h3><span style=\"color: #008000;\"><br \/>\nIn magazzino<\/span><\/h3>\n[av_font_icon icon='ue812' font='entypo-fontello' style='' caption='' size='25px' position='left' color='#43ad66' link='' linktarget='' title_attr='' sonar_effect_effect='' sonar_effect_color='' sonar_effect_duration='1' sonar_effect_scale='' sonar_effect_opac='0.5' animation='' id='' custom_class='' template_class='' av_uid='' sc_version='1.0' admin_preview_bg=''][\/av_font_icon]\n<p><span style=\"color: #008000;\">Ordinato prima della 23:59, spedito domani<\/span><\/p>\n<p>&nbsp;<\/p>\n","protected":false},"featured_media":6161,"comment_status":"open","ping_status":"closed","template":"","meta":[],"product_brand":[],"product_cat":[346],"product_tag":[],"class_list":{"0":"post-11997","1":"product","2":"type-product","3":"status-publish","4":"has-post-thumbnail","6":"product_cat-kirby-ampio-battitappeto","7":"product_shipping_class-klein-it","9":"first","10":"instock","11":"sale","12":"taxable","13":"shipping-taxable","14":"purchasable","15":"product-type-simple"},"yoast_head":"<!-- This site is optimized with the Yoast SEO Premium plugin v27.1 (Yoast SEO v27.4) - https:\/\/yoast.com\/product\/yoast-seo-premium-wordpress\/ -->\n<title>Kirby Ampio Battitappeto Generation G6\/G7 - Veltec Kirby specialist<\/title>\n<meta name=\"description\" content=\"Kirby Ampio Battitappeto Generation G6\/G7- Veltec \u00e8 il fornitore delle aspirapolveri Kirby da oltre 25 anni. Ed \u00e8 il tuo fidato specialista\" \/>\n<meta name=\"robots\" content=\"index, follow, max-snippet:-1, max-image-preview:large, max-video-preview:-1\" \/>\n<link rel=\"canonical\" href=\"https:\/\/www.veltec.eu\/it\/product\/kirby-ampio-battitappeto-generation-g6-g7-nl3158\/\" \/>\n<meta property=\"og:locale\" content=\"it_IT\" \/>\n<meta property=\"og:type\" content=\"article\" \/>\n<meta property=\"og:title\" content=\"Kirby Ampio Battitappeto Generation G6\/G7\" \/>\n<meta property=\"og:description\" content=\"Ampio battitappeto per la profonda pulizia di rivestimenti e moquette. Adatto anche per l` eliminazione di acari della polvere dai materassi.  Senza spazzola Kirby.    In magazzino   Ordinato prima della 23:59, spedito domani  &nbsp;\" \/>\n<meta property=\"og:url\" content=\"https:\/\/www.veltec.eu\/it\/product\/kirby-ampio-battitappeto-generation-g6-g7-nl3158\/\" \/>\n<meta property=\"og:site_name\" content=\"Veltec Kirby specialist\" \/>\n<meta property=\"article:publisher\" content=\"https:\/\/www.facebook.com\/Veltec-Kirby-Specialist-236746293374877\/\" \/>\n<meta property=\"article:modified_time\" content=\"2025-04-10T10:35:53+00:00\" \/>\n<meta property=\"og:image\" content=\"https:\/\/www.veltec.eu\/wp-content\/uploads\/2018\/10\/Kirby-klopbzuigmond-86-t_m-g8.jpg\" \/>\n\t<meta property=\"og:image:width\" content=\"300\" \/>\n\t<meta property=\"og:image:height\" content=\"300\" \/>\n\t<meta property=\"og:image:type\" content=\"image\/jpeg\" \/>\n<meta name=\"twitter:card\" content=\"summary_large_image\" \/>\n<meta name=\"twitter:label1\" content=\"Tempo di lettura stimato\" \/>\n\t<meta name=\"twitter:data1\" content=\"3 minuti\" \/>\n<script type=\"application\/ld+json\" class=\"yoast-schema-graph\">{\"@context\":\"https:\\\/\\\/schema.org\",\"@graph\":[{\"@type\":\"WebPage\",\"@id\":\"https:\\\/\\\/www.veltec.eu\\\/it\\\/product\\\/kirby-ampio-battitappeto-generation-g6-g7-nl3158\\\/\",\"url\":\"https:\\\/\\\/www.veltec.eu\\\/it\\\/product\\\/kirby-ampio-battitappeto-generation-g6-g7-nl3158\\\/\",\"name\":\"Kirby Ampio Battitappeto Generation G6\\\/G7 - Veltec Kirby specialist\",\"isPartOf\":{\"@id\":\"https:\\\/\\\/www.veltec.eu\\\/en\\\/#website\"},\"primaryImageOfPage\":{\"@id\":\"https:\\\/\\\/www.veltec.eu\\\/it\\\/product\\\/kirby-ampio-battitappeto-generation-g6-g7-nl3158\\\/#primaryimage\"},\"image\":{\"@id\":\"https:\\\/\\\/www.veltec.eu\\\/it\\\/product\\\/kirby-ampio-battitappeto-generation-g6-g7-nl3158\\\/#primaryimage\"},\"thumbnailUrl\":\"https:\\\/\\\/www.veltec.eu\\\/wp-content\\\/uploads\\\/2018\\\/10\\\/Kirby-klopbzuigmond-86-t_m-g8.jpg\",\"datePublished\":\"2018-10-16T13:47:47+00:00\",\"dateModified\":\"2025-04-10T10:35:53+00:00\",\"description\":\"Kirby Ampio Battitappeto Generation G6\\\/G7- Veltec \u00e8 il fornitore delle aspirapolveri Kirby da oltre 25 anni. Ed \u00e8 il tuo fidato specialista\",\"breadcrumb\":{\"@id\":\"https:\\\/\\\/www.veltec.eu\\\/it\\\/product\\\/kirby-ampio-battitappeto-generation-g6-g7-nl3158\\\/#breadcrumb\"},\"inLanguage\":\"it-IT\",\"potentialAction\":[{\"@type\":\"ReadAction\",\"target\":[\"https:\\\/\\\/www.veltec.eu\\\/it\\\/product\\\/kirby-ampio-battitappeto-generation-g6-g7-nl3158\\\/\"]}]},{\"@type\":\"ImageObject\",\"inLanguage\":\"it-IT\",\"@id\":\"https:\\\/\\\/www.veltec.eu\\\/it\\\/product\\\/kirby-ampio-battitappeto-generation-g6-g7-nl3158\\\/#primaryimage\",\"url\":\"https:\\\/\\\/www.veltec.eu\\\/wp-content\\\/uploads\\\/2018\\\/10\\\/Kirby-klopbzuigmond-86-t_m-g8.jpg\",\"contentUrl\":\"https:\\\/\\\/www.veltec.eu\\\/wp-content\\\/uploads\\\/2018\\\/10\\\/Kirby-klopbzuigmond-86-t_m-g8.jpg\",\"width\":300,\"height\":300,\"caption\":\"Kirby klopzuigmond\"},{\"@type\":\"BreadcrumbList\",\"@id\":\"https:\\\/\\\/www.veltec.eu\\\/it\\\/product\\\/kirby-ampio-battitappeto-generation-g6-g7-nl3158\\\/#breadcrumb\",\"itemListElement\":[{\"@type\":\"ListItem\",\"position\":1,\"name\":\"Home\",\"item\":\"https:\\\/\\\/www.veltec.eu\\\/it\\\/\"},{\"@type\":\"ListItem\",\"position\":2,\"name\":\"Produits\",\"item\":\"https:\\\/\\\/www.veltec.eu\\\/fr\\\/shop\\\/\"},{\"@type\":\"ListItem\",\"position\":3,\"name\":\"Kirby Ampio Battitappeto Generation G6\\\/G7\"}]},{\"@type\":\"WebSite\",\"@id\":\"https:\\\/\\\/www.veltec.eu\\\/en\\\/#website\",\"url\":\"https:\\\/\\\/www.veltec.eu\\\/en\\\/\",\"name\":\"Veltec Kirby specialist\",\"description\":\"Kirby stofzuiger producten\",\"publisher\":{\"@id\":\"https:\\\/\\\/www.veltec.eu\\\/en\\\/#organization\"},\"potentialAction\":[{\"@type\":\"SearchAction\",\"target\":{\"@type\":\"EntryPoint\",\"urlTemplate\":\"https:\\\/\\\/www.veltec.eu\\\/en\\\/?s={search_term_string}\"},\"query-input\":{\"@type\":\"PropertyValueSpecification\",\"valueRequired\":true,\"valueName\":\"search_term_string\"}}],\"inLanguage\":\"it-IT\"},{\"@type\":\"Organization\",\"@id\":\"https:\\\/\\\/www.veltec.eu\\\/en\\\/#organization\",\"name\":\"Veltec Kirby Specialist\",\"url\":\"https:\\\/\\\/www.veltec.eu\\\/en\\\/\",\"logo\":{\"@type\":\"ImageObject\",\"inLanguage\":\"it-IT\",\"@id\":\"https:\\\/\\\/www.veltec.eu\\\/en\\\/#\\\/schema\\\/logo\\\/image\\\/\",\"url\":\"https:\\\/\\\/www.veltec.eu\\\/wp-content\\\/uploads\\\/2021\\\/12\\\/Veltec-log-groot-e1537260889125.png\",\"contentUrl\":\"https:\\\/\\\/www.veltec.eu\\\/wp-content\\\/uploads\\\/2021\\\/12\\\/Veltec-log-groot-e1537260889125.png\",\"width\":200,\"height\":60,\"caption\":\"Veltec Kirby Specialist\"},\"image\":{\"@id\":\"https:\\\/\\\/www.veltec.eu\\\/en\\\/#\\\/schema\\\/logo\\\/image\\\/\"},\"sameAs\":[\"https:\\\/\\\/www.facebook.com\\\/Veltec-Kirby-Specialist-236746293374877\\\/\",\"https:\\\/\\\/www.youtube.com\\\/user\\\/VeltecService\"]}]}<\/script>\n<!-- \/ Yoast SEO Premium plugin. -->","yoast_head_json":{"title":"Kirby Ampio Battitappeto Generation G6\/G7 - Veltec Kirby specialist","description":"Kirby Ampio Battitappeto Generation G6\/G7- Veltec \u00e8 il fornitore delle aspirapolveri Kirby da oltre 25 anni. Ed \u00e8 il tuo fidato specialista","robots":{"index":"index","follow":"follow","max-snippet":"max-snippet:-1","max-image-preview":"max-image-preview:large","max-video-preview":"max-video-preview:-1"},"canonical":"https:\/\/www.veltec.eu\/it\/product\/kirby-ampio-battitappeto-generation-g6-g7-nl3158\/","og_locale":"it_IT","og_type":"article","og_title":"Kirby Ampio Battitappeto Generation G6\/G7","og_description":"Ampio battitappeto per la profonda pulizia di rivestimenti e moquette. Adatto anche per l` eliminazione di acari della polvere dai materassi.  Senza spazzola Kirby.    In magazzino   Ordinato prima della 23:59, spedito domani  &nbsp;","og_url":"https:\/\/www.veltec.eu\/it\/product\/kirby-ampio-battitappeto-generation-g6-g7-nl3158\/","og_site_name":"Veltec Kirby specialist","article_publisher":"https:\/\/www.facebook.com\/Veltec-Kirby-Specialist-236746293374877\/","article_modified_time":"2025-04-10T10:35:53+00:00","og_image":[{"width":300,"height":300,"url":"https:\/\/www.veltec.eu\/wp-content\/uploads\/2018\/10\/Kirby-klopbzuigmond-86-t_m-g8.jpg","type":"image\/jpeg"}],"twitter_card":"summary_large_image","twitter_misc":{"Tempo di lettura stimato":"3 minuti"},"schema":{"@context":"https:\/\/schema.org","@graph":[{"@type":"WebPage","@id":"https:\/\/www.veltec.eu\/it\/product\/kirby-ampio-battitappeto-generation-g6-g7-nl3158\/","url":"https:\/\/www.veltec.eu\/it\/product\/kirby-ampio-battitappeto-generation-g6-g7-nl3158\/","name":"Kirby Ampio Battitappeto Generation G6\/G7 - Veltec Kirby specialist","isPartOf":{"@id":"https:\/\/www.veltec.eu\/en\/#website"},"primaryImageOfPage":{"@id":"https:\/\/www.veltec.eu\/it\/product\/kirby-ampio-battitappeto-generation-g6-g7-nl3158\/#primaryimage"},"image":{"@id":"https:\/\/www.veltec.eu\/it\/product\/kirby-ampio-battitappeto-generation-g6-g7-nl3158\/#primaryimage"},"thumbnailUrl":"https:\/\/www.veltec.eu\/wp-content\/uploads\/2018\/10\/Kirby-klopbzuigmond-86-t_m-g8.jpg","datePublished":"2018-10-16T13:47:47+00:00","dateModified":"2025-04-10T10:35:53+00:00","description":"Kirby Ampio Battitappeto Generation G6\/G7- Veltec \u00e8 il fornitore delle aspirapolveri Kirby da oltre 25 anni. Ed \u00e8 il tuo fidato specialista","breadcrumb":{"@id":"https:\/\/www.veltec.eu\/it\/product\/kirby-ampio-battitappeto-generation-g6-g7-nl3158\/#breadcrumb"},"inLanguage":"it-IT","potentialAction":[{"@type":"ReadAction","target":["https:\/\/www.veltec.eu\/it\/product\/kirby-ampio-battitappeto-generation-g6-g7-nl3158\/"]}]},{"@type":"ImageObject","inLanguage":"it-IT","@id":"https:\/\/www.veltec.eu\/it\/product\/kirby-ampio-battitappeto-generation-g6-g7-nl3158\/#primaryimage","url":"https:\/\/www.veltec.eu\/wp-content\/uploads\/2018\/10\/Kirby-klopbzuigmond-86-t_m-g8.jpg","contentUrl":"https:\/\/www.veltec.eu\/wp-content\/uploads\/2018\/10\/Kirby-klopbzuigmond-86-t_m-g8.jpg","width":300,"height":300,"caption":"Kirby klopzuigmond"},{"@type":"BreadcrumbList","@id":"https:\/\/www.veltec.eu\/it\/product\/kirby-ampio-battitappeto-generation-g6-g7-nl3158\/#breadcrumb","itemListElement":[{"@type":"ListItem","position":1,"name":"Home","item":"https:\/\/www.veltec.eu\/it\/"},{"@type":"ListItem","position":2,"name":"Produits","item":"https:\/\/www.veltec.eu\/fr\/shop\/"},{"@type":"ListItem","position":3,"name":"Kirby Ampio Battitappeto Generation G6\/G7"}]},{"@type":"WebSite","@id":"https:\/\/www.veltec.eu\/en\/#website","url":"https:\/\/www.veltec.eu\/en\/","name":"Veltec Kirby specialist","description":"Kirby stofzuiger producten","publisher":{"@id":"https:\/\/www.veltec.eu\/en\/#organization"},"potentialAction":[{"@type":"SearchAction","target":{"@type":"EntryPoint","urlTemplate":"https:\/\/www.veltec.eu\/en\/?s={search_term_string}"},"query-input":{"@type":"PropertyValueSpecification","valueRequired":true,"valueName":"search_term_string"}}],"inLanguage":"it-IT"},{"@type":"Organization","@id":"https:\/\/www.veltec.eu\/en\/#organization","name":"Veltec Kirby Specialist","url":"https:\/\/www.veltec.eu\/en\/","logo":{"@type":"ImageObject","inLanguage":"it-IT","@id":"https:\/\/www.veltec.eu\/en\/#\/schema\/logo\/image\/","url":"https:\/\/www.veltec.eu\/wp-content\/uploads\/2021\/12\/Veltec-log-groot-e1537260889125.png","contentUrl":"https:\/\/www.veltec.eu\/wp-content\/uploads\/2021\/12\/Veltec-log-groot-e1537260889125.png","width":200,"height":60,"caption":"Veltec Kirby Specialist"},"image":{"@id":"https:\/\/www.veltec.eu\/en\/#\/schema\/logo\/image\/"},"sameAs":["https:\/\/www.facebook.com\/Veltec-Kirby-Specialist-236746293374877\/","https:\/\/www.youtube.com\/user\/VeltecService"]}]}},"_links":{"self":[{"href":"https:\/\/www.veltec.eu\/it\/wp-json\/wp\/v2\/product\/11997","targetHints":{"allow":["GET"]}}],"collection":[{"href":"https:\/\/www.veltec.eu\/it\/wp-json\/wp\/v2\/product"}],"about":[{"href":"https:\/\/www.veltec.eu\/it\/wp-json\/wp\/v2\/types\/product"}],"replies":[{"embeddable":true,"href":"https:\/\/www.veltec.eu\/it\/wp-json\/wp\/v2\/comments?post=11997"}],"wp:featuredmedia":[{"embeddable":true,"href":"https:\/\/www.veltec.eu\/it\/wp-json\/wp\/v2\/media\/6161"}],"wp:attachment":[{"href":"https:\/\/www.veltec.eu\/it\/wp-json\/wp\/v2\/media?parent=11997"}],"wp:term":[{"taxonomy":"product_brand","embeddable":true,"href":"https:\/\/www.veltec.eu\/it\/wp-json\/wp\/v2\/product_brand?post=11997"},{"taxonomy":"product_cat","embeddable":true,"href":"https:\/\/www.veltec.eu\/it\/wp-json\/wp\/v2\/product_cat?post=11997"},{"taxonomy":"product_tag","embeddable":true,"href":"https:\/\/www.veltec.eu\/it\/wp-json\/wp\/v2\/product_tag?post=11997"}],"curies":[{"name":"wp","href":"https:\/\/api.w.org\/{rel}","templated":true}]}}