{"id":11992,"date":"2018-10-16T15:58:00","date_gmt":"2018-10-16T13:58:00","guid":{"rendered":"https:\/\/www.veltec.eu\/kirby-webshop\/kirby-ampio-battitappeto-s-nl3034\/"},"modified":"2025-04-10T13:46:20","modified_gmt":"2025-04-10T11:46:20","slug":"kirby-ampio-battitappeto-sentria-avalir-nl3034","status":"publish","type":"product","link":"https:\/\/www.veltec.eu\/it\/product\/kirby-ampio-battitappeto-sentria-avalir-nl3034\/","title":{"rendered":"Kirby Ampio Battitappeto Sentria\/Avalir"},"content":{"rendered":"<h2>Kirby Ampio Battitappeto Sentria\/Avalir &#8211; Pulizia profonda professionale per i vostri interni<\/h2>\n<p>State cercando un modo efficace per pulire a fondo materassi, tappeti o moquette? Allora il Kirby Ampio Battitappeto Sentria\/Avalir \u00e8 l&#8217;estensione ideale per il vostro aspirapolvere Kirby. Questa potente bocchetta \u00e8 stata progettata appositamente per la pulizia profonda e offre un&#8217;esperienza di pulizia professionale che va oltre i normali aspirapolvere.<\/p>\n<p>Grazie alla combinazione di battitura e aspirazione, questo accessorio rimuove senza sforzo polvere, allergeni e sporco in profondit\u00e0 dalle vasche di tappezzeria e tappeti. Questo non solo migliora l&#8217;igiene, ma prolunga anche la vita dei tessuti.<\/p>\n<p>\u00c8 possibile ordinarla qui <a href=\"https:\/\/www.veltec.eu\/it\/kirby-ampio-battitappeto\/\">Spazzola battente Kirby G5 per Avalir<\/a><\/p>\n<p><strong>Questa spazzola battente \u00e8 adatta solo per gli aspirapolvere Kirby indicati di seguito;<\/strong><\/p>\n<ul>\n<li>Avalir<\/li>\n<li>Sentria II (G10D)<\/li>\n<li>Sentria (G10)<\/li>\n<\/ul>\n<h2>Perch\u00e9 scegliere il Kirby Ampio Battitappeto Sentria\/Avalir?<\/h2>\n<h3>Pulizia profonda che si nota davvero<\/h3>\n<p>Ci\u00f2 che distingue questo tergipavimento \u00e8 la sua potente azione, paragonabile a quella dei battitappeto professionali. A differenza delle bocchette standard, questa unit\u00e0 batte e aspira lo sporco dalla profondit\u00e0 del materiale. Questo lo rende ideale per:<\/p>\n<ul>\n<li>Materassi<\/li>\n<li>Tappeti<\/li>\n<li>Moquette<\/li>\n<li>Tappezzerie come divani e sedie<\/li>\n<\/ul>\n<p>Il risultato \u00e8 che non solo si ottiene un risultato visibilmente pi\u00f9 pulito, ma si contribuisce anche a un ambiente interno pi\u00f9 sano.<\/p>\n<h3>Previene l&#8217;usura della tappezzeria<\/h3>\n<p>Un grande vantaggio del tergipavimento largo Kirby Sentria\/Avalir \u00e8 che \u00e8 delicato sul materiale, pur pulendo a fondo. In questo modo si evita un&#8217;usura eccessiva, che spesso si verifica con metodi di pulizia aggressivi o con accessori meno adatti. Inoltre, \u00e8 facile da usare e offre risultati rapidi senza impostazioni complicate.<\/p>\n<h2>Compatibilit\u00e0 e installazione Kirby Ampio Battitappeto Sentria\/Avalir<\/h2>\n<p>Il tergipavimento Kirby Ampio \u00e8 stato progettato appositamente per i modelli Kirby Sentria e Kirby Avalir. Di conseguenza, potete essere certi che questo accessorio si adatta perfettamente al vostro sistema. Inoltre, l&#8217;installazione \u00e8 semplice: l&#8217;ugello si aggancia direttamente all&#8217;apparecchio, senza bisogno di altri strumenti. Ci\u00f2 consente di iniziare immediatamente il lavoro di pulizia.<\/p>\n<h2>Adatto per l&#8217;uso intensivo e per i materiali delicati<\/h2>\n<p>Essendo progettato per superfici sia dure che morbide, il tergipavimento \u00e8 adatto sia per le sessioni di pulizia intensiva che per la manutenzione di tessuti delicati. Questo lo rende un ottimo investimento per le persone che soffrono di allergie, animali domestici o bambini e che desiderano un ambiente di vita pi\u00f9 pulito.<\/p>\n<h2>Conclusione: il complemento perfetto per il vostro Kirby<\/h2>\n<p>In breve, il Kirby Ampio Battitappeto Sentria\/Avalir \u00e8 un&#8217;estensione indispensabile per tutti coloro che vogliono ottenere il massimo dal loro aspirapolvere Kirby. Con questo accessorio non solo si pulisce in modo pi\u00f9 efficiente, ma si garantisce anche una pulizia pi\u00f9 profonda che contribuisce sia all&#8217;igiene che alla durata degli interni.<\/p>\n<p>Non aspettate oltre: provate voi stessi la differenza di una casa pulita professionalmente, solo con il vostro aspirapolvere Kirby.<\/p>\n","protected":false},"excerpt":{"rendered":"<p>Ampio battitappeto per la profonda pulizia di rivestimenti e moquette. Adatto anche per l` eliminazione di acari della polvere dai materassi.<\/p>\n<p>Senza spazzola Kirby.<\/p>\n[trustindex data-widget-id=de4365f24f22281a6b165ed75b0]\n<h3><span style=\"color: #008000;\"><br \/>\nIn magazzino<\/span><\/h3>\n[av_font_icon icon='ue812' font='entypo-fontello' style='' caption='' size='25px' position='left' color='#43ad66' link='' linktarget='' title_attr='' sonar_effect_effect='' sonar_effect_color='' sonar_effect_duration='1' sonar_effect_scale='' sonar_effect_opac='0.5' animation='' id='' custom_class='' template_class='' av_uid='' sc_version='1.0' admin_preview_bg=''][\/av_font_icon]\n<p><span style=\"color: #008000;\">Ordinato prima della 23:59, spedito domani<\/span><\/p>\n<p>&nbsp;<\/p>\n","protected":false},"featured_media":6176,"comment_status":"open","ping_status":"closed","template":"","meta":[],"product_brand":[],"product_cat":[346],"product_tag":[],"class_list":{"0":"post-11992","1":"product","2":"type-product","3":"status-publish","4":"has-post-thumbnail","6":"product_cat-kirby-ampio-battitappeto","7":"product_shipping_class-klein-it","9":"first","10":"instock","11":"sale","12":"taxable","13":"shipping-taxable","14":"purchasable","15":"product-type-simple"},"yoast_head":"<!-- This site is optimized with the Yoast SEO Premium plugin v27.1 (Yoast SEO v27.3) - https:\/\/yoast.com\/product\/yoast-seo-premium-wordpress\/ -->\n<title>Kirby Ampio Battitappeto Sentria\/Avalir - Veltec Kirby specialist<\/title>\n<meta name=\"description\" content=\"Kirby Ampio Battitappeto Sentria\/Avalir - Veltec \u00e8 il fornitore delle aspirapolveri Kirby da oltre 25 anni. Ed \u00e8 il tuo fidato specialista\" \/>\n<meta name=\"robots\" content=\"index, follow, max-snippet:-1, max-image-preview:large, max-video-preview:-1\" \/>\n<link rel=\"canonical\" href=\"https:\/\/www.veltec.eu\/it\/product\/kirby-ampio-battitappeto-sentria-avalir-nl3034\/\" \/>\n<meta property=\"og:locale\" content=\"it_IT\" \/>\n<meta property=\"og:type\" content=\"article\" \/>\n<meta property=\"og:title\" content=\"Kirby Ampio Battitappeto Sentria\/Avalir\" \/>\n<meta property=\"og:description\" content=\"Ampio battitappeto per la profonda pulizia di rivestimenti e moquette. Adatto anche per l` eliminazione di acari della polvere dai materassi.  Senza spazzola Kirby.    In magazzino   Ordinato prima della 23:59, spedito domani  &nbsp;\" \/>\n<meta property=\"og:url\" content=\"https:\/\/www.veltec.eu\/it\/product\/kirby-ampio-battitappeto-sentria-avalir-nl3034\/\" \/>\n<meta property=\"og:site_name\" content=\"Veltec Kirby specialist\" \/>\n<meta property=\"article:publisher\" content=\"https:\/\/www.facebook.com\/Veltec-Kirby-Specialist-236746293374877\/\" \/>\n<meta property=\"article:modified_time\" content=\"2025-04-10T11:46:20+00:00\" \/>\n<meta property=\"og:image\" content=\"https:\/\/www.veltec.eu\/wp-content\/uploads\/2018\/10\/Brede-klopzuigmond-Sentra.jpg\" \/>\n\t<meta property=\"og:image:width\" content=\"300\" \/>\n\t<meta property=\"og:image:height\" content=\"300\" \/>\n\t<meta property=\"og:image:type\" content=\"image\/jpeg\" \/>\n<meta name=\"twitter:card\" content=\"summary_large_image\" \/>\n<meta name=\"twitter:label1\" content=\"Tempo di lettura stimato\" \/>\n\t<meta name=\"twitter:data1\" content=\"3 minuti\" \/>\n<script type=\"application\/ld+json\" class=\"yoast-schema-graph\">{\"@context\":\"https:\\\/\\\/schema.org\",\"@graph\":[{\"@type\":\"WebPage\",\"@id\":\"https:\\\/\\\/www.veltec.eu\\\/it\\\/product\\\/kirby-ampio-battitappeto-sentria-avalir-nl3034\\\/\",\"url\":\"https:\\\/\\\/www.veltec.eu\\\/it\\\/product\\\/kirby-ampio-battitappeto-sentria-avalir-nl3034\\\/\",\"name\":\"Kirby Ampio Battitappeto Sentria\\\/Avalir - Veltec Kirby specialist\",\"isPartOf\":{\"@id\":\"https:\\\/\\\/www.veltec.eu\\\/en\\\/#website\"},\"primaryImageOfPage\":{\"@id\":\"https:\\\/\\\/www.veltec.eu\\\/it\\\/product\\\/kirby-ampio-battitappeto-sentria-avalir-nl3034\\\/#primaryimage\"},\"image\":{\"@id\":\"https:\\\/\\\/www.veltec.eu\\\/it\\\/product\\\/kirby-ampio-battitappeto-sentria-avalir-nl3034\\\/#primaryimage\"},\"thumbnailUrl\":\"https:\\\/\\\/www.veltec.eu\\\/wp-content\\\/uploads\\\/2018\\\/10\\\/Brede-klopzuigmond-Sentra.jpg\",\"datePublished\":\"2018-10-16T13:58:00+00:00\",\"dateModified\":\"2025-04-10T11:46:20+00:00\",\"description\":\"Kirby Ampio Battitappeto Sentria\\\/Avalir - Veltec \u00e8 il fornitore delle aspirapolveri Kirby da oltre 25 anni. Ed \u00e8 il tuo fidato specialista\",\"breadcrumb\":{\"@id\":\"https:\\\/\\\/www.veltec.eu\\\/it\\\/product\\\/kirby-ampio-battitappeto-sentria-avalir-nl3034\\\/#breadcrumb\"},\"inLanguage\":\"it-IT\",\"potentialAction\":[{\"@type\":\"ReadAction\",\"target\":[\"https:\\\/\\\/www.veltec.eu\\\/it\\\/product\\\/kirby-ampio-battitappeto-sentria-avalir-nl3034\\\/\"]}]},{\"@type\":\"ImageObject\",\"inLanguage\":\"it-IT\",\"@id\":\"https:\\\/\\\/www.veltec.eu\\\/it\\\/product\\\/kirby-ampio-battitappeto-sentria-avalir-nl3034\\\/#primaryimage\",\"url\":\"https:\\\/\\\/www.veltec.eu\\\/wp-content\\\/uploads\\\/2018\\\/10\\\/Brede-klopzuigmond-Sentra.jpg\",\"contentUrl\":\"https:\\\/\\\/www.veltec.eu\\\/wp-content\\\/uploads\\\/2018\\\/10\\\/Brede-klopzuigmond-Sentra.jpg\",\"width\":300,\"height\":300,\"caption\":\"Kirby klopzuigmond Sentra\"},{\"@type\":\"BreadcrumbList\",\"@id\":\"https:\\\/\\\/www.veltec.eu\\\/it\\\/product\\\/kirby-ampio-battitappeto-sentria-avalir-nl3034\\\/#breadcrumb\",\"itemListElement\":[{\"@type\":\"ListItem\",\"position\":1,\"name\":\"Home\",\"item\":\"https:\\\/\\\/www.veltec.eu\\\/it\\\/\"},{\"@type\":\"ListItem\",\"position\":2,\"name\":\"Produits\",\"item\":\"https:\\\/\\\/www.veltec.eu\\\/fr\\\/shop\\\/\"},{\"@type\":\"ListItem\",\"position\":3,\"name\":\"Kirby Ampio Battitappeto Sentria\\\/Avalir\"}]},{\"@type\":\"WebSite\",\"@id\":\"https:\\\/\\\/www.veltec.eu\\\/en\\\/#website\",\"url\":\"https:\\\/\\\/www.veltec.eu\\\/en\\\/\",\"name\":\"Veltec Kirby specialist\",\"description\":\"Kirby stofzuiger producten\",\"publisher\":{\"@id\":\"https:\\\/\\\/www.veltec.eu\\\/en\\\/#organization\"},\"potentialAction\":[{\"@type\":\"SearchAction\",\"target\":{\"@type\":\"EntryPoint\",\"urlTemplate\":\"https:\\\/\\\/www.veltec.eu\\\/en\\\/?s={search_term_string}\"},\"query-input\":{\"@type\":\"PropertyValueSpecification\",\"valueRequired\":true,\"valueName\":\"search_term_string\"}}],\"inLanguage\":\"it-IT\"},{\"@type\":\"Organization\",\"@id\":\"https:\\\/\\\/www.veltec.eu\\\/en\\\/#organization\",\"name\":\"Veltec Kirby Specialist\",\"url\":\"https:\\\/\\\/www.veltec.eu\\\/en\\\/\",\"logo\":{\"@type\":\"ImageObject\",\"inLanguage\":\"it-IT\",\"@id\":\"https:\\\/\\\/www.veltec.eu\\\/en\\\/#\\\/schema\\\/logo\\\/image\\\/\",\"url\":\"https:\\\/\\\/www.veltec.eu\\\/wp-content\\\/uploads\\\/2021\\\/12\\\/Veltec-log-groot-e1537260889125.png\",\"contentUrl\":\"https:\\\/\\\/www.veltec.eu\\\/wp-content\\\/uploads\\\/2021\\\/12\\\/Veltec-log-groot-e1537260889125.png\",\"width\":200,\"height\":60,\"caption\":\"Veltec Kirby Specialist\"},\"image\":{\"@id\":\"https:\\\/\\\/www.veltec.eu\\\/en\\\/#\\\/schema\\\/logo\\\/image\\\/\"},\"sameAs\":[\"https:\\\/\\\/www.facebook.com\\\/Veltec-Kirby-Specialist-236746293374877\\\/\",\"https:\\\/\\\/www.youtube.com\\\/user\\\/VeltecService\"]}]}<\/script>\n<!-- \/ Yoast SEO Premium plugin. -->","yoast_head_json":{"title":"Kirby Ampio Battitappeto Sentria\/Avalir - Veltec Kirby specialist","description":"Kirby Ampio Battitappeto Sentria\/Avalir - Veltec \u00e8 il fornitore delle aspirapolveri Kirby da oltre 25 anni. Ed \u00e8 il tuo fidato specialista","robots":{"index":"index","follow":"follow","max-snippet":"max-snippet:-1","max-image-preview":"max-image-preview:large","max-video-preview":"max-video-preview:-1"},"canonical":"https:\/\/www.veltec.eu\/it\/product\/kirby-ampio-battitappeto-sentria-avalir-nl3034\/","og_locale":"it_IT","og_type":"article","og_title":"Kirby Ampio Battitappeto Sentria\/Avalir","og_description":"Ampio battitappeto per la profonda pulizia di rivestimenti e moquette. Adatto anche per l` eliminazione di acari della polvere dai materassi.  Senza spazzola Kirby.    In magazzino   Ordinato prima della 23:59, spedito domani  &nbsp;","og_url":"https:\/\/www.veltec.eu\/it\/product\/kirby-ampio-battitappeto-sentria-avalir-nl3034\/","og_site_name":"Veltec Kirby specialist","article_publisher":"https:\/\/www.facebook.com\/Veltec-Kirby-Specialist-236746293374877\/","article_modified_time":"2025-04-10T11:46:20+00:00","og_image":[{"width":300,"height":300,"url":"https:\/\/www.veltec.eu\/wp-content\/uploads\/2018\/10\/Brede-klopzuigmond-Sentra.jpg","type":"image\/jpeg"}],"twitter_card":"summary_large_image","twitter_misc":{"Tempo di lettura stimato":"3 minuti"},"schema":{"@context":"https:\/\/schema.org","@graph":[{"@type":"WebPage","@id":"https:\/\/www.veltec.eu\/it\/product\/kirby-ampio-battitappeto-sentria-avalir-nl3034\/","url":"https:\/\/www.veltec.eu\/it\/product\/kirby-ampio-battitappeto-sentria-avalir-nl3034\/","name":"Kirby Ampio Battitappeto Sentria\/Avalir - Veltec Kirby specialist","isPartOf":{"@id":"https:\/\/www.veltec.eu\/en\/#website"},"primaryImageOfPage":{"@id":"https:\/\/www.veltec.eu\/it\/product\/kirby-ampio-battitappeto-sentria-avalir-nl3034\/#primaryimage"},"image":{"@id":"https:\/\/www.veltec.eu\/it\/product\/kirby-ampio-battitappeto-sentria-avalir-nl3034\/#primaryimage"},"thumbnailUrl":"https:\/\/www.veltec.eu\/wp-content\/uploads\/2018\/10\/Brede-klopzuigmond-Sentra.jpg","datePublished":"2018-10-16T13:58:00+00:00","dateModified":"2025-04-10T11:46:20+00:00","description":"Kirby Ampio Battitappeto Sentria\/Avalir - Veltec \u00e8 il fornitore delle aspirapolveri Kirby da oltre 25 anni. Ed \u00e8 il tuo fidato specialista","breadcrumb":{"@id":"https:\/\/www.veltec.eu\/it\/product\/kirby-ampio-battitappeto-sentria-avalir-nl3034\/#breadcrumb"},"inLanguage":"it-IT","potentialAction":[{"@type":"ReadAction","target":["https:\/\/www.veltec.eu\/it\/product\/kirby-ampio-battitappeto-sentria-avalir-nl3034\/"]}]},{"@type":"ImageObject","inLanguage":"it-IT","@id":"https:\/\/www.veltec.eu\/it\/product\/kirby-ampio-battitappeto-sentria-avalir-nl3034\/#primaryimage","url":"https:\/\/www.veltec.eu\/wp-content\/uploads\/2018\/10\/Brede-klopzuigmond-Sentra.jpg","contentUrl":"https:\/\/www.veltec.eu\/wp-content\/uploads\/2018\/10\/Brede-klopzuigmond-Sentra.jpg","width":300,"height":300,"caption":"Kirby klopzuigmond Sentra"},{"@type":"BreadcrumbList","@id":"https:\/\/www.veltec.eu\/it\/product\/kirby-ampio-battitappeto-sentria-avalir-nl3034\/#breadcrumb","itemListElement":[{"@type":"ListItem","position":1,"name":"Home","item":"https:\/\/www.veltec.eu\/it\/"},{"@type":"ListItem","position":2,"name":"Produits","item":"https:\/\/www.veltec.eu\/fr\/shop\/"},{"@type":"ListItem","position":3,"name":"Kirby Ampio Battitappeto Sentria\/Avalir"}]},{"@type":"WebSite","@id":"https:\/\/www.veltec.eu\/en\/#website","url":"https:\/\/www.veltec.eu\/en\/","name":"Veltec Kirby specialist","description":"Kirby stofzuiger producten","publisher":{"@id":"https:\/\/www.veltec.eu\/en\/#organization"},"potentialAction":[{"@type":"SearchAction","target":{"@type":"EntryPoint","urlTemplate":"https:\/\/www.veltec.eu\/en\/?s={search_term_string}"},"query-input":{"@type":"PropertyValueSpecification","valueRequired":true,"valueName":"search_term_string"}}],"inLanguage":"it-IT"},{"@type":"Organization","@id":"https:\/\/www.veltec.eu\/en\/#organization","name":"Veltec Kirby Specialist","url":"https:\/\/www.veltec.eu\/en\/","logo":{"@type":"ImageObject","inLanguage":"it-IT","@id":"https:\/\/www.veltec.eu\/en\/#\/schema\/logo\/image\/","url":"https:\/\/www.veltec.eu\/wp-content\/uploads\/2021\/12\/Veltec-log-groot-e1537260889125.png","contentUrl":"https:\/\/www.veltec.eu\/wp-content\/uploads\/2021\/12\/Veltec-log-groot-e1537260889125.png","width":200,"height":60,"caption":"Veltec Kirby Specialist"},"image":{"@id":"https:\/\/www.veltec.eu\/en\/#\/schema\/logo\/image\/"},"sameAs":["https:\/\/www.facebook.com\/Veltec-Kirby-Specialist-236746293374877\/","https:\/\/www.youtube.com\/user\/VeltecService"]}]}},"_links":{"self":[{"href":"https:\/\/www.veltec.eu\/it\/wp-json\/wp\/v2\/product\/11992","targetHints":{"allow":["GET"]}}],"collection":[{"href":"https:\/\/www.veltec.eu\/it\/wp-json\/wp\/v2\/product"}],"about":[{"href":"https:\/\/www.veltec.eu\/it\/wp-json\/wp\/v2\/types\/product"}],"replies":[{"embeddable":true,"href":"https:\/\/www.veltec.eu\/it\/wp-json\/wp\/v2\/comments?post=11992"}],"wp:featuredmedia":[{"embeddable":true,"href":"https:\/\/www.veltec.eu\/it\/wp-json\/wp\/v2\/media\/6176"}],"wp:attachment":[{"href":"https:\/\/www.veltec.eu\/it\/wp-json\/wp\/v2\/media?parent=11992"}],"wp:term":[{"taxonomy":"product_brand","embeddable":true,"href":"https:\/\/www.veltec.eu\/it\/wp-json\/wp\/v2\/product_brand?post=11992"},{"taxonomy":"product_cat","embeddable":true,"href":"https:\/\/www.veltec.eu\/it\/wp-json\/wp\/v2\/product_cat?post=11992"},{"taxonomy":"product_tag","embeddable":true,"href":"https:\/\/www.veltec.eu\/it\/wp-json\/wp\/v2\/product_tag?post=11992"}],"curies":[{"name":"wp","href":"https:\/\/api.w.org\/{rel}","templated":true}]}}