{"id":11987,"date":"2018-10-16T16:02:45","date_gmt":"2018-10-16T14:02:45","guid":{"rendered":"https:\/\/www.veltec.eu\/kirby-webshop\/kirby-brede-klopzuigmond-g4\/"},"modified":"2025-03-19T16:13:30","modified_gmt":"2025-03-19T14:13:30","slug":"kirby-ampio-battitappeto-generation-g3-g4","status":"publish","type":"product","link":"https:\/\/www.veltec.eu\/it\/product\/kirby-ampio-battitappeto-generation-g3-g4\/","title":{"rendered":"Kirby Ampio Battitappeto Generation G3\/G4"},"content":{"rendered":"<h1>Kirby Ampio Battitappeto Generation G3\/G4<\/h1>\n<p>Kirby Ampio Battitappeto Generation G3\/G4 per la pulizia profonda di tappeti e moquette. Adatto anche per rimuovere gli acari della polvere dai materassi.<br \/>\nSenza spazzola Kirby Battitappeto<br \/>\n(\u00c8 possibile ordinarla qui <a href=\"https:\/\/www.veltec.eu\/it\/categorie\/kirby-ampio-battitappeto\/\">Spazzola battitappeto Kirby G3 e G4<\/a>)<\/p>\n<p>Questa spazzola \u00e8 adatta solo per i modelli di aspirapolvere Kirby elencati di seguito;<\/p>\n<ul>\n<li>Kirby Generazione 4<\/li>\n<li>Kirby Generazione 3<\/li>\n<\/ul>\n<h2>Scopri la potenza del Kirby Ampio Battitappeto Generation G3\/G4<\/h2>\n<p>Se siete alla ricerca di un modo efficace per pulire in profondit\u00e0 tappeti e moquette, la bocchetta larga \u00e8 esattamente ci\u00f2 che vi serve. Questa bocchetta larga \u00e8 stata progettata appositamente per la pulizia intensiva di tappeti, moquette e persino materassi. Grazie al suo design intelligente, potrete rimuovere senza fatica sporco, polvere e acari. In questo articolo leggerete esattamente perch\u00e9 questa bocchetta \u00e8 indispensabile per la vostra casa e perch\u00e9 \u00e8 un&#8217;ottima aggiunta al vostro aspirapolvere Kirby.<\/p>\n<h2>Perch\u00e9 scegliere il Kirby Ampio Battitappeto Generation G3\/G4?<\/h2>\n<h3>Pulizia profonda per tappeti e moquette<\/h3>\n<p>In primo luogo, l&#8217;ampio tergipavimento \u00e8 progettato per rimuovere a fondo lo sporco intrappolato in profondit\u00e0 nel tappeto o nella moquette. Questo non solo mantiene i tappeti pi\u00f9 puliti, ma li fa anche durare pi\u00f9 a lungo. Inoltre, il tergipavimento largo offre una portata maggiore, consentendo di terminare la pulizia pi\u00f9 rapidamente. Non per niente questo tergipavimento \u00e8 considerato indispensabile da molte famiglie.<\/p>\n<h3>Kirby Ampio Battitappeto Generation G3\/G4 Efficace contro gli acari della polvere<\/h3>\n<p>Inoltre, questo battitappeto non \u00e8 adatto solo per i tappeti. \u00c8 possibile utilizzarla anche per rimuovere gli acari della polvere e gli allergeni dai materassi. Questo \u00e8 particolarmente importante per le persone che soffrono di allergie. Pulendo regolarmente i materassi con questa bocchetta larga, migliorerete notevolmente la qualit\u00e0 dell&#8217;aria in casa.<\/p>\n<h2>Nota: senza spazzola Kirby<\/h2>\n<p>\u00c8 importante notare che l&#8217;ugello a battitore largo viene fornito senza spazzola. Se non la si possiede gi\u00e0, \u00e8 possibile ordinarla qui. Senza la spazzola giusta, l&#8217;ugello funziona in modo meno efficace. Per questo motivo consigliamo sempre di utilizzare entrambe le parti insieme per ottenere un risultato ottimale.<\/p>\n<h2>Adatto solo per Kirby Generation 3 e 4<\/h2>\n<p>Prima di ordinare, \u00e8 bene verificare se questa bocchetta \u00e8 adatta al vostro aspirapolvere. Infatti, questa bocchetta pu\u00f2 essere utilizzata solo con i modelli Kirby Generation 3 e Kirby Generation 4. Avete un modello diverso? Allora vi consigliamo di dare un&#8217;occhiata agli accessori adatti al vostro aspirapolvere Kirby.<\/p>\n<h2>Ordinate oggi stesso e provate la differenza<\/h2>\n<p>In breve, l&#8217;ugello battitappeto \u00e8 la soluzione per tutti coloro che tengono a una casa pulita e sana. Con il suo design maneggevole, il suo potere di pulizia profonda e la sua capacit\u00e0 di rimuovere gli acari della polvere, questo \u00e8 un prodotto che vi piacer\u00e0 per anni. Non aspettate oltre e ordinate subito. Presto potrete godere di una casa fresca e igienica!<\/p>\n","protected":false},"excerpt":{"rendered":"<p>Ampio battitappeto per la profonda pulizia di rivestimenti e moquette. Adatto anche per l` eliminazione di acari della polvere dai materassi.<\/p>\n[trustindex data-widget-id=de4365f24f22281a6b165ed75b0]\n<h3><span style=\"color: #008000;\"><br \/>\nIn magazzino<\/span><\/h3>\n[av_font_icon icon='ue812' font='entypo-fontello' style='' caption='' size='25px' position='left' color='#43ad66' link='' linktarget='' title_attr='' sonar_effect_effect='' sonar_effect_color='' sonar_effect_duration='1' sonar_effect_scale='' sonar_effect_opac='0.5' animation='' id='' custom_class='' template_class='' av_uid='' sc_version='1.0' admin_preview_bg=''][\/av_font_icon]\n<p><span style=\"color: #008000;\">Ordinato prima della 23:59, spedito domani<\/span><\/p>\n<p>&nbsp;<\/p>\n","protected":false},"featured_media":6184,"comment_status":"open","ping_status":"closed","template":"","meta":[],"product_brand":[],"product_cat":[346],"product_tag":[],"class_list":{"0":"post-11987","1":"product","2":"type-product","3":"status-publish","4":"has-post-thumbnail","6":"product_cat-kirby-ampio-battitappeto","7":"product_shipping_class-klein-it","9":"first","10":"instock","11":"sale","12":"taxable","13":"shipping-taxable","14":"purchasable","15":"product-type-simple"},"yoast_head":"<!-- This site is optimized with the Yoast SEO Premium plugin v27.1 (Yoast SEO v27.4) - https:\/\/yoast.com\/product\/yoast-seo-premium-wordpress\/ -->\n<title>Kirby Ampio Battitappeto Generation G3\/G4 - Veltec Kirby specialist<\/title>\n<meta name=\"description\" content=\"Kirby Ampio Battitappeto Generation G3\/G4 - Veltec \u00e8 il fornitore delle aspirapolveri Kirby da oltre 25 anni. Ed \u00e8 il vostro servizio Kirby\" \/>\n<meta name=\"robots\" content=\"index, follow, max-snippet:-1, max-image-preview:large, max-video-preview:-1\" \/>\n<link rel=\"canonical\" href=\"https:\/\/www.veltec.eu\/nl\/product\/kirby-brede-zuigmond-generation-g3-g4\/\" \/>\n<meta property=\"og:locale\" content=\"it_IT\" \/>\n<meta property=\"og:type\" content=\"article\" \/>\n<meta property=\"og:title\" content=\"Kirby Ampio Battitappeto Generation G3\/G4\" \/>\n<meta property=\"og:description\" content=\"Ampio battitappeto per la profonda pulizia di rivestimenti e moquette. Adatto anche per l` eliminazione di acari della polvere dai materassi.    In magazzino   Ordinato prima della 23:59, spedito domani  &nbsp;\" \/>\n<meta property=\"og:url\" content=\"https:\/\/www.veltec.eu\/nl\/product\/kirby-brede-zuigmond-generation-g3-g4\/\" \/>\n<meta property=\"og:site_name\" content=\"Veltec Kirby specialist\" \/>\n<meta property=\"article:publisher\" content=\"https:\/\/www.facebook.com\/Veltec-Kirby-Specialist-236746293374877\/\" \/>\n<meta property=\"article:modified_time\" content=\"2025-03-19T14:13:30+00:00\" \/>\n<meta property=\"og:image\" content=\"https:\/\/www.veltec.eu\/wp-content\/uploads\/2018\/10\/Kirby-klopzuigmond-g4.jpg\" \/>\n\t<meta property=\"og:image:width\" content=\"300\" \/>\n\t<meta property=\"og:image:height\" content=\"300\" \/>\n\t<meta property=\"og:image:type\" content=\"image\/jpeg\" \/>\n<meta name=\"twitter:card\" content=\"summary_large_image\" \/>\n<meta name=\"twitter:label1\" content=\"Tempo di lettura stimato\" \/>\n\t<meta name=\"twitter:data1\" content=\"3 minuti\" \/>\n<script type=\"application\/ld+json\" class=\"yoast-schema-graph\">{\"@context\":\"https:\\\/\\\/schema.org\",\"@graph\":[{\"@type\":\"WebPage\",\"@id\":\"https:\\\/\\\/www.veltec.eu\\\/nl\\\/product\\\/kirby-brede-zuigmond-generation-g3-g4\\\/\",\"url\":\"https:\\\/\\\/www.veltec.eu\\\/nl\\\/product\\\/kirby-brede-zuigmond-generation-g3-g4\\\/\",\"name\":\"Kirby Ampio Battitappeto Generation G3\\\/G4 - Veltec Kirby specialist\",\"isPartOf\":{\"@id\":\"https:\\\/\\\/www.veltec.eu\\\/en\\\/#website\"},\"primaryImageOfPage\":{\"@id\":\"https:\\\/\\\/www.veltec.eu\\\/nl\\\/product\\\/kirby-brede-zuigmond-generation-g3-g4\\\/#primaryimage\"},\"image\":{\"@id\":\"https:\\\/\\\/www.veltec.eu\\\/nl\\\/product\\\/kirby-brede-zuigmond-generation-g3-g4\\\/#primaryimage\"},\"thumbnailUrl\":\"https:\\\/\\\/www.veltec.eu\\\/wp-content\\\/uploads\\\/2018\\\/10\\\/Kirby-klopzuigmond-g4.jpg\",\"datePublished\":\"2018-10-16T14:02:45+00:00\",\"dateModified\":\"2025-03-19T14:13:30+00:00\",\"description\":\"Kirby Ampio Battitappeto Generation G3\\\/G4 - Veltec \u00e8 il fornitore delle aspirapolveri Kirby da oltre 25 anni. Ed \u00e8 il vostro servizio Kirby\",\"breadcrumb\":{\"@id\":\"https:\\\/\\\/www.veltec.eu\\\/nl\\\/product\\\/kirby-brede-zuigmond-generation-g3-g4\\\/#breadcrumb\"},\"inLanguage\":\"it-IT\",\"potentialAction\":[{\"@type\":\"ReadAction\",\"target\":[\"https:\\\/\\\/www.veltec.eu\\\/nl\\\/product\\\/kirby-brede-zuigmond-generation-g3-g4\\\/\"]}]},{\"@type\":\"ImageObject\",\"inLanguage\":\"it-IT\",\"@id\":\"https:\\\/\\\/www.veltec.eu\\\/nl\\\/product\\\/kirby-brede-zuigmond-generation-g3-g4\\\/#primaryimage\",\"url\":\"https:\\\/\\\/www.veltec.eu\\\/wp-content\\\/uploads\\\/2018\\\/10\\\/Kirby-klopzuigmond-g4.jpg\",\"contentUrl\":\"https:\\\/\\\/www.veltec.eu\\\/wp-content\\\/uploads\\\/2018\\\/10\\\/Kirby-klopzuigmond-g4.jpg\",\"width\":300,\"height\":300,\"caption\":\"Kirby klopzuigmond G4\"},{\"@type\":\"BreadcrumbList\",\"@id\":\"https:\\\/\\\/www.veltec.eu\\\/nl\\\/product\\\/kirby-brede-zuigmond-generation-g3-g4\\\/#breadcrumb\",\"itemListElement\":[{\"@type\":\"ListItem\",\"position\":1,\"name\":\"Home\",\"item\":\"https:\\\/\\\/www.veltec.eu\\\/it\\\/\"},{\"@type\":\"ListItem\",\"position\":2,\"name\":\"Produits\",\"item\":\"https:\\\/\\\/www.veltec.eu\\\/fr\\\/shop\\\/\"},{\"@type\":\"ListItem\",\"position\":3,\"name\":\"Kirby Ampio Battitappeto Generation G3\\\/G4\"}]},{\"@type\":\"WebSite\",\"@id\":\"https:\\\/\\\/www.veltec.eu\\\/en\\\/#website\",\"url\":\"https:\\\/\\\/www.veltec.eu\\\/en\\\/\",\"name\":\"Veltec Kirby specialist\",\"description\":\"Kirby stofzuiger producten\",\"publisher\":{\"@id\":\"https:\\\/\\\/www.veltec.eu\\\/en\\\/#organization\"},\"potentialAction\":[{\"@type\":\"SearchAction\",\"target\":{\"@type\":\"EntryPoint\",\"urlTemplate\":\"https:\\\/\\\/www.veltec.eu\\\/en\\\/?s={search_term_string}\"},\"query-input\":{\"@type\":\"PropertyValueSpecification\",\"valueRequired\":true,\"valueName\":\"search_term_string\"}}],\"inLanguage\":\"it-IT\"},{\"@type\":\"Organization\",\"@id\":\"https:\\\/\\\/www.veltec.eu\\\/en\\\/#organization\",\"name\":\"Veltec Kirby Specialist\",\"url\":\"https:\\\/\\\/www.veltec.eu\\\/en\\\/\",\"logo\":{\"@type\":\"ImageObject\",\"inLanguage\":\"it-IT\",\"@id\":\"https:\\\/\\\/www.veltec.eu\\\/en\\\/#\\\/schema\\\/logo\\\/image\\\/\",\"url\":\"https:\\\/\\\/www.veltec.eu\\\/wp-content\\\/uploads\\\/2021\\\/12\\\/Veltec-log-groot-e1537260889125.png\",\"contentUrl\":\"https:\\\/\\\/www.veltec.eu\\\/wp-content\\\/uploads\\\/2021\\\/12\\\/Veltec-log-groot-e1537260889125.png\",\"width\":200,\"height\":60,\"caption\":\"Veltec Kirby Specialist\"},\"image\":{\"@id\":\"https:\\\/\\\/www.veltec.eu\\\/en\\\/#\\\/schema\\\/logo\\\/image\\\/\"},\"sameAs\":[\"https:\\\/\\\/www.facebook.com\\\/Veltec-Kirby-Specialist-236746293374877\\\/\",\"https:\\\/\\\/www.youtube.com\\\/user\\\/VeltecService\"]}]}<\/script>\n<!-- \/ Yoast SEO Premium plugin. -->","yoast_head_json":{"title":"Kirby Ampio Battitappeto Generation G3\/G4 - Veltec Kirby specialist","description":"Kirby Ampio Battitappeto Generation G3\/G4 - Veltec \u00e8 il fornitore delle aspirapolveri Kirby da oltre 25 anni. Ed \u00e8 il vostro servizio Kirby","robots":{"index":"index","follow":"follow","max-snippet":"max-snippet:-1","max-image-preview":"max-image-preview:large","max-video-preview":"max-video-preview:-1"},"canonical":"https:\/\/www.veltec.eu\/nl\/product\/kirby-brede-zuigmond-generation-g3-g4\/","og_locale":"it_IT","og_type":"article","og_title":"Kirby Ampio Battitappeto Generation G3\/G4","og_description":"Ampio battitappeto per la profonda pulizia di rivestimenti e moquette. Adatto anche per l` eliminazione di acari della polvere dai materassi.    In magazzino   Ordinato prima della 23:59, spedito domani  &nbsp;","og_url":"https:\/\/www.veltec.eu\/nl\/product\/kirby-brede-zuigmond-generation-g3-g4\/","og_site_name":"Veltec Kirby specialist","article_publisher":"https:\/\/www.facebook.com\/Veltec-Kirby-Specialist-236746293374877\/","article_modified_time":"2025-03-19T14:13:30+00:00","og_image":[{"width":300,"height":300,"url":"https:\/\/www.veltec.eu\/wp-content\/uploads\/2018\/10\/Kirby-klopzuigmond-g4.jpg","type":"image\/jpeg"}],"twitter_card":"summary_large_image","twitter_misc":{"Tempo di lettura stimato":"3 minuti"},"schema":{"@context":"https:\/\/schema.org","@graph":[{"@type":"WebPage","@id":"https:\/\/www.veltec.eu\/nl\/product\/kirby-brede-zuigmond-generation-g3-g4\/","url":"https:\/\/www.veltec.eu\/nl\/product\/kirby-brede-zuigmond-generation-g3-g4\/","name":"Kirby Ampio Battitappeto Generation G3\/G4 - Veltec Kirby specialist","isPartOf":{"@id":"https:\/\/www.veltec.eu\/en\/#website"},"primaryImageOfPage":{"@id":"https:\/\/www.veltec.eu\/nl\/product\/kirby-brede-zuigmond-generation-g3-g4\/#primaryimage"},"image":{"@id":"https:\/\/www.veltec.eu\/nl\/product\/kirby-brede-zuigmond-generation-g3-g4\/#primaryimage"},"thumbnailUrl":"https:\/\/www.veltec.eu\/wp-content\/uploads\/2018\/10\/Kirby-klopzuigmond-g4.jpg","datePublished":"2018-10-16T14:02:45+00:00","dateModified":"2025-03-19T14:13:30+00:00","description":"Kirby Ampio Battitappeto Generation G3\/G4 - Veltec \u00e8 il fornitore delle aspirapolveri Kirby da oltre 25 anni. Ed \u00e8 il vostro servizio Kirby","breadcrumb":{"@id":"https:\/\/www.veltec.eu\/nl\/product\/kirby-brede-zuigmond-generation-g3-g4\/#breadcrumb"},"inLanguage":"it-IT","potentialAction":[{"@type":"ReadAction","target":["https:\/\/www.veltec.eu\/nl\/product\/kirby-brede-zuigmond-generation-g3-g4\/"]}]},{"@type":"ImageObject","inLanguage":"it-IT","@id":"https:\/\/www.veltec.eu\/nl\/product\/kirby-brede-zuigmond-generation-g3-g4\/#primaryimage","url":"https:\/\/www.veltec.eu\/wp-content\/uploads\/2018\/10\/Kirby-klopzuigmond-g4.jpg","contentUrl":"https:\/\/www.veltec.eu\/wp-content\/uploads\/2018\/10\/Kirby-klopzuigmond-g4.jpg","width":300,"height":300,"caption":"Kirby klopzuigmond G4"},{"@type":"BreadcrumbList","@id":"https:\/\/www.veltec.eu\/nl\/product\/kirby-brede-zuigmond-generation-g3-g4\/#breadcrumb","itemListElement":[{"@type":"ListItem","position":1,"name":"Home","item":"https:\/\/www.veltec.eu\/it\/"},{"@type":"ListItem","position":2,"name":"Produits","item":"https:\/\/www.veltec.eu\/fr\/shop\/"},{"@type":"ListItem","position":3,"name":"Kirby Ampio Battitappeto Generation G3\/G4"}]},{"@type":"WebSite","@id":"https:\/\/www.veltec.eu\/en\/#website","url":"https:\/\/www.veltec.eu\/en\/","name":"Veltec Kirby specialist","description":"Kirby stofzuiger producten","publisher":{"@id":"https:\/\/www.veltec.eu\/en\/#organization"},"potentialAction":[{"@type":"SearchAction","target":{"@type":"EntryPoint","urlTemplate":"https:\/\/www.veltec.eu\/en\/?s={search_term_string}"},"query-input":{"@type":"PropertyValueSpecification","valueRequired":true,"valueName":"search_term_string"}}],"inLanguage":"it-IT"},{"@type":"Organization","@id":"https:\/\/www.veltec.eu\/en\/#organization","name":"Veltec Kirby Specialist","url":"https:\/\/www.veltec.eu\/en\/","logo":{"@type":"ImageObject","inLanguage":"it-IT","@id":"https:\/\/www.veltec.eu\/en\/#\/schema\/logo\/image\/","url":"https:\/\/www.veltec.eu\/wp-content\/uploads\/2021\/12\/Veltec-log-groot-e1537260889125.png","contentUrl":"https:\/\/www.veltec.eu\/wp-content\/uploads\/2021\/12\/Veltec-log-groot-e1537260889125.png","width":200,"height":60,"caption":"Veltec Kirby Specialist"},"image":{"@id":"https:\/\/www.veltec.eu\/en\/#\/schema\/logo\/image\/"},"sameAs":["https:\/\/www.facebook.com\/Veltec-Kirby-Specialist-236746293374877\/","https:\/\/www.youtube.com\/user\/VeltecService"]}]}},"_links":{"self":[{"href":"https:\/\/www.veltec.eu\/it\/wp-json\/wp\/v2\/product\/11987","targetHints":{"allow":["GET"]}}],"collection":[{"href":"https:\/\/www.veltec.eu\/it\/wp-json\/wp\/v2\/product"}],"about":[{"href":"https:\/\/www.veltec.eu\/it\/wp-json\/wp\/v2\/types\/product"}],"replies":[{"embeddable":true,"href":"https:\/\/www.veltec.eu\/it\/wp-json\/wp\/v2\/comments?post=11987"}],"wp:featuredmedia":[{"embeddable":true,"href":"https:\/\/www.veltec.eu\/it\/wp-json\/wp\/v2\/media\/6184"}],"wp:attachment":[{"href":"https:\/\/www.veltec.eu\/it\/wp-json\/wp\/v2\/media?parent=11987"}],"wp:term":[{"taxonomy":"product_brand","embeddable":true,"href":"https:\/\/www.veltec.eu\/it\/wp-json\/wp\/v2\/product_brand?post=11987"},{"taxonomy":"product_cat","embeddable":true,"href":"https:\/\/www.veltec.eu\/it\/wp-json\/wp\/v2\/product_cat?post=11987"},{"taxonomy":"product_tag","embeddable":true,"href":"https:\/\/www.veltec.eu\/it\/wp-json\/wp\/v2\/product_tag?post=11987"}],"curies":[{"name":"wp","href":"https:\/\/api.w.org\/{rel}","templated":true}]}}