{"id":11982,"date":"2018-10-16T16:06:57","date_gmt":"2018-10-16T14:06:57","guid":{"rendered":"https:\/\/www.veltec.eu\/kirby-webshop\/kirby-brede-klopzuigmond-g5\/"},"modified":"2025-04-10T11:11:21","modified_gmt":"2025-04-10T09:11:21","slug":"kirby-ampio-battitappeto-generation-g5-g7-ultimate","status":"publish","type":"product","link":"https:\/\/www.veltec.eu\/it\/product\/kirby-ampio-battitappeto-generation-g5-g7-ultimate\/","title":{"rendered":"Kirby Ampio Battitappeto Generation G5\/G7 Ultimate"},"content":{"rendered":"<h1>Kirby Ampio Battitappeto Generation G5\/G7 Ultimate<\/h1>\n<p>Kirby Ampio Battitappeto Generation G5\/G7 Ultimate per la pulizia profonda di tappeti e moquette. Adatto anche per rimuovere gli acari della polvere dai materassi.<br \/>\nSenza spazzola Kirby Battitappeto<br \/>\n(\u00c8 possibile ordinarla qui <a href=\"https:\/\/www.veltec.eu\/it\/kirby-ampio-battitappeto\/\">Spazzola battitappeto Kirby G5 a Avalir<\/a>)<\/p>\n<p>Questa spazzola \u00e8 adatta solo per i modelli di aspirapolvere Kirby elencati di seguito;<\/p>\n<ul>\n<li>Kirby Generazione G7 Ultimate<\/li>\n<li>Kirby Generazione G6<\/li>\n<li>Kirby Generazione G5<\/li>\n<\/ul>\n<h2>Kirby Ampio Battitappeto Generation G5\/G7 Ultimate &#8211; Indispensabile per la pulizia profonda<\/h2>\n<p>Siete alla ricerca di una soluzione efficace per pulire a fondo tappeti, moquette e materassi? Allora la bocchetta a battitura larga \u00e8 esattamente ci\u00f2 che vi serve. Questa bocchetta a battitura larga \u00e8 stata progettata appositamente per la pulizia intensiva di tappeti e moquette. Inoltre, aiuta a rimuovere gli acari della polvere dai materassi, contribuendo a un ambiente di vita pi\u00f9 sano. Di seguito potete leggere perch\u00e9 questo prodotto \u00e8 indispensabile per il vostro aspirapolvere Kirby e come pu\u00f2 migliorare significativamente la vostra routine di pulizia.<\/p>\n<h2>Perch\u00e9 scegliere la Kirby Ampio Battitappeto Generation G5\/G7 Ultimate?<\/h2>\n<h3>Progettata appositamente per la pulizia profonda<\/h3>\n<p>Prima di tutto, questa bocchetta \u00e8 stata sviluppata per la pulizia profonda. Mentre le bocchette normali spesso non vanno oltre lo sporco superficiale, questa bocchetta a battente largo garantisce la rimozione di sporco e polvere anche in profondit\u00e0 nelle fibre. Questo \u00e8 particolarmente importante quando si ha a che fare con allergeni come gli acari della polvere.<\/p>\n<h3>Kirby Ampio Battitappeto Generation G5\/G7 Ultimate &#8211; Perfetto per tappeti e materassi<\/h3>\n<p>Inoltre, la bocchetta larga \u00e8 ideale per la pulizia di tappeti, moquette e materassi. Grazie all&#8217;ugello largo, si lavora in modo pi\u00f9 rapido ed efficiente. In questo modo \u00e8 necessario passare meno spesso sulla stessa superficie, risparmiando non solo tempo ma anche energia.<\/p>\n<h3>Adatto a diversi modelli Kirby<\/h3>\n<p>\u00c8 importante sapere che questa bocchetta \u00e8 adatta solo ai seguenti modelli di aspirapolvere Kirby:<\/p>\n<ul>\n<li>Kirby Generation G7 Ultimate<\/li>\n<li>Kirby Generazione G6<\/li>\n<li>Kirby Generazione G5<\/li>\n<\/ul>\n<p>Avete uno di questi modelli? Allora avrete la certezza di un collegamento perfetto e di una facilit\u00e0 d&#8217;uso ottimale. Inoltre, questa bocchetta di aspirazione \u00e8 facile da montare, quindi potete mettervi subito al lavoro.<\/p>\n<h2>Cos&#8217;altro c&#8217;\u00e8 da sapere?<\/h2>\n<h3>Senza spazzola battente<\/h3>\n<p>Sebbene questo tergipavimento offra una pulizia potente, viene fornito senza spazzola battente. Ci\u00f2 significa che, se necessario, \u00e8 necessario utilizzare la spazzola originale Kirby. In questo modo \u00e8 possibile adattare il tergipavimento alle proprie preferenze ed esigenze di pulizia.<\/p>\n<h3>Ambiente di vita pi\u00f9 sano<\/h3>\n<p>Un altro importante vantaggio dell&#8217;ampia bocchetta battente \u00e8 che non solo rimuove lo sporco, ma aiuta anche a combattere gli acari della polvere. Ci\u00f2 contribuisce in modo significativo a rendere l&#8217;ambiente di vita pi\u00f9 fresco e sano, il che \u00e8 particolarmente importante per le persone che soffrono di allergie.<\/p>\n<h2>Ordinate oggi stesso la bocchetta di aspirazione larga Kirby Generation G5\/G7!<\/h2>\n<p>Se state cercando una soluzione affidabile e potente per pulire a fondo tappeti e materassi, non aspettate oltre. La bocchetta di aspirazione larga Kirby Generation G5\/G7 \u00e8 una valida aggiunta al vostro aspirapolvere Kirby. Ordinate oggi stesso e provate voi stessi la differenza! Avete ancora domande? Non esitate a contattarci, saremo lieti di aiutarvi ulteriormente.<\/p>\n","protected":false},"excerpt":{"rendered":"<p>Ampio battitappeto per la profonda pulizia di rivestimenti e moquette. Adatto anche per l` eliminazione di acari della polvere dai materassi. Senza Kirby rullo battitappeto.<\/p>\n[trustindex data-widget-id=de4365f24f22281a6b165ed75b0]\n<h3><span style=\"color: #008000;\"><br \/>\nIn magazzino<\/span><\/h3>\n[av_font_icon icon='ue812' font='entypo-fontello' style='' caption='' size='25px' position='left' color='#43ad66' link='' linktarget='' title_attr='' sonar_effect_effect='' sonar_effect_color='' sonar_effect_duration='1' sonar_effect_scale='' sonar_effect_opac='0.5' animation='' id='' custom_class='' template_class='' av_uid='' sc_version='1.0' admin_preview_bg=''][\/av_font_icon]\n<p><span style=\"color: #008000;\">Ordinato prima della 23:59, spedito domani<\/span><\/p>\n<p>&nbsp;<\/p>\n","protected":false},"featured_media":6192,"comment_status":"open","ping_status":"closed","template":"","meta":[],"product_brand":[],"product_cat":[346],"product_tag":[],"class_list":{"0":"post-11982","1":"product","2":"type-product","3":"status-publish","4":"has-post-thumbnail","6":"product_cat-kirby-ampio-battitappeto","7":"product_shipping_class-klein-it","9":"first","10":"instock","11":"sale","12":"taxable","13":"shipping-taxable","14":"purchasable","15":"product-type-simple"},"yoast_head":"<!-- This site is optimized with the Yoast SEO Premium plugin v27.1 (Yoast SEO v27.4) - https:\/\/yoast.com\/product\/yoast-seo-premium-wordpress\/ -->\n<title>Kirby Ampio Battitappeto Generation G5\/G7 Ultimate - Veltec Kirby specialist<\/title>\n<meta name=\"description\" content=\"Kirby Ampio Battitappeto Generation G5\/G7 Ultimate - Veltec \u00e8 il fornitore delle aspirapolveri Kirby da oltre 25 anni. Per le riparazioni.\" \/>\n<meta name=\"robots\" content=\"index, follow, max-snippet:-1, max-image-preview:large, max-video-preview:-1\" \/>\n<link rel=\"canonical\" href=\"https:\/\/www.veltec.eu\/nl\/product\/kirby-brede-zuigmond-generation-g5-g7\/\" \/>\n<meta property=\"og:locale\" content=\"it_IT\" \/>\n<meta property=\"og:type\" content=\"article\" \/>\n<meta property=\"og:title\" content=\"Kirby Ampio Battitappeto Generation G5\/G7 Ultimate\" \/>\n<meta property=\"og:description\" content=\"Ampio battitappeto per la profonda pulizia di rivestimenti e moquette. Adatto anche per l` eliminazione di acari della polvere dai materassi. Senza Kirby rullo battitappeto.    In magazzino   Ordinato prima della 23:59, spedito domani  &nbsp;\" \/>\n<meta property=\"og:url\" content=\"https:\/\/www.veltec.eu\/nl\/product\/kirby-brede-zuigmond-generation-g5-g7\/\" \/>\n<meta property=\"og:site_name\" content=\"Veltec Kirby specialist\" \/>\n<meta property=\"article:publisher\" content=\"https:\/\/www.facebook.com\/Veltec-Kirby-Specialist-236746293374877\/\" \/>\n<meta property=\"article:modified_time\" content=\"2025-04-10T09:11:21+00:00\" \/>\n<meta property=\"og:image\" content=\"https:\/\/www.veltec.eu\/wp-content\/uploads\/2018\/10\/Klopzuigmond-G5.jpg\" \/>\n\t<meta property=\"og:image:width\" content=\"300\" \/>\n\t<meta property=\"og:image:height\" content=\"300\" \/>\n\t<meta property=\"og:image:type\" content=\"image\/jpeg\" \/>\n<meta name=\"twitter:card\" content=\"summary_large_image\" \/>\n<meta name=\"twitter:label1\" content=\"Tempo di lettura stimato\" \/>\n\t<meta name=\"twitter:data1\" content=\"3 minuti\" \/>\n<script type=\"application\/ld+json\" class=\"yoast-schema-graph\">{\"@context\":\"https:\\\/\\\/schema.org\",\"@graph\":[{\"@type\":\"WebPage\",\"@id\":\"https:\\\/\\\/www.veltec.eu\\\/nl\\\/product\\\/kirby-brede-zuigmond-generation-g5-g7\\\/\",\"url\":\"https:\\\/\\\/www.veltec.eu\\\/nl\\\/product\\\/kirby-brede-zuigmond-generation-g5-g7\\\/\",\"name\":\"Kirby Ampio Battitappeto Generation G5\\\/G7 Ultimate - Veltec Kirby specialist\",\"isPartOf\":{\"@id\":\"https:\\\/\\\/www.veltec.eu\\\/en\\\/#website\"},\"primaryImageOfPage\":{\"@id\":\"https:\\\/\\\/www.veltec.eu\\\/nl\\\/product\\\/kirby-brede-zuigmond-generation-g5-g7\\\/#primaryimage\"},\"image\":{\"@id\":\"https:\\\/\\\/www.veltec.eu\\\/nl\\\/product\\\/kirby-brede-zuigmond-generation-g5-g7\\\/#primaryimage\"},\"thumbnailUrl\":\"https:\\\/\\\/www.veltec.eu\\\/wp-content\\\/uploads\\\/2018\\\/10\\\/Klopzuigmond-G5.jpg\",\"datePublished\":\"2018-10-16T14:06:57+00:00\",\"dateModified\":\"2025-04-10T09:11:21+00:00\",\"description\":\"Kirby Ampio Battitappeto Generation G5\\\/G7 Ultimate - Veltec \u00e8 il fornitore delle aspirapolveri Kirby da oltre 25 anni. Per le riparazioni.\",\"breadcrumb\":{\"@id\":\"https:\\\/\\\/www.veltec.eu\\\/nl\\\/product\\\/kirby-brede-zuigmond-generation-g5-g7\\\/#breadcrumb\"},\"inLanguage\":\"it-IT\",\"potentialAction\":[{\"@type\":\"ReadAction\",\"target\":[\"https:\\\/\\\/www.veltec.eu\\\/nl\\\/product\\\/kirby-brede-zuigmond-generation-g5-g7\\\/\"]}]},{\"@type\":\"ImageObject\",\"inLanguage\":\"it-IT\",\"@id\":\"https:\\\/\\\/www.veltec.eu\\\/nl\\\/product\\\/kirby-brede-zuigmond-generation-g5-g7\\\/#primaryimage\",\"url\":\"https:\\\/\\\/www.veltec.eu\\\/wp-content\\\/uploads\\\/2018\\\/10\\\/Klopzuigmond-G5.jpg\",\"contentUrl\":\"https:\\\/\\\/www.veltec.eu\\\/wp-content\\\/uploads\\\/2018\\\/10\\\/Klopzuigmond-G5.jpg\",\"width\":300,\"height\":300,\"caption\":\"Kirby klopzuigmond G5\"},{\"@type\":\"BreadcrumbList\",\"@id\":\"https:\\\/\\\/www.veltec.eu\\\/nl\\\/product\\\/kirby-brede-zuigmond-generation-g5-g7\\\/#breadcrumb\",\"itemListElement\":[{\"@type\":\"ListItem\",\"position\":1,\"name\":\"Home\",\"item\":\"https:\\\/\\\/www.veltec.eu\\\/it\\\/\"},{\"@type\":\"ListItem\",\"position\":2,\"name\":\"Produits\",\"item\":\"https:\\\/\\\/www.veltec.eu\\\/fr\\\/shop\\\/\"},{\"@type\":\"ListItem\",\"position\":3,\"name\":\"Kirby Ampio Battitappeto Generation G5\\\/G7 Ultimate\"}]},{\"@type\":\"WebSite\",\"@id\":\"https:\\\/\\\/www.veltec.eu\\\/en\\\/#website\",\"url\":\"https:\\\/\\\/www.veltec.eu\\\/en\\\/\",\"name\":\"Veltec Kirby specialist\",\"description\":\"Kirby stofzuiger producten\",\"publisher\":{\"@id\":\"https:\\\/\\\/www.veltec.eu\\\/en\\\/#organization\"},\"potentialAction\":[{\"@type\":\"SearchAction\",\"target\":{\"@type\":\"EntryPoint\",\"urlTemplate\":\"https:\\\/\\\/www.veltec.eu\\\/en\\\/?s={search_term_string}\"},\"query-input\":{\"@type\":\"PropertyValueSpecification\",\"valueRequired\":true,\"valueName\":\"search_term_string\"}}],\"inLanguage\":\"it-IT\"},{\"@type\":\"Organization\",\"@id\":\"https:\\\/\\\/www.veltec.eu\\\/en\\\/#organization\",\"name\":\"Veltec Kirby Specialist\",\"url\":\"https:\\\/\\\/www.veltec.eu\\\/en\\\/\",\"logo\":{\"@type\":\"ImageObject\",\"inLanguage\":\"it-IT\",\"@id\":\"https:\\\/\\\/www.veltec.eu\\\/en\\\/#\\\/schema\\\/logo\\\/image\\\/\",\"url\":\"https:\\\/\\\/www.veltec.eu\\\/wp-content\\\/uploads\\\/2021\\\/12\\\/Veltec-log-groot-e1537260889125.png\",\"contentUrl\":\"https:\\\/\\\/www.veltec.eu\\\/wp-content\\\/uploads\\\/2021\\\/12\\\/Veltec-log-groot-e1537260889125.png\",\"width\":200,\"height\":60,\"caption\":\"Veltec Kirby Specialist\"},\"image\":{\"@id\":\"https:\\\/\\\/www.veltec.eu\\\/en\\\/#\\\/schema\\\/logo\\\/image\\\/\"},\"sameAs\":[\"https:\\\/\\\/www.facebook.com\\\/Veltec-Kirby-Specialist-236746293374877\\\/\",\"https:\\\/\\\/www.youtube.com\\\/user\\\/VeltecService\"]}]}<\/script>\n<!-- \/ Yoast SEO Premium plugin. -->","yoast_head_json":{"title":"Kirby Ampio Battitappeto Generation G5\/G7 Ultimate - Veltec Kirby specialist","description":"Kirby Ampio Battitappeto Generation G5\/G7 Ultimate - Veltec \u00e8 il fornitore delle aspirapolveri Kirby da oltre 25 anni. Per le riparazioni.","robots":{"index":"index","follow":"follow","max-snippet":"max-snippet:-1","max-image-preview":"max-image-preview:large","max-video-preview":"max-video-preview:-1"},"canonical":"https:\/\/www.veltec.eu\/nl\/product\/kirby-brede-zuigmond-generation-g5-g7\/","og_locale":"it_IT","og_type":"article","og_title":"Kirby Ampio Battitappeto Generation G5\/G7 Ultimate","og_description":"Ampio battitappeto per la profonda pulizia di rivestimenti e moquette. Adatto anche per l` eliminazione di acari della polvere dai materassi. Senza Kirby rullo battitappeto.    In magazzino   Ordinato prima della 23:59, spedito domani  &nbsp;","og_url":"https:\/\/www.veltec.eu\/nl\/product\/kirby-brede-zuigmond-generation-g5-g7\/","og_site_name":"Veltec Kirby specialist","article_publisher":"https:\/\/www.facebook.com\/Veltec-Kirby-Specialist-236746293374877\/","article_modified_time":"2025-04-10T09:11:21+00:00","og_image":[{"width":300,"height":300,"url":"https:\/\/www.veltec.eu\/wp-content\/uploads\/2018\/10\/Klopzuigmond-G5.jpg","type":"image\/jpeg"}],"twitter_card":"summary_large_image","twitter_misc":{"Tempo di lettura stimato":"3 minuti"},"schema":{"@context":"https:\/\/schema.org","@graph":[{"@type":"WebPage","@id":"https:\/\/www.veltec.eu\/nl\/product\/kirby-brede-zuigmond-generation-g5-g7\/","url":"https:\/\/www.veltec.eu\/nl\/product\/kirby-brede-zuigmond-generation-g5-g7\/","name":"Kirby Ampio Battitappeto Generation G5\/G7 Ultimate - Veltec Kirby specialist","isPartOf":{"@id":"https:\/\/www.veltec.eu\/en\/#website"},"primaryImageOfPage":{"@id":"https:\/\/www.veltec.eu\/nl\/product\/kirby-brede-zuigmond-generation-g5-g7\/#primaryimage"},"image":{"@id":"https:\/\/www.veltec.eu\/nl\/product\/kirby-brede-zuigmond-generation-g5-g7\/#primaryimage"},"thumbnailUrl":"https:\/\/www.veltec.eu\/wp-content\/uploads\/2018\/10\/Klopzuigmond-G5.jpg","datePublished":"2018-10-16T14:06:57+00:00","dateModified":"2025-04-10T09:11:21+00:00","description":"Kirby Ampio Battitappeto Generation G5\/G7 Ultimate - Veltec \u00e8 il fornitore delle aspirapolveri Kirby da oltre 25 anni. Per le riparazioni.","breadcrumb":{"@id":"https:\/\/www.veltec.eu\/nl\/product\/kirby-brede-zuigmond-generation-g5-g7\/#breadcrumb"},"inLanguage":"it-IT","potentialAction":[{"@type":"ReadAction","target":["https:\/\/www.veltec.eu\/nl\/product\/kirby-brede-zuigmond-generation-g5-g7\/"]}]},{"@type":"ImageObject","inLanguage":"it-IT","@id":"https:\/\/www.veltec.eu\/nl\/product\/kirby-brede-zuigmond-generation-g5-g7\/#primaryimage","url":"https:\/\/www.veltec.eu\/wp-content\/uploads\/2018\/10\/Klopzuigmond-G5.jpg","contentUrl":"https:\/\/www.veltec.eu\/wp-content\/uploads\/2018\/10\/Klopzuigmond-G5.jpg","width":300,"height":300,"caption":"Kirby klopzuigmond G5"},{"@type":"BreadcrumbList","@id":"https:\/\/www.veltec.eu\/nl\/product\/kirby-brede-zuigmond-generation-g5-g7\/#breadcrumb","itemListElement":[{"@type":"ListItem","position":1,"name":"Home","item":"https:\/\/www.veltec.eu\/it\/"},{"@type":"ListItem","position":2,"name":"Produits","item":"https:\/\/www.veltec.eu\/fr\/shop\/"},{"@type":"ListItem","position":3,"name":"Kirby Ampio Battitappeto Generation G5\/G7 Ultimate"}]},{"@type":"WebSite","@id":"https:\/\/www.veltec.eu\/en\/#website","url":"https:\/\/www.veltec.eu\/en\/","name":"Veltec Kirby specialist","description":"Kirby stofzuiger producten","publisher":{"@id":"https:\/\/www.veltec.eu\/en\/#organization"},"potentialAction":[{"@type":"SearchAction","target":{"@type":"EntryPoint","urlTemplate":"https:\/\/www.veltec.eu\/en\/?s={search_term_string}"},"query-input":{"@type":"PropertyValueSpecification","valueRequired":true,"valueName":"search_term_string"}}],"inLanguage":"it-IT"},{"@type":"Organization","@id":"https:\/\/www.veltec.eu\/en\/#organization","name":"Veltec Kirby Specialist","url":"https:\/\/www.veltec.eu\/en\/","logo":{"@type":"ImageObject","inLanguage":"it-IT","@id":"https:\/\/www.veltec.eu\/en\/#\/schema\/logo\/image\/","url":"https:\/\/www.veltec.eu\/wp-content\/uploads\/2021\/12\/Veltec-log-groot-e1537260889125.png","contentUrl":"https:\/\/www.veltec.eu\/wp-content\/uploads\/2021\/12\/Veltec-log-groot-e1537260889125.png","width":200,"height":60,"caption":"Veltec Kirby Specialist"},"image":{"@id":"https:\/\/www.veltec.eu\/en\/#\/schema\/logo\/image\/"},"sameAs":["https:\/\/www.facebook.com\/Veltec-Kirby-Specialist-236746293374877\/","https:\/\/www.youtube.com\/user\/VeltecService"]}]}},"_links":{"self":[{"href":"https:\/\/www.veltec.eu\/it\/wp-json\/wp\/v2\/product\/11982","targetHints":{"allow":["GET"]}}],"collection":[{"href":"https:\/\/www.veltec.eu\/it\/wp-json\/wp\/v2\/product"}],"about":[{"href":"https:\/\/www.veltec.eu\/it\/wp-json\/wp\/v2\/types\/product"}],"replies":[{"embeddable":true,"href":"https:\/\/www.veltec.eu\/it\/wp-json\/wp\/v2\/comments?post=11982"}],"wp:featuredmedia":[{"embeddable":true,"href":"https:\/\/www.veltec.eu\/it\/wp-json\/wp\/v2\/media\/6192"}],"wp:attachment":[{"href":"https:\/\/www.veltec.eu\/it\/wp-json\/wp\/v2\/media?parent=11982"}],"wp:term":[{"taxonomy":"product_brand","embeddable":true,"href":"https:\/\/www.veltec.eu\/it\/wp-json\/wp\/v2\/product_brand?post=11982"},{"taxonomy":"product_cat","embeddable":true,"href":"https:\/\/www.veltec.eu\/it\/wp-json\/wp\/v2\/product_cat?post=11982"},{"taxonomy":"product_tag","embeddable":true,"href":"https:\/\/www.veltec.eu\/it\/wp-json\/wp\/v2\/product_tag?post=11982"}],"curies":[{"name":"wp","href":"https:\/\/api.w.org\/{rel}","templated":true}]}}