{"id":11786,"date":"2018-10-18T14:37:51","date_gmt":"2018-10-18T12:37:51","guid":{"rendered":"https:\/\/www.veltec.eu\/kirby-webshop\/kirby-motore-completo-nl3076\/"},"modified":"2024-12-10T13:31:52","modified_gmt":"2024-12-10T11:31:52","slug":"kirby-motore-completo-nl3076","status":"publish","type":"product","link":"https:\/\/www.veltec.eu\/it\/product\/kirby-motore-completo-nl3076\/","title":{"rendered":"Kirby Motore Completo"},"content":{"rendered":"<h4>Kirby Motore Completo<\/h4>\n<p>Kirby Motore Completo con ventola.<\/p>\n<p><strong>Questo prodotto \u00e8 adatto per i tipi:<\/strong><\/p>\n<ul>\n<li>Avalir Platinum<\/li>\n<li>Avalir 2<\/li>\n<li>Avalir 1<\/li>\n<li>Sentria 2 (G10D)<\/li>\n<li>Sentria 1 (G10)<\/li>\n<li>Ultimate G Diamond Ed.(G7D or DE)<\/li>\n<li>Ultimate G (G7 or UG)<\/li>\n<li>Generation 6 (G6)<\/li>\n<li>Generation 5 (G5)<\/li>\n<li>Generation 4 (G4)<\/li>\n<li>Generation 3 (G3)<\/li>\n<\/ul>\n<h3>La fonte di energia definitiva per l&#8217;aspirapolvere Kirby<\/h3>\n<p>Benvenuti nell&#8217;esclusivo mondo di Kirby, dove qualit\u00e0 e durata si fondono in perfetta armonia. In qualit\u00e0 di rivenditore esperto e di esperto di assistenza dei prodotti Kirby, sono lieto di presentarvi il nostro motore completo Kirby di alta qualit\u00e0.<\/p>\n<p>Qui potete trovare tutte le <a href=\"https:\/\/www.veltec.eu\/it\/kirby-parti-motore\/\">Kirby Parti Motore<\/a><br \/>\nSe preferite spendere un po&#8217; meno, abbiamo anche una buona alternativa: <a href=\"https:\/\/www.veltec.eu\/it\/product\/kirby-motore-completo-revisionato\/\">il Kirby Motore completo Revisionato<\/a><\/p>\n<h3>Prestazioni e affidabilit\u00e0 impareggiabili del Kirby Motore Completo<\/h3>\n<p>Il motore completo Kirby \u00e8 il cuore pulsante del vostro aspirapolvere Kirby, progettato con le tecnologie pi\u00f9 avanzate e la maestria artigianale per offrire prestazioni ottimali. Se state cercando un motore di ricambio per il vostro amato aspirapolvere Kirby o semplicemente volete passare a un modello pi\u00f9 potente, il motore Kirby \u00e8 la scelta perfetta per voi.<\/p>\n<p>Questo motore offre una potenza di aspirazione e un&#8217;efficienza senza pari, consentendo di rimuovere senza sforzo polvere, sporco e allergeni da tutte le superfici della casa. Grazie alla sua affidabilit\u00e0 a lungo termine, potrete contare su anni di utilizzo senza compromettere le prestazioni.<\/p>\n<h3>Facile installazione e compatibilit\u00e0 Motore Completo<\/h3>\n<p>Non preoccupatevi se non avete familiarit\u00e0 con gli aspetti tecnici. Il motore Kirby viene fornito con istruzioni chiare per un&#8217;installazione rapida e senza problemi. In pochi minuti, potrete aggiornare il vostro aspirapolvere Kirby ed essere pronti per una nuova esperienza di pulizia.<\/p>\n<p>Il motore \u00e8 compatibile con diversi modelli di aspirapolvere Kirby, quindi potete essere certi che si adatter\u00e0 perfettamente al vostro apparecchio.<\/p>\n<h3>Assistenza da parte di professionisti esperti<\/h3>\n<p>Noi di Kirby siamo sempre pronti a supportare i nostri clienti. Se avete domande sul motore Kirby o avete bisogno di aiuto per l&#8217;installazione, potete affidarvi al nostro team di professionisti esperti per ricevere consigli e assistenza.<\/p>\n<p>In breve, investite oggi stesso nella qualit\u00e0 e nell&#8217;affidabilit\u00e0 Kirby con il motore. Contattateci per effettuare il vostro ordine e scoprite voi stessi perch\u00e9 milioni di clienti soddisfatti in tutto il mondo si affidano a Kirby per le loro esigenze di pulizia.<\/p>\n","protected":false},"excerpt":{"rendered":"<p>Motore Completo con ventola.<\/p>\n[trustindex data-widget-id=de4365f24f22281a6b165ed75b0]\n<h3><span style=\"color: #008000;\"><br \/>\nIn magazzino<\/span><\/h3>\n[av_font_icon icon='ue812' font='entypo-fontello' style='' caption='' size='25px' position='left' color='#43ad66' link='' linktarget='' title_attr='' sonar_effect_effect='' sonar_effect_color='' sonar_effect_duration='1' sonar_effect_scale='' sonar_effect_opac='0.5' animation='' id='' custom_class='' template_class='' av_uid='' sc_version='1.0' admin_preview_bg=''][\/av_font_icon]\n<p><span style=\"color: #008000;\">Ordinato prima della 23:59, spedito domani<\/span><\/p>\n<p>&nbsp;<\/p>\n","protected":false},"featured_media":20840,"comment_status":"open","ping_status":"closed","template":"","meta":[],"product_brand":[],"product_cat":[361],"product_tag":[],"class_list":{"0":"post-11786","1":"product","2":"type-product","3":"status-publish","4":"has-post-thumbnail","6":"product_cat-kirby-parti-motore","7":"product_shipping_class-klein-it","9":"first","10":"instock","11":"taxable","12":"shipping-taxable","13":"purchasable","14":"product-type-simple"},"yoast_head":"<!-- This site is optimized with the Yoast SEO Premium plugin v27.1 (Yoast SEO v27.4) - https:\/\/yoast.com\/product\/yoast-seo-premium-wordpress\/ -->\n<title>Kirby Motore Completo - Veltec Kirby specialist<\/title>\n<meta name=\"description\" content=\"Kirby Motore Completo Veltec \u00e8 il fornitore delle aspirapolveri Kirby da oltre 20 anni. Ed \u00e8 il tuo fidato specialista del servizio Kirby.\" \/>\n<meta name=\"robots\" content=\"index, follow, max-snippet:-1, max-image-preview:large, max-video-preview:-1\" \/>\n<link rel=\"canonical\" href=\"https:\/\/www.veltec.eu\/it\/product\/kirby-motore-completo-nl3076\/\" \/>\n<meta property=\"og:locale\" content=\"it_IT\" \/>\n<meta property=\"og:type\" content=\"article\" \/>\n<meta property=\"og:title\" content=\"Kirby Motore Completo\" \/>\n<meta property=\"og:description\" content=\"Motore Completo con ventola.    In magazzino   Ordinato prima della 23:59, spedito domani  &nbsp;\" \/>\n<meta property=\"og:url\" content=\"https:\/\/www.veltec.eu\/it\/product\/kirby-motore-completo-nl3076\/\" \/>\n<meta property=\"og:site_name\" content=\"Veltec Kirby specialist\" \/>\n<meta property=\"article:publisher\" content=\"https:\/\/www.facebook.com\/Veltec-Kirby-Specialist-236746293374877\/\" \/>\n<meta property=\"article:modified_time\" content=\"2024-12-10T11:31:52+00:00\" \/>\n<meta property=\"og:image\" content=\"https:\/\/www.veltec.eu\/wp-content\/uploads\/2018\/10\/Kirby-motor-vierkant-3.jpg\" \/>\n\t<meta property=\"og:image:width\" content=\"405\" \/>\n\t<meta property=\"og:image:height\" content=\"405\" \/>\n\t<meta property=\"og:image:type\" content=\"image\/jpeg\" \/>\n<meta name=\"twitter:card\" content=\"summary_large_image\" \/>\n<meta name=\"twitter:label1\" content=\"Tempo di lettura stimato\" \/>\n\t<meta name=\"twitter:data1\" content=\"2 minuti\" \/>\n<script type=\"application\/ld+json\" class=\"yoast-schema-graph\">{\"@context\":\"https:\\\/\\\/schema.org\",\"@graph\":[{\"@type\":\"WebPage\",\"@id\":\"https:\\\/\\\/www.veltec.eu\\\/it\\\/product\\\/kirby-motore-completo-nl3076\\\/\",\"url\":\"https:\\\/\\\/www.veltec.eu\\\/it\\\/product\\\/kirby-motore-completo-nl3076\\\/\",\"name\":\"Kirby Motore Completo - Veltec Kirby specialist\",\"isPartOf\":{\"@id\":\"https:\\\/\\\/www.veltec.eu\\\/en\\\/#website\"},\"primaryImageOfPage\":{\"@id\":\"https:\\\/\\\/www.veltec.eu\\\/it\\\/product\\\/kirby-motore-completo-nl3076\\\/#primaryimage\"},\"image\":{\"@id\":\"https:\\\/\\\/www.veltec.eu\\\/it\\\/product\\\/kirby-motore-completo-nl3076\\\/#primaryimage\"},\"thumbnailUrl\":\"https:\\\/\\\/www.veltec.eu\\\/wp-content\\\/uploads\\\/2018\\\/10\\\/Kirby-motor-vierkant-3.jpg\",\"datePublished\":\"2018-10-18T12:37:51+00:00\",\"dateModified\":\"2024-12-10T11:31:52+00:00\",\"description\":\"Kirby Motore Completo Veltec \u00e8 il fornitore delle aspirapolveri Kirby da oltre 20 anni. Ed \u00e8 il tuo fidato specialista del servizio Kirby.\",\"breadcrumb\":{\"@id\":\"https:\\\/\\\/www.veltec.eu\\\/it\\\/product\\\/kirby-motore-completo-nl3076\\\/#breadcrumb\"},\"inLanguage\":\"it-IT\",\"potentialAction\":[{\"@type\":\"ReadAction\",\"target\":[\"https:\\\/\\\/www.veltec.eu\\\/it\\\/product\\\/kirby-motore-completo-nl3076\\\/\"]}]},{\"@type\":\"ImageObject\",\"inLanguage\":\"it-IT\",\"@id\":\"https:\\\/\\\/www.veltec.eu\\\/it\\\/product\\\/kirby-motore-completo-nl3076\\\/#primaryimage\",\"url\":\"https:\\\/\\\/www.veltec.eu\\\/wp-content\\\/uploads\\\/2018\\\/10\\\/Kirby-motor-vierkant-3.jpg\",\"contentUrl\":\"https:\\\/\\\/www.veltec.eu\\\/wp-content\\\/uploads\\\/2018\\\/10\\\/Kirby-motor-vierkant-3.jpg\",\"width\":405,\"height\":405},{\"@type\":\"BreadcrumbList\",\"@id\":\"https:\\\/\\\/www.veltec.eu\\\/it\\\/product\\\/kirby-motore-completo-nl3076\\\/#breadcrumb\",\"itemListElement\":[{\"@type\":\"ListItem\",\"position\":1,\"name\":\"Home\",\"item\":\"https:\\\/\\\/www.veltec.eu\\\/it\\\/\"},{\"@type\":\"ListItem\",\"position\":2,\"name\":\"Produits\",\"item\":\"https:\\\/\\\/www.veltec.eu\\\/fr\\\/shop\\\/\"},{\"@type\":\"ListItem\",\"position\":3,\"name\":\"Kirby Motore Completo\"}]},{\"@type\":\"WebSite\",\"@id\":\"https:\\\/\\\/www.veltec.eu\\\/en\\\/#website\",\"url\":\"https:\\\/\\\/www.veltec.eu\\\/en\\\/\",\"name\":\"Veltec Kirby specialist\",\"description\":\"Kirby stofzuiger producten\",\"publisher\":{\"@id\":\"https:\\\/\\\/www.veltec.eu\\\/en\\\/#organization\"},\"potentialAction\":[{\"@type\":\"SearchAction\",\"target\":{\"@type\":\"EntryPoint\",\"urlTemplate\":\"https:\\\/\\\/www.veltec.eu\\\/en\\\/?s={search_term_string}\"},\"query-input\":{\"@type\":\"PropertyValueSpecification\",\"valueRequired\":true,\"valueName\":\"search_term_string\"}}],\"inLanguage\":\"it-IT\"},{\"@type\":\"Organization\",\"@id\":\"https:\\\/\\\/www.veltec.eu\\\/en\\\/#organization\",\"name\":\"Veltec Kirby Specialist\",\"url\":\"https:\\\/\\\/www.veltec.eu\\\/en\\\/\",\"logo\":{\"@type\":\"ImageObject\",\"inLanguage\":\"it-IT\",\"@id\":\"https:\\\/\\\/www.veltec.eu\\\/en\\\/#\\\/schema\\\/logo\\\/image\\\/\",\"url\":\"https:\\\/\\\/www.veltec.eu\\\/wp-content\\\/uploads\\\/2021\\\/12\\\/Veltec-log-groot-e1537260889125.png\",\"contentUrl\":\"https:\\\/\\\/www.veltec.eu\\\/wp-content\\\/uploads\\\/2021\\\/12\\\/Veltec-log-groot-e1537260889125.png\",\"width\":200,\"height\":60,\"caption\":\"Veltec Kirby Specialist\"},\"image\":{\"@id\":\"https:\\\/\\\/www.veltec.eu\\\/en\\\/#\\\/schema\\\/logo\\\/image\\\/\"},\"sameAs\":[\"https:\\\/\\\/www.facebook.com\\\/Veltec-Kirby-Specialist-236746293374877\\\/\",\"https:\\\/\\\/www.youtube.com\\\/user\\\/VeltecService\"]}]}<\/script>\n<!-- \/ Yoast SEO Premium plugin. -->","yoast_head_json":{"title":"Kirby Motore Completo - Veltec Kirby specialist","description":"Kirby Motore Completo Veltec \u00e8 il fornitore delle aspirapolveri Kirby da oltre 20 anni. Ed \u00e8 il tuo fidato specialista del servizio Kirby.","robots":{"index":"index","follow":"follow","max-snippet":"max-snippet:-1","max-image-preview":"max-image-preview:large","max-video-preview":"max-video-preview:-1"},"canonical":"https:\/\/www.veltec.eu\/it\/product\/kirby-motore-completo-nl3076\/","og_locale":"it_IT","og_type":"article","og_title":"Kirby Motore Completo","og_description":"Motore Completo con ventola.    In magazzino   Ordinato prima della 23:59, spedito domani  &nbsp;","og_url":"https:\/\/www.veltec.eu\/it\/product\/kirby-motore-completo-nl3076\/","og_site_name":"Veltec Kirby specialist","article_publisher":"https:\/\/www.facebook.com\/Veltec-Kirby-Specialist-236746293374877\/","article_modified_time":"2024-12-10T11:31:52+00:00","og_image":[{"width":405,"height":405,"url":"https:\/\/www.veltec.eu\/wp-content\/uploads\/2018\/10\/Kirby-motor-vierkant-3.jpg","type":"image\/jpeg"}],"twitter_card":"summary_large_image","twitter_misc":{"Tempo di lettura stimato":"2 minuti"},"schema":{"@context":"https:\/\/schema.org","@graph":[{"@type":"WebPage","@id":"https:\/\/www.veltec.eu\/it\/product\/kirby-motore-completo-nl3076\/","url":"https:\/\/www.veltec.eu\/it\/product\/kirby-motore-completo-nl3076\/","name":"Kirby Motore Completo - Veltec Kirby specialist","isPartOf":{"@id":"https:\/\/www.veltec.eu\/en\/#website"},"primaryImageOfPage":{"@id":"https:\/\/www.veltec.eu\/it\/product\/kirby-motore-completo-nl3076\/#primaryimage"},"image":{"@id":"https:\/\/www.veltec.eu\/it\/product\/kirby-motore-completo-nl3076\/#primaryimage"},"thumbnailUrl":"https:\/\/www.veltec.eu\/wp-content\/uploads\/2018\/10\/Kirby-motor-vierkant-3.jpg","datePublished":"2018-10-18T12:37:51+00:00","dateModified":"2024-12-10T11:31:52+00:00","description":"Kirby Motore Completo Veltec \u00e8 il fornitore delle aspirapolveri Kirby da oltre 20 anni. Ed \u00e8 il tuo fidato specialista del servizio Kirby.","breadcrumb":{"@id":"https:\/\/www.veltec.eu\/it\/product\/kirby-motore-completo-nl3076\/#breadcrumb"},"inLanguage":"it-IT","potentialAction":[{"@type":"ReadAction","target":["https:\/\/www.veltec.eu\/it\/product\/kirby-motore-completo-nl3076\/"]}]},{"@type":"ImageObject","inLanguage":"it-IT","@id":"https:\/\/www.veltec.eu\/it\/product\/kirby-motore-completo-nl3076\/#primaryimage","url":"https:\/\/www.veltec.eu\/wp-content\/uploads\/2018\/10\/Kirby-motor-vierkant-3.jpg","contentUrl":"https:\/\/www.veltec.eu\/wp-content\/uploads\/2018\/10\/Kirby-motor-vierkant-3.jpg","width":405,"height":405},{"@type":"BreadcrumbList","@id":"https:\/\/www.veltec.eu\/it\/product\/kirby-motore-completo-nl3076\/#breadcrumb","itemListElement":[{"@type":"ListItem","position":1,"name":"Home","item":"https:\/\/www.veltec.eu\/it\/"},{"@type":"ListItem","position":2,"name":"Produits","item":"https:\/\/www.veltec.eu\/fr\/shop\/"},{"@type":"ListItem","position":3,"name":"Kirby Motore Completo"}]},{"@type":"WebSite","@id":"https:\/\/www.veltec.eu\/en\/#website","url":"https:\/\/www.veltec.eu\/en\/","name":"Veltec Kirby specialist","description":"Kirby stofzuiger producten","publisher":{"@id":"https:\/\/www.veltec.eu\/en\/#organization"},"potentialAction":[{"@type":"SearchAction","target":{"@type":"EntryPoint","urlTemplate":"https:\/\/www.veltec.eu\/en\/?s={search_term_string}"},"query-input":{"@type":"PropertyValueSpecification","valueRequired":true,"valueName":"search_term_string"}}],"inLanguage":"it-IT"},{"@type":"Organization","@id":"https:\/\/www.veltec.eu\/en\/#organization","name":"Veltec Kirby Specialist","url":"https:\/\/www.veltec.eu\/en\/","logo":{"@type":"ImageObject","inLanguage":"it-IT","@id":"https:\/\/www.veltec.eu\/en\/#\/schema\/logo\/image\/","url":"https:\/\/www.veltec.eu\/wp-content\/uploads\/2021\/12\/Veltec-log-groot-e1537260889125.png","contentUrl":"https:\/\/www.veltec.eu\/wp-content\/uploads\/2021\/12\/Veltec-log-groot-e1537260889125.png","width":200,"height":60,"caption":"Veltec Kirby Specialist"},"image":{"@id":"https:\/\/www.veltec.eu\/en\/#\/schema\/logo\/image\/"},"sameAs":["https:\/\/www.facebook.com\/Veltec-Kirby-Specialist-236746293374877\/","https:\/\/www.youtube.com\/user\/VeltecService"]}]}},"_links":{"self":[{"href":"https:\/\/www.veltec.eu\/it\/wp-json\/wp\/v2\/product\/11786","targetHints":{"allow":["GET"]}}],"collection":[{"href":"https:\/\/www.veltec.eu\/it\/wp-json\/wp\/v2\/product"}],"about":[{"href":"https:\/\/www.veltec.eu\/it\/wp-json\/wp\/v2\/types\/product"}],"replies":[{"embeddable":true,"href":"https:\/\/www.veltec.eu\/it\/wp-json\/wp\/v2\/comments?post=11786"}],"wp:featuredmedia":[{"embeddable":true,"href":"https:\/\/www.veltec.eu\/it\/wp-json\/wp\/v2\/media\/20840"}],"wp:attachment":[{"href":"https:\/\/www.veltec.eu\/it\/wp-json\/wp\/v2\/media?parent=11786"}],"wp:term":[{"taxonomy":"product_brand","embeddable":true,"href":"https:\/\/www.veltec.eu\/it\/wp-json\/wp\/v2\/product_brand?post=11786"},{"taxonomy":"product_cat","embeddable":true,"href":"https:\/\/www.veltec.eu\/it\/wp-json\/wp\/v2\/product_cat?post=11786"},{"taxonomy":"product_tag","embeddable":true,"href":"https:\/\/www.veltec.eu\/it\/wp-json\/wp\/v2\/product_tag?post=11786"}],"curies":[{"name":"wp","href":"https:\/\/api.w.org\/{rel}","templated":true}]}}