{"id":11746,"date":"2018-10-18T15:26:19","date_gmt":"2018-10-18T13:26:19","guid":{"rendered":"https:\/\/www.veltec.eu\/kirby-webshop\/kirby-mola-nl3105\/"},"modified":"2025-04-22T11:35:42","modified_gmt":"2025-04-22T09:35:42","slug":"kirby-mola-nl3105","status":"publish","type":"product","link":"https:\/\/www.veltec.eu\/it\/product\/kirby-mola-nl3105\/","title":{"rendered":"Kirby Mola"},"content":{"rendered":"<h1>Kirby Mola<\/h1>\n<p>Kirby Mola per affilare Kirby per affilare l&#8217;ancora.<\/p>\n<p><strong>Questa Kirby Mola \u00e8 universale e adatta a qualsiasi aspirapolvere Kirby;<\/strong><\/p>\n<ul>\n<li>Avalir Platinum<\/li>\n<li>Avalir 2<\/li>\n<li>Avalir 1<\/li>\n<li>Sentria 2 (G10D)<\/li>\n<li>Sentria 1 (G10)<\/li>\n<li>Ultimate G Diamond Ed.(G7D or DE)<\/li>\n<li>Ultimate G (G7 or UG)<\/li>\n<li>Generation 6 (G6)<\/li>\n<li>Generation 5 (G5)<\/li>\n<li>Generation 4 (G4)<\/li>\n<li>Generation 3 (G3)<\/li>\n<\/ul>\n<h2><b>La Kirby Mola: lo strumento essenziale per la manutenzione dell&#8217;aspirapolvere Kirby<\/b><\/h2>\n<h3>Che cos&#8217;\u00e8 la pietra per smerigliare?<\/h3>\n<p>La pietra per smerigliare \u00e8 una pietra morbida, appositamente progettata, ideale per smerigliare e lucidare efficacemente le alette dell&#8217;ancora o del rotore Kirby. Con questa pietra \u00e8 possibile rimuovere facilmente i residui di carbone e altri depositi dalle alette. Questo non solo garantisce una maggiore durata del vostro aspirapolvere Kirby, ma anche un funzionamento ottimale. Quando le lame sono pulite e lucidate, l&#8217;apparecchio pu\u00f2 funzionare in modo pi\u00f9 fluido, il che si traduce in prestazioni migliori e in un minor consumo energetico.<\/p>\n<p>Trova tutte le <a href=\"https:\/\/www.veltec.eu\/es\/partes-para-motor-kirby\/\">parti del motore Kirby<\/a> qui<\/p>\n<h3>Perch\u00e9 scegliere la Kirby Mola?<\/h3>\n<p>La pietra abrasiva offre una serie di vantaggi unici per il vostro apparecchio Kirby:<\/p>\n<ul>\n<li><strong>Struttura morbida<\/strong>: la composizione morbida della pietra abrasiva consente di lucidare in modo sicuro ed efficace le lame del rotore senza causare danni.<\/li>\n<li><strong>Pulizia efficiente<\/strong>: La rimozione dei residui della spazzola di carbone \u00e8 essenziale per mantenere la qualit\u00e0 del motore e garantisce un funzionamento pi\u00f9 efficiente.<\/li>\n<li><strong>Durata<\/strong>: l&#8217;uso regolare della pietra abrasiva aiuta a ridurre l&#8217;usura del rotore e impedisce alla polvere e ai residui di spazzole di carbone di influire sulle prestazioni del vostro aspirapolvere Kirby.<\/li>\n<\/ul>\n<div class=\"group\/conversation-turn relative flex w-full min-w-0 flex-col agent-turn\">\n<div class=\"flex-col gap-1 md:gap-3\">\n<div class=\"flex max-w-full flex-col flex-grow\">\n<div class=\"min-h-8 text-message flex w-full flex-col items-end gap-2 whitespace-normal break-words [.text-message+&amp;]:mt-5\" dir=\"auto\" data-message-author-role=\"assistant\" data-message-id=\"98308336-ad3e-4b23-bc96-8c51b5cb6dcb\" data-message-model-slug=\"gpt-4o\">\n<div class=\"flex w-full flex-col gap-1 empty:hidden first:pt-[3px]\">\n<div class=\"markdown prose w-full break-words dark:prose-invert light\">\n<h3>Come si usa la pietra per affilare?<\/h3>\n<p>L&#8217;uso della pietra abrasiva non \u00e8 facile e si effettua sotto tensione elettrica. Ci\u00f2 richiede una certa conoscenza o esperienza, se non la si possiede rivolgersi a un meccanico autorizzato Kirby; con una cura e una tecnica adeguate si pu\u00f2 migliorare notevolmente la durata e le prestazioni del proprio aspirapolvere.<\/p>\n<h3>L&#8217;importanza della manutenzione regolare<\/h3>\n<p>Una regolare pulizia e manutenzione dell&#8217;apparecchiatura Kirby con la pietra abrasiva previene l&#8217;accumulo di sporco e depositi, riducendo l&#8217;attrito e il consumo di energia. Ci\u00f2 consente al motore di lavorare in modo pi\u00f9 efficiente, prolungando la durata e la potenza di aspirazione del vostro aspirapolvere. Infatti, senza una regolare manutenzione, residui e sporcizia possono causare il malfunzionamento del motore, con conseguenti guasti o prestazioni ridotte.<\/p>\n<h3>Dove si pu\u00f2 acquistare la Kirby Mola?<\/h3>\n<p>La pietra abrasiva \u00e8 disponibile solo presso i rivenditori autorizzati Kirby e i negozi online specializzati in ricambi Kirby. \u00c8 importante scegliere una fonte affidabile per garantire la qualit\u00e0 e l&#8217;originalit\u00e0 dei ricambi Kirby.<\/p>\n<h4>Consigli per l&#8217;acquisto:<\/h4>\n<ul>\n<li>Verificare sempre che si stia acquistando una pietra abrasiva originale per beneficiare della migliore qualit\u00e0.<\/li>\n<li>Prestare attenzione alle opzioni e ai prezzi di spedizione; in alcuni negozi \u00e8 disponibile la spedizione gratuita per acquisti superiori a un certo importo.<\/li>\n<\/ul>\n<h3>Conclusione<\/h3>\n<p>La pietra per affilare \u00e8 uno strumento essenziale per chiunque voglia ottenere il massimo dal proprio aspirapolvere Kirby. L&#8217;uso regolare di questa pietra per affilare mantiene il rotore in ottime condizioni, favorendo le prestazioni del motore e prevenendo l&#8217;usura. Che siate nuovi utenti o fedeli possessori di Kirby da molti anni, questa pietra per affilare offre il perfetto equilibrio tra semplicit\u00e0 ed efficacia. Con la pietra per affilare, non solo manterrete la potenza e l&#8217;efficienza del vostro aspirapolvere, ma ne prolungherete significativamente la durata.<\/p>\n<\/div>\n<\/div>\n<\/div>\n<\/div>\n<\/div>\n<\/div>\n","protected":false},"excerpt":{"rendered":"<p>Per la rettifica dell`indotto.<\/p>\n[trustindex data-widget-id=de4365f24f22281a6b165ed75b0]\n<h3><span style=\"color: #008000;\"><br \/>\nIn magazzino<\/span><\/h3>\n[av_font_icon icon='ue812' font='entypo-fontello' style='' caption='' size='25px' position='left' color='#43ad66' link='' linktarget='' title_attr='' sonar_effect_effect='' sonar_effect_color='' sonar_effect_duration='1' sonar_effect_scale='' sonar_effect_opac='0.5' animation='' id='' custom_class='' template_class='' av_uid='' sc_version='1.0' admin_preview_bg=''][\/av_font_icon]\n<p><span style=\"color: #008000;\">Ordinato prima della 23:59, spedito domani<\/span><\/p>\n<p>&nbsp;<\/p>\n","protected":false},"featured_media":6602,"comment_status":"open","ping_status":"closed","template":"","meta":[],"product_brand":[],"product_cat":[361],"product_tag":[],"class_list":{"0":"post-11746","1":"product","2":"type-product","3":"status-publish","4":"has-post-thumbnail","6":"product_cat-kirby-parti-motore","7":"product_shipping_class-klein-it","9":"first","10":"instock","11":"taxable","12":"shipping-taxable","13":"purchasable","14":"product-type-simple"},"yoast_head":"<!-- This site is optimized with the Yoast SEO Premium plugin v27.1 (Yoast SEO v27.3) - https:\/\/yoast.com\/product\/yoast-seo-premium-wordpress\/ -->\n<title>Kirby Mola - Veltec Kirby specialist<\/title>\n<meta name=\"description\" content=\"Kirby Mola Veltec \u00e8 il fornitore delle aspirapolveri Kirby da oltre 25 anni. Ed \u00e8 il tuo fidato specialista del servizio Kirby.\" \/>\n<meta name=\"robots\" content=\"index, follow, max-snippet:-1, max-image-preview:large, max-video-preview:-1\" \/>\n<link rel=\"canonical\" href=\"https:\/\/www.veltec.eu\/it\/product\/kirby-mola-nl3105\/\" \/>\n<meta property=\"og:locale\" content=\"it_IT\" \/>\n<meta property=\"og:type\" content=\"article\" \/>\n<meta property=\"og:title\" content=\"Kirby Mola\" \/>\n<meta property=\"og:description\" content=\"Per la rettifica dell`indotto.    In magazzino   Ordinato prima della 23:59, spedito domani  &nbsp;\" \/>\n<meta property=\"og:url\" content=\"https:\/\/www.veltec.eu\/it\/product\/kirby-mola-nl3105\/\" \/>\n<meta property=\"og:site_name\" content=\"Veltec Kirby specialist\" \/>\n<meta property=\"article:publisher\" content=\"https:\/\/www.facebook.com\/Veltec-Kirby-Specialist-236746293374877\/\" \/>\n<meta property=\"article:modified_time\" content=\"2025-04-22T09:35:42+00:00\" \/>\n<meta property=\"og:image\" content=\"https:\/\/www.veltec.eu\/wp-content\/uploads\/2018\/10\/kirby_slijpsteen.jpg\" \/>\n\t<meta property=\"og:image:width\" content=\"300\" \/>\n\t<meta property=\"og:image:height\" content=\"300\" \/>\n\t<meta property=\"og:image:type\" content=\"image\/jpeg\" \/>\n<meta name=\"twitter:card\" content=\"summary_large_image\" \/>\n<meta name=\"twitter:label1\" content=\"Tempo di lettura stimato\" \/>\n\t<meta name=\"twitter:data1\" content=\"3 minuti\" \/>\n<script type=\"application\/ld+json\" class=\"yoast-schema-graph\">{\"@context\":\"https:\\\/\\\/schema.org\",\"@graph\":[{\"@type\":\"WebPage\",\"@id\":\"https:\\\/\\\/www.veltec.eu\\\/it\\\/product\\\/kirby-mola-nl3105\\\/\",\"url\":\"https:\\\/\\\/www.veltec.eu\\\/it\\\/product\\\/kirby-mola-nl3105\\\/\",\"name\":\"Kirby Mola - Veltec Kirby specialist\",\"isPartOf\":{\"@id\":\"https:\\\/\\\/www.veltec.eu\\\/en\\\/#website\"},\"primaryImageOfPage\":{\"@id\":\"https:\\\/\\\/www.veltec.eu\\\/it\\\/product\\\/kirby-mola-nl3105\\\/#primaryimage\"},\"image\":{\"@id\":\"https:\\\/\\\/www.veltec.eu\\\/it\\\/product\\\/kirby-mola-nl3105\\\/#primaryimage\"},\"thumbnailUrl\":\"https:\\\/\\\/www.veltec.eu\\\/wp-content\\\/uploads\\\/2018\\\/10\\\/kirby_slijpsteen.jpg\",\"datePublished\":\"2018-10-18T13:26:19+00:00\",\"dateModified\":\"2025-04-22T09:35:42+00:00\",\"description\":\"Kirby Mola Veltec \u00e8 il fornitore delle aspirapolveri Kirby da oltre 25 anni. Ed \u00e8 il tuo fidato specialista del servizio Kirby.\",\"breadcrumb\":{\"@id\":\"https:\\\/\\\/www.veltec.eu\\\/it\\\/product\\\/kirby-mola-nl3105\\\/#breadcrumb\"},\"inLanguage\":\"it-IT\",\"potentialAction\":[{\"@type\":\"ReadAction\",\"target\":[\"https:\\\/\\\/www.veltec.eu\\\/it\\\/product\\\/kirby-mola-nl3105\\\/\"]}]},{\"@type\":\"ImageObject\",\"inLanguage\":\"it-IT\",\"@id\":\"https:\\\/\\\/www.veltec.eu\\\/it\\\/product\\\/kirby-mola-nl3105\\\/#primaryimage\",\"url\":\"https:\\\/\\\/www.veltec.eu\\\/wp-content\\\/uploads\\\/2018\\\/10\\\/kirby_slijpsteen.jpg\",\"contentUrl\":\"https:\\\/\\\/www.veltec.eu\\\/wp-content\\\/uploads\\\/2018\\\/10\\\/kirby_slijpsteen.jpg\",\"width\":300,\"height\":300,\"caption\":\"Kirby Mola\"},{\"@type\":\"BreadcrumbList\",\"@id\":\"https:\\\/\\\/www.veltec.eu\\\/it\\\/product\\\/kirby-mola-nl3105\\\/#breadcrumb\",\"itemListElement\":[{\"@type\":\"ListItem\",\"position\":1,\"name\":\"Home\",\"item\":\"https:\\\/\\\/www.veltec.eu\\\/it\\\/\"},{\"@type\":\"ListItem\",\"position\":2,\"name\":\"Produits\",\"item\":\"https:\\\/\\\/www.veltec.eu\\\/fr\\\/shop\\\/\"},{\"@type\":\"ListItem\",\"position\":3,\"name\":\"Kirby Mola\"}]},{\"@type\":\"WebSite\",\"@id\":\"https:\\\/\\\/www.veltec.eu\\\/en\\\/#website\",\"url\":\"https:\\\/\\\/www.veltec.eu\\\/en\\\/\",\"name\":\"Veltec Kirby specialist\",\"description\":\"Kirby stofzuiger producten\",\"publisher\":{\"@id\":\"https:\\\/\\\/www.veltec.eu\\\/en\\\/#organization\"},\"potentialAction\":[{\"@type\":\"SearchAction\",\"target\":{\"@type\":\"EntryPoint\",\"urlTemplate\":\"https:\\\/\\\/www.veltec.eu\\\/en\\\/?s={search_term_string}\"},\"query-input\":{\"@type\":\"PropertyValueSpecification\",\"valueRequired\":true,\"valueName\":\"search_term_string\"}}],\"inLanguage\":\"it-IT\"},{\"@type\":\"Organization\",\"@id\":\"https:\\\/\\\/www.veltec.eu\\\/en\\\/#organization\",\"name\":\"Veltec Kirby Specialist\",\"url\":\"https:\\\/\\\/www.veltec.eu\\\/en\\\/\",\"logo\":{\"@type\":\"ImageObject\",\"inLanguage\":\"it-IT\",\"@id\":\"https:\\\/\\\/www.veltec.eu\\\/en\\\/#\\\/schema\\\/logo\\\/image\\\/\",\"url\":\"https:\\\/\\\/www.veltec.eu\\\/wp-content\\\/uploads\\\/2021\\\/12\\\/Veltec-log-groot-e1537260889125.png\",\"contentUrl\":\"https:\\\/\\\/www.veltec.eu\\\/wp-content\\\/uploads\\\/2021\\\/12\\\/Veltec-log-groot-e1537260889125.png\",\"width\":200,\"height\":60,\"caption\":\"Veltec Kirby Specialist\"},\"image\":{\"@id\":\"https:\\\/\\\/www.veltec.eu\\\/en\\\/#\\\/schema\\\/logo\\\/image\\\/\"},\"sameAs\":[\"https:\\\/\\\/www.facebook.com\\\/Veltec-Kirby-Specialist-236746293374877\\\/\",\"https:\\\/\\\/www.youtube.com\\\/user\\\/VeltecService\"]}]}<\/script>\n<!-- \/ Yoast SEO Premium plugin. -->","yoast_head_json":{"title":"Kirby Mola - Veltec Kirby specialist","description":"Kirby Mola Veltec \u00e8 il fornitore delle aspirapolveri Kirby da oltre 25 anni. Ed \u00e8 il tuo fidato specialista del servizio Kirby.","robots":{"index":"index","follow":"follow","max-snippet":"max-snippet:-1","max-image-preview":"max-image-preview:large","max-video-preview":"max-video-preview:-1"},"canonical":"https:\/\/www.veltec.eu\/it\/product\/kirby-mola-nl3105\/","og_locale":"it_IT","og_type":"article","og_title":"Kirby Mola","og_description":"Per la rettifica dell`indotto.    In magazzino   Ordinato prima della 23:59, spedito domani  &nbsp;","og_url":"https:\/\/www.veltec.eu\/it\/product\/kirby-mola-nl3105\/","og_site_name":"Veltec Kirby specialist","article_publisher":"https:\/\/www.facebook.com\/Veltec-Kirby-Specialist-236746293374877\/","article_modified_time":"2025-04-22T09:35:42+00:00","og_image":[{"width":300,"height":300,"url":"https:\/\/www.veltec.eu\/wp-content\/uploads\/2018\/10\/kirby_slijpsteen.jpg","type":"image\/jpeg"}],"twitter_card":"summary_large_image","twitter_misc":{"Tempo di lettura stimato":"3 minuti"},"schema":{"@context":"https:\/\/schema.org","@graph":[{"@type":"WebPage","@id":"https:\/\/www.veltec.eu\/it\/product\/kirby-mola-nl3105\/","url":"https:\/\/www.veltec.eu\/it\/product\/kirby-mola-nl3105\/","name":"Kirby Mola - Veltec Kirby specialist","isPartOf":{"@id":"https:\/\/www.veltec.eu\/en\/#website"},"primaryImageOfPage":{"@id":"https:\/\/www.veltec.eu\/it\/product\/kirby-mola-nl3105\/#primaryimage"},"image":{"@id":"https:\/\/www.veltec.eu\/it\/product\/kirby-mola-nl3105\/#primaryimage"},"thumbnailUrl":"https:\/\/www.veltec.eu\/wp-content\/uploads\/2018\/10\/kirby_slijpsteen.jpg","datePublished":"2018-10-18T13:26:19+00:00","dateModified":"2025-04-22T09:35:42+00:00","description":"Kirby Mola Veltec \u00e8 il fornitore delle aspirapolveri Kirby da oltre 25 anni. Ed \u00e8 il tuo fidato specialista del servizio Kirby.","breadcrumb":{"@id":"https:\/\/www.veltec.eu\/it\/product\/kirby-mola-nl3105\/#breadcrumb"},"inLanguage":"it-IT","potentialAction":[{"@type":"ReadAction","target":["https:\/\/www.veltec.eu\/it\/product\/kirby-mola-nl3105\/"]}]},{"@type":"ImageObject","inLanguage":"it-IT","@id":"https:\/\/www.veltec.eu\/it\/product\/kirby-mola-nl3105\/#primaryimage","url":"https:\/\/www.veltec.eu\/wp-content\/uploads\/2018\/10\/kirby_slijpsteen.jpg","contentUrl":"https:\/\/www.veltec.eu\/wp-content\/uploads\/2018\/10\/kirby_slijpsteen.jpg","width":300,"height":300,"caption":"Kirby Mola"},{"@type":"BreadcrumbList","@id":"https:\/\/www.veltec.eu\/it\/product\/kirby-mola-nl3105\/#breadcrumb","itemListElement":[{"@type":"ListItem","position":1,"name":"Home","item":"https:\/\/www.veltec.eu\/it\/"},{"@type":"ListItem","position":2,"name":"Produits","item":"https:\/\/www.veltec.eu\/fr\/shop\/"},{"@type":"ListItem","position":3,"name":"Kirby Mola"}]},{"@type":"WebSite","@id":"https:\/\/www.veltec.eu\/en\/#website","url":"https:\/\/www.veltec.eu\/en\/","name":"Veltec Kirby specialist","description":"Kirby stofzuiger producten","publisher":{"@id":"https:\/\/www.veltec.eu\/en\/#organization"},"potentialAction":[{"@type":"SearchAction","target":{"@type":"EntryPoint","urlTemplate":"https:\/\/www.veltec.eu\/en\/?s={search_term_string}"},"query-input":{"@type":"PropertyValueSpecification","valueRequired":true,"valueName":"search_term_string"}}],"inLanguage":"it-IT"},{"@type":"Organization","@id":"https:\/\/www.veltec.eu\/en\/#organization","name":"Veltec Kirby Specialist","url":"https:\/\/www.veltec.eu\/en\/","logo":{"@type":"ImageObject","inLanguage":"it-IT","@id":"https:\/\/www.veltec.eu\/en\/#\/schema\/logo\/image\/","url":"https:\/\/www.veltec.eu\/wp-content\/uploads\/2021\/12\/Veltec-log-groot-e1537260889125.png","contentUrl":"https:\/\/www.veltec.eu\/wp-content\/uploads\/2021\/12\/Veltec-log-groot-e1537260889125.png","width":200,"height":60,"caption":"Veltec Kirby Specialist"},"image":{"@id":"https:\/\/www.veltec.eu\/en\/#\/schema\/logo\/image\/"},"sameAs":["https:\/\/www.facebook.com\/Veltec-Kirby-Specialist-236746293374877\/","https:\/\/www.youtube.com\/user\/VeltecService"]}]}},"_links":{"self":[{"href":"https:\/\/www.veltec.eu\/it\/wp-json\/wp\/v2\/product\/11746","targetHints":{"allow":["GET"]}}],"collection":[{"href":"https:\/\/www.veltec.eu\/it\/wp-json\/wp\/v2\/product"}],"about":[{"href":"https:\/\/www.veltec.eu\/it\/wp-json\/wp\/v2\/types\/product"}],"replies":[{"embeddable":true,"href":"https:\/\/www.veltec.eu\/it\/wp-json\/wp\/v2\/comments?post=11746"}],"wp:featuredmedia":[{"embeddable":true,"href":"https:\/\/www.veltec.eu\/it\/wp-json\/wp\/v2\/media\/6602"}],"wp:attachment":[{"href":"https:\/\/www.veltec.eu\/it\/wp-json\/wp\/v2\/media?parent=11746"}],"wp:term":[{"taxonomy":"product_brand","embeddable":true,"href":"https:\/\/www.veltec.eu\/it\/wp-json\/wp\/v2\/product_brand?post=11746"},{"taxonomy":"product_cat","embeddable":true,"href":"https:\/\/www.veltec.eu\/it\/wp-json\/wp\/v2\/product_cat?post=11746"},{"taxonomy":"product_tag","embeddable":true,"href":"https:\/\/www.veltec.eu\/it\/wp-json\/wp\/v2\/product_tag?post=11746"}],"curies":[{"name":"wp","href":"https:\/\/api.w.org\/{rel}","templated":true}]}}