{"id":11666,"date":"2018-10-18T16:04:56","date_gmt":"2018-10-18T14:04:56","guid":{"rendered":"https:\/\/www.veltec.eu\/kirby-webshop\/kirby-tolerance-ring-nl55555\/"},"modified":"2024-12-10T11:07:03","modified_gmt":"2024-12-10T09:07:03","slug":"anello-di-tolleranza-kirby","status":"publish","type":"product","link":"https:\/\/www.veltec.eu\/it\/product\/anello-di-tolleranza-kirby\/","title":{"rendered":"Anello di tolleranza Kirby"},"content":{"rendered":"<h1>Anello di tolleranza Kirby<\/h1>\n<p>Anello di tolleranza Kirby<\/p>\n<p><strong>Questo prodotto \u00e8 adatto per i tipi:<\/strong><\/p>\n<ul>\n<li>Avalir Platinum<\/li>\n<li>Avalir 2<\/li>\n<li>Avalir 1<\/li>\n<li>Sentria 2 (G10D)<\/li>\n<li>Sentria 1 (G10)<\/li>\n<li>Ultimate G Diamond Ed.(G7D or DE)<\/li>\n<li>Ultimate G (G7 or UG)<\/li>\n<li>Generation 6 (G6)<\/li>\n<li>Generation 5 (G5)<\/li>\n<li>Generation 4 (G4)<\/li>\n<li>Generation 3 (G3)<\/li>\n<\/ul>\n<h2>Anello di tolleranza Kirby: una soluzione innovativa per gli accoppiamenti meccanici<\/h2>\n<p>L&#8217;<strong>anello di tolleranza<\/strong> \u00e8 un componente essenziale che aumenta significativamente l&#8217;affidabilit\u00e0 e le prestazioni dei sistemi meccanici. Questo prodotto innovativo \u00e8 costituito da una striscia metallica ondulata e funge da interfaccia tra due oggetti meccanici. In molte applicazioni, viene utilizzato specificamente per collegare saldamente il cuscinetto posteriore alla parte posteriore dell&#8217;alloggiamento del motore.<\/p>\n<p>Trova tutte le <a href=\"https:\/\/www.veltec.eu\/it\/kirby-parti-motore\/\">parti del motore Kirby<\/a> qui<\/p>\n<h3>Perch\u00e9 scegliere un anello di tolleranza?<\/h3>\n<p>L&#8217;anello di tolleranza offre diversi vantaggi agli ingegneri e ai produttori che cercano di ottenere prestazioni ottimali:<\/p>\n<ul>\n<li><strong>Collegamento duraturo<\/strong>: grazie al design unico della striscia metallica, l&#8217;anello garantisce un collegamento solido e affidabile.<\/li>\n<li><strong>Assorbimento degli urti<\/strong>: la struttura ondulata funge da ammortizzatore e riduce le vibrazioni meccaniche e gli urti.<\/li>\n<li><strong>Facilit\u00e0 di installazione<\/strong>: L&#8217;uso di un anello di tolleranza elimina la necessit\u00e0 di complessi processi di assemblaggio.<\/li>\n<li><strong>Flessibilit\u00e0<\/strong>: \u00e8 adatto a varie applicazioni in sistemi meccanici di piccole e grandi dimensioni.<\/li>\n<\/ul>\n<h3>Come funziona l&#8217;anello?<\/h3>\n<p>L&#8217;anello di tolleranza \u00e8 progettato strategicamente per creare una quantit\u00e0 controllata di attrito e pressione tra due parti. Una volta assemblato, l&#8217;anello viene posizionato tra il cuscinetto posteriore e la parte posteriore dell&#8217;alloggiamento del motore. La struttura ondulata dell&#8217;anello garantisce un accoppiamento preciso e consente di superare le lievi tolleranze delle parti.<\/p>\n<h4>Vantaggi nelle applicazioni:<\/h4>\n<ol>\n<li><strong>Riduce l&#8217;usura<\/strong>: distribuendo uniformemente la pressione, le parti hanno meno probabilit\u00e0 di deteriorarsi.<\/li>\n<li><strong>Aumenta la durata<\/strong>: maggiore durata del cuscinetto e dell&#8217;alloggiamento del motore.<\/li>\n<li><strong>Migliora le prestazioni<\/strong>: Minore perdita di energia grazie a un trasferimento efficiente delle forze.<\/li>\n<\/ol>\n<h3>Applicazioni dell&#8217;anello di tolleranza<\/h3>\n<p>L&#8217;anello di tolleranza \u00e8 ampiamente utilizzato in:<\/p>\n<ul>\n<li><strong>Sistemi automobilistici<\/strong>: Per l&#8217;accoppiamento di cuscinetti e alberi.<\/li>\n<li><strong>Motori elettrici<\/strong>: Per ridurre al minimo le vibrazioni e l&#8217;usura.<\/li>\n<li><strong>Elettronica di consumo<\/strong>: per connessioni precise e compatte.<\/li>\n<\/ul>\n<p>Scegliete l&#8217;anello di tolleranza Kirby se cercate una soluzione affidabile e duratura per i vostri accoppiamenti meccanici. <strong>Ottimizzate i vostri sistemi oggi stesso!<\/strong><\/p>\n","protected":false},"excerpt":{"rendered":"<p>Anello di tolleranza Kirby<\/p>\n[trustindex data-widget-id=de4365f24f22281a6b165ed75b0]\n<h3><span style=\"color: #008000;\"><br \/>\nIn magazzino<\/span><\/h3>\n[av_font_icon icon='ue812' font='entypo-fontello' style='' caption='' size='25px' position='left' color='#43ad66' link='' linktarget='' title_attr='' sonar_effect_effect='' sonar_effect_color='' sonar_effect_duration='1' sonar_effect_scale='' sonar_effect_opac='0.5' animation='' id='' custom_class='' template_class='' av_uid='' sc_version='1.0' admin_preview_bg=''][\/av_font_icon]\n<p><span style=\"color: #008000;\">Ordinato prima della 23:59, spedito domani<\/span><\/p>\n<p>&nbsp;<\/p>\n","protected":false},"featured_media":91587,"comment_status":"open","ping_status":"closed","template":"","meta":[],"product_brand":[],"product_cat":[361],"product_tag":[],"class_list":{"0":"post-11666","1":"product","2":"type-product","3":"status-publish","4":"has-post-thumbnail","6":"product_cat-kirby-parti-motore","7":"product_shipping_class-klein-it","9":"first","10":"instock","11":"taxable","12":"shipping-taxable","13":"purchasable","14":"product-type-simple"},"yoast_head":"<!-- This site is optimized with the Yoast SEO Premium plugin v27.1 (Yoast SEO v27.4) - https:\/\/yoast.com\/product\/yoast-seo-premium-wordpress\/ -->\n<title>Anello di tolleranza Kirby - Veltec Kirby specialist<\/title>\n<meta name=\"description\" content=\"Anello di tolleranza Kirby - Veltec \u00e8 il fornitore delle aspirapolveri Kirby da oltre 25 anni. Ed \u00e8 il tuo fidato specialista del servizio Kirby.\" \/>\n<meta name=\"robots\" content=\"index, follow, max-snippet:-1, max-image-preview:large, max-video-preview:-1\" \/>\n<link rel=\"canonical\" href=\"https:\/\/www.veltec.eu\/it\/product\/anello-di-tolleranza-kirby\/\" \/>\n<meta property=\"og:locale\" content=\"it_IT\" \/>\n<meta property=\"og:type\" content=\"article\" \/>\n<meta property=\"og:title\" content=\"Anello di tolleranza Kirby\" \/>\n<meta property=\"og:description\" content=\"Anello di tolleranza Kirby    In magazzino   Ordinato prima della 23:59, spedito domani  &nbsp;\" \/>\n<meta property=\"og:url\" content=\"https:\/\/www.veltec.eu\/it\/product\/anello-di-tolleranza-kirby\/\" \/>\n<meta property=\"og:site_name\" content=\"Veltec Kirby specialist\" \/>\n<meta property=\"article:publisher\" content=\"https:\/\/www.facebook.com\/Veltec-Kirby-Specialist-236746293374877\/\" \/>\n<meta property=\"article:modified_time\" content=\"2024-12-10T09:07:03+00:00\" \/>\n<meta property=\"og:image\" content=\"https:\/\/www.veltec.eu\/wp-content\/uploads\/2018\/10\/dsc0859.jpg\" \/>\n\t<meta property=\"og:image:width\" content=\"300\" \/>\n\t<meta property=\"og:image:height\" content=\"300\" \/>\n\t<meta property=\"og:image:type\" content=\"image\/jpeg\" \/>\n<meta name=\"twitter:card\" content=\"summary_large_image\" \/>\n<meta name=\"twitter:label1\" content=\"Tempo di lettura stimato\" \/>\n\t<meta name=\"twitter:data1\" content=\"2 minuti\" \/>\n<script type=\"application\/ld+json\" class=\"yoast-schema-graph\">{\"@context\":\"https:\\\/\\\/schema.org\",\"@graph\":[{\"@type\":\"WebPage\",\"@id\":\"https:\\\/\\\/www.veltec.eu\\\/it\\\/product\\\/anello-di-tolleranza-kirby\\\/\",\"url\":\"https:\\\/\\\/www.veltec.eu\\\/it\\\/product\\\/anello-di-tolleranza-kirby\\\/\",\"name\":\"Anello di tolleranza Kirby - Veltec Kirby specialist\",\"isPartOf\":{\"@id\":\"https:\\\/\\\/www.veltec.eu\\\/en\\\/#website\"},\"primaryImageOfPage\":{\"@id\":\"https:\\\/\\\/www.veltec.eu\\\/it\\\/product\\\/anello-di-tolleranza-kirby\\\/#primaryimage\"},\"image\":{\"@id\":\"https:\\\/\\\/www.veltec.eu\\\/it\\\/product\\\/anello-di-tolleranza-kirby\\\/#primaryimage\"},\"thumbnailUrl\":\"https:\\\/\\\/www.veltec.eu\\\/wp-content\\\/uploads\\\/2018\\\/10\\\/Kirby-tolerance-ring.jpg\",\"datePublished\":\"2018-10-18T14:04:56+00:00\",\"dateModified\":\"2024-12-10T09:07:03+00:00\",\"description\":\"Anello di tolleranza Kirby - Veltec \u00e8 il fornitore delle aspirapolveri Kirby da oltre 25 anni. Ed \u00e8 il tuo fidato specialista del servizio Kirby.\",\"breadcrumb\":{\"@id\":\"https:\\\/\\\/www.veltec.eu\\\/it\\\/product\\\/anello-di-tolleranza-kirby\\\/#breadcrumb\"},\"inLanguage\":\"it-IT\",\"potentialAction\":[{\"@type\":\"ReadAction\",\"target\":[\"https:\\\/\\\/www.veltec.eu\\\/it\\\/product\\\/anello-di-tolleranza-kirby\\\/\"]}]},{\"@type\":\"ImageObject\",\"inLanguage\":\"it-IT\",\"@id\":\"https:\\\/\\\/www.veltec.eu\\\/it\\\/product\\\/anello-di-tolleranza-kirby\\\/#primaryimage\",\"url\":\"https:\\\/\\\/www.veltec.eu\\\/wp-content\\\/uploads\\\/2018\\\/10\\\/Kirby-tolerance-ring.jpg\",\"contentUrl\":\"https:\\\/\\\/www.veltec.eu\\\/wp-content\\\/uploads\\\/2018\\\/10\\\/Kirby-tolerance-ring.jpg\",\"width\":600,\"height\":600},{\"@type\":\"BreadcrumbList\",\"@id\":\"https:\\\/\\\/www.veltec.eu\\\/it\\\/product\\\/anello-di-tolleranza-kirby\\\/#breadcrumb\",\"itemListElement\":[{\"@type\":\"ListItem\",\"position\":1,\"name\":\"Home\",\"item\":\"https:\\\/\\\/www.veltec.eu\\\/it\\\/\"},{\"@type\":\"ListItem\",\"position\":2,\"name\":\"Produits\",\"item\":\"https:\\\/\\\/www.veltec.eu\\\/fr\\\/shop\\\/\"},{\"@type\":\"ListItem\",\"position\":3,\"name\":\"Anello di tolleranza Kirby\"}]},{\"@type\":\"WebSite\",\"@id\":\"https:\\\/\\\/www.veltec.eu\\\/en\\\/#website\",\"url\":\"https:\\\/\\\/www.veltec.eu\\\/en\\\/\",\"name\":\"Veltec Kirby specialist\",\"description\":\"Kirby stofzuiger producten\",\"publisher\":{\"@id\":\"https:\\\/\\\/www.veltec.eu\\\/en\\\/#organization\"},\"potentialAction\":[{\"@type\":\"SearchAction\",\"target\":{\"@type\":\"EntryPoint\",\"urlTemplate\":\"https:\\\/\\\/www.veltec.eu\\\/en\\\/?s={search_term_string}\"},\"query-input\":{\"@type\":\"PropertyValueSpecification\",\"valueRequired\":true,\"valueName\":\"search_term_string\"}}],\"inLanguage\":\"it-IT\"},{\"@type\":\"Organization\",\"@id\":\"https:\\\/\\\/www.veltec.eu\\\/en\\\/#organization\",\"name\":\"Veltec Kirby Specialist\",\"url\":\"https:\\\/\\\/www.veltec.eu\\\/en\\\/\",\"logo\":{\"@type\":\"ImageObject\",\"inLanguage\":\"it-IT\",\"@id\":\"https:\\\/\\\/www.veltec.eu\\\/en\\\/#\\\/schema\\\/logo\\\/image\\\/\",\"url\":\"https:\\\/\\\/www.veltec.eu\\\/wp-content\\\/uploads\\\/2021\\\/12\\\/Veltec-log-groot-e1537260889125.png\",\"contentUrl\":\"https:\\\/\\\/www.veltec.eu\\\/wp-content\\\/uploads\\\/2021\\\/12\\\/Veltec-log-groot-e1537260889125.png\",\"width\":200,\"height\":60,\"caption\":\"Veltec Kirby Specialist\"},\"image\":{\"@id\":\"https:\\\/\\\/www.veltec.eu\\\/en\\\/#\\\/schema\\\/logo\\\/image\\\/\"},\"sameAs\":[\"https:\\\/\\\/www.facebook.com\\\/Veltec-Kirby-Specialist-236746293374877\\\/\",\"https:\\\/\\\/www.youtube.com\\\/user\\\/VeltecService\"]}]}<\/script>\n<!-- \/ Yoast SEO Premium plugin. -->","yoast_head_json":{"title":"Anello di tolleranza Kirby - Veltec Kirby specialist","description":"Anello di tolleranza Kirby - Veltec \u00e8 il fornitore delle aspirapolveri Kirby da oltre 25 anni. Ed \u00e8 il tuo fidato specialista del servizio Kirby.","robots":{"index":"index","follow":"follow","max-snippet":"max-snippet:-1","max-image-preview":"max-image-preview:large","max-video-preview":"max-video-preview:-1"},"canonical":"https:\/\/www.veltec.eu\/it\/product\/anello-di-tolleranza-kirby\/","og_locale":"it_IT","og_type":"article","og_title":"Anello di tolleranza Kirby","og_description":"Anello di tolleranza Kirby    In magazzino   Ordinato prima della 23:59, spedito domani  &nbsp;","og_url":"https:\/\/www.veltec.eu\/it\/product\/anello-di-tolleranza-kirby\/","og_site_name":"Veltec Kirby specialist","article_publisher":"https:\/\/www.facebook.com\/Veltec-Kirby-Specialist-236746293374877\/","article_modified_time":"2024-12-10T09:07:03+00:00","og_image":[{"width":300,"height":300,"url":"https:\/\/www.veltec.eu\/wp-content\/uploads\/2018\/10\/dsc0859.jpg","type":"image\/jpeg"}],"twitter_card":"summary_large_image","twitter_misc":{"Tempo di lettura stimato":"2 minuti"},"schema":{"@context":"https:\/\/schema.org","@graph":[{"@type":"WebPage","@id":"https:\/\/www.veltec.eu\/it\/product\/anello-di-tolleranza-kirby\/","url":"https:\/\/www.veltec.eu\/it\/product\/anello-di-tolleranza-kirby\/","name":"Anello di tolleranza Kirby - Veltec Kirby specialist","isPartOf":{"@id":"https:\/\/www.veltec.eu\/en\/#website"},"primaryImageOfPage":{"@id":"https:\/\/www.veltec.eu\/it\/product\/anello-di-tolleranza-kirby\/#primaryimage"},"image":{"@id":"https:\/\/www.veltec.eu\/it\/product\/anello-di-tolleranza-kirby\/#primaryimage"},"thumbnailUrl":"https:\/\/www.veltec.eu\/wp-content\/uploads\/2018\/10\/Kirby-tolerance-ring.jpg","datePublished":"2018-10-18T14:04:56+00:00","dateModified":"2024-12-10T09:07:03+00:00","description":"Anello di tolleranza Kirby - Veltec \u00e8 il fornitore delle aspirapolveri Kirby da oltre 25 anni. Ed \u00e8 il tuo fidato specialista del servizio Kirby.","breadcrumb":{"@id":"https:\/\/www.veltec.eu\/it\/product\/anello-di-tolleranza-kirby\/#breadcrumb"},"inLanguage":"it-IT","potentialAction":[{"@type":"ReadAction","target":["https:\/\/www.veltec.eu\/it\/product\/anello-di-tolleranza-kirby\/"]}]},{"@type":"ImageObject","inLanguage":"it-IT","@id":"https:\/\/www.veltec.eu\/it\/product\/anello-di-tolleranza-kirby\/#primaryimage","url":"https:\/\/www.veltec.eu\/wp-content\/uploads\/2018\/10\/Kirby-tolerance-ring.jpg","contentUrl":"https:\/\/www.veltec.eu\/wp-content\/uploads\/2018\/10\/Kirby-tolerance-ring.jpg","width":600,"height":600},{"@type":"BreadcrumbList","@id":"https:\/\/www.veltec.eu\/it\/product\/anello-di-tolleranza-kirby\/#breadcrumb","itemListElement":[{"@type":"ListItem","position":1,"name":"Home","item":"https:\/\/www.veltec.eu\/it\/"},{"@type":"ListItem","position":2,"name":"Produits","item":"https:\/\/www.veltec.eu\/fr\/shop\/"},{"@type":"ListItem","position":3,"name":"Anello di tolleranza Kirby"}]},{"@type":"WebSite","@id":"https:\/\/www.veltec.eu\/en\/#website","url":"https:\/\/www.veltec.eu\/en\/","name":"Veltec Kirby specialist","description":"Kirby stofzuiger producten","publisher":{"@id":"https:\/\/www.veltec.eu\/en\/#organization"},"potentialAction":[{"@type":"SearchAction","target":{"@type":"EntryPoint","urlTemplate":"https:\/\/www.veltec.eu\/en\/?s={search_term_string}"},"query-input":{"@type":"PropertyValueSpecification","valueRequired":true,"valueName":"search_term_string"}}],"inLanguage":"it-IT"},{"@type":"Organization","@id":"https:\/\/www.veltec.eu\/en\/#organization","name":"Veltec Kirby Specialist","url":"https:\/\/www.veltec.eu\/en\/","logo":{"@type":"ImageObject","inLanguage":"it-IT","@id":"https:\/\/www.veltec.eu\/en\/#\/schema\/logo\/image\/","url":"https:\/\/www.veltec.eu\/wp-content\/uploads\/2021\/12\/Veltec-log-groot-e1537260889125.png","contentUrl":"https:\/\/www.veltec.eu\/wp-content\/uploads\/2021\/12\/Veltec-log-groot-e1537260889125.png","width":200,"height":60,"caption":"Veltec Kirby Specialist"},"image":{"@id":"https:\/\/www.veltec.eu\/en\/#\/schema\/logo\/image\/"},"sameAs":["https:\/\/www.facebook.com\/Veltec-Kirby-Specialist-236746293374877\/","https:\/\/www.youtube.com\/user\/VeltecService"]}]}},"_links":{"self":[{"href":"https:\/\/www.veltec.eu\/it\/wp-json\/wp\/v2\/product\/11666","targetHints":{"allow":["GET"]}}],"collection":[{"href":"https:\/\/www.veltec.eu\/it\/wp-json\/wp\/v2\/product"}],"about":[{"href":"https:\/\/www.veltec.eu\/it\/wp-json\/wp\/v2\/types\/product"}],"replies":[{"embeddable":true,"href":"https:\/\/www.veltec.eu\/it\/wp-json\/wp\/v2\/comments?post=11666"}],"wp:featuredmedia":[{"embeddable":true,"href":"https:\/\/www.veltec.eu\/it\/wp-json\/wp\/v2\/media\/91587"}],"wp:attachment":[{"href":"https:\/\/www.veltec.eu\/it\/wp-json\/wp\/v2\/media?parent=11666"}],"wp:term":[{"taxonomy":"product_brand","embeddable":true,"href":"https:\/\/www.veltec.eu\/it\/wp-json\/wp\/v2\/product_brand?post=11666"},{"taxonomy":"product_cat","embeddable":true,"href":"https:\/\/www.veltec.eu\/it\/wp-json\/wp\/v2\/product_cat?post=11666"},{"taxonomy":"product_tag","embeddable":true,"href":"https:\/\/www.veltec.eu\/it\/wp-json\/wp\/v2\/product_tag?post=11666"}],"curies":[{"name":"wp","href":"https:\/\/api.w.org\/{rel}","templated":true}]}}