{"id":11651,"date":"2018-10-18T16:16:32","date_gmt":"2018-10-18T14:16:32","guid":{"rendered":"https:\/\/www.veltec.eu\/kirby-webshop\/schroef-kirby-motorhuis-nl980066\/"},"modified":"2024-12-10T10:46:57","modified_gmt":"2024-12-10T08:46:57","slug":"portaspazzole-kirby-scocca-motore-2x-nl980066","status":"publish","type":"product","link":"https:\/\/www.veltec.eu\/it\/product\/portaspazzole-kirby-scocca-motore-2x-nl980066\/","title":{"rendered":"Portaspazzole kirby scocca motore 2x"},"content":{"rendered":"<h1>Portaspazzole kirby scocca motore 2x<\/h1>\n<p>Portaspazzole kirby scocca motore (2x)<\/p>\n<p><strong>Questo prodotto \u00e8 adatto per i tipi:<\/strong><\/p>\n<ul>\n<li>Avalir Platinum<\/li>\n<li>Avalir 2<\/li>\n<li>Avalir 1<\/li>\n<li>Sentria 2 (G10D)<\/li>\n<li>Sentria 1 (G10)<\/li>\n<li>Ultimate G Diamond Ed.(G7D or DE)<\/li>\n<li>Ultimate G (G7 or UG)<\/li>\n<li>Generation 6 (G6)<\/li>\n<li>Generation 5 (G5)<\/li>\n<li>Generation 4 (G4)<\/li>\n<li>Generation 3 (G3)<\/li>\n<\/ul>\n<h2>Portaspazzole kirby scocca motore 2x &#8211; Attacco affidabile per il vostro aspirapolvere Kirby<\/h2>\n<p>Chi possiede un aspirapolvere Kirby sa quanto sia importante mantenere il proprio apparecchio in ottime condizioni. Con la Portaspazzole kirby scocca motore\u00a0si assicura un collegamento solido e duraturo tra l&#8217;alloggiamento del motore e l&#8217;alloggiamento del vostro aspirapolvere Kirby. Questo set, composto da due viti Torx di alta qualit\u00e0, \u00e8 adatto per ogni tipo di aspirapolvere Kirby. Sia che si tratti di piccole riparazioni o di manutenzione preventiva, queste viti sono un&#8217;aggiunta indispensabile alla vostra cassetta degli attrezzi.<\/p>\n<p>Qui troverete tutte le <a href=\"https:\/\/www.veltec.eu\/it\/kirby-parti-motore\/\">parti del motore Kirby<\/a><\/p>\n<h3>Perch\u00e9 scegliere Portaspazzole kirby scocca motore 2x?<\/h3>\n<p>Portaspazzole kirby scocca motore offre tutto ci\u00f2 che cercate in un pezzo di ricambio: affidabilit\u00e0, compatibilit\u00e0 e facilit\u00e0 di installazione. L&#8217;uso di materiali di alta qualit\u00e0 garantisce una lunga durata, anche in caso di uso intensivo del vostro aspirapolvere. Grazie alla testa Torx, potete contare su una presa salda durante il serraggio, mantenendo l&#8217;alloggiamento del motore saldamente in posizione.<\/p>\n<p>Con queste viti si evitano parti allentate o vibrazioni che potrebbero compromettere le prestazioni del vostro aspirapolvere. Questo le rende ideali per chi vuole ottimizzare le prestazioni del proprio aspirapolvere Kirby.<\/p>\n<h3>Adatto a qualsiasi tipo di aspirapolvere Kirby<\/h3>\n<p>Uno dei maggiori vantaggi dell&#8217;<strong>alloggiamento del motore a vite 2x<\/strong> \u00e8 la sua compatibilit\u00e0 universale. Indipendentemente dal modello Kirby posseduto, queste viti si adattano perfettamente e offrono una soluzione solida. Questo le rende una scelta pratica sia per i vecchi modelli che per i pi\u00f9 recenti aspirapolvere Kirby.<\/p>\n<h3>Facili da usare e da installare<\/h3>\n<p>Anche se non avete esperienza tecnica, potete sostituire facilmente queste viti. Con un cacciavite Torx standard, il lavoro \u00e8 rapido. In questo modo si risparmia tempo e denaro per le riparazioni e si ha la sicurezza di poter eseguire la manutenzione da soli.<\/p>\n<h3>Ordinate oggi stesso la vostra Portaspazzole kirby scocca motore 2x<\/h3>\n<p>Non aspettate oltre e assicuratevi che il vostro aspirapolvere Kirby funzioni sempre in modo ottimale. La <strong>Vite alloggiamento motore 2x<\/strong> \u00e8 la scelta ideale per riparazioni durature e senza problemi. Aggiungete oggi stesso queste viti al vostro carrello e approfittate di una qualit\u00e0 affidabile!<\/p>\n","protected":false},"excerpt":{"rendered":"<p>Portaspazzole kirby scocca motore (2x)<\/p>\n[trustindex data-widget-id=de4365f24f22281a6b165ed75b0]\n<h3><span style=\"color: #008000;\"><br \/>\nIn magazzino<\/span><\/h3>\n[av_font_icon icon='ue812' font='entypo-fontello' style='' caption='' size='25px' position='left' color='#43ad66' link='' linktarget='' title_attr='' sonar_effect_effect='' sonar_effect_color='' sonar_effect_duration='1' sonar_effect_scale='' sonar_effect_opac='0.5' animation='' id='' custom_class='' template_class='' av_uid='' sc_version='1.0' admin_preview_bg=''][\/av_font_icon]\n<p><span style=\"color: #008000;\">Ordinato prima della 23:59, spedito domani<\/span><\/p>\n<p>&nbsp;<\/p>\n","protected":false},"featured_media":6711,"comment_status":"open","ping_status":"closed","template":"","meta":[],"product_brand":[],"product_cat":[361],"product_tag":[],"class_list":{"0":"post-11651","1":"product","2":"type-product","3":"status-publish","4":"has-post-thumbnail","6":"product_cat-kirby-parti-motore","7":"product_shipping_class-klein-it","9":"first","10":"instock","11":"taxable","12":"shipping-taxable","13":"purchasable","14":"product-type-simple"},"yoast_head":"<!-- This site is optimized with the Yoast SEO Premium plugin v27.1 (Yoast SEO v27.4) - https:\/\/yoast.com\/product\/yoast-seo-premium-wordpress\/ -->\n<title>Portaspazzole kirby scocca motore 2x - Veltec Kirby specialist<\/title>\n<meta name=\"description\" content=\"Portaspazzole kirby scocca motore 2x - Veltec \u00e8 il fornitore delle aspirapolveri Kirby da oltre 25 anni. Ed \u00e8 il tuo fidato specialista\" \/>\n<meta name=\"robots\" content=\"index, follow, max-snippet:-1, max-image-preview:large, max-video-preview:-1\" \/>\n<link rel=\"canonical\" href=\"https:\/\/www.veltec.eu\/it\/product\/portaspazzole-kirby-scocca-motore-2x-nl980066\/\" \/>\n<meta property=\"og:locale\" content=\"it_IT\" \/>\n<meta property=\"og:type\" content=\"article\" \/>\n<meta property=\"og:title\" content=\"Portaspazzole kirby scocca motore 2x\" \/>\n<meta property=\"og:description\" content=\"Portaspazzole kirby scocca motore (2x)    In magazzino   Ordinato prima della 23:59, spedito domani  &nbsp;\" \/>\n<meta property=\"og:url\" content=\"https:\/\/www.veltec.eu\/it\/product\/portaspazzole-kirby-scocca-motore-2x-nl980066\/\" \/>\n<meta property=\"og:site_name\" content=\"Veltec Kirby specialist\" \/>\n<meta property=\"article:publisher\" content=\"https:\/\/www.facebook.com\/Veltec-Kirby-Specialist-236746293374877\/\" \/>\n<meta property=\"article:modified_time\" content=\"2024-12-10T08:46:57+00:00\" \/>\n<meta property=\"og:image\" content=\"https:\/\/www.veltec.eu\/wp-content\/uploads\/2018\/10\/1060000-2.jpg\" \/>\n\t<meta property=\"og:image:width\" content=\"300\" \/>\n\t<meta property=\"og:image:height\" content=\"300\" \/>\n\t<meta property=\"og:image:type\" content=\"image\/jpeg\" \/>\n<meta name=\"twitter:card\" content=\"summary_large_image\" \/>\n<meta name=\"twitter:label1\" content=\"Tempo di lettura stimato\" \/>\n\t<meta name=\"twitter:data1\" content=\"3 minuti\" \/>\n<script type=\"application\/ld+json\" class=\"yoast-schema-graph\">{\"@context\":\"https:\\\/\\\/schema.org\",\"@graph\":[{\"@type\":\"WebPage\",\"@id\":\"https:\\\/\\\/www.veltec.eu\\\/it\\\/product\\\/portaspazzole-kirby-scocca-motore-2x-nl980066\\\/\",\"url\":\"https:\\\/\\\/www.veltec.eu\\\/it\\\/product\\\/portaspazzole-kirby-scocca-motore-2x-nl980066\\\/\",\"name\":\"Portaspazzole kirby scocca motore 2x - Veltec Kirby specialist\",\"isPartOf\":{\"@id\":\"https:\\\/\\\/www.veltec.eu\\\/en\\\/#website\"},\"primaryImageOfPage\":{\"@id\":\"https:\\\/\\\/www.veltec.eu\\\/it\\\/product\\\/portaspazzole-kirby-scocca-motore-2x-nl980066\\\/#primaryimage\"},\"image\":{\"@id\":\"https:\\\/\\\/www.veltec.eu\\\/it\\\/product\\\/portaspazzole-kirby-scocca-motore-2x-nl980066\\\/#primaryimage\"},\"thumbnailUrl\":\"https:\\\/\\\/www.veltec.eu\\\/wp-content\\\/uploads\\\/2018\\\/10\\\/1060000-2.jpg\",\"datePublished\":\"2018-10-18T14:16:32+00:00\",\"dateModified\":\"2024-12-10T08:46:57+00:00\",\"description\":\"Portaspazzole kirby scocca motore 2x - Veltec \u00e8 il fornitore delle aspirapolveri Kirby da oltre 25 anni. Ed \u00e8 il tuo fidato specialista\",\"breadcrumb\":{\"@id\":\"https:\\\/\\\/www.veltec.eu\\\/it\\\/product\\\/portaspazzole-kirby-scocca-motore-2x-nl980066\\\/#breadcrumb\"},\"inLanguage\":\"it-IT\",\"potentialAction\":[{\"@type\":\"ReadAction\",\"target\":[\"https:\\\/\\\/www.veltec.eu\\\/it\\\/product\\\/portaspazzole-kirby-scocca-motore-2x-nl980066\\\/\"]}]},{\"@type\":\"ImageObject\",\"inLanguage\":\"it-IT\",\"@id\":\"https:\\\/\\\/www.veltec.eu\\\/it\\\/product\\\/portaspazzole-kirby-scocca-motore-2x-nl980066\\\/#primaryimage\",\"url\":\"https:\\\/\\\/www.veltec.eu\\\/wp-content\\\/uploads\\\/2018\\\/10\\\/1060000-2.jpg\",\"contentUrl\":\"https:\\\/\\\/www.veltec.eu\\\/wp-content\\\/uploads\\\/2018\\\/10\\\/1060000-2.jpg\",\"width\":300,\"height\":300,\"caption\":\"Portaspazzole kirby scocca motore 2x\"},{\"@type\":\"BreadcrumbList\",\"@id\":\"https:\\\/\\\/www.veltec.eu\\\/it\\\/product\\\/portaspazzole-kirby-scocca-motore-2x-nl980066\\\/#breadcrumb\",\"itemListElement\":[{\"@type\":\"ListItem\",\"position\":1,\"name\":\"Home\",\"item\":\"https:\\\/\\\/www.veltec.eu\\\/it\\\/\"},{\"@type\":\"ListItem\",\"position\":2,\"name\":\"Kirby Shop\",\"item\":\"https:\\\/\\\/www.veltec.eu\\\/nl\\\/shop-page\\\/\"},{\"@type\":\"ListItem\",\"position\":3,\"name\":\"Portaspazzole kirby scocca motore 2x\"}]},{\"@type\":\"WebSite\",\"@id\":\"https:\\\/\\\/www.veltec.eu\\\/en\\\/#website\",\"url\":\"https:\\\/\\\/www.veltec.eu\\\/en\\\/\",\"name\":\"Veltec Kirby specialist\",\"description\":\"Kirby stofzuiger producten\",\"publisher\":{\"@id\":\"https:\\\/\\\/www.veltec.eu\\\/en\\\/#organization\"},\"potentialAction\":[{\"@type\":\"SearchAction\",\"target\":{\"@type\":\"EntryPoint\",\"urlTemplate\":\"https:\\\/\\\/www.veltec.eu\\\/en\\\/?s={search_term_string}\"},\"query-input\":{\"@type\":\"PropertyValueSpecification\",\"valueRequired\":true,\"valueName\":\"search_term_string\"}}],\"inLanguage\":\"it-IT\"},{\"@type\":\"Organization\",\"@id\":\"https:\\\/\\\/www.veltec.eu\\\/en\\\/#organization\",\"name\":\"Veltec Kirby Specialist\",\"url\":\"https:\\\/\\\/www.veltec.eu\\\/en\\\/\",\"logo\":{\"@type\":\"ImageObject\",\"inLanguage\":\"it-IT\",\"@id\":\"https:\\\/\\\/www.veltec.eu\\\/en\\\/#\\\/schema\\\/logo\\\/image\\\/\",\"url\":\"https:\\\/\\\/www.veltec.eu\\\/wp-content\\\/uploads\\\/2021\\\/12\\\/Veltec-log-groot-e1537260889125.png\",\"contentUrl\":\"https:\\\/\\\/www.veltec.eu\\\/wp-content\\\/uploads\\\/2021\\\/12\\\/Veltec-log-groot-e1537260889125.png\",\"width\":200,\"height\":60,\"caption\":\"Veltec Kirby Specialist\"},\"image\":{\"@id\":\"https:\\\/\\\/www.veltec.eu\\\/en\\\/#\\\/schema\\\/logo\\\/image\\\/\"},\"sameAs\":[\"https:\\\/\\\/www.facebook.com\\\/Veltec-Kirby-Specialist-236746293374877\\\/\",\"https:\\\/\\\/www.youtube.com\\\/user\\\/VeltecService\"]}]}<\/script>\n<!-- \/ Yoast SEO Premium plugin. -->","yoast_head_json":{"title":"Portaspazzole kirby scocca motore 2x - Veltec Kirby specialist","description":"Portaspazzole kirby scocca motore 2x - Veltec \u00e8 il fornitore delle aspirapolveri Kirby da oltre 25 anni. Ed \u00e8 il tuo fidato specialista","robots":{"index":"index","follow":"follow","max-snippet":"max-snippet:-1","max-image-preview":"max-image-preview:large","max-video-preview":"max-video-preview:-1"},"canonical":"https:\/\/www.veltec.eu\/it\/product\/portaspazzole-kirby-scocca-motore-2x-nl980066\/","og_locale":"it_IT","og_type":"article","og_title":"Portaspazzole kirby scocca motore 2x","og_description":"Portaspazzole kirby scocca motore (2x)    In magazzino   Ordinato prima della 23:59, spedito domani  &nbsp;","og_url":"https:\/\/www.veltec.eu\/it\/product\/portaspazzole-kirby-scocca-motore-2x-nl980066\/","og_site_name":"Veltec Kirby specialist","article_publisher":"https:\/\/www.facebook.com\/Veltec-Kirby-Specialist-236746293374877\/","article_modified_time":"2024-12-10T08:46:57+00:00","og_image":[{"width":300,"height":300,"url":"https:\/\/www.veltec.eu\/wp-content\/uploads\/2018\/10\/1060000-2.jpg","type":"image\/jpeg"}],"twitter_card":"summary_large_image","twitter_misc":{"Tempo di lettura stimato":"3 minuti"},"schema":{"@context":"https:\/\/schema.org","@graph":[{"@type":"WebPage","@id":"https:\/\/www.veltec.eu\/it\/product\/portaspazzole-kirby-scocca-motore-2x-nl980066\/","url":"https:\/\/www.veltec.eu\/it\/product\/portaspazzole-kirby-scocca-motore-2x-nl980066\/","name":"Portaspazzole kirby scocca motore 2x - Veltec Kirby specialist","isPartOf":{"@id":"https:\/\/www.veltec.eu\/en\/#website"},"primaryImageOfPage":{"@id":"https:\/\/www.veltec.eu\/it\/product\/portaspazzole-kirby-scocca-motore-2x-nl980066\/#primaryimage"},"image":{"@id":"https:\/\/www.veltec.eu\/it\/product\/portaspazzole-kirby-scocca-motore-2x-nl980066\/#primaryimage"},"thumbnailUrl":"https:\/\/www.veltec.eu\/wp-content\/uploads\/2018\/10\/1060000-2.jpg","datePublished":"2018-10-18T14:16:32+00:00","dateModified":"2024-12-10T08:46:57+00:00","description":"Portaspazzole kirby scocca motore 2x - Veltec \u00e8 il fornitore delle aspirapolveri Kirby da oltre 25 anni. Ed \u00e8 il tuo fidato specialista","breadcrumb":{"@id":"https:\/\/www.veltec.eu\/it\/product\/portaspazzole-kirby-scocca-motore-2x-nl980066\/#breadcrumb"},"inLanguage":"it-IT","potentialAction":[{"@type":"ReadAction","target":["https:\/\/www.veltec.eu\/it\/product\/portaspazzole-kirby-scocca-motore-2x-nl980066\/"]}]},{"@type":"ImageObject","inLanguage":"it-IT","@id":"https:\/\/www.veltec.eu\/it\/product\/portaspazzole-kirby-scocca-motore-2x-nl980066\/#primaryimage","url":"https:\/\/www.veltec.eu\/wp-content\/uploads\/2018\/10\/1060000-2.jpg","contentUrl":"https:\/\/www.veltec.eu\/wp-content\/uploads\/2018\/10\/1060000-2.jpg","width":300,"height":300,"caption":"Portaspazzole kirby scocca motore 2x"},{"@type":"BreadcrumbList","@id":"https:\/\/www.veltec.eu\/it\/product\/portaspazzole-kirby-scocca-motore-2x-nl980066\/#breadcrumb","itemListElement":[{"@type":"ListItem","position":1,"name":"Home","item":"https:\/\/www.veltec.eu\/it\/"},{"@type":"ListItem","position":2,"name":"Kirby Shop","item":"https:\/\/www.veltec.eu\/nl\/shop-page\/"},{"@type":"ListItem","position":3,"name":"Portaspazzole kirby scocca motore 2x"}]},{"@type":"WebSite","@id":"https:\/\/www.veltec.eu\/en\/#website","url":"https:\/\/www.veltec.eu\/en\/","name":"Veltec Kirby specialist","description":"Kirby stofzuiger producten","publisher":{"@id":"https:\/\/www.veltec.eu\/en\/#organization"},"potentialAction":[{"@type":"SearchAction","target":{"@type":"EntryPoint","urlTemplate":"https:\/\/www.veltec.eu\/en\/?s={search_term_string}"},"query-input":{"@type":"PropertyValueSpecification","valueRequired":true,"valueName":"search_term_string"}}],"inLanguage":"it-IT"},{"@type":"Organization","@id":"https:\/\/www.veltec.eu\/en\/#organization","name":"Veltec Kirby Specialist","url":"https:\/\/www.veltec.eu\/en\/","logo":{"@type":"ImageObject","inLanguage":"it-IT","@id":"https:\/\/www.veltec.eu\/en\/#\/schema\/logo\/image\/","url":"https:\/\/www.veltec.eu\/wp-content\/uploads\/2021\/12\/Veltec-log-groot-e1537260889125.png","contentUrl":"https:\/\/www.veltec.eu\/wp-content\/uploads\/2021\/12\/Veltec-log-groot-e1537260889125.png","width":200,"height":60,"caption":"Veltec Kirby Specialist"},"image":{"@id":"https:\/\/www.veltec.eu\/en\/#\/schema\/logo\/image\/"},"sameAs":["https:\/\/www.facebook.com\/Veltec-Kirby-Specialist-236746293374877\/","https:\/\/www.youtube.com\/user\/VeltecService"]}]}},"_links":{"self":[{"href":"https:\/\/www.veltec.eu\/it\/wp-json\/wp\/v2\/product\/11651","targetHints":{"allow":["GET"]}}],"collection":[{"href":"https:\/\/www.veltec.eu\/it\/wp-json\/wp\/v2\/product"}],"about":[{"href":"https:\/\/www.veltec.eu\/it\/wp-json\/wp\/v2\/types\/product"}],"replies":[{"embeddable":true,"href":"https:\/\/www.veltec.eu\/it\/wp-json\/wp\/v2\/comments?post=11651"}],"wp:featuredmedia":[{"embeddable":true,"href":"https:\/\/www.veltec.eu\/it\/wp-json\/wp\/v2\/media\/6711"}],"wp:attachment":[{"href":"https:\/\/www.veltec.eu\/it\/wp-json\/wp\/v2\/media?parent=11651"}],"wp:term":[{"taxonomy":"product_brand","embeddable":true,"href":"https:\/\/www.veltec.eu\/it\/wp-json\/wp\/v2\/product_brand?post=11651"},{"taxonomy":"product_cat","embeddable":true,"href":"https:\/\/www.veltec.eu\/it\/wp-json\/wp\/v2\/product_cat?post=11651"},{"taxonomy":"product_tag","embeddable":true,"href":"https:\/\/www.veltec.eu\/it\/wp-json\/wp\/v2\/product_tag?post=11651"}],"curies":[{"name":"wp","href":"https:\/\/api.w.org\/{rel}","templated":true}]}}