{"id":11097,"date":"2018-10-19T15:11:38","date_gmt":"2018-10-19T13:11:38","guid":{"rendered":"https:\/\/www.veltec.eu\/kirby-webshop\/kirby-contenitore-accessori-nl3083\/"},"modified":"2026-02-24T09:12:51","modified_gmt":"2026-02-24T07:12:51","slug":"kirby-contenitore-accessori-nl3083","status":"publish","type":"product","link":"https:\/\/www.veltec.eu\/it\/product\/kirby-contenitore-accessori-nl3083\/","title":{"rendered":"Kirby Contenitore Accessori"},"content":{"rendered":"<h1 data-start=\"174\" data-end=\"243\">Kirby Contenitore Accessori \u2013 Organizzazione perfetta per tutti i tuoi accessori Kirby<\/h1>\n<p data-start=\"245\" data-end=\"523\">Il Kirby Contenitore Accessori \u00e8 la soluzione ideale per chiunque desideri riporre i propri accessori Kirby in modo ordinato e organizzato. Grazie al suo design robusto e alla possibilit\u00e0 di fissarlo alla parete, potrai creare pi\u00f9 spazio e tenere i tuoi accessori per la pulizia sempre a portata di mano.<\/p>\n<h2 data-start=\"525\" data-end=\"566\">Perch\u00e9 scegliere il Kirby Contenitore Accessori?<\/h2>\n<p data-start=\"568\" data-end=\"969\">Quando utilizzi un Kirby contenitore accessori, unisci funzionalit\u00e0 e sostenibilit\u00e0. La plastica di alta qualit\u00e0 protegge tutti i tuoi accessori e garantisce una lunga durata. Inoltre, questa soluzione di archiviazione \u00e8 universalmente adatta a quasi tutti i modelli Kirby.<\/p>\n<h3 data-start=\"971\" data-end=\"992\">Resistente e durevole<\/h3>\n<p data-start=\"994\" data-end=\"1364\">Grazie al resistente materiale plastico, il contenitore \u00e8 in grado di resistere a un uso intensivo. Non dovrai quindi preoccuparti di usura o danni. Il contenitore Kirby protegge efficacemente i tuoi accessori, mantenendoli al sicuro e in ordine. Per consigli sulla manutenzione e l&#8217;assistenza, visita il nostro <a href=\"https:\/\/www.servizio-aspirapolvere-kirby.it\/il-blog\/\" target=\"_blank\" rel=\"noopener\">Servizio aspirapolvere Kirby.<\/a><\/p>\n<h3 data-start=\"1366\" data-end=\"1403\">Salvaspazio e ordinato<\/h3>\n<p data-start=\"1405\" data-end=\"1809\">Il pratico supporto a parete ti consente di sfruttare al meglio lo spazio disponibile. Appendi il contenitore alla parete del garage, dell&#8217;armadio delle pulizie o della lavanderia e mantieni libero il pavimento. Grazie al design intuitivo, puoi vedere a colpo d&#8217;occhio dove si trova ogni accessorio, rendendo le pulizie pi\u00f9 veloci ed efficienti. Dai un&#8217;occhiata anche ai nostri <a href=\"https:\/\/www.veltec.eu\/it\/kirby-accessori\/\" target=\"_blank\" rel=\"noopener\">accessori Kirby<\/a> per un set completo.<\/p>\n<h2 data-start=\"1811\" data-end=\"1847\">Facile montaggio e versatilit\u00e0<\/h2>\n<p data-start=\"1849\" data-end=\"2218\">L&#8217;installazione del Kirby contenitore accessori \u00e8 semplice e veloce. Il design con fori di fissaggio rende facile il montaggio, anche senza l&#8217;aiuto di un professionista. Inoltre, questo contenitore \u00e8 universalmente applicabile, rendendolo adatto a modelli come: Avalir Platinum, Avalir 2, Avalir 1, Sentria 2 (G10D), Sentria 1 (G10), Ultimate G Diamond Ed. (G7D o DE), Ultimate G (G7 o UG), Generation 6 (G6), Generation 5 (G5), Generation 4 (G4) e Generation 3 (G3).<\/p>\n<h3 data-start=\"2220\" data-end=\"2257\">Elegante e facile da pulire<\/h3>\n<p data-start=\"2259\" data-end=\"2560\">Oltre alla funzionalit\u00e0, il contenitore Kirby \u00e8 anche esteticamente gradevole. Il design lineare e moderno si adatta a qualsiasi ambiente e la plastica \u00e8 facile da pulire. In questo modo il contenitore rimane sempre pulito e fresco. Ci\u00f2 lo rende un complemento durevole e pratico per la tua attrezzatura per la pulizia.<\/p>\n<h2 data-start=\"2562\" data-end=\"2602\">Kirby Contenitore Accessori: la soluzione definitiva per riporre gli oggetti<\/h2>\n<p data-start=\"2604\" data-end=\"3008\">Il Kirby contenitore accessori offre tutto ci\u00f2 che serve per conservare gli accessori Kirby in modo sicuro, ordinato e a portata di mano. Grazie al materiale resistente, al design intelligente e alla possibilit\u00e0 di fissarlo alla parete, consente di risparmiare spazio e di mantenere efficiente la routine di pulizia. Investite oggi stesso in questa indispensabile soluzione di archiviazione e provate la comodit\u00e0 di un&#8217;esperienza di pulizia organizzata.<\/p>\n","protected":false},"excerpt":{"rendered":"<p>Il contenitore Kirby mantiene tutti i tuoi accessori Kirby in ordine e al sicuro. Facile da fissare alla parete, resistente e adatto a tutti i modelli.<\/p>\n[trustindex data-widget-id=de4365f24f22281a6b165ed75b0]\n<h3><span style=\"color: #008000;\"><br \/>\nIn magazzino<\/span><\/h3>\n[av_font_icon icon='ue812' font='entypo-fontello' style='' caption='' size='25px' position='left' color='#43ad66' link='' linktarget='' title_attr='' sonar_effect_effect='' sonar_effect_color='' sonar_effect_duration='1' sonar_effect_scale='' sonar_effect_opac='0.5' animation='' id='' custom_class='' template_class='' av_uid='' sc_version='1.0' admin_preview_bg=''][\/av_font_icon]\n<p><span style=\"color: #008000;\">Ordinato prima della 23:59, spedito domani<\/span><\/p>\n<p>&nbsp;<\/p>\n","protected":false},"featured_media":88224,"comment_status":"open","ping_status":"closed","template":"","meta":{"_acf_changed":false},"product_brand":[],"product_cat":[356],"product_tag":[],"class_list":{"0":"post-11097","1":"product","2":"type-product","3":"status-publish","4":"has-post-thumbnail","6":"product_cat-kirby-accessori","8":"first","9":"instock","10":"taxable","11":"shipping-taxable","12":"purchasable","13":"product-type-simple"},"acf":[],"yoast_head":"<!-- This site is optimized with the Yoast SEO Premium plugin v27.1 (Yoast SEO v27.4) - https:\/\/yoast.com\/product\/yoast-seo-premium-wordpress\/ -->\n<title>Kirby Contenitore Accessori \u2013 Accessori sicuri e ben organizzati<\/title>\n<meta name=\"description\" content=\"Kirby Contenitore Accessori - organizza tutti i tuoi accessori Kirby in modo sicuro e ordinato. Facile da fissare alla parete.\" \/>\n<meta name=\"robots\" content=\"index, follow, max-snippet:-1, max-image-preview:large, max-video-preview:-1\" \/>\n<link rel=\"canonical\" href=\"https:\/\/www.veltec.eu\/it\/product\/kirby-contenitore-accessori-nl3083\/\" \/>\n<meta property=\"og:locale\" content=\"it_IT\" \/>\n<meta property=\"og:type\" content=\"article\" \/>\n<meta property=\"og:title\" content=\"Kirby Contenitore Accessori\" \/>\n<meta property=\"og:description\" content=\"Il contenitore Kirby mantiene tutti i tuoi accessori Kirby in ordine e al sicuro. Facile da fissare alla parete, resistente e adatto a tutti i modelli.    In magazzino   Ordinato prima della 23:59, spedito domani  &nbsp;\" \/>\n<meta property=\"og:url\" content=\"https:\/\/www.veltec.eu\/it\/product\/kirby-contenitore-accessori-nl3083\/\" \/>\n<meta property=\"og:site_name\" content=\"Veltec Kirby specialist\" \/>\n<meta property=\"article:publisher\" content=\"https:\/\/www.facebook.com\/Veltec-Kirby-Specialist-236746293374877\/\" \/>\n<meta property=\"article:modified_time\" content=\"2026-02-24T07:12:51+00:00\" \/>\n<meta property=\"og:image\" content=\"https:\/\/www.veltec.eu\/wp-content\/uploads\/2018\/10\/Kirby-vacuum-storage-box.jpg\" \/>\n\t<meta property=\"og:image:width\" content=\"600\" \/>\n\t<meta property=\"og:image:height\" content=\"600\" \/>\n\t<meta property=\"og:image:type\" content=\"image\/jpeg\" \/>\n<meta name=\"twitter:card\" content=\"summary_large_image\" \/>\n<meta name=\"twitter:label1\" content=\"Tempo di lettura stimato\" \/>\n\t<meta name=\"twitter:data1\" content=\"3 minuti\" \/>\n<script type=\"application\/ld+json\" class=\"yoast-schema-graph\">{\"@context\":\"https:\\\/\\\/schema.org\",\"@graph\":[{\"@type\":\"WebPage\",\"@id\":\"https:\\\/\\\/www.veltec.eu\\\/it\\\/product\\\/kirby-contenitore-accessori-nl3083\\\/\",\"url\":\"https:\\\/\\\/www.veltec.eu\\\/it\\\/product\\\/kirby-contenitore-accessori-nl3083\\\/\",\"name\":\"Kirby Contenitore Accessori \u2013 Accessori sicuri e ben organizzati\",\"isPartOf\":{\"@id\":\"https:\\\/\\\/www.veltec.eu\\\/en\\\/#website\"},\"primaryImageOfPage\":{\"@id\":\"https:\\\/\\\/www.veltec.eu\\\/it\\\/product\\\/kirby-contenitore-accessori-nl3083\\\/#primaryimage\"},\"image\":{\"@id\":\"https:\\\/\\\/www.veltec.eu\\\/it\\\/product\\\/kirby-contenitore-accessori-nl3083\\\/#primaryimage\"},\"thumbnailUrl\":\"https:\\\/\\\/www.veltec.eu\\\/wp-content\\\/uploads\\\/2018\\\/10\\\/Kirby-vacuum-storage-box.jpg\",\"datePublished\":\"2018-10-19T13:11:38+00:00\",\"dateModified\":\"2026-02-24T07:12:51+00:00\",\"description\":\"Kirby Contenitore Accessori - organizza tutti i tuoi accessori Kirby in modo sicuro e ordinato. Facile da fissare alla parete.\",\"breadcrumb\":{\"@id\":\"https:\\\/\\\/www.veltec.eu\\\/it\\\/product\\\/kirby-contenitore-accessori-nl3083\\\/#breadcrumb\"},\"inLanguage\":\"it-IT\",\"potentialAction\":[{\"@type\":\"ReadAction\",\"target\":[\"https:\\\/\\\/www.veltec.eu\\\/it\\\/product\\\/kirby-contenitore-accessori-nl3083\\\/\"]}]},{\"@type\":\"ImageObject\",\"inLanguage\":\"it-IT\",\"@id\":\"https:\\\/\\\/www.veltec.eu\\\/it\\\/product\\\/kirby-contenitore-accessori-nl3083\\\/#primaryimage\",\"url\":\"https:\\\/\\\/www.veltec.eu\\\/wp-content\\\/uploads\\\/2018\\\/10\\\/Kirby-vacuum-storage-box.jpg\",\"contentUrl\":\"https:\\\/\\\/www.veltec.eu\\\/wp-content\\\/uploads\\\/2018\\\/10\\\/Kirby-vacuum-storage-box.jpg\",\"width\":600,\"height\":600},{\"@type\":\"BreadcrumbList\",\"@id\":\"https:\\\/\\\/www.veltec.eu\\\/it\\\/product\\\/kirby-contenitore-accessori-nl3083\\\/#breadcrumb\",\"itemListElement\":[{\"@type\":\"ListItem\",\"position\":1,\"name\":\"Home\",\"item\":\"https:\\\/\\\/www.veltec.eu\\\/it\\\/\"},{\"@type\":\"ListItem\",\"position\":2,\"name\":\"Kirby Shop\",\"item\":\"https:\\\/\\\/www.veltec.eu\\\/nl\\\/shop-page\\\/\"},{\"@type\":\"ListItem\",\"position\":3,\"name\":\"Kirby Contenitore Accessori\"}]},{\"@type\":\"WebSite\",\"@id\":\"https:\\\/\\\/www.veltec.eu\\\/en\\\/#website\",\"url\":\"https:\\\/\\\/www.veltec.eu\\\/en\\\/\",\"name\":\"Veltec Kirby specialist\",\"description\":\"Kirby stofzuiger producten\",\"publisher\":{\"@id\":\"https:\\\/\\\/www.veltec.eu\\\/en\\\/#organization\"},\"potentialAction\":[{\"@type\":\"SearchAction\",\"target\":{\"@type\":\"EntryPoint\",\"urlTemplate\":\"https:\\\/\\\/www.veltec.eu\\\/en\\\/?s={search_term_string}\"},\"query-input\":{\"@type\":\"PropertyValueSpecification\",\"valueRequired\":true,\"valueName\":\"search_term_string\"}}],\"inLanguage\":\"it-IT\"},{\"@type\":\"Organization\",\"@id\":\"https:\\\/\\\/www.veltec.eu\\\/en\\\/#organization\",\"name\":\"Veltec Kirby Specialist\",\"url\":\"https:\\\/\\\/www.veltec.eu\\\/en\\\/\",\"logo\":{\"@type\":\"ImageObject\",\"inLanguage\":\"it-IT\",\"@id\":\"https:\\\/\\\/www.veltec.eu\\\/en\\\/#\\\/schema\\\/logo\\\/image\\\/\",\"url\":\"https:\\\/\\\/www.veltec.eu\\\/wp-content\\\/uploads\\\/2021\\\/12\\\/Veltec-log-groot-e1537260889125.png\",\"contentUrl\":\"https:\\\/\\\/www.veltec.eu\\\/wp-content\\\/uploads\\\/2021\\\/12\\\/Veltec-log-groot-e1537260889125.png\",\"width\":200,\"height\":60,\"caption\":\"Veltec Kirby Specialist\"},\"image\":{\"@id\":\"https:\\\/\\\/www.veltec.eu\\\/en\\\/#\\\/schema\\\/logo\\\/image\\\/\"},\"sameAs\":[\"https:\\\/\\\/www.facebook.com\\\/Veltec-Kirby-Specialist-236746293374877\\\/\",\"https:\\\/\\\/www.youtube.com\\\/user\\\/VeltecService\"]}]}<\/script>\n<!-- \/ Yoast SEO Premium plugin. -->","yoast_head_json":{"title":"Kirby Contenitore Accessori \u2013 Accessori sicuri e ben organizzati","description":"Kirby Contenitore Accessori - organizza tutti i tuoi accessori Kirby in modo sicuro e ordinato. Facile da fissare alla parete.","robots":{"index":"index","follow":"follow","max-snippet":"max-snippet:-1","max-image-preview":"max-image-preview:large","max-video-preview":"max-video-preview:-1"},"canonical":"https:\/\/www.veltec.eu\/it\/product\/kirby-contenitore-accessori-nl3083\/","og_locale":"it_IT","og_type":"article","og_title":"Kirby Contenitore Accessori","og_description":"Il contenitore Kirby mantiene tutti i tuoi accessori Kirby in ordine e al sicuro. Facile da fissare alla parete, resistente e adatto a tutti i modelli.    In magazzino   Ordinato prima della 23:59, spedito domani  &nbsp;","og_url":"https:\/\/www.veltec.eu\/it\/product\/kirby-contenitore-accessori-nl3083\/","og_site_name":"Veltec Kirby specialist","article_publisher":"https:\/\/www.facebook.com\/Veltec-Kirby-Specialist-236746293374877\/","article_modified_time":"2026-02-24T07:12:51+00:00","og_image":[{"width":600,"height":600,"url":"https:\/\/www.veltec.eu\/wp-content\/uploads\/2018\/10\/Kirby-vacuum-storage-box.jpg","type":"image\/jpeg"}],"twitter_card":"summary_large_image","twitter_misc":{"Tempo di lettura stimato":"3 minuti"},"schema":{"@context":"https:\/\/schema.org","@graph":[{"@type":"WebPage","@id":"https:\/\/www.veltec.eu\/it\/product\/kirby-contenitore-accessori-nl3083\/","url":"https:\/\/www.veltec.eu\/it\/product\/kirby-contenitore-accessori-nl3083\/","name":"Kirby Contenitore Accessori \u2013 Accessori sicuri e ben organizzati","isPartOf":{"@id":"https:\/\/www.veltec.eu\/en\/#website"},"primaryImageOfPage":{"@id":"https:\/\/www.veltec.eu\/it\/product\/kirby-contenitore-accessori-nl3083\/#primaryimage"},"image":{"@id":"https:\/\/www.veltec.eu\/it\/product\/kirby-contenitore-accessori-nl3083\/#primaryimage"},"thumbnailUrl":"https:\/\/www.veltec.eu\/wp-content\/uploads\/2018\/10\/Kirby-vacuum-storage-box.jpg","datePublished":"2018-10-19T13:11:38+00:00","dateModified":"2026-02-24T07:12:51+00:00","description":"Kirby Contenitore Accessori - organizza tutti i tuoi accessori Kirby in modo sicuro e ordinato. Facile da fissare alla parete.","breadcrumb":{"@id":"https:\/\/www.veltec.eu\/it\/product\/kirby-contenitore-accessori-nl3083\/#breadcrumb"},"inLanguage":"it-IT","potentialAction":[{"@type":"ReadAction","target":["https:\/\/www.veltec.eu\/it\/product\/kirby-contenitore-accessori-nl3083\/"]}]},{"@type":"ImageObject","inLanguage":"it-IT","@id":"https:\/\/www.veltec.eu\/it\/product\/kirby-contenitore-accessori-nl3083\/#primaryimage","url":"https:\/\/www.veltec.eu\/wp-content\/uploads\/2018\/10\/Kirby-vacuum-storage-box.jpg","contentUrl":"https:\/\/www.veltec.eu\/wp-content\/uploads\/2018\/10\/Kirby-vacuum-storage-box.jpg","width":600,"height":600},{"@type":"BreadcrumbList","@id":"https:\/\/www.veltec.eu\/it\/product\/kirby-contenitore-accessori-nl3083\/#breadcrumb","itemListElement":[{"@type":"ListItem","position":1,"name":"Home","item":"https:\/\/www.veltec.eu\/it\/"},{"@type":"ListItem","position":2,"name":"Kirby Shop","item":"https:\/\/www.veltec.eu\/nl\/shop-page\/"},{"@type":"ListItem","position":3,"name":"Kirby Contenitore Accessori"}]},{"@type":"WebSite","@id":"https:\/\/www.veltec.eu\/en\/#website","url":"https:\/\/www.veltec.eu\/en\/","name":"Veltec Kirby specialist","description":"Kirby stofzuiger producten","publisher":{"@id":"https:\/\/www.veltec.eu\/en\/#organization"},"potentialAction":[{"@type":"SearchAction","target":{"@type":"EntryPoint","urlTemplate":"https:\/\/www.veltec.eu\/en\/?s={search_term_string}"},"query-input":{"@type":"PropertyValueSpecification","valueRequired":true,"valueName":"search_term_string"}}],"inLanguage":"it-IT"},{"@type":"Organization","@id":"https:\/\/www.veltec.eu\/en\/#organization","name":"Veltec Kirby Specialist","url":"https:\/\/www.veltec.eu\/en\/","logo":{"@type":"ImageObject","inLanguage":"it-IT","@id":"https:\/\/www.veltec.eu\/en\/#\/schema\/logo\/image\/","url":"https:\/\/www.veltec.eu\/wp-content\/uploads\/2021\/12\/Veltec-log-groot-e1537260889125.png","contentUrl":"https:\/\/www.veltec.eu\/wp-content\/uploads\/2021\/12\/Veltec-log-groot-e1537260889125.png","width":200,"height":60,"caption":"Veltec Kirby Specialist"},"image":{"@id":"https:\/\/www.veltec.eu\/en\/#\/schema\/logo\/image\/"},"sameAs":["https:\/\/www.facebook.com\/Veltec-Kirby-Specialist-236746293374877\/","https:\/\/www.youtube.com\/user\/VeltecService"]}]}},"_links":{"self":[{"href":"https:\/\/www.veltec.eu\/it\/wp-json\/wp\/v2\/product\/11097","targetHints":{"allow":["GET"]}}],"collection":[{"href":"https:\/\/www.veltec.eu\/it\/wp-json\/wp\/v2\/product"}],"about":[{"href":"https:\/\/www.veltec.eu\/it\/wp-json\/wp\/v2\/types\/product"}],"replies":[{"embeddable":true,"href":"https:\/\/www.veltec.eu\/it\/wp-json\/wp\/v2\/comments?post=11097"}],"wp:featuredmedia":[{"embeddable":true,"href":"https:\/\/www.veltec.eu\/it\/wp-json\/wp\/v2\/media\/88224"}],"wp:attachment":[{"href":"https:\/\/www.veltec.eu\/it\/wp-json\/wp\/v2\/media?parent=11097"}],"wp:term":[{"taxonomy":"product_brand","embeddable":true,"href":"https:\/\/www.veltec.eu\/it\/wp-json\/wp\/v2\/product_brand?post=11097"},{"taxonomy":"product_cat","embeddable":true,"href":"https:\/\/www.veltec.eu\/it\/wp-json\/wp\/v2\/product_cat?post=11097"},{"taxonomy":"product_tag","embeddable":true,"href":"https:\/\/www.veltec.eu\/it\/wp-json\/wp\/v2\/product_tag?post=11097"}],"curies":[{"name":"wp","href":"https:\/\/api.w.org\/{rel}","templated":true}]}}