{"id":11082,"date":"2018-10-19T15:28:26","date_gmt":"2018-10-19T13:28:26","guid":{"rendered":"https:\/\/www.veltec.eu\/kirby-webshop\/kirby-regolatore-d-aria-nl3072\/"},"modified":"2026-02-04T13:12:55","modified_gmt":"2026-02-04T11:12:55","slug":"kirby-regolatore-d-aria-nl3072","status":"publish","type":"product","link":"https:\/\/www.veltec.eu\/it\/product\/kirby-regolatore-d-aria-nl3072\/","title":{"rendered":"Kirby Regolatore d`aria"},"content":{"rendered":"<h1 data-start=\"85\" data-end=\"110\">Kirby Regolatore d`aria<\/h1>\n<p data-start=\"112\" data-end=\"290\">Il Kirby Regolatore d`aria\u00a0\u00e8 un accessorio pratico ed ergonomico che offre maggiore controllo, comfort e flessibilit\u00e0 durante l\u2019aspirazione con il vostro aspirapolvere Kirby.<\/p>\n<h2 data-start=\"292\" data-end=\"347\">Che cos\u2019\u00e8 il Kirby regolatore d`aria e a cosa serve?<\/h2>\n<p data-start=\"348\" data-end=\"554\">Il regolatore d\u2019aria \u00e8 un elemento universale da inserire tra il tubo e l\u2019asta. In questo modo si estende l\u2019impugnatura e si crea un pratico snodo a ginocchio per pulire sopra armadi o altre superfici alte.<\/p>\n<h3 data-start=\"556\" data-end=\"611\">Regolatore d\u2019aria Kirby come impugnatura ergonomica<\/h3>\n<p data-start=\"612\" data-end=\"803\">Il controllore dell&#8217;aria\u00a0funge da impugnatura confortevole, garantendo maggiore presa e stabilit\u00e0. Ci\u00f2 facilita la manovrabilit\u00e0 dell\u2019aspirapolvere e riduce l\u2019affaticamento di mani e braccia.<\/p>\n<h3 data-start=\"805\" data-end=\"855\">Kirby regolatore d`aria per pulizie in altezza<\/h3>\n<p data-start=\"856\" data-end=\"1060\">Grazie alla forma a ginocchio, il regolatore d\u2019aria \u00e8 ideale per pulire armadi, battiscopa e zone difficili da raggiungere. Cos\u00ec si lavora in modo pi\u00f9 efficiente, senza doversi piegare o allungare troppo.<\/p>\n<h2 data-start=\"1062\" data-end=\"1143\">Controllo ottimale della potenza di aspirazione con il Kirby regolatore d`aria<\/h2>\n<p data-start=\"1144\" data-end=\"1324\">La slitta integrata sul regolatore consente di controllare direttamente il flusso d\u2019aria. In questo modo \u00e8 facile adattare la potenza di aspirazione a ogni attivit\u00e0 di pulizia.<\/p>\n<h3 data-start=\"1326\" data-end=\"1382\">Regolazione precisa dell\u2019aria per superfici delicate<\/h3>\n<p data-start=\"1383\" data-end=\"1561\">Quando pulite tende, mobili o tappeti, il regolatore riduce delicatamente la potenza di aspirazione. Questo evita danni pur garantendo una rimozione efficace di polvere e sporco.<\/p>\n<h3 data-start=\"1563\" data-end=\"1608\">Lavorare in modo efficiente senza blocchi<\/h3>\n<p data-start=\"1609\" data-end=\"1821\">Consentendo un maggiore passaggio d\u2019aria, il controllore dell&#8217;aria\u00a0previene il blocco dell\u2019aspirapolvere su tessuti pi\u00f9 spessi. Cos\u00ec si lavora con pi\u00f9 fluidit\u00e0 e si prolunga la durata dell\u2019elettrodomestico.<\/p>\n<h2 data-start=\"1823\" data-end=\"1878\">Compatibilit\u00e0 universale del regolatore d\u2019aria Kirby<\/h2>\n<p data-start=\"1879\" data-end=\"1997\">Il regolatore \u00e8 adatto a tutti i modelli comuni di aspirapolvere Kirby, eliminando la necessit\u00e0 di accessori separati.<\/p>\n<h3 data-start=\"1999\" data-end=\"2033\">Adatto a tutti i modelli Kirby<\/h3>\n<p data-start=\"2034\" data-end=\"2062\">Il regolatore si adatta a:<\/p>\n<ul data-start=\"2063\" data-end=\"2239\">\n<li data-start=\"2063\" data-end=\"2082\">Avalir Platinum<\/li>\n<li data-start=\"2083\" data-end=\"2095\">Avalir 2<\/li>\n<li data-start=\"2096\" data-end=\"2108\">Avalir 1<\/li>\n<li data-start=\"2109\" data-end=\"2129\">Sentria 2 (G10D)<\/li>\n<li data-start=\"2130\" data-end=\"2149\">Sentria 1 (G10)<\/li>\n<li data-start=\"2150\" data-end=\"2189\">Ultimate G Diamond Edition (G7D\/DE)<\/li>\n<li data-start=\"2190\" data-end=\"2212\">Ultimate G (G7\/UG)<\/li>\n<li data-start=\"2213\" data-end=\"2239\">Generation 3\u20136 (G3\u2013G6)<\/li>\n<\/ul>\n<h2 data-start=\"2241\" data-end=\"2280\">Montaggio semplice e design durevole<\/h2>\n<p data-start=\"2281\" data-end=\"2400\">Il regolatore d\u2019aria si inserisce facilmente tra tubo e asta, permettendo di iniziare subito la pulizia senza attrezzi.<\/p>\n<h3 data-start=\"2402\" data-end=\"2435\">Robusto e facile da mantenere<\/h3>\n<p data-start=\"2436\" data-end=\"2598\">Realizzato in materiale resistente, il regolatore d\u2019aria dura a lungo, riducendo i costi di manutenzione e mantenendo l\u2019aspirapolvere sempre efficiente.<\/p>\n<h2 data-start=\"2600\" data-end=\"2640\">Abbinamento con accessori e strumenti<\/h2>\n<p data-start=\"2641\" data-end=\"2898\">Combinato con prolunghe e altri accessori, il regolatore migliora ulteriormente l\u2019efficienza della pulizia. Scoprite prodotti correlati come gli <a href=\"https:\/\/www.veltec.eu\/it\/?page_id=59283\" target=\"_blank\" rel=\"noopener\">accessori Kirby.<\/a> Ulteriori informazioni sono disponibili nel blog esterno: <a href=\"https:\/\/www.servizio-aspirapolvere-kirby.it\/tubi-di-prolunga-kirby\/\" target=\"_blank\" rel=\"noopener\"><em>Tutto sulle prolunghe Kirby.<\/em><\/a><\/p>\n<p data-start=\"2900\" data-end=\"3124\">Il regolatore d\u2019aria Kirby offre maggiore comfort, controllo ottimale e regolazione flessibile della potenza di aspirazione, rendendolo un accessorio indispensabile per sfruttare al massimo il vostro aspirapolvere Kirby.<\/p>\n","protected":false},"excerpt":{"rendered":"<p>Il Kirby regolatore d`aria offre un controllo preciso del flusso d\u2019aria e una presa ergonomica durante la pulizia. Compatibile con tutti gli aspirapolvere Kirby e ideale per superfici delicate e pulizie in altezza.<\/p>\n[trustindex data-widget-id=de4365f24f22281a6b165ed75b0]\n<h3><span style=\"color: #008000;\"><br \/>\nIn magazzino<\/span><\/h3>\n[av_font_icon icon='ue812' font='entypo-fontello' style='' caption='' size='25px' position='left' color='#43ad66' link='' linktarget='' title_attr='' sonar_effect_effect='' sonar_effect_color='' sonar_effect_duration='1' sonar_effect_scale='' sonar_effect_opac='0.5' animation='' id='' custom_class='' template_class='' av_uid='' sc_version='1.0' admin_preview_bg=''][\/av_font_icon]\n<p><span style=\"color: #008000;\">Ordinato prima della 23:59, spedito domani<\/span><\/p>\n<p>&nbsp;<\/p>\n","protected":false},"featured_media":90657,"comment_status":"open","ping_status":"closed","template":"","meta":{"_acf_changed":false},"product_brand":[],"product_cat":[356],"product_tag":[],"class_list":{"0":"post-11082","1":"product","2":"type-product","3":"status-publish","4":"has-post-thumbnail","6":"product_cat-kirby-accessori","7":"product_shipping_class-klein-it","9":"first","10":"instock","11":"taxable","12":"shipping-taxable","13":"purchasable","14":"product-type-simple"},"acf":[],"yoast_head":"<!-- This site is optimized with the Yoast SEO Premium plugin v27.1 (Yoast SEO v27.4) - https:\/\/yoast.com\/product\/yoast-seo-premium-wordpress\/ -->\n<title>Kirby Regolatore d`aria \u2013 Controllo e Comfort Totale<\/title>\n<meta name=\"description\" content=\"Kirby Regolatore d`aria universale per maggiore controllo e comfort. Regola la potenza di aspirazione ed \u00e8 compatibile con tutti i modelli Kirby.\" \/>\n<meta name=\"robots\" content=\"index, follow, max-snippet:-1, max-image-preview:large, max-video-preview:-1\" \/>\n<link rel=\"canonical\" href=\"https:\/\/www.veltec.eu\/it\/product\/kirby-regolatore-d-aria-nl3072\/\" \/>\n<meta property=\"og:locale\" content=\"it_IT\" \/>\n<meta property=\"og:type\" content=\"article\" \/>\n<meta property=\"og:title\" content=\"Kirby Regolatore d`aria\" \/>\n<meta property=\"og:description\" content=\"Il Kirby regolatore d`aria offre un controllo preciso del flusso d\u2019aria e una presa ergonomica durante la pulizia. Compatibile con tutti gli aspirapolvere Kirby e ideale per superfici delicate e pulizie in altezza.    In magazzino   Ordinato prima della 23:59, spedito domani  &nbsp;\" \/>\n<meta property=\"og:url\" content=\"https:\/\/www.veltec.eu\/it\/product\/kirby-regolatore-d-aria-nl3072\/\" \/>\n<meta property=\"og:site_name\" content=\"Veltec Kirby specialist\" \/>\n<meta property=\"article:publisher\" content=\"https:\/\/www.facebook.com\/Veltec-Kirby-Specialist-236746293374877\/\" \/>\n<meta property=\"article:modified_time\" content=\"2026-02-04T11:12:55+00:00\" \/>\n<meta property=\"og:image\" content=\"https:\/\/www.veltec.eu\/wp-content\/uploads\/2018\/10\/kirby-sentria-sentria-ii-vacuum-cleaner-hose-attachment-grip-elbow-tube-part.jpg\" \/>\n\t<meta property=\"og:image:width\" content=\"500\" \/>\n\t<meta property=\"og:image:height\" content=\"500\" \/>\n\t<meta property=\"og:image:type\" content=\"image\/jpeg\" \/>\n<meta name=\"twitter:card\" content=\"summary_large_image\" \/>\n<meta name=\"twitter:label1\" content=\"Tempo di lettura stimato\" \/>\n\t<meta name=\"twitter:data1\" content=\"3 minuti\" \/>\n<script type=\"application\/ld+json\" class=\"yoast-schema-graph\">{\"@context\":\"https:\\\/\\\/schema.org\",\"@graph\":[{\"@type\":\"WebPage\",\"@id\":\"https:\\\/\\\/www.veltec.eu\\\/it\\\/product\\\/kirby-regolatore-d-aria-nl3072\\\/\",\"url\":\"https:\\\/\\\/www.veltec.eu\\\/it\\\/product\\\/kirby-regolatore-d-aria-nl3072\\\/\",\"name\":\"Kirby Regolatore d`aria \u2013 Controllo e Comfort Totale\",\"isPartOf\":{\"@id\":\"https:\\\/\\\/www.veltec.eu\\\/en\\\/#website\"},\"primaryImageOfPage\":{\"@id\":\"https:\\\/\\\/www.veltec.eu\\\/it\\\/product\\\/kirby-regolatore-d-aria-nl3072\\\/#primaryimage\"},\"image\":{\"@id\":\"https:\\\/\\\/www.veltec.eu\\\/it\\\/product\\\/kirby-regolatore-d-aria-nl3072\\\/#primaryimage\"},\"thumbnailUrl\":\"https:\\\/\\\/www.veltec.eu\\\/wp-content\\\/uploads\\\/2018\\\/10\\\/Luchtregelaar-Kirby.jpg\",\"datePublished\":\"2018-10-19T13:28:26+00:00\",\"dateModified\":\"2026-02-04T11:12:55+00:00\",\"description\":\"Kirby Regolatore d`aria universale per maggiore controllo e comfort. Regola la potenza di aspirazione ed \u00e8 compatibile con tutti i modelli Kirby.\",\"breadcrumb\":{\"@id\":\"https:\\\/\\\/www.veltec.eu\\\/it\\\/product\\\/kirby-regolatore-d-aria-nl3072\\\/#breadcrumb\"},\"inLanguage\":\"it-IT\",\"potentialAction\":[{\"@type\":\"ReadAction\",\"target\":[\"https:\\\/\\\/www.veltec.eu\\\/it\\\/product\\\/kirby-regolatore-d-aria-nl3072\\\/\"]}]},{\"@type\":\"ImageObject\",\"inLanguage\":\"it-IT\",\"@id\":\"https:\\\/\\\/www.veltec.eu\\\/it\\\/product\\\/kirby-regolatore-d-aria-nl3072\\\/#primaryimage\",\"url\":\"https:\\\/\\\/www.veltec.eu\\\/wp-content\\\/uploads\\\/2018\\\/10\\\/Luchtregelaar-Kirby.jpg\",\"contentUrl\":\"https:\\\/\\\/www.veltec.eu\\\/wp-content\\\/uploads\\\/2018\\\/10\\\/Luchtregelaar-Kirby.jpg\",\"width\":600,\"height\":600},{\"@type\":\"BreadcrumbList\",\"@id\":\"https:\\\/\\\/www.veltec.eu\\\/it\\\/product\\\/kirby-regolatore-d-aria-nl3072\\\/#breadcrumb\",\"itemListElement\":[{\"@type\":\"ListItem\",\"position\":1,\"name\":\"Home\",\"item\":\"https:\\\/\\\/www.veltec.eu\\\/it\\\/la-homepage\\\/\"},{\"@type\":\"ListItem\",\"position\":2,\"name\":\"Negozio Kirby\",\"item\":\"https:\\\/\\\/www.veltec.eu\\\/it\\\/negozio-kirby\\\/\"},{\"@type\":\"ListItem\",\"position\":3,\"name\":\"Kirby Regolatore d`aria\"}]},{\"@type\":\"WebSite\",\"@id\":\"https:\\\/\\\/www.veltec.eu\\\/en\\\/#website\",\"url\":\"https:\\\/\\\/www.veltec.eu\\\/en\\\/\",\"name\":\"Veltec Kirby specialist\",\"description\":\"Kirby stofzuiger producten\",\"publisher\":{\"@id\":\"https:\\\/\\\/www.veltec.eu\\\/en\\\/#organization\"},\"potentialAction\":[{\"@type\":\"SearchAction\",\"target\":{\"@type\":\"EntryPoint\",\"urlTemplate\":\"https:\\\/\\\/www.veltec.eu\\\/en\\\/?s={search_term_string}\"},\"query-input\":{\"@type\":\"PropertyValueSpecification\",\"valueRequired\":true,\"valueName\":\"search_term_string\"}}],\"inLanguage\":\"it-IT\"},{\"@type\":\"Organization\",\"@id\":\"https:\\\/\\\/www.veltec.eu\\\/en\\\/#organization\",\"name\":\"Veltec Kirby Specialist\",\"url\":\"https:\\\/\\\/www.veltec.eu\\\/en\\\/\",\"logo\":{\"@type\":\"ImageObject\",\"inLanguage\":\"it-IT\",\"@id\":\"https:\\\/\\\/www.veltec.eu\\\/en\\\/#\\\/schema\\\/logo\\\/image\\\/\",\"url\":\"https:\\\/\\\/www.veltec.eu\\\/wp-content\\\/uploads\\\/2021\\\/12\\\/Veltec-log-groot-e1537260889125.png\",\"contentUrl\":\"https:\\\/\\\/www.veltec.eu\\\/wp-content\\\/uploads\\\/2021\\\/12\\\/Veltec-log-groot-e1537260889125.png\",\"width\":200,\"height\":60,\"caption\":\"Veltec Kirby Specialist\"},\"image\":{\"@id\":\"https:\\\/\\\/www.veltec.eu\\\/en\\\/#\\\/schema\\\/logo\\\/image\\\/\"},\"sameAs\":[\"https:\\\/\\\/www.facebook.com\\\/Veltec-Kirby-Specialist-236746293374877\\\/\",\"https:\\\/\\\/www.youtube.com\\\/user\\\/VeltecService\"]}]}<\/script>\n<!-- \/ Yoast SEO Premium plugin. -->","yoast_head_json":{"title":"Kirby Regolatore d`aria \u2013 Controllo e Comfort Totale","description":"Kirby Regolatore d`aria universale per maggiore controllo e comfort. Regola la potenza di aspirazione ed \u00e8 compatibile con tutti i modelli Kirby.","robots":{"index":"index","follow":"follow","max-snippet":"max-snippet:-1","max-image-preview":"max-image-preview:large","max-video-preview":"max-video-preview:-1"},"canonical":"https:\/\/www.veltec.eu\/it\/product\/kirby-regolatore-d-aria-nl3072\/","og_locale":"it_IT","og_type":"article","og_title":"Kirby Regolatore d`aria","og_description":"Il Kirby regolatore d`aria offre un controllo preciso del flusso d\u2019aria e una presa ergonomica durante la pulizia. Compatibile con tutti gli aspirapolvere Kirby e ideale per superfici delicate e pulizie in altezza.    In magazzino   Ordinato prima della 23:59, spedito domani  &nbsp;","og_url":"https:\/\/www.veltec.eu\/it\/product\/kirby-regolatore-d-aria-nl3072\/","og_site_name":"Veltec Kirby specialist","article_publisher":"https:\/\/www.facebook.com\/Veltec-Kirby-Specialist-236746293374877\/","article_modified_time":"2026-02-04T11:12:55+00:00","og_image":[{"width":500,"height":500,"url":"https:\/\/www.veltec.eu\/wp-content\/uploads\/2018\/10\/kirby-sentria-sentria-ii-vacuum-cleaner-hose-attachment-grip-elbow-tube-part.jpg","type":"image\/jpeg"}],"twitter_card":"summary_large_image","twitter_misc":{"Tempo di lettura stimato":"3 minuti"},"schema":{"@context":"https:\/\/schema.org","@graph":[{"@type":"WebPage","@id":"https:\/\/www.veltec.eu\/it\/product\/kirby-regolatore-d-aria-nl3072\/","url":"https:\/\/www.veltec.eu\/it\/product\/kirby-regolatore-d-aria-nl3072\/","name":"Kirby Regolatore d`aria \u2013 Controllo e Comfort Totale","isPartOf":{"@id":"https:\/\/www.veltec.eu\/en\/#website"},"primaryImageOfPage":{"@id":"https:\/\/www.veltec.eu\/it\/product\/kirby-regolatore-d-aria-nl3072\/#primaryimage"},"image":{"@id":"https:\/\/www.veltec.eu\/it\/product\/kirby-regolatore-d-aria-nl3072\/#primaryimage"},"thumbnailUrl":"https:\/\/www.veltec.eu\/wp-content\/uploads\/2018\/10\/Luchtregelaar-Kirby.jpg","datePublished":"2018-10-19T13:28:26+00:00","dateModified":"2026-02-04T11:12:55+00:00","description":"Kirby Regolatore d`aria universale per maggiore controllo e comfort. Regola la potenza di aspirazione ed \u00e8 compatibile con tutti i modelli Kirby.","breadcrumb":{"@id":"https:\/\/www.veltec.eu\/it\/product\/kirby-regolatore-d-aria-nl3072\/#breadcrumb"},"inLanguage":"it-IT","potentialAction":[{"@type":"ReadAction","target":["https:\/\/www.veltec.eu\/it\/product\/kirby-regolatore-d-aria-nl3072\/"]}]},{"@type":"ImageObject","inLanguage":"it-IT","@id":"https:\/\/www.veltec.eu\/it\/product\/kirby-regolatore-d-aria-nl3072\/#primaryimage","url":"https:\/\/www.veltec.eu\/wp-content\/uploads\/2018\/10\/Luchtregelaar-Kirby.jpg","contentUrl":"https:\/\/www.veltec.eu\/wp-content\/uploads\/2018\/10\/Luchtregelaar-Kirby.jpg","width":600,"height":600},{"@type":"BreadcrumbList","@id":"https:\/\/www.veltec.eu\/it\/product\/kirby-regolatore-d-aria-nl3072\/#breadcrumb","itemListElement":[{"@type":"ListItem","position":1,"name":"Home","item":"https:\/\/www.veltec.eu\/it\/la-homepage\/"},{"@type":"ListItem","position":2,"name":"Negozio Kirby","item":"https:\/\/www.veltec.eu\/it\/negozio-kirby\/"},{"@type":"ListItem","position":3,"name":"Kirby Regolatore d`aria"}]},{"@type":"WebSite","@id":"https:\/\/www.veltec.eu\/en\/#website","url":"https:\/\/www.veltec.eu\/en\/","name":"Veltec Kirby specialist","description":"Kirby stofzuiger producten","publisher":{"@id":"https:\/\/www.veltec.eu\/en\/#organization"},"potentialAction":[{"@type":"SearchAction","target":{"@type":"EntryPoint","urlTemplate":"https:\/\/www.veltec.eu\/en\/?s={search_term_string}"},"query-input":{"@type":"PropertyValueSpecification","valueRequired":true,"valueName":"search_term_string"}}],"inLanguage":"it-IT"},{"@type":"Organization","@id":"https:\/\/www.veltec.eu\/en\/#organization","name":"Veltec Kirby Specialist","url":"https:\/\/www.veltec.eu\/en\/","logo":{"@type":"ImageObject","inLanguage":"it-IT","@id":"https:\/\/www.veltec.eu\/en\/#\/schema\/logo\/image\/","url":"https:\/\/www.veltec.eu\/wp-content\/uploads\/2021\/12\/Veltec-log-groot-e1537260889125.png","contentUrl":"https:\/\/www.veltec.eu\/wp-content\/uploads\/2021\/12\/Veltec-log-groot-e1537260889125.png","width":200,"height":60,"caption":"Veltec Kirby Specialist"},"image":{"@id":"https:\/\/www.veltec.eu\/en\/#\/schema\/logo\/image\/"},"sameAs":["https:\/\/www.facebook.com\/Veltec-Kirby-Specialist-236746293374877\/","https:\/\/www.youtube.com\/user\/VeltecService"]}]}},"_links":{"self":[{"href":"https:\/\/www.veltec.eu\/it\/wp-json\/wp\/v2\/product\/11082","targetHints":{"allow":["GET"]}}],"collection":[{"href":"https:\/\/www.veltec.eu\/it\/wp-json\/wp\/v2\/product"}],"about":[{"href":"https:\/\/www.veltec.eu\/it\/wp-json\/wp\/v2\/types\/product"}],"replies":[{"embeddable":true,"href":"https:\/\/www.veltec.eu\/it\/wp-json\/wp\/v2\/comments?post=11082"}],"wp:featuredmedia":[{"embeddable":true,"href":"https:\/\/www.veltec.eu\/it\/wp-json\/wp\/v2\/media\/90657"}],"wp:attachment":[{"href":"https:\/\/www.veltec.eu\/it\/wp-json\/wp\/v2\/media?parent=11082"}],"wp:term":[{"taxonomy":"product_brand","embeddable":true,"href":"https:\/\/www.veltec.eu\/it\/wp-json\/wp\/v2\/product_brand?post=11082"},{"taxonomy":"product_cat","embeddable":true,"href":"https:\/\/www.veltec.eu\/it\/wp-json\/wp\/v2\/product_cat?post=11082"},{"taxonomy":"product_tag","embeddable":true,"href":"https:\/\/www.veltec.eu\/it\/wp-json\/wp\/v2\/product_tag?post=11082"}],"curies":[{"name":"wp","href":"https:\/\/api.w.org\/{rel}","templated":true}]}}