{"id":11077,"date":"2018-10-19T15:33:44","date_gmt":"2018-10-19T13:33:44","guid":{"rendered":"https:\/\/www.veltec.eu\/kirby-webshop\/electrolux-turbo-borstel-nl656578\/"},"modified":"2026-02-16T10:57:55","modified_gmt":"2026-02-16T08:57:55","slug":"spazzola-turbo-per-aspirapolveri-kirby-veltec-propria-marca-nl656578","status":"publish","type":"product","link":"https:\/\/www.veltec.eu\/it\/product\/spazzola-turbo-per-aspirapolveri-kirby-veltec-propria-marca-nl656578\/","title":{"rendered":"Spazzola Turbo per aspirapolveri Kirby Veltec propria marca"},"content":{"rendered":"<h1 data-start=\"104\" data-end=\"167\">Spazzola Turbo per aspirapolveri Kirby Veltec propria marca<\/h1>\n<p data-start=\"169\" data-end=\"454\">La Spazzola Turbo per aspirapolveri Kirby Veltec propria marca \u00e8 stata progettata appositamente per una pulizia profonda di mobili, tende e tappezzeria. Inoltre, questa potente spazzola turbo \u00e8 ideale per le case con animali domestici, poich\u00e9 rimuove efficacemente peli e sporco.<\/p>\n<h2 data-start=\"456\" data-end=\"528\">Prestazioni universali della Spazzola Turbo per aspirapolveri Kirby<\/h2>\n<p data-start=\"529\" data-end=\"899\">Innanzitutto, questa spazzola turbo offre una compatibilit\u00e0 universale, funzionando senza adattamenti sulla maggior parte degli aspirapolvere Kirby. In questo modo, \u00e8 possibile godere subito di una pulizia rotante potente su divani, tappeti delle scale e sedili dell\u2019auto. Inoltre, il design intelligente consente di passare rapidamente tra diversi compiti di pulizia.<\/p>\n<h3 data-start=\"901\" data-end=\"938\">Compatibile con, tra gli altri:<\/h3>\n<ul data-start=\"939\" data-end=\"1110\">\n<li data-start=\"939\" data-end=\"958\">Avalir Platinum<\/li>\n<li data-start=\"959\" data-end=\"982\">Avalir 2 e Avalir 1<\/li>\n<li data-start=\"983\" data-end=\"1021\">Sentria 2 (G10D) e Sentria 1 (G10)<\/li>\n<li data-start=\"1022\" data-end=\"1061\">Ultimate G Diamond Edition (G7D\/DE)<\/li>\n<li data-start=\"1062\" data-end=\"1084\">Ultimate G (G7\/UG)<\/li>\n<li data-start=\"1085\" data-end=\"1110\">Generation 3 fino a 6<\/li>\n<\/ul>\n<h2 data-start=\"1112\" data-end=\"1191\">Vantaggi della Spazzola Turbo per aspirapolveri Kirby Veltec propria marca<\/h2>\n<p data-start=\"1192\" data-end=\"1512\">In primo luogo, la spazzola \u00e8 dotata di un rullo rotante, che agisce in profondit\u00e0 nelle fibre per rimuovere lo sporco. Inoltre, la testa turbo elimina facilmente polvere ostinata e peli di animali, lasciando la tappezzeria visibilmente pi\u00f9 pulita. Di conseguenza, si ottiene un ambiente domestico pi\u00f9 sano e igienico.<\/p>\n<h3 data-start=\"1514\" data-end=\"1537\">Punti principali:<\/h3>\n<ul data-start=\"1538\" data-end=\"1667\">\n<li data-start=\"1538\" data-end=\"1580\">Pulizia profonda grazie alla rotazione<\/li>\n<li data-start=\"1581\" data-end=\"1604\">Facile da collegare<\/li>\n<li data-start=\"1605\" data-end=\"1635\">Adatta a diverse superfici<\/li>\n<li data-start=\"1636\" data-end=\"1667\">Ideale per un uso intensivo<\/li>\n<\/ul>\n<p data-start=\"1669\" data-end=\"1896\">Consulta anche tutti gli accessori per la <a href=\"https:\/\/www.veltec.eu\/it\/kirby-turbo-spazzola\/\" target=\"_blank\" rel=\"noopener\">Kirby Turbo Spazzola<\/a> per una maggiore potenza di pulizia. Scopri <a href=\"https:\/\/www.veltec.eu\/it\/kirby-accessori\/\" target=\"_blank\" rel=\"noopener\">Kirby accessori<\/a> per il tuo aspirapolvere.<\/p>\n<h2 data-start=\"1898\" data-end=\"1939\">Ideale per rimuovere peli di animali<\/h2>\n<p data-start=\"1940\" data-end=\"2284\">Questa spazzola \u00e8 pensata appositamente per chi possiede animali domestici, poich\u00e9 le bocchette standard spesso non sono sufficienti. La spazzola turbo per aspirapolveri Kirby rimuove in profondit\u00e0 anche i peli pi\u00f9 fini di cani e gatti. Inoltre, la tappezzeria resta protetta mentre la spazzola pulisce efficacemente.<\/p>\n<p data-start=\"2286\" data-end=\"2485\">Da un lato, si risparmia tempo perch\u00e9 non \u00e8 necessario passare l\u2019aspirapolvere pi\u00f9 volte; dall\u2019altro, i mobili rimangono pi\u00f9 a lungo ordinati, semplificando notevolmente la manutenzione quotidiana.<\/p>\n<h2 data-start=\"2487\" data-end=\"2583\">Uso sicuro e manutenzione della Spazzola Turbo per aspirapolveri Kirby Veltec propria marca<\/h2>\n<p data-start=\"2584\" data-end=\"2887\">Non utilizzare mai la spazzola turbo insieme allo shampoo Kirby: l\u2019aspirapolvere non \u00e8 progettato per aspirare liquidi. L\u2019umidit\u00e0 pu\u00f2 causare accumuli permanenti di sporco nel tubo, nella camera del ventilatore e nel sacco racco gli polvere. L\u2019acqua trattiene lo sporco, favorendo muffa e cattivi odori.<\/p>\n<p data-start=\"2889\" data-end=\"3152\">Per mantenerla al meglio, \u00e8 consigliato un controllo e una manutenzione regolare. Maggiori informazioni e suggerimenti sulla cura degli aspirapolvere Kirby sono disponibili nel nostro blog <a href=\"https:\/\/www.servizio-aspirapolvere-kirby.it\/il-blog\/\" target=\"_blank\" rel=\"noopener\">\u201cServizio aspirapolvere Kirby\u201d.<\/a><\/p>\n<h2 data-start=\"3154\" data-end=\"3195\">Soluzione durevole e facile da usare<\/h2>\n<p data-start=\"3196\" data-end=\"3543\">La spazzola turbo per aspirapolveri Kirby Veltec propria marca combina potenza e durata, garantendo un utilizzo a lungo termine. Inoltre, il design leggero la rende facile da maneggiare, permettendo di pulire comodamente tutta la casa. Per questo motivo, questa spazzola Veltec rappresenta un\u2019ottima aggiunta a qualsiasi aspirapolvere Kirby.<\/p>\n","protected":false},"excerpt":{"rendered":"<p>La spazzola turbo per aspirapolveri Kirby Veltec propria marca offre pulizia profonda di divani, tende e tappezzeria. Ideale per rimuovere peli di animali e sporco ostinato con facilit\u00e0.<\/p>\n[trustindex data-widget-id=de4365f24f22281a6b165ed75b0]\n<h3><span style=\"color: #008000;\"><br \/>\nIn magazzino<\/span><\/h3>\n[av_font_icon icon='ue812' font='entypo-fontello' style='' caption='' size='25px' position='left' color='#43ad66' link='' linktarget='' title_attr='' sonar_effect_effect='' sonar_effect_color='' sonar_effect_duration='1' sonar_effect_scale='' sonar_effect_opac='0.5' animation='' id='' custom_class='' template_class='' av_uid='' sc_version='1.0' admin_preview_bg=''][\/av_font_icon]\n<p><span style=\"color: #008000;\">Ordinato prima della 23:59, spedito domani<\/span><\/p>\n<p>&nbsp;<\/p>\n","protected":false},"featured_media":37293,"comment_status":"open","ping_status":"closed","template":"","meta":[],"product_brand":[],"product_cat":[356,379],"product_tag":[],"class_list":{"0":"post-11077","1":"product","2":"type-product","3":"status-publish","4":"has-post-thumbnail","6":"product_cat-kirby-accessori","7":"product_cat-kirby-turbo-spazzola","8":"product_shipping_class-klein-it","10":"first","11":"instock","12":"sale","13":"taxable","14":"shipping-taxable","15":"purchasable","16":"product-type-simple"},"yoast_head":"<!-- This site is optimized with the Yoast SEO Premium plugin v27.1 (Yoast SEO v27.4) - https:\/\/yoast.com\/product\/yoast-seo-premium-wordpress\/ -->\n<title>Spazzola Turbo per aspirapolveri Kirby Veltec propria marca<\/title>\n<meta name=\"description\" content=\"Spazzola Turbo per aspirapolveri Kirby Veltec propria marca. Rimuove peli di animali e sporco, compatibile con tutti i modelli Kirby.\" \/>\n<meta name=\"robots\" content=\"index, follow, max-snippet:-1, max-image-preview:large, max-video-preview:-1\" \/>\n<link rel=\"canonical\" href=\"https:\/\/www.veltec.eu\/nl\/product\/turbo-borstel-voor-kirby-stofzuigers-veltec-eigen-merk-nl656578\/\" \/>\n<meta property=\"og:locale\" content=\"it_IT\" \/>\n<meta property=\"og:type\" content=\"article\" \/>\n<meta property=\"og:title\" content=\"Spazzola Turbo per aspirapolveri Kirby Veltec propria marca\" \/>\n<meta property=\"og:description\" content=\"La spazzola turbo per aspirapolveri Kirby Veltec propria marca offre pulizia profonda di divani, tende e tappezzeria. Ideale per rimuovere peli di animali e sporco ostinato con facilit\u00e0.    In magazzino   Ordinato prima della 23:59, spedito domani  &nbsp;\" \/>\n<meta property=\"og:url\" content=\"https:\/\/www.veltec.eu\/nl\/product\/turbo-borstel-voor-kirby-stofzuigers-veltec-eigen-merk-nl656578\/\" \/>\n<meta property=\"og:site_name\" content=\"Veltec Kirby specialist\" \/>\n<meta property=\"article:publisher\" content=\"https:\/\/www.facebook.com\/Veltec-Kirby-Specialist-236746293374877\/\" \/>\n<meta property=\"article:modified_time\" content=\"2026-02-16T08:57:55+00:00\" \/>\n<meta property=\"og:image\" content=\"https:\/\/www.veltec.eu\/wp-content\/uploads\/2018\/10\/fa-57015-1.jpg\" \/>\n\t<meta property=\"og:image:width\" content=\"500\" \/>\n\t<meta property=\"og:image:height\" content=\"500\" \/>\n\t<meta property=\"og:image:type\" content=\"image\/jpeg\" \/>\n<meta name=\"twitter:card\" content=\"summary_large_image\" \/>\n<meta name=\"twitter:label1\" content=\"Tempo di lettura stimato\" \/>\n\t<meta name=\"twitter:data1\" content=\"3 minuti\" \/>\n<script type=\"application\/ld+json\" class=\"yoast-schema-graph\">{\"@context\":\"https:\\\/\\\/schema.org\",\"@graph\":[{\"@type\":\"WebPage\",\"@id\":\"https:\\\/\\\/www.veltec.eu\\\/nl\\\/product\\\/turbo-borstel-voor-kirby-stofzuigers-veltec-eigen-merk-nl656578\\\/\",\"url\":\"https:\\\/\\\/www.veltec.eu\\\/nl\\\/product\\\/turbo-borstel-voor-kirby-stofzuigers-veltec-eigen-merk-nl656578\\\/\",\"name\":\"Spazzola Turbo per aspirapolveri Kirby Veltec propria marca\",\"isPartOf\":{\"@id\":\"https:\\\/\\\/www.veltec.eu\\\/en\\\/#website\"},\"primaryImageOfPage\":{\"@id\":\"https:\\\/\\\/www.veltec.eu\\\/nl\\\/product\\\/turbo-borstel-voor-kirby-stofzuigers-veltec-eigen-merk-nl656578\\\/#primaryimage\"},\"image\":{\"@id\":\"https:\\\/\\\/www.veltec.eu\\\/nl\\\/product\\\/turbo-borstel-voor-kirby-stofzuigers-veltec-eigen-merk-nl656578\\\/#primaryimage\"},\"thumbnailUrl\":\"https:\\\/\\\/www.veltec.eu\\\/wp-content\\\/uploads\\\/2018\\\/10\\\/fa-57015-1.jpg\",\"datePublished\":\"2018-10-19T13:33:44+00:00\",\"dateModified\":\"2026-02-16T08:57:55+00:00\",\"description\":\"Spazzola Turbo per aspirapolveri Kirby Veltec propria marca. Rimuove peli di animali e sporco, compatibile con tutti i modelli Kirby.\",\"breadcrumb\":{\"@id\":\"https:\\\/\\\/www.veltec.eu\\\/nl\\\/product\\\/turbo-borstel-voor-kirby-stofzuigers-veltec-eigen-merk-nl656578\\\/#breadcrumb\"},\"inLanguage\":\"it-IT\",\"potentialAction\":[{\"@type\":\"ReadAction\",\"target\":[\"https:\\\/\\\/www.veltec.eu\\\/nl\\\/product\\\/turbo-borstel-voor-kirby-stofzuigers-veltec-eigen-merk-nl656578\\\/\"]}]},{\"@type\":\"ImageObject\",\"inLanguage\":\"it-IT\",\"@id\":\"https:\\\/\\\/www.veltec.eu\\\/nl\\\/product\\\/turbo-borstel-voor-kirby-stofzuigers-veltec-eigen-merk-nl656578\\\/#primaryimage\",\"url\":\"https:\\\/\\\/www.veltec.eu\\\/wp-content\\\/uploads\\\/2018\\\/10\\\/fa-57015-1.jpg\",\"contentUrl\":\"https:\\\/\\\/www.veltec.eu\\\/wp-content\\\/uploads\\\/2018\\\/10\\\/fa-57015-1.jpg\",\"width\":500,\"height\":500},{\"@type\":\"BreadcrumbList\",\"@id\":\"https:\\\/\\\/www.veltec.eu\\\/nl\\\/product\\\/turbo-borstel-voor-kirby-stofzuigers-veltec-eigen-merk-nl656578\\\/#breadcrumb\",\"itemListElement\":[{\"@type\":\"ListItem\",\"position\":1,\"name\":\"Home\",\"item\":\"https:\\\/\\\/www.veltec.eu\\\/it\\\/\"},{\"@type\":\"ListItem\",\"position\":2,\"name\":\"Produits\",\"item\":\"https:\\\/\\\/www.veltec.eu\\\/fr\\\/shop\\\/\"},{\"@type\":\"ListItem\",\"position\":3,\"name\":\"Spazzola Turbo per aspirapolveri Kirby Veltec propria marca\"}]},{\"@type\":\"WebSite\",\"@id\":\"https:\\\/\\\/www.veltec.eu\\\/en\\\/#website\",\"url\":\"https:\\\/\\\/www.veltec.eu\\\/en\\\/\",\"name\":\"Veltec Kirby specialist\",\"description\":\"Kirby stofzuiger producten\",\"publisher\":{\"@id\":\"https:\\\/\\\/www.veltec.eu\\\/en\\\/#organization\"},\"potentialAction\":[{\"@type\":\"SearchAction\",\"target\":{\"@type\":\"EntryPoint\",\"urlTemplate\":\"https:\\\/\\\/www.veltec.eu\\\/en\\\/?s={search_term_string}\"},\"query-input\":{\"@type\":\"PropertyValueSpecification\",\"valueRequired\":true,\"valueName\":\"search_term_string\"}}],\"inLanguage\":\"it-IT\"},{\"@type\":\"Organization\",\"@id\":\"https:\\\/\\\/www.veltec.eu\\\/en\\\/#organization\",\"name\":\"Veltec Kirby Specialist\",\"url\":\"https:\\\/\\\/www.veltec.eu\\\/en\\\/\",\"logo\":{\"@type\":\"ImageObject\",\"inLanguage\":\"it-IT\",\"@id\":\"https:\\\/\\\/www.veltec.eu\\\/en\\\/#\\\/schema\\\/logo\\\/image\\\/\",\"url\":\"https:\\\/\\\/www.veltec.eu\\\/wp-content\\\/uploads\\\/2021\\\/12\\\/Veltec-log-groot-e1537260889125.png\",\"contentUrl\":\"https:\\\/\\\/www.veltec.eu\\\/wp-content\\\/uploads\\\/2021\\\/12\\\/Veltec-log-groot-e1537260889125.png\",\"width\":200,\"height\":60,\"caption\":\"Veltec Kirby Specialist\"},\"image\":{\"@id\":\"https:\\\/\\\/www.veltec.eu\\\/en\\\/#\\\/schema\\\/logo\\\/image\\\/\"},\"sameAs\":[\"https:\\\/\\\/www.facebook.com\\\/Veltec-Kirby-Specialist-236746293374877\\\/\",\"https:\\\/\\\/www.youtube.com\\\/user\\\/VeltecService\"]}]}<\/script>\n<!-- \/ Yoast SEO Premium plugin. -->","yoast_head_json":{"title":"Spazzola Turbo per aspirapolveri Kirby Veltec propria marca","description":"Spazzola Turbo per aspirapolveri Kirby Veltec propria marca. Rimuove peli di animali e sporco, compatibile con tutti i modelli Kirby.","robots":{"index":"index","follow":"follow","max-snippet":"max-snippet:-1","max-image-preview":"max-image-preview:large","max-video-preview":"max-video-preview:-1"},"canonical":"https:\/\/www.veltec.eu\/nl\/product\/turbo-borstel-voor-kirby-stofzuigers-veltec-eigen-merk-nl656578\/","og_locale":"it_IT","og_type":"article","og_title":"Spazzola Turbo per aspirapolveri Kirby Veltec propria marca","og_description":"La spazzola turbo per aspirapolveri Kirby Veltec propria marca offre pulizia profonda di divani, tende e tappezzeria. Ideale per rimuovere peli di animali e sporco ostinato con facilit\u00e0.    In magazzino   Ordinato prima della 23:59, spedito domani  &nbsp;","og_url":"https:\/\/www.veltec.eu\/nl\/product\/turbo-borstel-voor-kirby-stofzuigers-veltec-eigen-merk-nl656578\/","og_site_name":"Veltec Kirby specialist","article_publisher":"https:\/\/www.facebook.com\/Veltec-Kirby-Specialist-236746293374877\/","article_modified_time":"2026-02-16T08:57:55+00:00","og_image":[{"width":500,"height":500,"url":"https:\/\/www.veltec.eu\/wp-content\/uploads\/2018\/10\/fa-57015-1.jpg","type":"image\/jpeg"}],"twitter_card":"summary_large_image","twitter_misc":{"Tempo di lettura stimato":"3 minuti"},"schema":{"@context":"https:\/\/schema.org","@graph":[{"@type":"WebPage","@id":"https:\/\/www.veltec.eu\/nl\/product\/turbo-borstel-voor-kirby-stofzuigers-veltec-eigen-merk-nl656578\/","url":"https:\/\/www.veltec.eu\/nl\/product\/turbo-borstel-voor-kirby-stofzuigers-veltec-eigen-merk-nl656578\/","name":"Spazzola Turbo per aspirapolveri Kirby Veltec propria marca","isPartOf":{"@id":"https:\/\/www.veltec.eu\/en\/#website"},"primaryImageOfPage":{"@id":"https:\/\/www.veltec.eu\/nl\/product\/turbo-borstel-voor-kirby-stofzuigers-veltec-eigen-merk-nl656578\/#primaryimage"},"image":{"@id":"https:\/\/www.veltec.eu\/nl\/product\/turbo-borstel-voor-kirby-stofzuigers-veltec-eigen-merk-nl656578\/#primaryimage"},"thumbnailUrl":"https:\/\/www.veltec.eu\/wp-content\/uploads\/2018\/10\/fa-57015-1.jpg","datePublished":"2018-10-19T13:33:44+00:00","dateModified":"2026-02-16T08:57:55+00:00","description":"Spazzola Turbo per aspirapolveri Kirby Veltec propria marca. Rimuove peli di animali e sporco, compatibile con tutti i modelli Kirby.","breadcrumb":{"@id":"https:\/\/www.veltec.eu\/nl\/product\/turbo-borstel-voor-kirby-stofzuigers-veltec-eigen-merk-nl656578\/#breadcrumb"},"inLanguage":"it-IT","potentialAction":[{"@type":"ReadAction","target":["https:\/\/www.veltec.eu\/nl\/product\/turbo-borstel-voor-kirby-stofzuigers-veltec-eigen-merk-nl656578\/"]}]},{"@type":"ImageObject","inLanguage":"it-IT","@id":"https:\/\/www.veltec.eu\/nl\/product\/turbo-borstel-voor-kirby-stofzuigers-veltec-eigen-merk-nl656578\/#primaryimage","url":"https:\/\/www.veltec.eu\/wp-content\/uploads\/2018\/10\/fa-57015-1.jpg","contentUrl":"https:\/\/www.veltec.eu\/wp-content\/uploads\/2018\/10\/fa-57015-1.jpg","width":500,"height":500},{"@type":"BreadcrumbList","@id":"https:\/\/www.veltec.eu\/nl\/product\/turbo-borstel-voor-kirby-stofzuigers-veltec-eigen-merk-nl656578\/#breadcrumb","itemListElement":[{"@type":"ListItem","position":1,"name":"Home","item":"https:\/\/www.veltec.eu\/it\/"},{"@type":"ListItem","position":2,"name":"Produits","item":"https:\/\/www.veltec.eu\/fr\/shop\/"},{"@type":"ListItem","position":3,"name":"Spazzola Turbo per aspirapolveri Kirby Veltec propria marca"}]},{"@type":"WebSite","@id":"https:\/\/www.veltec.eu\/en\/#website","url":"https:\/\/www.veltec.eu\/en\/","name":"Veltec Kirby specialist","description":"Kirby stofzuiger producten","publisher":{"@id":"https:\/\/www.veltec.eu\/en\/#organization"},"potentialAction":[{"@type":"SearchAction","target":{"@type":"EntryPoint","urlTemplate":"https:\/\/www.veltec.eu\/en\/?s={search_term_string}"},"query-input":{"@type":"PropertyValueSpecification","valueRequired":true,"valueName":"search_term_string"}}],"inLanguage":"it-IT"},{"@type":"Organization","@id":"https:\/\/www.veltec.eu\/en\/#organization","name":"Veltec Kirby Specialist","url":"https:\/\/www.veltec.eu\/en\/","logo":{"@type":"ImageObject","inLanguage":"it-IT","@id":"https:\/\/www.veltec.eu\/en\/#\/schema\/logo\/image\/","url":"https:\/\/www.veltec.eu\/wp-content\/uploads\/2021\/12\/Veltec-log-groot-e1537260889125.png","contentUrl":"https:\/\/www.veltec.eu\/wp-content\/uploads\/2021\/12\/Veltec-log-groot-e1537260889125.png","width":200,"height":60,"caption":"Veltec Kirby Specialist"},"image":{"@id":"https:\/\/www.veltec.eu\/en\/#\/schema\/logo\/image\/"},"sameAs":["https:\/\/www.facebook.com\/Veltec-Kirby-Specialist-236746293374877\/","https:\/\/www.youtube.com\/user\/VeltecService"]}]}},"_links":{"self":[{"href":"https:\/\/www.veltec.eu\/it\/wp-json\/wp\/v2\/product\/11077","targetHints":{"allow":["GET"]}}],"collection":[{"href":"https:\/\/www.veltec.eu\/it\/wp-json\/wp\/v2\/product"}],"about":[{"href":"https:\/\/www.veltec.eu\/it\/wp-json\/wp\/v2\/types\/product"}],"replies":[{"embeddable":true,"href":"https:\/\/www.veltec.eu\/it\/wp-json\/wp\/v2\/comments?post=11077"}],"wp:featuredmedia":[{"embeddable":true,"href":"https:\/\/www.veltec.eu\/it\/wp-json\/wp\/v2\/media\/37293"}],"wp:attachment":[{"href":"https:\/\/www.veltec.eu\/it\/wp-json\/wp\/v2\/media?parent=11077"}],"wp:term":[{"taxonomy":"product_brand","embeddable":true,"href":"https:\/\/www.veltec.eu\/it\/wp-json\/wp\/v2\/product_brand?post=11077"},{"taxonomy":"product_cat","embeddable":true,"href":"https:\/\/www.veltec.eu\/it\/wp-json\/wp\/v2\/product_cat?post=11077"},{"taxonomy":"product_tag","embeddable":true,"href":"https:\/\/www.veltec.eu\/it\/wp-json\/wp\/v2\/product_tag?post=11077"}],"curies":[{"name":"wp","href":"https:\/\/api.w.org\/{rel}","templated":true}]}}