{"id":11072,"date":"2018-10-19T15:38:24","date_gmt":"2018-10-19T13:38:24","guid":{"rendered":"https:\/\/www.veltec.eu\/kirby-webshop\/kirby-pennello-battiscopa-nl3089\/"},"modified":"2026-02-13T09:18:37","modified_gmt":"2026-02-13T07:18:37","slug":"kirby-pennello-battiscopa-nl3089","status":"publish","type":"product","link":"https:\/\/www.veltec.eu\/it\/product\/kirby-pennello-battiscopa-nl3089\/","title":{"rendered":"Kirby Pennello Battiscopa"},"content":{"rendered":"<h1 data-start=\"130\" data-end=\"159\">Kirby Pennello Battiscopa<\/h1>\n<p data-start=\"161\" data-end=\"470\">Il Kirby Pennello Battiscopa \u00e8 stato appositamente progettato per la pulizia di battiscopa, radiatori e altre aree difficili da raggiungere. Grazie al design sottile e alla potente aspirazione del vostro aspirapolvere Kirby, rimuove efficacemente polvere, briciole e sporco ostinato negli spazi stretti.<\/p>\n<h2 data-start=\"472\" data-end=\"536\">Kirby Pennello Battiscopa per aree difficili da raggiungere<\/h2>\n<p data-start=\"538\" data-end=\"930\">Il Kirby Pennello Battiscopa \u00e8 studiato per pulire in profondit\u00e0 fessure, angoli e spazi stretti, garantendo che non rimanga alcuna traccia di polvere. Inoltre, il modello allungato consente di raggiungere facilmente sotto i mobili e lungo i bordi, mantenendo al massimo la potenza di aspirazione. Questo rende la pulizia non solo pi\u00f9 semplice, ma anche significativamente pi\u00f9 efficace.<\/p>\n<p data-start=\"932\" data-end=\"1227\">In aggiunta, questo pennello per Kirby \u00e8 dotato di un pratico spazzolino aggiuntivo che aiuta a staccare lo sporco ostinato prima che venga aspirato. Cos\u00ec, \u00e8 possibile combinare la pulizia meccanica con una potente aspirazione in un solo gesto, ottenendo risultati professionali in meno tempo.<\/p>\n<h2 data-start=\"1229\" data-end=\"1282\">Compatibilit\u00e0 universale del Pennello Battiscopa<\/h2>\n<p data-start=\"1284\" data-end=\"1467\">Il Kirby pennello battiscopa \u00e8 universale e quindi compatibile con tutti i modelli di aspirapolvere Kirby. Non \u00e8 necessario preoccuparsi di adattatori o connessioni particolari.<\/p>\n<h3 data-start=\"1469\" data-end=\"1500\">Modelli Kirby compatibili<\/h3>\n<p data-start=\"1502\" data-end=\"1566\">Questo pennello si adatta, tra gli altri, ai seguenti modelli:<\/p>\n<ul data-start=\"1567\" data-end=\"1808\">\n<li data-start=\"1567\" data-end=\"1586\">Avalir Platinum<\/li>\n<li data-start=\"1587\" data-end=\"1599\">Avalir 2<\/li>\n<li data-start=\"1600\" data-end=\"1612\">Avalir 1<\/li>\n<li data-start=\"1613\" data-end=\"1633\">Sentria 2 (G10D)<\/li>\n<li data-start=\"1634\" data-end=\"1653\">Sentria 1 (G10)<\/li>\n<li data-start=\"1654\" data-end=\"1695\">Ultimate G Diamond Edition (G7D \/ DE)<\/li>\n<li data-start=\"1696\" data-end=\"1720\">Ultimate G (G7 \/ UG)<\/li>\n<li data-start=\"1721\" data-end=\"1742\">Generation 6 (G6)<\/li>\n<li data-start=\"1743\" data-end=\"1764\">Generation 5 (G5)<\/li>\n<li data-start=\"1765\" data-end=\"1786\">Generation 4 (G4)<\/li>\n<li data-start=\"1787\" data-end=\"1808\">Generation 3 (G3)<\/li>\n<\/ul>\n<p data-start=\"1810\" data-end=\"1953\">Pertanto, il Kirby pennello battiscopa rappresenta un accessorio versatile sia per i sistemi Kirby pi\u00f9 recenti che per quelli pi\u00f9 datati.<\/p>\n<h2 data-start=\"1955\" data-end=\"1998\">Vantaggi del Kirby Pennello Battiscopa<\/h2>\n<p data-start=\"2000\" data-end=\"2342\">Il pennello offre innanzitutto il massimo controllo nella pulizia di battiscopa e radiatori grazie all\u2019ugello stretto e mirato. Lo spazzolino integrato aumenta l\u2019efficienza, poich\u00e9 lo sporco viene staccato attivamente prima di essere aspirato. Inoltre, il materiale resistente assicura una lunga durata, anche in caso di utilizzo frequente.<\/p>\n<p data-start=\"2344\" data-end=\"2520\">In aggiunta, il pennello si collega perfettamente al tubo o all\u2019adattatore dell\u2019aspirapolvere, senza perdita di aspirazione, garantendo prestazioni costanti ad ogni utilizzo.<\/p>\n<h2 data-start=\"2522\" data-end=\"2569\">Struttura durevole del Pennello Battiscopa<\/h2>\n<p data-start=\"2571\" data-end=\"2882\">Il Kirby pennello battiscopa \u00e8 realizzato in plastica di alta qualit\u00e0, resistente all\u2019uso domestico intensivo. La forma rimane stabile anche quando si utilizza lungo superfici dure, mentre le setole sono abbastanza rigide da staccare lo sporco, ma sufficientemente morbide da non danneggiare le superfici.<\/p>\n<h2 data-start=\"2884\" data-end=\"2931\">Utilizzo e ampliamento con accessori Kirby<\/h2>\n<p data-start=\"2933\" data-end=\"3157\">Collegate facilmente il Kirby pennello battiscopa al tubo o al manico e iniziate subito a pulire. Muovetevi agevolmente lungo battiscopa, tra radiatori e sotto i mobili, mentre la polvere viene aspirata immediatamente.<\/p>\n<p data-start=\"3159\" data-end=\"3604\">Per una soluzione completa, abbinate questo pennello ad altri accessori del nostro assortimento. Consultate, ad esempio, <a href=\"https:\/\/www.veltec.eu\/it\/kirby-accessori\/\" target=\"_blank\" rel=\"noopener\">tutti gli accessori Kirby<\/a> per ulteriori possibilit\u00e0. Inoltre, nel nostro articolo del blog\u00a0 <a href=\"https:\/\/www.servizio-aspirapolvere-kirby.it\/set-di-ricambi-kirby\/\" target=\"_blank\" rel=\"noopener\">&#8220;Scoprite la versatilit\u00e0 del set di componenti Kirby&#8221;<\/a> potrete leggere come sfruttare al meglio il vostro Kirby.<\/p>\n","protected":false},"excerpt":{"rendered":"<p data-start=\"374\" data-end=\"589\">Il Kirby pennello battiscopa rimuove polvere e sporco da battiscopa, radiatori e angoli difficili. Compatibile con tutti gli aspirapolvere Kirby per risultati ottimali.<\/p>\n[trustindex data-widget-id=de4365f24f22281a6b165ed75b0]\n<h3><span style=\"color: #008000;\"><br \/>\nIn magazzino<\/span><\/h3>\n[av_font_icon icon='ue812' font='entypo-fontello' style='' caption='' size='25px' position='left' color='#43ad66' link='' linktarget='' title_attr='' sonar_effect_effect='' sonar_effect_color='' sonar_effect_duration='1' sonar_effect_scale='' sonar_effect_opac='0.5' animation='' id='' custom_class='' template_class='' av_uid='' sc_version='1.0' admin_preview_bg=''][\/av_font_icon]\n<p><span style=\"color: #008000;\">Ordinato prima della 23:59, spedito domani<\/span><\/p>\n<p>&nbsp;<\/p>\n","protected":false},"featured_media":32650,"comment_status":"open","ping_status":"closed","template":"","meta":[],"product_brand":[],"product_cat":[356],"product_tag":[],"class_list":{"0":"post-11072","1":"product","2":"type-product","3":"status-publish","4":"has-post-thumbnail","6":"product_cat-kirby-accessori","7":"product_shipping_class-klein-it","9":"first","10":"instock","11":"taxable","12":"shipping-taxable","13":"purchasable","14":"product-type-simple"},"yoast_head":"<!-- This site is optimized with the Yoast SEO Premium plugin v27.1 (Yoast SEO v27.4) - https:\/\/yoast.com\/product\/yoast-seo-premium-wordpress\/ -->\n<title>Kirby Pennello Battiscopa \u2013 Pulizia Precisa di Battiscopa<\/title>\n<meta name=\"description\" content=\"Il Kirby Pennello Battiscopa pulisce battiscopa, radiatori e spazi stretti. Compatibile con tutti i modelli Kirby per una pulizia efficace.\" \/>\n<meta name=\"robots\" content=\"index, follow, max-snippet:-1, max-image-preview:large, max-video-preview:-1\" \/>\n<link rel=\"canonical\" href=\"https:\/\/www.veltec.eu\/it\/product\/kirby-pennello-battiscopa-nl3089\/\" \/>\n<meta property=\"og:locale\" content=\"it_IT\" \/>\n<meta property=\"og:type\" content=\"article\" \/>\n<meta property=\"og:title\" content=\"Kirby Pennello Battiscopa\" \/>\n<meta property=\"og:description\" content=\"Il Kirby pennello battiscopa rimuove polvere e sporco da battiscopa, radiatori e angoli difficili. Compatibile con tutti gli aspirapolvere Kirby per risultati ottimali.   In magazzino   Ordinato prima della 23:59, spedito domani  &nbsp;\" \/>\n<meta property=\"og:url\" content=\"https:\/\/www.veltec.eu\/it\/product\/kirby-pennello-battiscopa-nl3089\/\" \/>\n<meta property=\"og:site_name\" content=\"Veltec Kirby specialist\" \/>\n<meta property=\"article:publisher\" content=\"https:\/\/www.facebook.com\/Veltec-Kirby-Specialist-236746293374877\/\" \/>\n<meta property=\"article:modified_time\" content=\"2026-02-13T07:18:37+00:00\" \/>\n<meta property=\"og:image\" content=\"https:\/\/www.veltec.eu\/wp-content\/uploads\/2018\/10\/kirby_parts_82-1.jpg\" \/>\n\t<meta property=\"og:image:width\" content=\"300\" \/>\n\t<meta property=\"og:image:height\" content=\"300\" \/>\n\t<meta property=\"og:image:type\" content=\"image\/jpeg\" \/>\n<meta name=\"twitter:card\" content=\"summary_large_image\" \/>\n<meta name=\"twitter:label1\" content=\"Tempo di lettura stimato\" \/>\n\t<meta name=\"twitter:data1\" content=\"3 minuti\" \/>\n<script type=\"application\/ld+json\" class=\"yoast-schema-graph\">{\"@context\":\"https:\\\/\\\/schema.org\",\"@graph\":[{\"@type\":\"WebPage\",\"@id\":\"https:\\\/\\\/www.veltec.eu\\\/it\\\/product\\\/kirby-pennello-battiscopa-nl3089\\\/\",\"url\":\"https:\\\/\\\/www.veltec.eu\\\/it\\\/product\\\/kirby-pennello-battiscopa-nl3089\\\/\",\"name\":\"Kirby Pennello Battiscopa \u2013 Pulizia Precisa di Battiscopa\",\"isPartOf\":{\"@id\":\"https:\\\/\\\/www.veltec.eu\\\/en\\\/#website\"},\"primaryImageOfPage\":{\"@id\":\"https:\\\/\\\/www.veltec.eu\\\/it\\\/product\\\/kirby-pennello-battiscopa-nl3089\\\/#primaryimage\"},\"image\":{\"@id\":\"https:\\\/\\\/www.veltec.eu\\\/it\\\/product\\\/kirby-pennello-battiscopa-nl3089\\\/#primaryimage\"},\"thumbnailUrl\":\"https:\\\/\\\/www.veltec.eu\\\/wp-content\\\/uploads\\\/2018\\\/10\\\/kirby_parts_82-1.jpg\",\"datePublished\":\"2018-10-19T13:38:24+00:00\",\"dateModified\":\"2026-02-13T07:18:37+00:00\",\"description\":\"Il Kirby Pennello Battiscopa pulisce battiscopa, radiatori e spazi stretti. Compatibile con tutti i modelli Kirby per una pulizia efficace.\",\"breadcrumb\":{\"@id\":\"https:\\\/\\\/www.veltec.eu\\\/it\\\/product\\\/kirby-pennello-battiscopa-nl3089\\\/#breadcrumb\"},\"inLanguage\":\"it-IT\",\"potentialAction\":[{\"@type\":\"ReadAction\",\"target\":[\"https:\\\/\\\/www.veltec.eu\\\/it\\\/product\\\/kirby-pennello-battiscopa-nl3089\\\/\"]}]},{\"@type\":\"ImageObject\",\"inLanguage\":\"it-IT\",\"@id\":\"https:\\\/\\\/www.veltec.eu\\\/it\\\/product\\\/kirby-pennello-battiscopa-nl3089\\\/#primaryimage\",\"url\":\"https:\\\/\\\/www.veltec.eu\\\/wp-content\\\/uploads\\\/2018\\\/10\\\/kirby_parts_82-1.jpg\",\"contentUrl\":\"https:\\\/\\\/www.veltec.eu\\\/wp-content\\\/uploads\\\/2018\\\/10\\\/kirby_parts_82-1.jpg\",\"width\":300,\"height\":300},{\"@type\":\"BreadcrumbList\",\"@id\":\"https:\\\/\\\/www.veltec.eu\\\/it\\\/product\\\/kirby-pennello-battiscopa-nl3089\\\/#breadcrumb\",\"itemListElement\":[{\"@type\":\"ListItem\",\"position\":1,\"name\":\"Home\",\"item\":\"https:\\\/\\\/www.veltec.eu\\\/it\\\/\"},{\"@type\":\"ListItem\",\"position\":2,\"name\":\"Produits\",\"item\":\"https:\\\/\\\/www.veltec.eu\\\/fr\\\/shop\\\/\"},{\"@type\":\"ListItem\",\"position\":3,\"name\":\"Kirby Pennello Battiscopa\"}]},{\"@type\":\"WebSite\",\"@id\":\"https:\\\/\\\/www.veltec.eu\\\/en\\\/#website\",\"url\":\"https:\\\/\\\/www.veltec.eu\\\/en\\\/\",\"name\":\"Veltec Kirby specialist\",\"description\":\"Kirby stofzuiger producten\",\"publisher\":{\"@id\":\"https:\\\/\\\/www.veltec.eu\\\/en\\\/#organization\"},\"potentialAction\":[{\"@type\":\"SearchAction\",\"target\":{\"@type\":\"EntryPoint\",\"urlTemplate\":\"https:\\\/\\\/www.veltec.eu\\\/en\\\/?s={search_term_string}\"},\"query-input\":{\"@type\":\"PropertyValueSpecification\",\"valueRequired\":true,\"valueName\":\"search_term_string\"}}],\"inLanguage\":\"it-IT\"},{\"@type\":\"Organization\",\"@id\":\"https:\\\/\\\/www.veltec.eu\\\/en\\\/#organization\",\"name\":\"Veltec Kirby Specialist\",\"url\":\"https:\\\/\\\/www.veltec.eu\\\/en\\\/\",\"logo\":{\"@type\":\"ImageObject\",\"inLanguage\":\"it-IT\",\"@id\":\"https:\\\/\\\/www.veltec.eu\\\/en\\\/#\\\/schema\\\/logo\\\/image\\\/\",\"url\":\"https:\\\/\\\/www.veltec.eu\\\/wp-content\\\/uploads\\\/2021\\\/12\\\/Veltec-log-groot-e1537260889125.png\",\"contentUrl\":\"https:\\\/\\\/www.veltec.eu\\\/wp-content\\\/uploads\\\/2021\\\/12\\\/Veltec-log-groot-e1537260889125.png\",\"width\":200,\"height\":60,\"caption\":\"Veltec Kirby Specialist\"},\"image\":{\"@id\":\"https:\\\/\\\/www.veltec.eu\\\/en\\\/#\\\/schema\\\/logo\\\/image\\\/\"},\"sameAs\":[\"https:\\\/\\\/www.facebook.com\\\/Veltec-Kirby-Specialist-236746293374877\\\/\",\"https:\\\/\\\/www.youtube.com\\\/user\\\/VeltecService\"]}]}<\/script>\n<!-- \/ Yoast SEO Premium plugin. -->","yoast_head_json":{"title":"Kirby Pennello Battiscopa \u2013 Pulizia Precisa di Battiscopa","description":"Il Kirby Pennello Battiscopa pulisce battiscopa, radiatori e spazi stretti. Compatibile con tutti i modelli Kirby per una pulizia efficace.","robots":{"index":"index","follow":"follow","max-snippet":"max-snippet:-1","max-image-preview":"max-image-preview:large","max-video-preview":"max-video-preview:-1"},"canonical":"https:\/\/www.veltec.eu\/it\/product\/kirby-pennello-battiscopa-nl3089\/","og_locale":"it_IT","og_type":"article","og_title":"Kirby Pennello Battiscopa","og_description":"Il Kirby pennello battiscopa rimuove polvere e sporco da battiscopa, radiatori e angoli difficili. Compatibile con tutti gli aspirapolvere Kirby per risultati ottimali.   In magazzino   Ordinato prima della 23:59, spedito domani  &nbsp;","og_url":"https:\/\/www.veltec.eu\/it\/product\/kirby-pennello-battiscopa-nl3089\/","og_site_name":"Veltec Kirby specialist","article_publisher":"https:\/\/www.facebook.com\/Veltec-Kirby-Specialist-236746293374877\/","article_modified_time":"2026-02-13T07:18:37+00:00","og_image":[{"width":300,"height":300,"url":"https:\/\/www.veltec.eu\/wp-content\/uploads\/2018\/10\/kirby_parts_82-1.jpg","type":"image\/jpeg"}],"twitter_card":"summary_large_image","twitter_misc":{"Tempo di lettura stimato":"3 minuti"},"schema":{"@context":"https:\/\/schema.org","@graph":[{"@type":"WebPage","@id":"https:\/\/www.veltec.eu\/it\/product\/kirby-pennello-battiscopa-nl3089\/","url":"https:\/\/www.veltec.eu\/it\/product\/kirby-pennello-battiscopa-nl3089\/","name":"Kirby Pennello Battiscopa \u2013 Pulizia Precisa di Battiscopa","isPartOf":{"@id":"https:\/\/www.veltec.eu\/en\/#website"},"primaryImageOfPage":{"@id":"https:\/\/www.veltec.eu\/it\/product\/kirby-pennello-battiscopa-nl3089\/#primaryimage"},"image":{"@id":"https:\/\/www.veltec.eu\/it\/product\/kirby-pennello-battiscopa-nl3089\/#primaryimage"},"thumbnailUrl":"https:\/\/www.veltec.eu\/wp-content\/uploads\/2018\/10\/kirby_parts_82-1.jpg","datePublished":"2018-10-19T13:38:24+00:00","dateModified":"2026-02-13T07:18:37+00:00","description":"Il Kirby Pennello Battiscopa pulisce battiscopa, radiatori e spazi stretti. Compatibile con tutti i modelli Kirby per una pulizia efficace.","breadcrumb":{"@id":"https:\/\/www.veltec.eu\/it\/product\/kirby-pennello-battiscopa-nl3089\/#breadcrumb"},"inLanguage":"it-IT","potentialAction":[{"@type":"ReadAction","target":["https:\/\/www.veltec.eu\/it\/product\/kirby-pennello-battiscopa-nl3089\/"]}]},{"@type":"ImageObject","inLanguage":"it-IT","@id":"https:\/\/www.veltec.eu\/it\/product\/kirby-pennello-battiscopa-nl3089\/#primaryimage","url":"https:\/\/www.veltec.eu\/wp-content\/uploads\/2018\/10\/kirby_parts_82-1.jpg","contentUrl":"https:\/\/www.veltec.eu\/wp-content\/uploads\/2018\/10\/kirby_parts_82-1.jpg","width":300,"height":300},{"@type":"BreadcrumbList","@id":"https:\/\/www.veltec.eu\/it\/product\/kirby-pennello-battiscopa-nl3089\/#breadcrumb","itemListElement":[{"@type":"ListItem","position":1,"name":"Home","item":"https:\/\/www.veltec.eu\/it\/"},{"@type":"ListItem","position":2,"name":"Produits","item":"https:\/\/www.veltec.eu\/fr\/shop\/"},{"@type":"ListItem","position":3,"name":"Kirby Pennello Battiscopa"}]},{"@type":"WebSite","@id":"https:\/\/www.veltec.eu\/en\/#website","url":"https:\/\/www.veltec.eu\/en\/","name":"Veltec Kirby specialist","description":"Kirby stofzuiger producten","publisher":{"@id":"https:\/\/www.veltec.eu\/en\/#organization"},"potentialAction":[{"@type":"SearchAction","target":{"@type":"EntryPoint","urlTemplate":"https:\/\/www.veltec.eu\/en\/?s={search_term_string}"},"query-input":{"@type":"PropertyValueSpecification","valueRequired":true,"valueName":"search_term_string"}}],"inLanguage":"it-IT"},{"@type":"Organization","@id":"https:\/\/www.veltec.eu\/en\/#organization","name":"Veltec Kirby Specialist","url":"https:\/\/www.veltec.eu\/en\/","logo":{"@type":"ImageObject","inLanguage":"it-IT","@id":"https:\/\/www.veltec.eu\/en\/#\/schema\/logo\/image\/","url":"https:\/\/www.veltec.eu\/wp-content\/uploads\/2021\/12\/Veltec-log-groot-e1537260889125.png","contentUrl":"https:\/\/www.veltec.eu\/wp-content\/uploads\/2021\/12\/Veltec-log-groot-e1537260889125.png","width":200,"height":60,"caption":"Veltec Kirby Specialist"},"image":{"@id":"https:\/\/www.veltec.eu\/en\/#\/schema\/logo\/image\/"},"sameAs":["https:\/\/www.facebook.com\/Veltec-Kirby-Specialist-236746293374877\/","https:\/\/www.youtube.com\/user\/VeltecService"]}]}},"_links":{"self":[{"href":"https:\/\/www.veltec.eu\/it\/wp-json\/wp\/v2\/product\/11072","targetHints":{"allow":["GET"]}}],"collection":[{"href":"https:\/\/www.veltec.eu\/it\/wp-json\/wp\/v2\/product"}],"about":[{"href":"https:\/\/www.veltec.eu\/it\/wp-json\/wp\/v2\/types\/product"}],"replies":[{"embeddable":true,"href":"https:\/\/www.veltec.eu\/it\/wp-json\/wp\/v2\/comments?post=11072"}],"wp:featuredmedia":[{"embeddable":true,"href":"https:\/\/www.veltec.eu\/it\/wp-json\/wp\/v2\/media\/32650"}],"wp:attachment":[{"href":"https:\/\/www.veltec.eu\/it\/wp-json\/wp\/v2\/media?parent=11072"}],"wp:term":[{"taxonomy":"product_brand","embeddable":true,"href":"https:\/\/www.veltec.eu\/it\/wp-json\/wp\/v2\/product_brand?post=11072"},{"taxonomy":"product_cat","embeddable":true,"href":"https:\/\/www.veltec.eu\/it\/wp-json\/wp\/v2\/product_cat?post=11072"},{"taxonomy":"product_tag","embeddable":true,"href":"https:\/\/www.veltec.eu\/it\/wp-json\/wp\/v2\/product_tag?post=11072"}],"curies":[{"name":"wp","href":"https:\/\/api.w.org\/{rel}","templated":true}]}}