{"id":11002,"date":"2018-10-22T11:26:53","date_gmt":"2018-10-22T09:26:53","guid":{"rendered":"https:\/\/www.veltec.eu\/kirby-webshop\/kirby-cavo-elettrico-nl3050\/"},"modified":"2026-03-09T07:46:43","modified_gmt":"2026-03-09T05:46:43","slug":"cavo-elettrico-kirby-10m-generazione","status":"publish","type":"product","link":"https:\/\/www.veltec.eu\/it\/product\/cavo-elettrico-kirby-10m-generazione\/","title":{"rendered":"Cavo elettrico Kirby 10m Generazione"},"content":{"rendered":"<article class=\"text-token-text-primary w-full focus:outline-none [--shadow-height:45px] has-data-writing-block:pointer-events-none has-data-writing-block:-mt-(--shadow-height) has-data-writing-block:pt-(--shadow-height) [&amp;:has([data-writing-block])&gt;*]:pointer-events-auto scroll-mt-[calc(var(--header-height)+min(200px,max(70px,20svh)))]\" dir=\"auto\" tabindex=\"-1\" data-turn-id=\"request-WEB:c36f092b-45d7-4af1-a46f-7e87f42bc303-2\" data-testid=\"conversation-turn-2\" data-scroll-anchor=\"false\" data-turn=\"assistant\">\n<div class=\"text-base my-auto mx-auto [--thread-content-margin:--spacing(4)] @w-sm\/main:[--thread-content-margin:--spacing(6)] @w-lg\/main:[--thread-content-margin:--spacing(16)] px-(--thread-content-margin)\">\n<div class=\"[--thread-content-max-width:40rem] @w-lg\/main:[--thread-content-max-width:48rem] mx-auto max-w-(--thread-content-max-width) flex-1 group\/turn-messages focus-visible:outline-hidden relative flex w-full min-w-0 flex-col agent-turn\" tabindex=\"-1\">\n<div class=\"flex max-w-full flex-col grow\">\n<div class=\"min-h-8 text-message relative flex w-full flex-col items-end gap-2 text-start break-words whitespace-normal [.text-message+&amp;]:mt-1\" dir=\"auto\" data-message-author-role=\"assistant\" data-message-id=\"0b979437-4a6b-4bf3-a94a-19607acade5a\" data-message-model-slug=\"gpt-5-3\">\n<div class=\"flex w-full flex-col gap-1 empty:hidden first:pt-[1px]\">\n<div class=\"markdown prose dark:prose-invert w-full wrap-break-word light markdown-new-styling\">\n<h1 data-start=\"0\" data-end=\"35\">Cavo elettrico Kirby 10m Generazione<\/h1>\n<p data-start=\"37\" data-end=\"481\">Il cavo elettrico Kirby 10m Generazione \u00e8 un ricambio potente e resistente per diversi aspirapolvere Kirby della serie Generazione. Grazie alla lunghezza extra di 10 metri, potrete lavorare in modo molto pi\u00f9 flessibile, mentre il robusto cavo in gomma garantisce un&#8217;alimentazione elettrica affidabile e sicura durante l&#8217;aspirazione. Questo cavo di alimentazione Kirby \u00e8 quindi ideale per ambienti pi\u00f9 grandi in cui le prese di corrente sono pi\u00f9 distanti tra loro.<\/p>\n<h2 data-start=\"488\" data-end=\"556\">Cavo elettrico Kirby 10 m Generation per la massima libert\u00e0 di movimento<\/h2>\n<p data-start=\"558\" data-end=\"894\">Il cavo di alimentazione Kirby Generation offre una portata notevolmente maggiore rispetto ai cavi di alimentazione standard. Ci\u00f2 consente di aspirare grandi superfici senza dover cambiare continuamente presa. Inoltre, la lunghezza di dieci metri garantisce un lavoro pi\u00f9 efficiente e meno interruzioni durante la pulizia.<\/p>\n<p data-start=\"896\" data-end=\"1214\">Inoltre, il cavo \u00e8 realizzato in robusto cavo di gomma, che lo rende estremamente resistente all&#8217;uso quotidiano. Ci\u00f2 mantiene il cavo flessibile, riducendo notevolmente l&#8217;usura o i danni. Questo rende il cavo di alimentazione Kirby particolarmente adatto per un uso domestico intensivo.<\/p>\n<h2 data-start=\"1221\" data-end=\"1281\">Compatibilit\u00e0 del cavo alimentatore 10 m Generation<\/h2>\n<p data-start=\"1283\" data-end=\"1504\">Il cavo elettrico Kirby 10 m Generation \u00e8 stato sviluppato appositamente per diversi modelli di aspirapolvere Kirby della serie Generation. Il cavo si collega quindi perfettamente alla presa di corrente interna di questi modelli.<\/p>\n<p data-start=\"1506\" data-end=\"1550\">Adatto per i seguenti aspirapolvere Kirby:<\/p>\n<ul data-start=\"1552\" data-end=\"1740\">\n<li data-start=\"1552\" data-end=\"1599\">Kirby Ultimate G Diamond Edition (G7D \/ DE)<\/li>\n<li data-start=\"1600\" data-end=\"1630\">Kirby Ultimate G (G7 \/ UG)<\/li>\n<li data-start=\"1631\" data-end=\"1658\">Kirby Generation 6 (G6)<\/li>\n<li data-start=\"1659\" data-end=\"1686\">Kirby Generation 5 (G5)<\/li>\n<li data-start=\"1687\" data-end=\"1714\">Kirby Generation 4 (G4)<\/li>\n<li data-start=\"1715\" data-end=\"1740\">Kirby Generation 3 (G3)<\/li>\n<\/ul>\n<p data-start=\"1742\" data-end=\"1893\">ATTENZIONE: questo cavo non \u00e8 adatto ai modelli Kirby Sentria e Kirby Avalir. Per questi aspirapolvere \u00e8 necessario un altro tipo di cavo di alimentazione.<\/p>\n<p data-start=\"1742\" data-end=\"1893\"><a href=\"https:\/\/www.veltec.eu\/it\/product\/kirby-cavo-elettrico-10m-sentria-avalir-nl30502\/\" target=\"_blank\" rel=\"noopener\">Clicca qui se possiedi un Kirby Sentria o un Kirby Avalir.<\/a><\/p>\n<h2 data-start=\"1900\" data-end=\"1956\">Installazione del cavo di alimentazione Kirby<\/h2>\n<p data-start=\"1958\" data-end=\"2221\">Il cavo elettrico Kirby \u00e8 facile da installare. La spina dell&#8217;apparecchio si trova infatti sotto il cappuccio protettivo sul lato destro dell&#8217;aspirapolvere Kirby. \u00c8 quindi possibile rimuovere questo cappuccio utilizzando un cacciavite Torx.<\/p>\n<p data-start=\"2223\" data-end=\"2468\">Successivamente, il vecchio cavo viene scollegato e il nuovo cavo di alimentazione Kirby pu\u00f2 essere facilmente inserito. Grazie ai dispositivi di scarico della trazione stampati a iniezione, il cavo rimane saldamente fissato, evitando danni causati da trazioni o piegature.<\/p>\n<p>Desiderate ulteriori informazioni sul funzionamento e sulla sostituzione del cavo di alimentazione Kirby? Leggete l&#8217;articolo dettagliato sul nostro blog: <a href=\"https:\/\/www.servizio-aspirapolvere-kirby.it\/cavo-elettrico-kirby\/\" target=\"_blank\" rel=\"noopener\">Tutto sul cavo di alimentazione Kirby.<\/a><\/p>\n<h3 data-start=\"2475\" data-end=\"2545\">Caratteristiche tecniche del cavo elettrico Generation<\/h3>\n<p data-start=\"2547\" data-end=\"2723\">Il cavo elettrico Generation \u00e8 dotato di connettori di alta qualit\u00e0 e componenti durevoli. Ci\u00f2 garantisce una connessione elettrica stabile e sicura.<\/p>\n<p data-start=\"2725\" data-end=\"2747\">Caratteristiche principali:<\/p>\n<ul data-start=\"2749\" data-end=\"2986\">\n<li data-start=\"2749\" data-end=\"2769\">Lunghezza: 10 metri<\/li>\n<li data-start=\"2749\" data-end=\"2769\">Materiale: cavo in gomma resistente<\/li>\n<li data-start=\"2749\" data-end=\"2769\">1x connettore diritto stampato<\/li>\n<li data-start=\"2749\" data-end=\"2769\">1x connettore femmina ad angolo stampato<\/li>\n<li data-start=\"2749\" data-end=\"2769\">1x scarico della trazione integrato<\/li>\n<li data-start=\"2749\" data-end=\"2769\">Progettato per un uso prolungato e intensivo<\/li>\n<\/ul>\n<p data-start=\"2988\" data-end=\"3143\">Grazie a queste caratteristiche, il cavo combina affidabilit\u00e0 e facilit\u00e0 d&#8217;uso, mantenendo ottimali le prestazioni del vostro aspirapolvere Kirby.<\/p>\n<h2 data-start=\"3150\" data-end=\"3221\">Ordina un cavo elettrico da 10 m Generation per il tuo aspirapolvere Kirby<\/h2>\n<p data-start=\"3223\" data-end=\"3506\">Scegliendo il cavo elettrico Kirby da 10 m Generation, potrai beneficiare immediatamente di una maggiore libert\u00e0 di movimento, di un&#8217;alimentazione elettrica affidabile e di una maggiore durata delle tue apparecchiature. Inoltre, la struttura di alta qualit\u00e0 garantisce la resistenza del cavo all&#8217;uso intensivo.<\/p>\n<\/div>\n<\/div>\n<\/div>\n<\/div>\n<\/div>\n<\/div>\n<\/article>\n","protected":false},"excerpt":{"rendered":"<p>Il cavo elettrico Kirby 10 m Generazione \u00e8 un cavo di ricambio resistente con cavo in gomma e connettori robusti. Adatto per Kirby G3 fino a Diamond e ideale per una maggiore portata durante l&#8217;aspirazione.<\/p>\n[trustindex data-widget-id=de4365f24f22281a6b165ed75b0]\n<h3><span style=\"color: #008000;\"><br \/>\nIn magazzino<\/span><\/h3>\n[av_font_icon icon='ue812' font='entypo-fontello' style='' caption='' size='25px' position='left' color='#43ad66' link='' linktarget='' title_attr='' sonar_effect_effect='' sonar_effect_color='' sonar_effect_duration='1' sonar_effect_scale='' sonar_effect_opac='0.5' animation='' id='' custom_class='' template_class='' av_uid='' sc_version='1.0' admin_preview_bg=''][\/av_font_icon]\n<p><span style=\"color: #008000;\">Ordinato prima della 23:59, spedito domani<\/span><\/p>\n<p>&nbsp;<\/p>\n","protected":false},"featured_media":31275,"comment_status":"open","ping_status":"closed","template":"","meta":[],"product_brand":[],"product_cat":[389],"product_tag":[],"class_list":{"0":"post-11002","1":"product","2":"type-product","3":"status-publish","4":"has-post-thumbnail","6":"product_cat-kirby-cavo-elettrico","7":"product_shipping_class-klein-it","9":"first","10":"instock","11":"sale","12":"taxable","13":"shipping-taxable","14":"purchasable","15":"product-type-simple"},"yoast_head":"<!-- This site is optimized with the Yoast SEO Premium plugin v27.1 (Yoast SEO v27.4) - https:\/\/yoast.com\/product\/yoast-seo-premium-wordpress\/ -->\n<title>Cavo elettrico Kirby 10m Generazione G3 fino a Diamond<\/title>\n<meta name=\"description\" content=\"Cavo elettrico Kirby da 10m Generazione per G3 fino a Diamond. Cavo di alimentazione resistente con cavo in gomma e spine robuste.\" \/>\n<meta name=\"robots\" content=\"index, follow, max-snippet:-1, max-image-preview:large, max-video-preview:-1\" \/>\n<link rel=\"canonical\" href=\"https:\/\/www.veltec.eu\/nl\/product\/kirby-elektrasnoer-10m-generation\/\" \/>\n<meta property=\"og:locale\" content=\"it_IT\" \/>\n<meta property=\"og:type\" content=\"article\" \/>\n<meta property=\"og:title\" content=\"Cavo elettrico Kirby 10m Generazione\" \/>\n<meta property=\"og:description\" content=\"Il cavo elettrico Kirby 10 m Generazione \u00e8 un cavo di ricambio resistente con cavo in gomma e connettori robusti. Adatto per Kirby G3 fino a Diamond e ideale per una maggiore portata durante l&#039;aspirazione.    In magazzino   Ordinato prima della 23:59, spedito domani  &nbsp;\" \/>\n<meta property=\"og:url\" content=\"https:\/\/www.veltec.eu\/nl\/product\/kirby-elektrasnoer-10m-generation\/\" \/>\n<meta property=\"og:site_name\" content=\"Veltec Kirby specialist\" \/>\n<meta property=\"article:publisher\" content=\"https:\/\/www.facebook.com\/Veltec-Kirby-Specialist-236746293374877\/\" \/>\n<meta property=\"article:modified_time\" content=\"2026-03-09T05:46:43+00:00\" \/>\n<meta property=\"og:image\" content=\"https:\/\/www.veltec.eu\/wp-content\/uploads\/2018\/10\/gew-snoer.jpg\" \/>\n\t<meta property=\"og:image:width\" content=\"500\" \/>\n\t<meta property=\"og:image:height\" content=\"500\" \/>\n\t<meta property=\"og:image:type\" content=\"image\/jpeg\" \/>\n<meta name=\"twitter:card\" content=\"summary_large_image\" \/>\n<meta name=\"twitter:label1\" content=\"Tempo di lettura stimato\" \/>\n\t<meta name=\"twitter:data1\" content=\"3 minuti\" \/>\n<script type=\"application\/ld+json\" class=\"yoast-schema-graph\">{\"@context\":\"https:\\\/\\\/schema.org\",\"@graph\":[{\"@type\":\"WebPage\",\"@id\":\"https:\\\/\\\/www.veltec.eu\\\/nl\\\/product\\\/kirby-elektrasnoer-10m-generation\\\/\",\"url\":\"https:\\\/\\\/www.veltec.eu\\\/nl\\\/product\\\/kirby-elektrasnoer-10m-generation\\\/\",\"name\":\"Cavo elettrico Kirby 10m Generazione G3 fino a Diamond\",\"isPartOf\":{\"@id\":\"https:\\\/\\\/www.veltec.eu\\\/en\\\/#website\"},\"primaryImageOfPage\":{\"@id\":\"https:\\\/\\\/www.veltec.eu\\\/nl\\\/product\\\/kirby-elektrasnoer-10m-generation\\\/#primaryimage\"},\"image\":{\"@id\":\"https:\\\/\\\/www.veltec.eu\\\/nl\\\/product\\\/kirby-elektrasnoer-10m-generation\\\/#primaryimage\"},\"thumbnailUrl\":\"https:\\\/\\\/www.veltec.eu\\\/wp-content\\\/uploads\\\/2018\\\/10\\\/gew-snoer.jpg\",\"datePublished\":\"2018-10-22T09:26:53+00:00\",\"dateModified\":\"2026-03-09T05:46:43+00:00\",\"description\":\"Cavo elettrico Kirby da 10m Generazione per G3 fino a Diamond. Cavo di alimentazione resistente con cavo in gomma e spine robuste.\",\"breadcrumb\":{\"@id\":\"https:\\\/\\\/www.veltec.eu\\\/nl\\\/product\\\/kirby-elektrasnoer-10m-generation\\\/#breadcrumb\"},\"inLanguage\":\"it-IT\",\"potentialAction\":[{\"@type\":\"ReadAction\",\"target\":[\"https:\\\/\\\/www.veltec.eu\\\/nl\\\/product\\\/kirby-elektrasnoer-10m-generation\\\/\"]}]},{\"@type\":\"ImageObject\",\"inLanguage\":\"it-IT\",\"@id\":\"https:\\\/\\\/www.veltec.eu\\\/nl\\\/product\\\/kirby-elektrasnoer-10m-generation\\\/#primaryimage\",\"url\":\"https:\\\/\\\/www.veltec.eu\\\/wp-content\\\/uploads\\\/2018\\\/10\\\/gew-snoer.jpg\",\"contentUrl\":\"https:\\\/\\\/www.veltec.eu\\\/wp-content\\\/uploads\\\/2018\\\/10\\\/gew-snoer.jpg\",\"width\":500,\"height\":500},{\"@type\":\"BreadcrumbList\",\"@id\":\"https:\\\/\\\/www.veltec.eu\\\/nl\\\/product\\\/kirby-elektrasnoer-10m-generation\\\/#breadcrumb\",\"itemListElement\":[{\"@type\":\"ListItem\",\"position\":1,\"name\":\"Home\",\"item\":\"https:\\\/\\\/www.veltec.eu\\\/it\\\/\"},{\"@type\":\"ListItem\",\"position\":2,\"name\":\"Produits\",\"item\":\"https:\\\/\\\/www.veltec.eu\\\/fr\\\/shop\\\/\"},{\"@type\":\"ListItem\",\"position\":3,\"name\":\"Cavo elettrico Kirby 10m Generazione\"}]},{\"@type\":\"WebSite\",\"@id\":\"https:\\\/\\\/www.veltec.eu\\\/en\\\/#website\",\"url\":\"https:\\\/\\\/www.veltec.eu\\\/en\\\/\",\"name\":\"Veltec Kirby specialist\",\"description\":\"Kirby stofzuiger producten\",\"publisher\":{\"@id\":\"https:\\\/\\\/www.veltec.eu\\\/en\\\/#organization\"},\"potentialAction\":[{\"@type\":\"SearchAction\",\"target\":{\"@type\":\"EntryPoint\",\"urlTemplate\":\"https:\\\/\\\/www.veltec.eu\\\/en\\\/?s={search_term_string}\"},\"query-input\":{\"@type\":\"PropertyValueSpecification\",\"valueRequired\":true,\"valueName\":\"search_term_string\"}}],\"inLanguage\":\"it-IT\"},{\"@type\":\"Organization\",\"@id\":\"https:\\\/\\\/www.veltec.eu\\\/en\\\/#organization\",\"name\":\"Veltec Kirby Specialist\",\"url\":\"https:\\\/\\\/www.veltec.eu\\\/en\\\/\",\"logo\":{\"@type\":\"ImageObject\",\"inLanguage\":\"it-IT\",\"@id\":\"https:\\\/\\\/www.veltec.eu\\\/en\\\/#\\\/schema\\\/logo\\\/image\\\/\",\"url\":\"https:\\\/\\\/www.veltec.eu\\\/wp-content\\\/uploads\\\/2021\\\/12\\\/Veltec-log-groot-e1537260889125.png\",\"contentUrl\":\"https:\\\/\\\/www.veltec.eu\\\/wp-content\\\/uploads\\\/2021\\\/12\\\/Veltec-log-groot-e1537260889125.png\",\"width\":200,\"height\":60,\"caption\":\"Veltec Kirby Specialist\"},\"image\":{\"@id\":\"https:\\\/\\\/www.veltec.eu\\\/en\\\/#\\\/schema\\\/logo\\\/image\\\/\"},\"sameAs\":[\"https:\\\/\\\/www.facebook.com\\\/Veltec-Kirby-Specialist-236746293374877\\\/\",\"https:\\\/\\\/www.youtube.com\\\/user\\\/VeltecService\"]}]}<\/script>\n<!-- \/ Yoast SEO Premium plugin. -->","yoast_head_json":{"title":"Cavo elettrico Kirby 10m Generazione G3 fino a Diamond","description":"Cavo elettrico Kirby da 10m Generazione per G3 fino a Diamond. Cavo di alimentazione resistente con cavo in gomma e spine robuste.","robots":{"index":"index","follow":"follow","max-snippet":"max-snippet:-1","max-image-preview":"max-image-preview:large","max-video-preview":"max-video-preview:-1"},"canonical":"https:\/\/www.veltec.eu\/nl\/product\/kirby-elektrasnoer-10m-generation\/","og_locale":"it_IT","og_type":"article","og_title":"Cavo elettrico Kirby 10m Generazione","og_description":"Il cavo elettrico Kirby 10 m Generazione \u00e8 un cavo di ricambio resistente con cavo in gomma e connettori robusti. Adatto per Kirby G3 fino a Diamond e ideale per una maggiore portata durante l'aspirazione.    In magazzino   Ordinato prima della 23:59, spedito domani  &nbsp;","og_url":"https:\/\/www.veltec.eu\/nl\/product\/kirby-elektrasnoer-10m-generation\/","og_site_name":"Veltec Kirby specialist","article_publisher":"https:\/\/www.facebook.com\/Veltec-Kirby-Specialist-236746293374877\/","article_modified_time":"2026-03-09T05:46:43+00:00","og_image":[{"width":500,"height":500,"url":"https:\/\/www.veltec.eu\/wp-content\/uploads\/2018\/10\/gew-snoer.jpg","type":"image\/jpeg"}],"twitter_card":"summary_large_image","twitter_misc":{"Tempo di lettura stimato":"3 minuti"},"schema":{"@context":"https:\/\/schema.org","@graph":[{"@type":"WebPage","@id":"https:\/\/www.veltec.eu\/nl\/product\/kirby-elektrasnoer-10m-generation\/","url":"https:\/\/www.veltec.eu\/nl\/product\/kirby-elektrasnoer-10m-generation\/","name":"Cavo elettrico Kirby 10m Generazione G3 fino a Diamond","isPartOf":{"@id":"https:\/\/www.veltec.eu\/en\/#website"},"primaryImageOfPage":{"@id":"https:\/\/www.veltec.eu\/nl\/product\/kirby-elektrasnoer-10m-generation\/#primaryimage"},"image":{"@id":"https:\/\/www.veltec.eu\/nl\/product\/kirby-elektrasnoer-10m-generation\/#primaryimage"},"thumbnailUrl":"https:\/\/www.veltec.eu\/wp-content\/uploads\/2018\/10\/gew-snoer.jpg","datePublished":"2018-10-22T09:26:53+00:00","dateModified":"2026-03-09T05:46:43+00:00","description":"Cavo elettrico Kirby da 10m Generazione per G3 fino a Diamond. Cavo di alimentazione resistente con cavo in gomma e spine robuste.","breadcrumb":{"@id":"https:\/\/www.veltec.eu\/nl\/product\/kirby-elektrasnoer-10m-generation\/#breadcrumb"},"inLanguage":"it-IT","potentialAction":[{"@type":"ReadAction","target":["https:\/\/www.veltec.eu\/nl\/product\/kirby-elektrasnoer-10m-generation\/"]}]},{"@type":"ImageObject","inLanguage":"it-IT","@id":"https:\/\/www.veltec.eu\/nl\/product\/kirby-elektrasnoer-10m-generation\/#primaryimage","url":"https:\/\/www.veltec.eu\/wp-content\/uploads\/2018\/10\/gew-snoer.jpg","contentUrl":"https:\/\/www.veltec.eu\/wp-content\/uploads\/2018\/10\/gew-snoer.jpg","width":500,"height":500},{"@type":"BreadcrumbList","@id":"https:\/\/www.veltec.eu\/nl\/product\/kirby-elektrasnoer-10m-generation\/#breadcrumb","itemListElement":[{"@type":"ListItem","position":1,"name":"Home","item":"https:\/\/www.veltec.eu\/it\/"},{"@type":"ListItem","position":2,"name":"Produits","item":"https:\/\/www.veltec.eu\/fr\/shop\/"},{"@type":"ListItem","position":3,"name":"Cavo elettrico Kirby 10m Generazione"}]},{"@type":"WebSite","@id":"https:\/\/www.veltec.eu\/en\/#website","url":"https:\/\/www.veltec.eu\/en\/","name":"Veltec Kirby specialist","description":"Kirby stofzuiger producten","publisher":{"@id":"https:\/\/www.veltec.eu\/en\/#organization"},"potentialAction":[{"@type":"SearchAction","target":{"@type":"EntryPoint","urlTemplate":"https:\/\/www.veltec.eu\/en\/?s={search_term_string}"},"query-input":{"@type":"PropertyValueSpecification","valueRequired":true,"valueName":"search_term_string"}}],"inLanguage":"it-IT"},{"@type":"Organization","@id":"https:\/\/www.veltec.eu\/en\/#organization","name":"Veltec Kirby Specialist","url":"https:\/\/www.veltec.eu\/en\/","logo":{"@type":"ImageObject","inLanguage":"it-IT","@id":"https:\/\/www.veltec.eu\/en\/#\/schema\/logo\/image\/","url":"https:\/\/www.veltec.eu\/wp-content\/uploads\/2021\/12\/Veltec-log-groot-e1537260889125.png","contentUrl":"https:\/\/www.veltec.eu\/wp-content\/uploads\/2021\/12\/Veltec-log-groot-e1537260889125.png","width":200,"height":60,"caption":"Veltec Kirby Specialist"},"image":{"@id":"https:\/\/www.veltec.eu\/en\/#\/schema\/logo\/image\/"},"sameAs":["https:\/\/www.facebook.com\/Veltec-Kirby-Specialist-236746293374877\/","https:\/\/www.youtube.com\/user\/VeltecService"]}]}},"_links":{"self":[{"href":"https:\/\/www.veltec.eu\/it\/wp-json\/wp\/v2\/product\/11002","targetHints":{"allow":["GET"]}}],"collection":[{"href":"https:\/\/www.veltec.eu\/it\/wp-json\/wp\/v2\/product"}],"about":[{"href":"https:\/\/www.veltec.eu\/it\/wp-json\/wp\/v2\/types\/product"}],"replies":[{"embeddable":true,"href":"https:\/\/www.veltec.eu\/it\/wp-json\/wp\/v2\/comments?post=11002"}],"wp:featuredmedia":[{"embeddable":true,"href":"https:\/\/www.veltec.eu\/it\/wp-json\/wp\/v2\/media\/31275"}],"wp:attachment":[{"href":"https:\/\/www.veltec.eu\/it\/wp-json\/wp\/v2\/media?parent=11002"}],"wp:term":[{"taxonomy":"product_brand","embeddable":true,"href":"https:\/\/www.veltec.eu\/it\/wp-json\/wp\/v2\/product_brand?post=11002"},{"taxonomy":"product_cat","embeddable":true,"href":"https:\/\/www.veltec.eu\/it\/wp-json\/wp\/v2\/product_cat?post=11002"},{"taxonomy":"product_tag","embeddable":true,"href":"https:\/\/www.veltec.eu\/it\/wp-json\/wp\/v2\/product_tag?post=11002"}],"curies":[{"name":"wp","href":"https:\/\/api.w.org\/{rel}","templated":true}]}}