{"id":10917,"date":"2018-10-22T13:25:25","date_gmt":"2018-10-22T11:25:25","guid":{"rendered":"https:\/\/www.veltec.eu\/kirby-webshop\/kirby-komplett-rohr-uberholt\/"},"modified":"2026-05-14T15:43:33","modified_gmt":"2026-05-14T13:43:33","slug":"kirby-complete-stelo-revisionate-nl44405","status":"publish","type":"product","link":"https:\/\/www.veltec.eu\/it\/product\/kirby-complete-stelo-revisionate-nl44405\/","title":{"rendered":"Kirby Complete stelo Revisionate"},"content":{"rendered":"<h1 data-section-id=\"623l0m\" data-start=\"224\" data-end=\"258\">Kirby Complete stelo Revisionate<\/h1>\n<p data-start=\"260\" data-end=\"738\">Il Kirby Complete stelo Revisionate \u00e8 un pratico aggiornamento per ogni aspirapolvere Kirby della serie Generation. Questo componente completo permette di trasformare facilmente il tuo aspirapolvere in un comodo aspirapolvere a bastone. In questo modo puoi pulire in modo pi\u00f9 efficiente e veloce durante le attivit\u00e0 quotidiane. Poich\u00e9 lo stelo viene fornito completo di piastra posteriore e parti di montaggio, pu\u00f2 essere installato immediatamente e utilizzato senza attese.<\/p>\n<h2 data-section-id=\"1inapsh\" data-start=\"740\" data-end=\"816\">Compatibilit\u00e0 del Kirby Complete stelo Revisionate con modelli Generation<\/h2>\n<p data-start=\"818\" data-end=\"1081\">Questo stelo completo \u00e8 progettato per adattarsi a diversi aspirapolvere Kirby Generation. La sua costruzione precisa garantisce un collegamento perfetto con la struttura originale dell\u2019apparecchio, facilitando il montaggio e mantenendo le prestazioni ottimali.<\/p>\n<h3 data-start=\"1083\" data-end=\"1137\">Lo stelo \u00e8 compatibile con i seguenti modelli Kirby:<\/h3>\n<ul data-start=\"1139\" data-end=\"1293\">\n<li data-section-id=\"1245it9\" data-start=\"1139\" data-end=\"1180\">Ultimate G Diamond Edition (G7D \/ DE)<\/li>\n<li data-section-id=\"1rseniy\" data-start=\"1181\" data-end=\"1205\">Ultimate G (G7 \/ UG)<\/li>\n<li data-section-id=\"1ru5amg\" data-start=\"1206\" data-end=\"1227\">Generation 6 (G6)<\/li>\n<li data-section-id=\"rf3cw8\" data-start=\"1228\" data-end=\"1249\">Generation 5 (G5)<\/li>\n<li data-section-id=\"1eaksg8\" data-start=\"1250\" data-end=\"1271\">Generation 4 (G4)<\/li>\n<li data-section-id=\"iw9yq0\" data-start=\"1272\" data-end=\"1293\">Generation 3 (G3)<\/li>\n<\/ul>\n<p data-start=\"1295\" data-end=\"1477\">Grazie a questa ampia compatibilit\u00e0, lo stelo rappresenta una soluzione versatile per molti utenti Kirby. Il montaggio rapido e sicuro \u00e8 garantito dalla precisione della costruzione.<\/p>\n<h2 data-section-id=\"vv4k8r\" data-start=\"1479\" data-end=\"1532\">Kirby Complete stelo Revisionate: fornito completo<\/h2>\n<p data-start=\"1534\" data-end=\"1784\">Un grande vantaggio del complete stelo revisionate \u00e8 che viene fornito completo. Non \u00e8 necessario acquistare parti aggiuntive o accessori separati. Con tutti i componenti essenziali gi\u00e0 inclusi, lo stelo pu\u00f2 essere montato immediatamente.<\/p>\n<h3 data-start=\"1786\" data-end=\"1805\">Il set comprende:<\/h3>\n<ul data-start=\"1807\" data-end=\"1914\">\n<li data-section-id=\"lyjpjb\" data-start=\"1807\" data-end=\"1846\">Piastra posteriore per il montaggio<\/li>\n<li data-section-id=\"68wo8m\" data-start=\"1847\" data-end=\"1880\">Sezione superiore dello stelo<\/li>\n<li data-section-id=\"rpzv7l\" data-start=\"1881\" data-end=\"1914\">Sezione inferiore dello stelo<\/li>\n<\/ul>\n<p data-start=\"1916\" data-end=\"2109\">Se cerchi accessori o componenti aggiuntivi, puoi visitare la categoria <a href=\"https:\/\/www.veltec.eu\/it\/accessori-e-tubi\/kirby-steel-e-accessori\/\">Kirby Stelo &amp; Accessori<\/a>\u00a0nel nostro webshop, dove troverai facilmente parti compatibili con il tuo sistema Kirby.<\/p>\n<h2 data-section-id=\"1y2f1rn\" data-start=\"2111\" data-end=\"2158\">Vantaggi di un aspirapolvere a bastone Kirby\u00a0 <img decoding=\"async\" class=\"alignright wp-image-85975\" src=\"https:\/\/www.veltec.eu\/wp-content\/uploads\/2018\/09\/Kirby-refurbished-1-180x180.png\" alt=\"Kirby Complete stelo Revisionate\" width=\"220\" height=\"220\" srcset=\"https:\/\/www.veltec.eu\/wp-content\/uploads\/2018\/09\/Kirby-refurbished-1-180x180.png 180w, https:\/\/www.veltec.eu\/wp-content\/uploads\/2018\/09\/Kirby-refurbished-1-300x300.png 300w, https:\/\/www.veltec.eu\/wp-content\/uploads\/2018\/09\/Kirby-refurbished-1-80x80.png 80w, https:\/\/www.veltec.eu\/wp-content\/uploads\/2018\/09\/Kirby-refurbished-1-36x36.png 36w, https:\/\/www.veltec.eu\/wp-content\/uploads\/2018\/09\/Kirby-refurbished-1-120x120.png 120w, https:\/\/www.veltec.eu\/wp-content\/uploads\/2018\/09\/Kirby-refurbished-1-450x450.png 450w, https:\/\/www.veltec.eu\/wp-content\/uploads\/2018\/09\/Kirby-refurbished-1-600x600.png 600w, https:\/\/www.veltec.eu\/wp-content\/uploads\/2018\/09\/Kirby-refurbished-1-100x100.png 100w, https:\/\/www.veltec.eu\/wp-content\/uploads\/2018\/09\/Kirby-refurbished-1.png 626w\" sizes=\"(max-width: 220px) 100vw, 220px\" \/><\/h2>\n<p data-start=\"2160\" data-end=\"2368\">L\u2019aggiornamento con questo stelo aumenta il comfort durante le pulizie. \u00c8 possibile manovrare facilmente negli spazi ridotti e pulire rapidamente le superfici pi\u00f9 piccole, riducendo la fatica durante l\u2019uso.<\/p>\n<h3 data-start=\"2370\" data-end=\"2404\">I principali vantaggi includono:<\/h3>\n<ul data-start=\"2406\" data-end=\"2562\">\n<li data-section-id=\"1py0qre\" data-start=\"2406\" data-end=\"2434\">Pronto all\u2019uso immediato<\/li>\n<li data-section-id=\"29clan\" data-start=\"2435\" data-end=\"2478\">Controllato e revisionato completamente<\/li>\n<li data-section-id=\"12tx2h4\" data-start=\"2479\" data-end=\"2525\">Compatibile con tutti i modelli Generation<\/li>\n<li data-section-id=\"gw7k11\" data-start=\"2526\" data-end=\"2562\">Soluzione durevole e conveniente<\/li>\n<\/ul>\n<p data-start=\"2564\" data-end=\"2689\">Ogni componente \u00e8 stato accuratamente controllato, pulito e rimontato, garantendo un accessorio affidabile e di alta qualit\u00e0.<\/p>\n<h2 data-section-id=\"dw7tkv\" data-start=\"2691\" data-end=\"2749\">Kirby Complete stelo Revisionate per maggiore praticit\u00e0<\/h2>\n<p data-start=\"2751\" data-end=\"3083\">Trasformando il tuo Kirby in un aspirapolvere a bastone compatto con questo stelo, avrai pi\u00f9 flessibilit\u00e0 e velocit\u00e0 nelle pulizie, soprattutto negli spazi pi\u00f9 stretti. In sintesi, il Kirby Complete stelo Revisionate \u00e8 una soluzione pratica, affidabile e conveniente, che rende il tuo aspirapolvere Kirby ancora pi\u00f9 versatile.<\/p>\n<p data-start=\"3085\" data-end=\"3207\">Per ulteriori dettagli sull\u2019uso dello stelo fisso, leggi anche il nostro articolo del blog: <a href=\"https:\/\/www.servizio-aspirapolvere-kirby.it\/il-manico-fisso-kirby\/\" target=\"_blank\" rel=\"noopener\">Il manico fisso Kirby<\/a><\/p>\n","protected":false},"excerpt":{"rendered":"<p data-start=\"352\" data-end=\"578\">Il Kirby complete stelo revisionate trasforma il tuo aspirapolvere Kirby in un pratico modello a bastone. Controllato, completo e pronto all\u2019uso sui modelli Generation G3\u2013G7.<\/p>\n[trustindex data-widget-id=de4365f24f22281a6b165ed75b0]\n<h3><span style=\"color: #008000;\"><br \/>\nIn magazzino<\/span><\/h3>\n[av_font_icon icon='ue812' font='entypo-fontello' style='' caption='' size='25px' position='left' color='#43ad66' link='' linktarget='' title_attr='' sonar_effect_effect='' sonar_effect_color='' sonar_effect_duration='1' sonar_effect_scale='' sonar_effect_opac='0.5' animation='' id='' custom_class='' template_class='' av_uid='' sc_version='1.0' admin_preview_bg=''][\/av_font_icon]\n<p><span style=\"color: #008000;\">Ordinato prima della 23:59, spedito domani<\/span><\/p>\n<p>&nbsp;<\/p>\n","protected":false},"featured_media":86159,"comment_status":"open","ping_status":"closed","template":"","meta":{"_acf_changed":false},"product_brand":[],"product_cat":[291],"product_tag":[],"class_list":{"0":"post-10917","1":"product","2":"type-product","3":"status-publish","4":"has-post-thumbnail","6":"product_cat-kirby-steel-e-accessori","7":"product_shipping_class-klein-it","9":"first","10":"instock","11":"sale","12":"taxable","13":"shipping-taxable","14":"purchasable","15":"product-type-simple"},"acf":[],"yoast_head":"<!-- This site is optimized with the Yoast SEO Premium plugin v27.1 (Yoast SEO v27.5) - https:\/\/yoast.com\/product\/yoast-seo-premium-wordpress\/ -->\n<title>Kirby Complete stelo Revisionate \u2013 Pronto all\u2019Uso<\/title>\n<meta name=\"description\" content=\"Aggiorna il tuo aspirapolvere Kirby con il Kirby Complete stelo Revisionate. Compatibile con Generation G3\u2013G7, completo e pronto all\u2019uso.\" \/>\n<meta name=\"robots\" content=\"index, follow, max-snippet:-1, max-image-preview:large, max-video-preview:-1\" \/>\n<link rel=\"canonical\" href=\"https:\/\/www.veltec.eu\/it\/product\/kirby-complete-stelo-revisionate-nl44405\/\" \/>\n<meta property=\"og:locale\" content=\"it_IT\" \/>\n<meta property=\"og:type\" content=\"article\" \/>\n<meta property=\"og:title\" content=\"Kirby Complete stelo Revisionate\" \/>\n<meta property=\"og:description\" content=\"Il Kirby complete stelo revisionate trasforma il tuo aspirapolvere Kirby in un pratico modello a bastone. Controllato, completo e pronto all\u2019uso sui modelli Generation G3\u2013G7.   In magazzino   Ordinato prima della 23:59, spedito domani  &nbsp;\" \/>\n<meta property=\"og:url\" content=\"https:\/\/www.veltec.eu\/it\/product\/kirby-complete-stelo-revisionate-nl44405\/\" \/>\n<meta property=\"og:site_name\" content=\"Veltec Kirby specialist\" \/>\n<meta property=\"article:publisher\" content=\"https:\/\/www.facebook.com\/Veltec-Kirby-Specialist-236746293374877\/\" \/>\n<meta property=\"article:modified_time\" content=\"2026-05-14T13:43:33+00:00\" \/>\n<meta property=\"og:image\" content=\"https:\/\/www.veltec.eu\/wp-content\/uploads\/2018\/10\/kirby-steel.png\" \/>\n\t<meta property=\"og:image:width\" content=\"300\" \/>\n\t<meta property=\"og:image:height\" content=\"300\" \/>\n\t<meta property=\"og:image:type\" content=\"image\/png\" \/>\n<meta name=\"twitter:card\" content=\"summary_large_image\" \/>\n<meta name=\"twitter:label1\" content=\"Tempo di lettura stimato\" \/>\n\t<meta name=\"twitter:data1\" content=\"3 minuti\" \/>\n<script type=\"application\/ld+json\" class=\"yoast-schema-graph\">{\"@context\":\"https:\\\/\\\/schema.org\",\"@graph\":[{\"@type\":\"WebPage\",\"@id\":\"https:\\\/\\\/www.veltec.eu\\\/it\\\/product\\\/kirby-complete-stelo-revisionate-nl44405\\\/\",\"url\":\"https:\\\/\\\/www.veltec.eu\\\/it\\\/product\\\/kirby-complete-stelo-revisionate-nl44405\\\/\",\"name\":\"Kirby Complete stelo Revisionate \u2013 Pronto all\u2019Uso\",\"isPartOf\":{\"@id\":\"https:\\\/\\\/www.veltec.eu\\\/en\\\/#website\"},\"primaryImageOfPage\":{\"@id\":\"https:\\\/\\\/www.veltec.eu\\\/it\\\/product\\\/kirby-complete-stelo-revisionate-nl44405\\\/#primaryimage\"},\"image\":{\"@id\":\"https:\\\/\\\/www.veltec.eu\\\/it\\\/product\\\/kirby-complete-stelo-revisionate-nl44405\\\/#primaryimage\"},\"thumbnailUrl\":\"https:\\\/\\\/www.veltec.eu\\\/wp-content\\\/uploads\\\/2018\\\/10\\\/kirby-steel.png\",\"datePublished\":\"2018-10-22T11:25:25+00:00\",\"dateModified\":\"2026-05-14T13:43:33+00:00\",\"description\":\"Aggiorna il tuo aspirapolvere Kirby con il Kirby Complete stelo Revisionate. Compatibile con Generation G3\u2013G7, completo e pronto all\u2019uso.\",\"breadcrumb\":{\"@id\":\"https:\\\/\\\/www.veltec.eu\\\/it\\\/product\\\/kirby-complete-stelo-revisionate-nl44405\\\/#breadcrumb\"},\"inLanguage\":\"it-IT\",\"potentialAction\":[{\"@type\":\"ReadAction\",\"target\":[\"https:\\\/\\\/www.veltec.eu\\\/it\\\/product\\\/kirby-complete-stelo-revisionate-nl44405\\\/\"]}]},{\"@type\":\"ImageObject\",\"inLanguage\":\"it-IT\",\"@id\":\"https:\\\/\\\/www.veltec.eu\\\/it\\\/product\\\/kirby-complete-stelo-revisionate-nl44405\\\/#primaryimage\",\"url\":\"https:\\\/\\\/www.veltec.eu\\\/wp-content\\\/uploads\\\/2018\\\/10\\\/kirby-steel.png\",\"contentUrl\":\"https:\\\/\\\/www.veltec.eu\\\/wp-content\\\/uploads\\\/2018\\\/10\\\/kirby-steel.png\",\"width\":300,\"height\":300},{\"@type\":\"BreadcrumbList\",\"@id\":\"https:\\\/\\\/www.veltec.eu\\\/it\\\/product\\\/kirby-complete-stelo-revisionate-nl44405\\\/#breadcrumb\",\"itemListElement\":[{\"@type\":\"ListItem\",\"position\":1,\"name\":\"Home\",\"item\":\"https:\\\/\\\/www.veltec.eu\\\/it\\\/la-homepage\\\/\"},{\"@type\":\"ListItem\",\"position\":2,\"name\":\"Negozio Kirby\",\"item\":\"https:\\\/\\\/www.veltec.eu\\\/it\\\/negozio-kirby\\\/\"},{\"@type\":\"ListItem\",\"position\":3,\"name\":\"Kirby Complete stelo Revisionate\"}]},{\"@type\":\"WebSite\",\"@id\":\"https:\\\/\\\/www.veltec.eu\\\/en\\\/#website\",\"url\":\"https:\\\/\\\/www.veltec.eu\\\/en\\\/\",\"name\":\"Veltec Kirby specialist\",\"description\":\"Kirby stofzuiger producten\",\"publisher\":{\"@id\":\"https:\\\/\\\/www.veltec.eu\\\/en\\\/#organization\"},\"potentialAction\":[{\"@type\":\"SearchAction\",\"target\":{\"@type\":\"EntryPoint\",\"urlTemplate\":\"https:\\\/\\\/www.veltec.eu\\\/en\\\/?s={search_term_string}\"},\"query-input\":{\"@type\":\"PropertyValueSpecification\",\"valueRequired\":true,\"valueName\":\"search_term_string\"}}],\"inLanguage\":\"it-IT\"},{\"@type\":\"Organization\",\"@id\":\"https:\\\/\\\/www.veltec.eu\\\/en\\\/#organization\",\"name\":\"Veltec Kirby Specialist\",\"url\":\"https:\\\/\\\/www.veltec.eu\\\/en\\\/\",\"logo\":{\"@type\":\"ImageObject\",\"inLanguage\":\"it-IT\",\"@id\":\"https:\\\/\\\/www.veltec.eu\\\/en\\\/#\\\/schema\\\/logo\\\/image\\\/\",\"url\":\"https:\\\/\\\/www.veltec.eu\\\/wp-content\\\/uploads\\\/2021\\\/12\\\/Veltec-log-groot-e1537260889125.png\",\"contentUrl\":\"https:\\\/\\\/www.veltec.eu\\\/wp-content\\\/uploads\\\/2021\\\/12\\\/Veltec-log-groot-e1537260889125.png\",\"width\":200,\"height\":60,\"caption\":\"Veltec Kirby Specialist\"},\"image\":{\"@id\":\"https:\\\/\\\/www.veltec.eu\\\/en\\\/#\\\/schema\\\/logo\\\/image\\\/\"},\"sameAs\":[\"https:\\\/\\\/www.facebook.com\\\/Veltec-Kirby-Specialist-236746293374877\\\/\",\"https:\\\/\\\/www.youtube.com\\\/user\\\/VeltecService\"]}]}<\/script>\n<!-- \/ Yoast SEO Premium plugin. -->","yoast_head_json":{"title":"Kirby Complete stelo Revisionate \u2013 Pronto all\u2019Uso","description":"Aggiorna il tuo aspirapolvere Kirby con il Kirby Complete stelo Revisionate. Compatibile con Generation G3\u2013G7, completo e pronto all\u2019uso.","robots":{"index":"index","follow":"follow","max-snippet":"max-snippet:-1","max-image-preview":"max-image-preview:large","max-video-preview":"max-video-preview:-1"},"canonical":"https:\/\/www.veltec.eu\/it\/product\/kirby-complete-stelo-revisionate-nl44405\/","og_locale":"it_IT","og_type":"article","og_title":"Kirby Complete stelo Revisionate","og_description":"Il Kirby complete stelo revisionate trasforma il tuo aspirapolvere Kirby in un pratico modello a bastone. Controllato, completo e pronto all\u2019uso sui modelli Generation G3\u2013G7.   In magazzino   Ordinato prima della 23:59, spedito domani  &nbsp;","og_url":"https:\/\/www.veltec.eu\/it\/product\/kirby-complete-stelo-revisionate-nl44405\/","og_site_name":"Veltec Kirby specialist","article_publisher":"https:\/\/www.facebook.com\/Veltec-Kirby-Specialist-236746293374877\/","article_modified_time":"2026-05-14T13:43:33+00:00","og_image":[{"width":300,"height":300,"url":"https:\/\/www.veltec.eu\/wp-content\/uploads\/2018\/10\/kirby-steel.png","type":"image\/png"}],"twitter_card":"summary_large_image","twitter_misc":{"Tempo di lettura stimato":"3 minuti"},"schema":{"@context":"https:\/\/schema.org","@graph":[{"@type":"WebPage","@id":"https:\/\/www.veltec.eu\/it\/product\/kirby-complete-stelo-revisionate-nl44405\/","url":"https:\/\/www.veltec.eu\/it\/product\/kirby-complete-stelo-revisionate-nl44405\/","name":"Kirby Complete stelo Revisionate \u2013 Pronto all\u2019Uso","isPartOf":{"@id":"https:\/\/www.veltec.eu\/en\/#website"},"primaryImageOfPage":{"@id":"https:\/\/www.veltec.eu\/it\/product\/kirby-complete-stelo-revisionate-nl44405\/#primaryimage"},"image":{"@id":"https:\/\/www.veltec.eu\/it\/product\/kirby-complete-stelo-revisionate-nl44405\/#primaryimage"},"thumbnailUrl":"https:\/\/www.veltec.eu\/wp-content\/uploads\/2018\/10\/kirby-steel.png","datePublished":"2018-10-22T11:25:25+00:00","dateModified":"2026-05-14T13:43:33+00:00","description":"Aggiorna il tuo aspirapolvere Kirby con il Kirby Complete stelo Revisionate. Compatibile con Generation G3\u2013G7, completo e pronto all\u2019uso.","breadcrumb":{"@id":"https:\/\/www.veltec.eu\/it\/product\/kirby-complete-stelo-revisionate-nl44405\/#breadcrumb"},"inLanguage":"it-IT","potentialAction":[{"@type":"ReadAction","target":["https:\/\/www.veltec.eu\/it\/product\/kirby-complete-stelo-revisionate-nl44405\/"]}]},{"@type":"ImageObject","inLanguage":"it-IT","@id":"https:\/\/www.veltec.eu\/it\/product\/kirby-complete-stelo-revisionate-nl44405\/#primaryimage","url":"https:\/\/www.veltec.eu\/wp-content\/uploads\/2018\/10\/kirby-steel.png","contentUrl":"https:\/\/www.veltec.eu\/wp-content\/uploads\/2018\/10\/kirby-steel.png","width":300,"height":300},{"@type":"BreadcrumbList","@id":"https:\/\/www.veltec.eu\/it\/product\/kirby-complete-stelo-revisionate-nl44405\/#breadcrumb","itemListElement":[{"@type":"ListItem","position":1,"name":"Home","item":"https:\/\/www.veltec.eu\/it\/la-homepage\/"},{"@type":"ListItem","position":2,"name":"Negozio Kirby","item":"https:\/\/www.veltec.eu\/it\/negozio-kirby\/"},{"@type":"ListItem","position":3,"name":"Kirby Complete stelo Revisionate"}]},{"@type":"WebSite","@id":"https:\/\/www.veltec.eu\/en\/#website","url":"https:\/\/www.veltec.eu\/en\/","name":"Veltec Kirby specialist","description":"Kirby stofzuiger producten","publisher":{"@id":"https:\/\/www.veltec.eu\/en\/#organization"},"potentialAction":[{"@type":"SearchAction","target":{"@type":"EntryPoint","urlTemplate":"https:\/\/www.veltec.eu\/en\/?s={search_term_string}"},"query-input":{"@type":"PropertyValueSpecification","valueRequired":true,"valueName":"search_term_string"}}],"inLanguage":"it-IT"},{"@type":"Organization","@id":"https:\/\/www.veltec.eu\/en\/#organization","name":"Veltec Kirby Specialist","url":"https:\/\/www.veltec.eu\/en\/","logo":{"@type":"ImageObject","inLanguage":"it-IT","@id":"https:\/\/www.veltec.eu\/en\/#\/schema\/logo\/image\/","url":"https:\/\/www.veltec.eu\/wp-content\/uploads\/2021\/12\/Veltec-log-groot-e1537260889125.png","contentUrl":"https:\/\/www.veltec.eu\/wp-content\/uploads\/2021\/12\/Veltec-log-groot-e1537260889125.png","width":200,"height":60,"caption":"Veltec Kirby Specialist"},"image":{"@id":"https:\/\/www.veltec.eu\/en\/#\/schema\/logo\/image\/"},"sameAs":["https:\/\/www.facebook.com\/Veltec-Kirby-Specialist-236746293374877\/","https:\/\/www.youtube.com\/user\/VeltecService"]}]}},"_links":{"self":[{"href":"https:\/\/www.veltec.eu\/it\/wp-json\/wp\/v2\/product\/10917","targetHints":{"allow":["GET"]}}],"collection":[{"href":"https:\/\/www.veltec.eu\/it\/wp-json\/wp\/v2\/product"}],"about":[{"href":"https:\/\/www.veltec.eu\/it\/wp-json\/wp\/v2\/types\/product"}],"replies":[{"embeddable":true,"href":"https:\/\/www.veltec.eu\/it\/wp-json\/wp\/v2\/comments?post=10917"}],"wp:featuredmedia":[{"embeddable":true,"href":"https:\/\/www.veltec.eu\/it\/wp-json\/wp\/v2\/media\/86159"}],"wp:attachment":[{"href":"https:\/\/www.veltec.eu\/it\/wp-json\/wp\/v2\/media?parent=10917"}],"wp:term":[{"taxonomy":"product_brand","embeddable":true,"href":"https:\/\/www.veltec.eu\/it\/wp-json\/wp\/v2\/product_brand?post=10917"},{"taxonomy":"product_cat","embeddable":true,"href":"https:\/\/www.veltec.eu\/it\/wp-json\/wp\/v2\/product_cat?post=10917"},{"taxonomy":"product_tag","embeddable":true,"href":"https:\/\/www.veltec.eu\/it\/wp-json\/wp\/v2\/product_tag?post=10917"}],"curies":[{"name":"wp","href":"https:\/\/api.w.org\/{rel}","templated":true}]}}