{"id":10892,"date":"2018-10-22T13:57:30","date_gmt":"2018-10-22T11:57:30","guid":{"rendered":"https:\/\/www.veltec.eu\/kirby-webshop\/kirby-rotore-spazzola-turbo-nl3093\/"},"modified":"2025-11-24T12:31:46","modified_gmt":"2025-11-24T10:31:46","slug":"kirby-rotore-spazzola-turbo-nl3093","status":"publish","type":"product","link":"https:\/\/www.veltec.eu\/it\/product\/kirby-rotore-spazzola-turbo-nl3093\/","title":{"rendered":"Kirby Rotore Spazzola Turbo"},"content":{"rendered":"<h1>Kirby Rotore Spazzola Turbo<\/h1>\n<p>Kirby Rotore Spazzola Turbo, adatta sia alla vecchia che alla nuova spazzola Turbo.<\/p>\n<h2>Introduzione della Kirby Rotore Spazzola Turbo<\/h2>\n<p>Chi possiede un aspirapolvere Kirby sa quanto sia essenziale mantenere l&#8217;apparecchio in ottime condizioni. Uno dei componenti chiave che garantisce una pulizia accurata \u00e8 il rotore della turbospazzola Kirby. Situato all&#8217;interno della turbospazzola, questo rotore svolge un ruolo fondamentale per l&#8217;efficienza e l&#8217;efficacia della turbospazzola Kirby.<\/p>\n<h3>La funzione del rotore Kirby<\/h3>\n<p>Il rotore della <a href=\"https:\/\/www.veltec.eu\/it\/kirby-turbo-spazzola\/\">Kirby turbo spazzola<\/a> \u00e8 stato progettato appositamente per garantire prestazioni ottimali del vostro aspirapolvere Kirby. Il rotore assicura che la turbospazzola ruoti efficacemente, rimuovendo senza sforzo sporco, polvere e capelli da varie superfici. In questo modo si ottengono i massimi risultati nella pulizia della casa con il minimo sforzo.<\/p>\n<h3>Vantaggi di un rotore Kirby ben funzionante<\/h3>\n<p><strong>Maggiore efficienza<\/strong><\/p>\n<p>Con un rotore correttamente funzionante, l&#8217;efficienza della turbospazzola migliora notevolmente. La turbospazzola ruota in modo fluido e veloce, raccogliendo senza fatica anche lo sporco pi\u00f9 ostinato. Questo garantisce che tappeti e mobili siano sempre puliti e freschi.<\/p>\n<p><strong>Maggiore durata dell&#8217;aspirapolvere<\/strong><\/p>\n<p>La sostituzione di un rotore usurato pu\u00f2 allungare la vita del vostro aspirapolvere Kirby. Investendo in un nuovo rotore per la spazzola turbo, eviterete un&#8217;inutile usura e vi assicurerete che il vostro apparecchio duri per anni senza perdere prestazioni.<\/p>\n<h3>Perch\u00e9 scegliere il Rotore Spazzola Turbo?<\/h3>\n<p><strong>Adattamento perfetto<\/strong><\/p>\n<p>Questo rotore \u00e8 stato progettato appositamente per la spazzola Kirby Turbo Brush e garantisce quindi un adattamento perfetto. Ci\u00f2 significa che non dovrete perdere tempo a regolare o modificare le parti; il rotore si adatta perfettamente e garantisce un&#8217;installazione senza problemi.<\/p>\n<h3>Materiali di alta qualit\u00e0<\/h3>\n<p>Il rotore per turbospazzola \u00e8 realizzato con materiali di alta qualit\u00e0 che garantiscono durata e affidabilit\u00e0. Potete fidarvi di questo rotore per resistere all&#8217;uso intenso e fornire prestazioni di lunga durata.<\/p>\n<h3>Facile installazione<\/h3>\n<p>Grazie al suo design, il rotore per turbospazzola \u00e8 facile da installare. Non sono necessarie conoscenze specialistiche; con pochi semplici passaggi \u00e8 possibile sostituire il rotore e riportare il vostro aspirapolvere alle sue condizioni ottimali.<\/p>\n<h3>Consigli per la manutenzione e la sostituzione<\/h3>\n<p>Per garantire che il vostro aspirapolvere Kirby funzioni sempre al meglio, \u00e8 importante controllare regolarmente il rotore e sostituirlo se necessario. Ecco alcuni suggerimenti per aiutarvi:<\/p>\n<ul>\n<li>Controllo regolare: controllare il rotore almeno una volta al mese per verificare che non sia usurato o danneggiato. Questo aiuta a identificare e risolvere i problemi in anticipo.<\/li>\n<li>Pulizia: Mantenere puliti il rotore e la turbospazzola eliminando regolarmente i peli e la sporcizia accumulati. In questo modo si prolunga la durata delle parti e si garantiscono prestazioni migliori.<\/li>\n<li>Sostituzione: non aspettate troppo a sostituire un rotore usurato. Quando si nota un calo delle prestazioni della turbospazzola, \u00e8 il momento di installare un nuovo rotore.<\/li>\n<\/ul>\n<div class=\"flex-1 overflow-hidden\">\n<div class=\"h-full\">\n<div class=\"react-scroll-to-bottom--css-jsrur-79elbk h-full\">\n<div class=\"react-scroll-to-bottom--css-jsrur-1n7m0yu\">\n<div class=\"flex flex-col text-sm md:pb-9\">\n<div class=\"w-full text-token-text-primary\" dir=\"auto\" data-testid=\"conversation-turn-3\" data-scroll-anchor=\"true\">\n<div class=\"text-base py-[18px] px-3 md:px-4 m-auto md:px-5 lg:px-1 xl:px-5\">\n<div class=\"mx-auto flex flex-1 gap-4 text-base md:gap-5 lg:gap-6 md:max-w-3xl lg:max-w-[40rem] xl:max-w-[48rem]\">\n<div class=\"group\/conversation-turn relative flex w-full min-w-0 flex-col agent-turn\">\n<div class=\"flex-col gap-1 md:gap-3\">\n<div class=\"flex flex-grow flex-col max-w-full\">\n<div class=\"min-h-[20px] text-message flex w-full flex-col items-end gap-2 whitespace-pre-wrap break-words [.text-message+&amp;]:mt-5 overflow-x-auto\" dir=\"auto\" data-message-author-role=\"assistant\" data-message-id=\"bb767f65-21d0-4622-ad95-c1af5f6f3b66\">\n<div class=\"flex w-full flex-col gap-1 empty:hidden first:pt-[3px]\">\n<div class=\"markdown prose w-full break-words dark:prose-invert light\">\n<h3>Conclusione<\/h3>\n<p>Il rotore Kirby per la spazzola turbo \u00e8 un componente indispensabile per mantenere la potenza di pulizia e l&#8217;efficienza del vostro aspirapolvere Kirby. Investire in un nuovo rotore assicura che il vostro apparecchio sia sempre in ottime condizioni, con il risultato di una casa pi\u00f9 pulita e meno tempo dedicato alla pulizia. Ordinate oggi stesso il vostro rotore Kirby per la spazzola turbo e provate la differenza in termini di potenza di pulizia e convenienza!<\/p>\n<\/div>\n<\/div>\n<\/div>\n<\/div>\n<\/div>\n<\/div>\n<\/div>\n<\/div>\n<\/div>\n<\/div>\n<\/div>\n<\/div>\n<\/div>\n<\/div>\n","protected":false},"excerpt":{"rendered":"<p>Rotore per spazzola turbo.<\/p>\n[trustindex data-widget-id=de4365f24f22281a6b165ed75b0]\n<h3><span style=\"color: #008000;\"><br \/>\nIn magazzino<\/span><\/h3>\n[av_font_icon icon='ue812' font='entypo-fontello' style='' caption='' size='25px' position='left' color='#43ad66' link='' linktarget='' title_attr='' sonar_effect_effect='' sonar_effect_color='' sonar_effect_duration='1' sonar_effect_scale='' sonar_effect_opac='0.5' animation='' id='' custom_class='' template_class='' av_uid='' sc_version='1.0' admin_preview_bg=''][\/av_font_icon]\n<p><span style=\"color: #008000;\">Ordinato prima della 23:59, spedito domani<\/span><\/p>\n<p>&nbsp;<\/p>\n","protected":false},"featured_media":86447,"comment_status":"open","ping_status":"closed","template":"","meta":[],"product_brand":[],"product_cat":[379],"product_tag":[],"class_list":{"0":"post-10892","1":"product","2":"type-product","3":"status-publish","4":"has-post-thumbnail","6":"product_cat-kirby-turbo-spazzola","7":"product_shipping_class-klein-it","9":"first","10":"instock","11":"taxable","12":"shipping-taxable","13":"purchasable","14":"product-type-simple"},"yoast_head":"<!-- This site is optimized with the Yoast SEO Premium plugin v27.1 (Yoast SEO v27.4) - https:\/\/yoast.com\/product\/yoast-seo-premium-wordpress\/ -->\n<title>Kirby Rotore Spazzola Turbo - Veltec Kirby specialist<\/title>\n<meta name=\"description\" content=\"Kirby Rotore Spazzola Turbo Veltec \u00e8 il fornitore delle aspirapolveri Kirby da oltre 25 anni. Ed \u00e8 il tuo fidato specialista del servizio\" \/>\n<meta name=\"robots\" content=\"index, follow, max-snippet:-1, max-image-preview:large, max-video-preview:-1\" \/>\n<link rel=\"canonical\" href=\"https:\/\/www.veltec.eu\/it\/product\/kirby-rotore-spazzola-turbo-nl3093\/\" \/>\n<meta property=\"og:locale\" content=\"it_IT\" \/>\n<meta property=\"og:type\" content=\"article\" \/>\n<meta property=\"og:title\" content=\"Kirby Rotore Spazzola Turbo\" \/>\n<meta property=\"og:description\" content=\"Rotore per spazzola turbo.    In magazzino   Ordinato prima della 23:59, spedito domani  &nbsp;\" \/>\n<meta property=\"og:url\" content=\"https:\/\/www.veltec.eu\/it\/product\/kirby-rotore-spazzola-turbo-nl3093\/\" \/>\n<meta property=\"og:site_name\" content=\"Veltec Kirby specialist\" \/>\n<meta property=\"article:publisher\" content=\"https:\/\/www.facebook.com\/Veltec-Kirby-Specialist-236746293374877\/\" \/>\n<meta property=\"article:modified_time\" content=\"2025-11-24T10:31:46+00:00\" \/>\n<meta property=\"og:image\" content=\"https:\/\/www.veltec.eu\/wp-content\/uploads\/2018\/10\/Rotor-TB.png\" \/>\n\t<meta property=\"og:image:width\" content=\"500\" \/>\n\t<meta property=\"og:image:height\" content=\"500\" \/>\n\t<meta property=\"og:image:type\" content=\"image\/png\" \/>\n<meta name=\"twitter:card\" content=\"summary_large_image\" \/>\n<meta name=\"twitter:label1\" content=\"Tempo di lettura stimato\" \/>\n\t<meta name=\"twitter:data1\" content=\"3 minuti\" \/>\n<script type=\"application\/ld+json\" class=\"yoast-schema-graph\">{\"@context\":\"https:\\\/\\\/schema.org\",\"@graph\":[{\"@type\":\"WebPage\",\"@id\":\"https:\\\/\\\/www.veltec.eu\\\/it\\\/product\\\/kirby-rotore-spazzola-turbo-nl3093\\\/\",\"url\":\"https:\\\/\\\/www.veltec.eu\\\/it\\\/product\\\/kirby-rotore-spazzola-turbo-nl3093\\\/\",\"name\":\"Kirby Rotore Spazzola Turbo - Veltec Kirby specialist\",\"isPartOf\":{\"@id\":\"https:\\\/\\\/www.veltec.eu\\\/en\\\/#website\"},\"primaryImageOfPage\":{\"@id\":\"https:\\\/\\\/www.veltec.eu\\\/it\\\/product\\\/kirby-rotore-spazzola-turbo-nl3093\\\/#primaryimage\"},\"image\":{\"@id\":\"https:\\\/\\\/www.veltec.eu\\\/it\\\/product\\\/kirby-rotore-spazzola-turbo-nl3093\\\/#primaryimage\"},\"thumbnailUrl\":\"https:\\\/\\\/www.veltec.eu\\\/wp-content\\\/uploads\\\/2018\\\/10\\\/Rotor-TB.png\",\"datePublished\":\"2018-10-22T11:57:30+00:00\",\"dateModified\":\"2025-11-24T10:31:46+00:00\",\"description\":\"Kirby Rotore Spazzola Turbo Veltec \u00e8 il fornitore delle aspirapolveri Kirby da oltre 25 anni. Ed \u00e8 il tuo fidato specialista del servizio\",\"breadcrumb\":{\"@id\":\"https:\\\/\\\/www.veltec.eu\\\/it\\\/product\\\/kirby-rotore-spazzola-turbo-nl3093\\\/#breadcrumb\"},\"inLanguage\":\"it-IT\",\"potentialAction\":[{\"@type\":\"ReadAction\",\"target\":[\"https:\\\/\\\/www.veltec.eu\\\/it\\\/product\\\/kirby-rotore-spazzola-turbo-nl3093\\\/\"]}]},{\"@type\":\"ImageObject\",\"inLanguage\":\"it-IT\",\"@id\":\"https:\\\/\\\/www.veltec.eu\\\/it\\\/product\\\/kirby-rotore-spazzola-turbo-nl3093\\\/#primaryimage\",\"url\":\"https:\\\/\\\/www.veltec.eu\\\/wp-content\\\/uploads\\\/2018\\\/10\\\/Rotor-TB.png\",\"contentUrl\":\"https:\\\/\\\/www.veltec.eu\\\/wp-content\\\/uploads\\\/2018\\\/10\\\/Rotor-TB.png\",\"width\":500,\"height\":500},{\"@type\":\"BreadcrumbList\",\"@id\":\"https:\\\/\\\/www.veltec.eu\\\/it\\\/product\\\/kirby-rotore-spazzola-turbo-nl3093\\\/#breadcrumb\",\"itemListElement\":[{\"@type\":\"ListItem\",\"position\":1,\"name\":\"Home\",\"item\":\"https:\\\/\\\/www.veltec.eu\\\/it\\\/\"},{\"@type\":\"ListItem\",\"position\":2,\"name\":\"Produits\",\"item\":\"https:\\\/\\\/www.veltec.eu\\\/fr\\\/shop\\\/\"},{\"@type\":\"ListItem\",\"position\":3,\"name\":\"Kirby Rotore Spazzola Turbo\"}]},{\"@type\":\"WebSite\",\"@id\":\"https:\\\/\\\/www.veltec.eu\\\/en\\\/#website\",\"url\":\"https:\\\/\\\/www.veltec.eu\\\/en\\\/\",\"name\":\"Veltec Kirby specialist\",\"description\":\"Kirby stofzuiger producten\",\"publisher\":{\"@id\":\"https:\\\/\\\/www.veltec.eu\\\/en\\\/#organization\"},\"potentialAction\":[{\"@type\":\"SearchAction\",\"target\":{\"@type\":\"EntryPoint\",\"urlTemplate\":\"https:\\\/\\\/www.veltec.eu\\\/en\\\/?s={search_term_string}\"},\"query-input\":{\"@type\":\"PropertyValueSpecification\",\"valueRequired\":true,\"valueName\":\"search_term_string\"}}],\"inLanguage\":\"it-IT\"},{\"@type\":\"Organization\",\"@id\":\"https:\\\/\\\/www.veltec.eu\\\/en\\\/#organization\",\"name\":\"Veltec Kirby Specialist\",\"url\":\"https:\\\/\\\/www.veltec.eu\\\/en\\\/\",\"logo\":{\"@type\":\"ImageObject\",\"inLanguage\":\"it-IT\",\"@id\":\"https:\\\/\\\/www.veltec.eu\\\/en\\\/#\\\/schema\\\/logo\\\/image\\\/\",\"url\":\"https:\\\/\\\/www.veltec.eu\\\/wp-content\\\/uploads\\\/2021\\\/12\\\/Veltec-log-groot-e1537260889125.png\",\"contentUrl\":\"https:\\\/\\\/www.veltec.eu\\\/wp-content\\\/uploads\\\/2021\\\/12\\\/Veltec-log-groot-e1537260889125.png\",\"width\":200,\"height\":60,\"caption\":\"Veltec Kirby Specialist\"},\"image\":{\"@id\":\"https:\\\/\\\/www.veltec.eu\\\/en\\\/#\\\/schema\\\/logo\\\/image\\\/\"},\"sameAs\":[\"https:\\\/\\\/www.facebook.com\\\/Veltec-Kirby-Specialist-236746293374877\\\/\",\"https:\\\/\\\/www.youtube.com\\\/user\\\/VeltecService\"]}]}<\/script>\n<!-- \/ Yoast SEO Premium plugin. -->","yoast_head_json":{"title":"Kirby Rotore Spazzola Turbo - Veltec Kirby specialist","description":"Kirby Rotore Spazzola Turbo Veltec \u00e8 il fornitore delle aspirapolveri Kirby da oltre 25 anni. Ed \u00e8 il tuo fidato specialista del servizio","robots":{"index":"index","follow":"follow","max-snippet":"max-snippet:-1","max-image-preview":"max-image-preview:large","max-video-preview":"max-video-preview:-1"},"canonical":"https:\/\/www.veltec.eu\/it\/product\/kirby-rotore-spazzola-turbo-nl3093\/","og_locale":"it_IT","og_type":"article","og_title":"Kirby Rotore Spazzola Turbo","og_description":"Rotore per spazzola turbo.    In magazzino   Ordinato prima della 23:59, spedito domani  &nbsp;","og_url":"https:\/\/www.veltec.eu\/it\/product\/kirby-rotore-spazzola-turbo-nl3093\/","og_site_name":"Veltec Kirby specialist","article_publisher":"https:\/\/www.facebook.com\/Veltec-Kirby-Specialist-236746293374877\/","article_modified_time":"2025-11-24T10:31:46+00:00","og_image":[{"width":500,"height":500,"url":"https:\/\/www.veltec.eu\/wp-content\/uploads\/2018\/10\/Rotor-TB.png","type":"image\/png"}],"twitter_card":"summary_large_image","twitter_misc":{"Tempo di lettura stimato":"3 minuti"},"schema":{"@context":"https:\/\/schema.org","@graph":[{"@type":"WebPage","@id":"https:\/\/www.veltec.eu\/it\/product\/kirby-rotore-spazzola-turbo-nl3093\/","url":"https:\/\/www.veltec.eu\/it\/product\/kirby-rotore-spazzola-turbo-nl3093\/","name":"Kirby Rotore Spazzola Turbo - Veltec Kirby specialist","isPartOf":{"@id":"https:\/\/www.veltec.eu\/en\/#website"},"primaryImageOfPage":{"@id":"https:\/\/www.veltec.eu\/it\/product\/kirby-rotore-spazzola-turbo-nl3093\/#primaryimage"},"image":{"@id":"https:\/\/www.veltec.eu\/it\/product\/kirby-rotore-spazzola-turbo-nl3093\/#primaryimage"},"thumbnailUrl":"https:\/\/www.veltec.eu\/wp-content\/uploads\/2018\/10\/Rotor-TB.png","datePublished":"2018-10-22T11:57:30+00:00","dateModified":"2025-11-24T10:31:46+00:00","description":"Kirby Rotore Spazzola Turbo Veltec \u00e8 il fornitore delle aspirapolveri Kirby da oltre 25 anni. Ed \u00e8 il tuo fidato specialista del servizio","breadcrumb":{"@id":"https:\/\/www.veltec.eu\/it\/product\/kirby-rotore-spazzola-turbo-nl3093\/#breadcrumb"},"inLanguage":"it-IT","potentialAction":[{"@type":"ReadAction","target":["https:\/\/www.veltec.eu\/it\/product\/kirby-rotore-spazzola-turbo-nl3093\/"]}]},{"@type":"ImageObject","inLanguage":"it-IT","@id":"https:\/\/www.veltec.eu\/it\/product\/kirby-rotore-spazzola-turbo-nl3093\/#primaryimage","url":"https:\/\/www.veltec.eu\/wp-content\/uploads\/2018\/10\/Rotor-TB.png","contentUrl":"https:\/\/www.veltec.eu\/wp-content\/uploads\/2018\/10\/Rotor-TB.png","width":500,"height":500},{"@type":"BreadcrumbList","@id":"https:\/\/www.veltec.eu\/it\/product\/kirby-rotore-spazzola-turbo-nl3093\/#breadcrumb","itemListElement":[{"@type":"ListItem","position":1,"name":"Home","item":"https:\/\/www.veltec.eu\/it\/"},{"@type":"ListItem","position":2,"name":"Produits","item":"https:\/\/www.veltec.eu\/fr\/shop\/"},{"@type":"ListItem","position":3,"name":"Kirby Rotore Spazzola Turbo"}]},{"@type":"WebSite","@id":"https:\/\/www.veltec.eu\/en\/#website","url":"https:\/\/www.veltec.eu\/en\/","name":"Veltec Kirby specialist","description":"Kirby stofzuiger producten","publisher":{"@id":"https:\/\/www.veltec.eu\/en\/#organization"},"potentialAction":[{"@type":"SearchAction","target":{"@type":"EntryPoint","urlTemplate":"https:\/\/www.veltec.eu\/en\/?s={search_term_string}"},"query-input":{"@type":"PropertyValueSpecification","valueRequired":true,"valueName":"search_term_string"}}],"inLanguage":"it-IT"},{"@type":"Organization","@id":"https:\/\/www.veltec.eu\/en\/#organization","name":"Veltec Kirby Specialist","url":"https:\/\/www.veltec.eu\/en\/","logo":{"@type":"ImageObject","inLanguage":"it-IT","@id":"https:\/\/www.veltec.eu\/en\/#\/schema\/logo\/image\/","url":"https:\/\/www.veltec.eu\/wp-content\/uploads\/2021\/12\/Veltec-log-groot-e1537260889125.png","contentUrl":"https:\/\/www.veltec.eu\/wp-content\/uploads\/2021\/12\/Veltec-log-groot-e1537260889125.png","width":200,"height":60,"caption":"Veltec Kirby Specialist"},"image":{"@id":"https:\/\/www.veltec.eu\/en\/#\/schema\/logo\/image\/"},"sameAs":["https:\/\/www.facebook.com\/Veltec-Kirby-Specialist-236746293374877\/","https:\/\/www.youtube.com\/user\/VeltecService"]}]}},"_links":{"self":[{"href":"https:\/\/www.veltec.eu\/it\/wp-json\/wp\/v2\/product\/10892","targetHints":{"allow":["GET"]}}],"collection":[{"href":"https:\/\/www.veltec.eu\/it\/wp-json\/wp\/v2\/product"}],"about":[{"href":"https:\/\/www.veltec.eu\/it\/wp-json\/wp\/v2\/types\/product"}],"replies":[{"embeddable":true,"href":"https:\/\/www.veltec.eu\/it\/wp-json\/wp\/v2\/comments?post=10892"}],"wp:featuredmedia":[{"embeddable":true,"href":"https:\/\/www.veltec.eu\/it\/wp-json\/wp\/v2\/media\/86447"}],"wp:attachment":[{"href":"https:\/\/www.veltec.eu\/it\/wp-json\/wp\/v2\/media?parent=10892"}],"wp:term":[{"taxonomy":"product_brand","embeddable":true,"href":"https:\/\/www.veltec.eu\/it\/wp-json\/wp\/v2\/product_brand?post=10892"},{"taxonomy":"product_cat","embeddable":true,"href":"https:\/\/www.veltec.eu\/it\/wp-json\/wp\/v2\/product_cat?post=10892"},{"taxonomy":"product_tag","embeddable":true,"href":"https:\/\/www.veltec.eu\/it\/wp-json\/wp\/v2\/product_tag?post=10892"}],"curies":[{"name":"wp","href":"https:\/\/api.w.org\/{rel}","templated":true}]}}