{"id":10887,"date":"2018-10-22T14:14:39","date_gmt":"2018-10-22T12:14:39","guid":{"rendered":"https:\/\/www.veltec.eu\/kirby-webshop\/kirby-vuoto-supporto-spazzola-turbo-nl3071\/"},"modified":"2024-12-05T16:57:41","modified_gmt":"2024-12-05T14:57:41","slug":"kirby-vuoto-supporto-spazzola-turbo-nl3071","status":"publish","type":"product","link":"https:\/\/www.veltec.eu\/it\/product\/kirby-vuoto-supporto-spazzola-turbo-nl3071\/","title":{"rendered":"Kirby Vuoto supporto Spazzola Turbo"},"content":{"rendered":"<div class=\"flex-1 overflow-hidden\">\n<div class=\"h-full\">\n<div class=\"react-scroll-to-bottom--css-jsrur-79elbk h-full\">\n<div class=\"react-scroll-to-bottom--css-jsrur-1n7m0yu\">\n<div class=\"flex flex-col text-sm md:pb-9\">\n<div class=\"w-full text-token-text-primary\" dir=\"auto\" data-testid=\"conversation-turn-3\" data-scroll-anchor=\"true\">\n<div class=\"text-base py-[18px] px-3 md:px-4 m-auto md:px-5 lg:px-1 xl:px-5\">\n<div class=\"mx-auto flex flex-1 gap-4 text-base md:gap-5 lg:gap-6 md:max-w-3xl lg:max-w-[40rem] xl:max-w-[48rem]\">\n<div class=\"group\/conversation-turn relative flex w-full min-w-0 flex-col agent-turn\">\n<div class=\"flex-col gap-1 md:gap-3\">\n<div class=\"flex flex-grow flex-col max-w-full\">\n<div class=\"min-h-[20px] text-message flex w-full flex-col items-end gap-2 whitespace-pre-wrap break-words [.text-message+&amp;]:mt-5 overflow-x-auto\" dir=\"auto\" data-message-author-role=\"assistant\" data-message-id=\"1a4fba8c-e884-4dd0-a736-ba3edbc40dd9\">\n<div class=\"flex w-full flex-col gap-1 empty:hidden first:pt-[3px]\">\n<div class=\"markdown prose w-full break-words dark:prose-invert light\">\n<h2>Scoprite la Kirby Vuoto supporto Spazzola Turbo: un must per il vostro aspirapolvere<\/h2>\n<p>State cercando il complemento perfetto per il vostro aspirapolvere Kirby? Non cercate oltre! La Kirby Vuoto supporto Spazzola Turbo \u00e8 esattamente ci\u00f2 che vi serve per portare la vostra esperienza di pulizia a un livello superiore. Progettato appositamente per ottenere il massimo dal vostro aspirapolvere, questo accessorio di alta qualit\u00e0 offre numerosi vantaggi che renderanno la vostra routine di pulizia molto pi\u00f9 efficiente ed efficace.<\/p>\n<h3>Che cos&#8217;\u00e8 il Kirby Vuoto supporto Spazzola Turbo?<\/h3>\n<p>Il supporto vuoto \u00e8 un accessorio versatile progettato specificamente per la turbospazzola Kirby. Con questa turbospazzola \u00e8 possibile rimuovere facilmente e accuratamente sporco, polvere e capelli da varie superfici. La spazzola \u00e8 dotata di potenti spazzole rotanti che penetrano in profondit\u00e0 nel tappeto, impedendo anche lo sporco pi\u00f9 ostinato. Inoltre, l&#8217;utilizzo della turbospazzola \u00e8 estremamente semplice e consente di mantenere una casa pulita e fresca senza sforzo.<\/p>\n<h3>Caratteristiche principali del Kirby Vuoto supporto Spazzola Turbo<\/h3>\n<p>Potenti spazzole rotanti: La spazzola turbo \u00e8 dotata di robuste spazzole rotanti che allentano e aspirano efficacemente lo sporco e la polvere.<br \/>\nAdatta a pi\u00f9 superfici: Se si desidera pulire tappeti, moquette, pavimenti duri o tappezzeria, questa spazzola \u00e8 in grado di gestire tutto.<br \/>\nFacile installazione: La spazzola turbo Kirby Empty Holder \u00e8 facile da collegare al vostro aspirapolvere Kirby, consentendovi di iniziare rapidamente.<br \/>\nDurevole e affidabile: Realizzata con materiali di alta qualit\u00e0, questa spazzola offre prestazioni e affidabilit\u00e0 di lunga durata.<\/p>\n<h3>Perch\u00e9 scegliere il supporto vuoto?<\/h3>\n<p>Ci sono molti motivi per cui il supporto vuoto \u00e8 una scelta eccellente per le vostre esigenze di pulizia. Innanzitutto, la spazzola turbo fa lavorare l&#8217;aspirapolvere in modo ancora pi\u00f9 efficace. Ci\u00f2 significa che dovrete dedicare meno tempo alla pulizia, ottenendo comunque un risultato pi\u00f9 accurato. Inoltre, la spazzola \u00e8 particolarmente efficace nel rimuovere i peli di animali domestici, ideale per le famiglie con animali domestici.<\/p>\n<h3>Vantaggi della <a href=\"https:\/\/www.veltec.eu\/it\/kirby-turbo-spazzola\/\">spazzola Kirby Turbo<\/a><\/h3>\n<ul>\n<li>Pulizia pi\u00f9 efficiente: le potenti spazzole consentono di pulire in modo pi\u00f9 rapido ed efficiente.<\/li>\n<li>Meno tempo e fatica: la turbospazzola vi toglie molto lavoro, lasciandovi pi\u00f9 tempo per altre attivit\u00e0.<\/li>\n<li>Adatto a chi soffre di allergie: La spazzola aiuta a ridurre la polvere e gli allergeni in casa, migliorando la qualit\u00e0 dell&#8217;aria.<\/li>\n<li>Potenza di aspirazione migliorata: con questa spazzola l&#8217;aspirapolvere funziona meglio, rimuovendo lo sporco in modo pi\u00f9 rapido ed efficace.<\/li>\n<\/ul>\n<h3>Come si usa<\/h3>\n<p>L&#8217;uso del supporto vuoto Kirby \u00e8 semplice e intuitivo. Seguite questi passaggi per ottenere il massimo dalla vostra spazzola:<\/p>\n<ul>\n<li>Collegare: Collegare il rotore e l&#8217;anello esterno Kirby al supporto vuoto della spazzola Turbo.<\/li>\n<li>Scegliere il supporto vuoto giusto: questo supporto \u00e8 adatto solo per la spazzola turbo Kirby new style.<\/li>\n<li>Manutenzione e pulizia: dopo l&#8217;uso, \u00e8 sufficiente staccare e pulire la spazzola per assicurarsi che continui a funzionare in modo ottimale.<\/li>\n<\/ul>\n<h3>Consigli per un uso ottimale<\/h3>\n<p>Manutenzione regolare: assicurarsi di pulire regolarmente la spazzola per evitare l&#8217;accumulo di sporco e peli.<br \/>\nImpostazioni corrette: Utilizzate le impostazioni corrette del vostro aspirapolvere per ottenere i migliori risultati sulle diverse superfici.<br \/>\nConservare in un luogo asciutto: conservare la spazzola in un luogo asciutto per prolungarne la durata ed evitare danni.<\/p>\n<h3>Conclusione: il complemento perfetto per l&#8217;aspirapolvere Kirby<\/h3>\n<p>La spazzola turbo Kirby Empty Holder \u00e8 un accessorio essenziale per chiunque voglia pulire la propria casa in modo accurato ed efficiente. Grazie alle potenti spazzole rotanti, alla versatilit\u00e0 e alla facilit\u00e0 d&#8217;uso, questa spazzola \u00e8 un&#8217;aggiunta preziosa al vostro arsenale di pulizia. Non aspettate oltre e provate voi stessi i vantaggi della Spazzola Turbo Kirby Empty Holder: la vostra casa non sar\u00e0 mai stata cos\u00ec pulita e fresca!<\/p>\n<\/div>\n<\/div>\n<\/div>\n<\/div>\n<\/div>\n<\/div>\n<\/div>\n<\/div>\n<\/div>\n<\/div>\n<\/div>\n<\/div>\n<\/div>\n<\/div>\n","protected":false},"excerpt":{"rendered":"<p>Vuoto supporto per spazzola Turbo.<\/p>\n[trustindex data-widget-id=de4365f24f22281a6b165ed75b0]\n<h3><span style=\"color: #008000;\"><br \/>\nIn magazzino<\/span><\/h3>\n[av_font_icon icon='ue812' font='entypo-fontello' style='' caption='' size='25px' position='left' color='#43ad66' link='' linktarget='' title_attr='' sonar_effect_effect='' sonar_effect_color='' sonar_effect_duration='1' sonar_effect_scale='' sonar_effect_opac='0.5' animation='' id='' custom_class='' template_class='' av_uid='' sc_version='1.0' admin_preview_bg=''][\/av_font_icon]\n<p><span style=\"color: #008000;\">Ordinato prima della 23:59, spedito domani<\/span><\/p>\n<p>&nbsp;<\/p>\n","protected":false},"featured_media":7646,"comment_status":"open","ping_status":"closed","template":"","meta":{"_acf_changed":false},"product_brand":[],"product_cat":[379],"product_tag":[],"class_list":{"0":"post-10887","1":"product","2":"type-product","3":"status-publish","4":"has-post-thumbnail","6":"product_cat-kirby-turbo-spazzola","7":"product_shipping_class-klein-it","9":"first","10":"instock","11":"taxable","12":"shipping-taxable","13":"purchasable","14":"product-type-simple"},"acf":[],"yoast_head":"<!-- This site is optimized with the Yoast SEO Premium plugin v27.1 (Yoast SEO v27.4) - https:\/\/yoast.com\/product\/yoast-seo-premium-wordpress\/ -->\n<title>Kirby Vuoto supporto Spazzola Turbo - Veltec Kirby specialist<\/title>\n<meta name=\"description\" content=\"Kirby Vuoto supporto Spazzola Turbo Veltec \u00e8 il fornitore delle aspirapolveri Kirby da oltre 25 anni. Ed \u00e8 il tuo fidato specialista\" \/>\n<meta name=\"robots\" content=\"index, follow, max-snippet:-1, max-image-preview:large, max-video-preview:-1\" \/>\n<link rel=\"canonical\" href=\"https:\/\/www.veltec.eu\/nl\/product\/kirby-lege-houder-turbo-borstel-nl3071\/\" \/>\n<meta property=\"og:locale\" content=\"it_IT\" \/>\n<meta property=\"og:type\" content=\"article\" \/>\n<meta property=\"og:title\" content=\"Kirby Vuoto supporto Spazzola Turbo\" \/>\n<meta property=\"og:description\" content=\"Vuoto supporto per spazzola Turbo.    In magazzino   Ordinato prima della 23:59, spedito domani  &nbsp;\" \/>\n<meta property=\"og:url\" content=\"https:\/\/www.veltec.eu\/nl\/product\/kirby-lege-houder-turbo-borstel-nl3071\/\" \/>\n<meta property=\"og:site_name\" content=\"Veltec Kirby specialist\" \/>\n<meta property=\"article:publisher\" content=\"https:\/\/www.facebook.com\/Veltec-Kirby-Specialist-236746293374877\/\" \/>\n<meta property=\"article:modified_time\" content=\"2024-12-05T14:57:41+00:00\" \/>\n<meta property=\"og:image\" content=\"https:\/\/www.veltec.eu\/wp-content\/uploads\/2018\/10\/lege_huder_tb_1.jpg\" \/>\n\t<meta property=\"og:image:width\" content=\"300\" \/>\n\t<meta property=\"og:image:height\" content=\"300\" \/>\n\t<meta property=\"og:image:type\" content=\"image\/jpeg\" \/>\n<meta name=\"twitter:card\" content=\"summary_large_image\" \/>\n<meta name=\"twitter:label1\" content=\"Tempo di lettura stimato\" \/>\n\t<meta name=\"twitter:data1\" content=\"3 minuti\" \/>\n<script type=\"application\/ld+json\" class=\"yoast-schema-graph\">{\"@context\":\"https:\\\/\\\/schema.org\",\"@graph\":[{\"@type\":\"WebPage\",\"@id\":\"https:\\\/\\\/www.veltec.eu\\\/nl\\\/product\\\/kirby-lege-houder-turbo-borstel-nl3071\\\/\",\"url\":\"https:\\\/\\\/www.veltec.eu\\\/nl\\\/product\\\/kirby-lege-houder-turbo-borstel-nl3071\\\/\",\"name\":\"Kirby Vuoto supporto Spazzola Turbo - Veltec Kirby specialist\",\"isPartOf\":{\"@id\":\"https:\\\/\\\/www.veltec.eu\\\/en\\\/#website\"},\"primaryImageOfPage\":{\"@id\":\"https:\\\/\\\/www.veltec.eu\\\/nl\\\/product\\\/kirby-lege-houder-turbo-borstel-nl3071\\\/#primaryimage\"},\"image\":{\"@id\":\"https:\\\/\\\/www.veltec.eu\\\/nl\\\/product\\\/kirby-lege-houder-turbo-borstel-nl3071\\\/#primaryimage\"},\"thumbnailUrl\":\"https:\\\/\\\/www.veltec.eu\\\/wp-content\\\/uploads\\\/2018\\\/10\\\/lege_huder_tb_1.jpg\",\"datePublished\":\"2018-10-22T12:14:39+00:00\",\"dateModified\":\"2024-12-05T14:57:41+00:00\",\"description\":\"Kirby Vuoto supporto Spazzola Turbo Veltec \u00e8 il fornitore delle aspirapolveri Kirby da oltre 25 anni. Ed \u00e8 il tuo fidato specialista\",\"breadcrumb\":{\"@id\":\"https:\\\/\\\/www.veltec.eu\\\/nl\\\/product\\\/kirby-lege-houder-turbo-borstel-nl3071\\\/#breadcrumb\"},\"inLanguage\":\"it-IT\",\"potentialAction\":[{\"@type\":\"ReadAction\",\"target\":[\"https:\\\/\\\/www.veltec.eu\\\/nl\\\/product\\\/kirby-lege-houder-turbo-borstel-nl3071\\\/\"]}]},{\"@type\":\"ImageObject\",\"inLanguage\":\"it-IT\",\"@id\":\"https:\\\/\\\/www.veltec.eu\\\/nl\\\/product\\\/kirby-lege-houder-turbo-borstel-nl3071\\\/#primaryimage\",\"url\":\"https:\\\/\\\/www.veltec.eu\\\/wp-content\\\/uploads\\\/2018\\\/10\\\/lege_huder_tb_1.jpg\",\"contentUrl\":\"https:\\\/\\\/www.veltec.eu\\\/wp-content\\\/uploads\\\/2018\\\/10\\\/lege_huder_tb_1.jpg\",\"width\":300,\"height\":300},{\"@type\":\"BreadcrumbList\",\"@id\":\"https:\\\/\\\/www.veltec.eu\\\/nl\\\/product\\\/kirby-lege-houder-turbo-borstel-nl3071\\\/#breadcrumb\",\"itemListElement\":[{\"@type\":\"ListItem\",\"position\":1,\"name\":\"Home\",\"item\":\"https:\\\/\\\/www.veltec.eu\\\/it\\\/\"},{\"@type\":\"ListItem\",\"position\":2,\"name\":\"Kirby Shop\",\"item\":\"https:\\\/\\\/www.veltec.eu\\\/nl\\\/shop-page\\\/\"},{\"@type\":\"ListItem\",\"position\":3,\"name\":\"Kirby Vuoto supporto Spazzola Turbo\"}]},{\"@type\":\"WebSite\",\"@id\":\"https:\\\/\\\/www.veltec.eu\\\/en\\\/#website\",\"url\":\"https:\\\/\\\/www.veltec.eu\\\/en\\\/\",\"name\":\"Veltec Kirby specialist\",\"description\":\"Kirby stofzuiger producten\",\"publisher\":{\"@id\":\"https:\\\/\\\/www.veltec.eu\\\/en\\\/#organization\"},\"potentialAction\":[{\"@type\":\"SearchAction\",\"target\":{\"@type\":\"EntryPoint\",\"urlTemplate\":\"https:\\\/\\\/www.veltec.eu\\\/en\\\/?s={search_term_string}\"},\"query-input\":{\"@type\":\"PropertyValueSpecification\",\"valueRequired\":true,\"valueName\":\"search_term_string\"}}],\"inLanguage\":\"it-IT\"},{\"@type\":\"Organization\",\"@id\":\"https:\\\/\\\/www.veltec.eu\\\/en\\\/#organization\",\"name\":\"Veltec Kirby Specialist\",\"url\":\"https:\\\/\\\/www.veltec.eu\\\/en\\\/\",\"logo\":{\"@type\":\"ImageObject\",\"inLanguage\":\"it-IT\",\"@id\":\"https:\\\/\\\/www.veltec.eu\\\/en\\\/#\\\/schema\\\/logo\\\/image\\\/\",\"url\":\"https:\\\/\\\/www.veltec.eu\\\/wp-content\\\/uploads\\\/2021\\\/12\\\/Veltec-log-groot-e1537260889125.png\",\"contentUrl\":\"https:\\\/\\\/www.veltec.eu\\\/wp-content\\\/uploads\\\/2021\\\/12\\\/Veltec-log-groot-e1537260889125.png\",\"width\":200,\"height\":60,\"caption\":\"Veltec Kirby Specialist\"},\"image\":{\"@id\":\"https:\\\/\\\/www.veltec.eu\\\/en\\\/#\\\/schema\\\/logo\\\/image\\\/\"},\"sameAs\":[\"https:\\\/\\\/www.facebook.com\\\/Veltec-Kirby-Specialist-236746293374877\\\/\",\"https:\\\/\\\/www.youtube.com\\\/user\\\/VeltecService\"]}]}<\/script>\n<!-- \/ Yoast SEO Premium plugin. -->","yoast_head_json":{"title":"Kirby Vuoto supporto Spazzola Turbo - Veltec Kirby specialist","description":"Kirby Vuoto supporto Spazzola Turbo Veltec \u00e8 il fornitore delle aspirapolveri Kirby da oltre 25 anni. Ed \u00e8 il tuo fidato specialista","robots":{"index":"index","follow":"follow","max-snippet":"max-snippet:-1","max-image-preview":"max-image-preview:large","max-video-preview":"max-video-preview:-1"},"canonical":"https:\/\/www.veltec.eu\/nl\/product\/kirby-lege-houder-turbo-borstel-nl3071\/","og_locale":"it_IT","og_type":"article","og_title":"Kirby Vuoto supporto Spazzola Turbo","og_description":"Vuoto supporto per spazzola Turbo.    In magazzino   Ordinato prima della 23:59, spedito domani  &nbsp;","og_url":"https:\/\/www.veltec.eu\/nl\/product\/kirby-lege-houder-turbo-borstel-nl3071\/","og_site_name":"Veltec Kirby specialist","article_publisher":"https:\/\/www.facebook.com\/Veltec-Kirby-Specialist-236746293374877\/","article_modified_time":"2024-12-05T14:57:41+00:00","og_image":[{"width":300,"height":300,"url":"https:\/\/www.veltec.eu\/wp-content\/uploads\/2018\/10\/lege_huder_tb_1.jpg","type":"image\/jpeg"}],"twitter_card":"summary_large_image","twitter_misc":{"Tempo di lettura stimato":"3 minuti"},"schema":{"@context":"https:\/\/schema.org","@graph":[{"@type":"WebPage","@id":"https:\/\/www.veltec.eu\/nl\/product\/kirby-lege-houder-turbo-borstel-nl3071\/","url":"https:\/\/www.veltec.eu\/nl\/product\/kirby-lege-houder-turbo-borstel-nl3071\/","name":"Kirby Vuoto supporto Spazzola Turbo - Veltec Kirby specialist","isPartOf":{"@id":"https:\/\/www.veltec.eu\/en\/#website"},"primaryImageOfPage":{"@id":"https:\/\/www.veltec.eu\/nl\/product\/kirby-lege-houder-turbo-borstel-nl3071\/#primaryimage"},"image":{"@id":"https:\/\/www.veltec.eu\/nl\/product\/kirby-lege-houder-turbo-borstel-nl3071\/#primaryimage"},"thumbnailUrl":"https:\/\/www.veltec.eu\/wp-content\/uploads\/2018\/10\/lege_huder_tb_1.jpg","datePublished":"2018-10-22T12:14:39+00:00","dateModified":"2024-12-05T14:57:41+00:00","description":"Kirby Vuoto supporto Spazzola Turbo Veltec \u00e8 il fornitore delle aspirapolveri Kirby da oltre 25 anni. Ed \u00e8 il tuo fidato specialista","breadcrumb":{"@id":"https:\/\/www.veltec.eu\/nl\/product\/kirby-lege-houder-turbo-borstel-nl3071\/#breadcrumb"},"inLanguage":"it-IT","potentialAction":[{"@type":"ReadAction","target":["https:\/\/www.veltec.eu\/nl\/product\/kirby-lege-houder-turbo-borstel-nl3071\/"]}]},{"@type":"ImageObject","inLanguage":"it-IT","@id":"https:\/\/www.veltec.eu\/nl\/product\/kirby-lege-houder-turbo-borstel-nl3071\/#primaryimage","url":"https:\/\/www.veltec.eu\/wp-content\/uploads\/2018\/10\/lege_huder_tb_1.jpg","contentUrl":"https:\/\/www.veltec.eu\/wp-content\/uploads\/2018\/10\/lege_huder_tb_1.jpg","width":300,"height":300},{"@type":"BreadcrumbList","@id":"https:\/\/www.veltec.eu\/nl\/product\/kirby-lege-houder-turbo-borstel-nl3071\/#breadcrumb","itemListElement":[{"@type":"ListItem","position":1,"name":"Home","item":"https:\/\/www.veltec.eu\/it\/"},{"@type":"ListItem","position":2,"name":"Kirby Shop","item":"https:\/\/www.veltec.eu\/nl\/shop-page\/"},{"@type":"ListItem","position":3,"name":"Kirby Vuoto supporto Spazzola Turbo"}]},{"@type":"WebSite","@id":"https:\/\/www.veltec.eu\/en\/#website","url":"https:\/\/www.veltec.eu\/en\/","name":"Veltec Kirby specialist","description":"Kirby stofzuiger producten","publisher":{"@id":"https:\/\/www.veltec.eu\/en\/#organization"},"potentialAction":[{"@type":"SearchAction","target":{"@type":"EntryPoint","urlTemplate":"https:\/\/www.veltec.eu\/en\/?s={search_term_string}"},"query-input":{"@type":"PropertyValueSpecification","valueRequired":true,"valueName":"search_term_string"}}],"inLanguage":"it-IT"},{"@type":"Organization","@id":"https:\/\/www.veltec.eu\/en\/#organization","name":"Veltec Kirby Specialist","url":"https:\/\/www.veltec.eu\/en\/","logo":{"@type":"ImageObject","inLanguage":"it-IT","@id":"https:\/\/www.veltec.eu\/en\/#\/schema\/logo\/image\/","url":"https:\/\/www.veltec.eu\/wp-content\/uploads\/2021\/12\/Veltec-log-groot-e1537260889125.png","contentUrl":"https:\/\/www.veltec.eu\/wp-content\/uploads\/2021\/12\/Veltec-log-groot-e1537260889125.png","width":200,"height":60,"caption":"Veltec Kirby Specialist"},"image":{"@id":"https:\/\/www.veltec.eu\/en\/#\/schema\/logo\/image\/"},"sameAs":["https:\/\/www.facebook.com\/Veltec-Kirby-Specialist-236746293374877\/","https:\/\/www.youtube.com\/user\/VeltecService"]}]}},"_links":{"self":[{"href":"https:\/\/www.veltec.eu\/it\/wp-json\/wp\/v2\/product\/10887","targetHints":{"allow":["GET"]}}],"collection":[{"href":"https:\/\/www.veltec.eu\/it\/wp-json\/wp\/v2\/product"}],"about":[{"href":"https:\/\/www.veltec.eu\/it\/wp-json\/wp\/v2\/types\/product"}],"replies":[{"embeddable":true,"href":"https:\/\/www.veltec.eu\/it\/wp-json\/wp\/v2\/comments?post=10887"}],"wp:featuredmedia":[{"embeddable":true,"href":"https:\/\/www.veltec.eu\/it\/wp-json\/wp\/v2\/media\/7646"}],"wp:attachment":[{"href":"https:\/\/www.veltec.eu\/it\/wp-json\/wp\/v2\/media?parent=10887"}],"wp:term":[{"taxonomy":"product_brand","embeddable":true,"href":"https:\/\/www.veltec.eu\/it\/wp-json\/wp\/v2\/product_brand?post=10887"},{"taxonomy":"product_cat","embeddable":true,"href":"https:\/\/www.veltec.eu\/it\/wp-json\/wp\/v2\/product_cat?post=10887"},{"taxonomy":"product_tag","embeddable":true,"href":"https:\/\/www.veltec.eu\/it\/wp-json\/wp\/v2\/product_tag?post=10887"}],"curies":[{"name":"wp","href":"https:\/\/api.w.org\/{rel}","templated":true}]}}