{"id":10882,"date":"2018-10-22T14:23:06","date_gmt":"2018-10-22T12:23:06","guid":{"rendered":"https:\/\/www.veltec.eu\/kirby-webshop\/kirby-spazzola-turbo-nuovo-tipo-nl3128\/"},"modified":"2026-04-08T13:23:48","modified_gmt":"2026-04-08T11:23:48","slug":"kirby-spazzola-turbo-nuovo-tipo-nl3128","status":"publish","type":"product","link":"https:\/\/www.veltec.eu\/it\/product\/kirby-spazzola-turbo-nuovo-tipo-nl3128\/","title":{"rendered":"Kirby Spazzola Turbo Nuovo Tipo"},"content":{"rendered":"<div class=\"text-base my-auto mx-auto [--thread-content-margin:var(--thread-content-margin-xs,calc(var(--spacing)*4))] @w-sm\/main:[--thread-content-margin:var(--thread-content-margin-sm,calc(var(--spacing)*6))] @w-lg\/main:[--thread-content-margin:var(--thread-content-margin-lg,calc(var(--spacing)*16))] px-(--thread-content-margin)\">\n<div class=\"[--thread-content-max-width:40rem] @w-lg\/main:[--thread-content-max-width:48rem] mx-auto max-w-(--thread-content-max-width) flex-1 group\/turn-messages focus-visible:outline-hidden relative flex w-full min-w-0 flex-col agent-turn\">\n<div class=\"flex max-w-full flex-col gap-4 grow\">\n<div class=\"min-h-8 text-message relative flex w-full flex-col items-end gap-2 text-start break-words whitespace-normal outline-none keyboard-focused:focus-ring [.text-message+&amp;]:mt-1\" dir=\"auto\" data-message-author-role=\"assistant\" data-message-id=\"4081ec7a-caa2-4ac9-9c83-6cf5aba3655d\" data-message-model-slug=\"gpt-5-3\">\n<div class=\"flex w-full flex-col gap-1 empty:hidden\">\n<div class=\"markdown prose dark:prose-invert w-full wrap-break-word light markdown-new-styling\">\n<h1 data-section-id=\"10s904w\" data-start=\"0\" data-end=\"34\">Kirby Spazzola Turbo Nuovo Tipo<\/h1>\n<p data-start=\"36\" data-end=\"390\">La Kirby Spazzola Turbo Nuovo Tipo \u00e8 progettata per la pulizia profonda di tappezzerie, scale e interni auto. Grazie al rotore e al flusso d&#8217;aria ottimizzato, questa spazzola turbo rimuove efficacemente sporco e peli. Con un design silenzioso e resistente, \u00e8 compatibile con tutti gli <a href=\"https:\/\/www.veltec.eu\/it\/kirby-aspirapolvere\/\" target=\"_blank\" rel=\"noopener\">aspirapolvere Kirby.<\/a><\/p>\n<h2>Pulizia profonda con la Spazzola Turbo Kirby<\/h2>\n<p>La spazzola rotante di questa nuova spazzola turbo penetra a fondo nelle superfici tessili. Cos\u00ec, peli ostinati e polvere vengono rimossi in modo efficiente. Anche tappeti e moquette vengono puliti con minimo sforzo.<\/p>\n<p data-start=\"767\" data-end=\"1000\">Inoltre, questa spazzola turbo \u00e8 ideale per mobili, rivestimenti di scale e interni auto, poich\u00e9 pulisce in modo mirato senza danneggiare le superfici. Guarda anche le nostre s<a href=\"https:\/\/www.veltec.eu\/it\/kirby-spazzole-e-accessori\/\" target=\"_blank\" rel=\"noopener\">pazzole Kirby<\/a> per soluzioni di pulizia aggiuntive o tutti i componenti per la <a href=\"https:\/\/www.veltec.eu\/it\/kirby-turbo-spazzola\/\" target=\"_blank\" rel=\"noopener\">Spazzola Turbo Kirby<\/a><\/p>\n<h3 data-section-id=\"1g7w1p7\" data-start=\"1002\" data-end=\"1065\">Tecnologia innovativa della spazzola<\/h3>\n<p data-start=\"1067\" data-end=\"1359\">Il rotore migliorato garantisce la massima potenza di aspirazione, mentre il flusso d&#8217;aria \u00e8 ottimizzato per un risultato uniforme. La testa della spazzola \u00e8 facilmente smontabile, rendendo la manutenzione rapida e semplice. In questo modo, le prestazioni rimangono ottimali nel tempo.<\/p>\n<p data-start=\"1361\" data-end=\"1535\">Inoltre, l&#8217;interno \u00e8 semplificato, rendendo lo smontaggio pi\u00f9 veloce e la manutenzione pi\u00f9 agevole. La spazzola mantiene cos\u00ec un funzionamento ottimale a lungo termine.<\/p>\n<h2>Design durevole ed ergonomico<\/h2>\n<p>Il design moderno combina stile e praticit\u00e0. La spazzola \u00e8 ergonomica per una presa confortevole, rendendo la pulizia prolungata meno faticosa. Inoltre, i materiali utilizzati sono resistenti agli urti e agli impatti, garantendo una maggiore durata.<\/p>\n<h3>Pratica da usare<\/h3>\n<p>La Kirby spazzola turbo Nuovo tipo \u00e8 adatta a diverse superfici. Dai tappeti morbidi ai pavimenti duri: la spazzola si adatta grazie alla potenza di aspirazione regolabile e alle spazzole rotanti. Per la manutenzione si consiglia di pulire regolarmente la testa della spazzola.<\/p>\n<p data-start=\"2464\" data-end=\"2635\">Per ulteriori informazioni e consigli, leggi il <a href=\"https:\/\/www.servizio-aspirapolvere-kirby.it\/il-kirby-zipp-brush\/\" target=\"_blank\" rel=\"noopener\">articolo del blog: Tutto sulla Kirby Zipp Brush o Spazzola Turbo.<\/a><\/p>\n<h2 data-section-id=\"1rmy45g\" data-start=\"2637\" data-end=\"2695\">Compatibilit\u00e0 della Kirby Spazzola Turbo Nuovo Tipo<\/h2>\n<p data-start=\"2697\" data-end=\"2899\">Questa spazzola turbo \u00e8 universale e quindi compatibile con quasi tutti gli aspirapolvere Kirby. Non \u00e8 necessario acquistare accessori separati per modelli diversi.<\/p>\n<p data-start=\"2901\" data-end=\"2929\">Compatibile con, tra gli altri:<\/p>\n<ul data-start=\"2930\" data-end=\"3113\">\n<li data-section-id=\"1jnepvj\" data-start=\"2930\" data-end=\"2949\">Avalir Platinum<\/li>\n<li data-section-id=\"20vfq8\" data-start=\"2950\" data-end=\"2974\">Avalir 2 e Avalir 1<\/li>\n<li data-section-id=\"1p695yc\" data-start=\"2975\" data-end=\"3014\">Sentria 2 (G10D) e Sentria 1 (G10)<\/li>\n<li data-section-id=\"1sk6jdp\" data-start=\"3015\" data-end=\"3054\">Ultimate G Diamond Edition (G7D\/DE)<\/li>\n<li data-section-id=\"vl5rqy\" data-start=\"3055\" data-end=\"3077\">Ultimate G (G7\/UG)<\/li>\n<li data-section-id=\"1t7fo0m\" data-start=\"3078\" data-end=\"3113\">Generation 6 (G6), G5, G4 e G3<\/li>\n<\/ul>\n<p data-start=\"3115\" data-end=\"3223\">La spazzola turbo funziona anche su altri aspirapolvere, purch\u00e9 generino un flusso d&#8217;aria sufficiente.<\/p>\n<h3 data-section-id=\"1ty10vh\" data-start=\"3225\" data-end=\"3276\">Uso sicuro della Spazzola Turbo<\/h3>\n<p data-start=\"3278\" data-end=\"3563\">Per ottenere risultati ottimali, \u00e8 essenziale utilizzare correttamente la Kirby Spazzola Turbo Nuovo Tipo. Utilizzarla solo per la pulizia a secco. Non combinare con shampoo o umidit\u00e0, poich\u00e9 ci\u00f2 pu\u00f2 causare accumulo di sporco, muffa e cattivi odori.<\/p>\n<h2 data-section-id=\"19v9qiv\" data-start=\"3565\" data-end=\"3622\">Perch\u00e9 scegliere la Kirby Spazzola Turbo Nuovo Tipo<\/h2>\n<p data-start=\"3624\" data-end=\"3891\">La spazzola turbo nuovo stile combina potenza, durata e facilit\u00e0 d&#8217;uso in un unico accessorio. La pulizia diventa pi\u00f9 efficiente e approfondita. Inoltre, il design moderno offre un\u2019esperienza utente piacevole in ogni attivit\u00e0 di pulizia.<\/p>\n<p data-start=\"3893\" data-end=\"4049\" data-is-last-node=\"\" data-is-only-node=\"\">Con la Kirby spazzola turbo nuovo tipo scegli una soluzione affidabile e versatile che rende ogni operazione di pulizia notevolmente pi\u00f9 semplice.<\/p>\n<\/div>\n<\/div>\n<\/div>\n<\/div>\n<\/div>\n<\/div>\n","protected":false},"excerpt":{"rendered":"<p>La spazzola turbo Kirby nuovo stile garantisce una pulizia profonda di tappezzerie, scale e interni auto. Il design silenzioso e i materiali resistenti assicurano prestazioni durature. Ideale per ogni modello di aspirapolvere Kirby.<\/p>\n[trustindex data-widget-id=de4365f24f22281a6b165ed75b0]\n<h3><span style=\"color: #008000;\"><br \/>\nIn magazzino<\/span><\/h3>\n[av_font_icon icon='ue812' font='entypo-fontello' style='' caption='' size='25px' position='left' color='#43ad66' link='' linktarget='' title_attr='' sonar_effect_effect='' sonar_effect_color='' sonar_effect_duration='1' sonar_effect_scale='' sonar_effect_opac='0.5' animation='' id='' custom_class='' template_class='' av_uid='' sc_version='1.0' admin_preview_bg=''][\/av_font_icon]\n<p><span style=\"color: #008000;\">Ordinato prima della 23:59, spedito domani<\/span><\/p>\n<p>&nbsp;<\/p>\n","protected":false},"featured_media":86421,"comment_status":"open","ping_status":"closed","template":"","meta":[],"product_brand":[],"product_cat":[379],"product_tag":[],"class_list":{"0":"post-10882","1":"product","2":"type-product","3":"status-publish","4":"has-post-thumbnail","6":"product_cat-kirby-turbo-spazzola","7":"product_shipping_class-klein-it","9":"first","10":"instock","11":"sale","12":"taxable","13":"shipping-taxable","14":"purchasable","15":"product-type-simple"},"yoast_head":"<!-- This site is optimized with the Yoast SEO Premium plugin v27.1 (Yoast SEO v27.4) - https:\/\/yoast.com\/product\/yoast-seo-premium-wordpress\/ -->\n<title>Kirby Spazzola Turbo Nuovo Tipo - Pulizia Profonda<\/title>\n<meta name=\"description\" content=\"Rimuovi polvere, peli e sporco con la Kirby Spazzola Turbo Nuovo Tipo. Compatibile con tutti gli aspirapolvere Kirby, efficiente e durevole.\" \/>\n<meta name=\"robots\" content=\"index, follow, max-snippet:-1, max-image-preview:large, max-video-preview:-1\" \/>\n<link rel=\"canonical\" href=\"https:\/\/www.veltec.eu\/nl\/product\/kirby-turbo-borstel-nieuwe-style-nl3128\/\" \/>\n<meta property=\"og:locale\" content=\"it_IT\" \/>\n<meta property=\"og:type\" content=\"article\" \/>\n<meta property=\"og:title\" content=\"Kirby Spazzola Turbo Nuovo Tipo\" \/>\n<meta property=\"og:description\" content=\"La spazzola turbo Kirby nuovo stile garantisce una pulizia profonda di tappezzerie, scale e interni auto. Il design silenzioso e i materiali resistenti assicurano prestazioni durature. Ideale per ogni modello di aspirapolvere Kirby.    In magazzino   Ordinato prima della 23:59, spedito domani  &nbsp;\" \/>\n<meta property=\"og:url\" content=\"https:\/\/www.veltec.eu\/nl\/product\/kirby-turbo-borstel-nieuwe-style-nl3128\/\" \/>\n<meta property=\"og:site_name\" content=\"Veltec Kirby specialist\" \/>\n<meta property=\"article:publisher\" content=\"https:\/\/www.facebook.com\/Veltec-Kirby-Specialist-236746293374877\/\" \/>\n<meta property=\"article:modified_time\" content=\"2026-04-08T11:23:48+00:00\" \/>\n<meta property=\"og:image\" content=\"https:\/\/www.veltec.eu\/wp-content\/uploads\/2018\/10\/Kirby-Zipp-brush.png\" \/>\n\t<meta property=\"og:image:width\" content=\"600\" \/>\n\t<meta property=\"og:image:height\" content=\"600\" \/>\n\t<meta property=\"og:image:type\" content=\"image\/png\" \/>\n<meta name=\"twitter:card\" content=\"summary_large_image\" \/>\n<meta name=\"twitter:label1\" content=\"Tempo di lettura stimato\" \/>\n\t<meta name=\"twitter:data1\" content=\"3 minuti\" \/>\n<script type=\"application\/ld+json\" class=\"yoast-schema-graph\">{\"@context\":\"https:\\\/\\\/schema.org\",\"@graph\":[{\"@type\":\"WebPage\",\"@id\":\"https:\\\/\\\/www.veltec.eu\\\/nl\\\/product\\\/kirby-turbo-borstel-nieuwe-style-nl3128\\\/\",\"url\":\"https:\\\/\\\/www.veltec.eu\\\/nl\\\/product\\\/kirby-turbo-borstel-nieuwe-style-nl3128\\\/\",\"name\":\"Kirby Spazzola Turbo Nuovo Tipo - Pulizia Profonda\",\"isPartOf\":{\"@id\":\"https:\\\/\\\/www.veltec.eu\\\/en\\\/#website\"},\"primaryImageOfPage\":{\"@id\":\"https:\\\/\\\/www.veltec.eu\\\/nl\\\/product\\\/kirby-turbo-borstel-nieuwe-style-nl3128\\\/#primaryimage\"},\"image\":{\"@id\":\"https:\\\/\\\/www.veltec.eu\\\/nl\\\/product\\\/kirby-turbo-borstel-nieuwe-style-nl3128\\\/#primaryimage\"},\"thumbnailUrl\":\"https:\\\/\\\/www.veltec.eu\\\/wp-content\\\/uploads\\\/2018\\\/10\\\/Kirby-Zipp-brush.png\",\"datePublished\":\"2018-10-22T12:23:06+00:00\",\"dateModified\":\"2026-04-08T11:23:48+00:00\",\"description\":\"Rimuovi polvere, peli e sporco con la Kirby Spazzola Turbo Nuovo Tipo. Compatibile con tutti gli aspirapolvere Kirby, efficiente e durevole.\",\"breadcrumb\":{\"@id\":\"https:\\\/\\\/www.veltec.eu\\\/nl\\\/product\\\/kirby-turbo-borstel-nieuwe-style-nl3128\\\/#breadcrumb\"},\"inLanguage\":\"it-IT\",\"potentialAction\":[{\"@type\":\"ReadAction\",\"target\":[\"https:\\\/\\\/www.veltec.eu\\\/nl\\\/product\\\/kirby-turbo-borstel-nieuwe-style-nl3128\\\/\"]}]},{\"@type\":\"ImageObject\",\"inLanguage\":\"it-IT\",\"@id\":\"https:\\\/\\\/www.veltec.eu\\\/nl\\\/product\\\/kirby-turbo-borstel-nieuwe-style-nl3128\\\/#primaryimage\",\"url\":\"https:\\\/\\\/www.veltec.eu\\\/wp-content\\\/uploads\\\/2018\\\/10\\\/Kirby-Zipp-brush.png\",\"contentUrl\":\"https:\\\/\\\/www.veltec.eu\\\/wp-content\\\/uploads\\\/2018\\\/10\\\/Kirby-Zipp-brush.png\",\"width\":600,\"height\":600},{\"@type\":\"BreadcrumbList\",\"@id\":\"https:\\\/\\\/www.veltec.eu\\\/nl\\\/product\\\/kirby-turbo-borstel-nieuwe-style-nl3128\\\/#breadcrumb\",\"itemListElement\":[{\"@type\":\"ListItem\",\"position\":1,\"name\":\"Home\",\"item\":\"https:\\\/\\\/www.veltec.eu\\\/it\\\/\"},{\"@type\":\"ListItem\",\"position\":2,\"name\":\"Produits\",\"item\":\"https:\\\/\\\/www.veltec.eu\\\/fr\\\/shop\\\/\"},{\"@type\":\"ListItem\",\"position\":3,\"name\":\"Kirby Spazzola Turbo Nuovo Tipo\"}]},{\"@type\":\"WebSite\",\"@id\":\"https:\\\/\\\/www.veltec.eu\\\/en\\\/#website\",\"url\":\"https:\\\/\\\/www.veltec.eu\\\/en\\\/\",\"name\":\"Veltec Kirby specialist\",\"description\":\"Kirby stofzuiger producten\",\"publisher\":{\"@id\":\"https:\\\/\\\/www.veltec.eu\\\/en\\\/#organization\"},\"potentialAction\":[{\"@type\":\"SearchAction\",\"target\":{\"@type\":\"EntryPoint\",\"urlTemplate\":\"https:\\\/\\\/www.veltec.eu\\\/en\\\/?s={search_term_string}\"},\"query-input\":{\"@type\":\"PropertyValueSpecification\",\"valueRequired\":true,\"valueName\":\"search_term_string\"}}],\"inLanguage\":\"it-IT\"},{\"@type\":\"Organization\",\"@id\":\"https:\\\/\\\/www.veltec.eu\\\/en\\\/#organization\",\"name\":\"Veltec Kirby Specialist\",\"url\":\"https:\\\/\\\/www.veltec.eu\\\/en\\\/\",\"logo\":{\"@type\":\"ImageObject\",\"inLanguage\":\"it-IT\",\"@id\":\"https:\\\/\\\/www.veltec.eu\\\/en\\\/#\\\/schema\\\/logo\\\/image\\\/\",\"url\":\"https:\\\/\\\/www.veltec.eu\\\/wp-content\\\/uploads\\\/2021\\\/12\\\/Veltec-log-groot-e1537260889125.png\",\"contentUrl\":\"https:\\\/\\\/www.veltec.eu\\\/wp-content\\\/uploads\\\/2021\\\/12\\\/Veltec-log-groot-e1537260889125.png\",\"width\":200,\"height\":60,\"caption\":\"Veltec Kirby Specialist\"},\"image\":{\"@id\":\"https:\\\/\\\/www.veltec.eu\\\/en\\\/#\\\/schema\\\/logo\\\/image\\\/\"},\"sameAs\":[\"https:\\\/\\\/www.facebook.com\\\/Veltec-Kirby-Specialist-236746293374877\\\/\",\"https:\\\/\\\/www.youtube.com\\\/user\\\/VeltecService\"]}]}<\/script>\n<!-- \/ Yoast SEO Premium plugin. -->","yoast_head_json":{"title":"Kirby Spazzola Turbo Nuovo Tipo - Pulizia Profonda","description":"Rimuovi polvere, peli e sporco con la Kirby Spazzola Turbo Nuovo Tipo. Compatibile con tutti gli aspirapolvere Kirby, efficiente e durevole.","robots":{"index":"index","follow":"follow","max-snippet":"max-snippet:-1","max-image-preview":"max-image-preview:large","max-video-preview":"max-video-preview:-1"},"canonical":"https:\/\/www.veltec.eu\/nl\/product\/kirby-turbo-borstel-nieuwe-style-nl3128\/","og_locale":"it_IT","og_type":"article","og_title":"Kirby Spazzola Turbo Nuovo Tipo","og_description":"La spazzola turbo Kirby nuovo stile garantisce una pulizia profonda di tappezzerie, scale e interni auto. Il design silenzioso e i materiali resistenti assicurano prestazioni durature. Ideale per ogni modello di aspirapolvere Kirby.    In magazzino   Ordinato prima della 23:59, spedito domani  &nbsp;","og_url":"https:\/\/www.veltec.eu\/nl\/product\/kirby-turbo-borstel-nieuwe-style-nl3128\/","og_site_name":"Veltec Kirby specialist","article_publisher":"https:\/\/www.facebook.com\/Veltec-Kirby-Specialist-236746293374877\/","article_modified_time":"2026-04-08T11:23:48+00:00","og_image":[{"width":600,"height":600,"url":"https:\/\/www.veltec.eu\/wp-content\/uploads\/2018\/10\/Kirby-Zipp-brush.png","type":"image\/png"}],"twitter_card":"summary_large_image","twitter_misc":{"Tempo di lettura stimato":"3 minuti"},"schema":{"@context":"https:\/\/schema.org","@graph":[{"@type":"WebPage","@id":"https:\/\/www.veltec.eu\/nl\/product\/kirby-turbo-borstel-nieuwe-style-nl3128\/","url":"https:\/\/www.veltec.eu\/nl\/product\/kirby-turbo-borstel-nieuwe-style-nl3128\/","name":"Kirby Spazzola Turbo Nuovo Tipo - Pulizia Profonda","isPartOf":{"@id":"https:\/\/www.veltec.eu\/en\/#website"},"primaryImageOfPage":{"@id":"https:\/\/www.veltec.eu\/nl\/product\/kirby-turbo-borstel-nieuwe-style-nl3128\/#primaryimage"},"image":{"@id":"https:\/\/www.veltec.eu\/nl\/product\/kirby-turbo-borstel-nieuwe-style-nl3128\/#primaryimage"},"thumbnailUrl":"https:\/\/www.veltec.eu\/wp-content\/uploads\/2018\/10\/Kirby-Zipp-brush.png","datePublished":"2018-10-22T12:23:06+00:00","dateModified":"2026-04-08T11:23:48+00:00","description":"Rimuovi polvere, peli e sporco con la Kirby Spazzola Turbo Nuovo Tipo. Compatibile con tutti gli aspirapolvere Kirby, efficiente e durevole.","breadcrumb":{"@id":"https:\/\/www.veltec.eu\/nl\/product\/kirby-turbo-borstel-nieuwe-style-nl3128\/#breadcrumb"},"inLanguage":"it-IT","potentialAction":[{"@type":"ReadAction","target":["https:\/\/www.veltec.eu\/nl\/product\/kirby-turbo-borstel-nieuwe-style-nl3128\/"]}]},{"@type":"ImageObject","inLanguage":"it-IT","@id":"https:\/\/www.veltec.eu\/nl\/product\/kirby-turbo-borstel-nieuwe-style-nl3128\/#primaryimage","url":"https:\/\/www.veltec.eu\/wp-content\/uploads\/2018\/10\/Kirby-Zipp-brush.png","contentUrl":"https:\/\/www.veltec.eu\/wp-content\/uploads\/2018\/10\/Kirby-Zipp-brush.png","width":600,"height":600},{"@type":"BreadcrumbList","@id":"https:\/\/www.veltec.eu\/nl\/product\/kirby-turbo-borstel-nieuwe-style-nl3128\/#breadcrumb","itemListElement":[{"@type":"ListItem","position":1,"name":"Home","item":"https:\/\/www.veltec.eu\/it\/"},{"@type":"ListItem","position":2,"name":"Produits","item":"https:\/\/www.veltec.eu\/fr\/shop\/"},{"@type":"ListItem","position":3,"name":"Kirby Spazzola Turbo Nuovo Tipo"}]},{"@type":"WebSite","@id":"https:\/\/www.veltec.eu\/en\/#website","url":"https:\/\/www.veltec.eu\/en\/","name":"Veltec Kirby specialist","description":"Kirby stofzuiger producten","publisher":{"@id":"https:\/\/www.veltec.eu\/en\/#organization"},"potentialAction":[{"@type":"SearchAction","target":{"@type":"EntryPoint","urlTemplate":"https:\/\/www.veltec.eu\/en\/?s={search_term_string}"},"query-input":{"@type":"PropertyValueSpecification","valueRequired":true,"valueName":"search_term_string"}}],"inLanguage":"it-IT"},{"@type":"Organization","@id":"https:\/\/www.veltec.eu\/en\/#organization","name":"Veltec Kirby Specialist","url":"https:\/\/www.veltec.eu\/en\/","logo":{"@type":"ImageObject","inLanguage":"it-IT","@id":"https:\/\/www.veltec.eu\/en\/#\/schema\/logo\/image\/","url":"https:\/\/www.veltec.eu\/wp-content\/uploads\/2021\/12\/Veltec-log-groot-e1537260889125.png","contentUrl":"https:\/\/www.veltec.eu\/wp-content\/uploads\/2021\/12\/Veltec-log-groot-e1537260889125.png","width":200,"height":60,"caption":"Veltec Kirby Specialist"},"image":{"@id":"https:\/\/www.veltec.eu\/en\/#\/schema\/logo\/image\/"},"sameAs":["https:\/\/www.facebook.com\/Veltec-Kirby-Specialist-236746293374877\/","https:\/\/www.youtube.com\/user\/VeltecService"]}]}},"_links":{"self":[{"href":"https:\/\/www.veltec.eu\/it\/wp-json\/wp\/v2\/product\/10882","targetHints":{"allow":["GET"]}}],"collection":[{"href":"https:\/\/www.veltec.eu\/it\/wp-json\/wp\/v2\/product"}],"about":[{"href":"https:\/\/www.veltec.eu\/it\/wp-json\/wp\/v2\/types\/product"}],"replies":[{"embeddable":true,"href":"https:\/\/www.veltec.eu\/it\/wp-json\/wp\/v2\/comments?post=10882"}],"wp:featuredmedia":[{"embeddable":true,"href":"https:\/\/www.veltec.eu\/it\/wp-json\/wp\/v2\/media\/86421"}],"wp:attachment":[{"href":"https:\/\/www.veltec.eu\/it\/wp-json\/wp\/v2\/media?parent=10882"}],"wp:term":[{"taxonomy":"product_brand","embeddable":true,"href":"https:\/\/www.veltec.eu\/it\/wp-json\/wp\/v2\/product_brand?post=10882"},{"taxonomy":"product_cat","embeddable":true,"href":"https:\/\/www.veltec.eu\/it\/wp-json\/wp\/v2\/product_cat?post=10882"},{"taxonomy":"product_tag","embeddable":true,"href":"https:\/\/www.veltec.eu\/it\/wp-json\/wp\/v2\/product_tag?post=10882"}],"curies":[{"name":"wp","href":"https:\/\/api.w.org\/{rel}","templated":true}]}}