{"id":10877,"date":"2018-10-22T14:38:37","date_gmt":"2018-10-22T12:38:37","guid":{"rendered":"https:\/\/www.veltec.eu\/kirby-webshop\/kirby-buiten-ring-turbo-borstel-nieuwe-style-nl11667\/"},"modified":"2025-04-22T14:51:20","modified_gmt":"2025-04-22T12:51:20","slug":"kirby-anello-esterno-per-la-spazzola-turbo-nuovo-tipo","status":"publish","type":"product","link":"https:\/\/www.veltec.eu\/it\/product\/kirby-anello-esterno-per-la-spazzola-turbo-nuovo-tipo\/","title":{"rendered":"Kirby Anello esterno per la Spazzola Turbo Nuovo Tipo"},"content":{"rendered":"<h1>Kirby Anello esterno per la Spazzola Turbo Nuovo Tipo: il ricambio perfetto per il tuo aspirapolvere Kirby<\/h1>\n<h3>Che cos&#8217;\u00e8 la spazzola turbo Kirby ad anello esterno new style?<\/h3>\n<p>L&#8217;anello esterno <strong>Kirby Anello esterno per la Spazzola Turbo Nuovo Tipo<\/strong> \u00e8 un componente essenziale per l&#8217;ultima generazione di aspirapolvere Kirby. Questo anello esterno, realizzato con setole di alta qualit\u00e0, assicura che la spazzola turbo funzioni in modo ottimale. Progettato specificamente per le spazzole turbo Kirby nuovo stile, questo prodotto offre una perfetta vestibilit\u00e0 e durata. \u00c8 importante notare che questo anello esterno non \u00e8 compatibile con le spazzole Kirby pi\u00f9 vecchie. Pertanto, verificare sempre il proprio modello prima di ordinare.<\/p>\n<p>Qui \u00e8 possibile trovare tutte le parti per la <a href=\"https:\/\/www.veltec.eu\/it\/kirby-turbo-spazzola\/\">turbospazzola Kirby<\/a><\/p>\n<h2>Perch\u00e9 scegliere il nuovo anello esterno Kirby?<\/h2>\n<h3>Prestazioni di aspirazione migliorate<\/h3>\n<p>Con l&#8217;anello esterno Kirby di nuova concezione vi assicurate che la vostra turbospazzola mantenga la sua massima potenza di aspirazione. Le setole sono progettate per rimuovere efficacemente lo sporco e la polvere, anche da angoli difficili e tappeti profondi. Ci\u00f2 significa che il vostro aspirapolvere funziona in modo pi\u00f9 efficiente e la vostra routine di pulizia \u00e8 notevolmente migliorata.<\/p>\n<h3>Durevole e affidabile<\/h3>\n<p>Questo anello esterno \u00e8 realizzato con materiali di alta qualit\u00e0, il che significa che pu\u00f2 resistere all&#8217;usura. Sia che si passi l&#8217;aspirapolvere frequentemente o che si eseguano lavori di pulizia pesanti, l&#8217;anello esterno Kirby offre prestazioni di lunga durata. La scelta di parti originali Kirby garantisce affidabilit\u00e0 e qualit\u00e0.<\/p>\n<h3>Si adatta perfettamente alla Kirby Anello esterno per la Spazzola Turbo Nuovo Tipo<\/h3>\n<p>\u00c8 importante notare che questo anello esterno si adatta solo alle spazzole turbo Kirby di nuovo tipo. Avete un modello pi\u00f9 vecchio? Allora vi consigliamo di contattare il vostro fornitore per ottenere un ricambio adatto. Investendo nel pezzo giusto, eviterete inutili complicazioni e potrete godervi il vostro aspirapolvere pi\u00f9 a lungo.<\/p>\n<h3>Specifiche importanti<\/h3>\n<ul>\n<li>Compatibilit\u00e0: solo per le nuove spazzole Kirby turbo<\/li>\n<li>Materiale: setole di alta qualit\u00e0<\/li>\n<li>Uso: Ideale per una pulizia accurata<\/li>\n<\/ul>\n<p>Con la spazzola turbo Kirby ad anello esterno new style avrete un pezzo resistente, efficace e perfettamente adatto. Ordinate oggi stesso e fate tornare la vostra routine di pulizia come nuova!<\/p>\n","protected":false},"excerpt":{"rendered":"<p>Kirby Anello esterno per la Spazzola Turbo Nuovo Tipo.<\/p>\n[trustindex data-widget-id=de4365f24f22281a6b165ed75b0]\n<h3><span style=\"color: #008000;\"><br \/>\nIn magazzino<\/span><\/h3>\n[av_font_icon icon='ue812' font='entypo-fontello' style='' caption='' size='25px' position='left' color='#43ad66' link='' linktarget='' title_attr='' sonar_effect_effect='' sonar_effect_color='' sonar_effect_duration='1' sonar_effect_scale='' sonar_effect_opac='0.5' animation='' id='' custom_class='' template_class='' av_uid='' sc_version='1.0' admin_preview_bg=''][\/av_font_icon]\n<p><span style=\"color: #008000;\">Ordinato prima della 23:59, spedito domani<\/span><\/p>\n<p>&nbsp;<\/p>\n","protected":false},"featured_media":7694,"comment_status":"open","ping_status":"closed","template":"","meta":[],"product_brand":[],"product_cat":[379],"product_tag":[],"class_list":{"0":"post-10877","1":"product","2":"type-product","3":"status-publish","4":"has-post-thumbnail","6":"product_cat-kirby-turbo-spazzola","7":"product_shipping_class-klein-it","9":"first","10":"instock","11":"taxable","12":"shipping-taxable","13":"purchasable","14":"product-type-simple"},"yoast_head":"<!-- This site is optimized with the Yoast SEO Premium plugin v27.1 (Yoast SEO v27.4) - https:\/\/yoast.com\/product\/yoast-seo-premium-wordpress\/ -->\n<title>Kirby Anello esterno per la Spazzola Turbo Nuovo Tipo - Veltec Kirby specialist<\/title>\n<meta name=\"description\" content=\"Kirby Anello esterno per la Spazzola Turbo Nuovo Tipo - Veltec \u00e8 il fornitore delle aspirapolveri Kirby da oltre 25 anni. Veltec Kirby\" \/>\n<meta name=\"robots\" content=\"index, follow, max-snippet:-1, max-image-preview:large, max-video-preview:-1\" \/>\n<link rel=\"canonical\" href=\"https:\/\/www.veltec.eu\/it\/product\/kirby-anello-esterno-per-la-spazzola-turbo-nuovo-tipo\/\" \/>\n<meta property=\"og:locale\" content=\"it_IT\" \/>\n<meta property=\"og:type\" content=\"article\" \/>\n<meta property=\"og:title\" content=\"Kirby Anello esterno per la Spazzola Turbo Nuovo Tipo\" \/>\n<meta property=\"og:description\" content=\"Kirby Anello esterno per la Spazzola Turbo Nuovo Tipo.    In magazzino   Ordinato prima della 23:59, spedito domani  &nbsp;\" \/>\n<meta property=\"og:url\" content=\"https:\/\/www.veltec.eu\/it\/product\/kirby-anello-esterno-per-la-spazzola-turbo-nuovo-tipo\/\" \/>\n<meta property=\"og:site_name\" content=\"Veltec Kirby specialist\" \/>\n<meta property=\"article:publisher\" content=\"https:\/\/www.facebook.com\/Veltec-Kirby-Specialist-236746293374877\/\" \/>\n<meta property=\"article:modified_time\" content=\"2025-04-22T12:51:20+00:00\" \/>\n<meta property=\"og:image\" content=\"https:\/\/www.veltec.eu\/wp-content\/uploads\/2018\/10\/ring_tb.jpg\" \/>\n\t<meta property=\"og:image:width\" content=\"300\" \/>\n\t<meta property=\"og:image:height\" content=\"300\" \/>\n\t<meta property=\"og:image:type\" content=\"image\/jpeg\" \/>\n<meta name=\"twitter:card\" content=\"summary_large_image\" \/>\n<meta name=\"twitter:label1\" content=\"Tempo di lettura stimato\" \/>\n\t<meta name=\"twitter:data1\" content=\"2 minuti\" \/>\n<script type=\"application\/ld+json\" class=\"yoast-schema-graph\">{\"@context\":\"https:\\\/\\\/schema.org\",\"@graph\":[{\"@type\":\"WebPage\",\"@id\":\"https:\\\/\\\/www.veltec.eu\\\/it\\\/product\\\/kirby-anello-esterno-per-la-spazzola-turbo-nuovo-tipo\\\/\",\"url\":\"https:\\\/\\\/www.veltec.eu\\\/it\\\/product\\\/kirby-anello-esterno-per-la-spazzola-turbo-nuovo-tipo\\\/\",\"name\":\"Kirby Anello esterno per la Spazzola Turbo Nuovo Tipo - Veltec Kirby specialist\",\"isPartOf\":{\"@id\":\"https:\\\/\\\/www.veltec.eu\\\/en\\\/#website\"},\"primaryImageOfPage\":{\"@id\":\"https:\\\/\\\/www.veltec.eu\\\/it\\\/product\\\/kirby-anello-esterno-per-la-spazzola-turbo-nuovo-tipo\\\/#primaryimage\"},\"image\":{\"@id\":\"https:\\\/\\\/www.veltec.eu\\\/it\\\/product\\\/kirby-anello-esterno-per-la-spazzola-turbo-nuovo-tipo\\\/#primaryimage\"},\"thumbnailUrl\":\"https:\\\/\\\/www.veltec.eu\\\/wp-content\\\/uploads\\\/2018\\\/10\\\/ring_tb.jpg\",\"datePublished\":\"2018-10-22T12:38:37+00:00\",\"dateModified\":\"2025-04-22T12:51:20+00:00\",\"description\":\"Kirby Anello esterno per la Spazzola Turbo Nuovo Tipo - Veltec \u00e8 il fornitore delle aspirapolveri Kirby da oltre 25 anni. Veltec Kirby\",\"breadcrumb\":{\"@id\":\"https:\\\/\\\/www.veltec.eu\\\/it\\\/product\\\/kirby-anello-esterno-per-la-spazzola-turbo-nuovo-tipo\\\/#breadcrumb\"},\"inLanguage\":\"it-IT\",\"potentialAction\":[{\"@type\":\"ReadAction\",\"target\":[\"https:\\\/\\\/www.veltec.eu\\\/it\\\/product\\\/kirby-anello-esterno-per-la-spazzola-turbo-nuovo-tipo\\\/\"]}]},{\"@type\":\"ImageObject\",\"inLanguage\":\"it-IT\",\"@id\":\"https:\\\/\\\/www.veltec.eu\\\/it\\\/product\\\/kirby-anello-esterno-per-la-spazzola-turbo-nuovo-tipo\\\/#primaryimage\",\"url\":\"https:\\\/\\\/www.veltec.eu\\\/wp-content\\\/uploads\\\/2018\\\/10\\\/ring_tb.jpg\",\"contentUrl\":\"https:\\\/\\\/www.veltec.eu\\\/wp-content\\\/uploads\\\/2018\\\/10\\\/ring_tb.jpg\",\"width\":300,\"height\":300},{\"@type\":\"BreadcrumbList\",\"@id\":\"https:\\\/\\\/www.veltec.eu\\\/it\\\/product\\\/kirby-anello-esterno-per-la-spazzola-turbo-nuovo-tipo\\\/#breadcrumb\",\"itemListElement\":[{\"@type\":\"ListItem\",\"position\":1,\"name\":\"Home\",\"item\":\"https:\\\/\\\/www.veltec.eu\\\/it\\\/\"},{\"@type\":\"ListItem\",\"position\":2,\"name\":\"Produits\",\"item\":\"https:\\\/\\\/www.veltec.eu\\\/fr\\\/shop\\\/\"},{\"@type\":\"ListItem\",\"position\":3,\"name\":\"Kirby Anello esterno per la Spazzola Turbo Nuovo Tipo\"}]},{\"@type\":\"WebSite\",\"@id\":\"https:\\\/\\\/www.veltec.eu\\\/en\\\/#website\",\"url\":\"https:\\\/\\\/www.veltec.eu\\\/en\\\/\",\"name\":\"Veltec Kirby specialist\",\"description\":\"Kirby stofzuiger producten\",\"publisher\":{\"@id\":\"https:\\\/\\\/www.veltec.eu\\\/en\\\/#organization\"},\"potentialAction\":[{\"@type\":\"SearchAction\",\"target\":{\"@type\":\"EntryPoint\",\"urlTemplate\":\"https:\\\/\\\/www.veltec.eu\\\/en\\\/?s={search_term_string}\"},\"query-input\":{\"@type\":\"PropertyValueSpecification\",\"valueRequired\":true,\"valueName\":\"search_term_string\"}}],\"inLanguage\":\"it-IT\"},{\"@type\":\"Organization\",\"@id\":\"https:\\\/\\\/www.veltec.eu\\\/en\\\/#organization\",\"name\":\"Veltec Kirby Specialist\",\"url\":\"https:\\\/\\\/www.veltec.eu\\\/en\\\/\",\"logo\":{\"@type\":\"ImageObject\",\"inLanguage\":\"it-IT\",\"@id\":\"https:\\\/\\\/www.veltec.eu\\\/en\\\/#\\\/schema\\\/logo\\\/image\\\/\",\"url\":\"https:\\\/\\\/www.veltec.eu\\\/wp-content\\\/uploads\\\/2021\\\/12\\\/Veltec-log-groot-e1537260889125.png\",\"contentUrl\":\"https:\\\/\\\/www.veltec.eu\\\/wp-content\\\/uploads\\\/2021\\\/12\\\/Veltec-log-groot-e1537260889125.png\",\"width\":200,\"height\":60,\"caption\":\"Veltec Kirby Specialist\"},\"image\":{\"@id\":\"https:\\\/\\\/www.veltec.eu\\\/en\\\/#\\\/schema\\\/logo\\\/image\\\/\"},\"sameAs\":[\"https:\\\/\\\/www.facebook.com\\\/Veltec-Kirby-Specialist-236746293374877\\\/\",\"https:\\\/\\\/www.youtube.com\\\/user\\\/VeltecService\"]}]}<\/script>\n<!-- \/ Yoast SEO Premium plugin. -->","yoast_head_json":{"title":"Kirby Anello esterno per la Spazzola Turbo Nuovo Tipo - Veltec Kirby specialist","description":"Kirby Anello esterno per la Spazzola Turbo Nuovo Tipo - Veltec \u00e8 il fornitore delle aspirapolveri Kirby da oltre 25 anni. Veltec Kirby","robots":{"index":"index","follow":"follow","max-snippet":"max-snippet:-1","max-image-preview":"max-image-preview:large","max-video-preview":"max-video-preview:-1"},"canonical":"https:\/\/www.veltec.eu\/it\/product\/kirby-anello-esterno-per-la-spazzola-turbo-nuovo-tipo\/","og_locale":"it_IT","og_type":"article","og_title":"Kirby Anello esterno per la Spazzola Turbo Nuovo Tipo","og_description":"Kirby Anello esterno per la Spazzola Turbo Nuovo Tipo.    In magazzino   Ordinato prima della 23:59, spedito domani  &nbsp;","og_url":"https:\/\/www.veltec.eu\/it\/product\/kirby-anello-esterno-per-la-spazzola-turbo-nuovo-tipo\/","og_site_name":"Veltec Kirby specialist","article_publisher":"https:\/\/www.facebook.com\/Veltec-Kirby-Specialist-236746293374877\/","article_modified_time":"2025-04-22T12:51:20+00:00","og_image":[{"width":300,"height":300,"url":"https:\/\/www.veltec.eu\/wp-content\/uploads\/2018\/10\/ring_tb.jpg","type":"image\/jpeg"}],"twitter_card":"summary_large_image","twitter_misc":{"Tempo di lettura stimato":"2 minuti"},"schema":{"@context":"https:\/\/schema.org","@graph":[{"@type":"WebPage","@id":"https:\/\/www.veltec.eu\/it\/product\/kirby-anello-esterno-per-la-spazzola-turbo-nuovo-tipo\/","url":"https:\/\/www.veltec.eu\/it\/product\/kirby-anello-esterno-per-la-spazzola-turbo-nuovo-tipo\/","name":"Kirby Anello esterno per la Spazzola Turbo Nuovo Tipo - Veltec Kirby specialist","isPartOf":{"@id":"https:\/\/www.veltec.eu\/en\/#website"},"primaryImageOfPage":{"@id":"https:\/\/www.veltec.eu\/it\/product\/kirby-anello-esterno-per-la-spazzola-turbo-nuovo-tipo\/#primaryimage"},"image":{"@id":"https:\/\/www.veltec.eu\/it\/product\/kirby-anello-esterno-per-la-spazzola-turbo-nuovo-tipo\/#primaryimage"},"thumbnailUrl":"https:\/\/www.veltec.eu\/wp-content\/uploads\/2018\/10\/ring_tb.jpg","datePublished":"2018-10-22T12:38:37+00:00","dateModified":"2025-04-22T12:51:20+00:00","description":"Kirby Anello esterno per la Spazzola Turbo Nuovo Tipo - Veltec \u00e8 il fornitore delle aspirapolveri Kirby da oltre 25 anni. Veltec Kirby","breadcrumb":{"@id":"https:\/\/www.veltec.eu\/it\/product\/kirby-anello-esterno-per-la-spazzola-turbo-nuovo-tipo\/#breadcrumb"},"inLanguage":"it-IT","potentialAction":[{"@type":"ReadAction","target":["https:\/\/www.veltec.eu\/it\/product\/kirby-anello-esterno-per-la-spazzola-turbo-nuovo-tipo\/"]}]},{"@type":"ImageObject","inLanguage":"it-IT","@id":"https:\/\/www.veltec.eu\/it\/product\/kirby-anello-esterno-per-la-spazzola-turbo-nuovo-tipo\/#primaryimage","url":"https:\/\/www.veltec.eu\/wp-content\/uploads\/2018\/10\/ring_tb.jpg","contentUrl":"https:\/\/www.veltec.eu\/wp-content\/uploads\/2018\/10\/ring_tb.jpg","width":300,"height":300},{"@type":"BreadcrumbList","@id":"https:\/\/www.veltec.eu\/it\/product\/kirby-anello-esterno-per-la-spazzola-turbo-nuovo-tipo\/#breadcrumb","itemListElement":[{"@type":"ListItem","position":1,"name":"Home","item":"https:\/\/www.veltec.eu\/it\/"},{"@type":"ListItem","position":2,"name":"Produits","item":"https:\/\/www.veltec.eu\/fr\/shop\/"},{"@type":"ListItem","position":3,"name":"Kirby Anello esterno per la Spazzola Turbo Nuovo Tipo"}]},{"@type":"WebSite","@id":"https:\/\/www.veltec.eu\/en\/#website","url":"https:\/\/www.veltec.eu\/en\/","name":"Veltec Kirby specialist","description":"Kirby stofzuiger producten","publisher":{"@id":"https:\/\/www.veltec.eu\/en\/#organization"},"potentialAction":[{"@type":"SearchAction","target":{"@type":"EntryPoint","urlTemplate":"https:\/\/www.veltec.eu\/en\/?s={search_term_string}"},"query-input":{"@type":"PropertyValueSpecification","valueRequired":true,"valueName":"search_term_string"}}],"inLanguage":"it-IT"},{"@type":"Organization","@id":"https:\/\/www.veltec.eu\/en\/#organization","name":"Veltec Kirby Specialist","url":"https:\/\/www.veltec.eu\/en\/","logo":{"@type":"ImageObject","inLanguage":"it-IT","@id":"https:\/\/www.veltec.eu\/en\/#\/schema\/logo\/image\/","url":"https:\/\/www.veltec.eu\/wp-content\/uploads\/2021\/12\/Veltec-log-groot-e1537260889125.png","contentUrl":"https:\/\/www.veltec.eu\/wp-content\/uploads\/2021\/12\/Veltec-log-groot-e1537260889125.png","width":200,"height":60,"caption":"Veltec Kirby Specialist"},"image":{"@id":"https:\/\/www.veltec.eu\/en\/#\/schema\/logo\/image\/"},"sameAs":["https:\/\/www.facebook.com\/Veltec-Kirby-Specialist-236746293374877\/","https:\/\/www.youtube.com\/user\/VeltecService"]}]}},"_links":{"self":[{"href":"https:\/\/www.veltec.eu\/it\/wp-json\/wp\/v2\/product\/10877","targetHints":{"allow":["GET"]}}],"collection":[{"href":"https:\/\/www.veltec.eu\/it\/wp-json\/wp\/v2\/product"}],"about":[{"href":"https:\/\/www.veltec.eu\/it\/wp-json\/wp\/v2\/types\/product"}],"replies":[{"embeddable":true,"href":"https:\/\/www.veltec.eu\/it\/wp-json\/wp\/v2\/comments?post=10877"}],"wp:featuredmedia":[{"embeddable":true,"href":"https:\/\/www.veltec.eu\/it\/wp-json\/wp\/v2\/media\/7694"}],"wp:attachment":[{"href":"https:\/\/www.veltec.eu\/it\/wp-json\/wp\/v2\/media?parent=10877"}],"wp:term":[{"taxonomy":"product_brand","embeddable":true,"href":"https:\/\/www.veltec.eu\/it\/wp-json\/wp\/v2\/product_brand?post=10877"},{"taxonomy":"product_cat","embeddable":true,"href":"https:\/\/www.veltec.eu\/it\/wp-json\/wp\/v2\/product_cat?post=10877"},{"taxonomy":"product_tag","embeddable":true,"href":"https:\/\/www.veltec.eu\/it\/wp-json\/wp\/v2\/product_tag?post=10877"}],"curies":[{"name":"wp","href":"https:\/\/api.w.org\/{rel}","templated":true}]}}