{"id":10831,"date":"2018-10-26T11:04:25","date_gmt":"2018-10-26T09:04:25","guid":{"rendered":"https:\/\/www.veltec.eu\/kirby-webshop\/kirby-connessione-asta-pedale-nl3129\/"},"modified":"2025-03-28T14:13:45","modified_gmt":"2025-03-28T12:13:45","slug":"kirby-connessione-asta-pedale-nl3129","status":"publish","type":"product","link":"https:\/\/www.veltec.eu\/it\/product\/kirby-connessione-asta-pedale-nl3129\/","title":{"rendered":"Kirby connessione asta pedale"},"content":{"rendered":"<h1>Kirby connessione asta pedale<\/h1>\n<p>Kirby connessione asta pedale<\/p>\n<p><strong>Questo prodotto \u00e8 adatto per i tipi:<\/strong><\/p>\n<ul>\n<li>Avalir Platinum<\/li>\n<li>Avalir 2<\/li>\n<li>Avalir 1<\/li>\n<li>Sentria 2 (G10D)<\/li>\n<li>Sentria 1 (G10)<\/li>\n<li>Ultimate G Diamond Ed.(G7D or DE)<\/li>\n<li>Ultimate G (G7 or UG)<\/li>\n<li>Generation 6 (G6)<\/li>\n<li>Generation 5 (G5)<\/li>\n<li>Generation 4 (G4)<\/li>\n<li>Generation 3 (G3)<\/li>\n<\/ul>\n<h2>Pedale dell&#8217;asta di collegamento Kirby &#8211; essenziale per un aspirapolvere che funziona perfettamente<\/h2>\n<p>La barra di connessione \u00e8 un componente essenziale per il funzionamento ottimale del vostro aspirapolvere Kirby. Questa asta di collegamento collega il pedale all&#8217;interruttore del motore, consentendo di accendere e spegnere l&#8217;aspirapolvere con facilit\u00e0. Adatto a qualsiasi tipo di aspirapolvere Kirby, questo prodotto \u00e8 una soluzione durevole e affidabile per una parte difettosa o usurata.<\/p>\n<p><a href=\"https:\/\/www.veltec.eu\/it\/kirby-parti-motore\/\">Qui potete trovare tutte le parti del motore Kirby<\/a><\/p>\n<h3>Perch\u00e9 scegliere il pedale dell&#8217;asta di collegamento Kirby?<\/h3>\n<p>Il corretto funzionamento del vostro aspirapolvere Kirby dipende dalla cooperazione tra le diverse parti. Una biella danneggiata o mancante pu\u00f2 portare a un&#8217;esperienza di utilizzo meno piacevole o addirittura a un aspirapolvere inutilizzabile. Pertanto, \u00e8 importante sostituire le parti difettose con parti originali di alta qualit\u00e0, come questa biella.<\/p>\n<h3>Vantaggi principali:<\/h3>\n<p>Funzionamento affidabile: ripristina il collegamento tra il pedale e l&#8217;interruttore del motore, consentendo al vostro aspirapolvere di funzionare senza problemi.<br \/>\nCompatibilit\u00e0: progettata per adattarsi a tutti i modelli di aspirapolvere Kirby, \u00e8 una scelta versatile.<br \/>\nFacile installazione: Non \u00e8 necessario essere esperti; con il minimo sforzo, \u00e8 possibile sostituire il pezzo da soli.<\/p>\n<h3>Quando \u00e8 necessario sostituire la biella?<\/h3>\n<p>Di solito \u00e8 possibile riconoscere una biella rotta da un pedale che non risponde pi\u00f9 o da un aspirapolvere che non si accende o si spegne correttamente. Se notate che il vostro aspirapolvere Kirby non funziona pi\u00f9 in modo ottimale, la causa potrebbe essere una biella rotta.<\/p>\n<h3>Ordinate oggi la vostra biella!<\/h3>\n<p>Non aspettate oltre e fate funzionare di nuovo correttamente il vostro aspirapolvere Kirby. Ordinate facilmente la biella online e beneficiate di una consegna rapida. Un aspirapolvere che funziona correttamente \u00e8 a portata di mano!<\/p>\n<p>Rendete la vostra vita pi\u00f9 facile e mantenete la vostra casa libera dalla polvere con questo pezzo indispensabile.<\/p>\n","protected":false},"excerpt":{"rendered":"<p>Kirby connessione asta pedale.<\/p>\n[trustindex data-widget-id=de4365f24f22281a6b165ed75b0]\n<h3><span style=\"color: #008000;\"><br \/>\nIn magazzino<\/span><\/h3>\n[av_font_icon icon='ue812' font='entypo-fontello' style='' caption='' size='25px' position='left' color='#43ad66' link='' linktarget='' title_attr='' sonar_effect_effect='' sonar_effect_color='' sonar_effect_duration='1' sonar_effect_scale='' sonar_effect_opac='0.5' animation='' id='' custom_class='' template_class='' av_uid='' sc_version='1.0' admin_preview_bg=''][\/av_font_icon]\n<p><span style=\"color: #008000;\">Ordinato prima della 23:59, spedito domani<\/span><\/p>\n<p>&nbsp;<\/p>\n","protected":false},"featured_media":8365,"comment_status":"open","ping_status":"closed","template":"","meta":[],"product_brand":[],"product_cat":[361,331],"product_tag":[],"class_list":{"0":"post-10831","1":"product","2":"type-product","3":"status-publish","4":"has-post-thumbnail","6":"product_cat-kirby-parti-motore","7":"product_cat-kirby-trazione-posteriore","8":"product_shipping_class-klein-it","10":"first","11":"instock","12":"taxable","13":"shipping-taxable","14":"purchasable","15":"product-type-simple"},"yoast_head":"<!-- This site is optimized with the Yoast SEO Premium plugin v27.1 (Yoast SEO v27.4) - https:\/\/yoast.com\/product\/yoast-seo-premium-wordpress\/ -->\n<title>Kirby connessione asta pedale - Veltec Kirby specialist<\/title>\n<meta name=\"description\" content=\"Kirby connessione asta pedale - Veltec \u00e8 il fornitore delle aspirapolveri Kirby da oltre 25 anni. Ed \u00e8 il tuo fidato specialista del servizio\" \/>\n<meta name=\"robots\" content=\"index, follow, max-snippet:-1, max-image-preview:large, max-video-preview:-1\" \/>\n<link rel=\"canonical\" href=\"https:\/\/www.veltec.eu\/it\/product\/kirby-connessione-asta-pedale-nl3129\/\" \/>\n<meta property=\"og:locale\" content=\"it_IT\" \/>\n<meta property=\"og:type\" content=\"article\" \/>\n<meta property=\"og:title\" content=\"Kirby connessione asta pedale\" \/>\n<meta property=\"og:description\" content=\"Kirby connessione asta pedale.    In magazzino   Ordinato prima della 23:59, spedito domani  &nbsp;\" \/>\n<meta property=\"og:url\" content=\"https:\/\/www.veltec.eu\/it\/product\/kirby-connessione-asta-pedale-nl3129\/\" \/>\n<meta property=\"og:site_name\" content=\"Veltec Kirby specialist\" \/>\n<meta property=\"article:publisher\" content=\"https:\/\/www.facebook.com\/Veltec-Kirby-Specialist-236746293374877\/\" \/>\n<meta property=\"article:modified_time\" content=\"2025-03-28T12:13:45+00:00\" \/>\n<meta property=\"og:image\" content=\"https:\/\/www.veltec.eu\/wp-content\/uploads\/2018\/10\/kirby-actuating-rod-k-608789.jpg\" \/>\n\t<meta property=\"og:image:width\" content=\"300\" \/>\n\t<meta property=\"og:image:height\" content=\"300\" \/>\n\t<meta property=\"og:image:type\" content=\"image\/jpeg\" \/>\n<meta name=\"twitter:card\" content=\"summary_large_image\" \/>\n<meta name=\"twitter:label1\" content=\"Tempo di lettura stimato\" \/>\n\t<meta name=\"twitter:data1\" content=\"2 minuti\" \/>\n<script type=\"application\/ld+json\" class=\"yoast-schema-graph\">{\"@context\":\"https:\\\/\\\/schema.org\",\"@graph\":[{\"@type\":\"WebPage\",\"@id\":\"https:\\\/\\\/www.veltec.eu\\\/it\\\/product\\\/kirby-connessione-asta-pedale-nl3129\\\/\",\"url\":\"https:\\\/\\\/www.veltec.eu\\\/it\\\/product\\\/kirby-connessione-asta-pedale-nl3129\\\/\",\"name\":\"Kirby connessione asta pedale - Veltec Kirby specialist\",\"isPartOf\":{\"@id\":\"https:\\\/\\\/www.veltec.eu\\\/en\\\/#website\"},\"primaryImageOfPage\":{\"@id\":\"https:\\\/\\\/www.veltec.eu\\\/it\\\/product\\\/kirby-connessione-asta-pedale-nl3129\\\/#primaryimage\"},\"image\":{\"@id\":\"https:\\\/\\\/www.veltec.eu\\\/it\\\/product\\\/kirby-connessione-asta-pedale-nl3129\\\/#primaryimage\"},\"thumbnailUrl\":\"https:\\\/\\\/www.veltec.eu\\\/wp-content\\\/uploads\\\/2018\\\/10\\\/kirby-actuating-rod-k-608789.jpg\",\"datePublished\":\"2018-10-26T09:04:25+00:00\",\"dateModified\":\"2025-03-28T12:13:45+00:00\",\"description\":\"Kirby connessione asta pedale - Veltec \u00e8 il fornitore delle aspirapolveri Kirby da oltre 25 anni. Ed \u00e8 il tuo fidato specialista del servizio\",\"breadcrumb\":{\"@id\":\"https:\\\/\\\/www.veltec.eu\\\/it\\\/product\\\/kirby-connessione-asta-pedale-nl3129\\\/#breadcrumb\"},\"inLanguage\":\"it-IT\",\"potentialAction\":[{\"@type\":\"ReadAction\",\"target\":[\"https:\\\/\\\/www.veltec.eu\\\/it\\\/product\\\/kirby-connessione-asta-pedale-nl3129\\\/\"]}]},{\"@type\":\"ImageObject\",\"inLanguage\":\"it-IT\",\"@id\":\"https:\\\/\\\/www.veltec.eu\\\/it\\\/product\\\/kirby-connessione-asta-pedale-nl3129\\\/#primaryimage\",\"url\":\"https:\\\/\\\/www.veltec.eu\\\/wp-content\\\/uploads\\\/2018\\\/10\\\/kirby-actuating-rod-k-608789.jpg\",\"contentUrl\":\"https:\\\/\\\/www.veltec.eu\\\/wp-content\\\/uploads\\\/2018\\\/10\\\/kirby-actuating-rod-k-608789.jpg\",\"width\":300,\"height\":300},{\"@type\":\"BreadcrumbList\",\"@id\":\"https:\\\/\\\/www.veltec.eu\\\/it\\\/product\\\/kirby-connessione-asta-pedale-nl3129\\\/#breadcrumb\",\"itemListElement\":[{\"@type\":\"ListItem\",\"position\":1,\"name\":\"Home\",\"item\":\"https:\\\/\\\/www.veltec.eu\\\/it\\\/\"},{\"@type\":\"ListItem\",\"position\":2,\"name\":\"Produits\",\"item\":\"https:\\\/\\\/www.veltec.eu\\\/fr\\\/shop\\\/\"},{\"@type\":\"ListItem\",\"position\":3,\"name\":\"Kirby connessione asta pedale\"}]},{\"@type\":\"WebSite\",\"@id\":\"https:\\\/\\\/www.veltec.eu\\\/en\\\/#website\",\"url\":\"https:\\\/\\\/www.veltec.eu\\\/en\\\/\",\"name\":\"Veltec Kirby specialist\",\"description\":\"Kirby stofzuiger producten\",\"publisher\":{\"@id\":\"https:\\\/\\\/www.veltec.eu\\\/en\\\/#organization\"},\"potentialAction\":[{\"@type\":\"SearchAction\",\"target\":{\"@type\":\"EntryPoint\",\"urlTemplate\":\"https:\\\/\\\/www.veltec.eu\\\/en\\\/?s={search_term_string}\"},\"query-input\":{\"@type\":\"PropertyValueSpecification\",\"valueRequired\":true,\"valueName\":\"search_term_string\"}}],\"inLanguage\":\"it-IT\"},{\"@type\":\"Organization\",\"@id\":\"https:\\\/\\\/www.veltec.eu\\\/en\\\/#organization\",\"name\":\"Veltec Kirby Specialist\",\"url\":\"https:\\\/\\\/www.veltec.eu\\\/en\\\/\",\"logo\":{\"@type\":\"ImageObject\",\"inLanguage\":\"it-IT\",\"@id\":\"https:\\\/\\\/www.veltec.eu\\\/en\\\/#\\\/schema\\\/logo\\\/image\\\/\",\"url\":\"https:\\\/\\\/www.veltec.eu\\\/wp-content\\\/uploads\\\/2021\\\/12\\\/Veltec-log-groot-e1537260889125.png\",\"contentUrl\":\"https:\\\/\\\/www.veltec.eu\\\/wp-content\\\/uploads\\\/2021\\\/12\\\/Veltec-log-groot-e1537260889125.png\",\"width\":200,\"height\":60,\"caption\":\"Veltec Kirby Specialist\"},\"image\":{\"@id\":\"https:\\\/\\\/www.veltec.eu\\\/en\\\/#\\\/schema\\\/logo\\\/image\\\/\"},\"sameAs\":[\"https:\\\/\\\/www.facebook.com\\\/Veltec-Kirby-Specialist-236746293374877\\\/\",\"https:\\\/\\\/www.youtube.com\\\/user\\\/VeltecService\"]}]}<\/script>\n<!-- \/ Yoast SEO Premium plugin. -->","yoast_head_json":{"title":"Kirby connessione asta pedale - Veltec Kirby specialist","description":"Kirby connessione asta pedale - Veltec \u00e8 il fornitore delle aspirapolveri Kirby da oltre 25 anni. Ed \u00e8 il tuo fidato specialista del servizio","robots":{"index":"index","follow":"follow","max-snippet":"max-snippet:-1","max-image-preview":"max-image-preview:large","max-video-preview":"max-video-preview:-1"},"canonical":"https:\/\/www.veltec.eu\/it\/product\/kirby-connessione-asta-pedale-nl3129\/","og_locale":"it_IT","og_type":"article","og_title":"Kirby connessione asta pedale","og_description":"Kirby connessione asta pedale.    In magazzino   Ordinato prima della 23:59, spedito domani  &nbsp;","og_url":"https:\/\/www.veltec.eu\/it\/product\/kirby-connessione-asta-pedale-nl3129\/","og_site_name":"Veltec Kirby specialist","article_publisher":"https:\/\/www.facebook.com\/Veltec-Kirby-Specialist-236746293374877\/","article_modified_time":"2025-03-28T12:13:45+00:00","og_image":[{"width":300,"height":300,"url":"https:\/\/www.veltec.eu\/wp-content\/uploads\/2018\/10\/kirby-actuating-rod-k-608789.jpg","type":"image\/jpeg"}],"twitter_card":"summary_large_image","twitter_misc":{"Tempo di lettura stimato":"2 minuti"},"schema":{"@context":"https:\/\/schema.org","@graph":[{"@type":"WebPage","@id":"https:\/\/www.veltec.eu\/it\/product\/kirby-connessione-asta-pedale-nl3129\/","url":"https:\/\/www.veltec.eu\/it\/product\/kirby-connessione-asta-pedale-nl3129\/","name":"Kirby connessione asta pedale - Veltec Kirby specialist","isPartOf":{"@id":"https:\/\/www.veltec.eu\/en\/#website"},"primaryImageOfPage":{"@id":"https:\/\/www.veltec.eu\/it\/product\/kirby-connessione-asta-pedale-nl3129\/#primaryimage"},"image":{"@id":"https:\/\/www.veltec.eu\/it\/product\/kirby-connessione-asta-pedale-nl3129\/#primaryimage"},"thumbnailUrl":"https:\/\/www.veltec.eu\/wp-content\/uploads\/2018\/10\/kirby-actuating-rod-k-608789.jpg","datePublished":"2018-10-26T09:04:25+00:00","dateModified":"2025-03-28T12:13:45+00:00","description":"Kirby connessione asta pedale - Veltec \u00e8 il fornitore delle aspirapolveri Kirby da oltre 25 anni. Ed \u00e8 il tuo fidato specialista del servizio","breadcrumb":{"@id":"https:\/\/www.veltec.eu\/it\/product\/kirby-connessione-asta-pedale-nl3129\/#breadcrumb"},"inLanguage":"it-IT","potentialAction":[{"@type":"ReadAction","target":["https:\/\/www.veltec.eu\/it\/product\/kirby-connessione-asta-pedale-nl3129\/"]}]},{"@type":"ImageObject","inLanguage":"it-IT","@id":"https:\/\/www.veltec.eu\/it\/product\/kirby-connessione-asta-pedale-nl3129\/#primaryimage","url":"https:\/\/www.veltec.eu\/wp-content\/uploads\/2018\/10\/kirby-actuating-rod-k-608789.jpg","contentUrl":"https:\/\/www.veltec.eu\/wp-content\/uploads\/2018\/10\/kirby-actuating-rod-k-608789.jpg","width":300,"height":300},{"@type":"BreadcrumbList","@id":"https:\/\/www.veltec.eu\/it\/product\/kirby-connessione-asta-pedale-nl3129\/#breadcrumb","itemListElement":[{"@type":"ListItem","position":1,"name":"Home","item":"https:\/\/www.veltec.eu\/it\/"},{"@type":"ListItem","position":2,"name":"Produits","item":"https:\/\/www.veltec.eu\/fr\/shop\/"},{"@type":"ListItem","position":3,"name":"Kirby connessione asta pedale"}]},{"@type":"WebSite","@id":"https:\/\/www.veltec.eu\/en\/#website","url":"https:\/\/www.veltec.eu\/en\/","name":"Veltec Kirby specialist","description":"Kirby stofzuiger producten","publisher":{"@id":"https:\/\/www.veltec.eu\/en\/#organization"},"potentialAction":[{"@type":"SearchAction","target":{"@type":"EntryPoint","urlTemplate":"https:\/\/www.veltec.eu\/en\/?s={search_term_string}"},"query-input":{"@type":"PropertyValueSpecification","valueRequired":true,"valueName":"search_term_string"}}],"inLanguage":"it-IT"},{"@type":"Organization","@id":"https:\/\/www.veltec.eu\/en\/#organization","name":"Veltec Kirby Specialist","url":"https:\/\/www.veltec.eu\/en\/","logo":{"@type":"ImageObject","inLanguage":"it-IT","@id":"https:\/\/www.veltec.eu\/en\/#\/schema\/logo\/image\/","url":"https:\/\/www.veltec.eu\/wp-content\/uploads\/2021\/12\/Veltec-log-groot-e1537260889125.png","contentUrl":"https:\/\/www.veltec.eu\/wp-content\/uploads\/2021\/12\/Veltec-log-groot-e1537260889125.png","width":200,"height":60,"caption":"Veltec Kirby Specialist"},"image":{"@id":"https:\/\/www.veltec.eu\/en\/#\/schema\/logo\/image\/"},"sameAs":["https:\/\/www.facebook.com\/Veltec-Kirby-Specialist-236746293374877\/","https:\/\/www.youtube.com\/user\/VeltecService"]}]}},"_links":{"self":[{"href":"https:\/\/www.veltec.eu\/it\/wp-json\/wp\/v2\/product\/10831","targetHints":{"allow":["GET"]}}],"collection":[{"href":"https:\/\/www.veltec.eu\/it\/wp-json\/wp\/v2\/product"}],"about":[{"href":"https:\/\/www.veltec.eu\/it\/wp-json\/wp\/v2\/types\/product"}],"replies":[{"embeddable":true,"href":"https:\/\/www.veltec.eu\/it\/wp-json\/wp\/v2\/comments?post=10831"}],"wp:featuredmedia":[{"embeddable":true,"href":"https:\/\/www.veltec.eu\/it\/wp-json\/wp\/v2\/media\/8365"}],"wp:attachment":[{"href":"https:\/\/www.veltec.eu\/it\/wp-json\/wp\/v2\/media?parent=10831"}],"wp:term":[{"taxonomy":"product_brand","embeddable":true,"href":"https:\/\/www.veltec.eu\/it\/wp-json\/wp\/v2\/product_brand?post=10831"},{"taxonomy":"product_cat","embeddable":true,"href":"https:\/\/www.veltec.eu\/it\/wp-json\/wp\/v2\/product_cat?post=10831"},{"taxonomy":"product_tag","embeddable":true,"href":"https:\/\/www.veltec.eu\/it\/wp-json\/wp\/v2\/product_tag?post=10831"}],"curies":[{"name":"wp","href":"https:\/\/api.w.org\/{rel}","templated":true}]}}