{"id":10776,"date":"2018-10-26T12:40:34","date_gmt":"2018-10-26T10:40:34","guid":{"rendered":"https:\/\/www.veltec.eu\/kirby-webshop\/kirby-spugna-abrasiva-nl3096\/"},"modified":"2025-04-15T13:52:31","modified_gmt":"2025-04-15T11:52:31","slug":"kirby-spugna-abrasiva-nl3096","status":"publish","type":"product","link":"https:\/\/www.veltec.eu\/it\/product\/kirby-spugna-abrasiva-nl3096\/","title":{"rendered":"Kirby Spugna Abrasiva"},"content":{"rendered":"<h2>Scoprite la potenza di Kirby Spugna Abrasiva &#8211; l&#8217;upgrade per il vostro accessorio turbo<\/h2>\n<p>Volete trasformare il vostro <a href=\"https:\/\/www.veltec.eu\/it\/kirby-aspirapolvere\/\">aspirapolvere Kirby<\/a> in un&#8217;efficace lavasciuga? Allora il Kirby Spugna Abrasiva \u00e8 esattamente quello che ti serve. Grazie a questo innovativo cuscinetto, appositamente progettato per il <a href=\"https:\/\/www.veltec.eu\/it\/product\/kirby-accessori-sistema-turbo-nl3126\/\">sistema di accessori turbo Kirby<\/a>, la pulizia intensiva delle piastrelle del bagno, delle superfici della cucina e dei sanitari diventa un gioco da ragazzi. Inoltre, questo pad si adatta a tutti i sistemi di accessori turbo, quindi non dovete preoccuparvi della compatibilit\u00e0.<\/p>\n<p><strong>Questo cuscinetto \u00e8 universale e adatto a tutti gli aspirapolvere Kirby;<\/strong><\/p>\n<ul>\n<li>Avalir Platinum<\/li>\n<li>Avalir 2<\/li>\n<li>Avalir 1<\/li>\n<li>Sentria 2 (G10D)<\/li>\n<li>Sentria 1 (G10)<\/li>\n<li>Ultimate G Diamond Ed.(G7D or DE)<\/li>\n<li>Ultimate G (G7 or UG)<\/li>\n<li>Generation 6 (G6)<\/li>\n<li>Generation 5 (G5)<\/li>\n<li>Generation 4 (G4)<\/li>\n<li>Generation 3 (G3)<\/li>\n<\/ul>\n<p><a href=\"https:\/\/www.veltec.eu\/it\/kirby-turbo-accessori\/\">Qui troverete tutti gli Accessori Turbo Kirby<\/a><\/p>\n<h3>Perch\u00e9 scegliere Kirby Spugna Abrasiva?<\/h3>\n<p>Se lottate regolarmente con lo sporco ostinato nel vostro bagno o nella vostra cucina, sapete quanto sia importante utilizzare gli strumenti giusti. Il Kirby Spugna Abrasiva offre esattamente la soluzione che state cercando. Non solo la pulizia diventa pi\u00f9 facile, ma anche pi\u00f9 efficiente. Ci\u00f2 significa che si finisce pi\u00f9 velocemente, senza sacrificare i risultati.<\/p>\n<p>Inoltre, questo pad \u00e8 realizzato con materiali abrasivi resistenti e sicuri per la maggior parte delle piastrelle e delle superfici in plastica. Questo vi permette di iniziare senza preoccupazioni, anche nelle aree pi\u00f9 fragili.<\/p>\n<h3>Facile installazione, massimi risultati<\/h3>\n<p>Uno dei maggiori vantaggi di Kirby Spugna Abrasiva \u00e8 che si inserisce senza problemi nel sistema di accessori turbo esistente del vostro Kirby. Per questo motivo, non \u00e8 necessario acquistare nuove attrezzature o effettuare regolazioni complicate. Con pochi semplici passaggi, si inserisce il pad e si \u00e8 pronti a lavare.<\/p>\n<p>Questo lo rende particolarmente comodo sia per un uso occasionale che regolare. Quindi, che si tratti di pulizie settimanali o di grandi pulizie di primavera, il Kirby Scrub Pad \u00e8 il vostro partner ideale.<\/p>\n<h2>Versatile nell&#8217;uso &#8211; dal bagno alla cucina<\/h2>\n<p>Sia che vogliate rimuovere il calcare dalle piastrelle della doccia, pulire a fondo il lavello della cucina o affrontare lo sporco ostinato nelle fughe, lo scrub pad offre prestazioni eccellenti in tutte le situazioni.<\/p>\n<p>Grazie al suo design robusto e al materiale di alta qualit\u00e0, si pu\u00f2 contare su un uso duraturo senza deterioramenti. Inoltre, la vestibilit\u00e0 ottimale garantisce un fissaggio stabile, in modo da poter lavorare sempre in modo sicuro ed efficace.<\/p>\n<h3>Ordinate oggi stesso &#8211; provate voi stessi la differenza!<\/h3>\n<p>Non aspettate oltre e scoprite voi stessi come il Kirby Spugna Abrasiva cambia completamente la vostra routine di pulizia. Con la sua combinazione di potenza, durata e facilit\u00e0 d&#8217;uso, questo \u00e8 l&#8217;accessorio da non perdere.<\/p>\n<p>Ordinate ora e scoprite come il vostro aspirapolvere Kirby si trasforma in una vera e propria macchina lavasciuga in un batter d&#8217;occhio!<\/p>\n","protected":false},"excerpt":{"rendered":"<p>Spugna abrasiva per il Sistema Turbo Accessori.<\/p>\n[trustindex data-widget-id=de4365f24f22281a6b165ed75b0]\n<h3><span style=\"color: #008000;\"><br \/>\nIn magazzino<\/span><\/h3>\n[av_font_icon icon='ue812' font='entypo-fontello' style='' caption='' size='25px' position='left' color='#43ad66' link='' linktarget='' title_attr='' sonar_effect_effect='' sonar_effect_color='' sonar_effect_duration='1' sonar_effect_scale='' sonar_effect_opac='0.5' animation='' id='' custom_class='' template_class='' av_uid='' sc_version='1.0' admin_preview_bg=''][\/av_font_icon]\n<p><span style=\"color: #008000;\">Ordinato prima della 23:59, spedito domani<\/span><\/p>\n<p>&nbsp;<\/p>\n","protected":false},"featured_media":8475,"comment_status":"open","ping_status":"closed","template":"","meta":[],"product_brand":[],"product_cat":[326],"product_tag":[],"class_list":{"0":"post-10776","1":"product","2":"type-product","3":"status-publish","4":"has-post-thumbnail","6":"product_cat-kirby-turbo-accessori","7":"product_shipping_class-klein-it","9":"first","10":"instock","11":"taxable","12":"shipping-taxable","13":"purchasable","14":"product-type-simple"},"yoast_head":"<!-- This site is optimized with the Yoast SEO Premium plugin v27.1 (Yoast SEO v27.3) - https:\/\/yoast.com\/product\/yoast-seo-premium-wordpress\/ -->\n<title>Kirby Spugna Abrasiva - Veltec Kirby specialist<\/title>\n<meta name=\"description\" content=\"Kirby Spugna Abrasiva - Veltec \u00e8 il fornitore delle aspirapolveri Kirby da oltre 25 anni. Ed \u00e8 il tuo fidato specialista del servizio Kirby.\" \/>\n<meta name=\"robots\" content=\"index, follow, max-snippet:-1, max-image-preview:large, max-video-preview:-1\" \/>\n<link rel=\"canonical\" href=\"https:\/\/www.veltec.eu\/nl\/product\/kirby-schrob-pad-nl3096\/\" \/>\n<meta property=\"og:locale\" content=\"it_IT\" \/>\n<meta property=\"og:type\" content=\"article\" \/>\n<meta property=\"og:title\" content=\"Kirby Spugna Abrasiva\" \/>\n<meta property=\"og:description\" content=\"Spugna abrasiva per il Sistema Turbo Accessori.    In magazzino   Ordinato prima della 23:59, spedito domani  &nbsp;\" \/>\n<meta property=\"og:url\" content=\"https:\/\/www.veltec.eu\/nl\/product\/kirby-schrob-pad-nl3096\/\" \/>\n<meta property=\"og:site_name\" content=\"Veltec Kirby specialist\" \/>\n<meta property=\"article:publisher\" content=\"https:\/\/www.facebook.com\/Veltec-Kirby-Specialist-236746293374877\/\" \/>\n<meta property=\"article:modified_time\" content=\"2025-04-15T11:52:31+00:00\" \/>\n<meta property=\"og:image\" content=\"https:\/\/www.veltec.eu\/wp-content\/uploads\/2018\/10\/dsc0587.jpg\" \/>\n\t<meta property=\"og:image:width\" content=\"300\" \/>\n\t<meta property=\"og:image:height\" content=\"300\" \/>\n\t<meta property=\"og:image:type\" content=\"image\/jpeg\" \/>\n<meta name=\"twitter:card\" content=\"summary_large_image\" \/>\n<meta name=\"twitter:label1\" content=\"Tempo di lettura stimato\" \/>\n\t<meta name=\"twitter:data1\" content=\"3 minuti\" \/>\n<script type=\"application\/ld+json\" class=\"yoast-schema-graph\">{\"@context\":\"https:\\\/\\\/schema.org\",\"@graph\":[{\"@type\":\"WebPage\",\"@id\":\"https:\\\/\\\/www.veltec.eu\\\/nl\\\/product\\\/kirby-schrob-pad-nl3096\\\/\",\"url\":\"https:\\\/\\\/www.veltec.eu\\\/nl\\\/product\\\/kirby-schrob-pad-nl3096\\\/\",\"name\":\"Kirby Spugna Abrasiva - Veltec Kirby specialist\",\"isPartOf\":{\"@id\":\"https:\\\/\\\/www.veltec.eu\\\/en\\\/#website\"},\"primaryImageOfPage\":{\"@id\":\"https:\\\/\\\/www.veltec.eu\\\/nl\\\/product\\\/kirby-schrob-pad-nl3096\\\/#primaryimage\"},\"image\":{\"@id\":\"https:\\\/\\\/www.veltec.eu\\\/nl\\\/product\\\/kirby-schrob-pad-nl3096\\\/#primaryimage\"},\"thumbnailUrl\":\"https:\\\/\\\/www.veltec.eu\\\/wp-content\\\/uploads\\\/2018\\\/10\\\/dsc0587.jpg\",\"datePublished\":\"2018-10-26T10:40:34+00:00\",\"dateModified\":\"2025-04-15T11:52:31+00:00\",\"description\":\"Kirby Spugna Abrasiva - Veltec \u00e8 il fornitore delle aspirapolveri Kirby da oltre 25 anni. Ed \u00e8 il tuo fidato specialista del servizio Kirby.\",\"breadcrumb\":{\"@id\":\"https:\\\/\\\/www.veltec.eu\\\/nl\\\/product\\\/kirby-schrob-pad-nl3096\\\/#breadcrumb\"},\"inLanguage\":\"it-IT\",\"potentialAction\":[{\"@type\":\"ReadAction\",\"target\":[\"https:\\\/\\\/www.veltec.eu\\\/nl\\\/product\\\/kirby-schrob-pad-nl3096\\\/\"]}]},{\"@type\":\"ImageObject\",\"inLanguage\":\"it-IT\",\"@id\":\"https:\\\/\\\/www.veltec.eu\\\/nl\\\/product\\\/kirby-schrob-pad-nl3096\\\/#primaryimage\",\"url\":\"https:\\\/\\\/www.veltec.eu\\\/wp-content\\\/uploads\\\/2018\\\/10\\\/dsc0587.jpg\",\"contentUrl\":\"https:\\\/\\\/www.veltec.eu\\\/wp-content\\\/uploads\\\/2018\\\/10\\\/dsc0587.jpg\",\"width\":300,\"height\":300,\"caption\":\"Schuurspons\"},{\"@type\":\"BreadcrumbList\",\"@id\":\"https:\\\/\\\/www.veltec.eu\\\/nl\\\/product\\\/kirby-schrob-pad-nl3096\\\/#breadcrumb\",\"itemListElement\":[{\"@type\":\"ListItem\",\"position\":1,\"name\":\"Home\",\"item\":\"https:\\\/\\\/www.veltec.eu\\\/it\\\/\"},{\"@type\":\"ListItem\",\"position\":2,\"name\":\"Produits\",\"item\":\"https:\\\/\\\/www.veltec.eu\\\/fr\\\/shop\\\/\"},{\"@type\":\"ListItem\",\"position\":3,\"name\":\"Kirby Spugna Abrasiva\"}]},{\"@type\":\"WebSite\",\"@id\":\"https:\\\/\\\/www.veltec.eu\\\/en\\\/#website\",\"url\":\"https:\\\/\\\/www.veltec.eu\\\/en\\\/\",\"name\":\"Veltec Kirby specialist\",\"description\":\"Kirby stofzuiger producten\",\"publisher\":{\"@id\":\"https:\\\/\\\/www.veltec.eu\\\/en\\\/#organization\"},\"potentialAction\":[{\"@type\":\"SearchAction\",\"target\":{\"@type\":\"EntryPoint\",\"urlTemplate\":\"https:\\\/\\\/www.veltec.eu\\\/en\\\/?s={search_term_string}\"},\"query-input\":{\"@type\":\"PropertyValueSpecification\",\"valueRequired\":true,\"valueName\":\"search_term_string\"}}],\"inLanguage\":\"it-IT\"},{\"@type\":\"Organization\",\"@id\":\"https:\\\/\\\/www.veltec.eu\\\/en\\\/#organization\",\"name\":\"Veltec Kirby Specialist\",\"url\":\"https:\\\/\\\/www.veltec.eu\\\/en\\\/\",\"logo\":{\"@type\":\"ImageObject\",\"inLanguage\":\"it-IT\",\"@id\":\"https:\\\/\\\/www.veltec.eu\\\/en\\\/#\\\/schema\\\/logo\\\/image\\\/\",\"url\":\"https:\\\/\\\/www.veltec.eu\\\/wp-content\\\/uploads\\\/2021\\\/12\\\/Veltec-log-groot-e1537260889125.png\",\"contentUrl\":\"https:\\\/\\\/www.veltec.eu\\\/wp-content\\\/uploads\\\/2021\\\/12\\\/Veltec-log-groot-e1537260889125.png\",\"width\":200,\"height\":60,\"caption\":\"Veltec Kirby Specialist\"},\"image\":{\"@id\":\"https:\\\/\\\/www.veltec.eu\\\/en\\\/#\\\/schema\\\/logo\\\/image\\\/\"},\"sameAs\":[\"https:\\\/\\\/www.facebook.com\\\/Veltec-Kirby-Specialist-236746293374877\\\/\",\"https:\\\/\\\/www.youtube.com\\\/user\\\/VeltecService\"]}]}<\/script>\n<!-- \/ Yoast SEO Premium plugin. -->","yoast_head_json":{"title":"Kirby Spugna Abrasiva - Veltec Kirby specialist","description":"Kirby Spugna Abrasiva - Veltec \u00e8 il fornitore delle aspirapolveri Kirby da oltre 25 anni. Ed \u00e8 il tuo fidato specialista del servizio Kirby.","robots":{"index":"index","follow":"follow","max-snippet":"max-snippet:-1","max-image-preview":"max-image-preview:large","max-video-preview":"max-video-preview:-1"},"canonical":"https:\/\/www.veltec.eu\/nl\/product\/kirby-schrob-pad-nl3096\/","og_locale":"it_IT","og_type":"article","og_title":"Kirby Spugna Abrasiva","og_description":"Spugna abrasiva per il Sistema Turbo Accessori.    In magazzino   Ordinato prima della 23:59, spedito domani  &nbsp;","og_url":"https:\/\/www.veltec.eu\/nl\/product\/kirby-schrob-pad-nl3096\/","og_site_name":"Veltec Kirby specialist","article_publisher":"https:\/\/www.facebook.com\/Veltec-Kirby-Specialist-236746293374877\/","article_modified_time":"2025-04-15T11:52:31+00:00","og_image":[{"width":300,"height":300,"url":"https:\/\/www.veltec.eu\/wp-content\/uploads\/2018\/10\/dsc0587.jpg","type":"image\/jpeg"}],"twitter_card":"summary_large_image","twitter_misc":{"Tempo di lettura stimato":"3 minuti"},"schema":{"@context":"https:\/\/schema.org","@graph":[{"@type":"WebPage","@id":"https:\/\/www.veltec.eu\/nl\/product\/kirby-schrob-pad-nl3096\/","url":"https:\/\/www.veltec.eu\/nl\/product\/kirby-schrob-pad-nl3096\/","name":"Kirby Spugna Abrasiva - Veltec Kirby specialist","isPartOf":{"@id":"https:\/\/www.veltec.eu\/en\/#website"},"primaryImageOfPage":{"@id":"https:\/\/www.veltec.eu\/nl\/product\/kirby-schrob-pad-nl3096\/#primaryimage"},"image":{"@id":"https:\/\/www.veltec.eu\/nl\/product\/kirby-schrob-pad-nl3096\/#primaryimage"},"thumbnailUrl":"https:\/\/www.veltec.eu\/wp-content\/uploads\/2018\/10\/dsc0587.jpg","datePublished":"2018-10-26T10:40:34+00:00","dateModified":"2025-04-15T11:52:31+00:00","description":"Kirby Spugna Abrasiva - Veltec \u00e8 il fornitore delle aspirapolveri Kirby da oltre 25 anni. Ed \u00e8 il tuo fidato specialista del servizio Kirby.","breadcrumb":{"@id":"https:\/\/www.veltec.eu\/nl\/product\/kirby-schrob-pad-nl3096\/#breadcrumb"},"inLanguage":"it-IT","potentialAction":[{"@type":"ReadAction","target":["https:\/\/www.veltec.eu\/nl\/product\/kirby-schrob-pad-nl3096\/"]}]},{"@type":"ImageObject","inLanguage":"it-IT","@id":"https:\/\/www.veltec.eu\/nl\/product\/kirby-schrob-pad-nl3096\/#primaryimage","url":"https:\/\/www.veltec.eu\/wp-content\/uploads\/2018\/10\/dsc0587.jpg","contentUrl":"https:\/\/www.veltec.eu\/wp-content\/uploads\/2018\/10\/dsc0587.jpg","width":300,"height":300,"caption":"Schuurspons"},{"@type":"BreadcrumbList","@id":"https:\/\/www.veltec.eu\/nl\/product\/kirby-schrob-pad-nl3096\/#breadcrumb","itemListElement":[{"@type":"ListItem","position":1,"name":"Home","item":"https:\/\/www.veltec.eu\/it\/"},{"@type":"ListItem","position":2,"name":"Produits","item":"https:\/\/www.veltec.eu\/fr\/shop\/"},{"@type":"ListItem","position":3,"name":"Kirby Spugna Abrasiva"}]},{"@type":"WebSite","@id":"https:\/\/www.veltec.eu\/en\/#website","url":"https:\/\/www.veltec.eu\/en\/","name":"Veltec Kirby specialist","description":"Kirby stofzuiger producten","publisher":{"@id":"https:\/\/www.veltec.eu\/en\/#organization"},"potentialAction":[{"@type":"SearchAction","target":{"@type":"EntryPoint","urlTemplate":"https:\/\/www.veltec.eu\/en\/?s={search_term_string}"},"query-input":{"@type":"PropertyValueSpecification","valueRequired":true,"valueName":"search_term_string"}}],"inLanguage":"it-IT"},{"@type":"Organization","@id":"https:\/\/www.veltec.eu\/en\/#organization","name":"Veltec Kirby Specialist","url":"https:\/\/www.veltec.eu\/en\/","logo":{"@type":"ImageObject","inLanguage":"it-IT","@id":"https:\/\/www.veltec.eu\/en\/#\/schema\/logo\/image\/","url":"https:\/\/www.veltec.eu\/wp-content\/uploads\/2021\/12\/Veltec-log-groot-e1537260889125.png","contentUrl":"https:\/\/www.veltec.eu\/wp-content\/uploads\/2021\/12\/Veltec-log-groot-e1537260889125.png","width":200,"height":60,"caption":"Veltec Kirby Specialist"},"image":{"@id":"https:\/\/www.veltec.eu\/en\/#\/schema\/logo\/image\/"},"sameAs":["https:\/\/www.facebook.com\/Veltec-Kirby-Specialist-236746293374877\/","https:\/\/www.youtube.com\/user\/VeltecService"]}]}},"_links":{"self":[{"href":"https:\/\/www.veltec.eu\/it\/wp-json\/wp\/v2\/product\/10776","targetHints":{"allow":["GET"]}}],"collection":[{"href":"https:\/\/www.veltec.eu\/it\/wp-json\/wp\/v2\/product"}],"about":[{"href":"https:\/\/www.veltec.eu\/it\/wp-json\/wp\/v2\/types\/product"}],"replies":[{"embeddable":true,"href":"https:\/\/www.veltec.eu\/it\/wp-json\/wp\/v2\/comments?post=10776"}],"wp:featuredmedia":[{"embeddable":true,"href":"https:\/\/www.veltec.eu\/it\/wp-json\/wp\/v2\/media\/8475"}],"wp:attachment":[{"href":"https:\/\/www.veltec.eu\/it\/wp-json\/wp\/v2\/media?parent=10776"}],"wp:term":[{"taxonomy":"product_brand","embeddable":true,"href":"https:\/\/www.veltec.eu\/it\/wp-json\/wp\/v2\/product_brand?post=10776"},{"taxonomy":"product_cat","embeddable":true,"href":"https:\/\/www.veltec.eu\/it\/wp-json\/wp\/v2\/product_cat?post=10776"},{"taxonomy":"product_tag","embeddable":true,"href":"https:\/\/www.veltec.eu\/it\/wp-json\/wp\/v2\/product_tag?post=10776"}],"curies":[{"name":"wp","href":"https:\/\/api.w.org\/{rel}","templated":true}]}}