{"id":10766,"date":"2018-10-26T12:49:03","date_gmt":"2018-10-26T10:49:03","guid":{"rendered":"https:\/\/www.veltec.eu\/kirby-webshop\/kirby-handi-butler\/"},"modified":"2025-04-14T13:37:50","modified_gmt":"2025-04-14T11:37:50","slug":"kit-di-accessori-kirby-handi-butler","status":"publish","type":"product","link":"https:\/\/www.veltec.eu\/it\/product\/kit-di-accessori-kirby-handi-butler\/","title":{"rendered":"Kit di accessori Kirby Handi-Butler"},"content":{"rendered":"<h2>Scoprite la versatilit\u00e0 del Kit di accessori Kirby Handi-Butler<\/h2>\n<p>Siete amanti del fai-da-te o dell&#8217;hobbistica e vi piace lavorare con precisione? Allora il Kit di accessori Kirby Handi-Butler \u00e8 esattamente quello che state cercando. Questo kit di accessori multifunzionale \u00e8 stato appositamente progettato per trasformare il vostro aspirapolvere Kirby in un potente mini-strumento per varie applicazioni. Con questo kit potrete ottenere molto di pi\u00f9 dal vostro aspirapolvere oltre alla semplice pulizia. Grazie alle funzioni intelligenti dell&#8217;Handi-Butler, non solo si risparmia spazio, ma anche tempo e denaro.<\/p>\n<p><strong>Questo Handi-Butler \u00e8 universale e adatto a ogni aspirapolvere Kirby;<\/strong><\/p>\n<ul>\n<li>Avalir Platinum<\/li>\n<li>Avalir 2<\/li>\n<li>Avalir 1<\/li>\n<li>Sentria 2 (G10D)<\/li>\n<li>Sentria 1 (G10)<\/li>\n<li>Ultimate G Diamond Ed.(G7D or DE)<\/li>\n<li>Ultimate G (G7 or UG)<\/li>\n<li>Generation 6 (G6)<\/li>\n<li>Generation 5 (G5)<\/li>\n<li>Generation 4 (G4)<\/li>\n<li>Generation 3 (G3)<\/li>\n<\/ul>\n<p><a href=\"https:\/\/www.veltec.eu\/it\/kirby-turbo-accessori\/\">Qui troverete tutti gli accessori Turbo<\/a><\/p>\n<h3>Perch\u00e9 scegliere il Kit di accessori Kirby Handi-Butler?<\/h3>\n<p>Il set di attrezzi multifunzione Kirby \u00e8 un kit di accessori che si monta direttamente sul vostro <a href=\"https:\/\/www.veltec.eu\/it\/kirby-aspirapolvere\/\">aspirapolvere Kirby<\/a>. In questo modo non \u00e8 necessario acquistare macchine separate per i piccoli lavori all&#8217;interno e all&#8217;esterno della casa. Grazie al suo design intelligente, questo kit \u00e8 ideale per chi lavora regolarmente a progetti creativi o tecnici. Soprattutto per i piccoli hobbisti, questo strumento offre la soluzione perfetta.<\/p>\n<p>Con l&#8217;utensile per hobby Kirby \u00e8 possibile, tra le altre cose:<\/p>\n<ul>\n<li>Lucidare superfici metalliche, come gioielli, manici o utensili.<\/li>\n<li>Affilare coltelli, piccole parti o materiali per hobby.<\/li>\n<li>Forare, levigare o incidere con accessori opzionali (a seconda del kit).<\/li>\n<\/ul>\n<p>Questo rende il set di attrezzi multifunzione Kirby un investimento intelligente per chiunque voglia ottenere di pi\u00f9 dal proprio sistema Kirby.<\/p>\n<h2>Facile da usare e adatto a qualsiasi Kirby<\/h2>\n<p>Uno dei grandi vantaggi del Kit di accessori Kirby Handi-Butler \u00e8 che \u00e8 adatto a qualsiasi modello Kirby. Sia che abbiate un apparecchio pi\u00f9 vecchio o che usiate l&#8217;ultima generazione: il set di attrezzi multifunzione Kirby si collega senza sforzo. Di conseguenza, non dovrete preoccuparvi della compatibilit\u00e0, che \u00e8 ovviamente un punto di acquisto importante per ogni consumatore intelligente.<\/p>\n<h3>Iniziare a lavorare in modo rapido e sicuro<\/h3>\n<p>Grazie alla facilit\u00e0 di installazione, \u00e8 possibile iniziare il lavoro quasi immediatamente. Inoltre, l&#8217;accessorio multifunzione Kirby \u00e8 stato progettato pensando alla sicurezza. Tutti gli accessori si agganciano saldamente in posizione e rimangono saldamente al loro posto durante l&#8217;uso. Questo non solo \u00e8 comodo, ma previene anche gli incidenti durante il lavoro.<\/p>\n<p>Il funzionamento \u00e8 intuitivo, quindi non \u00e8 necessario un manuale dettagliato per iniziare. In pochi minuti sarete gi\u00e0 al lavoro sul vostro primo lavoro di lucidatura o smerigliatura!<\/p>\n<h2>Il complemento perfetto per il vostro sistema Kirby<\/h2>\n<p>In sintesi, il set di attrezzi multifunzione Kirby \u00e8 il kit di accessori per chi vuole fare di pi\u00f9 con il proprio aspirapolvere oltre alla semplice pulizia. Grazie alla sua versatilit\u00e0, compatibilit\u00e0 e facilit\u00e0 d&#8217;uso, questo kit \u00e8 un must per ogni hobbista o tuttofare.<\/p>\n<p>Siete alla ricerca di uno strumento compatto e multifunzionale che supporti la vostra creativit\u00e0 e funzioni perfettamente con il vostro Kirby? Allora il kit di accessori Kirby Handi-Butler \u00e8 senza dubbio una scelta intelligente.<\/p>\n","protected":false},"excerpt":{"rendered":"<p>Accessorio supplementare dell&#8217;aspirapolvere kirby con molteplici funzioni. Lucidatura metalli, piccole frese, indispensabile per piccoli e divertenti lavori di hobbystica.<\/p>\n[trustindex data-widget-id=de4365f24f22281a6b165ed75b0]\n<h3><span style=\"color: #008000;\"><br \/>\nIn magazzino<\/span><\/h3>\n[av_font_icon icon='ue812' font='entypo-fontello' style='' caption='' size='25px' position='left' color='#43ad66' link='' linktarget='' title_attr='' sonar_effect_effect='' sonar_effect_color='' sonar_effect_duration='1' sonar_effect_scale='' sonar_effect_opac='0.5' animation='' id='' custom_class='' template_class='' av_uid='' sc_version='1.0' admin_preview_bg=''][\/av_font_icon]\n<p><span style=\"color: #008000;\">Ordinato prima della 23:59, spedito domani<\/span><\/p>\n<p>&nbsp;<\/p>\n","protected":false},"featured_media":8491,"comment_status":"open","ping_status":"closed","template":"","meta":{"_acf_changed":false},"product_brand":[],"product_cat":[326],"product_tag":[],"class_list":{"0":"post-10766","1":"product","2":"type-product","3":"status-publish","4":"has-post-thumbnail","6":"product_cat-kirby-turbo-accessori","7":"product_shipping_class-klein-it","9":"first","10":"instock","11":"sale","12":"taxable","13":"shipping-taxable","14":"purchasable","15":"product-type-simple"},"acf":[],"yoast_head":"<!-- This site is optimized with the Yoast SEO Premium plugin v27.1 (Yoast SEO v27.4) - https:\/\/yoast.com\/product\/yoast-seo-premium-wordpress\/ -->\n<title>Kit di accessori Kirby Handi-Butler - Veltec Kirby specialist<\/title>\n<meta name=\"description\" content=\"Kit di accessori Kirby Handi-Butler - Veltec \u00e8 il fornitore delle aspirapolveri Kirby da oltre 25 anni. Ed \u00e8 il tuo fidato specialista del servizio Kirby.\" \/>\n<meta name=\"robots\" content=\"index, follow, max-snippet:-1, max-image-preview:large, max-video-preview:-1\" \/>\n<link rel=\"canonical\" href=\"https:\/\/www.veltec.eu\/it\/product\/kit-di-accessori-kirby-handi-butler\/\" \/>\n<meta property=\"og:locale\" content=\"it_IT\" \/>\n<meta property=\"og:type\" content=\"article\" \/>\n<meta property=\"og:title\" content=\"Kit di accessori Kirby Handi-Butler\" \/>\n<meta property=\"og:description\" content=\"Accessorio supplementare dell&#039;aspirapolvere kirby con molteplici funzioni. Lucidatura metalli, piccole frese, indispensabile per piccoli e divertenti lavori di hobbystica.    In magazzino   Ordinato prima della 23:59, spedito domani  &nbsp;\" \/>\n<meta property=\"og:url\" content=\"https:\/\/www.veltec.eu\/it\/product\/kit-di-accessori-kirby-handi-butler\/\" \/>\n<meta property=\"og:site_name\" content=\"Veltec Kirby specialist\" \/>\n<meta property=\"article:publisher\" content=\"https:\/\/www.facebook.com\/Veltec-Kirby-Specialist-236746293374877\/\" \/>\n<meta property=\"article:modified_time\" content=\"2025-04-14T11:37:50+00:00\" \/>\n<meta property=\"og:image\" content=\"https:\/\/www.veltec.eu\/wp-content\/uploads\/2018\/10\/handi-butler_vs169p_1_large_2.jpg\" \/>\n\t<meta property=\"og:image:width\" content=\"300\" \/>\n\t<meta property=\"og:image:height\" content=\"300\" \/>\n\t<meta property=\"og:image:type\" content=\"image\/jpeg\" \/>\n<meta name=\"twitter:card\" content=\"summary_large_image\" \/>\n<meta name=\"twitter:label1\" content=\"Tempo di lettura stimato\" \/>\n\t<meta name=\"twitter:data1\" content=\"3 minuti\" \/>\n<script type=\"application\/ld+json\" class=\"yoast-schema-graph\">{\"@context\":\"https:\\\/\\\/schema.org\",\"@graph\":[{\"@type\":\"WebPage\",\"@id\":\"https:\\\/\\\/www.veltec.eu\\\/it\\\/product\\\/kit-di-accessori-kirby-handi-butler\\\/\",\"url\":\"https:\\\/\\\/www.veltec.eu\\\/it\\\/product\\\/kit-di-accessori-kirby-handi-butler\\\/\",\"name\":\"Kit di accessori Kirby Handi-Butler - Veltec Kirby specialist\",\"isPartOf\":{\"@id\":\"https:\\\/\\\/www.veltec.eu\\\/en\\\/#website\"},\"primaryImageOfPage\":{\"@id\":\"https:\\\/\\\/www.veltec.eu\\\/it\\\/product\\\/kit-di-accessori-kirby-handi-butler\\\/#primaryimage\"},\"image\":{\"@id\":\"https:\\\/\\\/www.veltec.eu\\\/it\\\/product\\\/kit-di-accessori-kirby-handi-butler\\\/#primaryimage\"},\"thumbnailUrl\":\"https:\\\/\\\/www.veltec.eu\\\/wp-content\\\/uploads\\\/2018\\\/10\\\/handi-butler_vs169p_1_large_2.jpg\",\"datePublished\":\"2018-10-26T10:49:03+00:00\",\"dateModified\":\"2025-04-14T11:37:50+00:00\",\"description\":\"Kit di accessori Kirby Handi-Butler - Veltec \u00e8 il fornitore delle aspirapolveri Kirby da oltre 25 anni. Ed \u00e8 il tuo fidato specialista del servizio Kirby.\",\"breadcrumb\":{\"@id\":\"https:\\\/\\\/www.veltec.eu\\\/it\\\/product\\\/kit-di-accessori-kirby-handi-butler\\\/#breadcrumb\"},\"inLanguage\":\"it-IT\",\"potentialAction\":[{\"@type\":\"ReadAction\",\"target\":[\"https:\\\/\\\/www.veltec.eu\\\/it\\\/product\\\/kit-di-accessori-kirby-handi-butler\\\/\"]}]},{\"@type\":\"ImageObject\",\"inLanguage\":\"it-IT\",\"@id\":\"https:\\\/\\\/www.veltec.eu\\\/it\\\/product\\\/kit-di-accessori-kirby-handi-butler\\\/#primaryimage\",\"url\":\"https:\\\/\\\/www.veltec.eu\\\/wp-content\\\/uploads\\\/2018\\\/10\\\/handi-butler_vs169p_1_large_2.jpg\",\"contentUrl\":\"https:\\\/\\\/www.veltec.eu\\\/wp-content\\\/uploads\\\/2018\\\/10\\\/handi-butler_vs169p_1_large_2.jpg\",\"width\":300,\"height\":300},{\"@type\":\"BreadcrumbList\",\"@id\":\"https:\\\/\\\/www.veltec.eu\\\/it\\\/product\\\/kit-di-accessori-kirby-handi-butler\\\/#breadcrumb\",\"itemListElement\":[{\"@type\":\"ListItem\",\"position\":1,\"name\":\"Home\",\"item\":\"https:\\\/\\\/www.veltec.eu\\\/it\\\/\"},{\"@type\":\"ListItem\",\"position\":2,\"name\":\"Kirby Shop\",\"item\":\"https:\\\/\\\/www.veltec.eu\\\/nl\\\/shop-page\\\/\"},{\"@type\":\"ListItem\",\"position\":3,\"name\":\"Kit di accessori Kirby Handi-Butler\"}]},{\"@type\":\"WebSite\",\"@id\":\"https:\\\/\\\/www.veltec.eu\\\/en\\\/#website\",\"url\":\"https:\\\/\\\/www.veltec.eu\\\/en\\\/\",\"name\":\"Veltec Kirby specialist\",\"description\":\"Kirby stofzuiger producten\",\"publisher\":{\"@id\":\"https:\\\/\\\/www.veltec.eu\\\/en\\\/#organization\"},\"potentialAction\":[{\"@type\":\"SearchAction\",\"target\":{\"@type\":\"EntryPoint\",\"urlTemplate\":\"https:\\\/\\\/www.veltec.eu\\\/en\\\/?s={search_term_string}\"},\"query-input\":{\"@type\":\"PropertyValueSpecification\",\"valueRequired\":true,\"valueName\":\"search_term_string\"}}],\"inLanguage\":\"it-IT\"},{\"@type\":\"Organization\",\"@id\":\"https:\\\/\\\/www.veltec.eu\\\/en\\\/#organization\",\"name\":\"Veltec Kirby Specialist\",\"url\":\"https:\\\/\\\/www.veltec.eu\\\/en\\\/\",\"logo\":{\"@type\":\"ImageObject\",\"inLanguage\":\"it-IT\",\"@id\":\"https:\\\/\\\/www.veltec.eu\\\/en\\\/#\\\/schema\\\/logo\\\/image\\\/\",\"url\":\"https:\\\/\\\/www.veltec.eu\\\/wp-content\\\/uploads\\\/2021\\\/12\\\/Veltec-log-groot-e1537260889125.png\",\"contentUrl\":\"https:\\\/\\\/www.veltec.eu\\\/wp-content\\\/uploads\\\/2021\\\/12\\\/Veltec-log-groot-e1537260889125.png\",\"width\":200,\"height\":60,\"caption\":\"Veltec Kirby Specialist\"},\"image\":{\"@id\":\"https:\\\/\\\/www.veltec.eu\\\/en\\\/#\\\/schema\\\/logo\\\/image\\\/\"},\"sameAs\":[\"https:\\\/\\\/www.facebook.com\\\/Veltec-Kirby-Specialist-236746293374877\\\/\",\"https:\\\/\\\/www.youtube.com\\\/user\\\/VeltecService\"]}]}<\/script>\n<!-- \/ Yoast SEO Premium plugin. -->","yoast_head_json":{"title":"Kit di accessori Kirby Handi-Butler - Veltec Kirby specialist","description":"Kit di accessori Kirby Handi-Butler - Veltec \u00e8 il fornitore delle aspirapolveri Kirby da oltre 25 anni. Ed \u00e8 il tuo fidato specialista del servizio Kirby.","robots":{"index":"index","follow":"follow","max-snippet":"max-snippet:-1","max-image-preview":"max-image-preview:large","max-video-preview":"max-video-preview:-1"},"canonical":"https:\/\/www.veltec.eu\/it\/product\/kit-di-accessori-kirby-handi-butler\/","og_locale":"it_IT","og_type":"article","og_title":"Kit di accessori Kirby Handi-Butler","og_description":"Accessorio supplementare dell'aspirapolvere kirby con molteplici funzioni. Lucidatura metalli, piccole frese, indispensabile per piccoli e divertenti lavori di hobbystica.    In magazzino   Ordinato prima della 23:59, spedito domani  &nbsp;","og_url":"https:\/\/www.veltec.eu\/it\/product\/kit-di-accessori-kirby-handi-butler\/","og_site_name":"Veltec Kirby specialist","article_publisher":"https:\/\/www.facebook.com\/Veltec-Kirby-Specialist-236746293374877\/","article_modified_time":"2025-04-14T11:37:50+00:00","og_image":[{"width":300,"height":300,"url":"https:\/\/www.veltec.eu\/wp-content\/uploads\/2018\/10\/handi-butler_vs169p_1_large_2.jpg","type":"image\/jpeg"}],"twitter_card":"summary_large_image","twitter_misc":{"Tempo di lettura stimato":"3 minuti"},"schema":{"@context":"https:\/\/schema.org","@graph":[{"@type":"WebPage","@id":"https:\/\/www.veltec.eu\/it\/product\/kit-di-accessori-kirby-handi-butler\/","url":"https:\/\/www.veltec.eu\/it\/product\/kit-di-accessori-kirby-handi-butler\/","name":"Kit di accessori Kirby Handi-Butler - Veltec Kirby specialist","isPartOf":{"@id":"https:\/\/www.veltec.eu\/en\/#website"},"primaryImageOfPage":{"@id":"https:\/\/www.veltec.eu\/it\/product\/kit-di-accessori-kirby-handi-butler\/#primaryimage"},"image":{"@id":"https:\/\/www.veltec.eu\/it\/product\/kit-di-accessori-kirby-handi-butler\/#primaryimage"},"thumbnailUrl":"https:\/\/www.veltec.eu\/wp-content\/uploads\/2018\/10\/handi-butler_vs169p_1_large_2.jpg","datePublished":"2018-10-26T10:49:03+00:00","dateModified":"2025-04-14T11:37:50+00:00","description":"Kit di accessori Kirby Handi-Butler - Veltec \u00e8 il fornitore delle aspirapolveri Kirby da oltre 25 anni. Ed \u00e8 il tuo fidato specialista del servizio Kirby.","breadcrumb":{"@id":"https:\/\/www.veltec.eu\/it\/product\/kit-di-accessori-kirby-handi-butler\/#breadcrumb"},"inLanguage":"it-IT","potentialAction":[{"@type":"ReadAction","target":["https:\/\/www.veltec.eu\/it\/product\/kit-di-accessori-kirby-handi-butler\/"]}]},{"@type":"ImageObject","inLanguage":"it-IT","@id":"https:\/\/www.veltec.eu\/it\/product\/kit-di-accessori-kirby-handi-butler\/#primaryimage","url":"https:\/\/www.veltec.eu\/wp-content\/uploads\/2018\/10\/handi-butler_vs169p_1_large_2.jpg","contentUrl":"https:\/\/www.veltec.eu\/wp-content\/uploads\/2018\/10\/handi-butler_vs169p_1_large_2.jpg","width":300,"height":300},{"@type":"BreadcrumbList","@id":"https:\/\/www.veltec.eu\/it\/product\/kit-di-accessori-kirby-handi-butler\/#breadcrumb","itemListElement":[{"@type":"ListItem","position":1,"name":"Home","item":"https:\/\/www.veltec.eu\/it\/"},{"@type":"ListItem","position":2,"name":"Kirby Shop","item":"https:\/\/www.veltec.eu\/nl\/shop-page\/"},{"@type":"ListItem","position":3,"name":"Kit di accessori Kirby Handi-Butler"}]},{"@type":"WebSite","@id":"https:\/\/www.veltec.eu\/en\/#website","url":"https:\/\/www.veltec.eu\/en\/","name":"Veltec Kirby specialist","description":"Kirby stofzuiger producten","publisher":{"@id":"https:\/\/www.veltec.eu\/en\/#organization"},"potentialAction":[{"@type":"SearchAction","target":{"@type":"EntryPoint","urlTemplate":"https:\/\/www.veltec.eu\/en\/?s={search_term_string}"},"query-input":{"@type":"PropertyValueSpecification","valueRequired":true,"valueName":"search_term_string"}}],"inLanguage":"it-IT"},{"@type":"Organization","@id":"https:\/\/www.veltec.eu\/en\/#organization","name":"Veltec Kirby Specialist","url":"https:\/\/www.veltec.eu\/en\/","logo":{"@type":"ImageObject","inLanguage":"it-IT","@id":"https:\/\/www.veltec.eu\/en\/#\/schema\/logo\/image\/","url":"https:\/\/www.veltec.eu\/wp-content\/uploads\/2021\/12\/Veltec-log-groot-e1537260889125.png","contentUrl":"https:\/\/www.veltec.eu\/wp-content\/uploads\/2021\/12\/Veltec-log-groot-e1537260889125.png","width":200,"height":60,"caption":"Veltec Kirby Specialist"},"image":{"@id":"https:\/\/www.veltec.eu\/en\/#\/schema\/logo\/image\/"},"sameAs":["https:\/\/www.facebook.com\/Veltec-Kirby-Specialist-236746293374877\/","https:\/\/www.youtube.com\/user\/VeltecService"]}]}},"_links":{"self":[{"href":"https:\/\/www.veltec.eu\/it\/wp-json\/wp\/v2\/product\/10766","targetHints":{"allow":["GET"]}}],"collection":[{"href":"https:\/\/www.veltec.eu\/it\/wp-json\/wp\/v2\/product"}],"about":[{"href":"https:\/\/www.veltec.eu\/it\/wp-json\/wp\/v2\/types\/product"}],"replies":[{"embeddable":true,"href":"https:\/\/www.veltec.eu\/it\/wp-json\/wp\/v2\/comments?post=10766"}],"wp:featuredmedia":[{"embeddable":true,"href":"https:\/\/www.veltec.eu\/it\/wp-json\/wp\/v2\/media\/8491"}],"wp:attachment":[{"href":"https:\/\/www.veltec.eu\/it\/wp-json\/wp\/v2\/media?parent=10766"}],"wp:term":[{"taxonomy":"product_brand","embeddable":true,"href":"https:\/\/www.veltec.eu\/it\/wp-json\/wp\/v2\/product_brand?post=10766"},{"taxonomy":"product_cat","embeddable":true,"href":"https:\/\/www.veltec.eu\/it\/wp-json\/wp\/v2\/product_cat?post=10766"},{"taxonomy":"product_tag","embeddable":true,"href":"https:\/\/www.veltec.eu\/it\/wp-json\/wp\/v2\/product_tag?post=10766"}],"curies":[{"name":"wp","href":"https:\/\/api.w.org\/{rel}","templated":true}]}}