{"id":10741,"date":"2018-10-26T13:09:22","date_gmt":"2018-10-26T11:09:22","guid":{"rendered":"https:\/\/www.veltec.eu\/kirby-webshop\/kirby-tubo-aspirapolvere-flessibile-nl3160\/"},"modified":"2026-03-02T08:04:33","modified_gmt":"2026-03-02T06:04:33","slug":"kirby-tubo-aspirapolvere-flessibile-nl3160","status":"publish","type":"product","link":"https:\/\/www.veltec.eu\/it\/product\/kirby-tubo-aspirapolvere-flessibile-nl3160\/","title":{"rendered":"Kirby Tubo aspirapolvere Flessibile"},"content":{"rendered":"<h1 data-start=\"0\" data-end=\"35\">Kirby Tubo aspirapolvere Flessibile<\/h1>\n<p data-start=\"37\" data-end=\"393\">Il Kirby Tubo aspirapolvere Flessibile \u00e8 fornito completo di attacchi anteriori e posteriori, garantendo cos\u00ec un collegamento affidabile al tuo aspirapolvere Kirby. Grazie alla sua lunghezza compatta di 1 metro, estendibile fino a 4 metri, questo tubo flessibile Kirby combina la massima libert\u00e0 di movimento con la praticit\u00e0 di stoccaggio.<\/p>\n<h2 data-start=\"395\" data-end=\"454\">Perch\u00e9 scegliere il tubo flessibile per aspirapolvere?<\/h2>\n<p data-start=\"456\" data-end=\"740\">Il tubo flessibile per aspirapolvere Kirby \u00e8 stato appositamente progettato per raggiungere i punti pi\u00f9 difficili, consentendo una pulizia pi\u00f9 efficiente e accurata. Grazie al suo design estensibile, \u00e8 possibile lavorare in modo compatto, raggiungendo facilmente soffitti alti, scale e angoli profondi.<\/p>\n<p data-start=\"742\" data-end=\"984\">Inoltre, la struttura flessibile consente di pulire senza sforzi inutili, mentre il tubo rimane solido e mantiene la sua forma. Questo tubo flessibile estensibile per aspirapolvere Kirby \u00e8 quindi ideale per un uso domestico intensivo.<\/p>\n<p data-start=\"986\" data-end=\"1067\">Inoltre, questo tubo \u00e8 universale e adatto a qualsiasi modello, tra cui:<\/p>\n<ul>\n<li>Avalir Platinum<\/li>\n<li>Avalir 2<\/li>\n<li>Avalir 1<\/li>\n<li>Sentria 2 (G10D)<\/li>\n<li>Sentria 1 (G10)<\/li>\n<li>Ultimate G Diamond Ed.(G7D or DE)<\/li>\n<li>Ultimate G (G7 or UG)<\/li>\n<li>Generation 6 (G6)<\/li>\n<li>Generation 5 (G5)<\/li>\n<li>Generation 4 (G4)<\/li>\n<li>Generation 3 (G3)<\/li>\n<\/ul>\n<div class=\"flex-1 overflow-hidden\">\n<div class=\"h-full\">\n<div class=\"react-scroll-to-bottom--css-ciwdx-79elbk h-full\">\n<div class=\"react-scroll-to-bottom--css-ciwdx-1n7m0yu\">\n<div class=\"flex flex-col text-sm md:pb-9\">\n<div class=\"w-full text-token-text-primary\" dir=\"auto\" data-testid=\"conversation-turn-3\" data-scroll-anchor=\"true\">\n<div class=\"text-base py-[18px] px-3 md:px-4 m-auto md:px-5 lg:px-1 xl:px-5\">\n<div class=\"mx-auto flex flex-1 gap-4 text-base md:gap-5 lg:gap-6 md:max-w-3xl lg:max-w-[40rem] xl:max-w-[48rem]\">\n<div class=\"group\/conversation-turn relative flex w-full min-w-0 flex-col agent-turn\">\n<div class=\"flex-col gap-1 md:gap-3\">\n<div class=\"flex flex-grow flex-col max-w-full\">\n<div class=\"min-h-[20px] text-message flex w-full flex-col items-end gap-2 whitespace-pre-wrap break-words [.text-message+&amp;]:mt-5 overflow-x-auto\" dir=\"auto\" data-message-author-role=\"assistant\" data-message-id=\"75e84a25-7f0c-45d2-8ea4-22e4da0190fb\">\n<div class=\"flex w-full flex-col gap-1 empty:hidden first:pt-[3px]\">\n<div class=\"markdown prose w-full break-words dark:prose-invert light\">\n<div class=\"flex flex-col text-sm pb-25\">\n<article class=\"text-token-text-primary w-full focus:outline-none [--shadow-height:45px] has-data-writing-block:pointer-events-none has-data-writing-block:-mt-(--shadow-height) has-data-writing-block:pt-(--shadow-height) [&amp;:has([data-writing-block])&gt;*]:pointer-events-auto scroll-mt-[calc(var(--header-height)+min(200px,max(70px,20svh)))]\" dir=\"auto\" tabindex=\"-1\" data-turn-id=\"request-WEB:22b633c4-4082-4f46-b35a-0e42ce4f3021-8\" data-testid=\"conversation-turn-2\" data-scroll-anchor=\"true\" data-turn=\"assistant\">\n<div class=\"text-base my-auto mx-auto pb-10 [--thread-content-margin:--spacing(4)] @w-sm\/main:[--thread-content-margin:--spacing(6)] @w-lg\/main:[--thread-content-margin:--spacing(16)] px-(--thread-content-margin)\">\n<div class=\"[--thread-content-max-width:40rem] @w-lg\/main:[--thread-content-max-width:48rem] mx-auto max-w-(--thread-content-max-width) flex-1 group\/turn-messages focus-visible:outline-hidden relative flex w-full min-w-0 flex-col agent-turn\" tabindex=\"-1\">\n<div class=\"flex max-w-full flex-col grow\">\n<div class=\"min-h-8 text-message relative flex w-full flex-col items-end gap-2 text-start break-words whitespace-normal [.text-message+&amp;]:mt-1\" dir=\"auto\" data-message-author-role=\"assistant\" data-message-id=\"f8790694-e7c6-474a-8612-60f2f19c16db\" data-message-model-slug=\"gpt-5-2\">\n<div class=\"flex w-full flex-col gap-1 empty:hidden first:pt-[1px]\">\n<div class=\"markdown prose dark:prose-invert w-full wrap-break-word light markdown-new-styling\">\n<p data-start=\"1311\" data-end=\"1415\">Controlla anche gli altri <a href=\"https:\/\/www.veltec.eu\/it\/?page_id=59968\" target=\"_blank\" rel=\"noopener\">tubi flessibili per aspirapolvere Kirby<\/a> per ulteriori opzioni.<\/p>\n<h2 data-start=\"1417\" data-end=\"1473\">Tubo flessibile con portata massima<\/h2>\n<p data-start=\"1475\" data-end=\"1718\">Grazie alla lunghezza estensibile da 1 a 4 metri, il tubo flessibile dell&#8217;aspirapolvere Kirby offre una portata eccezionale. Ci\u00f2 consente di pulire facilmente sopra gli armadi, sotto i letti e dietro i mobili, riducendo la necessit\u00e0 di chinarsi o sollevare oggetti.<\/p>\n<p data-start=\"1720\" data-end=\"1944\">Allo stesso tempo, il tubo rimane leggero, consentendoti di spostarlo comodamente in tutta la casa. Una volta terminato il lavoro, riponi il tubo flessibile Kirby in modo compatto, cos\u00ec da occupare poco spazio.<\/p>\n<p data-start=\"1946\" data-end=\"2089\">Per ulteriori informazioni, consulta la nostra pagina blog: <a href=\"https:\/\/www.servizio-aspirapolvere-kirby.it\/tubo-flessibile-per-aspirapolvere-kirby\/\" target=\"_blank\" rel=\"noopener\">Tutto sui tubi flessibili per aspirapolvere Kirby<\/a><\/p>\n<h2 data-start=\"2219\" data-end=\"2287\">Tubo flessibile resistente e flessibile per uso intensivo<\/h2>\n<p data-start=\"2289\" data-end=\"2529\">Il tubo flessibile per aspirapolvere Kirby \u00e8 realizzato in materiale di alta qualit\u00e0 e resistente all&#8217;usura, che garantisce prestazioni durature. Ci\u00f2 mantiene la potenza di aspirazione ottimale, mentre il tubo \u00e8 resistente all&#8217;uso quotidiano.<\/p>\n<p data-start=\"2531\" data-end=\"2803\">Inoltre, il tubo flessibile estensibile Kirby \u00e8 facile da collegare e scollegare, consentendo di cambiare rapidamente gli accessori. Scopri qui <a href=\"https:\/\/www.veltec.eu\/it\/?page_id=59283\" target=\"_blank\" rel=\"noopener\">tutti gli accessori Kirby.<\/a><\/p>\n<h2 data-start=\"2805\" data-end=\"2872\">Tubo flessibile versatile per aspirapolvere, adatto a qualsiasi superficie<\/h2>\n<p data-start=\"2874\" data-end=\"3103\">Il tubo flessibile per aspirapolvere Kirby \u00e8 adatto per pavimenti duri, tappeti, scale, materassi e interni di automobili. Ci\u00f2 consente di passare senza sforzo da un&#8217;attivit\u00e0 di pulizia all&#8217;altra utilizzando un solo tubo.<\/p>\n<p data-start=\"3105\" data-end=\"3343\">Questo tubo flessibile offre un comfort aggiuntivo soprattutto alle famiglie con animali domestici, poich\u00e9 rimuove efficacemente peli e polvere anche dai punti pi\u00f9 difficili da raggiungere. In questo modo si lavora pi\u00f9 velocemente, ottenendo risultati visibilmente pi\u00f9 accurati.<\/p>\n<p data-start=\"3345\" data-end=\"3496\" data-is-last-node=\"\" data-is-only-node=\"\">In breve, con il tubo flessibile per aspirapolvere Kirby scegliete flessibilit\u00e0, durata e comfort di pulizia professionale in un&#8217;unica soluzione pratica.<\/p>\n<\/div>\n<\/div>\n<\/div>\n<\/div>\n<\/div>\n<\/div>\n<\/article>\n<\/div>\n<\/div>\n<\/div>\n<\/div>\n<\/div>\n<\/div>\n<\/div>\n<\/div>\n<\/div>\n<\/div>\n<\/div>\n<\/div>\n<\/div>\n<\/div>\n<\/div>\n","protected":false},"excerpt":{"rendered":"<p>Il tubo flessibile per aspirapolvere Kirby \u00e8 estensibile da 1 a 4 metri e viene fornito completo di accessori di fissaggio. Ideale per i punti difficili da raggiungere e adatto a tutti i modelli Kirby.<\/p>\n[trustindex data-widget-id=de4365f24f22281a6b165ed75b0]\n<h3><span style=\"color: #008000;\"><br \/>\nIn magazzino<\/span><\/h3>\n[av_font_icon icon='ue812' font='entypo-fontello' style='' caption='' size='25px' position='left' color='#43ad66' link='' linktarget='' title_attr='' sonar_effect_effect='' sonar_effect_color='' sonar_effect_duration='1' sonar_effect_scale='' sonar_effect_opac='0.5' animation='' id='' custom_class='' template_class='' av_uid='' sc_version='1.0' admin_preview_bg=''][\/av_font_icon]\n<p><span style=\"color: #008000;\">Ordinato prima della 23:59, spedito domani<\/span><\/p>\n<p>&nbsp;<\/p>\n","protected":false},"featured_media":66545,"comment_status":"open","ping_status":"closed","template":"","meta":{"_acf_changed":false},"product_brand":[],"product_cat":[321],"product_tag":[],"class_list":{"0":"post-10741","1":"product","2":"type-product","3":"status-publish","4":"has-post-thumbnail","6":"product_cat-tubo-e-accessori-kirby","7":"product_shipping_class-klein-it","9":"first","10":"instock","11":"sale","12":"taxable","13":"shipping-taxable","14":"purchasable","15":"product-type-variable"},"acf":[],"yoast_head":"<!-- This site is optimized with the Yoast SEO Premium plugin v27.1 (Yoast SEO v27.5) - https:\/\/yoast.com\/product\/yoast-seo-premium-wordpress\/ -->\n<title>Kirby Tubo aspirapolvere Flessibile 1-4 metri universale<\/title>\n<meta name=\"description\" content=\"Kirby Tubo aspirapolvere Flessibile estensibile da 1 a 4 metri. Universale e ideale per scale, soffitti e luoghi difficili da raggiungere.\" \/>\n<meta name=\"robots\" content=\"index, follow, max-snippet:-1, max-image-preview:large, max-video-preview:-1\" \/>\n<link rel=\"canonical\" href=\"https:\/\/www.veltec.eu\/it\/product\/kirby-tubo-aspirapolvere-flessibile-nl3160\/\" \/>\n<meta property=\"og:locale\" content=\"it_IT\" \/>\n<meta property=\"og:type\" content=\"article\" \/>\n<meta property=\"og:title\" content=\"Kirby Tubo aspirapolvere Flessibile\" \/>\n<meta property=\"og:description\" content=\"Il tubo flessibile per aspirapolvere Kirby \u00e8 estensibile da 1 a 4 metri e viene fornito completo di accessori di fissaggio. Ideale per i punti difficili da raggiungere e adatto a tutti i modelli Kirby.    In magazzino   Ordinato prima della 23:59, spedito domani  &nbsp;\" \/>\n<meta property=\"og:url\" content=\"https:\/\/www.veltec.eu\/it\/product\/kirby-tubo-aspirapolvere-flessibile-nl3160\/\" \/>\n<meta property=\"og:site_name\" content=\"Veltec Kirby specialist\" \/>\n<meta property=\"article:publisher\" content=\"https:\/\/www.facebook.com\/Veltec-Kirby-Specialist-236746293374877\/\" \/>\n<meta property=\"article:modified_time\" content=\"2026-03-02T06:04:33+00:00\" \/>\n<meta property=\"og:image\" content=\"https:\/\/www.veltec.eu\/wp-content\/uploads\/2018\/10\/IMG_6684.jpg\" \/>\n\t<meta property=\"og:image:width\" content=\"500\" \/>\n\t<meta property=\"og:image:height\" content=\"500\" \/>\n\t<meta property=\"og:image:type\" content=\"image\/jpeg\" \/>\n<meta name=\"twitter:card\" content=\"summary_large_image\" \/>\n<meta name=\"twitter:label1\" content=\"Tempo di lettura stimato\" \/>\n\t<meta name=\"twitter:data1\" content=\"3 minuti\" \/>\n<script type=\"application\/ld+json\" class=\"yoast-schema-graph\">{\"@context\":\"https:\\\/\\\/schema.org\",\"@graph\":[{\"@type\":\"WebPage\",\"@id\":\"https:\\\/\\\/www.veltec.eu\\\/it\\\/product\\\/kirby-tubo-aspirapolvere-flessibile-nl3160\\\/\",\"url\":\"https:\\\/\\\/www.veltec.eu\\\/it\\\/product\\\/kirby-tubo-aspirapolvere-flessibile-nl3160\\\/\",\"name\":\"Kirby Tubo aspirapolvere Flessibile 1-4 metri universale\",\"isPartOf\":{\"@id\":\"https:\\\/\\\/www.veltec.eu\\\/en\\\/#website\"},\"primaryImageOfPage\":{\"@id\":\"https:\\\/\\\/www.veltec.eu\\\/it\\\/product\\\/kirby-tubo-aspirapolvere-flessibile-nl3160\\\/#primaryimage\"},\"image\":{\"@id\":\"https:\\\/\\\/www.veltec.eu\\\/it\\\/product\\\/kirby-tubo-aspirapolvere-flessibile-nl3160\\\/#primaryimage\"},\"thumbnailUrl\":\"https:\\\/\\\/www.veltec.eu\\\/wp-content\\\/uploads\\\/2018\\\/10\\\/IMG_6684.jpg\",\"datePublished\":\"2018-10-26T11:09:22+00:00\",\"dateModified\":\"2026-03-02T06:04:33+00:00\",\"description\":\"Kirby Tubo aspirapolvere Flessibile estensibile da 1 a 4 metri. Universale e ideale per scale, soffitti e luoghi difficili da raggiungere.\",\"breadcrumb\":{\"@id\":\"https:\\\/\\\/www.veltec.eu\\\/it\\\/product\\\/kirby-tubo-aspirapolvere-flessibile-nl3160\\\/#breadcrumb\"},\"inLanguage\":\"it-IT\",\"potentialAction\":[{\"@type\":\"ReadAction\",\"target\":[\"https:\\\/\\\/www.veltec.eu\\\/it\\\/product\\\/kirby-tubo-aspirapolvere-flessibile-nl3160\\\/\"]}]},{\"@type\":\"ImageObject\",\"inLanguage\":\"it-IT\",\"@id\":\"https:\\\/\\\/www.veltec.eu\\\/it\\\/product\\\/kirby-tubo-aspirapolvere-flessibile-nl3160\\\/#primaryimage\",\"url\":\"https:\\\/\\\/www.veltec.eu\\\/wp-content\\\/uploads\\\/2018\\\/10\\\/IMG_6684.jpg\",\"contentUrl\":\"https:\\\/\\\/www.veltec.eu\\\/wp-content\\\/uploads\\\/2018\\\/10\\\/IMG_6684.jpg\",\"width\":500,\"height\":500,\"caption\":\"Kirby Tubo aspirapolvere Flessibile\"},{\"@type\":\"BreadcrumbList\",\"@id\":\"https:\\\/\\\/www.veltec.eu\\\/it\\\/product\\\/kirby-tubo-aspirapolvere-flessibile-nl3160\\\/#breadcrumb\",\"itemListElement\":[{\"@type\":\"ListItem\",\"position\":1,\"name\":\"Home\",\"item\":\"https:\\\/\\\/www.veltec.eu\\\/it\\\/la-homepage\\\/\"},{\"@type\":\"ListItem\",\"position\":2,\"name\":\"Negozio Kirby\",\"item\":\"https:\\\/\\\/www.veltec.eu\\\/it\\\/negozio-kirby\\\/\"},{\"@type\":\"ListItem\",\"position\":3,\"name\":\"Kirby Tubo aspirapolvere Flessibile\"}]},{\"@type\":\"WebSite\",\"@id\":\"https:\\\/\\\/www.veltec.eu\\\/en\\\/#website\",\"url\":\"https:\\\/\\\/www.veltec.eu\\\/en\\\/\",\"name\":\"Veltec Kirby specialist\",\"description\":\"Kirby stofzuiger producten\",\"publisher\":{\"@id\":\"https:\\\/\\\/www.veltec.eu\\\/en\\\/#organization\"},\"potentialAction\":[{\"@type\":\"SearchAction\",\"target\":{\"@type\":\"EntryPoint\",\"urlTemplate\":\"https:\\\/\\\/www.veltec.eu\\\/en\\\/?s={search_term_string}\"},\"query-input\":{\"@type\":\"PropertyValueSpecification\",\"valueRequired\":true,\"valueName\":\"search_term_string\"}}],\"inLanguage\":\"it-IT\"},{\"@type\":\"Organization\",\"@id\":\"https:\\\/\\\/www.veltec.eu\\\/en\\\/#organization\",\"name\":\"Veltec Kirby Specialist\",\"url\":\"https:\\\/\\\/www.veltec.eu\\\/en\\\/\",\"logo\":{\"@type\":\"ImageObject\",\"inLanguage\":\"it-IT\",\"@id\":\"https:\\\/\\\/www.veltec.eu\\\/en\\\/#\\\/schema\\\/logo\\\/image\\\/\",\"url\":\"https:\\\/\\\/www.veltec.eu\\\/wp-content\\\/uploads\\\/2021\\\/12\\\/Veltec-log-groot-e1537260889125.png\",\"contentUrl\":\"https:\\\/\\\/www.veltec.eu\\\/wp-content\\\/uploads\\\/2021\\\/12\\\/Veltec-log-groot-e1537260889125.png\",\"width\":200,\"height\":60,\"caption\":\"Veltec Kirby Specialist\"},\"image\":{\"@id\":\"https:\\\/\\\/www.veltec.eu\\\/en\\\/#\\\/schema\\\/logo\\\/image\\\/\"},\"sameAs\":[\"https:\\\/\\\/www.facebook.com\\\/Veltec-Kirby-Specialist-236746293374877\\\/\",\"https:\\\/\\\/www.youtube.com\\\/user\\\/VeltecService\"]}]}<\/script>\n<!-- \/ Yoast SEO Premium plugin. -->","yoast_head_json":{"title":"Kirby Tubo aspirapolvere Flessibile 1-4 metri universale","description":"Kirby Tubo aspirapolvere Flessibile estensibile da 1 a 4 metri. Universale e ideale per scale, soffitti e luoghi difficili da raggiungere.","robots":{"index":"index","follow":"follow","max-snippet":"max-snippet:-1","max-image-preview":"max-image-preview:large","max-video-preview":"max-video-preview:-1"},"canonical":"https:\/\/www.veltec.eu\/it\/product\/kirby-tubo-aspirapolvere-flessibile-nl3160\/","og_locale":"it_IT","og_type":"article","og_title":"Kirby Tubo aspirapolvere Flessibile","og_description":"Il tubo flessibile per aspirapolvere Kirby \u00e8 estensibile da 1 a 4 metri e viene fornito completo di accessori di fissaggio. Ideale per i punti difficili da raggiungere e adatto a tutti i modelli Kirby.    In magazzino   Ordinato prima della 23:59, spedito domani  &nbsp;","og_url":"https:\/\/www.veltec.eu\/it\/product\/kirby-tubo-aspirapolvere-flessibile-nl3160\/","og_site_name":"Veltec Kirby specialist","article_publisher":"https:\/\/www.facebook.com\/Veltec-Kirby-Specialist-236746293374877\/","article_modified_time":"2026-03-02T06:04:33+00:00","og_image":[{"width":500,"height":500,"url":"https:\/\/www.veltec.eu\/wp-content\/uploads\/2018\/10\/IMG_6684.jpg","type":"image\/jpeg"}],"twitter_card":"summary_large_image","twitter_misc":{"Tempo di lettura stimato":"3 minuti"},"schema":{"@context":"https:\/\/schema.org","@graph":[{"@type":"WebPage","@id":"https:\/\/www.veltec.eu\/it\/product\/kirby-tubo-aspirapolvere-flessibile-nl3160\/","url":"https:\/\/www.veltec.eu\/it\/product\/kirby-tubo-aspirapolvere-flessibile-nl3160\/","name":"Kirby Tubo aspirapolvere Flessibile 1-4 metri universale","isPartOf":{"@id":"https:\/\/www.veltec.eu\/en\/#website"},"primaryImageOfPage":{"@id":"https:\/\/www.veltec.eu\/it\/product\/kirby-tubo-aspirapolvere-flessibile-nl3160\/#primaryimage"},"image":{"@id":"https:\/\/www.veltec.eu\/it\/product\/kirby-tubo-aspirapolvere-flessibile-nl3160\/#primaryimage"},"thumbnailUrl":"https:\/\/www.veltec.eu\/wp-content\/uploads\/2018\/10\/IMG_6684.jpg","datePublished":"2018-10-26T11:09:22+00:00","dateModified":"2026-03-02T06:04:33+00:00","description":"Kirby Tubo aspirapolvere Flessibile estensibile da 1 a 4 metri. Universale e ideale per scale, soffitti e luoghi difficili da raggiungere.","breadcrumb":{"@id":"https:\/\/www.veltec.eu\/it\/product\/kirby-tubo-aspirapolvere-flessibile-nl3160\/#breadcrumb"},"inLanguage":"it-IT","potentialAction":[{"@type":"ReadAction","target":["https:\/\/www.veltec.eu\/it\/product\/kirby-tubo-aspirapolvere-flessibile-nl3160\/"]}]},{"@type":"ImageObject","inLanguage":"it-IT","@id":"https:\/\/www.veltec.eu\/it\/product\/kirby-tubo-aspirapolvere-flessibile-nl3160\/#primaryimage","url":"https:\/\/www.veltec.eu\/wp-content\/uploads\/2018\/10\/IMG_6684.jpg","contentUrl":"https:\/\/www.veltec.eu\/wp-content\/uploads\/2018\/10\/IMG_6684.jpg","width":500,"height":500,"caption":"Kirby Tubo aspirapolvere Flessibile"},{"@type":"BreadcrumbList","@id":"https:\/\/www.veltec.eu\/it\/product\/kirby-tubo-aspirapolvere-flessibile-nl3160\/#breadcrumb","itemListElement":[{"@type":"ListItem","position":1,"name":"Home","item":"https:\/\/www.veltec.eu\/it\/la-homepage\/"},{"@type":"ListItem","position":2,"name":"Negozio Kirby","item":"https:\/\/www.veltec.eu\/it\/negozio-kirby\/"},{"@type":"ListItem","position":3,"name":"Kirby Tubo aspirapolvere Flessibile"}]},{"@type":"WebSite","@id":"https:\/\/www.veltec.eu\/en\/#website","url":"https:\/\/www.veltec.eu\/en\/","name":"Veltec Kirby specialist","description":"Kirby stofzuiger producten","publisher":{"@id":"https:\/\/www.veltec.eu\/en\/#organization"},"potentialAction":[{"@type":"SearchAction","target":{"@type":"EntryPoint","urlTemplate":"https:\/\/www.veltec.eu\/en\/?s={search_term_string}"},"query-input":{"@type":"PropertyValueSpecification","valueRequired":true,"valueName":"search_term_string"}}],"inLanguage":"it-IT"},{"@type":"Organization","@id":"https:\/\/www.veltec.eu\/en\/#organization","name":"Veltec Kirby Specialist","url":"https:\/\/www.veltec.eu\/en\/","logo":{"@type":"ImageObject","inLanguage":"it-IT","@id":"https:\/\/www.veltec.eu\/en\/#\/schema\/logo\/image\/","url":"https:\/\/www.veltec.eu\/wp-content\/uploads\/2021\/12\/Veltec-log-groot-e1537260889125.png","contentUrl":"https:\/\/www.veltec.eu\/wp-content\/uploads\/2021\/12\/Veltec-log-groot-e1537260889125.png","width":200,"height":60,"caption":"Veltec Kirby Specialist"},"image":{"@id":"https:\/\/www.veltec.eu\/en\/#\/schema\/logo\/image\/"},"sameAs":["https:\/\/www.facebook.com\/Veltec-Kirby-Specialist-236746293374877\/","https:\/\/www.youtube.com\/user\/VeltecService"]}]}},"_links":{"self":[{"href":"https:\/\/www.veltec.eu\/it\/wp-json\/wp\/v2\/product\/10741","targetHints":{"allow":["GET"]}}],"collection":[{"href":"https:\/\/www.veltec.eu\/it\/wp-json\/wp\/v2\/product"}],"about":[{"href":"https:\/\/www.veltec.eu\/it\/wp-json\/wp\/v2\/types\/product"}],"replies":[{"embeddable":true,"href":"https:\/\/www.veltec.eu\/it\/wp-json\/wp\/v2\/comments?post=10741"}],"wp:featuredmedia":[{"embeddable":true,"href":"https:\/\/www.veltec.eu\/it\/wp-json\/wp\/v2\/media\/66545"}],"wp:attachment":[{"href":"https:\/\/www.veltec.eu\/it\/wp-json\/wp\/v2\/media?parent=10741"}],"wp:term":[{"taxonomy":"product_brand","embeddable":true,"href":"https:\/\/www.veltec.eu\/it\/wp-json\/wp\/v2\/product_brand?post=10741"},{"taxonomy":"product_cat","embeddable":true,"href":"https:\/\/www.veltec.eu\/it\/wp-json\/wp\/v2\/product_cat?post=10741"},{"taxonomy":"product_tag","embeddable":true,"href":"https:\/\/www.veltec.eu\/it\/wp-json\/wp\/v2\/product_tag?post=10741"}],"curies":[{"name":"wp","href":"https:\/\/api.w.org\/{rel}","templated":true}]}}