{"id":10706,"date":"2018-10-26T13:16:39","date_gmt":"2018-10-26T11:16:39","guid":{"rendered":"https:\/\/www.veltec.eu\/kirby-webshop\/kirby-tubo-terminale-nl3048\/"},"modified":"2026-03-04T14:04:36","modified_gmt":"2026-03-04T12:04:36","slug":"kirby-tubo-terminale-nl3048","status":"publish","type":"product","link":"https:\/\/www.veltec.eu\/it\/product\/kirby-tubo-terminale-nl3048\/","title":{"rendered":"Kirby Tubo Terminale"},"content":{"rendered":"<div class=\"flex max-w-full flex-col grow\">\n<div class=\"min-h-8 text-message relative flex w-full flex-col items-end gap-2 text-start break-words whitespace-normal [.text-message+&amp;]:mt-1\" dir=\"auto\" data-message-author-role=\"assistant\" data-message-id=\"c5e7b5f0-bab9-46f2-adea-58f7b1a10d50\" data-message-model-slug=\"gpt-5-2\">\n<div class=\"flex w-full flex-col gap-1 empty:hidden first:pt-[1px]\">\n<div class=\"markdown prose dark:prose-invert w-full wrap-break-word light markdown-new-styling\">\n<h1 data-start=\"0\" data-end=\"24\">Kirby Tubo Terminale<\/h1>\n<p data-start=\"26\" data-end=\"324\">Il tubo terminale Kirby \u00e8 un raccordo essenziale per fissare in modo sicuro gli accessori Kirby al tubo dell&#8217;aspirapolvere. Grazie alla sua forma universale e alla struttura robusta, questo tubo terminale garantisce un collegamento stabile e a tenuta d&#8217;aria e prestazioni ottimali del vostro aspirapolvere Kirby.<\/p>\n<h2 data-start=\"331\" data-end=\"395\">Tubo flessibile per un collegamento saldo degli accessori<\/h2>\n<p data-start=\"397\" data-end=\"778\">Innanzitutto, il raccordo terminale Kirby consente di fissare rapidamente e con precisione diversi accessori. Ci\u00f2 consente di passare senza sforzo da bocchette, spazzole e altri accessori, mantenendo la massima potenza di aspirazione. Inoltre, l&#8217;accoppiamento preciso garantisce un collegamento stabile, in modo che gli accessori rimangano saldamente fissati anche durante un uso intensivo.<\/p>\n<p data-start=\"780\" data-end=\"1113\">Grazie al materiale resistente, il raccordo rimane affidabile a lungo, anche in caso di frequenti sostituzioni degli accessori. In questo modo si evita un&#8217;usura inutile del tubo o dei raccordi. Date un&#8217;occhiata anche alla nostra gamma di <a href=\"https:\/\/www.veltec.eu\/it\/kirby-accessori\/\" target=\"_blank\" rel=\"noopener\">accessori Kirby<\/a> per ampliare completamente le vostre possibilit\u00e0 di pulizia.<\/p>\n<p data-start=\"1115\" data-end=\"1264\">Maggiori informazioni tecniche sono disponibili sulla nostra pagina blog: <a href=\"https:\/\/www.servizio-aspirapolvere-kirby.it\/tubo-flessibile-per-aspirapolvere-kirby\/\" target=\"_blank\" rel=\"noopener\">Tutto sui tubi flessibili per aspirapolvere Kirby<\/a><\/p>\n<h2 data-start=\"1271\" data-end=\"1326\">Terminale universale per tubo flessibile per tutti i modelli<\/h2>\n<p data-start=\"1328\" data-end=\"1499\">Il tubo flessibile \u00e8 universalmente compatibile con tutti gli aspirapolvere Kirby, quindi non ci sono problemi di compatibilit\u00e0. Il raccordo \u00e8 adatto, tra l&#8217;altro, a:<\/p>\n<ul data-start=\"1501\" data-end=\"1742\">\n<li data-start=\"1501\" data-end=\"1520\">Avalir Platinum<\/li>\n<li data-start=\"1521\" data-end=\"1533\">Avalir 2<\/li>\n<li data-start=\"1534\" data-end=\"1546\">Avalir 1<\/li>\n<li data-start=\"1547\" data-end=\"1567\">Sentria 2 (G10D)<\/li>\n<li data-start=\"1568\" data-end=\"1587\">Sentria 1 (G10)<\/li>\n<li data-start=\"1588\" data-end=\"1629\">Ultimate G Diamond Edition (G7D \/ DE)<\/li>\n<li data-start=\"1630\" data-end=\"1654\">Ultimate G (G7 \/ UG)<\/li>\n<li data-start=\"1655\" data-end=\"1676\">Generation 6 (G6)<\/li>\n<li data-start=\"1677\" data-end=\"1698\">Generation 5 (G5)<\/li>\n<li data-start=\"1699\" data-end=\"1720\">Generation 4 (G4)<\/li>\n<li data-start=\"1721\" data-end=\"1742\">Generation 3 (G3)<\/li>\n<\/ul>\n<p data-start=\"1744\" data-end=\"1983\">Questo lo rende adatto sia alle generazioni pi\u00f9 vecchie che a quelle pi\u00f9 recenti dei sistemi Kirby. Mentre altri componenti possono dipendere dal modello, questo raccordo universale per tubo offre la massima flessibilit\u00e0 all&#8217;interno dell&#8217;intera gamma Kirby.<\/p>\n<p data-start=\"1985\" data-end=\"2118\">Per prestazioni ottimali, abbina questo prodotto a un nuovo <a href=\"https:\/\/www.veltec.eu\/it\/kirby-tubo-accessori\/\" target=\"_blank\" rel=\"noopener\">tubo flessibile per aspirapolvere Kirby.<\/a><\/p>\n<h2 data-start=\"2125\" data-end=\"2187\">Terminale tubo flessibile con struttura girevole a 360 gradi<\/h2>\n<p data-start=\"2189\" data-end=\"2412\">Inoltre, l&#8217;estremit\u00e0 del tubo \u00e8 dotata di un raccordo flessibile e girevole a 360 gradi. Ci\u00f2 consente al tubo di muoversi liberamente durante la pulizia, evitando efficacemente piegature o attorcigliamenti.<\/p>\n<p data-start=\"2414\" data-end=\"2652\">Questa funzione di rotazione \u00e8 particolarmente pratica per pulire scale, mobili e angoli difficili da raggiungere. Inoltre, la rotazione fluida riduce lo sforzo sul tubo, prolungando la durata dei vostri accessori Kirby.<\/p>\n<p data-start=\"2654\" data-end=\"2832\">Per le istruzioni di montaggio e le spiegazioni pratiche, guarda il video:<\/p>\n<div  class='avia-video av-unique1-9b1daa4a125bbfe63d67ad89317f7da5 avia-video-16-9 av-no-preview-image avia-video-load-always av-lazyload-immediate av-lazyload-video-embed'  itemprop=\"video\" itemtype=\"https:\/\/schema.org\/VideoObject\"  data-original_url='https:\/\/youtu.be\/7jtxtBqoSE4?list=UULF-xfmletLNRpv4lLhuytt3A'><script type='text\/html' class='av-video-tmpl'><div class='avia-iframe-wrap'><iframe loading=\"lazy\" title=\"Veltec Kirby - Sostituire l&#039;attacco del tubo flessibile Kirby\" width=\"1500\" height=\"844\" src=\"https:\/\/www.youtube.com\/embed\/7jtxtBqoSE4?list=UULF-xfmletLNRpv4lLhuytt3A&autoplay=0&loop=0&controls=1&mute=0\" frameborder=\"0\" allow=\"accelerometer; autoplay; clipboard-write; encrypted-media; gyroscope; picture-in-picture; web-share\" referrerpolicy=\"strict-origin-when-cross-origin\" allowfullscreen><\/iframe><\/div><\/script><div class='av-click-to-play-overlay'><div class=\"avia_playpause_icon\"><\/div><\/div><\/div>\n<h2 data-start=\"2839\" data-end=\"2896\">Terminale per tubo flessibile come accessorio essenziale Kirby<\/h2>\n<p data-start=\"2898\" data-end=\"3150\">Il raccordo terminale Kirby \u00e8 un componente di collegamento indispensabile all&#8217;interno del sistema di tubi flessibili Kirby. Grazie alla sua forma universale, al raccordo robusto e alla struttura girevole, questo raccordo terminale ottimizza sia la facilit\u00e0 d&#8217;uso che le prestazioni.<\/p>\n<p data-start=\"3152\" data-end=\"3422\" data-is-last-node=\"\" data-is-only-node=\"\">Quando scegliete la qualit\u00e0 originale e la connettivit\u00e0 affidabile, investite nella durata e nell&#8217;efficienza. In questo modo, il vostro aspirapolvere Kirby continuer\u00e0 a funzionare come previsto, garantendovi il massimo controllo e flessibilit\u00e0 durante ogni operazione di pulizia.<\/p>\n<\/div>\n<\/div>\n<\/div>\n<\/div>\n","protected":false},"excerpt":{"rendered":"<p>Il raccordo terminale per tubo Kirby garantisce un collegamento saldo e a tenuta d&#8217;aria dei vostri accessori Kirby. Universale e ruotabile a 360 gradi per un comfort d&#8217;uso ottimale.<\/p>\n[trustindex data-widget-id=de4365f24f22281a6b165ed75b0]\n<h3><span style=\"color: #008000;\"><br \/>\nIn magazzino<\/span><\/h3>\n[av_font_icon icon='ue812' font='entypo-fontello' style='' caption='' size='25px' position='left' color='#43ad66' link='' linktarget='' title_attr='' sonar_effect_effect='' sonar_effect_color='' sonar_effect_duration='1' sonar_effect_scale='' sonar_effect_opac='0.5' animation='' id='' custom_class='' template_class='' av_uid='' sc_version='1.0' admin_preview_bg=''][\/av_font_icon]\n<p><span style=\"color: #008000;\">Ordinato prima della 23:59, spedito domani<\/span><\/p>\n<p>&nbsp;<\/p>\n","protected":false},"featured_media":8542,"comment_status":"open","ping_status":"closed","template":"","meta":{"_acf_changed":false},"product_brand":[],"product_cat":[321],"product_tag":[],"class_list":{"0":"post-10706","1":"product","2":"type-product","3":"status-publish","4":"has-post-thumbnail","6":"product_cat-kirby-tubo-accessori","7":"product_shipping_class-klein-it","9":"first","10":"instock","11":"taxable","12":"shipping-taxable","13":"purchasable","14":"product-type-simple"},"acf":[],"yoast_head":"<!-- This site is optimized with the Yoast SEO Premium plugin v27.1 (Yoast SEO v27.4) - https:\/\/yoast.com\/product\/yoast-seo-premium-wordpress\/ -->\n<title>Kirby Tubo terminale \u2013 Raccordo universale<\/title>\n<meta name=\"description\" content=\"Kirby Tubo Terminale per un collegamento saldo degli accessori. Adatto a tutti i modelli Kirby e costruzione girevole a 360\u00b0.\" \/>\n<meta name=\"robots\" content=\"index, follow, max-snippet:-1, max-image-preview:large, max-video-preview:-1\" \/>\n<link rel=\"canonical\" href=\"https:\/\/www.veltec.eu\/nl\/product\/kirby-eindstuk-slang-nl3048\/\" \/>\n<meta property=\"og:locale\" content=\"it_IT\" \/>\n<meta property=\"og:type\" content=\"article\" \/>\n<meta property=\"og:title\" content=\"Kirby Tubo Terminale\" \/>\n<meta property=\"og:description\" content=\"Il raccordo terminale per tubo Kirby garantisce un collegamento saldo e a tenuta d&#039;aria dei vostri accessori Kirby. Universale e ruotabile a 360 gradi per un comfort d&#039;uso ottimale.    In magazzino   Ordinato prima della 23:59, spedito domani  &nbsp;\" \/>\n<meta property=\"og:url\" content=\"https:\/\/www.veltec.eu\/nl\/product\/kirby-eindstuk-slang-nl3048\/\" \/>\n<meta property=\"og:site_name\" content=\"Veltec Kirby specialist\" \/>\n<meta property=\"article:publisher\" content=\"https:\/\/www.facebook.com\/Veltec-Kirby-Specialist-236746293374877\/\" \/>\n<meta property=\"article:modified_time\" content=\"2026-03-04T12:04:36+00:00\" \/>\n<meta property=\"og:image\" content=\"https:\/\/www.veltec.eu\/wp-content\/uploads\/2018\/10\/kirby_eindstuk_slang.jpg\" \/>\n\t<meta property=\"og:image:width\" content=\"300\" \/>\n\t<meta property=\"og:image:height\" content=\"300\" \/>\n\t<meta property=\"og:image:type\" content=\"image\/jpeg\" \/>\n<meta name=\"twitter:card\" content=\"summary_large_image\" \/>\n<meta name=\"twitter:label1\" content=\"Tempo di lettura stimato\" \/>\n\t<meta name=\"twitter:data1\" content=\"3 minuti\" \/>\n<script type=\"application\/ld+json\" class=\"yoast-schema-graph\">{\"@context\":\"https:\\\/\\\/schema.org\",\"@graph\":[{\"@type\":\"WebPage\",\"@id\":\"https:\\\/\\\/www.veltec.eu\\\/nl\\\/product\\\/kirby-eindstuk-slang-nl3048\\\/\",\"url\":\"https:\\\/\\\/www.veltec.eu\\\/nl\\\/product\\\/kirby-eindstuk-slang-nl3048\\\/\",\"name\":\"Kirby Tubo terminale \u2013 Raccordo universale\",\"isPartOf\":{\"@id\":\"https:\\\/\\\/www.veltec.eu\\\/en\\\/#website\"},\"primaryImageOfPage\":{\"@id\":\"https:\\\/\\\/www.veltec.eu\\\/nl\\\/product\\\/kirby-eindstuk-slang-nl3048\\\/#primaryimage\"},\"image\":{\"@id\":\"https:\\\/\\\/www.veltec.eu\\\/nl\\\/product\\\/kirby-eindstuk-slang-nl3048\\\/#primaryimage\"},\"thumbnailUrl\":\"https:\\\/\\\/www.veltec.eu\\\/wp-content\\\/uploads\\\/2018\\\/10\\\/kirby_eindstuk_slang.jpg\",\"datePublished\":\"2018-10-26T11:16:39+00:00\",\"dateModified\":\"2026-03-04T12:04:36+00:00\",\"description\":\"Kirby Tubo Terminale per un collegamento saldo degli accessori. Adatto a tutti i modelli Kirby e costruzione girevole a 360\u00b0.\",\"breadcrumb\":{\"@id\":\"https:\\\/\\\/www.veltec.eu\\\/nl\\\/product\\\/kirby-eindstuk-slang-nl3048\\\/#breadcrumb\"},\"inLanguage\":\"it-IT\",\"potentialAction\":[{\"@type\":\"ReadAction\",\"target\":[\"https:\\\/\\\/www.veltec.eu\\\/nl\\\/product\\\/kirby-eindstuk-slang-nl3048\\\/\"]}]},{\"@type\":\"ImageObject\",\"inLanguage\":\"it-IT\",\"@id\":\"https:\\\/\\\/www.veltec.eu\\\/nl\\\/product\\\/kirby-eindstuk-slang-nl3048\\\/#primaryimage\",\"url\":\"https:\\\/\\\/www.veltec.eu\\\/wp-content\\\/uploads\\\/2018\\\/10\\\/kirby_eindstuk_slang.jpg\",\"contentUrl\":\"https:\\\/\\\/www.veltec.eu\\\/wp-content\\\/uploads\\\/2018\\\/10\\\/kirby_eindstuk_slang.jpg\",\"width\":300,\"height\":300,\"caption\":\"Kirby Tubo Terminale\"},{\"@type\":\"BreadcrumbList\",\"@id\":\"https:\\\/\\\/www.veltec.eu\\\/nl\\\/product\\\/kirby-eindstuk-slang-nl3048\\\/#breadcrumb\",\"itemListElement\":[{\"@type\":\"ListItem\",\"position\":1,\"name\":\"Home\",\"item\":\"https:\\\/\\\/www.veltec.eu\\\/it\\\/\"},{\"@type\":\"ListItem\",\"position\":2,\"name\":\"Kirby Shop\",\"item\":\"https:\\\/\\\/www.veltec.eu\\\/nl\\\/shop-page\\\/\"},{\"@type\":\"ListItem\",\"position\":3,\"name\":\"Kirby Tubo Terminale\"}]},{\"@type\":\"WebSite\",\"@id\":\"https:\\\/\\\/www.veltec.eu\\\/en\\\/#website\",\"url\":\"https:\\\/\\\/www.veltec.eu\\\/en\\\/\",\"name\":\"Veltec Kirby specialist\",\"description\":\"Kirby stofzuiger producten\",\"publisher\":{\"@id\":\"https:\\\/\\\/www.veltec.eu\\\/en\\\/#organization\"},\"potentialAction\":[{\"@type\":\"SearchAction\",\"target\":{\"@type\":\"EntryPoint\",\"urlTemplate\":\"https:\\\/\\\/www.veltec.eu\\\/en\\\/?s={search_term_string}\"},\"query-input\":{\"@type\":\"PropertyValueSpecification\",\"valueRequired\":true,\"valueName\":\"search_term_string\"}}],\"inLanguage\":\"it-IT\"},{\"@type\":\"Organization\",\"@id\":\"https:\\\/\\\/www.veltec.eu\\\/en\\\/#organization\",\"name\":\"Veltec Kirby Specialist\",\"url\":\"https:\\\/\\\/www.veltec.eu\\\/en\\\/\",\"logo\":{\"@type\":\"ImageObject\",\"inLanguage\":\"it-IT\",\"@id\":\"https:\\\/\\\/www.veltec.eu\\\/en\\\/#\\\/schema\\\/logo\\\/image\\\/\",\"url\":\"https:\\\/\\\/www.veltec.eu\\\/wp-content\\\/uploads\\\/2021\\\/12\\\/Veltec-log-groot-e1537260889125.png\",\"contentUrl\":\"https:\\\/\\\/www.veltec.eu\\\/wp-content\\\/uploads\\\/2021\\\/12\\\/Veltec-log-groot-e1537260889125.png\",\"width\":200,\"height\":60,\"caption\":\"Veltec Kirby Specialist\"},\"image\":{\"@id\":\"https:\\\/\\\/www.veltec.eu\\\/en\\\/#\\\/schema\\\/logo\\\/image\\\/\"},\"sameAs\":[\"https:\\\/\\\/www.facebook.com\\\/Veltec-Kirby-Specialist-236746293374877\\\/\",\"https:\\\/\\\/www.youtube.com\\\/user\\\/VeltecService\"]}]}<\/script>\n<!-- \/ Yoast SEO Premium plugin. -->","yoast_head_json":{"title":"Kirby Tubo terminale \u2013 Raccordo universale","description":"Kirby Tubo Terminale per un collegamento saldo degli accessori. Adatto a tutti i modelli Kirby e costruzione girevole a 360\u00b0.","robots":{"index":"index","follow":"follow","max-snippet":"max-snippet:-1","max-image-preview":"max-image-preview:large","max-video-preview":"max-video-preview:-1"},"canonical":"https:\/\/www.veltec.eu\/nl\/product\/kirby-eindstuk-slang-nl3048\/","og_locale":"it_IT","og_type":"article","og_title":"Kirby Tubo Terminale","og_description":"Il raccordo terminale per tubo Kirby garantisce un collegamento saldo e a tenuta d'aria dei vostri accessori Kirby. Universale e ruotabile a 360 gradi per un comfort d'uso ottimale.    In magazzino   Ordinato prima della 23:59, spedito domani  &nbsp;","og_url":"https:\/\/www.veltec.eu\/nl\/product\/kirby-eindstuk-slang-nl3048\/","og_site_name":"Veltec Kirby specialist","article_publisher":"https:\/\/www.facebook.com\/Veltec-Kirby-Specialist-236746293374877\/","article_modified_time":"2026-03-04T12:04:36+00:00","og_image":[{"width":300,"height":300,"url":"https:\/\/www.veltec.eu\/wp-content\/uploads\/2018\/10\/kirby_eindstuk_slang.jpg","type":"image\/jpeg"}],"twitter_card":"summary_large_image","twitter_misc":{"Tempo di lettura stimato":"3 minuti"},"schema":{"@context":"https:\/\/schema.org","@graph":[{"@type":"WebPage","@id":"https:\/\/www.veltec.eu\/nl\/product\/kirby-eindstuk-slang-nl3048\/","url":"https:\/\/www.veltec.eu\/nl\/product\/kirby-eindstuk-slang-nl3048\/","name":"Kirby Tubo terminale \u2013 Raccordo universale","isPartOf":{"@id":"https:\/\/www.veltec.eu\/en\/#website"},"primaryImageOfPage":{"@id":"https:\/\/www.veltec.eu\/nl\/product\/kirby-eindstuk-slang-nl3048\/#primaryimage"},"image":{"@id":"https:\/\/www.veltec.eu\/nl\/product\/kirby-eindstuk-slang-nl3048\/#primaryimage"},"thumbnailUrl":"https:\/\/www.veltec.eu\/wp-content\/uploads\/2018\/10\/kirby_eindstuk_slang.jpg","datePublished":"2018-10-26T11:16:39+00:00","dateModified":"2026-03-04T12:04:36+00:00","description":"Kirby Tubo Terminale per un collegamento saldo degli accessori. Adatto a tutti i modelli Kirby e costruzione girevole a 360\u00b0.","breadcrumb":{"@id":"https:\/\/www.veltec.eu\/nl\/product\/kirby-eindstuk-slang-nl3048\/#breadcrumb"},"inLanguage":"it-IT","potentialAction":[{"@type":"ReadAction","target":["https:\/\/www.veltec.eu\/nl\/product\/kirby-eindstuk-slang-nl3048\/"]}]},{"@type":"ImageObject","inLanguage":"it-IT","@id":"https:\/\/www.veltec.eu\/nl\/product\/kirby-eindstuk-slang-nl3048\/#primaryimage","url":"https:\/\/www.veltec.eu\/wp-content\/uploads\/2018\/10\/kirby_eindstuk_slang.jpg","contentUrl":"https:\/\/www.veltec.eu\/wp-content\/uploads\/2018\/10\/kirby_eindstuk_slang.jpg","width":300,"height":300,"caption":"Kirby Tubo Terminale"},{"@type":"BreadcrumbList","@id":"https:\/\/www.veltec.eu\/nl\/product\/kirby-eindstuk-slang-nl3048\/#breadcrumb","itemListElement":[{"@type":"ListItem","position":1,"name":"Home","item":"https:\/\/www.veltec.eu\/it\/"},{"@type":"ListItem","position":2,"name":"Kirby Shop","item":"https:\/\/www.veltec.eu\/nl\/shop-page\/"},{"@type":"ListItem","position":3,"name":"Kirby Tubo Terminale"}]},{"@type":"WebSite","@id":"https:\/\/www.veltec.eu\/en\/#website","url":"https:\/\/www.veltec.eu\/en\/","name":"Veltec Kirby specialist","description":"Kirby stofzuiger producten","publisher":{"@id":"https:\/\/www.veltec.eu\/en\/#organization"},"potentialAction":[{"@type":"SearchAction","target":{"@type":"EntryPoint","urlTemplate":"https:\/\/www.veltec.eu\/en\/?s={search_term_string}"},"query-input":{"@type":"PropertyValueSpecification","valueRequired":true,"valueName":"search_term_string"}}],"inLanguage":"it-IT"},{"@type":"Organization","@id":"https:\/\/www.veltec.eu\/en\/#organization","name":"Veltec Kirby Specialist","url":"https:\/\/www.veltec.eu\/en\/","logo":{"@type":"ImageObject","inLanguage":"it-IT","@id":"https:\/\/www.veltec.eu\/en\/#\/schema\/logo\/image\/","url":"https:\/\/www.veltec.eu\/wp-content\/uploads\/2021\/12\/Veltec-log-groot-e1537260889125.png","contentUrl":"https:\/\/www.veltec.eu\/wp-content\/uploads\/2021\/12\/Veltec-log-groot-e1537260889125.png","width":200,"height":60,"caption":"Veltec Kirby Specialist"},"image":{"@id":"https:\/\/www.veltec.eu\/en\/#\/schema\/logo\/image\/"},"sameAs":["https:\/\/www.facebook.com\/Veltec-Kirby-Specialist-236746293374877\/","https:\/\/www.youtube.com\/user\/VeltecService"]}]}},"_links":{"self":[{"href":"https:\/\/www.veltec.eu\/it\/wp-json\/wp\/v2\/product\/10706","targetHints":{"allow":["GET"]}}],"collection":[{"href":"https:\/\/www.veltec.eu\/it\/wp-json\/wp\/v2\/product"}],"about":[{"href":"https:\/\/www.veltec.eu\/it\/wp-json\/wp\/v2\/types\/product"}],"replies":[{"embeddable":true,"href":"https:\/\/www.veltec.eu\/it\/wp-json\/wp\/v2\/comments?post=10706"}],"wp:featuredmedia":[{"embeddable":true,"href":"https:\/\/www.veltec.eu\/it\/wp-json\/wp\/v2\/media\/8542"}],"wp:attachment":[{"href":"https:\/\/www.veltec.eu\/it\/wp-json\/wp\/v2\/media?parent=10706"}],"wp:term":[{"taxonomy":"product_brand","embeddable":true,"href":"https:\/\/www.veltec.eu\/it\/wp-json\/wp\/v2\/product_brand?post=10706"},{"taxonomy":"product_cat","embeddable":true,"href":"https:\/\/www.veltec.eu\/it\/wp-json\/wp\/v2\/product_cat?post=10706"},{"taxonomy":"product_tag","embeddable":true,"href":"https:\/\/www.veltec.eu\/it\/wp-json\/wp\/v2\/product_tag?post=10706"}],"curies":[{"name":"wp","href":"https:\/\/api.w.org\/{rel}","templated":true}]}}