{"id":10671,"date":"2018-10-26T13:37:35","date_gmt":"2018-10-26T11:37:35","guid":{"rendered":"https:\/\/www.veltec.eu\/kirby-webshop\/kirby-tubo-connettore-nl3159\/"},"modified":"2026-03-02T09:39:35","modified_gmt":"2026-03-02T07:39:35","slug":"kirby-tubo-connettore-nl3159","status":"publish","type":"product","link":"https:\/\/www.veltec.eu\/it\/product\/kirby-tubo-connettore-nl3159\/","title":{"rendered":"Kirby Tubo Connettore"},"content":{"rendered":"<article class=\"text-token-text-primary w-full focus:outline-none [--shadow-height:45px] has-data-writing-block:pointer-events-none has-data-writing-block:-mt-(--shadow-height) has-data-writing-block:pt-(--shadow-height) [&amp;:has([data-writing-block])&gt;*]:pointer-events-auto scroll-mt-[calc(var(--header-height)+min(200px,max(70px,20svh)))]\" dir=\"auto\" tabindex=\"-1\" data-turn-id=\"request-WEB:023e45d2-0ec0-4ea3-b036-ab014f2e4cdc-0\" data-testid=\"conversation-turn-2\" data-scroll-anchor=\"false\" data-turn=\"assistant\">\n<div class=\"text-base my-auto mx-auto [--thread-content-margin:--spacing(4)] @w-sm\/main:[--thread-content-margin:--spacing(6)] @w-lg\/main:[--thread-content-margin:--spacing(16)] px-(--thread-content-margin)\">\n<div class=\"[--thread-content-max-width:40rem] @w-lg\/main:[--thread-content-max-width:48rem] mx-auto max-w-(--thread-content-max-width) flex-1 group\/turn-messages focus-visible:outline-hidden relative flex w-full min-w-0 flex-col agent-turn\" tabindex=\"-1\">\n<div class=\"flex max-w-full flex-col grow\">\n<div class=\"min-h-8 text-message relative flex w-full flex-col items-end gap-2 text-start break-words whitespace-normal [.text-message+&amp;]:mt-1\" dir=\"auto\" data-message-author-role=\"assistant\" data-message-id=\"27e2529e-5f5d-424c-9621-3341a4b21ffd\" data-message-model-slug=\"gpt-5-2\">\n<div class=\"flex w-full flex-col gap-1 empty:hidden first:pt-[1px]\">\n<div class=\"markdown prose dark:prose-invert w-full wrap-break-word light markdown-new-styling\">\n<h1 data-start=\"0\" data-end=\"25\">Kirby Tubo Connettore<\/h1>\n<p data-start=\"26\" data-end=\"245\">Il Kirby Tubo Connettore garantisce un collegamento solido e sicuro tra il tubo dell&#8217;aspirapolvere Kirby e la macchina. In questo modo, l&#8217;aspirapolvere Kirby mantiene una potenza di aspirazione ottimale e tutti gli accessori funzionano perfettamente insieme.<\/p>\n<h2 data-start=\"247\" data-end=\"295\">Collegamento affidabile per il tubo flessibile Kirby<\/h2>\n<p data-start=\"296\" data-end=\"585\">Questo connettore \u00e8 stato appositamente progettato per collegare correttamente il tubo dell&#8217;aspirapolvere all&#8217;aspirapolvere Kirby. In questo modo si evita che il tubo si stacchi durante la pulizia e il flusso d&#8217;aria rimane completamente intatto. Grazie al suo accoppiamento preciso, il componente si adatta perfettamente alla macchina.<\/p>\n<p data-start=\"587\" data-end=\"952\">Inoltre, questo raccordo garantisce un fissaggio stabile, consentendo di lavorare senza interruzioni. Ci\u00f2 \u00e8 particolarmente importante in caso di uso intensivo o quando si puliscono pi\u00f9 superfici consecutive. \u00c8 possibile combinare questo componente con il <a href=\"https:\/\/www.veltec.eu\/it\/kirby-tubo-accessori\/\" target=\"_blank\" rel=\"noopener\">tubo flessibile dell&#8217;aspirapolvere Kirby<\/a> per ottenere una soluzione completa e affidabile.<\/p>\n<h4 data-start=\"781\" data-end=\"800\">Compatibile con:<\/h4>\n<ul data-start=\"802\" data-end=\"1039\">\n<li data-start=\"802\" data-end=\"821\">Avalir Platinum<\/li>\n<li data-start=\"822\" data-end=\"834\">Avalir 2<\/li>\n<li data-start=\"835\" data-end=\"847\">Avalir 1<\/li>\n<li data-start=\"848\" data-end=\"868\">Sentria 2 (G10D)<\/li>\n<li data-start=\"869\" data-end=\"888\">Sentria 1 (G10)<\/li>\n<li data-start=\"889\" data-end=\"928\">Ultimate G Diamond Edition (G7D\/DE)<\/li>\n<li data-start=\"929\" data-end=\"951\">Ultimate G (G7\/UG)<\/li>\n<li data-start=\"952\" data-end=\"973\">Generation 6 (G6)<\/li>\n<li data-start=\"974\" data-end=\"995\">Generation 5 (G5)<\/li>\n<li data-start=\"996\" data-end=\"1017\">Generation 4 (G4)<\/li>\n<li data-start=\"1018\" data-end=\"1039\">Generation 3 (G3)<\/li>\n<\/ul>\n<h2 data-start=\"1046\" data-end=\"1112\">Che cos&#8217;\u00e8 il connettore per tubo flessibile Kirby e perch\u00e9 \u00e8 importante?<\/h2>\n<p data-start=\"1113\" data-end=\"1364\">Il connettore del tubo flessibile costituisce il raccordo essenziale tra il tubo flessibile e l&#8217;aspirapolvere. In questo modo il collegamento rimane ermetico e stabile durante ogni utilizzo. Se il connettore \u00e8 mancante o usurato, infatti, si pu\u00f2 verificare una perdita di potenza di aspirazione.<\/p>\n<p data-start=\"1366\" data-end=\"1630\">Inoltre, questo componente impedisce il gioco indesiderato. In questo modo il vostro Kirby funziona in modo pi\u00f9 efficiente e noterete immediatamente la differenza durante l&#8217;aspirazione. Volete saperne di pi\u00f9 sui tubi flessibili e sugli accessori? Date un&#8217;occhiata al blog: <a href=\"https:\/\/www.servizio-aspirapolvere-kirby.it\/tubo-flessibile-per-aspirapolvere-kirby\/\" target=\"_blank\" rel=\"noopener\">Tutto sui tubi flessibili per aspirapolvere Kirby<\/a><\/p>\n<h3 data-start=\"1637\" data-end=\"1687\">Scegliere il tubo flessibile del connettore in base al modello Kirby<\/h3>\n<p data-start=\"1688\" data-end=\"1918\">Sebbene il tubo flessibile con connettore Kirby sembri universale, \u00e8 importante selezionare il tipo corretto. Per i modelli G3 e G4 esiste infatti una versione specifica, mentre i modelli da G5 ad Avalir utilizzano una variante diversa.<\/p>\n<p data-start=\"1920\" data-end=\"2043\">Pertanto, \u00e8 consigliabile controllare il modello in anticipo. In questo modo si evitano resi e si garantisce un funzionamento ottimale.<\/p>\n<p data-start=\"2239\" data-end=\"2295\">Guarda anche il video illustrativo per ulteriori indicazioni sul montaggio:<\/p>\n<p data-start=\"2239\" data-end=\"2295\"><div  class='avia-video av-unique1-9b1daa4a125bbfe63d67ad89317f7da5 avia-video-16-9 av-no-preview-image avia-video-load-always av-lazyload-immediate av-lazyload-video-embed'  itemprop=\"video\" itemtype=\"https:\/\/schema.org\/VideoObject\"  data-original_url='https:\/\/youtu.be\/7jtxtBqoSE4?list=UULF-xfmletLNRpv4lLhuytt3A'><script type='text\/html' class='av-video-tmpl'><div class='avia-iframe-wrap'><iframe loading=\"lazy\" title=\"Veltec Kirby - Sostituire l&#039;attacco del tubo flessibile Kirby\" width=\"1500\" height=\"844\" src=\"https:\/\/www.youtube.com\/embed\/7jtxtBqoSE4?list=UULF-xfmletLNRpv4lLhuytt3A&autoplay=0&loop=0&controls=1&mute=0\" frameborder=\"0\" allow=\"accelerometer; autoplay; clipboard-write; encrypted-media; gyroscope; picture-in-picture; web-share\" referrerpolicy=\"strict-origin-when-cross-origin\" allowfullscreen><\/iframe><\/div><\/script><div class='av-click-to-play-overlay'><div class=\"avia_playpause_icon\"><\/div><\/div><\/div><\/p>\n<h2 data-start=\"2302\" data-end=\"2356\">Vantaggi di un tubo flessibile originale Kirby Connector<\/h2>\n<p data-start=\"2357\" data-end=\"2678\">Un raccordo per tubi flessibili Kirby originale offre chiari vantaggi rispetto ai ricambi non originali. Innanzitutto, garantisce un accoppiamento perfetto, poich\u00e9 \u00e8 prodotto esattamente secondo le specifiche Kirby. Inoltre, il materiale ha una durata notevolmente maggiore, riducendo la necessit\u00e0 di sostituzioni.<\/p>\n<p data-start=\"2680\" data-end=\"2870\">Inoltre, utilizzando ricambi originali, il vostro aspirapolvere Kirby rimarr\u00e0 sempre in condizioni ottimali. In questo modo eviterete perdite di potenza e manterrete le prestazioni elevate per cui Kirby \u00e8 famoso.<\/p>\n<h3 data-start=\"2872\" data-end=\"2900\">Vantaggi principali:<\/h3>\n<ul data-start=\"2902\" data-end=\"3047\">\n<li data-start=\"2902\" data-end=\"2938\">Ottima tenuta ermetica<\/li>\n<li data-start=\"2902\" data-end=\"2938\">Mantenimento della massima potenza di aspirazione<\/li>\n<li data-start=\"2902\" data-end=\"2938\">Lunga durata<\/li>\n<li data-start=\"2902\" data-end=\"2938\">Perfetta compatibilit\u00e0<\/li>\n<li data-start=\"2902\" data-end=\"2938\">Funzionamento affidabile<\/li>\n<\/ul>\n<h2>Piccolo investimento, grande risultato<\/h2>\n<p data-start=\"3118\" data-end=\"3407\">Sebbene il tubo flessibile con connettore Kirby sia un componente compatto, ha un grande impatto sulle prestazioni dell&#8217;aspirapolvere. Pertanto, \u00e8 fondamentale sostituirlo tempestivamente quando si usura. Con il connettore giusto, il vostro Kirby continuer\u00e0 a funzionare senza intoppi ed eviterete inutili perdite di potenza.<\/p>\n<p data-start=\"3409\" data-end=\"3534\" data-is-last-node=\"\" data-is-only-node=\"\">In breve, questo pratico accessorio \u00e8 un investimento intelligente per chiunque desideri mantenere il proprio aspirapolvere Kirby in perfette condizioni.<\/p>\n<\/div>\n<\/div>\n<\/div>\n<\/div>\n<\/div>\n<\/div>\n<\/article>\n","protected":false},"excerpt":{"rendered":"<p>Il connettore per tubo Kirby garantisce un collegamento saldo e a tenuta d&#8217;aria tra il tubo e l&#8217;aspirapolvere Kirby. Adatto a diversi modelli Kirby e ideale per mantenere una potenza di aspirazione ottimale.<\/p>\n[trustindex data-widget-id=de4365f24f22281a6b165ed75b0]\n<h3><span style=\"color: #008000;\"><br \/>\nIn magazzino<\/span><\/h3>\n[av_font_icon icon='ue812' font='entypo-fontello' style='' caption='' size='25px' position='left' color='#43ad66' link='' linktarget='' title_attr='' sonar_effect_effect='' sonar_effect_color='' sonar_effect_duration='1' sonar_effect_scale='' sonar_effect_opac='0.5' animation='' id='' custom_class='' template_class='' av_uid='' sc_version='1.0' admin_preview_bg=''][\/av_font_icon]\n<p><span style=\"color: #008000;\">Ordinato prima della 23:59, spedito domani<\/span><\/p>\n<p>&nbsp;<\/p>\n","protected":false},"featured_media":8573,"comment_status":"open","ping_status":"closed","template":"","meta":[],"product_brand":[],"product_cat":[321],"product_tag":[],"class_list":{"0":"post-10671","1":"product","2":"type-product","3":"status-publish","4":"has-post-thumbnail","6":"product_cat-kirby-tubo-accessori","7":"product_shipping_class-klein-it","9":"first","10":"instock","11":"taxable","12":"shipping-taxable","13":"purchasable","14":"product-type-variable"},"yoast_head":"<!-- This site is optimized with the Yoast SEO Premium plugin v27.1 (Yoast SEO v27.3) - https:\/\/yoast.com\/product\/yoast-seo-premium-wordpress\/ -->\n<title>Kirby Tubo Connettore | Raccordo tubo originale<\/title>\n<meta name=\"description\" content=\"Kirby Tubo Connettore originale per un fissaggio saldo. Adatto a tutti i modelli Kirby e mantiene la massima potenza di aspirazione.\" \/>\n<meta name=\"robots\" content=\"index, follow, max-snippet:-1, max-image-preview:large, max-video-preview:-1\" \/>\n<link rel=\"canonical\" href=\"https:\/\/www.veltec.eu\/it\/product\/kirby-tubo-connettore-nl3159\/\" \/>\n<meta property=\"og:locale\" content=\"it_IT\" \/>\n<meta property=\"og:type\" content=\"article\" \/>\n<meta property=\"og:title\" content=\"Kirby Tubo Connettore\" \/>\n<meta property=\"og:description\" content=\"Il connettore per tubo Kirby garantisce un collegamento saldo e a tenuta d&#039;aria tra il tubo e l&#039;aspirapolvere Kirby. Adatto a diversi modelli Kirby e ideale per mantenere una potenza di aspirazione ottimale.    In magazzino   Ordinato prima della 23:59, spedito domani  &nbsp;\" \/>\n<meta property=\"og:url\" content=\"https:\/\/www.veltec.eu\/it\/product\/kirby-tubo-connettore-nl3159\/\" \/>\n<meta property=\"og:site_name\" content=\"Veltec Kirby specialist\" \/>\n<meta property=\"article:publisher\" content=\"https:\/\/www.facebook.com\/Veltec-Kirby-Specialist-236746293374877\/\" \/>\n<meta property=\"article:modified_time\" content=\"2026-03-02T07:39:35+00:00\" \/>\n<meta property=\"og:image\" content=\"https:\/\/www.veltec.eu\/wp-content\/uploads\/2018\/10\/kirby_connector_slang.jpg\" \/>\n\t<meta property=\"og:image:width\" content=\"300\" \/>\n\t<meta property=\"og:image:height\" content=\"300\" \/>\n\t<meta property=\"og:image:type\" content=\"image\/jpeg\" \/>\n<meta name=\"twitter:card\" content=\"summary_large_image\" \/>\n<meta name=\"twitter:label1\" content=\"Tempo di lettura stimato\" \/>\n\t<meta name=\"twitter:data1\" content=\"3 minuti\" \/>\n<script type=\"application\/ld+json\" class=\"yoast-schema-graph\">{\"@context\":\"https:\\\/\\\/schema.org\",\"@graph\":[{\"@type\":\"WebPage\",\"@id\":\"https:\\\/\\\/www.veltec.eu\\\/it\\\/product\\\/kirby-tubo-connettore-nl3159\\\/\",\"url\":\"https:\\\/\\\/www.veltec.eu\\\/it\\\/product\\\/kirby-tubo-connettore-nl3159\\\/\",\"name\":\"Kirby Tubo Connettore | Raccordo tubo originale\",\"isPartOf\":{\"@id\":\"https:\\\/\\\/www.veltec.eu\\\/en\\\/#website\"},\"primaryImageOfPage\":{\"@id\":\"https:\\\/\\\/www.veltec.eu\\\/it\\\/product\\\/kirby-tubo-connettore-nl3159\\\/#primaryimage\"},\"image\":{\"@id\":\"https:\\\/\\\/www.veltec.eu\\\/it\\\/product\\\/kirby-tubo-connettore-nl3159\\\/#primaryimage\"},\"thumbnailUrl\":\"https:\\\/\\\/www.veltec.eu\\\/wp-content\\\/uploads\\\/2018\\\/10\\\/kirby_connector_slang.jpg\",\"datePublished\":\"2018-10-26T11:37:35+00:00\",\"dateModified\":\"2026-03-02T07:39:35+00:00\",\"description\":\"Kirby Tubo Connettore originale per un fissaggio saldo. Adatto a tutti i modelli Kirby e mantiene la massima potenza di aspirazione.\",\"breadcrumb\":{\"@id\":\"https:\\\/\\\/www.veltec.eu\\\/it\\\/product\\\/kirby-tubo-connettore-nl3159\\\/#breadcrumb\"},\"inLanguage\":\"it-IT\",\"potentialAction\":[{\"@type\":\"ReadAction\",\"target\":[\"https:\\\/\\\/www.veltec.eu\\\/it\\\/product\\\/kirby-tubo-connettore-nl3159\\\/\"]}]},{\"@type\":\"ImageObject\",\"inLanguage\":\"it-IT\",\"@id\":\"https:\\\/\\\/www.veltec.eu\\\/it\\\/product\\\/kirby-tubo-connettore-nl3159\\\/#primaryimage\",\"url\":\"https:\\\/\\\/www.veltec.eu\\\/wp-content\\\/uploads\\\/2018\\\/10\\\/kirby_connector_slang.jpg\",\"contentUrl\":\"https:\\\/\\\/www.veltec.eu\\\/wp-content\\\/uploads\\\/2018\\\/10\\\/kirby_connector_slang.jpg\",\"width\":300,\"height\":300,\"caption\":\"Kirby Tubo Connettore\"},{\"@type\":\"BreadcrumbList\",\"@id\":\"https:\\\/\\\/www.veltec.eu\\\/it\\\/product\\\/kirby-tubo-connettore-nl3159\\\/#breadcrumb\",\"itemListElement\":[{\"@type\":\"ListItem\",\"position\":1,\"name\":\"Home\",\"item\":\"https:\\\/\\\/www.veltec.eu\\\/it\\\/\"},{\"@type\":\"ListItem\",\"position\":2,\"name\":\"Produits\",\"item\":\"https:\\\/\\\/www.veltec.eu\\\/fr\\\/shop\\\/\"},{\"@type\":\"ListItem\",\"position\":3,\"name\":\"Kirby Tubo Connettore\"}]},{\"@type\":\"WebSite\",\"@id\":\"https:\\\/\\\/www.veltec.eu\\\/en\\\/#website\",\"url\":\"https:\\\/\\\/www.veltec.eu\\\/en\\\/\",\"name\":\"Veltec Kirby specialist\",\"description\":\"Kirby stofzuiger producten\",\"publisher\":{\"@id\":\"https:\\\/\\\/www.veltec.eu\\\/en\\\/#organization\"},\"potentialAction\":[{\"@type\":\"SearchAction\",\"target\":{\"@type\":\"EntryPoint\",\"urlTemplate\":\"https:\\\/\\\/www.veltec.eu\\\/en\\\/?s={search_term_string}\"},\"query-input\":{\"@type\":\"PropertyValueSpecification\",\"valueRequired\":true,\"valueName\":\"search_term_string\"}}],\"inLanguage\":\"it-IT\"},{\"@type\":\"Organization\",\"@id\":\"https:\\\/\\\/www.veltec.eu\\\/en\\\/#organization\",\"name\":\"Veltec Kirby Specialist\",\"url\":\"https:\\\/\\\/www.veltec.eu\\\/en\\\/\",\"logo\":{\"@type\":\"ImageObject\",\"inLanguage\":\"it-IT\",\"@id\":\"https:\\\/\\\/www.veltec.eu\\\/en\\\/#\\\/schema\\\/logo\\\/image\\\/\",\"url\":\"https:\\\/\\\/www.veltec.eu\\\/wp-content\\\/uploads\\\/2021\\\/12\\\/Veltec-log-groot-e1537260889125.png\",\"contentUrl\":\"https:\\\/\\\/www.veltec.eu\\\/wp-content\\\/uploads\\\/2021\\\/12\\\/Veltec-log-groot-e1537260889125.png\",\"width\":200,\"height\":60,\"caption\":\"Veltec Kirby Specialist\"},\"image\":{\"@id\":\"https:\\\/\\\/www.veltec.eu\\\/en\\\/#\\\/schema\\\/logo\\\/image\\\/\"},\"sameAs\":[\"https:\\\/\\\/www.facebook.com\\\/Veltec-Kirby-Specialist-236746293374877\\\/\",\"https:\\\/\\\/www.youtube.com\\\/user\\\/VeltecService\"]}]}<\/script>\n<!-- \/ Yoast SEO Premium plugin. -->","yoast_head_json":{"title":"Kirby Tubo Connettore | Raccordo tubo originale","description":"Kirby Tubo Connettore originale per un fissaggio saldo. Adatto a tutti i modelli Kirby e mantiene la massima potenza di aspirazione.","robots":{"index":"index","follow":"follow","max-snippet":"max-snippet:-1","max-image-preview":"max-image-preview:large","max-video-preview":"max-video-preview:-1"},"canonical":"https:\/\/www.veltec.eu\/it\/product\/kirby-tubo-connettore-nl3159\/","og_locale":"it_IT","og_type":"article","og_title":"Kirby Tubo Connettore","og_description":"Il connettore per tubo Kirby garantisce un collegamento saldo e a tenuta d'aria tra il tubo e l'aspirapolvere Kirby. Adatto a diversi modelli Kirby e ideale per mantenere una potenza di aspirazione ottimale.    In magazzino   Ordinato prima della 23:59, spedito domani  &nbsp;","og_url":"https:\/\/www.veltec.eu\/it\/product\/kirby-tubo-connettore-nl3159\/","og_site_name":"Veltec Kirby specialist","article_publisher":"https:\/\/www.facebook.com\/Veltec-Kirby-Specialist-236746293374877\/","article_modified_time":"2026-03-02T07:39:35+00:00","og_image":[{"width":300,"height":300,"url":"https:\/\/www.veltec.eu\/wp-content\/uploads\/2018\/10\/kirby_connector_slang.jpg","type":"image\/jpeg"}],"twitter_card":"summary_large_image","twitter_misc":{"Tempo di lettura stimato":"3 minuti"},"schema":{"@context":"https:\/\/schema.org","@graph":[{"@type":"WebPage","@id":"https:\/\/www.veltec.eu\/it\/product\/kirby-tubo-connettore-nl3159\/","url":"https:\/\/www.veltec.eu\/it\/product\/kirby-tubo-connettore-nl3159\/","name":"Kirby Tubo Connettore | Raccordo tubo originale","isPartOf":{"@id":"https:\/\/www.veltec.eu\/en\/#website"},"primaryImageOfPage":{"@id":"https:\/\/www.veltec.eu\/it\/product\/kirby-tubo-connettore-nl3159\/#primaryimage"},"image":{"@id":"https:\/\/www.veltec.eu\/it\/product\/kirby-tubo-connettore-nl3159\/#primaryimage"},"thumbnailUrl":"https:\/\/www.veltec.eu\/wp-content\/uploads\/2018\/10\/kirby_connector_slang.jpg","datePublished":"2018-10-26T11:37:35+00:00","dateModified":"2026-03-02T07:39:35+00:00","description":"Kirby Tubo Connettore originale per un fissaggio saldo. Adatto a tutti i modelli Kirby e mantiene la massima potenza di aspirazione.","breadcrumb":{"@id":"https:\/\/www.veltec.eu\/it\/product\/kirby-tubo-connettore-nl3159\/#breadcrumb"},"inLanguage":"it-IT","potentialAction":[{"@type":"ReadAction","target":["https:\/\/www.veltec.eu\/it\/product\/kirby-tubo-connettore-nl3159\/"]}]},{"@type":"ImageObject","inLanguage":"it-IT","@id":"https:\/\/www.veltec.eu\/it\/product\/kirby-tubo-connettore-nl3159\/#primaryimage","url":"https:\/\/www.veltec.eu\/wp-content\/uploads\/2018\/10\/kirby_connector_slang.jpg","contentUrl":"https:\/\/www.veltec.eu\/wp-content\/uploads\/2018\/10\/kirby_connector_slang.jpg","width":300,"height":300,"caption":"Kirby Tubo Connettore"},{"@type":"BreadcrumbList","@id":"https:\/\/www.veltec.eu\/it\/product\/kirby-tubo-connettore-nl3159\/#breadcrumb","itemListElement":[{"@type":"ListItem","position":1,"name":"Home","item":"https:\/\/www.veltec.eu\/it\/"},{"@type":"ListItem","position":2,"name":"Produits","item":"https:\/\/www.veltec.eu\/fr\/shop\/"},{"@type":"ListItem","position":3,"name":"Kirby Tubo Connettore"}]},{"@type":"WebSite","@id":"https:\/\/www.veltec.eu\/en\/#website","url":"https:\/\/www.veltec.eu\/en\/","name":"Veltec Kirby specialist","description":"Kirby stofzuiger producten","publisher":{"@id":"https:\/\/www.veltec.eu\/en\/#organization"},"potentialAction":[{"@type":"SearchAction","target":{"@type":"EntryPoint","urlTemplate":"https:\/\/www.veltec.eu\/en\/?s={search_term_string}"},"query-input":{"@type":"PropertyValueSpecification","valueRequired":true,"valueName":"search_term_string"}}],"inLanguage":"it-IT"},{"@type":"Organization","@id":"https:\/\/www.veltec.eu\/en\/#organization","name":"Veltec Kirby Specialist","url":"https:\/\/www.veltec.eu\/en\/","logo":{"@type":"ImageObject","inLanguage":"it-IT","@id":"https:\/\/www.veltec.eu\/en\/#\/schema\/logo\/image\/","url":"https:\/\/www.veltec.eu\/wp-content\/uploads\/2021\/12\/Veltec-log-groot-e1537260889125.png","contentUrl":"https:\/\/www.veltec.eu\/wp-content\/uploads\/2021\/12\/Veltec-log-groot-e1537260889125.png","width":200,"height":60,"caption":"Veltec Kirby Specialist"},"image":{"@id":"https:\/\/www.veltec.eu\/en\/#\/schema\/logo\/image\/"},"sameAs":["https:\/\/www.facebook.com\/Veltec-Kirby-Specialist-236746293374877\/","https:\/\/www.youtube.com\/user\/VeltecService"]}]}},"_links":{"self":[{"href":"https:\/\/www.veltec.eu\/it\/wp-json\/wp\/v2\/product\/10671","targetHints":{"allow":["GET"]}}],"collection":[{"href":"https:\/\/www.veltec.eu\/it\/wp-json\/wp\/v2\/product"}],"about":[{"href":"https:\/\/www.veltec.eu\/it\/wp-json\/wp\/v2\/types\/product"}],"replies":[{"embeddable":true,"href":"https:\/\/www.veltec.eu\/it\/wp-json\/wp\/v2\/comments?post=10671"}],"wp:featuredmedia":[{"embeddable":true,"href":"https:\/\/www.veltec.eu\/it\/wp-json\/wp\/v2\/media\/8573"}],"wp:attachment":[{"href":"https:\/\/www.veltec.eu\/it\/wp-json\/wp\/v2\/media?parent=10671"}],"wp:term":[{"taxonomy":"product_brand","embeddable":true,"href":"https:\/\/www.veltec.eu\/it\/wp-json\/wp\/v2\/product_brand?post=10671"},{"taxonomy":"product_cat","embeddable":true,"href":"https:\/\/www.veltec.eu\/it\/wp-json\/wp\/v2\/product_cat?post=10671"},{"taxonomy":"product_tag","embeddable":true,"href":"https:\/\/www.veltec.eu\/it\/wp-json\/wp\/v2\/product_tag?post=10671"}],"curies":[{"name":"wp","href":"https:\/\/api.w.org\/{rel}","templated":true}]}}