{"id":10616,"date":"2018-10-26T13:48:17","date_gmt":"2018-10-26T11:48:17","guid":{"rendered":"https:\/\/www.veltec.eu\/kirby-webshop\/kirby-tubo-aspirapolvere-2mt-nl3167\/"},"modified":"2026-03-02T07:56:53","modified_gmt":"2026-03-02T05:56:53","slug":"kirby-tubo-aspirapolvere-2mt-nl3167","status":"publish","type":"product","link":"https:\/\/www.veltec.eu\/it\/product\/kirby-tubo-aspirapolvere-2mt-nl3167\/","title":{"rendered":"Kirby Tubo aspirapolvere 2mt"},"content":{"rendered":"<div class=\"text-base my-auto mx-auto [--thread-content-margin:--spacing(4)] @w-sm\/main:[--thread-content-margin:--spacing(6)] @w-lg\/main:[--thread-content-margin:--spacing(16)] px-(--thread-content-margin)\">\n<div class=\"[--thread-content-max-width:40rem] @w-lg\/main:[--thread-content-max-width:48rem] mx-auto max-w-(--thread-content-max-width) flex-1 group\/turn-messages focus-visible:outline-hidden relative flex w-full min-w-0 flex-col agent-turn\" tabindex=\"-1\">\n<div class=\"flex max-w-full flex-col grow\">\n<div class=\"min-h-8 text-message relative flex w-full flex-col items-end gap-2 text-start break-words whitespace-normal [.text-message+&amp;]:mt-1\" dir=\"auto\" data-message-author-role=\"assistant\" data-message-id=\"df68aceb-1f1e-4a47-95ac-9d83deff8a2a\" data-message-model-slug=\"gpt-5-2\">\n<div class=\"flex w-full flex-col gap-1 empty:hidden first:pt-[1px]\">\n<div class=\"markdown prose dark:prose-invert w-full wrap-break-word light markdown-new-styling\">\n<h1 data-start=\"0\" data-end=\"30\">Kirby Tubo aspirapolvere 2mt<\/h1>\n<p data-start=\"31\" data-end=\"275\">Immediatamente pronto per un uso intensivo, il Kirby Tubo aspirapolvere 2mt viene fornito completo di attacchi anteriori e posteriori. In questo modo potrete beneficiare immediatamente di un collegamento affidabile e di un flusso d&#8217;aria ottimale durante l&#8217;aspirazione.<\/p>\n<h2 data-start=\"277\" data-end=\"333\">Tubo flessibile per aspirapolvere per la massima portata<\/h2>\n<p data-start=\"334\" data-end=\"667\">Innanzitutto, il Kirby Tubo aspirapolvere 2mt offre una lunghezza di due metri, garantendo una libert\u00e0 di movimento notevolmente maggiore. Ci\u00f2 consente di pulire senza fatica scale, soffitti e angoli senza dover cambiare continuamente presa di corrente. Inoltre, la struttura flessibile consente di pulire pi\u00f9 rapidamente i punti difficili da raggiungere.<\/p>\n<p data-start=\"669\" data-end=\"978\">Inoltre, questo tubo universale \u00e8 adatto praticamente a tutti gli aspirapolvere Kirby, consentendovi di iniziare subito senza bisogno di modifiche. Date un&#8217;occhiata anche ai nostri <a href=\"https:\/\/www.veltec.eu\/it\/kirby-accessori\/\" target=\"_blank\" rel=\"noopener\">accessori Kirby<\/a> per una soluzione di pulizia completa. Per ulteriori informazioni, consultate anche la guida esterna: <a href=\"https:\/\/www.servizio-aspirapolvere-kirby.it\/tubo-flessibile-per-aspirapolvere-kirby\/\" target=\"_blank\" rel=\"noopener\">Tutto sul Il tubo flessibile per aspirapolvere Kirby<\/a><\/p>\n<h3 data-start=\"980\" data-end=\"1028\">Tubo flessibile compatibile con aspirapolvere Kirby<\/h3>\n<p data-start=\"1029\" data-end=\"1135\">Progettato appositamente per un ampio utilizzo, il tubo flessibile per aspirapolvere da 2 metri \u00e8 compatibile con i seguenti modelli:<\/p>\n<ul data-start=\"1136\" data-end=\"1373\">\n<li data-start=\"1136\" data-end=\"1155\">Avalir Platinum<\/li>\n<li data-start=\"1156\" data-end=\"1168\">Avalir 2<\/li>\n<li data-start=\"1169\" data-end=\"1181\">Avalir 1<\/li>\n<li data-start=\"1182\" data-end=\"1202\">Sentria 2 (G10D)<\/li>\n<li data-start=\"1203\" data-end=\"1222\">Sentria 1 (G10)<\/li>\n<li data-start=\"1223\" data-end=\"1262\">Ultimate G Diamond Edition (G7D\/DE)<\/li>\n<li data-start=\"1263\" data-end=\"1285\">Ultimate G (G7\/UG)<\/li>\n<li data-start=\"1286\" data-end=\"1307\">Generation 6 (G6)<\/li>\n<li data-start=\"1308\" data-end=\"1329\">Generation 5 (G5)<\/li>\n<li data-start=\"1330\" data-end=\"1351\">Generation 4 (G4)<\/li>\n<li data-start=\"1352\" data-end=\"1373\">Generation 3 (G3)<\/li>\n<\/ul>\n<p data-start=\"1375\" data-end=\"1460\">In questo modo avrete la certezza di un tubo Kirby universale che si adatta perfettamente al vostro aspirapolvere.<\/p>\n<h2 data-start=\"1462\" data-end=\"1518\">Tubo flessibile per aspirapolvere Kirby: resistente e affidabile<\/h2>\n<p data-start=\"1519\" data-end=\"1819\">Il tubo flessibile per aspirapolvere Kirby da 2 metri non solo \u00e8 flessibile, ma \u00e8 anche realizzato in materiale robusto che garantisce prestazioni durature. Ci\u00f2 rende il tubo resistente all&#8217;uso domestico intensivo. Inoltre, la sua struttura robusta impedisce perdite d&#8217;aria e allentamenti durante l&#8217;aspirazione.<\/p>\n<p data-start=\"1821\" data-end=\"2026\">Kirby \u00e8 inoltre rinomata per la sua qualit\u00e0, il che rende questo tubo originale Kirby un investimento intelligente. Per una potenza di aspirazione ottimale, \u00e8 possibile abbinare il tubo a un nuovo <a href=\"https:\/\/www.veltec.eu\/it\/sacchetti-per-aspirapolvere-kirby\/\" target=\"_blank\" rel=\"noopener\">sacchetto per aspirapolvere Kirby<\/a>.<\/p>\n<h3 data-start=\"2028\" data-end=\"2079\">Tubo flessibile per aspirapolvere facile da montare<\/h3>\n<p data-start=\"2080\" data-end=\"2371\">Fortunatamente, il tubo flessibile per aspirapolvere Kirby da 2 metri si monta rapidamente e senza attrezzi, quindi l&#8217;installazione richiede solo pochi secondi. Ci\u00f2 significa che qualsiasi utente pu\u00f2 sostituire il tubo senza problemi. Inoltre, la manutenzione \u00e8 semplice, poich\u00e9 l&#8217;interno liscio aiuta a prevenire gli intasamenti.<\/p>\n<h2 data-start=\"2490\" data-end=\"2546\">Tubo aspirapolvere per una pulizia igienica<\/h2>\n<p data-start=\"2547\" data-end=\"2826\">Poich\u00e9 il tubo flessibile per aspirapolvere Kirby supporta un flusso d&#8217;aria costante, \u00e8 possibile rimuovere efficacemente polvere, allergeni e particelle di sporco. Ci\u00f2 migliora notevolmente la qualit\u00e0 dell&#8217;aria all&#8217;interno della casa. Questo \u00e8 un vantaggio importante soprattutto per le famiglie con animali domestici o persone allergiche.<\/p>\n<p data-start=\"2828\" data-end=\"2991\">Inoltre, grazie alla maggiore lunghezza, potrete lavorare in modo pi\u00f9 rapido ed efficiente, riducendo i tempi di pulizia. In questo modo avrete pi\u00f9 tempo a disposizione per altre attivit\u00e0.<\/p>\n<h3 data-start=\"2993\" data-end=\"3038\">Kirby Tubo aspirapolvere consigli per l&#8217;uso<\/h3>\n<p data-start=\"3039\" data-end=\"3320\">Per ottenere prestazioni ottimali, controllare regolarmente il tubo flessibile dell&#8217;aspirapolvere Kirby da 2 metri per verificare che non presenti ostruzioni o segni di usura. Inoltre, per evitare danni, non aspirare oggetti caldi o taglienti. Infine, un uso corretto prolunga la durata sia del tubo flessibile che dell&#8217;aspirapolvere Kirby.<\/p>\n<p data-start=\"3322\" data-end=\"3473\" data-is-last-node=\"\" data-is-only-node=\"\">In breve, il tubo flessibile per aspirapolvere Kirby da 2 metri \u00e8 un accessorio indispensabile per chiunque desideri la massima flessibilit\u00e0, durata e potenza di pulizia.<\/p>\n<\/div>\n<\/div>\n<\/div>\n<\/div>\n<\/div>\n<\/div>\n","protected":false},"excerpt":{"rendered":"<p>Il tubo aspirapolvere Kirby da 2 metri \u00e8 un tubo universale e flessibile con fissaggio completo per una potenza di aspirazione ottimale. Adatto a quasi tutti gli aspirapolvere Kirby e facile da montare.<\/p>\n[trustindex data-widget-id=de4365f24f22281a6b165ed75b0]\n<h3><span style=\"color: #008000;\"><br \/>\nIn magazzino<\/span><\/h3>\n[av_font_icon icon='ue812' font='entypo-fontello' style='' caption='' size='25px' position='left' color='#43ad66' link='' linktarget='' title_attr='' sonar_effect_effect='' sonar_effect_color='' sonar_effect_duration='1' sonar_effect_scale='' sonar_effect_opac='0.5' animation='' id='' custom_class='' template_class='' av_uid='' sc_version='1.0' admin_preview_bg=''][\/av_font_icon]\n<p><span style=\"color: #008000;\">Ordinato prima della 23:59, spedito domani<\/span><\/p>\n<p>&nbsp;<\/p>\n","protected":false},"featured_media":8598,"comment_status":"open","ping_status":"closed","template":"","meta":{"_acf_changed":false},"product_brand":[],"product_cat":[321],"product_tag":[],"class_list":{"0":"post-10616","1":"product","2":"type-product","3":"status-publish","4":"has-post-thumbnail","6":"product_cat-kirby-tubo-accessori","7":"product_shipping_class-klein-it","9":"first","10":"instock","11":"taxable","12":"shipping-taxable","13":"purchasable","14":"product-type-variable"},"acf":[],"yoast_head":"<!-- This site is optimized with the Yoast SEO Premium plugin v27.1 (Yoast SEO v27.4) - https:\/\/yoast.com\/product\/yoast-seo-premium-wordpress\/ -->\n<title>Kirby Tubo aspirapolvere 2mt completo e universale<\/title>\n<meta name=\"description\" content=\"Tubo flessibile universale per aspirapolvere Kirby da 2mt con fissaggio anteriore e posteriore. Flessibile, resistente e adatto a tutti i modelli Kirby.\" \/>\n<meta name=\"robots\" content=\"index, follow, max-snippet:-1, max-image-preview:large, max-video-preview:-1\" \/>\n<link rel=\"canonical\" href=\"https:\/\/www.veltec.eu\/it\/product\/kirby-tubo-aspirapolvere-2mt-nl3167\/\" \/>\n<meta property=\"og:locale\" content=\"it_IT\" \/>\n<meta property=\"og:type\" content=\"article\" \/>\n<meta property=\"og:title\" content=\"Kirby Tubo aspirapolvere 2mt\" \/>\n<meta property=\"og:description\" content=\"Il tubo aspirapolvere Kirby da 2 metri \u00e8 un tubo universale e flessibile con fissaggio completo per una potenza di aspirazione ottimale. Adatto a quasi tutti gli aspirapolvere Kirby e facile da montare.    In magazzino   Ordinato prima della 23:59, spedito domani  &nbsp;\" \/>\n<meta property=\"og:url\" content=\"https:\/\/www.veltec.eu\/it\/product\/kirby-tubo-aspirapolvere-2mt-nl3167\/\" \/>\n<meta property=\"og:site_name\" content=\"Veltec Kirby specialist\" \/>\n<meta property=\"article:publisher\" content=\"https:\/\/www.facebook.com\/Veltec-Kirby-Specialist-236746293374877\/\" \/>\n<meta property=\"article:modified_time\" content=\"2026-03-02T05:56:53+00:00\" \/>\n<meta property=\"og:image\" content=\"https:\/\/www.veltec.eu\/wp-content\/uploads\/2018\/10\/slang_2mtr_1.jpg\" \/>\n\t<meta property=\"og:image:width\" content=\"300\" \/>\n\t<meta property=\"og:image:height\" content=\"300\" \/>\n\t<meta property=\"og:image:type\" content=\"image\/jpeg\" \/>\n<meta name=\"twitter:card\" content=\"summary_large_image\" \/>\n<meta name=\"twitter:label1\" content=\"Tempo di lettura stimato\" \/>\n\t<meta name=\"twitter:data1\" content=\"3 minuti\" \/>\n<script type=\"application\/ld+json\" class=\"yoast-schema-graph\">{\"@context\":\"https:\\\/\\\/schema.org\",\"@graph\":[{\"@type\":\"WebPage\",\"@id\":\"https:\\\/\\\/www.veltec.eu\\\/it\\\/product\\\/kirby-tubo-aspirapolvere-2mt-nl3167\\\/\",\"url\":\"https:\\\/\\\/www.veltec.eu\\\/it\\\/product\\\/kirby-tubo-aspirapolvere-2mt-nl3167\\\/\",\"name\":\"Kirby Tubo aspirapolvere 2mt completo e universale\",\"isPartOf\":{\"@id\":\"https:\\\/\\\/www.veltec.eu\\\/en\\\/#website\"},\"primaryImageOfPage\":{\"@id\":\"https:\\\/\\\/www.veltec.eu\\\/it\\\/product\\\/kirby-tubo-aspirapolvere-2mt-nl3167\\\/#primaryimage\"},\"image\":{\"@id\":\"https:\\\/\\\/www.veltec.eu\\\/it\\\/product\\\/kirby-tubo-aspirapolvere-2mt-nl3167\\\/#primaryimage\"},\"thumbnailUrl\":\"https:\\\/\\\/www.veltec.eu\\\/wp-content\\\/uploads\\\/2018\\\/10\\\/slang_2mtr_1.jpg\",\"datePublished\":\"2018-10-26T11:48:17+00:00\",\"dateModified\":\"2026-03-02T05:56:53+00:00\",\"description\":\"Tubo flessibile universale per aspirapolvere Kirby da 2mt con fissaggio anteriore e posteriore. Flessibile, resistente e adatto a tutti i modelli Kirby.\",\"breadcrumb\":{\"@id\":\"https:\\\/\\\/www.veltec.eu\\\/it\\\/product\\\/kirby-tubo-aspirapolvere-2mt-nl3167\\\/#breadcrumb\"},\"inLanguage\":\"it-IT\",\"potentialAction\":[{\"@type\":\"ReadAction\",\"target\":[\"https:\\\/\\\/www.veltec.eu\\\/it\\\/product\\\/kirby-tubo-aspirapolvere-2mt-nl3167\\\/\"]}]},{\"@type\":\"ImageObject\",\"inLanguage\":\"it-IT\",\"@id\":\"https:\\\/\\\/www.veltec.eu\\\/it\\\/product\\\/kirby-tubo-aspirapolvere-2mt-nl3167\\\/#primaryimage\",\"url\":\"https:\\\/\\\/www.veltec.eu\\\/wp-content\\\/uploads\\\/2018\\\/10\\\/slang_2mtr_1.jpg\",\"contentUrl\":\"https:\\\/\\\/www.veltec.eu\\\/wp-content\\\/uploads\\\/2018\\\/10\\\/slang_2mtr_1.jpg\",\"width\":300,\"height\":300,\"caption\":\"Kirby stofzuigerslang 2 meter\"},{\"@type\":\"BreadcrumbList\",\"@id\":\"https:\\\/\\\/www.veltec.eu\\\/it\\\/product\\\/kirby-tubo-aspirapolvere-2mt-nl3167\\\/#breadcrumb\",\"itemListElement\":[{\"@type\":\"ListItem\",\"position\":1,\"name\":\"Home\",\"item\":\"https:\\\/\\\/www.veltec.eu\\\/it\\\/\"},{\"@type\":\"ListItem\",\"position\":2,\"name\":\"Kirby Shop\",\"item\":\"https:\\\/\\\/www.veltec.eu\\\/nl\\\/shop-page\\\/\"},{\"@type\":\"ListItem\",\"position\":3,\"name\":\"Kirby Tubo aspirapolvere 2mt\"}]},{\"@type\":\"WebSite\",\"@id\":\"https:\\\/\\\/www.veltec.eu\\\/en\\\/#website\",\"url\":\"https:\\\/\\\/www.veltec.eu\\\/en\\\/\",\"name\":\"Veltec Kirby specialist\",\"description\":\"Kirby stofzuiger producten\",\"publisher\":{\"@id\":\"https:\\\/\\\/www.veltec.eu\\\/en\\\/#organization\"},\"potentialAction\":[{\"@type\":\"SearchAction\",\"target\":{\"@type\":\"EntryPoint\",\"urlTemplate\":\"https:\\\/\\\/www.veltec.eu\\\/en\\\/?s={search_term_string}\"},\"query-input\":{\"@type\":\"PropertyValueSpecification\",\"valueRequired\":true,\"valueName\":\"search_term_string\"}}],\"inLanguage\":\"it-IT\"},{\"@type\":\"Organization\",\"@id\":\"https:\\\/\\\/www.veltec.eu\\\/en\\\/#organization\",\"name\":\"Veltec Kirby Specialist\",\"url\":\"https:\\\/\\\/www.veltec.eu\\\/en\\\/\",\"logo\":{\"@type\":\"ImageObject\",\"inLanguage\":\"it-IT\",\"@id\":\"https:\\\/\\\/www.veltec.eu\\\/en\\\/#\\\/schema\\\/logo\\\/image\\\/\",\"url\":\"https:\\\/\\\/www.veltec.eu\\\/wp-content\\\/uploads\\\/2021\\\/12\\\/Veltec-log-groot-e1537260889125.png\",\"contentUrl\":\"https:\\\/\\\/www.veltec.eu\\\/wp-content\\\/uploads\\\/2021\\\/12\\\/Veltec-log-groot-e1537260889125.png\",\"width\":200,\"height\":60,\"caption\":\"Veltec Kirby Specialist\"},\"image\":{\"@id\":\"https:\\\/\\\/www.veltec.eu\\\/en\\\/#\\\/schema\\\/logo\\\/image\\\/\"},\"sameAs\":[\"https:\\\/\\\/www.facebook.com\\\/Veltec-Kirby-Specialist-236746293374877\\\/\",\"https:\\\/\\\/www.youtube.com\\\/user\\\/VeltecService\"]}]}<\/script>\n<!-- \/ Yoast SEO Premium plugin. -->","yoast_head_json":{"title":"Kirby Tubo aspirapolvere 2mt completo e universale","description":"Tubo flessibile universale per aspirapolvere Kirby da 2mt con fissaggio anteriore e posteriore. Flessibile, resistente e adatto a tutti i modelli Kirby.","robots":{"index":"index","follow":"follow","max-snippet":"max-snippet:-1","max-image-preview":"max-image-preview:large","max-video-preview":"max-video-preview:-1"},"canonical":"https:\/\/www.veltec.eu\/it\/product\/kirby-tubo-aspirapolvere-2mt-nl3167\/","og_locale":"it_IT","og_type":"article","og_title":"Kirby Tubo aspirapolvere 2mt","og_description":"Il tubo aspirapolvere Kirby da 2 metri \u00e8 un tubo universale e flessibile con fissaggio completo per una potenza di aspirazione ottimale. Adatto a quasi tutti gli aspirapolvere Kirby e facile da montare.    In magazzino   Ordinato prima della 23:59, spedito domani  &nbsp;","og_url":"https:\/\/www.veltec.eu\/it\/product\/kirby-tubo-aspirapolvere-2mt-nl3167\/","og_site_name":"Veltec Kirby specialist","article_publisher":"https:\/\/www.facebook.com\/Veltec-Kirby-Specialist-236746293374877\/","article_modified_time":"2026-03-02T05:56:53+00:00","og_image":[{"width":300,"height":300,"url":"https:\/\/www.veltec.eu\/wp-content\/uploads\/2018\/10\/slang_2mtr_1.jpg","type":"image\/jpeg"}],"twitter_card":"summary_large_image","twitter_misc":{"Tempo di lettura stimato":"3 minuti"},"schema":{"@context":"https:\/\/schema.org","@graph":[{"@type":"WebPage","@id":"https:\/\/www.veltec.eu\/it\/product\/kirby-tubo-aspirapolvere-2mt-nl3167\/","url":"https:\/\/www.veltec.eu\/it\/product\/kirby-tubo-aspirapolvere-2mt-nl3167\/","name":"Kirby Tubo aspirapolvere 2mt completo e universale","isPartOf":{"@id":"https:\/\/www.veltec.eu\/en\/#website"},"primaryImageOfPage":{"@id":"https:\/\/www.veltec.eu\/it\/product\/kirby-tubo-aspirapolvere-2mt-nl3167\/#primaryimage"},"image":{"@id":"https:\/\/www.veltec.eu\/it\/product\/kirby-tubo-aspirapolvere-2mt-nl3167\/#primaryimage"},"thumbnailUrl":"https:\/\/www.veltec.eu\/wp-content\/uploads\/2018\/10\/slang_2mtr_1.jpg","datePublished":"2018-10-26T11:48:17+00:00","dateModified":"2026-03-02T05:56:53+00:00","description":"Tubo flessibile universale per aspirapolvere Kirby da 2mt con fissaggio anteriore e posteriore. Flessibile, resistente e adatto a tutti i modelli Kirby.","breadcrumb":{"@id":"https:\/\/www.veltec.eu\/it\/product\/kirby-tubo-aspirapolvere-2mt-nl3167\/#breadcrumb"},"inLanguage":"it-IT","potentialAction":[{"@type":"ReadAction","target":["https:\/\/www.veltec.eu\/it\/product\/kirby-tubo-aspirapolvere-2mt-nl3167\/"]}]},{"@type":"ImageObject","inLanguage":"it-IT","@id":"https:\/\/www.veltec.eu\/it\/product\/kirby-tubo-aspirapolvere-2mt-nl3167\/#primaryimage","url":"https:\/\/www.veltec.eu\/wp-content\/uploads\/2018\/10\/slang_2mtr_1.jpg","contentUrl":"https:\/\/www.veltec.eu\/wp-content\/uploads\/2018\/10\/slang_2mtr_1.jpg","width":300,"height":300,"caption":"Kirby stofzuigerslang 2 meter"},{"@type":"BreadcrumbList","@id":"https:\/\/www.veltec.eu\/it\/product\/kirby-tubo-aspirapolvere-2mt-nl3167\/#breadcrumb","itemListElement":[{"@type":"ListItem","position":1,"name":"Home","item":"https:\/\/www.veltec.eu\/it\/"},{"@type":"ListItem","position":2,"name":"Kirby Shop","item":"https:\/\/www.veltec.eu\/nl\/shop-page\/"},{"@type":"ListItem","position":3,"name":"Kirby Tubo aspirapolvere 2mt"}]},{"@type":"WebSite","@id":"https:\/\/www.veltec.eu\/en\/#website","url":"https:\/\/www.veltec.eu\/en\/","name":"Veltec Kirby specialist","description":"Kirby stofzuiger producten","publisher":{"@id":"https:\/\/www.veltec.eu\/en\/#organization"},"potentialAction":[{"@type":"SearchAction","target":{"@type":"EntryPoint","urlTemplate":"https:\/\/www.veltec.eu\/en\/?s={search_term_string}"},"query-input":{"@type":"PropertyValueSpecification","valueRequired":true,"valueName":"search_term_string"}}],"inLanguage":"it-IT"},{"@type":"Organization","@id":"https:\/\/www.veltec.eu\/en\/#organization","name":"Veltec Kirby Specialist","url":"https:\/\/www.veltec.eu\/en\/","logo":{"@type":"ImageObject","inLanguage":"it-IT","@id":"https:\/\/www.veltec.eu\/en\/#\/schema\/logo\/image\/","url":"https:\/\/www.veltec.eu\/wp-content\/uploads\/2021\/12\/Veltec-log-groot-e1537260889125.png","contentUrl":"https:\/\/www.veltec.eu\/wp-content\/uploads\/2021\/12\/Veltec-log-groot-e1537260889125.png","width":200,"height":60,"caption":"Veltec Kirby Specialist"},"image":{"@id":"https:\/\/www.veltec.eu\/en\/#\/schema\/logo\/image\/"},"sameAs":["https:\/\/www.facebook.com\/Veltec-Kirby-Specialist-236746293374877\/","https:\/\/www.youtube.com\/user\/VeltecService"]}]}},"_links":{"self":[{"href":"https:\/\/www.veltec.eu\/it\/wp-json\/wp\/v2\/product\/10616","targetHints":{"allow":["GET"]}}],"collection":[{"href":"https:\/\/www.veltec.eu\/it\/wp-json\/wp\/v2\/product"}],"about":[{"href":"https:\/\/www.veltec.eu\/it\/wp-json\/wp\/v2\/types\/product"}],"replies":[{"embeddable":true,"href":"https:\/\/www.veltec.eu\/it\/wp-json\/wp\/v2\/comments?post=10616"}],"wp:featuredmedia":[{"embeddable":true,"href":"https:\/\/www.veltec.eu\/it\/wp-json\/wp\/v2\/media\/8598"}],"wp:attachment":[{"href":"https:\/\/www.veltec.eu\/it\/wp-json\/wp\/v2\/media?parent=10616"}],"wp:term":[{"taxonomy":"product_brand","embeddable":true,"href":"https:\/\/www.veltec.eu\/it\/wp-json\/wp\/v2\/product_brand?post=10616"},{"taxonomy":"product_cat","embeddable":true,"href":"https:\/\/www.veltec.eu\/it\/wp-json\/wp\/v2\/product_cat?post=10616"},{"taxonomy":"product_tag","embeddable":true,"href":"https:\/\/www.veltec.eu\/it\/wp-json\/wp\/v2\/product_tag?post=10616"}],"curies":[{"name":"wp","href":"https:\/\/api.w.org\/{rel}","templated":true}]}}